{"id":130134,"date":"2024-07-05T08:15:50","date_gmt":"2024-07-05T08:15:50","guid":{"rendered":"https:\/\/www.iplay.com\/games\/myth-or-reality-snowbound-secrets-collectors-edition\/"},"modified":"2024-07-05T08:15:50","modified_gmt":"2024-07-05T08:15:50","slug":"myth-or-reality-snowbound-secrets-collectors-edition","status":"publish","type":"product","link":"https:\/\/www.iplay.com\/de\/games\/myth-or-reality-snowbound-secrets-collectors-edition\/","title":{"rendered":"Myth or Reality: Snowbound Secrets Collector&#8217;s Edition"},"content":{"rendered":"<p>Als unerschrockener Erforscher von Mythen, Herausforderer von Vorurteilen und Besch\u00fctzer der Ordnung kann dir kein Geist oder Monster entkommen! Die Stadt Blue Roche ist in ein Geheimnis verwickelt: seltsame Fu\u00dfabdr\u00fccke, Augenzeugenberichte von monstr\u00f6sen Sichtungen und eine Aura des Unbekannten. Es liegt an Ihnen, diese R\u00e4tsel zu entr\u00e4tseln. Unter den eiskalten Schnee- und Eisschichten wartet etwas&#8230; Aber was ist seine Natur? Ist es gef\u00e4hrlich, gefr\u00e4\u00dfig oder vielleicht unerwartet gutartig? Vorsicht ist geboten, denn jedes neue Abenteuer birgt unvorhersehbare Ergebnisse. Angst tr\u00fcbt oft das Urteilsverm\u00f6gen, und es ist deine Aufgabe, die Wahrheit hinter den \u00c4ngsten in dieser malerischen kanadischen Stadt zu erkennen. Bleiben Sie wachsam \u2013 wachsame Augen k\u00f6nnten von den H\u00fcgeln aus sp\u00e4hen!       <\/p>\n<p>&nbsp;<\/p>\n<p><strong>Funktionen der Collector&#8217;s Edition:<\/strong><\/p>\n<ul>\n<li>Wenn du das Spiel abschlie\u00dft, schaltest du ein exklusives Bonuskapitel frei, das deine Reise verl\u00e4ngert.<\/li>\n<li>Entdecke und sammle eine F\u00fclle von zus\u00e4tzlichen Gegenst\u00e4nden, die f\u00fcr den Kauf von Spielverbesserungen n\u00fctzlich sind.<\/li>\n<li>Genie\u00dfe die M\u00f6glichkeit, deine Lieblings-Minispiele jederzeit erneut zu spielen.<\/li>\n<li>Greifen Sie auf eine kuratierte Sammlung herunterladbarer Hintergrundbilder, einen Musikplayer, fesselnde Konzeptkunst und vieles mehr zu, um Ihr Erlebnis zu bereichern.<\/li>\n<\/ul>\n","protected":false},"excerpt":{"rendered":"<p>Entdecke Mythen, breche Vorurteile und sorge als Entdecker f\u00fcr Ordnung in <strong>Myth or Reality &#8211; Snowbound Secrets Collector&#8217;s Edition<\/strong><\/p>\n","protected":false},"author":52,"featured_media":113627,"comment_status":"open","ping_status":"closed","template":"","meta":{"_acf_changed":false,"inline_featured_image":false},"product_brand":[],"product_cat":[149,164],"product_tag":[289],"class_list":{"0":"post-130134","1":"product","2":"type-product","3":"status-publish","4":"has-post-thumbnail","6":"product_cat-adventure-de","7":"product_cat-hidden-object-de","8":"product_tag-play-on-pc-de","10":"first","11":"instock","12":"shipping-taxable","13":"purchasable","14":"product-type-simple"},"acf":[],"yoast_head":"<!-- This site is optimized with the Yoast SEO Premium plugin v25.2 (Yoast SEO v25.2) - https:\/\/yoast.com\/wordpress\/plugins\/seo\/ -->\n<title>Mythos oder Realit\u00e4t: Snowbound Secrets Sammleredition<\/title>\n<meta name=\"description\" content=\"Entdecke Mythen, breche Vorurteile und sorge als Entdecker f\u00fcr Ordnung in Myth or Reality - Snowbound Secrets Collector&#039;s Edition\" \/>\n<meta name=\"robots\" content=\"index, follow, max-snippet:-1, max-image-preview:large, max-video-preview:-1\" \/>\n<link rel=\"canonical\" href=\"https:\/\/www.iplay.com\/de\/games\/myth-or-reality-snowbound-secrets-collectors-edition\/\" \/>\n<meta property=\"og:locale\" content=\"de_DE\" \/>\n<meta property=\"og:type\" content=\"article\" \/>\n<meta property=\"og:title\" content=\"Myth or Reality: Snowbound Secrets Collector&#039;s Edition\" \/>\n<meta property=\"og:description\" content=\"Entdecke Mythen, breche Vorurteile und sorge als Entdecker f\u00fcr Ordnung in Myth or Reality - Snowbound Secrets Collector&#039;s Edition\" \/>\n<meta property=\"og:url\" content=\"https:\/\/www.iplay.com\/de\/games\/myth-or-reality-snowbound-secrets-collectors-edition\/\" \/>\n<meta property=\"og:site_name\" content=\"IPlay\" \/>\n<meta property=\"og:image\" content=\"https:\/\/www.iplay.com\/wp-content\/uploads\/2024\/07\/Myth-or-Reality-Snowbound-Secrets-CE_large_square_tile_image.webp\" \/>\n\t<meta property=\"og:image:width\" content=\"715\" \/>\n\t<meta property=\"og:image:height\" content=\"485\" \/>\n\t<meta property=\"og:image:type\" content=\"image\/webp\" \/>\n<meta name=\"twitter:card\" content=\"summary_large_image\" \/>\n<meta name=\"twitter:label1\" content=\"Gesch\u00e4tzte Lesezeit\" \/>\n\t<meta name=\"twitter:data1\" content=\"1 Minute\" \/>\n<script type=\"application\/ld+json\" class=\"yoast-schema-graph\">{\"@context\":\"https:\/\/schema.org\",\"@graph\":[{\"@type\":\"WebPage\",\"@id\":\"https:\/\/www.iplay.com\/de\/games\/myth-or-reality-snowbound-secrets-collectors-edition\/\",\"url\":\"https:\/\/www.iplay.com\/de\/games\/myth-or-reality-snowbound-secrets-collectors-edition\/\",\"name\":\"Mythos oder Realit\u00e4t: Snowbound Secrets Sammleredition\",\"isPartOf\":{\"@id\":\"https:\/\/www.iplay.com\/en\/#website\"},\"primaryImageOfPage\":{\"@id\":\"https:\/\/www.iplay.com\/de\/games\/myth-or-reality-snowbound-secrets-collectors-edition\/#primaryimage\"},\"image\":{\"@id\":\"https:\/\/www.iplay.com\/de\/games\/myth-or-reality-snowbound-secrets-collectors-edition\/#primaryimage\"},\"thumbnailUrl\":\"https:\/\/www.iplay.com\/wp-content\/uploads\/2024\/07\/Myth-or-Reality-Snowbound-Secrets-CE_large_square_tile_image.webp\",\"datePublished\":\"2024-07-05T08:15:50+00:00\",\"description\":\"Entdecke Mythen, breche Vorurteile und sorge als Entdecker f\u00fcr Ordnung in Myth or Reality - Snowbound Secrets Collector's Edition\",\"breadcrumb\":{\"@id\":\"https:\/\/www.iplay.com\/de\/games\/myth-or-reality-snowbound-secrets-collectors-edition\/#breadcrumb\"},\"inLanguage\":\"de-DE\",\"potentialAction\":[{\"@type\":\"ReadAction\",\"target\":[\"https:\/\/www.iplay.com\/de\/games\/myth-or-reality-snowbound-secrets-collectors-edition\/\"]}]},{\"@type\":\"ImageObject\",\"inLanguage\":\"de-DE\",\"@id\":\"https:\/\/www.iplay.com\/de\/games\/myth-or-reality-snowbound-secrets-collectors-edition\/#primaryimage\",\"url\":\"https:\/\/www.iplay.com\/wp-content\/uploads\/2024\/07\/Myth-or-Reality-Snowbound-Secrets-CE_large_square_tile_image.webp\",\"contentUrl\":\"https:\/\/www.iplay.com\/wp-content\/uploads\/2024\/07\/Myth-or-Reality-Snowbound-Secrets-CE_large_square_tile_image.webp\",\"width\":715,\"height\":485},{\"@type\":\"BreadcrumbList\",\"@id\":\"https:\/\/www.iplay.com\/de\/games\/myth-or-reality-snowbound-secrets-collectors-edition\/#breadcrumb\",\"itemListElement\":[{\"@type\":\"ListItem\",\"position\":1,\"name\":\"Home\",\"item\":\"https:\/\/www.iplay.com\/de\/home-page-2\/\"},{\"@type\":\"ListItem\",\"position\":2,\"name\":\"Shop\",\"item\":\"https:\/\/www.iplay.com\/en\/shop\/\"},{\"@type\":\"ListItem\",\"position\":3,\"name\":\"Myth or Reality: Snowbound Secrets Collector&#8217;s Edition\"}]},{\"@type\":\"WebSite\",\"@id\":\"https:\/\/www.iplay.com\/en\/#website\",\"url\":\"https:\/\/www.iplay.com\/en\/\",\"name\":\"IPlay\",\"description\":\"The Best Casual Games!\",\"publisher\":{\"@id\":\"https:\/\/www.iplay.com\/en\/#organization\"},\"potentialAction\":[{\"@type\":\"SearchAction\",\"target\":{\"@type\":\"EntryPoint\",\"urlTemplate\":\"https:\/\/www.iplay.com\/en\/?s={search_term_string}\"},\"query-input\":{\"@type\":\"PropertyValueSpecification\",\"valueRequired\":true,\"valueName\":\"search_term_string\"}}],\"inLanguage\":\"de-DE\"},{\"@type\":\"Organization\",\"@id\":\"https:\/\/www.iplay.com\/en\/#organization\",\"name\":\"IPlay\",\"url\":\"https:\/\/www.iplay.com\/en\/\",\"logo\":{\"@type\":\"ImageObject\",\"inLanguage\":\"de-DE\",\"@id\":\"https:\/\/www.iplay.com\/en\/#\/schema\/logo\/image\/\",\"url\":\"https:\/\/www.iplay.com\/wp-content\/uploads\/2023\/11\/Group-6100.svg\",\"contentUrl\":\"https:\/\/www.iplay.com\/wp-content\/uploads\/2023\/11\/Group-6100.svg\",\"width\":98,\"height\":25,\"caption\":\"IPlay\"},\"image\":{\"@id\":\"https:\/\/www.iplay.com\/en\/#\/schema\/logo\/image\/\"}}]}<\/script>\n<!-- \/ Yoast SEO Premium plugin. -->","yoast_head_json":{"title":"Mythos oder Realit\u00e4t: Snowbound Secrets Sammleredition","description":"Entdecke Mythen, breche Vorurteile und sorge als Entdecker f\u00fcr Ordnung in Myth or Reality - Snowbound Secrets Collector's Edition","robots":{"index":"index","follow":"follow","max-snippet":"max-snippet:-1","max-image-preview":"max-image-preview:large","max-video-preview":"max-video-preview:-1"},"canonical":"https:\/\/www.iplay.com\/de\/games\/myth-or-reality-snowbound-secrets-collectors-edition\/","og_locale":"de_DE","og_type":"article","og_title":"Myth or Reality: Snowbound Secrets Collector's Edition","og_description":"Entdecke Mythen, breche Vorurteile und sorge als Entdecker f\u00fcr Ordnung in Myth or Reality - Snowbound Secrets Collector's Edition","og_url":"https:\/\/www.iplay.com\/de\/games\/myth-or-reality-snowbound-secrets-collectors-edition\/","og_site_name":"IPlay","og_image":[{"width":715,"height":485,"url":"https:\/\/www.iplay.com\/wp-content\/uploads\/2024\/07\/Myth-or-Reality-Snowbound-Secrets-CE_large_square_tile_image.webp","type":"image\/webp"}],"twitter_card":"summary_large_image","twitter_misc":{"Gesch\u00e4tzte Lesezeit":"1 Minute"},"schema":{"@context":"https:\/\/schema.org","@graph":[{"@type":"WebPage","@id":"https:\/\/www.iplay.com\/de\/games\/myth-or-reality-snowbound-secrets-collectors-edition\/","url":"https:\/\/www.iplay.com\/de\/games\/myth-or-reality-snowbound-secrets-collectors-edition\/","name":"Mythos oder Realit\u00e4t: Snowbound Secrets Sammleredition","isPartOf":{"@id":"https:\/\/www.iplay.com\/en\/#website"},"primaryImageOfPage":{"@id":"https:\/\/www.iplay.com\/de\/games\/myth-or-reality-snowbound-secrets-collectors-edition\/#primaryimage"},"image":{"@id":"https:\/\/www.iplay.com\/de\/games\/myth-or-reality-snowbound-secrets-collectors-edition\/#primaryimage"},"thumbnailUrl":"https:\/\/www.iplay.com\/wp-content\/uploads\/2024\/07\/Myth-or-Reality-Snowbound-Secrets-CE_large_square_tile_image.webp","datePublished":"2024-07-05T08:15:50+00:00","description":"Entdecke Mythen, breche Vorurteile und sorge als Entdecker f\u00fcr Ordnung in Myth or Reality - Snowbound Secrets Collector's Edition","breadcrumb":{"@id":"https:\/\/www.iplay.com\/de\/games\/myth-or-reality-snowbound-secrets-collectors-edition\/#breadcrumb"},"inLanguage":"de-DE","potentialAction":[{"@type":"ReadAction","target":["https:\/\/www.iplay.com\/de\/games\/myth-or-reality-snowbound-secrets-collectors-edition\/"]}]},{"@type":"ImageObject","inLanguage":"de-DE","@id":"https:\/\/www.iplay.com\/de\/games\/myth-or-reality-snowbound-secrets-collectors-edition\/#primaryimage","url":"https:\/\/www.iplay.com\/wp-content\/uploads\/2024\/07\/Myth-or-Reality-Snowbound-Secrets-CE_large_square_tile_image.webp","contentUrl":"https:\/\/www.iplay.com\/wp-content\/uploads\/2024\/07\/Myth-or-Reality-Snowbound-Secrets-CE_large_square_tile_image.webp","width":715,"height":485},{"@type":"BreadcrumbList","@id":"https:\/\/www.iplay.com\/de\/games\/myth-or-reality-snowbound-secrets-collectors-edition\/#breadcrumb","itemListElement":[{"@type":"ListItem","position":1,"name":"Home","item":"https:\/\/www.iplay.com\/de\/home-page-2\/"},{"@type":"ListItem","position":2,"name":"Shop","item":"https:\/\/www.iplay.com\/en\/shop\/"},{"@type":"ListItem","position":3,"name":"Myth or Reality: Snowbound Secrets Collector&#8217;s Edition"}]},{"@type":"WebSite","@id":"https:\/\/www.iplay.com\/en\/#website","url":"https:\/\/www.iplay.com\/en\/","name":"IPlay","description":"The Best Casual Games!","publisher":{"@id":"https:\/\/www.iplay.com\/en\/#organization"},"potentialAction":[{"@type":"SearchAction","target":{"@type":"EntryPoint","urlTemplate":"https:\/\/www.iplay.com\/en\/?s={search_term_string}"},"query-input":{"@type":"PropertyValueSpecification","valueRequired":true,"valueName":"search_term_string"}}],"inLanguage":"de-DE"},{"@type":"Organization","@id":"https:\/\/www.iplay.com\/en\/#organization","name":"IPlay","url":"https:\/\/www.iplay.com\/en\/","logo":{"@type":"ImageObject","inLanguage":"de-DE","@id":"https:\/\/www.iplay.com\/en\/#\/schema\/logo\/image\/","url":"https:\/\/www.iplay.com\/wp-content\/uploads\/2023\/11\/Group-6100.svg","contentUrl":"https:\/\/www.iplay.com\/wp-content\/uploads\/2023\/11\/Group-6100.svg","width":98,"height":25,"caption":"IPlay"},"image":{"@id":"https:\/\/www.iplay.com\/en\/#\/schema\/logo\/image\/"}}]}},"_links":{"self":[{"href":"https:\/\/www.iplay.com\/de\/wp-json\/wp\/v2\/product\/130134","targetHints":{"allow":["GET"]}}],"collection":[{"href":"https:\/\/www.iplay.com\/de\/wp-json\/wp\/v2\/product"}],"about":[{"href":"https:\/\/www.iplay.com\/de\/wp-json\/wp\/v2\/types\/product"}],"author":[{"embeddable":true,"href":"https:\/\/www.iplay.com\/de\/wp-json\/wp\/v2\/users\/52"}],"replies":[{"embeddable":true,"href":"https:\/\/www.iplay.com\/de\/wp-json\/wp\/v2\/comments?post=130134"}],"wp:featuredmedia":[{"embeddable":true,"href":"https:\/\/www.iplay.com\/de\/wp-json\/wp\/v2\/media\/113627"}],"wp:attachment":[{"href":"https:\/\/www.iplay.com\/de\/wp-json\/wp\/v2\/media?parent=130134"}],"wp:term":[{"taxonomy":"product_brand","embeddable":true,"href":"https:\/\/www.iplay.com\/de\/wp-json\/wp\/v2\/product_brand?post=130134"},{"taxonomy":"product_cat","embeddable":true,"href":"https:\/\/www.iplay.com\/de\/wp-json\/wp\/v2\/product_cat?post=130134"},{"taxonomy":"product_tag","embeddable":true,"href":"https:\/\/www.iplay.com\/de\/wp-json\/wp\/v2\/product_tag?post=130134"}],"curies":[{"name":"wp","href":"https:\/\/api.w.org\/{rel}","templated":true}]}}