{"id":130129,"date":"2024-07-05T08:00:29","date_gmt":"2024-07-05T08:00:29","guid":{"rendered":"https:\/\/www.iplay.com\/games\/sweet-home-look-and-find-2-collectors-edition\/"},"modified":"2024-07-05T08:00:29","modified_gmt":"2024-07-05T08:00:29","slug":"sweet-home-look-and-find-2-collectors-edition","status":"publish","type":"product","link":"https:\/\/www.iplay.com\/de\/games\/sweet-home-look-and-find-2-collectors-edition\/","title":{"rendered":"Sweet Home: Look and Find 2 Collector&#8217;s Edition"},"content":{"rendered":"<p>Machen Sie es sich bequem und machen Sie sich bereit f\u00fcr ein Abenteuer voller Objektsuche, R\u00e4tsel l\u00f6sen und Minispiel-Herausforderungen in diesem entz\u00fcckenden ersten Teil einer Serie, die wirklich zeigt, warum Zuhause dort ist, wo das Herz ist. Jedes herausfordernde Level f\u00fchrt dich auf aufregende Aktivit\u00e4ten: Begib dich auf eine Wanderung in der Natur, entspanne dich am Pool und z\u00fcnde den Grill im Garten an! Personalisieren Sie Ihren Raum, indem Sie aus einer Vielzahl von M\u00f6beln und Dekorationen w\u00e4hlen und so eine einzigartige und einladende Umgebung schaffen, die Sie nie wieder verlassen m\u00f6chten.  <\/p>\n<p>&nbsp;<\/p>\n<p><strong>Funktionen der Collector&#8217;s Edition:<\/strong><\/p>\n<ul>\n<li>Acht weitere Orte voller versteckter Objekte, die es zu entdecken gilt.<\/li>\n<li>Acht brandneue Minispiele, die herausfordernd und unterhaltsam sind.<\/li>\n<li>Zugriff auf acht zus\u00e4tzliche Minispiele, die aus fr\u00fcheren Abschnitten \u00fcberarbeitet wurden.<\/li>\n<li>Sch\u00f6ne Desktop-Hintergr\u00fcnde, um einen Hauch des Spiels auf Ihren Bildschirm zu bringen.<\/li>\n<li>Die Apartments verf\u00fcgen \u00fcber eine vielf\u00e4ltige Inneneinrichtung, die eine endlose Individualisierung erm\u00f6glicht.<\/li>\n<\/ul>\n","protected":false},"excerpt":{"rendered":"<p>Genie\u00dfe eine ruhige Atmosph\u00e4re, w\u00e4hrend du mit <strong>Sweet Home &#8211; Look and Find 2 Collector&#8217;s Edition nach versteckten Gegenst\u00e4nden<\/strong> suchst<\/p>\n","protected":false},"author":130,"featured_media":113607,"comment_status":"open","ping_status":"closed","template":"","meta":{"_acf_changed":false,"inline_featured_image":false},"product_brand":[],"product_cat":[164],"product_tag":[289],"class_list":{"0":"post-130129","1":"product","2":"type-product","3":"status-publish","4":"has-post-thumbnail","6":"product_cat-hidden-object-de","7":"product_tag-play-on-pc-de","9":"first","10":"instock","11":"shipping-taxable","12":"purchasable","13":"product-type-simple"},"acf":[],"yoast_head":"<!-- This site is optimized with the Yoast SEO Premium plugin v25.2 (Yoast SEO v25.2) - https:\/\/yoast.com\/wordpress\/plugins\/seo\/ -->\n<title>Sweet Home: Schauen und Finden 2 Sammleredition<\/title>\n<meta name=\"description\" content=\"Genie\u00dfe eine ruhige Atmosph\u00e4re, w\u00e4hrend du mit Sweet Home - Look and Find 2 Collector&#039;s Edition nach versteckten Gegenst\u00e4nden suchst\" \/>\n<meta name=\"robots\" content=\"index, follow, max-snippet:-1, max-image-preview:large, max-video-preview:-1\" \/>\n<link rel=\"canonical\" href=\"https:\/\/www.iplay.com\/de\/games\/sweet-home-look-and-find-2-collectors-edition\/\" \/>\n<meta property=\"og:locale\" content=\"de_DE\" \/>\n<meta property=\"og:type\" content=\"article\" \/>\n<meta property=\"og:title\" content=\"Sweet Home: Look and Find 2 Collector&#039;s Edition\" \/>\n<meta property=\"og:description\" content=\"Genie\u00dfe eine ruhige Atmosph\u00e4re, w\u00e4hrend du mit Sweet Home - Look and Find 2 Collector&#039;s Edition nach versteckten Gegenst\u00e4nden suchst\" \/>\n<meta property=\"og:url\" content=\"https:\/\/www.iplay.com\/de\/games\/sweet-home-look-and-find-2-collectors-edition\/\" \/>\n<meta property=\"og:site_name\" content=\"IPlay\" \/>\n<meta property=\"og:image\" content=\"https:\/\/www.iplay.com\/wp-content\/uploads\/2024\/07\/Sweet-Home-Look-and-Find-2-CE_large_square_tile_image.webp\" \/>\n\t<meta property=\"og:image:width\" content=\"715\" \/>\n\t<meta property=\"og:image:height\" content=\"485\" \/>\n\t<meta property=\"og:image:type\" content=\"image\/webp\" \/>\n<meta name=\"twitter:card\" content=\"summary_large_image\" \/>\n<meta name=\"twitter:label1\" content=\"Gesch\u00e4tzte Lesezeit\" \/>\n\t<meta name=\"twitter:data1\" content=\"1 Minute\" \/>\n<script type=\"application\/ld+json\" class=\"yoast-schema-graph\">{\"@context\":\"https:\/\/schema.org\",\"@graph\":[{\"@type\":\"WebPage\",\"@id\":\"https:\/\/www.iplay.com\/de\/games\/sweet-home-look-and-find-2-collectors-edition\/\",\"url\":\"https:\/\/www.iplay.com\/de\/games\/sweet-home-look-and-find-2-collectors-edition\/\",\"name\":\"Sweet Home: Schauen und Finden 2 Sammleredition\",\"isPartOf\":{\"@id\":\"https:\/\/www.iplay.com\/en\/#website\"},\"primaryImageOfPage\":{\"@id\":\"https:\/\/www.iplay.com\/de\/games\/sweet-home-look-and-find-2-collectors-edition\/#primaryimage\"},\"image\":{\"@id\":\"https:\/\/www.iplay.com\/de\/games\/sweet-home-look-and-find-2-collectors-edition\/#primaryimage\"},\"thumbnailUrl\":\"https:\/\/www.iplay.com\/wp-content\/uploads\/2024\/07\/Sweet-Home-Look-and-Find-2-CE_large_square_tile_image.webp\",\"datePublished\":\"2024-07-05T08:00:29+00:00\",\"description\":\"Genie\u00dfe eine ruhige Atmosph\u00e4re, w\u00e4hrend du mit Sweet Home - Look and Find 2 Collector's Edition nach versteckten Gegenst\u00e4nden suchst\",\"breadcrumb\":{\"@id\":\"https:\/\/www.iplay.com\/de\/games\/sweet-home-look-and-find-2-collectors-edition\/#breadcrumb\"},\"inLanguage\":\"de-DE\",\"potentialAction\":[{\"@type\":\"ReadAction\",\"target\":[\"https:\/\/www.iplay.com\/de\/games\/sweet-home-look-and-find-2-collectors-edition\/\"]}]},{\"@type\":\"ImageObject\",\"inLanguage\":\"de-DE\",\"@id\":\"https:\/\/www.iplay.com\/de\/games\/sweet-home-look-and-find-2-collectors-edition\/#primaryimage\",\"url\":\"https:\/\/www.iplay.com\/wp-content\/uploads\/2024\/07\/Sweet-Home-Look-and-Find-2-CE_large_square_tile_image.webp\",\"contentUrl\":\"https:\/\/www.iplay.com\/wp-content\/uploads\/2024\/07\/Sweet-Home-Look-and-Find-2-CE_large_square_tile_image.webp\",\"width\":715,\"height\":485},{\"@type\":\"BreadcrumbList\",\"@id\":\"https:\/\/www.iplay.com\/de\/games\/sweet-home-look-and-find-2-collectors-edition\/#breadcrumb\",\"itemListElement\":[{\"@type\":\"ListItem\",\"position\":1,\"name\":\"Home\",\"item\":\"https:\/\/www.iplay.com\/de\/home-page-2\/\"},{\"@type\":\"ListItem\",\"position\":2,\"name\":\"Shop\",\"item\":\"https:\/\/www.iplay.com\/en\/shop\/\"},{\"@type\":\"ListItem\",\"position\":3,\"name\":\"Sweet Home: Look and Find 2 Collector&#8217;s Edition\"}]},{\"@type\":\"WebSite\",\"@id\":\"https:\/\/www.iplay.com\/en\/#website\",\"url\":\"https:\/\/www.iplay.com\/en\/\",\"name\":\"IPlay\",\"description\":\"The Best Casual Games!\",\"publisher\":{\"@id\":\"https:\/\/www.iplay.com\/en\/#organization\"},\"potentialAction\":[{\"@type\":\"SearchAction\",\"target\":{\"@type\":\"EntryPoint\",\"urlTemplate\":\"https:\/\/www.iplay.com\/en\/?s={search_term_string}\"},\"query-input\":{\"@type\":\"PropertyValueSpecification\",\"valueRequired\":true,\"valueName\":\"search_term_string\"}}],\"inLanguage\":\"de-DE\"},{\"@type\":\"Organization\",\"@id\":\"https:\/\/www.iplay.com\/en\/#organization\",\"name\":\"IPlay\",\"url\":\"https:\/\/www.iplay.com\/en\/\",\"logo\":{\"@type\":\"ImageObject\",\"inLanguage\":\"de-DE\",\"@id\":\"https:\/\/www.iplay.com\/en\/#\/schema\/logo\/image\/\",\"url\":\"https:\/\/www.iplay.com\/wp-content\/uploads\/2023\/11\/Group-6100.svg\",\"contentUrl\":\"https:\/\/www.iplay.com\/wp-content\/uploads\/2023\/11\/Group-6100.svg\",\"width\":98,\"height\":25,\"caption\":\"IPlay\"},\"image\":{\"@id\":\"https:\/\/www.iplay.com\/en\/#\/schema\/logo\/image\/\"}}]}<\/script>\n<!-- \/ Yoast SEO Premium plugin. -->","yoast_head_json":{"title":"Sweet Home: Schauen und Finden 2 Sammleredition","description":"Genie\u00dfe eine ruhige Atmosph\u00e4re, w\u00e4hrend du mit Sweet Home - Look and Find 2 Collector's Edition nach versteckten Gegenst\u00e4nden suchst","robots":{"index":"index","follow":"follow","max-snippet":"max-snippet:-1","max-image-preview":"max-image-preview:large","max-video-preview":"max-video-preview:-1"},"canonical":"https:\/\/www.iplay.com\/de\/games\/sweet-home-look-and-find-2-collectors-edition\/","og_locale":"de_DE","og_type":"article","og_title":"Sweet Home: Look and Find 2 Collector's Edition","og_description":"Genie\u00dfe eine ruhige Atmosph\u00e4re, w\u00e4hrend du mit Sweet Home - Look and Find 2 Collector's Edition nach versteckten Gegenst\u00e4nden suchst","og_url":"https:\/\/www.iplay.com\/de\/games\/sweet-home-look-and-find-2-collectors-edition\/","og_site_name":"IPlay","og_image":[{"width":715,"height":485,"url":"https:\/\/www.iplay.com\/wp-content\/uploads\/2024\/07\/Sweet-Home-Look-and-Find-2-CE_large_square_tile_image.webp","type":"image\/webp"}],"twitter_card":"summary_large_image","twitter_misc":{"Gesch\u00e4tzte Lesezeit":"1 Minute"},"schema":{"@context":"https:\/\/schema.org","@graph":[{"@type":"WebPage","@id":"https:\/\/www.iplay.com\/de\/games\/sweet-home-look-and-find-2-collectors-edition\/","url":"https:\/\/www.iplay.com\/de\/games\/sweet-home-look-and-find-2-collectors-edition\/","name":"Sweet Home: Schauen und Finden 2 Sammleredition","isPartOf":{"@id":"https:\/\/www.iplay.com\/en\/#website"},"primaryImageOfPage":{"@id":"https:\/\/www.iplay.com\/de\/games\/sweet-home-look-and-find-2-collectors-edition\/#primaryimage"},"image":{"@id":"https:\/\/www.iplay.com\/de\/games\/sweet-home-look-and-find-2-collectors-edition\/#primaryimage"},"thumbnailUrl":"https:\/\/www.iplay.com\/wp-content\/uploads\/2024\/07\/Sweet-Home-Look-and-Find-2-CE_large_square_tile_image.webp","datePublished":"2024-07-05T08:00:29+00:00","description":"Genie\u00dfe eine ruhige Atmosph\u00e4re, w\u00e4hrend du mit Sweet Home - Look and Find 2 Collector's Edition nach versteckten Gegenst\u00e4nden suchst","breadcrumb":{"@id":"https:\/\/www.iplay.com\/de\/games\/sweet-home-look-and-find-2-collectors-edition\/#breadcrumb"},"inLanguage":"de-DE","potentialAction":[{"@type":"ReadAction","target":["https:\/\/www.iplay.com\/de\/games\/sweet-home-look-and-find-2-collectors-edition\/"]}]},{"@type":"ImageObject","inLanguage":"de-DE","@id":"https:\/\/www.iplay.com\/de\/games\/sweet-home-look-and-find-2-collectors-edition\/#primaryimage","url":"https:\/\/www.iplay.com\/wp-content\/uploads\/2024\/07\/Sweet-Home-Look-and-Find-2-CE_large_square_tile_image.webp","contentUrl":"https:\/\/www.iplay.com\/wp-content\/uploads\/2024\/07\/Sweet-Home-Look-and-Find-2-CE_large_square_tile_image.webp","width":715,"height":485},{"@type":"BreadcrumbList","@id":"https:\/\/www.iplay.com\/de\/games\/sweet-home-look-and-find-2-collectors-edition\/#breadcrumb","itemListElement":[{"@type":"ListItem","position":1,"name":"Home","item":"https:\/\/www.iplay.com\/de\/home-page-2\/"},{"@type":"ListItem","position":2,"name":"Shop","item":"https:\/\/www.iplay.com\/en\/shop\/"},{"@type":"ListItem","position":3,"name":"Sweet Home: Look and Find 2 Collector&#8217;s Edition"}]},{"@type":"WebSite","@id":"https:\/\/www.iplay.com\/en\/#website","url":"https:\/\/www.iplay.com\/en\/","name":"IPlay","description":"The Best Casual Games!","publisher":{"@id":"https:\/\/www.iplay.com\/en\/#organization"},"potentialAction":[{"@type":"SearchAction","target":{"@type":"EntryPoint","urlTemplate":"https:\/\/www.iplay.com\/en\/?s={search_term_string}"},"query-input":{"@type":"PropertyValueSpecification","valueRequired":true,"valueName":"search_term_string"}}],"inLanguage":"de-DE"},{"@type":"Organization","@id":"https:\/\/www.iplay.com\/en\/#organization","name":"IPlay","url":"https:\/\/www.iplay.com\/en\/","logo":{"@type":"ImageObject","inLanguage":"de-DE","@id":"https:\/\/www.iplay.com\/en\/#\/schema\/logo\/image\/","url":"https:\/\/www.iplay.com\/wp-content\/uploads\/2023\/11\/Group-6100.svg","contentUrl":"https:\/\/www.iplay.com\/wp-content\/uploads\/2023\/11\/Group-6100.svg","width":98,"height":25,"caption":"IPlay"},"image":{"@id":"https:\/\/www.iplay.com\/en\/#\/schema\/logo\/image\/"}}]}},"_links":{"self":[{"href":"https:\/\/www.iplay.com\/de\/wp-json\/wp\/v2\/product\/130129","targetHints":{"allow":["GET"]}}],"collection":[{"href":"https:\/\/www.iplay.com\/de\/wp-json\/wp\/v2\/product"}],"about":[{"href":"https:\/\/www.iplay.com\/de\/wp-json\/wp\/v2\/types\/product"}],"author":[{"embeddable":true,"href":"https:\/\/www.iplay.com\/de\/wp-json\/wp\/v2\/users\/130"}],"replies":[{"embeddable":true,"href":"https:\/\/www.iplay.com\/de\/wp-json\/wp\/v2\/comments?post=130129"}],"wp:featuredmedia":[{"embeddable":true,"href":"https:\/\/www.iplay.com\/de\/wp-json\/wp\/v2\/media\/113607"}],"wp:attachment":[{"href":"https:\/\/www.iplay.com\/de\/wp-json\/wp\/v2\/media?parent=130129"}],"wp:term":[{"taxonomy":"product_brand","embeddable":true,"href":"https:\/\/www.iplay.com\/de\/wp-json\/wp\/v2\/product_brand?post=130129"},{"taxonomy":"product_cat","embeddable":true,"href":"https:\/\/www.iplay.com\/de\/wp-json\/wp\/v2\/product_cat?post=130129"},{"taxonomy":"product_tag","embeddable":true,"href":"https:\/\/www.iplay.com\/de\/wp-json\/wp\/v2\/product_tag?post=130129"}],"curies":[{"name":"wp","href":"https:\/\/api.w.org\/{rel}","templated":true}]}}