{"id":130123,"date":"2024-07-03T09:00:39","date_gmt":"2024-07-03T09:00:39","guid":{"rendered":"https:\/\/www.iplay.com\/games\/city-of-stories-stephans-journey-collectors-edition\/"},"modified":"2024-07-03T09:00:39","modified_gmt":"2024-07-03T09:00:39","slug":"city-of-stories-stephans-journey-collectors-edition","status":"publish","type":"product","link":"https:\/\/www.iplay.com\/de\/games\/city-of-stories-stephans-journey-collectors-edition\/","title":{"rendered":"City of Stories: Stephan&#8217;s Journey Collector&#8217;s Edition"},"content":{"rendered":"<p>In der Tudor-\u00c4ra lebte ein junger Mann namens Stephan auf einem kleinen Familienbauernhof im l\u00e4ndlichen England. Die Familie wurde von einer Reihe ungl\u00fccklicher Ernten belastet, die sie in finanzielle Turbulenzen brachten, wobei sich Rechnungen und Steuern in gef\u00e4hrlichem Ausma\u00df anh\u00e4uften. Angesichts dieser Herausforderungen musste Stephan eine herzzerrei\u00dfende Entscheidung treffen. Er musste seine geliebte Familie zur\u00fccklassen und in die gesch\u00e4ftige Stadt ziehen. Dort hoffte er, Karriere zu machen, sich einen Namen zu machen und genug Geld zu verdienen, um den Bauernhof seiner Familie vor dem Ruin zu retten.    <\/p>\n<p>Stephans Geschichte wird Kapitel f\u00fcr Kapitel erz\u00e4hlt, und die Macht, sein Schicksal zu gestalten, liegt in deinen H\u00e4nden. Jede Entscheidung, die du triffst, beeinflusst den Weg, den er einschl\u00e4gt, aber Vorsicht: Nicht jeder, dem er in der Stadt begegnet, wird sein Bestes im Sinn haben. Gl\u00fccklicherweise habt ihr die M\u00f6glichkeit, fr\u00fchere Kapitel noch einmal zu besuchen und den Lauf der Ereignisse zu \u00e4ndern, was euch die M\u00f6glichkeit bietet, verschiedene Wege und Ergebnisse zu erkunden. Wird Stephan sich als Wachmann, Hafenarbeiter, Verk\u00e4ufer oder in einer ganz anderen Rolle wiederfinden? In diesem fesselnden neuen narrativen Wimmelbild-Abenteuerspiel erlebst du die Aufregung und Beklommenheit eines jungen Mannes, der in eine riesige, unbekannte Welt eintritt. Daneben wartet die dringende Aufgabe, den Familienbetrieb zu retten und gen\u00fcgend Geld f\u00fcr lebenswichtige Modernisierungen anzuh\u00e4ufen.     <\/p>\n<p>&nbsp;<\/p>\n<p><strong>Funktionen der Collector&#8217;s Edition:<\/strong><\/p>\n<ul>\n<li>Ein Bonuskapitel, das den Abenteuern eines Waisenkindes folgt.<\/li>\n<li>Ein Strategieleitfaden, der Ihnen hilft, die bestm\u00f6gliche Erz\u00e4hlung zu erstellen.<\/li>\n<li>Endloser Spa\u00df am Match-3-Gameplay, indem du deine Lieblings-Minispiele erneut spielst.<\/li>\n<li>Entdecke wertvolle Karten und sammle M\u00fcnzen, um das Bauernhaus aufzuwerten und aufzuwerten.<\/li>\n<li>Erfreuen Sie sich an einzigartigen Konzeptzeichnungen, Musik, Filmen und Hintergrundbildern, um Ihr Erlebnis zu bereichern.<\/li>\n<\/ul>\n","protected":false},"excerpt":{"rendered":"<p>Hilf dem jungen Stephan, seinen Hof zu retten, w\u00e4hrend du die Gro\u00dfstadt <strong>erkundest in City of Stories: Stephan&#8217;s Journey Sammleredition<\/strong><\/p>\n","protected":false},"author":17,"featured_media":113559,"comment_status":"open","ping_status":"closed","template":"","meta":{"_acf_changed":false,"inline_featured_image":false},"product_brand":[],"product_cat":[164],"product_tag":[289],"class_list":{"0":"post-130123","1":"product","2":"type-product","3":"status-publish","4":"has-post-thumbnail","6":"product_cat-hidden-object-de","7":"product_tag-play-on-pc-de","9":"first","10":"instock","11":"shipping-taxable","12":"purchasable","13":"product-type-simple"},"acf":[],"yoast_head":"<!-- This site is optimized with the Yoast SEO Premium plugin v25.2 (Yoast SEO v25.2) - https:\/\/yoast.com\/wordpress\/plugins\/seo\/ -->\n<title>Stadt der Geschichten: Stephans Reise Sammleredition<\/title>\n<meta name=\"description\" content=\"Hilf dem jungen Stephan, seinen Hof zu retten, w\u00e4hrend du die Gro\u00dfstadt erkundest in City of Stories: Stephan&#039;s Journey Sammleredition\" \/>\n<meta name=\"robots\" content=\"index, follow, max-snippet:-1, max-image-preview:large, max-video-preview:-1\" \/>\n<link rel=\"canonical\" href=\"https:\/\/www.iplay.com\/de\/games\/city-of-stories-stephans-journey-collectors-edition\/\" \/>\n<meta property=\"og:locale\" content=\"de_DE\" \/>\n<meta property=\"og:type\" content=\"article\" \/>\n<meta property=\"og:title\" content=\"City of Stories: Stephan&#039;s Journey Collector&#039;s Edition\" \/>\n<meta property=\"og:description\" content=\"Hilf dem jungen Stephan, seinen Hof zu retten, w\u00e4hrend du die Gro\u00dfstadt erkundest in City of Stories: Stephan&#039;s Journey Sammleredition\" \/>\n<meta property=\"og:url\" content=\"https:\/\/www.iplay.com\/de\/games\/city-of-stories-stephans-journey-collectors-edition\/\" \/>\n<meta property=\"og:site_name\" content=\"IPlay\" \/>\n<meta property=\"og:image\" content=\"https:\/\/www.iplay.com\/wp-content\/uploads\/2024\/07\/City-of-Stories-Stephans-Journey-CE_large_square_tile_image.webp\" \/>\n\t<meta property=\"og:image:width\" content=\"715\" \/>\n\t<meta property=\"og:image:height\" content=\"485\" \/>\n\t<meta property=\"og:image:type\" content=\"image\/webp\" \/>\n<meta name=\"twitter:card\" content=\"summary_large_image\" \/>\n<meta name=\"twitter:label1\" content=\"Gesch\u00e4tzte Lesezeit\" \/>\n\t<meta name=\"twitter:data1\" content=\"1 Minute\" \/>\n<script type=\"application\/ld+json\" class=\"yoast-schema-graph\">{\"@context\":\"https:\/\/schema.org\",\"@graph\":[{\"@type\":\"WebPage\",\"@id\":\"https:\/\/www.iplay.com\/de\/games\/city-of-stories-stephans-journey-collectors-edition\/\",\"url\":\"https:\/\/www.iplay.com\/de\/games\/city-of-stories-stephans-journey-collectors-edition\/\",\"name\":\"Stadt der Geschichten: Stephans Reise Sammleredition\",\"isPartOf\":{\"@id\":\"https:\/\/www.iplay.com\/en\/#website\"},\"primaryImageOfPage\":{\"@id\":\"https:\/\/www.iplay.com\/de\/games\/city-of-stories-stephans-journey-collectors-edition\/#primaryimage\"},\"image\":{\"@id\":\"https:\/\/www.iplay.com\/de\/games\/city-of-stories-stephans-journey-collectors-edition\/#primaryimage\"},\"thumbnailUrl\":\"https:\/\/www.iplay.com\/wp-content\/uploads\/2024\/07\/City-of-Stories-Stephans-Journey-CE_large_square_tile_image.webp\",\"datePublished\":\"2024-07-03T09:00:39+00:00\",\"description\":\"Hilf dem jungen Stephan, seinen Hof zu retten, w\u00e4hrend du die Gro\u00dfstadt erkundest in City of Stories: Stephan's Journey Sammleredition\",\"breadcrumb\":{\"@id\":\"https:\/\/www.iplay.com\/de\/games\/city-of-stories-stephans-journey-collectors-edition\/#breadcrumb\"},\"inLanguage\":\"de-DE\",\"potentialAction\":[{\"@type\":\"ReadAction\",\"target\":[\"https:\/\/www.iplay.com\/de\/games\/city-of-stories-stephans-journey-collectors-edition\/\"]}]},{\"@type\":\"ImageObject\",\"inLanguage\":\"de-DE\",\"@id\":\"https:\/\/www.iplay.com\/de\/games\/city-of-stories-stephans-journey-collectors-edition\/#primaryimage\",\"url\":\"https:\/\/www.iplay.com\/wp-content\/uploads\/2024\/07\/City-of-Stories-Stephans-Journey-CE_large_square_tile_image.webp\",\"contentUrl\":\"https:\/\/www.iplay.com\/wp-content\/uploads\/2024\/07\/City-of-Stories-Stephans-Journey-CE_large_square_tile_image.webp\",\"width\":715,\"height\":485},{\"@type\":\"BreadcrumbList\",\"@id\":\"https:\/\/www.iplay.com\/de\/games\/city-of-stories-stephans-journey-collectors-edition\/#breadcrumb\",\"itemListElement\":[{\"@type\":\"ListItem\",\"position\":1,\"name\":\"Home\",\"item\":\"https:\/\/www.iplay.com\/de\/home-page-2\/\"},{\"@type\":\"ListItem\",\"position\":2,\"name\":\"Shop\",\"item\":\"https:\/\/www.iplay.com\/en\/shop\/\"},{\"@type\":\"ListItem\",\"position\":3,\"name\":\"City of Stories: Stephan&#8217;s Journey Collector&#8217;s Edition\"}]},{\"@type\":\"WebSite\",\"@id\":\"https:\/\/www.iplay.com\/en\/#website\",\"url\":\"https:\/\/www.iplay.com\/en\/\",\"name\":\"IPlay\",\"description\":\"The Best Casual Games!\",\"publisher\":{\"@id\":\"https:\/\/www.iplay.com\/en\/#organization\"},\"potentialAction\":[{\"@type\":\"SearchAction\",\"target\":{\"@type\":\"EntryPoint\",\"urlTemplate\":\"https:\/\/www.iplay.com\/en\/?s={search_term_string}\"},\"query-input\":{\"@type\":\"PropertyValueSpecification\",\"valueRequired\":true,\"valueName\":\"search_term_string\"}}],\"inLanguage\":\"de-DE\"},{\"@type\":\"Organization\",\"@id\":\"https:\/\/www.iplay.com\/en\/#organization\",\"name\":\"IPlay\",\"url\":\"https:\/\/www.iplay.com\/en\/\",\"logo\":{\"@type\":\"ImageObject\",\"inLanguage\":\"de-DE\",\"@id\":\"https:\/\/www.iplay.com\/en\/#\/schema\/logo\/image\/\",\"url\":\"https:\/\/www.iplay.com\/wp-content\/uploads\/2023\/11\/Group-6100.svg\",\"contentUrl\":\"https:\/\/www.iplay.com\/wp-content\/uploads\/2023\/11\/Group-6100.svg\",\"width\":98,\"height\":25,\"caption\":\"IPlay\"},\"image\":{\"@id\":\"https:\/\/www.iplay.com\/en\/#\/schema\/logo\/image\/\"}}]}<\/script>\n<!-- \/ Yoast SEO Premium plugin. -->","yoast_head_json":{"title":"Stadt der Geschichten: Stephans Reise Sammleredition","description":"Hilf dem jungen Stephan, seinen Hof zu retten, w\u00e4hrend du die Gro\u00dfstadt erkundest in City of Stories: Stephan's Journey Sammleredition","robots":{"index":"index","follow":"follow","max-snippet":"max-snippet:-1","max-image-preview":"max-image-preview:large","max-video-preview":"max-video-preview:-1"},"canonical":"https:\/\/www.iplay.com\/de\/games\/city-of-stories-stephans-journey-collectors-edition\/","og_locale":"de_DE","og_type":"article","og_title":"City of Stories: Stephan's Journey Collector's Edition","og_description":"Hilf dem jungen Stephan, seinen Hof zu retten, w\u00e4hrend du die Gro\u00dfstadt erkundest in City of Stories: Stephan's Journey Sammleredition","og_url":"https:\/\/www.iplay.com\/de\/games\/city-of-stories-stephans-journey-collectors-edition\/","og_site_name":"IPlay","og_image":[{"width":715,"height":485,"url":"https:\/\/www.iplay.com\/wp-content\/uploads\/2024\/07\/City-of-Stories-Stephans-Journey-CE_large_square_tile_image.webp","type":"image\/webp"}],"twitter_card":"summary_large_image","twitter_misc":{"Gesch\u00e4tzte Lesezeit":"1 Minute"},"schema":{"@context":"https:\/\/schema.org","@graph":[{"@type":"WebPage","@id":"https:\/\/www.iplay.com\/de\/games\/city-of-stories-stephans-journey-collectors-edition\/","url":"https:\/\/www.iplay.com\/de\/games\/city-of-stories-stephans-journey-collectors-edition\/","name":"Stadt der Geschichten: Stephans Reise Sammleredition","isPartOf":{"@id":"https:\/\/www.iplay.com\/en\/#website"},"primaryImageOfPage":{"@id":"https:\/\/www.iplay.com\/de\/games\/city-of-stories-stephans-journey-collectors-edition\/#primaryimage"},"image":{"@id":"https:\/\/www.iplay.com\/de\/games\/city-of-stories-stephans-journey-collectors-edition\/#primaryimage"},"thumbnailUrl":"https:\/\/www.iplay.com\/wp-content\/uploads\/2024\/07\/City-of-Stories-Stephans-Journey-CE_large_square_tile_image.webp","datePublished":"2024-07-03T09:00:39+00:00","description":"Hilf dem jungen Stephan, seinen Hof zu retten, w\u00e4hrend du die Gro\u00dfstadt erkundest in City of Stories: Stephan's Journey Sammleredition","breadcrumb":{"@id":"https:\/\/www.iplay.com\/de\/games\/city-of-stories-stephans-journey-collectors-edition\/#breadcrumb"},"inLanguage":"de-DE","potentialAction":[{"@type":"ReadAction","target":["https:\/\/www.iplay.com\/de\/games\/city-of-stories-stephans-journey-collectors-edition\/"]}]},{"@type":"ImageObject","inLanguage":"de-DE","@id":"https:\/\/www.iplay.com\/de\/games\/city-of-stories-stephans-journey-collectors-edition\/#primaryimage","url":"https:\/\/www.iplay.com\/wp-content\/uploads\/2024\/07\/City-of-Stories-Stephans-Journey-CE_large_square_tile_image.webp","contentUrl":"https:\/\/www.iplay.com\/wp-content\/uploads\/2024\/07\/City-of-Stories-Stephans-Journey-CE_large_square_tile_image.webp","width":715,"height":485},{"@type":"BreadcrumbList","@id":"https:\/\/www.iplay.com\/de\/games\/city-of-stories-stephans-journey-collectors-edition\/#breadcrumb","itemListElement":[{"@type":"ListItem","position":1,"name":"Home","item":"https:\/\/www.iplay.com\/de\/home-page-2\/"},{"@type":"ListItem","position":2,"name":"Shop","item":"https:\/\/www.iplay.com\/en\/shop\/"},{"@type":"ListItem","position":3,"name":"City of Stories: Stephan&#8217;s Journey Collector&#8217;s Edition"}]},{"@type":"WebSite","@id":"https:\/\/www.iplay.com\/en\/#website","url":"https:\/\/www.iplay.com\/en\/","name":"IPlay","description":"The Best Casual Games!","publisher":{"@id":"https:\/\/www.iplay.com\/en\/#organization"},"potentialAction":[{"@type":"SearchAction","target":{"@type":"EntryPoint","urlTemplate":"https:\/\/www.iplay.com\/en\/?s={search_term_string}"},"query-input":{"@type":"PropertyValueSpecification","valueRequired":true,"valueName":"search_term_string"}}],"inLanguage":"de-DE"},{"@type":"Organization","@id":"https:\/\/www.iplay.com\/en\/#organization","name":"IPlay","url":"https:\/\/www.iplay.com\/en\/","logo":{"@type":"ImageObject","inLanguage":"de-DE","@id":"https:\/\/www.iplay.com\/en\/#\/schema\/logo\/image\/","url":"https:\/\/www.iplay.com\/wp-content\/uploads\/2023\/11\/Group-6100.svg","contentUrl":"https:\/\/www.iplay.com\/wp-content\/uploads\/2023\/11\/Group-6100.svg","width":98,"height":25,"caption":"IPlay"},"image":{"@id":"https:\/\/www.iplay.com\/en\/#\/schema\/logo\/image\/"}}]}},"_links":{"self":[{"href":"https:\/\/www.iplay.com\/de\/wp-json\/wp\/v2\/product\/130123","targetHints":{"allow":["GET"]}}],"collection":[{"href":"https:\/\/www.iplay.com\/de\/wp-json\/wp\/v2\/product"}],"about":[{"href":"https:\/\/www.iplay.com\/de\/wp-json\/wp\/v2\/types\/product"}],"author":[{"embeddable":true,"href":"https:\/\/www.iplay.com\/de\/wp-json\/wp\/v2\/users\/17"}],"replies":[{"embeddable":true,"href":"https:\/\/www.iplay.com\/de\/wp-json\/wp\/v2\/comments?post=130123"}],"wp:featuredmedia":[{"embeddable":true,"href":"https:\/\/www.iplay.com\/de\/wp-json\/wp\/v2\/media\/113559"}],"wp:attachment":[{"href":"https:\/\/www.iplay.com\/de\/wp-json\/wp\/v2\/media?parent=130123"}],"wp:term":[{"taxonomy":"product_brand","embeddable":true,"href":"https:\/\/www.iplay.com\/de\/wp-json\/wp\/v2\/product_brand?post=130123"},{"taxonomy":"product_cat","embeddable":true,"href":"https:\/\/www.iplay.com\/de\/wp-json\/wp\/v2\/product_cat?post=130123"},{"taxonomy":"product_tag","embeddable":true,"href":"https:\/\/www.iplay.com\/de\/wp-json\/wp\/v2\/product_tag?post=130123"}],"curies":[{"name":"wp","href":"https:\/\/api.w.org\/{rel}","templated":true}]}}