{"id":130092,"date":"2023-09-15T00:00:02","date_gmt":"2023-09-15T00:00:02","guid":{"rendered":"https:\/\/www.iplay.com\/games\/art-by-numbers-43\/"},"modified":"2023-09-15T00:00:02","modified_gmt":"2023-09-15T00:00:02","slug":"art-by-numbers-43","status":"publish","type":"product","link":"https:\/\/www.iplay.com\/de\/games\/art-by-numbers-43\/","title":{"rendered":"Art By Numbers 43"},"content":{"rendered":"<p>Art By Numbers ist mehr als nur ein Malspiel. Es ist ein ganzes Universum voller wundersch\u00f6ner Kunstwerke, anmutiger Formen und lebendiger Farben. Im Moment wird Ihr Enthusiasmus ausreichen, um Sie in einen Kreativen zu verwandeln! W\u00e4hlen Sie eine Farbe, berechnen Sie die richtige Zahl und spritzen Sie dann bunte Farbe \u00fcber das Bild. Um ein erfolgreicher K\u00fcnstler zu sein, m\u00fcssen Sie wundersch\u00f6ne Kunstwerke schaffen!    <\/p>\n<p>&nbsp;<\/p>\n<p>&nbsp;<\/p>\n<p><strong>Funktionen:<\/strong><\/p>\n<p>&#8211; Enth\u00e4lt 72 lebendige Gem\u00e4lde.<\/p>\n<p>&#8211; Verwenden Sie einen spitzen Pinsel, um Farbe auf die Leinwand aufzutragen.<\/p>\n<p>&#8211; Wechseln Sie zwischen flacher und strukturierter F\u00e4rbung.<\/p>\n<p>&#8211; Mit der kostenlosen Maloption k\u00f6nnen Sie das Bild mit einer beliebigen Farbkombination ausmalen.<\/p>\n<p>&#8211; Viel Gl\u00fcck!<\/p>\n","protected":false},"excerpt":{"rendered":"<p>Um als K\u00fcnstler erfolgreich zu sein, produzieren Sie erstaunliche Kunstwerke! mit Numbers 43 Art<\/p>\n","protected":false},"author":16,"featured_media":72022,"comment_status":"open","ping_status":"closed","template":"","meta":{"_acf_changed":false,"inline_featured_image":false},"product_brand":[],"product_cat":[185],"product_tag":[234,289],"class_list":{"0":"post-130092","1":"product","2":"type-product","3":"status-publish","4":"has-post-thumbnail","6":"product_cat-paint-by-numbers-series-de","7":"product_tag-art-by-numbers-series-de","8":"product_tag-play-on-pc-de","10":"first","11":"instock","12":"shipping-taxable","13":"purchasable","14":"product-type-simple"},"acf":[],"yoast_head":"<!-- This site is optimized with the Yoast SEO Premium plugin v25.2 (Yoast SEO v25.2) - https:\/\/yoast.com\/wordpress\/plugins\/seo\/ -->\n<title>Art By Numbers 43 - Erschaffe unglaubliche Kunst!<\/title>\n<meta name=\"description\" content=\"Um als K\u00fcnstler erfolgreich zu sein, produzieren Sie erstaunliche Kunstwerke! mit Numbers 43 Art\" \/>\n<meta name=\"robots\" content=\"index, follow, max-snippet:-1, max-image-preview:large, max-video-preview:-1\" \/>\n<link rel=\"canonical\" href=\"https:\/\/www.iplay.com\/de\/games\/art-by-numbers-43\/\" \/>\n<meta property=\"og:locale\" content=\"de_DE\" \/>\n<meta property=\"og:type\" content=\"article\" \/>\n<meta property=\"og:title\" content=\"Art By Numbers 43\" \/>\n<meta property=\"og:description\" content=\"Um als K\u00fcnstler erfolgreich zu sein, produzieren Sie erstaunliche Kunstwerke! mit Numbers 43 Art\" \/>\n<meta property=\"og:url\" content=\"https:\/\/www.iplay.com\/de\/games\/art-by-numbers-43\/\" \/>\n<meta property=\"og:site_name\" content=\"IPlay\" \/>\n<meta property=\"og:image\" content=\"https:\/\/www.iplay.com\/wp-content\/uploads\/2023\/12\/large_square_tile_image-1992.jpg\" \/>\n\t<meta property=\"og:image:width\" content=\"310\" \/>\n\t<meta property=\"og:image:height\" content=\"310\" \/>\n\t<meta property=\"og:image:type\" content=\"image\/jpeg\" \/>\n<meta name=\"twitter:card\" content=\"summary_large_image\" \/>\n<meta name=\"twitter:label1\" content=\"Gesch\u00e4tzte Lesezeit\" \/>\n\t<meta name=\"twitter:data1\" content=\"1 Minute\" \/>\n<script type=\"application\/ld+json\" class=\"yoast-schema-graph\">{\"@context\":\"https:\/\/schema.org\",\"@graph\":[{\"@type\":\"WebPage\",\"@id\":\"https:\/\/www.iplay.com\/de\/games\/art-by-numbers-43\/\",\"url\":\"https:\/\/www.iplay.com\/de\/games\/art-by-numbers-43\/\",\"name\":\"Art By Numbers 43 - Erschaffe unglaubliche Kunst!\",\"isPartOf\":{\"@id\":\"https:\/\/www.iplay.com\/en\/#website\"},\"primaryImageOfPage\":{\"@id\":\"https:\/\/www.iplay.com\/de\/games\/art-by-numbers-43\/#primaryimage\"},\"image\":{\"@id\":\"https:\/\/www.iplay.com\/de\/games\/art-by-numbers-43\/#primaryimage\"},\"thumbnailUrl\":\"https:\/\/www.iplay.com\/wp-content\/uploads\/2023\/12\/large_square_tile_image-1992.jpg\",\"datePublished\":\"2023-09-15T00:00:02+00:00\",\"description\":\"Um als K\u00fcnstler erfolgreich zu sein, produzieren Sie erstaunliche Kunstwerke! mit Numbers 43 Art\",\"breadcrumb\":{\"@id\":\"https:\/\/www.iplay.com\/de\/games\/art-by-numbers-43\/#breadcrumb\"},\"inLanguage\":\"de-DE\",\"potentialAction\":[{\"@type\":\"ReadAction\",\"target\":[\"https:\/\/www.iplay.com\/de\/games\/art-by-numbers-43\/\"]}]},{\"@type\":\"ImageObject\",\"inLanguage\":\"de-DE\",\"@id\":\"https:\/\/www.iplay.com\/de\/games\/art-by-numbers-43\/#primaryimage\",\"url\":\"https:\/\/www.iplay.com\/wp-content\/uploads\/2023\/12\/large_square_tile_image-1992.jpg\",\"contentUrl\":\"https:\/\/www.iplay.com\/wp-content\/uploads\/2023\/12\/large_square_tile_image-1992.jpg\",\"width\":310,\"height\":310},{\"@type\":\"BreadcrumbList\",\"@id\":\"https:\/\/www.iplay.com\/de\/games\/art-by-numbers-43\/#breadcrumb\",\"itemListElement\":[{\"@type\":\"ListItem\",\"position\":1,\"name\":\"Home\",\"item\":\"https:\/\/www.iplay.com\/de\/home-page-2\/\"},{\"@type\":\"ListItem\",\"position\":2,\"name\":\"Shop\",\"item\":\"https:\/\/www.iplay.com\/en\/shop\/\"},{\"@type\":\"ListItem\",\"position\":3,\"name\":\"Art By Numbers 43\"}]},{\"@type\":\"WebSite\",\"@id\":\"https:\/\/www.iplay.com\/en\/#website\",\"url\":\"https:\/\/www.iplay.com\/en\/\",\"name\":\"IPlay\",\"description\":\"The Best Casual Games!\",\"publisher\":{\"@id\":\"https:\/\/www.iplay.com\/en\/#organization\"},\"potentialAction\":[{\"@type\":\"SearchAction\",\"target\":{\"@type\":\"EntryPoint\",\"urlTemplate\":\"https:\/\/www.iplay.com\/en\/?s={search_term_string}\"},\"query-input\":{\"@type\":\"PropertyValueSpecification\",\"valueRequired\":true,\"valueName\":\"search_term_string\"}}],\"inLanguage\":\"de-DE\"},{\"@type\":\"Organization\",\"@id\":\"https:\/\/www.iplay.com\/en\/#organization\",\"name\":\"IPlay\",\"url\":\"https:\/\/www.iplay.com\/en\/\",\"logo\":{\"@type\":\"ImageObject\",\"inLanguage\":\"de-DE\",\"@id\":\"https:\/\/www.iplay.com\/en\/#\/schema\/logo\/image\/\",\"url\":\"https:\/\/www.iplay.com\/wp-content\/uploads\/2023\/11\/Group-6100.svg\",\"contentUrl\":\"https:\/\/www.iplay.com\/wp-content\/uploads\/2023\/11\/Group-6100.svg\",\"width\":98,\"height\":25,\"caption\":\"IPlay\"},\"image\":{\"@id\":\"https:\/\/www.iplay.com\/en\/#\/schema\/logo\/image\/\"}}]}<\/script>\n<!-- \/ Yoast SEO Premium plugin. -->","yoast_head_json":{"title":"Art By Numbers 43 - Erschaffe unglaubliche Kunst!","description":"Um als K\u00fcnstler erfolgreich zu sein, produzieren Sie erstaunliche Kunstwerke! mit Numbers 43 Art","robots":{"index":"index","follow":"follow","max-snippet":"max-snippet:-1","max-image-preview":"max-image-preview:large","max-video-preview":"max-video-preview:-1"},"canonical":"https:\/\/www.iplay.com\/de\/games\/art-by-numbers-43\/","og_locale":"de_DE","og_type":"article","og_title":"Art By Numbers 43","og_description":"Um als K\u00fcnstler erfolgreich zu sein, produzieren Sie erstaunliche Kunstwerke! mit Numbers 43 Art","og_url":"https:\/\/www.iplay.com\/de\/games\/art-by-numbers-43\/","og_site_name":"IPlay","og_image":[{"width":310,"height":310,"url":"https:\/\/www.iplay.com\/wp-content\/uploads\/2023\/12\/large_square_tile_image-1992.jpg","type":"image\/jpeg"}],"twitter_card":"summary_large_image","twitter_misc":{"Gesch\u00e4tzte Lesezeit":"1 Minute"},"schema":{"@context":"https:\/\/schema.org","@graph":[{"@type":"WebPage","@id":"https:\/\/www.iplay.com\/de\/games\/art-by-numbers-43\/","url":"https:\/\/www.iplay.com\/de\/games\/art-by-numbers-43\/","name":"Art By Numbers 43 - Erschaffe unglaubliche Kunst!","isPartOf":{"@id":"https:\/\/www.iplay.com\/en\/#website"},"primaryImageOfPage":{"@id":"https:\/\/www.iplay.com\/de\/games\/art-by-numbers-43\/#primaryimage"},"image":{"@id":"https:\/\/www.iplay.com\/de\/games\/art-by-numbers-43\/#primaryimage"},"thumbnailUrl":"https:\/\/www.iplay.com\/wp-content\/uploads\/2023\/12\/large_square_tile_image-1992.jpg","datePublished":"2023-09-15T00:00:02+00:00","description":"Um als K\u00fcnstler erfolgreich zu sein, produzieren Sie erstaunliche Kunstwerke! mit Numbers 43 Art","breadcrumb":{"@id":"https:\/\/www.iplay.com\/de\/games\/art-by-numbers-43\/#breadcrumb"},"inLanguage":"de-DE","potentialAction":[{"@type":"ReadAction","target":["https:\/\/www.iplay.com\/de\/games\/art-by-numbers-43\/"]}]},{"@type":"ImageObject","inLanguage":"de-DE","@id":"https:\/\/www.iplay.com\/de\/games\/art-by-numbers-43\/#primaryimage","url":"https:\/\/www.iplay.com\/wp-content\/uploads\/2023\/12\/large_square_tile_image-1992.jpg","contentUrl":"https:\/\/www.iplay.com\/wp-content\/uploads\/2023\/12\/large_square_tile_image-1992.jpg","width":310,"height":310},{"@type":"BreadcrumbList","@id":"https:\/\/www.iplay.com\/de\/games\/art-by-numbers-43\/#breadcrumb","itemListElement":[{"@type":"ListItem","position":1,"name":"Home","item":"https:\/\/www.iplay.com\/de\/home-page-2\/"},{"@type":"ListItem","position":2,"name":"Shop","item":"https:\/\/www.iplay.com\/en\/shop\/"},{"@type":"ListItem","position":3,"name":"Art By Numbers 43"}]},{"@type":"WebSite","@id":"https:\/\/www.iplay.com\/en\/#website","url":"https:\/\/www.iplay.com\/en\/","name":"IPlay","description":"The Best Casual Games!","publisher":{"@id":"https:\/\/www.iplay.com\/en\/#organization"},"potentialAction":[{"@type":"SearchAction","target":{"@type":"EntryPoint","urlTemplate":"https:\/\/www.iplay.com\/en\/?s={search_term_string}"},"query-input":{"@type":"PropertyValueSpecification","valueRequired":true,"valueName":"search_term_string"}}],"inLanguage":"de-DE"},{"@type":"Organization","@id":"https:\/\/www.iplay.com\/en\/#organization","name":"IPlay","url":"https:\/\/www.iplay.com\/en\/","logo":{"@type":"ImageObject","inLanguage":"de-DE","@id":"https:\/\/www.iplay.com\/en\/#\/schema\/logo\/image\/","url":"https:\/\/www.iplay.com\/wp-content\/uploads\/2023\/11\/Group-6100.svg","contentUrl":"https:\/\/www.iplay.com\/wp-content\/uploads\/2023\/11\/Group-6100.svg","width":98,"height":25,"caption":"IPlay"},"image":{"@id":"https:\/\/www.iplay.com\/en\/#\/schema\/logo\/image\/"}}]}},"_links":{"self":[{"href":"https:\/\/www.iplay.com\/de\/wp-json\/wp\/v2\/product\/130092","targetHints":{"allow":["GET"]}}],"collection":[{"href":"https:\/\/www.iplay.com\/de\/wp-json\/wp\/v2\/product"}],"about":[{"href":"https:\/\/www.iplay.com\/de\/wp-json\/wp\/v2\/types\/product"}],"author":[{"embeddable":true,"href":"https:\/\/www.iplay.com\/de\/wp-json\/wp\/v2\/users\/16"}],"replies":[{"embeddable":true,"href":"https:\/\/www.iplay.com\/de\/wp-json\/wp\/v2\/comments?post=130092"}],"wp:featuredmedia":[{"embeddable":true,"href":"https:\/\/www.iplay.com\/de\/wp-json\/wp\/v2\/media\/72022"}],"wp:attachment":[{"href":"https:\/\/www.iplay.com\/de\/wp-json\/wp\/v2\/media?parent=130092"}],"wp:term":[{"taxonomy":"product_brand","embeddable":true,"href":"https:\/\/www.iplay.com\/de\/wp-json\/wp\/v2\/product_brand?post=130092"},{"taxonomy":"product_cat","embeddable":true,"href":"https:\/\/www.iplay.com\/de\/wp-json\/wp\/v2\/product_cat?post=130092"},{"taxonomy":"product_tag","embeddable":true,"href":"https:\/\/www.iplay.com\/de\/wp-json\/wp\/v2\/product_tag?post=130092"}],"curies":[{"name":"wp","href":"https:\/\/api.w.org\/{rel}","templated":true}]}}