{"id":129970,"date":"2023-08-10T00:00:00","date_gmt":"2023-08-10T00:00:00","guid":{"rendered":"https:\/\/www.iplay.com\/games\/faircrofts-antiques-the-mountaineers-legacy-collectors-edition\/"},"modified":"2023-08-10T00:00:00","modified_gmt":"2023-08-10T00:00:00","slug":"faircrofts-antiques-the-mountaineers-legacy-collectors-edition","status":"publish","type":"product","link":"https:\/\/www.iplay.com\/de\/games\/faircrofts-antiques-the-mountaineers-legacy-collectors-edition\/","title":{"rendered":"Faircroft&#8217;s Antiques: The Mountaineer&#8217;s Legacy Collectors Edition"},"content":{"rendered":"<p>Mia Faircroft begibt sich auf eine weitere Jagd nach versteckten Objekten! Sie wird in den beschaulichen Skiort Mont Cache in den Alpen geschickt, um eine neue Karriere zu beginnen. Aber mit dem Tod eines bekannten B\u00fcrgers hat sich die Stadt ver\u00e4ndert, und die Einheimischen werden jede Hilfe brauchen, die sie bekommen k\u00f6nnen! Auch Alice, Mias Oma, hat einen unerwarteten Auftritt! In Faircroft&#8217;s Antiques: The Mountaineer&#8217;s Legacy kannst du Antiquit\u00e4ten reparieren, atemberaubende Wimmelbildszenen entdecken und die Sch\u00f6nheit einer Stadt zur\u00fcckbringen!    <\/p>\n<p>&nbsp;<\/p>\n<p>&nbsp;<\/p>\n<p><strong>Funktionen:<\/strong><\/p>\n<p>&nbsp;<\/p>\n<p>&#8211; Entdecke wundersch\u00f6n animierte und grafische Schaupl\u00e4tze.<br \/>\n&#8211; Spiele mehr als 25 unterhaltsame Minispiele, jedes mit einer atemberaubenden Antiquit\u00e4t! Entdecken Sie den sch\u00f6nen Bergort Mont Cache! Lernen Sie die freundlichen Einwohner dieser atemberaubenden Stadt und ihre Geschichten kennen! Eine sch\u00f6ne Nachbarschaft wiederbeleben und gleichzeitig ein angesehenes Erbe bewahren!   <\/p>\n<p>&nbsp;<\/p>\n<p>&nbsp;<\/p>\n<p><strong>Funktionen der Collector&#8217;s Edition:<\/strong><\/p>\n<p>&nbsp;<\/p>\n<p>&#8211; Sechs weitere Kapitel, die nach der Hauptkampagne platziert werden!<br \/>\n&#8211; Mit drei\u00dfig neuen Levels und zwei Bonusorten kannst du einem Paar helfen, die Liebe zu finden!<\/p>\n","protected":false},"excerpt":{"rendered":"<p>Kommen Sie mit auf eine aufregende Reise in luftiger H\u00f6he mit Mia Faircroft!<\/p>\n","protected":false},"author":18,"featured_media":72422,"comment_status":"open","ping_status":"closed","template":"","meta":{"_acf_changed":false,"inline_featured_image":false},"product_brand":[],"product_cat":[164],"product_tag":[289],"class_list":{"0":"post-129970","1":"product","2":"type-product","3":"status-publish","4":"has-post-thumbnail","6":"product_cat-hidden-object-de","7":"product_tag-play-on-pc-de","9":"first","10":"instock","11":"shipping-taxable","12":"purchasable","13":"product-type-simple"},"acf":[],"yoast_head":"<!-- This site is optimized with the Yoast SEO Premium plugin v25.2 (Yoast SEO v25.2) - https:\/\/yoast.com\/wordpress\/plugins\/seo\/ -->\n<title>Faircroft&#039;s Antiques: The Mountaineer&#039;s Legacy Collectors Edition - Mias H\u00f6henabenteuer wartet auf Sie<\/title>\n<meta name=\"description\" content=\"Kommen Sie mit auf eine aufregende Reise in luftiger H\u00f6he mit Mia Faircroft!\" \/>\n<meta name=\"robots\" content=\"index, follow, max-snippet:-1, max-image-preview:large, max-video-preview:-1\" \/>\n<link rel=\"canonical\" href=\"https:\/\/www.iplay.com\/de\/games\/faircrofts-antiques-the-mountaineers-legacy-collectors-edition\/\" \/>\n<meta property=\"og:locale\" content=\"de_DE\" \/>\n<meta property=\"og:type\" content=\"article\" \/>\n<meta property=\"og:title\" content=\"Faircroft&#039;s Antiques: The Mountaineer&#039;s Legacy Collectors Edition\" \/>\n<meta property=\"og:description\" content=\"Kommen Sie mit auf eine aufregende Reise in luftiger H\u00f6he mit Mia Faircroft!\" \/>\n<meta property=\"og:url\" content=\"https:\/\/www.iplay.com\/de\/games\/faircrofts-antiques-the-mountaineers-legacy-collectors-edition\/\" \/>\n<meta property=\"og:site_name\" content=\"IPlay\" \/>\n<meta property=\"og:image\" content=\"https:\/\/www.iplay.com\/wp-content\/uploads\/2023\/12\/large_square_tile_image-2018.jpg\" \/>\n\t<meta property=\"og:image:width\" content=\"310\" \/>\n\t<meta property=\"og:image:height\" content=\"310\" \/>\n\t<meta property=\"og:image:type\" content=\"image\/jpeg\" \/>\n<meta name=\"twitter:card\" content=\"summary_large_image\" \/>\n<meta name=\"twitter:label1\" content=\"Gesch\u00e4tzte Lesezeit\" \/>\n\t<meta name=\"twitter:data1\" content=\"1 Minute\" \/>\n<script type=\"application\/ld+json\" class=\"yoast-schema-graph\">{\"@context\":\"https:\/\/schema.org\",\"@graph\":[{\"@type\":\"WebPage\",\"@id\":\"https:\/\/www.iplay.com\/de\/games\/faircrofts-antiques-the-mountaineers-legacy-collectors-edition\/\",\"url\":\"https:\/\/www.iplay.com\/de\/games\/faircrofts-antiques-the-mountaineers-legacy-collectors-edition\/\",\"name\":\"Faircroft's Antiques: The Mountaineer's Legacy Collectors Edition - Mias H\u00f6henabenteuer wartet auf Sie\",\"isPartOf\":{\"@id\":\"https:\/\/www.iplay.com\/en\/#website\"},\"primaryImageOfPage\":{\"@id\":\"https:\/\/www.iplay.com\/de\/games\/faircrofts-antiques-the-mountaineers-legacy-collectors-edition\/#primaryimage\"},\"image\":{\"@id\":\"https:\/\/www.iplay.com\/de\/games\/faircrofts-antiques-the-mountaineers-legacy-collectors-edition\/#primaryimage\"},\"thumbnailUrl\":\"https:\/\/www.iplay.com\/wp-content\/uploads\/2023\/12\/large_square_tile_image-2018.jpg\",\"datePublished\":\"2023-08-10T00:00:00+00:00\",\"description\":\"Kommen Sie mit auf eine aufregende Reise in luftiger H\u00f6he mit Mia Faircroft!\",\"breadcrumb\":{\"@id\":\"https:\/\/www.iplay.com\/de\/games\/faircrofts-antiques-the-mountaineers-legacy-collectors-edition\/#breadcrumb\"},\"inLanguage\":\"de-DE\",\"potentialAction\":[{\"@type\":\"ReadAction\",\"target\":[\"https:\/\/www.iplay.com\/de\/games\/faircrofts-antiques-the-mountaineers-legacy-collectors-edition\/\"]}]},{\"@type\":\"ImageObject\",\"inLanguage\":\"de-DE\",\"@id\":\"https:\/\/www.iplay.com\/de\/games\/faircrofts-antiques-the-mountaineers-legacy-collectors-edition\/#primaryimage\",\"url\":\"https:\/\/www.iplay.com\/wp-content\/uploads\/2023\/12\/large_square_tile_image-2018.jpg\",\"contentUrl\":\"https:\/\/www.iplay.com\/wp-content\/uploads\/2023\/12\/large_square_tile_image-2018.jpg\",\"width\":310,\"height\":310},{\"@type\":\"BreadcrumbList\",\"@id\":\"https:\/\/www.iplay.com\/de\/games\/faircrofts-antiques-the-mountaineers-legacy-collectors-edition\/#breadcrumb\",\"itemListElement\":[{\"@type\":\"ListItem\",\"position\":1,\"name\":\"Home\",\"item\":\"https:\/\/www.iplay.com\/de\/home-page-2\/\"},{\"@type\":\"ListItem\",\"position\":2,\"name\":\"Shop\",\"item\":\"https:\/\/www.iplay.com\/en\/shop\/\"},{\"@type\":\"ListItem\",\"position\":3,\"name\":\"Faircroft&#8217;s Antiques: The Mountaineer&#8217;s Legacy Collectors Edition\"}]},{\"@type\":\"WebSite\",\"@id\":\"https:\/\/www.iplay.com\/en\/#website\",\"url\":\"https:\/\/www.iplay.com\/en\/\",\"name\":\"IPlay\",\"description\":\"The Best Casual Games!\",\"publisher\":{\"@id\":\"https:\/\/www.iplay.com\/en\/#organization\"},\"potentialAction\":[{\"@type\":\"SearchAction\",\"target\":{\"@type\":\"EntryPoint\",\"urlTemplate\":\"https:\/\/www.iplay.com\/en\/?s={search_term_string}\"},\"query-input\":{\"@type\":\"PropertyValueSpecification\",\"valueRequired\":true,\"valueName\":\"search_term_string\"}}],\"inLanguage\":\"de-DE\"},{\"@type\":\"Organization\",\"@id\":\"https:\/\/www.iplay.com\/en\/#organization\",\"name\":\"IPlay\",\"url\":\"https:\/\/www.iplay.com\/en\/\",\"logo\":{\"@type\":\"ImageObject\",\"inLanguage\":\"de-DE\",\"@id\":\"https:\/\/www.iplay.com\/en\/#\/schema\/logo\/image\/\",\"url\":\"https:\/\/www.iplay.com\/wp-content\/uploads\/2023\/11\/Group-6100.svg\",\"contentUrl\":\"https:\/\/www.iplay.com\/wp-content\/uploads\/2023\/11\/Group-6100.svg\",\"width\":98,\"height\":25,\"caption\":\"IPlay\"},\"image\":{\"@id\":\"https:\/\/www.iplay.com\/en\/#\/schema\/logo\/image\/\"}}]}<\/script>\n<!-- \/ Yoast SEO Premium plugin. -->","yoast_head_json":{"title":"Faircroft's Antiques: The Mountaineer's Legacy Collectors Edition - Mias H\u00f6henabenteuer wartet auf Sie","description":"Kommen Sie mit auf eine aufregende Reise in luftiger H\u00f6he mit Mia Faircroft!","robots":{"index":"index","follow":"follow","max-snippet":"max-snippet:-1","max-image-preview":"max-image-preview:large","max-video-preview":"max-video-preview:-1"},"canonical":"https:\/\/www.iplay.com\/de\/games\/faircrofts-antiques-the-mountaineers-legacy-collectors-edition\/","og_locale":"de_DE","og_type":"article","og_title":"Faircroft's Antiques: The Mountaineer's Legacy Collectors Edition","og_description":"Kommen Sie mit auf eine aufregende Reise in luftiger H\u00f6he mit Mia Faircroft!","og_url":"https:\/\/www.iplay.com\/de\/games\/faircrofts-antiques-the-mountaineers-legacy-collectors-edition\/","og_site_name":"IPlay","og_image":[{"width":310,"height":310,"url":"https:\/\/www.iplay.com\/wp-content\/uploads\/2023\/12\/large_square_tile_image-2018.jpg","type":"image\/jpeg"}],"twitter_card":"summary_large_image","twitter_misc":{"Gesch\u00e4tzte Lesezeit":"1 Minute"},"schema":{"@context":"https:\/\/schema.org","@graph":[{"@type":"WebPage","@id":"https:\/\/www.iplay.com\/de\/games\/faircrofts-antiques-the-mountaineers-legacy-collectors-edition\/","url":"https:\/\/www.iplay.com\/de\/games\/faircrofts-antiques-the-mountaineers-legacy-collectors-edition\/","name":"Faircroft's Antiques: The Mountaineer's Legacy Collectors Edition - Mias H\u00f6henabenteuer wartet auf Sie","isPartOf":{"@id":"https:\/\/www.iplay.com\/en\/#website"},"primaryImageOfPage":{"@id":"https:\/\/www.iplay.com\/de\/games\/faircrofts-antiques-the-mountaineers-legacy-collectors-edition\/#primaryimage"},"image":{"@id":"https:\/\/www.iplay.com\/de\/games\/faircrofts-antiques-the-mountaineers-legacy-collectors-edition\/#primaryimage"},"thumbnailUrl":"https:\/\/www.iplay.com\/wp-content\/uploads\/2023\/12\/large_square_tile_image-2018.jpg","datePublished":"2023-08-10T00:00:00+00:00","description":"Kommen Sie mit auf eine aufregende Reise in luftiger H\u00f6he mit Mia Faircroft!","breadcrumb":{"@id":"https:\/\/www.iplay.com\/de\/games\/faircrofts-antiques-the-mountaineers-legacy-collectors-edition\/#breadcrumb"},"inLanguage":"de-DE","potentialAction":[{"@type":"ReadAction","target":["https:\/\/www.iplay.com\/de\/games\/faircrofts-antiques-the-mountaineers-legacy-collectors-edition\/"]}]},{"@type":"ImageObject","inLanguage":"de-DE","@id":"https:\/\/www.iplay.com\/de\/games\/faircrofts-antiques-the-mountaineers-legacy-collectors-edition\/#primaryimage","url":"https:\/\/www.iplay.com\/wp-content\/uploads\/2023\/12\/large_square_tile_image-2018.jpg","contentUrl":"https:\/\/www.iplay.com\/wp-content\/uploads\/2023\/12\/large_square_tile_image-2018.jpg","width":310,"height":310},{"@type":"BreadcrumbList","@id":"https:\/\/www.iplay.com\/de\/games\/faircrofts-antiques-the-mountaineers-legacy-collectors-edition\/#breadcrumb","itemListElement":[{"@type":"ListItem","position":1,"name":"Home","item":"https:\/\/www.iplay.com\/de\/home-page-2\/"},{"@type":"ListItem","position":2,"name":"Shop","item":"https:\/\/www.iplay.com\/en\/shop\/"},{"@type":"ListItem","position":3,"name":"Faircroft&#8217;s Antiques: The Mountaineer&#8217;s Legacy Collectors Edition"}]},{"@type":"WebSite","@id":"https:\/\/www.iplay.com\/en\/#website","url":"https:\/\/www.iplay.com\/en\/","name":"IPlay","description":"The Best Casual Games!","publisher":{"@id":"https:\/\/www.iplay.com\/en\/#organization"},"potentialAction":[{"@type":"SearchAction","target":{"@type":"EntryPoint","urlTemplate":"https:\/\/www.iplay.com\/en\/?s={search_term_string}"},"query-input":{"@type":"PropertyValueSpecification","valueRequired":true,"valueName":"search_term_string"}}],"inLanguage":"de-DE"},{"@type":"Organization","@id":"https:\/\/www.iplay.com\/en\/#organization","name":"IPlay","url":"https:\/\/www.iplay.com\/en\/","logo":{"@type":"ImageObject","inLanguage":"de-DE","@id":"https:\/\/www.iplay.com\/en\/#\/schema\/logo\/image\/","url":"https:\/\/www.iplay.com\/wp-content\/uploads\/2023\/11\/Group-6100.svg","contentUrl":"https:\/\/www.iplay.com\/wp-content\/uploads\/2023\/11\/Group-6100.svg","width":98,"height":25,"caption":"IPlay"},"image":{"@id":"https:\/\/www.iplay.com\/en\/#\/schema\/logo\/image\/"}}]}},"_links":{"self":[{"href":"https:\/\/www.iplay.com\/de\/wp-json\/wp\/v2\/product\/129970","targetHints":{"allow":["GET"]}}],"collection":[{"href":"https:\/\/www.iplay.com\/de\/wp-json\/wp\/v2\/product"}],"about":[{"href":"https:\/\/www.iplay.com\/de\/wp-json\/wp\/v2\/types\/product"}],"author":[{"embeddable":true,"href":"https:\/\/www.iplay.com\/de\/wp-json\/wp\/v2\/users\/18"}],"replies":[{"embeddable":true,"href":"https:\/\/www.iplay.com\/de\/wp-json\/wp\/v2\/comments?post=129970"}],"wp:featuredmedia":[{"embeddable":true,"href":"https:\/\/www.iplay.com\/de\/wp-json\/wp\/v2\/media\/72422"}],"wp:attachment":[{"href":"https:\/\/www.iplay.com\/de\/wp-json\/wp\/v2\/media?parent=129970"}],"wp:term":[{"taxonomy":"product_brand","embeddable":true,"href":"https:\/\/www.iplay.com\/de\/wp-json\/wp\/v2\/product_brand?post=129970"},{"taxonomy":"product_cat","embeddable":true,"href":"https:\/\/www.iplay.com\/de\/wp-json\/wp\/v2\/product_cat?post=129970"},{"taxonomy":"product_tag","embeddable":true,"href":"https:\/\/www.iplay.com\/de\/wp-json\/wp\/v2\/product_tag?post=129970"}],"curies":[{"name":"wp","href":"https:\/\/api.w.org\/{rel}","templated":true}]}}