{"id":129958,"date":"2023-08-04T00:00:01","date_gmt":"2023-08-04T00:00:01","guid":{"rendered":"https:\/\/www.iplay.com\/games\/shopping-clutter-23-beauty-salon\/"},"modified":"2023-08-04T00:00:01","modified_gmt":"2023-08-04T00:00:01","slug":"shopping-clutter-23-beauty-salon","status":"publish","type":"product","link":"https:\/\/www.iplay.com\/de\/games\/shopping-clutter-23-beauty-salon\/","title":{"rendered":"Shopping Clutter 23: Beauty Salon"},"content":{"rendered":"<p>Hilf den Walkern, den Sch\u00f6nheitssalon Walkers &amp; Rat zu \u00f6ffnen, w\u00e4hrend du noch Animalville hinter den Fellhaufen sehen kannst! In den letzten Jahren hat die Bev\u00f6lkerung von Animalville, unserem kleinen Weiler, sp\u00fcrbar zugenommen. Spas, Sch\u00f6nheitssalons und Friseursalons haben begonnen, unter den Tieren zu verschwinden. Die pelzbedeckten B\u00fcrger der verarmten Stadt sind unordentlich und schmutzig. Das Fell einiger Tiere hat begonnen, sich zu verfilzen und ihren t\u00e4glichen Routinen im Weg zu stehen, und andere haben begonnen, schrecklich zu haaren. Gro\u00dfe Fellb\u00fcschel fliegen jetzt \u00fcber die Stadt, die Menschen niesen, und Scheren sind sehr gefragt. Animalville steht vor einer unglaublichen Katastrophe! Um die Dinge wieder in Ordnung zu bringen, beschloss unsere Familie, all dieses endlose Fell zu entfernen. Auch Panther und Squirrel Walker sprechen schon seit einiger Zeit dar\u00fcber, einen eigenen Sch\u00f6nheitssalon zu er\u00f6ffnen. Wir k\u00f6nnten uns keinen besseren Zeitpunkt vorstellen. Der s\u00fc\u00dfe Onkel Ratte, der auch davon tr\u00e4umte, sich die Haare schneiden zu lassen, erkl\u00e4rte sich bereit, uns zu helfen und stellte uns sogar ein Zimmer im obersten Stockwerk seines neuen Turms zur Verf\u00fcgung. Den Sch\u00f6nheitssalon Walkers &amp; Rat m\u00fcssen wir schnell aufbauen, w\u00e4hrend Animalville noch unter den Fellhaufen zu sehen ist. Spielen Sie mit NEUEN Modeartikeln! Es gibt insgesamt 140 Clutter-Aufgaben plus weitere 20 R\u00e4tsel. Es gibt auch beruhigende Ger\u00e4usche und hervorragende Musik f\u00fcr ein unterhaltsames Spielerlebnis. Es gibt auch liebenswerte Charaktere und humorvolles Gepl\u00e4nkel. Die Grafik ist farbenfroh und das Gameplay ist f\u00fcr Puzzle-Enthusiasten aller F\u00e4higkeitsstufen schwierig. Verhindere, dass der Gegner Squirrels Bestrebungen untergr\u00e4bt. Genie\u00dfen Sie die Geheimnisse, die Forschung, die klugen Taktiken und das unverwechselbare Ambiente des Luxusmodesektors!<\/p>\n","protected":false},"excerpt":{"rendered":"<p>Hilf in Shopping Clutter 23: Beauty-Shop der Familie Walker bei der Einrichtung des Walkers &amp; Rat Beauty-Shops.<\/p>\n","protected":false},"author":14,"featured_media":72486,"comment_status":"open","ping_status":"closed","template":"","meta":{"_acf_changed":false,"inline_featured_image":false},"product_brand":[],"product_cat":[164],"product_tag":[289],"class_list":{"0":"post-129958","1":"product","2":"type-product","3":"status-publish","4":"has-post-thumbnail","6":"product_cat-hidden-object-de","7":"product_tag-play-on-pc-de","9":"first","10":"instock","11":"shipping-taxable","12":"purchasable","13":"product-type-simple"},"acf":[],"yoast_head":"<!-- This site is optimized with the Yoast SEO Premium plugin v25.2 (Yoast SEO v25.2) - https:\/\/yoast.com\/wordpress\/plugins\/seo\/ -->\n<title>Shopping Clutter 23: Sch\u00f6nheitssalon - Walker &amp; Rat Sch\u00f6nheitssalon!<\/title>\n<meta name=\"description\" content=\"Hilf in Shopping Clutter 23: Beauty-Shop der Familie Walker bei der Einrichtung des Walkers &amp; Rat Beauty-Shops.\" \/>\n<meta name=\"robots\" content=\"index, follow, max-snippet:-1, max-image-preview:large, max-video-preview:-1\" \/>\n<link rel=\"canonical\" href=\"https:\/\/www.iplay.com\/de\/games\/shopping-clutter-23-beauty-salon\/\" \/>\n<meta property=\"og:locale\" content=\"de_DE\" \/>\n<meta property=\"og:type\" content=\"article\" \/>\n<meta property=\"og:title\" content=\"Shopping Clutter 23: Beauty Salon\" \/>\n<meta property=\"og:description\" content=\"Hilf in Shopping Clutter 23: Beauty-Shop der Familie Walker bei der Einrichtung des Walkers &amp; Rat Beauty-Shops.\" \/>\n<meta property=\"og:url\" content=\"https:\/\/www.iplay.com\/de\/games\/shopping-clutter-23-beauty-salon\/\" \/>\n<meta property=\"og:site_name\" content=\"IPlay\" \/>\n<meta property=\"og:image\" content=\"https:\/\/www.iplay.com\/wp-content\/uploads\/2023\/12\/large_square_tile_image-2022.jpg\" \/>\n\t<meta property=\"og:image:width\" content=\"310\" \/>\n\t<meta property=\"og:image:height\" content=\"310\" \/>\n\t<meta property=\"og:image:type\" content=\"image\/jpeg\" \/>\n<meta name=\"twitter:card\" content=\"summary_large_image\" \/>\n<meta name=\"twitter:label1\" content=\"Gesch\u00e4tzte Lesezeit\" \/>\n\t<meta name=\"twitter:data1\" content=\"1 Minute\" \/>\n<script type=\"application\/ld+json\" class=\"yoast-schema-graph\">{\"@context\":\"https:\/\/schema.org\",\"@graph\":[{\"@type\":\"WebPage\",\"@id\":\"https:\/\/www.iplay.com\/de\/games\/shopping-clutter-23-beauty-salon\/\",\"url\":\"https:\/\/www.iplay.com\/de\/games\/shopping-clutter-23-beauty-salon\/\",\"name\":\"Shopping Clutter 23: Sch\u00f6nheitssalon - Walker & Rat Sch\u00f6nheitssalon!\",\"isPartOf\":{\"@id\":\"https:\/\/www.iplay.com\/en\/#website\"},\"primaryImageOfPage\":{\"@id\":\"https:\/\/www.iplay.com\/de\/games\/shopping-clutter-23-beauty-salon\/#primaryimage\"},\"image\":{\"@id\":\"https:\/\/www.iplay.com\/de\/games\/shopping-clutter-23-beauty-salon\/#primaryimage\"},\"thumbnailUrl\":\"https:\/\/www.iplay.com\/wp-content\/uploads\/2023\/12\/large_square_tile_image-2022.jpg\",\"datePublished\":\"2023-08-04T00:00:01+00:00\",\"description\":\"Hilf in Shopping Clutter 23: Beauty-Shop der Familie Walker bei der Einrichtung des Walkers &amp; Rat Beauty-Shops.\",\"breadcrumb\":{\"@id\":\"https:\/\/www.iplay.com\/de\/games\/shopping-clutter-23-beauty-salon\/#breadcrumb\"},\"inLanguage\":\"de-DE\",\"potentialAction\":[{\"@type\":\"ReadAction\",\"target\":[\"https:\/\/www.iplay.com\/de\/games\/shopping-clutter-23-beauty-salon\/\"]}]},{\"@type\":\"ImageObject\",\"inLanguage\":\"de-DE\",\"@id\":\"https:\/\/www.iplay.com\/de\/games\/shopping-clutter-23-beauty-salon\/#primaryimage\",\"url\":\"https:\/\/www.iplay.com\/wp-content\/uploads\/2023\/12\/large_square_tile_image-2022.jpg\",\"contentUrl\":\"https:\/\/www.iplay.com\/wp-content\/uploads\/2023\/12\/large_square_tile_image-2022.jpg\",\"width\":310,\"height\":310},{\"@type\":\"BreadcrumbList\",\"@id\":\"https:\/\/www.iplay.com\/de\/games\/shopping-clutter-23-beauty-salon\/#breadcrumb\",\"itemListElement\":[{\"@type\":\"ListItem\",\"position\":1,\"name\":\"Home\",\"item\":\"https:\/\/www.iplay.com\/de\/home-page-2\/\"},{\"@type\":\"ListItem\",\"position\":2,\"name\":\"Shop\",\"item\":\"https:\/\/www.iplay.com\/en\/shop\/\"},{\"@type\":\"ListItem\",\"position\":3,\"name\":\"Shopping Clutter 23: Beauty Salon\"}]},{\"@type\":\"WebSite\",\"@id\":\"https:\/\/www.iplay.com\/en\/#website\",\"url\":\"https:\/\/www.iplay.com\/en\/\",\"name\":\"IPlay\",\"description\":\"The Best Casual Games!\",\"publisher\":{\"@id\":\"https:\/\/www.iplay.com\/en\/#organization\"},\"potentialAction\":[{\"@type\":\"SearchAction\",\"target\":{\"@type\":\"EntryPoint\",\"urlTemplate\":\"https:\/\/www.iplay.com\/en\/?s={search_term_string}\"},\"query-input\":{\"@type\":\"PropertyValueSpecification\",\"valueRequired\":true,\"valueName\":\"search_term_string\"}}],\"inLanguage\":\"de-DE\"},{\"@type\":\"Organization\",\"@id\":\"https:\/\/www.iplay.com\/en\/#organization\",\"name\":\"IPlay\",\"url\":\"https:\/\/www.iplay.com\/en\/\",\"logo\":{\"@type\":\"ImageObject\",\"inLanguage\":\"de-DE\",\"@id\":\"https:\/\/www.iplay.com\/en\/#\/schema\/logo\/image\/\",\"url\":\"https:\/\/www.iplay.com\/wp-content\/uploads\/2023\/11\/Group-6100.svg\",\"contentUrl\":\"https:\/\/www.iplay.com\/wp-content\/uploads\/2023\/11\/Group-6100.svg\",\"width\":98,\"height\":25,\"caption\":\"IPlay\"},\"image\":{\"@id\":\"https:\/\/www.iplay.com\/en\/#\/schema\/logo\/image\/\"}}]}<\/script>\n<!-- \/ Yoast SEO Premium plugin. -->","yoast_head_json":{"title":"Shopping Clutter 23: Sch\u00f6nheitssalon - Walker & Rat Sch\u00f6nheitssalon!","description":"Hilf in Shopping Clutter 23: Beauty-Shop der Familie Walker bei der Einrichtung des Walkers &amp; Rat Beauty-Shops.","robots":{"index":"index","follow":"follow","max-snippet":"max-snippet:-1","max-image-preview":"max-image-preview:large","max-video-preview":"max-video-preview:-1"},"canonical":"https:\/\/www.iplay.com\/de\/games\/shopping-clutter-23-beauty-salon\/","og_locale":"de_DE","og_type":"article","og_title":"Shopping Clutter 23: Beauty Salon","og_description":"Hilf in Shopping Clutter 23: Beauty-Shop der Familie Walker bei der Einrichtung des Walkers &amp; Rat Beauty-Shops.","og_url":"https:\/\/www.iplay.com\/de\/games\/shopping-clutter-23-beauty-salon\/","og_site_name":"IPlay","og_image":[{"width":310,"height":310,"url":"https:\/\/www.iplay.com\/wp-content\/uploads\/2023\/12\/large_square_tile_image-2022.jpg","type":"image\/jpeg"}],"twitter_card":"summary_large_image","twitter_misc":{"Gesch\u00e4tzte Lesezeit":"1 Minute"},"schema":{"@context":"https:\/\/schema.org","@graph":[{"@type":"WebPage","@id":"https:\/\/www.iplay.com\/de\/games\/shopping-clutter-23-beauty-salon\/","url":"https:\/\/www.iplay.com\/de\/games\/shopping-clutter-23-beauty-salon\/","name":"Shopping Clutter 23: Sch\u00f6nheitssalon - Walker & Rat Sch\u00f6nheitssalon!","isPartOf":{"@id":"https:\/\/www.iplay.com\/en\/#website"},"primaryImageOfPage":{"@id":"https:\/\/www.iplay.com\/de\/games\/shopping-clutter-23-beauty-salon\/#primaryimage"},"image":{"@id":"https:\/\/www.iplay.com\/de\/games\/shopping-clutter-23-beauty-salon\/#primaryimage"},"thumbnailUrl":"https:\/\/www.iplay.com\/wp-content\/uploads\/2023\/12\/large_square_tile_image-2022.jpg","datePublished":"2023-08-04T00:00:01+00:00","description":"Hilf in Shopping Clutter 23: Beauty-Shop der Familie Walker bei der Einrichtung des Walkers &amp; Rat Beauty-Shops.","breadcrumb":{"@id":"https:\/\/www.iplay.com\/de\/games\/shopping-clutter-23-beauty-salon\/#breadcrumb"},"inLanguage":"de-DE","potentialAction":[{"@type":"ReadAction","target":["https:\/\/www.iplay.com\/de\/games\/shopping-clutter-23-beauty-salon\/"]}]},{"@type":"ImageObject","inLanguage":"de-DE","@id":"https:\/\/www.iplay.com\/de\/games\/shopping-clutter-23-beauty-salon\/#primaryimage","url":"https:\/\/www.iplay.com\/wp-content\/uploads\/2023\/12\/large_square_tile_image-2022.jpg","contentUrl":"https:\/\/www.iplay.com\/wp-content\/uploads\/2023\/12\/large_square_tile_image-2022.jpg","width":310,"height":310},{"@type":"BreadcrumbList","@id":"https:\/\/www.iplay.com\/de\/games\/shopping-clutter-23-beauty-salon\/#breadcrumb","itemListElement":[{"@type":"ListItem","position":1,"name":"Home","item":"https:\/\/www.iplay.com\/de\/home-page-2\/"},{"@type":"ListItem","position":2,"name":"Shop","item":"https:\/\/www.iplay.com\/en\/shop\/"},{"@type":"ListItem","position":3,"name":"Shopping Clutter 23: Beauty Salon"}]},{"@type":"WebSite","@id":"https:\/\/www.iplay.com\/en\/#website","url":"https:\/\/www.iplay.com\/en\/","name":"IPlay","description":"The Best Casual Games!","publisher":{"@id":"https:\/\/www.iplay.com\/en\/#organization"},"potentialAction":[{"@type":"SearchAction","target":{"@type":"EntryPoint","urlTemplate":"https:\/\/www.iplay.com\/en\/?s={search_term_string}"},"query-input":{"@type":"PropertyValueSpecification","valueRequired":true,"valueName":"search_term_string"}}],"inLanguage":"de-DE"},{"@type":"Organization","@id":"https:\/\/www.iplay.com\/en\/#organization","name":"IPlay","url":"https:\/\/www.iplay.com\/en\/","logo":{"@type":"ImageObject","inLanguage":"de-DE","@id":"https:\/\/www.iplay.com\/en\/#\/schema\/logo\/image\/","url":"https:\/\/www.iplay.com\/wp-content\/uploads\/2023\/11\/Group-6100.svg","contentUrl":"https:\/\/www.iplay.com\/wp-content\/uploads\/2023\/11\/Group-6100.svg","width":98,"height":25,"caption":"IPlay"},"image":{"@id":"https:\/\/www.iplay.com\/en\/#\/schema\/logo\/image\/"}}]}},"_links":{"self":[{"href":"https:\/\/www.iplay.com\/de\/wp-json\/wp\/v2\/product\/129958","targetHints":{"allow":["GET"]}}],"collection":[{"href":"https:\/\/www.iplay.com\/de\/wp-json\/wp\/v2\/product"}],"about":[{"href":"https:\/\/www.iplay.com\/de\/wp-json\/wp\/v2\/types\/product"}],"author":[{"embeddable":true,"href":"https:\/\/www.iplay.com\/de\/wp-json\/wp\/v2\/users\/14"}],"replies":[{"embeddable":true,"href":"https:\/\/www.iplay.com\/de\/wp-json\/wp\/v2\/comments?post=129958"}],"wp:featuredmedia":[{"embeddable":true,"href":"https:\/\/www.iplay.com\/de\/wp-json\/wp\/v2\/media\/72486"}],"wp:attachment":[{"href":"https:\/\/www.iplay.com\/de\/wp-json\/wp\/v2\/media?parent=129958"}],"wp:term":[{"taxonomy":"product_brand","embeddable":true,"href":"https:\/\/www.iplay.com\/de\/wp-json\/wp\/v2\/product_brand?post=129958"},{"taxonomy":"product_cat","embeddable":true,"href":"https:\/\/www.iplay.com\/de\/wp-json\/wp\/v2\/product_cat?post=129958"},{"taxonomy":"product_tag","embeddable":true,"href":"https:\/\/www.iplay.com\/de\/wp-json\/wp\/v2\/product_tag?post=129958"}],"curies":[{"name":"wp","href":"https:\/\/api.w.org\/{rel}","templated":true}]}}