{"id":129949,"date":"2023-08-04T00:00:00","date_gmt":"2023-08-04T00:00:00","guid":{"rendered":"https:\/\/www.iplay.com\/games\/crossroad-of-worlds-cursed-letters-collectors-edition\/"},"modified":"2023-08-04T00:00:00","modified_gmt":"2023-08-04T00:00:00","slug":"crossroad-of-worlds-cursed-letters-collectors-edition","status":"publish","type":"product","link":"https:\/\/www.iplay.com\/de\/games\/crossroad-of-worlds-cursed-letters-collectors-edition\/","title":{"rendered":"Crossroad of Worlds: Cursed Letters Collector&#8217;s Edition"},"content":{"rendered":"<p>Treten Sie hinaus ins Licht! Wie sollten Sie reagieren, wenn Sie jemand absichtlich in die Irre f\u00fchrt? Die Detektive der Agentur Worlds&#8217; Edge sind nie zu weit von der Spur entfernt. Deine n\u00e4chste Aufgabe ist es, herauszufinden, wer davon profitiert, wenn die gestohlenen Sterne nicht an ihre rechtm\u00e4\u00dfigen Besitzer zur\u00fcckgegeben werden. Dieses Spiel hat vielleicht die besten Objektjagd-Situationen und Minispiele von DominiGames! Es gibt ein bekanntes Gesicht an der T\u00fcr der Agentur Worlds&#8217; Edge. Ihr habt ihm schon eine betr\u00e4chtliche Hilfe geleistet, aber die Pflicht verlangt wieder Aufmerksamkeit. Franz ist bereit, seinen fr\u00fcheren Fehler wiedergutzumachen und die Weltstars, die er erbeutet hat, zur\u00fcckzugeben. Jetzt werden Drohungen gegen den jungen Mann ausgesprochen, dessen Gesundheit nachl\u00e4sst, was darauf hindeutet, dass jemand mit dem Lauf der Dinge nicht zufrieden ist. Helfen Sie ihm, bevor es zu sp\u00e4t ist, bitte! Erkunde neue Gebiete, w\u00e4hrend du in den bedrohlichen Briefen nach Hinweisen suchst, um den \u00dcbelt\u00e4ter aufzusp\u00fcren. Du musst dich auf eine faszinierende Reise begeben, auf der du in Schaupl\u00e4tze aus M\u00e4rchen blicken und die Hinweise finden musst. Erkunde neue Gebiete, w\u00e4hrend du in den bedrohlichen Briefen nach Hinweisen suchst, um den \u00dcbelt\u00e4ter aufzusp\u00fcren. Du musst dich auf eine erstaunliche Reise begeben, auf der du magische Welten erkunden, jeden Stern sammeln musst, um Erinnerungen f\u00fcr die dort lebenden Menschen wachzurufen, und andere faszinierende R\u00e4tsel l\u00f6sen musst. Spiele dich in diesem spannenden neuen Wimmelbild-Abenteuer, das deinen Verstand auf die Probe stellen wird, durch ein fesselndes Detektiv-Abenteuer.              <\/p>\n<p>&nbsp;<\/p>\n<p>&nbsp;<\/p>\n<p><strong>Funktionen:<\/strong><\/p>\n<p>&nbsp;<\/p>\n<p>&#8211; L\u00f6sen Sie das Problem! Ein zus\u00e4tzliches Kapitel, in dem eine riesige Verschw\u00f6rungsgruppe auf der Suche nach den mysteri\u00f6sen Sternen des Universums beschrieben wird, kann durch das Beenden des Hauptspiels freigeschaltet werden! <\/p>\n<p>&#8211; Sammle Sterne und Punkte, indem du die Unterschiede richtig erkennst!<\/p>\n<p>&#8211; Du musst in jedem Level des Spiels Sterne bekommen, um zum n\u00e4chsten zu gelangen und die Ermittlungen abzuschlie\u00dfen!<\/p>\n<p>&#8211; Viel Spa\u00df auf Ihren Reisen!<\/p>\n<p>&#8211; \u00dcbernimm die Aufgabe, jeden Gegenstand zu finden!<\/p>\n<p>&#8211; Zeige deine Konzentration und Reaktionsgeschwindigkeit, w\u00e4hrend du durch die R\u00e4ume navigierst und nach versteckten Juwelen suchst, um alle interaktiven Spiele abzuschlie\u00dfen.<\/p>\n<p>&#8211; Sch\u00fctze die Umwelt und zeige gleichzeitig deine F\u00e4higkeiten!<\/p>\n","protected":false},"excerpt":{"rendered":"<p>Treten Sie hinaus ins Licht! Wie sollten Sie reagieren, wenn Sie jemand absichtlich in die Irre f\u00fchrt? <\/p>\n","protected":false},"author":52,"featured_media":72502,"comment_status":"open","ping_status":"closed","template":"","meta":{"_acf_changed":false,"inline_featured_image":false},"product_brand":[],"product_cat":[164],"product_tag":[289],"class_list":{"0":"post-129949","1":"product","2":"type-product","3":"status-publish","4":"has-post-thumbnail","6":"product_cat-hidden-object-de","7":"product_tag-play-on-pc-de","9":"first","10":"instock","11":"shipping-taxable","12":"purchasable","13":"product-type-simple"},"acf":[],"yoast_head":"<!-- This site is optimized with the Yoast SEO Premium plugin v25.2 (Yoast SEO v25.2) - https:\/\/yoast.com\/wordpress\/plugins\/seo\/ -->\n<title>Crossroad of Worlds: Cursed Letters Sammleredition - Face the sun! Was ist, wenn dich jemand absichtlich in die Irre f\u00fchrt?<\/title>\n<meta name=\"description\" content=\"Treten Sie hinaus ins Licht! Wie sollten Sie reagieren, wenn Sie jemand absichtlich in die Irre f\u00fchrt?\" \/>\n<meta name=\"robots\" content=\"index, follow, max-snippet:-1, max-image-preview:large, max-video-preview:-1\" \/>\n<link rel=\"canonical\" href=\"https:\/\/www.iplay.com\/de\/games\/crossroad-of-worlds-cursed-letters-collectors-edition\/\" \/>\n<meta property=\"og:locale\" content=\"de_DE\" \/>\n<meta property=\"og:type\" content=\"article\" \/>\n<meta property=\"og:title\" content=\"Crossroad of Worlds: Cursed Letters Collector&#039;s Edition\" \/>\n<meta property=\"og:description\" content=\"Treten Sie hinaus ins Licht! Wie sollten Sie reagieren, wenn Sie jemand absichtlich in die Irre f\u00fchrt?\" \/>\n<meta property=\"og:url\" content=\"https:\/\/www.iplay.com\/de\/games\/crossroad-of-worlds-cursed-letters-collectors-edition\/\" \/>\n<meta property=\"og:site_name\" content=\"IPlay\" \/>\n<meta property=\"og:image\" content=\"https:\/\/www.iplay.com\/wp-content\/uploads\/2023\/12\/large_square_tile_image-2023.jpg\" \/>\n\t<meta property=\"og:image:width\" content=\"310\" \/>\n\t<meta property=\"og:image:height\" content=\"310\" \/>\n\t<meta property=\"og:image:type\" content=\"image\/jpeg\" \/>\n<meta name=\"twitter:card\" content=\"summary_large_image\" \/>\n<meta name=\"twitter:label1\" content=\"Gesch\u00e4tzte Lesezeit\" \/>\n\t<meta name=\"twitter:data1\" content=\"2 Minuten\" \/>\n<script type=\"application\/ld+json\" class=\"yoast-schema-graph\">{\"@context\":\"https:\/\/schema.org\",\"@graph\":[{\"@type\":\"WebPage\",\"@id\":\"https:\/\/www.iplay.com\/de\/games\/crossroad-of-worlds-cursed-letters-collectors-edition\/\",\"url\":\"https:\/\/www.iplay.com\/de\/games\/crossroad-of-worlds-cursed-letters-collectors-edition\/\",\"name\":\"Crossroad of Worlds: Cursed Letters Sammleredition - Face the sun! Was ist, wenn dich jemand absichtlich in die Irre f\u00fchrt?\",\"isPartOf\":{\"@id\":\"https:\/\/www.iplay.com\/en\/#website\"},\"primaryImageOfPage\":{\"@id\":\"https:\/\/www.iplay.com\/de\/games\/crossroad-of-worlds-cursed-letters-collectors-edition\/#primaryimage\"},\"image\":{\"@id\":\"https:\/\/www.iplay.com\/de\/games\/crossroad-of-worlds-cursed-letters-collectors-edition\/#primaryimage\"},\"thumbnailUrl\":\"https:\/\/www.iplay.com\/wp-content\/uploads\/2023\/12\/large_square_tile_image-2023.jpg\",\"datePublished\":\"2023-08-04T00:00:00+00:00\",\"description\":\"Treten Sie hinaus ins Licht! Wie sollten Sie reagieren, wenn Sie jemand absichtlich in die Irre f\u00fchrt?\",\"breadcrumb\":{\"@id\":\"https:\/\/www.iplay.com\/de\/games\/crossroad-of-worlds-cursed-letters-collectors-edition\/#breadcrumb\"},\"inLanguage\":\"de-DE\",\"potentialAction\":[{\"@type\":\"ReadAction\",\"target\":[\"https:\/\/www.iplay.com\/de\/games\/crossroad-of-worlds-cursed-letters-collectors-edition\/\"]}]},{\"@type\":\"ImageObject\",\"inLanguage\":\"de-DE\",\"@id\":\"https:\/\/www.iplay.com\/de\/games\/crossroad-of-worlds-cursed-letters-collectors-edition\/#primaryimage\",\"url\":\"https:\/\/www.iplay.com\/wp-content\/uploads\/2023\/12\/large_square_tile_image-2023.jpg\",\"contentUrl\":\"https:\/\/www.iplay.com\/wp-content\/uploads\/2023\/12\/large_square_tile_image-2023.jpg\",\"width\":310,\"height\":310},{\"@type\":\"BreadcrumbList\",\"@id\":\"https:\/\/www.iplay.com\/de\/games\/crossroad-of-worlds-cursed-letters-collectors-edition\/#breadcrumb\",\"itemListElement\":[{\"@type\":\"ListItem\",\"position\":1,\"name\":\"Home\",\"item\":\"https:\/\/www.iplay.com\/de\/home-page-2\/\"},{\"@type\":\"ListItem\",\"position\":2,\"name\":\"Shop\",\"item\":\"https:\/\/www.iplay.com\/en\/shop\/\"},{\"@type\":\"ListItem\",\"position\":3,\"name\":\"Crossroad of Worlds: Cursed Letters Collector&#8217;s Edition\"}]},{\"@type\":\"WebSite\",\"@id\":\"https:\/\/www.iplay.com\/en\/#website\",\"url\":\"https:\/\/www.iplay.com\/en\/\",\"name\":\"IPlay\",\"description\":\"The Best Casual Games!\",\"publisher\":{\"@id\":\"https:\/\/www.iplay.com\/en\/#organization\"},\"potentialAction\":[{\"@type\":\"SearchAction\",\"target\":{\"@type\":\"EntryPoint\",\"urlTemplate\":\"https:\/\/www.iplay.com\/en\/?s={search_term_string}\"},\"query-input\":{\"@type\":\"PropertyValueSpecification\",\"valueRequired\":true,\"valueName\":\"search_term_string\"}}],\"inLanguage\":\"de-DE\"},{\"@type\":\"Organization\",\"@id\":\"https:\/\/www.iplay.com\/en\/#organization\",\"name\":\"IPlay\",\"url\":\"https:\/\/www.iplay.com\/en\/\",\"logo\":{\"@type\":\"ImageObject\",\"inLanguage\":\"de-DE\",\"@id\":\"https:\/\/www.iplay.com\/en\/#\/schema\/logo\/image\/\",\"url\":\"https:\/\/www.iplay.com\/wp-content\/uploads\/2023\/11\/Group-6100.svg\",\"contentUrl\":\"https:\/\/www.iplay.com\/wp-content\/uploads\/2023\/11\/Group-6100.svg\",\"width\":98,\"height\":25,\"caption\":\"IPlay\"},\"image\":{\"@id\":\"https:\/\/www.iplay.com\/en\/#\/schema\/logo\/image\/\"}}]}<\/script>\n<!-- \/ Yoast SEO Premium plugin. -->","yoast_head_json":{"title":"Crossroad of Worlds: Cursed Letters Sammleredition - Face the sun! Was ist, wenn dich jemand absichtlich in die Irre f\u00fchrt?","description":"Treten Sie hinaus ins Licht! Wie sollten Sie reagieren, wenn Sie jemand absichtlich in die Irre f\u00fchrt?","robots":{"index":"index","follow":"follow","max-snippet":"max-snippet:-1","max-image-preview":"max-image-preview:large","max-video-preview":"max-video-preview:-1"},"canonical":"https:\/\/www.iplay.com\/de\/games\/crossroad-of-worlds-cursed-letters-collectors-edition\/","og_locale":"de_DE","og_type":"article","og_title":"Crossroad of Worlds: Cursed Letters Collector's Edition","og_description":"Treten Sie hinaus ins Licht! Wie sollten Sie reagieren, wenn Sie jemand absichtlich in die Irre f\u00fchrt?","og_url":"https:\/\/www.iplay.com\/de\/games\/crossroad-of-worlds-cursed-letters-collectors-edition\/","og_site_name":"IPlay","og_image":[{"width":310,"height":310,"url":"https:\/\/www.iplay.com\/wp-content\/uploads\/2023\/12\/large_square_tile_image-2023.jpg","type":"image\/jpeg"}],"twitter_card":"summary_large_image","twitter_misc":{"Gesch\u00e4tzte Lesezeit":"2 Minuten"},"schema":{"@context":"https:\/\/schema.org","@graph":[{"@type":"WebPage","@id":"https:\/\/www.iplay.com\/de\/games\/crossroad-of-worlds-cursed-letters-collectors-edition\/","url":"https:\/\/www.iplay.com\/de\/games\/crossroad-of-worlds-cursed-letters-collectors-edition\/","name":"Crossroad of Worlds: Cursed Letters Sammleredition - Face the sun! Was ist, wenn dich jemand absichtlich in die Irre f\u00fchrt?","isPartOf":{"@id":"https:\/\/www.iplay.com\/en\/#website"},"primaryImageOfPage":{"@id":"https:\/\/www.iplay.com\/de\/games\/crossroad-of-worlds-cursed-letters-collectors-edition\/#primaryimage"},"image":{"@id":"https:\/\/www.iplay.com\/de\/games\/crossroad-of-worlds-cursed-letters-collectors-edition\/#primaryimage"},"thumbnailUrl":"https:\/\/www.iplay.com\/wp-content\/uploads\/2023\/12\/large_square_tile_image-2023.jpg","datePublished":"2023-08-04T00:00:00+00:00","description":"Treten Sie hinaus ins Licht! Wie sollten Sie reagieren, wenn Sie jemand absichtlich in die Irre f\u00fchrt?","breadcrumb":{"@id":"https:\/\/www.iplay.com\/de\/games\/crossroad-of-worlds-cursed-letters-collectors-edition\/#breadcrumb"},"inLanguage":"de-DE","potentialAction":[{"@type":"ReadAction","target":["https:\/\/www.iplay.com\/de\/games\/crossroad-of-worlds-cursed-letters-collectors-edition\/"]}]},{"@type":"ImageObject","inLanguage":"de-DE","@id":"https:\/\/www.iplay.com\/de\/games\/crossroad-of-worlds-cursed-letters-collectors-edition\/#primaryimage","url":"https:\/\/www.iplay.com\/wp-content\/uploads\/2023\/12\/large_square_tile_image-2023.jpg","contentUrl":"https:\/\/www.iplay.com\/wp-content\/uploads\/2023\/12\/large_square_tile_image-2023.jpg","width":310,"height":310},{"@type":"BreadcrumbList","@id":"https:\/\/www.iplay.com\/de\/games\/crossroad-of-worlds-cursed-letters-collectors-edition\/#breadcrumb","itemListElement":[{"@type":"ListItem","position":1,"name":"Home","item":"https:\/\/www.iplay.com\/de\/home-page-2\/"},{"@type":"ListItem","position":2,"name":"Shop","item":"https:\/\/www.iplay.com\/en\/shop\/"},{"@type":"ListItem","position":3,"name":"Crossroad of Worlds: Cursed Letters Collector&#8217;s Edition"}]},{"@type":"WebSite","@id":"https:\/\/www.iplay.com\/en\/#website","url":"https:\/\/www.iplay.com\/en\/","name":"IPlay","description":"The Best Casual Games!","publisher":{"@id":"https:\/\/www.iplay.com\/en\/#organization"},"potentialAction":[{"@type":"SearchAction","target":{"@type":"EntryPoint","urlTemplate":"https:\/\/www.iplay.com\/en\/?s={search_term_string}"},"query-input":{"@type":"PropertyValueSpecification","valueRequired":true,"valueName":"search_term_string"}}],"inLanguage":"de-DE"},{"@type":"Organization","@id":"https:\/\/www.iplay.com\/en\/#organization","name":"IPlay","url":"https:\/\/www.iplay.com\/en\/","logo":{"@type":"ImageObject","inLanguage":"de-DE","@id":"https:\/\/www.iplay.com\/en\/#\/schema\/logo\/image\/","url":"https:\/\/www.iplay.com\/wp-content\/uploads\/2023\/11\/Group-6100.svg","contentUrl":"https:\/\/www.iplay.com\/wp-content\/uploads\/2023\/11\/Group-6100.svg","width":98,"height":25,"caption":"IPlay"},"image":{"@id":"https:\/\/www.iplay.com\/en\/#\/schema\/logo\/image\/"}}]}},"_links":{"self":[{"href":"https:\/\/www.iplay.com\/de\/wp-json\/wp\/v2\/product\/129949","targetHints":{"allow":["GET"]}}],"collection":[{"href":"https:\/\/www.iplay.com\/de\/wp-json\/wp\/v2\/product"}],"about":[{"href":"https:\/\/www.iplay.com\/de\/wp-json\/wp\/v2\/types\/product"}],"author":[{"embeddable":true,"href":"https:\/\/www.iplay.com\/de\/wp-json\/wp\/v2\/users\/52"}],"replies":[{"embeddable":true,"href":"https:\/\/www.iplay.com\/de\/wp-json\/wp\/v2\/comments?post=129949"}],"wp:featuredmedia":[{"embeddable":true,"href":"https:\/\/www.iplay.com\/de\/wp-json\/wp\/v2\/media\/72502"}],"wp:attachment":[{"href":"https:\/\/www.iplay.com\/de\/wp-json\/wp\/v2\/media?parent=129949"}],"wp:term":[{"taxonomy":"product_brand","embeddable":true,"href":"https:\/\/www.iplay.com\/de\/wp-json\/wp\/v2\/product_brand?post=129949"},{"taxonomy":"product_cat","embeddable":true,"href":"https:\/\/www.iplay.com\/de\/wp-json\/wp\/v2\/product_cat?post=129949"},{"taxonomy":"product_tag","embeddable":true,"href":"https:\/\/www.iplay.com\/de\/wp-json\/wp\/v2\/product_tag?post=129949"}],"curies":[{"name":"wp","href":"https:\/\/api.w.org\/{rel}","templated":true}]}}