{"id":129872,"date":"2023-11-10T00:00:02","date_gmt":"2023-11-10T00:00:02","guid":{"rendered":"https:\/\/www.iplay.com\/games\/sweet-home-look-and-find-collectors-edition\/"},"modified":"2023-11-10T00:00:02","modified_gmt":"2023-11-10T00:00:02","slug":"sweet-home-look-and-find-collectors-edition","status":"publish","type":"product","link":"https:\/\/www.iplay.com\/de\/games\/sweet-home-look-and-find-collectors-edition\/","title":{"rendered":"Sweet Home: Look and Find Collector&#8217;s Edition"},"content":{"rendered":"<p>Tauchen Sie ein in die ruhige Atmosph\u00e4re Ihres Zuhauses mit dem aufregenden neuen Spiel Sweet Home: Look and Find. Tauche ein in die Freude am Entdecken, w\u00e4hrend du Geheimnisse l\u00fcftest, R\u00e4tsel l\u00f6st und fesselnde Minispiele spielst, die alle mit verbesserter Qualit\u00e4t und Tiefe ausgestattet sind! Passen Sie Ihren Raum in Sweet Home: Look and Find an, indem Sie Accessoires und zus\u00e4tzliche M\u00f6bel ausw\u00e4hlen. Versch\u00f6nern Sie Ihre Umgebung mit entz\u00fcckenden Dekorationen und schaffen Sie eine gem\u00fctliche Oase, die Sie Ihr Eigen nennen k\u00f6nnen. Begeben Sie sich auf eine aufregende Reise zu verschiedenen einladenden Orten &#8211; schlendern Sie durch die malerische Natur, faulenzen Sie am Pool und veranstalten Sie ein Barbecue im Garten! Nutze deine F\u00e4higkeiten und dein Wissen, um jedes versteckte Objekt aufzudecken und in den Minispielen zu triumphieren.     <\/p>\n<p>Funktionen:<\/p>\n<ul>\n<li>Erkunde acht weitere Orte voller versteckter Sch\u00e4tze!<\/li>\n<li>Tauche ein in acht brandneue Minispiele f\u00fcr zus\u00e4tzliche Spannung.<\/li>\n<li>Genie\u00dfe acht Bonus-Minispiele aus den vorherigen Abschnitten f\u00fcr noch mehr Spa\u00df.<\/li>\n<li>Schm\u00fccken Sie Ihren Desktop mit charmanten Hintergr\u00fcnden.<\/li>\n<li>Gestalten Sie Ihre Apartments mit einer Reihe von Inneneinrichtungen ganz nach Ihrem Geschmack.<\/li>\n<\/ul>\n","protected":false},"excerpt":{"rendered":"<p>Treten Sie ein in die ruhige Atmosph\u00e4re des Zuhauses mit Sweet Home: Look and Find und planen Sie Ihre Einrichtungsfreude.<\/p>\n","protected":false},"author":130,"featured_media":71286,"comment_status":"open","ping_status":"closed","template":"","meta":{"_acf_changed":false,"inline_featured_image":false},"product_brand":[],"product_cat":[164],"product_tag":[289],"class_list":{"0":"post-129872","1":"product","2":"type-product","3":"status-publish","4":"has-post-thumbnail","6":"product_cat-hidden-object-de","7":"product_tag-play-on-pc-de","9":"first","10":"instock","11":"shipping-taxable","12":"purchasable","13":"product-type-simple"},"acf":[],"yoast_head":"<!-- This site is optimized with the Yoast SEO Premium plugin v25.2 (Yoast SEO v25.2) - https:\/\/yoast.com\/wordpress\/plugins\/seo\/ -->\n<title>Sweet Home: Look and Find Collector&#039;s Edition - Entspannen Sie sich bei einer spannenden Objektsuche in gem\u00fctlichen Einrichtungsgegenst\u00e4nden<\/title>\n<meta name=\"description\" content=\"Treten Sie ein in die ruhige Atmosph\u00e4re des Zuhauses mit Sweet Home: Look and Find und planen Sie Ihre Einrichtungsfreude.\" \/>\n<meta name=\"robots\" content=\"index, follow, max-snippet:-1, max-image-preview:large, max-video-preview:-1\" \/>\n<link rel=\"canonical\" href=\"https:\/\/www.iplay.com\/de\/games\/sweet-home-look-and-find-collectors-edition\/\" \/>\n<meta property=\"og:locale\" content=\"de_DE\" \/>\n<meta property=\"og:type\" content=\"article\" \/>\n<meta property=\"og:title\" content=\"Sweet Home: Look and Find Collector&#039;s Edition\" \/>\n<meta property=\"og:description\" content=\"Treten Sie ein in die ruhige Atmosph\u00e4re des Zuhauses mit Sweet Home: Look and Find und planen Sie Ihre Einrichtungsfreude.\" \/>\n<meta property=\"og:url\" content=\"https:\/\/www.iplay.com\/de\/games\/sweet-home-look-and-find-collectors-edition\/\" \/>\n<meta property=\"og:site_name\" content=\"IPlay\" \/>\n<meta property=\"og:image\" content=\"https:\/\/www.iplay.com\/wp-content\/uploads\/2023\/12\/large_square_tile_image-1945.jpg\" \/>\n\t<meta property=\"og:image:width\" content=\"310\" \/>\n\t<meta property=\"og:image:height\" content=\"310\" \/>\n\t<meta property=\"og:image:type\" content=\"image\/jpeg\" \/>\n<meta name=\"twitter:card\" content=\"summary_large_image\" \/>\n<meta name=\"twitter:label1\" content=\"Gesch\u00e4tzte Lesezeit\" \/>\n\t<meta name=\"twitter:data1\" content=\"1 Minute\" \/>\n<script type=\"application\/ld+json\" class=\"yoast-schema-graph\">{\"@context\":\"https:\/\/schema.org\",\"@graph\":[{\"@type\":\"WebPage\",\"@id\":\"https:\/\/www.iplay.com\/de\/games\/sweet-home-look-and-find-collectors-edition\/\",\"url\":\"https:\/\/www.iplay.com\/de\/games\/sweet-home-look-and-find-collectors-edition\/\",\"name\":\"Sweet Home: Look and Find Collector's Edition - Entspannen Sie sich bei einer spannenden Objektsuche in gem\u00fctlichen Einrichtungsgegenst\u00e4nden\",\"isPartOf\":{\"@id\":\"https:\/\/www.iplay.com\/en\/#website\"},\"primaryImageOfPage\":{\"@id\":\"https:\/\/www.iplay.com\/de\/games\/sweet-home-look-and-find-collectors-edition\/#primaryimage\"},\"image\":{\"@id\":\"https:\/\/www.iplay.com\/de\/games\/sweet-home-look-and-find-collectors-edition\/#primaryimage\"},\"thumbnailUrl\":\"https:\/\/www.iplay.com\/wp-content\/uploads\/2023\/12\/large_square_tile_image-1945.jpg\",\"datePublished\":\"2023-11-10T00:00:02+00:00\",\"description\":\"Treten Sie ein in die ruhige Atmosph\u00e4re des Zuhauses mit Sweet Home: Look and Find und planen Sie Ihre Einrichtungsfreude.\",\"breadcrumb\":{\"@id\":\"https:\/\/www.iplay.com\/de\/games\/sweet-home-look-and-find-collectors-edition\/#breadcrumb\"},\"inLanguage\":\"de-DE\",\"potentialAction\":[{\"@type\":\"ReadAction\",\"target\":[\"https:\/\/www.iplay.com\/de\/games\/sweet-home-look-and-find-collectors-edition\/\"]}]},{\"@type\":\"ImageObject\",\"inLanguage\":\"de-DE\",\"@id\":\"https:\/\/www.iplay.com\/de\/games\/sweet-home-look-and-find-collectors-edition\/#primaryimage\",\"url\":\"https:\/\/www.iplay.com\/wp-content\/uploads\/2023\/12\/large_square_tile_image-1945.jpg\",\"contentUrl\":\"https:\/\/www.iplay.com\/wp-content\/uploads\/2023\/12\/large_square_tile_image-1945.jpg\",\"width\":310,\"height\":310},{\"@type\":\"BreadcrumbList\",\"@id\":\"https:\/\/www.iplay.com\/de\/games\/sweet-home-look-and-find-collectors-edition\/#breadcrumb\",\"itemListElement\":[{\"@type\":\"ListItem\",\"position\":1,\"name\":\"Home\",\"item\":\"https:\/\/www.iplay.com\/de\/home-page-2\/\"},{\"@type\":\"ListItem\",\"position\":2,\"name\":\"Shop\",\"item\":\"https:\/\/www.iplay.com\/en\/shop\/\"},{\"@type\":\"ListItem\",\"position\":3,\"name\":\"Sweet Home: Look and Find Collector&#8217;s Edition\"}]},{\"@type\":\"WebSite\",\"@id\":\"https:\/\/www.iplay.com\/en\/#website\",\"url\":\"https:\/\/www.iplay.com\/en\/\",\"name\":\"IPlay\",\"description\":\"The Best Casual Games!\",\"publisher\":{\"@id\":\"https:\/\/www.iplay.com\/en\/#organization\"},\"potentialAction\":[{\"@type\":\"SearchAction\",\"target\":{\"@type\":\"EntryPoint\",\"urlTemplate\":\"https:\/\/www.iplay.com\/en\/?s={search_term_string}\"},\"query-input\":{\"@type\":\"PropertyValueSpecification\",\"valueRequired\":true,\"valueName\":\"search_term_string\"}}],\"inLanguage\":\"de-DE\"},{\"@type\":\"Organization\",\"@id\":\"https:\/\/www.iplay.com\/en\/#organization\",\"name\":\"IPlay\",\"url\":\"https:\/\/www.iplay.com\/en\/\",\"logo\":{\"@type\":\"ImageObject\",\"inLanguage\":\"de-DE\",\"@id\":\"https:\/\/www.iplay.com\/en\/#\/schema\/logo\/image\/\",\"url\":\"https:\/\/www.iplay.com\/wp-content\/uploads\/2023\/11\/Group-6100.svg\",\"contentUrl\":\"https:\/\/www.iplay.com\/wp-content\/uploads\/2023\/11\/Group-6100.svg\",\"width\":98,\"height\":25,\"caption\":\"IPlay\"},\"image\":{\"@id\":\"https:\/\/www.iplay.com\/en\/#\/schema\/logo\/image\/\"}}]}<\/script>\n<!-- \/ Yoast SEO Premium plugin. -->","yoast_head_json":{"title":"Sweet Home: Look and Find Collector's Edition - Entspannen Sie sich bei einer spannenden Objektsuche in gem\u00fctlichen Einrichtungsgegenst\u00e4nden","description":"Treten Sie ein in die ruhige Atmosph\u00e4re des Zuhauses mit Sweet Home: Look and Find und planen Sie Ihre Einrichtungsfreude.","robots":{"index":"index","follow":"follow","max-snippet":"max-snippet:-1","max-image-preview":"max-image-preview:large","max-video-preview":"max-video-preview:-1"},"canonical":"https:\/\/www.iplay.com\/de\/games\/sweet-home-look-and-find-collectors-edition\/","og_locale":"de_DE","og_type":"article","og_title":"Sweet Home: Look and Find Collector's Edition","og_description":"Treten Sie ein in die ruhige Atmosph\u00e4re des Zuhauses mit Sweet Home: Look and Find und planen Sie Ihre Einrichtungsfreude.","og_url":"https:\/\/www.iplay.com\/de\/games\/sweet-home-look-and-find-collectors-edition\/","og_site_name":"IPlay","og_image":[{"width":310,"height":310,"url":"https:\/\/www.iplay.com\/wp-content\/uploads\/2023\/12\/large_square_tile_image-1945.jpg","type":"image\/jpeg"}],"twitter_card":"summary_large_image","twitter_misc":{"Gesch\u00e4tzte Lesezeit":"1 Minute"},"schema":{"@context":"https:\/\/schema.org","@graph":[{"@type":"WebPage","@id":"https:\/\/www.iplay.com\/de\/games\/sweet-home-look-and-find-collectors-edition\/","url":"https:\/\/www.iplay.com\/de\/games\/sweet-home-look-and-find-collectors-edition\/","name":"Sweet Home: Look and Find Collector's Edition - Entspannen Sie sich bei einer spannenden Objektsuche in gem\u00fctlichen Einrichtungsgegenst\u00e4nden","isPartOf":{"@id":"https:\/\/www.iplay.com\/en\/#website"},"primaryImageOfPage":{"@id":"https:\/\/www.iplay.com\/de\/games\/sweet-home-look-and-find-collectors-edition\/#primaryimage"},"image":{"@id":"https:\/\/www.iplay.com\/de\/games\/sweet-home-look-and-find-collectors-edition\/#primaryimage"},"thumbnailUrl":"https:\/\/www.iplay.com\/wp-content\/uploads\/2023\/12\/large_square_tile_image-1945.jpg","datePublished":"2023-11-10T00:00:02+00:00","description":"Treten Sie ein in die ruhige Atmosph\u00e4re des Zuhauses mit Sweet Home: Look and Find und planen Sie Ihre Einrichtungsfreude.","breadcrumb":{"@id":"https:\/\/www.iplay.com\/de\/games\/sweet-home-look-and-find-collectors-edition\/#breadcrumb"},"inLanguage":"de-DE","potentialAction":[{"@type":"ReadAction","target":["https:\/\/www.iplay.com\/de\/games\/sweet-home-look-and-find-collectors-edition\/"]}]},{"@type":"ImageObject","inLanguage":"de-DE","@id":"https:\/\/www.iplay.com\/de\/games\/sweet-home-look-and-find-collectors-edition\/#primaryimage","url":"https:\/\/www.iplay.com\/wp-content\/uploads\/2023\/12\/large_square_tile_image-1945.jpg","contentUrl":"https:\/\/www.iplay.com\/wp-content\/uploads\/2023\/12\/large_square_tile_image-1945.jpg","width":310,"height":310},{"@type":"BreadcrumbList","@id":"https:\/\/www.iplay.com\/de\/games\/sweet-home-look-and-find-collectors-edition\/#breadcrumb","itemListElement":[{"@type":"ListItem","position":1,"name":"Home","item":"https:\/\/www.iplay.com\/de\/home-page-2\/"},{"@type":"ListItem","position":2,"name":"Shop","item":"https:\/\/www.iplay.com\/en\/shop\/"},{"@type":"ListItem","position":3,"name":"Sweet Home: Look and Find Collector&#8217;s Edition"}]},{"@type":"WebSite","@id":"https:\/\/www.iplay.com\/en\/#website","url":"https:\/\/www.iplay.com\/en\/","name":"IPlay","description":"The Best Casual Games!","publisher":{"@id":"https:\/\/www.iplay.com\/en\/#organization"},"potentialAction":[{"@type":"SearchAction","target":{"@type":"EntryPoint","urlTemplate":"https:\/\/www.iplay.com\/en\/?s={search_term_string}"},"query-input":{"@type":"PropertyValueSpecification","valueRequired":true,"valueName":"search_term_string"}}],"inLanguage":"de-DE"},{"@type":"Organization","@id":"https:\/\/www.iplay.com\/en\/#organization","name":"IPlay","url":"https:\/\/www.iplay.com\/en\/","logo":{"@type":"ImageObject","inLanguage":"de-DE","@id":"https:\/\/www.iplay.com\/en\/#\/schema\/logo\/image\/","url":"https:\/\/www.iplay.com\/wp-content\/uploads\/2023\/11\/Group-6100.svg","contentUrl":"https:\/\/www.iplay.com\/wp-content\/uploads\/2023\/11\/Group-6100.svg","width":98,"height":25,"caption":"IPlay"},"image":{"@id":"https:\/\/www.iplay.com\/en\/#\/schema\/logo\/image\/"}}]}},"_links":{"self":[{"href":"https:\/\/www.iplay.com\/de\/wp-json\/wp\/v2\/product\/129872","targetHints":{"allow":["GET"]}}],"collection":[{"href":"https:\/\/www.iplay.com\/de\/wp-json\/wp\/v2\/product"}],"about":[{"href":"https:\/\/www.iplay.com\/de\/wp-json\/wp\/v2\/types\/product"}],"author":[{"embeddable":true,"href":"https:\/\/www.iplay.com\/de\/wp-json\/wp\/v2\/users\/130"}],"replies":[{"embeddable":true,"href":"https:\/\/www.iplay.com\/de\/wp-json\/wp\/v2\/comments?post=129872"}],"wp:featuredmedia":[{"embeddable":true,"href":"https:\/\/www.iplay.com\/de\/wp-json\/wp\/v2\/media\/71286"}],"wp:attachment":[{"href":"https:\/\/www.iplay.com\/de\/wp-json\/wp\/v2\/media?parent=129872"}],"wp:term":[{"taxonomy":"product_brand","embeddable":true,"href":"https:\/\/www.iplay.com\/de\/wp-json\/wp\/v2\/product_brand?post=129872"},{"taxonomy":"product_cat","embeddable":true,"href":"https:\/\/www.iplay.com\/de\/wp-json\/wp\/v2\/product_cat?post=129872"},{"taxonomy":"product_tag","embeddable":true,"href":"https:\/\/www.iplay.com\/de\/wp-json\/wp\/v2\/product_tag?post=129872"}],"curies":[{"name":"wp","href":"https:\/\/api.w.org\/{rel}","templated":true}]}}