{"id":129851,"date":"2023-11-07T00:00:00","date_gmt":"2023-11-07T00:00:00","guid":{"rendered":"https:\/\/www.iplay.com\/games\/runefall-2-collectors-edition\/"},"modified":"2025-04-03T21:41:26","modified_gmt":"2025-04-03T21:41:26","slug":"runefall-2-collectors-edition","status":"publish","type":"product","link":"https:\/\/www.iplay.com\/de\/games\/runefall-2-collectors-edition\/","title":{"rendered":"Runefall 2 &#8211; Collector&#8217;s Edition"},"content":{"rendered":"<p>Begeben Sie sich mit Ihren ehemaligen Freunden aus dem Rivermoor auf ein spannendes Match-3-Abenteuer. Die Bewohner von Rivermoor hatten nicht viel Zeit, sich zu freuen, nachdem es ihnen zuvor gelungen war, alle lange verschollenen Runen wiederzufinden. Am n\u00e4chsten Morgen wurden sie bereits direkt vor der Nase weggezogen! Entdecke das Reich von Silverdale, w\u00e4hrend du einen Banditendieb verfolgst! Finde Karten, die zu versteckten Orten f\u00fchren, und erhalte Bonuslevel. Erf\u00fclle Quests f\u00fcr Menschen im K\u00f6nigreich, um Upgrades und neue Power-Ups zu erhalten. Entdecke neue Pers\u00f6nlichkeiten, die dich anleiten und unterst\u00fctzen, w\u00e4hrend du Hinweisen folgst, um die fehlenden Runen zu finden. Nutze deine m\u00e4chtigen Power-Ups, um dich \u00fcber die Berge von Cliffhaven zu katapultieren. Sind Sie bereit f\u00fcr die Reise?        <\/p>\n<p>&nbsp;<\/p>\n<p><strong>Funktionen:<\/strong><\/p>\n<p>&#8211; Erkunde riesige Levels.<br \/>\n&#8211; Charaktere mit vollst\u00e4ndiger Sprachausgabe!<br \/>\n&#8211; Mehrere Power-Ups, Upgrades und Boni k\u00f6nnen erworben werden.<br \/>\n&#8211; Herrliche hochaufl\u00f6sende Bilder.<br \/>\n&#8211; Hervorragender Soundtrack mit Orchestrierung.<\/p>\n","protected":false},"excerpt":{"rendered":"<p>Begeben Sie sich auf ein spannendes Match-3-Abenteuer im ganzen K\u00f6nigreich! In der Collector&#8217;s Edition von Runefall 2 <\/p>\n","protected":false},"author":20,"featured_media":71366,"comment_status":"open","ping_status":"closed","template":"","meta":{"_acf_changed":false,"inline_featured_image":false},"product_brand":[],"product_cat":[194],"product_tag":[289],"class_list":{"0":"post-129851","1":"product","2":"type-product","3":"status-publish","4":"has-post-thumbnail","6":"product_cat-puzzle-de","7":"product_tag-play-on-pc-de","9":"first","10":"instock","11":"shipping-taxable","12":"purchasable","13":"product-type-simple"},"acf":[],"yoast_head":"<!-- This site is optimized with the Yoast SEO Premium plugin v25.2 (Yoast SEO v25.2) - https:\/\/yoast.com\/wordpress\/plugins\/seo\/ -->\n<title>Runefall 2 - Collector&#039;s Edition - Tauche mit Runefall 2 in ein episches Match-3-Abenteuer ein<\/title>\n<meta name=\"description\" content=\"Begeben Sie sich auf ein spannendes Match-3-Abenteuer im ganzen K\u00f6nigreich! In der Collector&#039;s Edition von Runefall 2\" \/>\n<meta name=\"robots\" content=\"index, follow, max-snippet:-1, max-image-preview:large, max-video-preview:-1\" \/>\n<link rel=\"canonical\" href=\"https:\/\/www.iplay.com\/de\/games\/runefall-2-collectors-edition\/\" \/>\n<meta property=\"og:locale\" content=\"de_DE\" \/>\n<meta property=\"og:type\" content=\"article\" \/>\n<meta property=\"og:title\" content=\"Runefall 2 - Collector&#039;s Edition\" \/>\n<meta property=\"og:description\" content=\"Begeben Sie sich auf ein spannendes Match-3-Abenteuer im ganzen K\u00f6nigreich! In der Collector&#039;s Edition von Runefall 2\" \/>\n<meta property=\"og:url\" content=\"https:\/\/www.iplay.com\/de\/games\/runefall-2-collectors-edition\/\" \/>\n<meta property=\"og:site_name\" content=\"IPlay\" \/>\n<meta property=\"article:modified_time\" content=\"2025-04-03T21:41:26+00:00\" \/>\n<meta property=\"og:image\" content=\"https:\/\/www.iplay.com\/wp-content\/uploads\/2023\/12\/large_square_tile_image-1950.jpg\" \/>\n\t<meta property=\"og:image:width\" content=\"310\" \/>\n\t<meta property=\"og:image:height\" content=\"310\" \/>\n\t<meta property=\"og:image:type\" content=\"image\/jpeg\" \/>\n<meta name=\"twitter:card\" content=\"summary_large_image\" \/>\n<meta name=\"twitter:label1\" content=\"Gesch\u00e4tzte Lesezeit\" \/>\n\t<meta name=\"twitter:data1\" content=\"1 Minute\" \/>\n<script type=\"application\/ld+json\" class=\"yoast-schema-graph\">{\"@context\":\"https:\/\/schema.org\",\"@graph\":[{\"@type\":\"WebPage\",\"@id\":\"https:\/\/www.iplay.com\/de\/games\/runefall-2-collectors-edition\/\",\"url\":\"https:\/\/www.iplay.com\/de\/games\/runefall-2-collectors-edition\/\",\"name\":\"Runefall 2 - Collector's Edition - Tauche mit Runefall 2 in ein episches Match-3-Abenteuer ein\",\"isPartOf\":{\"@id\":\"https:\/\/www.iplay.com\/en\/#website\"},\"primaryImageOfPage\":{\"@id\":\"https:\/\/www.iplay.com\/de\/games\/runefall-2-collectors-edition\/#primaryimage\"},\"image\":{\"@id\":\"https:\/\/www.iplay.com\/de\/games\/runefall-2-collectors-edition\/#primaryimage\"},\"thumbnailUrl\":\"https:\/\/www.iplay.com\/wp-content\/uploads\/2023\/12\/large_square_tile_image-1950.jpg\",\"datePublished\":\"2023-11-07T00:00:00+00:00\",\"dateModified\":\"2025-04-03T21:41:26+00:00\",\"description\":\"Begeben Sie sich auf ein spannendes Match-3-Abenteuer im ganzen K\u00f6nigreich! In der Collector's Edition von Runefall 2\",\"breadcrumb\":{\"@id\":\"https:\/\/www.iplay.com\/de\/games\/runefall-2-collectors-edition\/#breadcrumb\"},\"inLanguage\":\"de-DE\",\"potentialAction\":[{\"@type\":\"ReadAction\",\"target\":[\"https:\/\/www.iplay.com\/de\/games\/runefall-2-collectors-edition\/\"]}]},{\"@type\":\"ImageObject\",\"inLanguage\":\"de-DE\",\"@id\":\"https:\/\/www.iplay.com\/de\/games\/runefall-2-collectors-edition\/#primaryimage\",\"url\":\"https:\/\/www.iplay.com\/wp-content\/uploads\/2023\/12\/large_square_tile_image-1950.jpg\",\"contentUrl\":\"https:\/\/www.iplay.com\/wp-content\/uploads\/2023\/12\/large_square_tile_image-1950.jpg\",\"width\":310,\"height\":310},{\"@type\":\"BreadcrumbList\",\"@id\":\"https:\/\/www.iplay.com\/de\/games\/runefall-2-collectors-edition\/#breadcrumb\",\"itemListElement\":[{\"@type\":\"ListItem\",\"position\":1,\"name\":\"Home\",\"item\":\"https:\/\/www.iplay.com\/de\/home-page-2\/\"},{\"@type\":\"ListItem\",\"position\":2,\"name\":\"Shop\",\"item\":\"https:\/\/www.iplay.com\/en\/shop\/\"},{\"@type\":\"ListItem\",\"position\":3,\"name\":\"Runefall 2 &#8211; Collector&#8217;s Edition\"}]},{\"@type\":\"WebSite\",\"@id\":\"https:\/\/www.iplay.com\/en\/#website\",\"url\":\"https:\/\/www.iplay.com\/en\/\",\"name\":\"IPlay\",\"description\":\"The Best Casual Games!\",\"publisher\":{\"@id\":\"https:\/\/www.iplay.com\/en\/#organization\"},\"potentialAction\":[{\"@type\":\"SearchAction\",\"target\":{\"@type\":\"EntryPoint\",\"urlTemplate\":\"https:\/\/www.iplay.com\/en\/?s={search_term_string}\"},\"query-input\":{\"@type\":\"PropertyValueSpecification\",\"valueRequired\":true,\"valueName\":\"search_term_string\"}}],\"inLanguage\":\"de-DE\"},{\"@type\":\"Organization\",\"@id\":\"https:\/\/www.iplay.com\/en\/#organization\",\"name\":\"IPlay\",\"url\":\"https:\/\/www.iplay.com\/en\/\",\"logo\":{\"@type\":\"ImageObject\",\"inLanguage\":\"de-DE\",\"@id\":\"https:\/\/www.iplay.com\/en\/#\/schema\/logo\/image\/\",\"url\":\"https:\/\/www.iplay.com\/wp-content\/uploads\/2023\/11\/Group-6100.svg\",\"contentUrl\":\"https:\/\/www.iplay.com\/wp-content\/uploads\/2023\/11\/Group-6100.svg\",\"width\":98,\"height\":25,\"caption\":\"IPlay\"},\"image\":{\"@id\":\"https:\/\/www.iplay.com\/en\/#\/schema\/logo\/image\/\"}}]}<\/script>\n<!-- \/ Yoast SEO Premium plugin. -->","yoast_head_json":{"title":"Runefall 2 - Collector's Edition - Tauche mit Runefall 2 in ein episches Match-3-Abenteuer ein","description":"Begeben Sie sich auf ein spannendes Match-3-Abenteuer im ganzen K\u00f6nigreich! In der Collector's Edition von Runefall 2","robots":{"index":"index","follow":"follow","max-snippet":"max-snippet:-1","max-image-preview":"max-image-preview:large","max-video-preview":"max-video-preview:-1"},"canonical":"https:\/\/www.iplay.com\/de\/games\/runefall-2-collectors-edition\/","og_locale":"de_DE","og_type":"article","og_title":"Runefall 2 - Collector's Edition","og_description":"Begeben Sie sich auf ein spannendes Match-3-Abenteuer im ganzen K\u00f6nigreich! In der Collector's Edition von Runefall 2","og_url":"https:\/\/www.iplay.com\/de\/games\/runefall-2-collectors-edition\/","og_site_name":"IPlay","article_modified_time":"2025-04-03T21:41:26+00:00","og_image":[{"width":310,"height":310,"url":"https:\/\/www.iplay.com\/wp-content\/uploads\/2023\/12\/large_square_tile_image-1950.jpg","type":"image\/jpeg"}],"twitter_card":"summary_large_image","twitter_misc":{"Gesch\u00e4tzte Lesezeit":"1 Minute"},"schema":{"@context":"https:\/\/schema.org","@graph":[{"@type":"WebPage","@id":"https:\/\/www.iplay.com\/de\/games\/runefall-2-collectors-edition\/","url":"https:\/\/www.iplay.com\/de\/games\/runefall-2-collectors-edition\/","name":"Runefall 2 - Collector's Edition - Tauche mit Runefall 2 in ein episches Match-3-Abenteuer ein","isPartOf":{"@id":"https:\/\/www.iplay.com\/en\/#website"},"primaryImageOfPage":{"@id":"https:\/\/www.iplay.com\/de\/games\/runefall-2-collectors-edition\/#primaryimage"},"image":{"@id":"https:\/\/www.iplay.com\/de\/games\/runefall-2-collectors-edition\/#primaryimage"},"thumbnailUrl":"https:\/\/www.iplay.com\/wp-content\/uploads\/2023\/12\/large_square_tile_image-1950.jpg","datePublished":"2023-11-07T00:00:00+00:00","dateModified":"2025-04-03T21:41:26+00:00","description":"Begeben Sie sich auf ein spannendes Match-3-Abenteuer im ganzen K\u00f6nigreich! In der Collector's Edition von Runefall 2","breadcrumb":{"@id":"https:\/\/www.iplay.com\/de\/games\/runefall-2-collectors-edition\/#breadcrumb"},"inLanguage":"de-DE","potentialAction":[{"@type":"ReadAction","target":["https:\/\/www.iplay.com\/de\/games\/runefall-2-collectors-edition\/"]}]},{"@type":"ImageObject","inLanguage":"de-DE","@id":"https:\/\/www.iplay.com\/de\/games\/runefall-2-collectors-edition\/#primaryimage","url":"https:\/\/www.iplay.com\/wp-content\/uploads\/2023\/12\/large_square_tile_image-1950.jpg","contentUrl":"https:\/\/www.iplay.com\/wp-content\/uploads\/2023\/12\/large_square_tile_image-1950.jpg","width":310,"height":310},{"@type":"BreadcrumbList","@id":"https:\/\/www.iplay.com\/de\/games\/runefall-2-collectors-edition\/#breadcrumb","itemListElement":[{"@type":"ListItem","position":1,"name":"Home","item":"https:\/\/www.iplay.com\/de\/home-page-2\/"},{"@type":"ListItem","position":2,"name":"Shop","item":"https:\/\/www.iplay.com\/en\/shop\/"},{"@type":"ListItem","position":3,"name":"Runefall 2 &#8211; Collector&#8217;s Edition"}]},{"@type":"WebSite","@id":"https:\/\/www.iplay.com\/en\/#website","url":"https:\/\/www.iplay.com\/en\/","name":"IPlay","description":"The Best Casual Games!","publisher":{"@id":"https:\/\/www.iplay.com\/en\/#organization"},"potentialAction":[{"@type":"SearchAction","target":{"@type":"EntryPoint","urlTemplate":"https:\/\/www.iplay.com\/en\/?s={search_term_string}"},"query-input":{"@type":"PropertyValueSpecification","valueRequired":true,"valueName":"search_term_string"}}],"inLanguage":"de-DE"},{"@type":"Organization","@id":"https:\/\/www.iplay.com\/en\/#organization","name":"IPlay","url":"https:\/\/www.iplay.com\/en\/","logo":{"@type":"ImageObject","inLanguage":"de-DE","@id":"https:\/\/www.iplay.com\/en\/#\/schema\/logo\/image\/","url":"https:\/\/www.iplay.com\/wp-content\/uploads\/2023\/11\/Group-6100.svg","contentUrl":"https:\/\/www.iplay.com\/wp-content\/uploads\/2023\/11\/Group-6100.svg","width":98,"height":25,"caption":"IPlay"},"image":{"@id":"https:\/\/www.iplay.com\/en\/#\/schema\/logo\/image\/"}}]}},"_links":{"self":[{"href":"https:\/\/www.iplay.com\/de\/wp-json\/wp\/v2\/product\/129851","targetHints":{"allow":["GET"]}}],"collection":[{"href":"https:\/\/www.iplay.com\/de\/wp-json\/wp\/v2\/product"}],"about":[{"href":"https:\/\/www.iplay.com\/de\/wp-json\/wp\/v2\/types\/product"}],"author":[{"embeddable":true,"href":"https:\/\/www.iplay.com\/de\/wp-json\/wp\/v2\/users\/20"}],"replies":[{"embeddable":true,"href":"https:\/\/www.iplay.com\/de\/wp-json\/wp\/v2\/comments?post=129851"}],"wp:featuredmedia":[{"embeddable":true,"href":"https:\/\/www.iplay.com\/de\/wp-json\/wp\/v2\/media\/71366"}],"wp:attachment":[{"href":"https:\/\/www.iplay.com\/de\/wp-json\/wp\/v2\/media?parent=129851"}],"wp:term":[{"taxonomy":"product_brand","embeddable":true,"href":"https:\/\/www.iplay.com\/de\/wp-json\/wp\/v2\/product_brand?post=129851"},{"taxonomy":"product_cat","embeddable":true,"href":"https:\/\/www.iplay.com\/de\/wp-json\/wp\/v2\/product_cat?post=129851"},{"taxonomy":"product_tag","embeddable":true,"href":"https:\/\/www.iplay.com\/de\/wp-json\/wp\/v2\/product_tag?post=129851"}],"curies":[{"name":"wp","href":"https:\/\/api.w.org\/{rel}","templated":true}]}}