{"id":129838,"date":"2023-11-03T00:00:00","date_gmt":"2023-11-03T00:00:00","guid":{"rendered":"https:\/\/www.iplay.com\/games\/detective-agency-grey-tie-2-collectors-edition\/"},"modified":"2023-11-03T00:00:00","modified_gmt":"2023-11-03T00:00:00","slug":"detective-agency-grey-tie-2-collectors-edition","status":"publish","type":"product","link":"https:\/\/www.iplay.com\/de\/games\/detective-agency-grey-tie-2-collectors-edition\/","title":{"rendered":"Detective Agency: Grey Tie 2 &#8211; Collector&#8217;s Edition"},"content":{"rendered":"<p>Die Collector&#8217;s Edition von Detective Agency: Grey Tie 2 bietet wundersch\u00f6ne Schaupl\u00e4tze, eine Menge interessanter Objektsuchtechniken und brandneue Minispiele. In dieser faszinierenden Detektivgeschichte hilfst du den Ermittlern, ein gestohlenes Foto zu finden und das Verbrechen aufzukl\u00e4ren. Amanda und ihre Assistentin, beide erfahrene Ermittler, \u00fcbernehmen den Fall. Wenn Sie in Frankreich ankommen, werden Sie einem K\u00fcnstler namens Jovanni Rosen begegnen, der Sie anfleht, sein Meisterwerk zu finden. W\u00e4hrend Ihrer Reise werden Sie mehrere versteckte Orte entdecken. Bei der Verfolgung des R\u00e4ubers k\u00f6nnten Sie auf unerwartete Konsequenzen sto\u00dfen. Sobald du den Schwarzmarkt betrittst, wirst du eine Reihe interessanter Ger\u00e4te finden, die nur f\u00fcr Kriminelle gemacht wurden. Folgen Sie dem T\u00e4ter Schritt f\u00fcr Schritt, um in die clevere Falle zu tappen, die er f\u00fcr Sie gelegt hat!       <\/p>\n<p>&nbsp;<\/p>\n<p><strong>Funktionen:<\/strong><\/p>\n<p>&#8211; Acht zus\u00e4tzliche Orte mit jeder Menge Dinge, die es zu entdecken gilt!<br \/>\n&#8211; Es gibt noch 8 weitere Minispiele zu absolvieren!<br \/>\n&#8211; Herunterladbare Desktop-Bilder!<br \/>\n&#8211; Spielen Sie den Soundtrack des Films ab!<br \/>\n&#8211; Erweitern Sie Ihre Sammlung \u00fcberzeugender Beweise! Es gibt 12 zus\u00e4tzliche Minispiele f\u00fcr die Gamer unter euch!<\/p>\n","protected":false},"excerpt":{"rendered":"<p>L\u00f6se die R\u00e4tsel und untersuche den Diebstahl eines ber\u00fchmten Bildes.<\/p>\n","protected":false},"author":130,"featured_media":71430,"comment_status":"open","ping_status":"closed","template":"","meta":{"_acf_changed":false,"inline_featured_image":false},"product_brand":[],"product_cat":[164],"product_tag":[289],"class_list":{"0":"post-129838","1":"product","2":"type-product","3":"status-publish","4":"has-post-thumbnail","6":"product_cat-hidden-object-de","7":"product_tag-play-on-pc-de","9":"first","10":"instock","11":"shipping-taxable","12":"purchasable","13":"product-type-simple"},"acf":[],"yoast_head":"<!-- This site is optimized with the Yoast SEO Premium plugin v25.2 (Yoast SEO v25.2) - https:\/\/yoast.com\/wordpress\/plugins\/seo\/ -->\n<title>Detective Agency: Grey Tie 2 - Collector&#039;s Edition - L\u00f6se R\u00e4tsel und finde ein gestohlenes Meisterwerk zur\u00fcck<\/title>\n<meta name=\"description\" content=\"L\u00f6se die R\u00e4tsel und untersuche den Diebstahl eines ber\u00fchmten Bildes.\" \/>\n<meta name=\"robots\" content=\"index, follow, max-snippet:-1, max-image-preview:large, max-video-preview:-1\" \/>\n<link rel=\"canonical\" href=\"https:\/\/www.iplay.com\/de\/games\/detective-agency-grey-tie-2-collectors-edition\/\" \/>\n<meta property=\"og:locale\" content=\"de_DE\" \/>\n<meta property=\"og:type\" content=\"article\" \/>\n<meta property=\"og:title\" content=\"Detective Agency: Grey Tie 2 - Collector&#039;s Edition\" \/>\n<meta property=\"og:description\" content=\"L\u00f6se die R\u00e4tsel und untersuche den Diebstahl eines ber\u00fchmten Bildes.\" \/>\n<meta property=\"og:url\" content=\"https:\/\/www.iplay.com\/de\/games\/detective-agency-grey-tie-2-collectors-edition\/\" \/>\n<meta property=\"og:site_name\" content=\"IPlay\" \/>\n<meta property=\"og:image\" content=\"https:\/\/www.iplay.com\/wp-content\/uploads\/2023\/12\/large_square_tile_image-1954.jpg\" \/>\n\t<meta property=\"og:image:width\" content=\"310\" \/>\n\t<meta property=\"og:image:height\" content=\"310\" \/>\n\t<meta property=\"og:image:type\" content=\"image\/jpeg\" \/>\n<meta name=\"twitter:card\" content=\"summary_large_image\" \/>\n<meta name=\"twitter:label1\" content=\"Gesch\u00e4tzte Lesezeit\" \/>\n\t<meta name=\"twitter:data1\" content=\"1 Minute\" \/>\n<script type=\"application\/ld+json\" class=\"yoast-schema-graph\">{\"@context\":\"https:\/\/schema.org\",\"@graph\":[{\"@type\":\"WebPage\",\"@id\":\"https:\/\/www.iplay.com\/de\/games\/detective-agency-grey-tie-2-collectors-edition\/\",\"url\":\"https:\/\/www.iplay.com\/de\/games\/detective-agency-grey-tie-2-collectors-edition\/\",\"name\":\"Detective Agency: Grey Tie 2 - Collector's Edition - L\u00f6se R\u00e4tsel und finde ein gestohlenes Meisterwerk zur\u00fcck\",\"isPartOf\":{\"@id\":\"https:\/\/www.iplay.com\/en\/#website\"},\"primaryImageOfPage\":{\"@id\":\"https:\/\/www.iplay.com\/de\/games\/detective-agency-grey-tie-2-collectors-edition\/#primaryimage\"},\"image\":{\"@id\":\"https:\/\/www.iplay.com\/de\/games\/detective-agency-grey-tie-2-collectors-edition\/#primaryimage\"},\"thumbnailUrl\":\"https:\/\/www.iplay.com\/wp-content\/uploads\/2023\/12\/large_square_tile_image-1954.jpg\",\"datePublished\":\"2023-11-03T00:00:00+00:00\",\"description\":\"L\u00f6se die R\u00e4tsel und untersuche den Diebstahl eines ber\u00fchmten Bildes.\",\"breadcrumb\":{\"@id\":\"https:\/\/www.iplay.com\/de\/games\/detective-agency-grey-tie-2-collectors-edition\/#breadcrumb\"},\"inLanguage\":\"de-DE\",\"potentialAction\":[{\"@type\":\"ReadAction\",\"target\":[\"https:\/\/www.iplay.com\/de\/games\/detective-agency-grey-tie-2-collectors-edition\/\"]}]},{\"@type\":\"ImageObject\",\"inLanguage\":\"de-DE\",\"@id\":\"https:\/\/www.iplay.com\/de\/games\/detective-agency-grey-tie-2-collectors-edition\/#primaryimage\",\"url\":\"https:\/\/www.iplay.com\/wp-content\/uploads\/2023\/12\/large_square_tile_image-1954.jpg\",\"contentUrl\":\"https:\/\/www.iplay.com\/wp-content\/uploads\/2023\/12\/large_square_tile_image-1954.jpg\",\"width\":310,\"height\":310},{\"@type\":\"BreadcrumbList\",\"@id\":\"https:\/\/www.iplay.com\/de\/games\/detective-agency-grey-tie-2-collectors-edition\/#breadcrumb\",\"itemListElement\":[{\"@type\":\"ListItem\",\"position\":1,\"name\":\"Home\",\"item\":\"https:\/\/www.iplay.com\/de\/home-page-2\/\"},{\"@type\":\"ListItem\",\"position\":2,\"name\":\"Shop\",\"item\":\"https:\/\/www.iplay.com\/en\/shop\/\"},{\"@type\":\"ListItem\",\"position\":3,\"name\":\"Detective Agency: Grey Tie 2 &#8211; Collector&#8217;s Edition\"}]},{\"@type\":\"WebSite\",\"@id\":\"https:\/\/www.iplay.com\/en\/#website\",\"url\":\"https:\/\/www.iplay.com\/en\/\",\"name\":\"IPlay\",\"description\":\"The Best Casual Games!\",\"publisher\":{\"@id\":\"https:\/\/www.iplay.com\/en\/#organization\"},\"potentialAction\":[{\"@type\":\"SearchAction\",\"target\":{\"@type\":\"EntryPoint\",\"urlTemplate\":\"https:\/\/www.iplay.com\/en\/?s={search_term_string}\"},\"query-input\":{\"@type\":\"PropertyValueSpecification\",\"valueRequired\":true,\"valueName\":\"search_term_string\"}}],\"inLanguage\":\"de-DE\"},{\"@type\":\"Organization\",\"@id\":\"https:\/\/www.iplay.com\/en\/#organization\",\"name\":\"IPlay\",\"url\":\"https:\/\/www.iplay.com\/en\/\",\"logo\":{\"@type\":\"ImageObject\",\"inLanguage\":\"de-DE\",\"@id\":\"https:\/\/www.iplay.com\/en\/#\/schema\/logo\/image\/\",\"url\":\"https:\/\/www.iplay.com\/wp-content\/uploads\/2023\/11\/Group-6100.svg\",\"contentUrl\":\"https:\/\/www.iplay.com\/wp-content\/uploads\/2023\/11\/Group-6100.svg\",\"width\":98,\"height\":25,\"caption\":\"IPlay\"},\"image\":{\"@id\":\"https:\/\/www.iplay.com\/en\/#\/schema\/logo\/image\/\"}}]}<\/script>\n<!-- \/ Yoast SEO Premium plugin. -->","yoast_head_json":{"title":"Detective Agency: Grey Tie 2 - Collector's Edition - L\u00f6se R\u00e4tsel und finde ein gestohlenes Meisterwerk zur\u00fcck","description":"L\u00f6se die R\u00e4tsel und untersuche den Diebstahl eines ber\u00fchmten Bildes.","robots":{"index":"index","follow":"follow","max-snippet":"max-snippet:-1","max-image-preview":"max-image-preview:large","max-video-preview":"max-video-preview:-1"},"canonical":"https:\/\/www.iplay.com\/de\/games\/detective-agency-grey-tie-2-collectors-edition\/","og_locale":"de_DE","og_type":"article","og_title":"Detective Agency: Grey Tie 2 - Collector's Edition","og_description":"L\u00f6se die R\u00e4tsel und untersuche den Diebstahl eines ber\u00fchmten Bildes.","og_url":"https:\/\/www.iplay.com\/de\/games\/detective-agency-grey-tie-2-collectors-edition\/","og_site_name":"IPlay","og_image":[{"width":310,"height":310,"url":"https:\/\/www.iplay.com\/wp-content\/uploads\/2023\/12\/large_square_tile_image-1954.jpg","type":"image\/jpeg"}],"twitter_card":"summary_large_image","twitter_misc":{"Gesch\u00e4tzte Lesezeit":"1 Minute"},"schema":{"@context":"https:\/\/schema.org","@graph":[{"@type":"WebPage","@id":"https:\/\/www.iplay.com\/de\/games\/detective-agency-grey-tie-2-collectors-edition\/","url":"https:\/\/www.iplay.com\/de\/games\/detective-agency-grey-tie-2-collectors-edition\/","name":"Detective Agency: Grey Tie 2 - Collector's Edition - L\u00f6se R\u00e4tsel und finde ein gestohlenes Meisterwerk zur\u00fcck","isPartOf":{"@id":"https:\/\/www.iplay.com\/en\/#website"},"primaryImageOfPage":{"@id":"https:\/\/www.iplay.com\/de\/games\/detective-agency-grey-tie-2-collectors-edition\/#primaryimage"},"image":{"@id":"https:\/\/www.iplay.com\/de\/games\/detective-agency-grey-tie-2-collectors-edition\/#primaryimage"},"thumbnailUrl":"https:\/\/www.iplay.com\/wp-content\/uploads\/2023\/12\/large_square_tile_image-1954.jpg","datePublished":"2023-11-03T00:00:00+00:00","description":"L\u00f6se die R\u00e4tsel und untersuche den Diebstahl eines ber\u00fchmten Bildes.","breadcrumb":{"@id":"https:\/\/www.iplay.com\/de\/games\/detective-agency-grey-tie-2-collectors-edition\/#breadcrumb"},"inLanguage":"de-DE","potentialAction":[{"@type":"ReadAction","target":["https:\/\/www.iplay.com\/de\/games\/detective-agency-grey-tie-2-collectors-edition\/"]}]},{"@type":"ImageObject","inLanguage":"de-DE","@id":"https:\/\/www.iplay.com\/de\/games\/detective-agency-grey-tie-2-collectors-edition\/#primaryimage","url":"https:\/\/www.iplay.com\/wp-content\/uploads\/2023\/12\/large_square_tile_image-1954.jpg","contentUrl":"https:\/\/www.iplay.com\/wp-content\/uploads\/2023\/12\/large_square_tile_image-1954.jpg","width":310,"height":310},{"@type":"BreadcrumbList","@id":"https:\/\/www.iplay.com\/de\/games\/detective-agency-grey-tie-2-collectors-edition\/#breadcrumb","itemListElement":[{"@type":"ListItem","position":1,"name":"Home","item":"https:\/\/www.iplay.com\/de\/home-page-2\/"},{"@type":"ListItem","position":2,"name":"Shop","item":"https:\/\/www.iplay.com\/en\/shop\/"},{"@type":"ListItem","position":3,"name":"Detective Agency: Grey Tie 2 &#8211; Collector&#8217;s Edition"}]},{"@type":"WebSite","@id":"https:\/\/www.iplay.com\/en\/#website","url":"https:\/\/www.iplay.com\/en\/","name":"IPlay","description":"The Best Casual Games!","publisher":{"@id":"https:\/\/www.iplay.com\/en\/#organization"},"potentialAction":[{"@type":"SearchAction","target":{"@type":"EntryPoint","urlTemplate":"https:\/\/www.iplay.com\/en\/?s={search_term_string}"},"query-input":{"@type":"PropertyValueSpecification","valueRequired":true,"valueName":"search_term_string"}}],"inLanguage":"de-DE"},{"@type":"Organization","@id":"https:\/\/www.iplay.com\/en\/#organization","name":"IPlay","url":"https:\/\/www.iplay.com\/en\/","logo":{"@type":"ImageObject","inLanguage":"de-DE","@id":"https:\/\/www.iplay.com\/en\/#\/schema\/logo\/image\/","url":"https:\/\/www.iplay.com\/wp-content\/uploads\/2023\/11\/Group-6100.svg","contentUrl":"https:\/\/www.iplay.com\/wp-content\/uploads\/2023\/11\/Group-6100.svg","width":98,"height":25,"caption":"IPlay"},"image":{"@id":"https:\/\/www.iplay.com\/en\/#\/schema\/logo\/image\/"}}]}},"_links":{"self":[{"href":"https:\/\/www.iplay.com\/de\/wp-json\/wp\/v2\/product\/129838","targetHints":{"allow":["GET"]}}],"collection":[{"href":"https:\/\/www.iplay.com\/de\/wp-json\/wp\/v2\/product"}],"about":[{"href":"https:\/\/www.iplay.com\/de\/wp-json\/wp\/v2\/types\/product"}],"author":[{"embeddable":true,"href":"https:\/\/www.iplay.com\/de\/wp-json\/wp\/v2\/users\/130"}],"replies":[{"embeddable":true,"href":"https:\/\/www.iplay.com\/de\/wp-json\/wp\/v2\/comments?post=129838"}],"wp:featuredmedia":[{"embeddable":true,"href":"https:\/\/www.iplay.com\/de\/wp-json\/wp\/v2\/media\/71430"}],"wp:attachment":[{"href":"https:\/\/www.iplay.com\/de\/wp-json\/wp\/v2\/media?parent=129838"}],"wp:term":[{"taxonomy":"product_brand","embeddable":true,"href":"https:\/\/www.iplay.com\/de\/wp-json\/wp\/v2\/product_brand?post=129838"},{"taxonomy":"product_cat","embeddable":true,"href":"https:\/\/www.iplay.com\/de\/wp-json\/wp\/v2\/product_cat?post=129838"},{"taxonomy":"product_tag","embeddable":true,"href":"https:\/\/www.iplay.com\/de\/wp-json\/wp\/v2\/product_tag?post=129838"}],"curies":[{"name":"wp","href":"https:\/\/api.w.org\/{rel}","templated":true}]}}