{"id":129798,"date":"2023-10-24T00:00:00","date_gmt":"2023-10-24T00:00:00","guid":{"rendered":"https:\/\/www.iplay.com\/games\/travel-mosaics-10-spooky-halloween\/"},"modified":"2023-10-24T00:00:00","modified_gmt":"2023-10-24T00:00:00","slug":"travel-mosaics-10-spooky-halloween","status":"publish","type":"product","link":"https:\/\/www.iplay.com\/de\/games\/travel-mosaics-10-spooky-halloween\/","title":{"rendered":"Travel Mosaics 10: Spooky Halloween"},"content":{"rendered":"<p>Kennst du die Residenz der Vampire? Was soll sich im Bermudadreieck abspielen? Welche Insel ist f\u00fcr jeden zu riskant, um sie zu besuchen? Welcher Magier, so sagen einige, hat Stonehenge gebaut? All diese Informationen und noch viel mehr findest du in Travel Mosaics 10: Spooky Halloween! Reisen Sie mit der Tierfamilie Walker durch die furchterregendsten und t\u00f6dlichsten Orte der Welt.     <\/p>\n<p>&nbsp;<\/p>\n<p>Spiele und entdecke eine F\u00fclle interessanter Informationen, l\u00f6se knifflige Quizfragen, gewinne Goldm\u00fcnzen und nimm Erinnerungsst\u00fccke mit nach Hause. Es gibt 140 Nonogramm-R\u00e4tsel im Spiel, die manchmal auch als Picross oder Griddlers bezeichnet werden. Die Travel Mosaics Puzzles sind im Gegensatz zu den traditionellen Nonogrammen farbcodiert. Spieler, die hartn\u00e4ckig und konzentriert sind, k\u00f6nnen au\u00dferdem auf 20 weitere Puzzle-Level zugreifen.   <\/p>\n<p>&nbsp;<\/p>\n<p>Travel Mosaics 10: Spooky Halloween ist eine fantastische Denksportaufgabe f\u00fcr alle, die in Halloween-Stimmung kommen, neue Informationen \u00fcber die r\u00e4tselhaftesten Reiseziele der Welt entdecken oder einfach nur Spa\u00df haben m\u00f6chten!<\/p>\n<p>&nbsp;<\/p>\n<p><strong>Funktionen<\/strong><\/p>\n<p>&#8211; Festliche Bilder, Animationen und Musik, um dich auf Halloween<br \/>\n einzustimmen- Drei Schwierigkeitsmodi, von einfarbigem entspanntem Spielen bis hin zu echten Herausforderungen mit Farbwechsel (bis zu 6 Farben)<br \/>\n&#8211; 140 farbcodierte Nonogramme, 20 Bonus-Nonogramme + 20 zus\u00e4tzliche R\u00e4tsel<br \/>\n&#8211; Eine atemberaubende virtuelle Tour um die Welt, gruselige Orte zu besuchen<br \/>\n&#8211; Mysteri\u00f6se halbabstrakte Bilder, die in jedem Level<br \/>\n enth\u00fcllt werden k\u00f6nnen- Eine Menge Spa\u00df und eine gute Menge an informativen Inhalten<\/p>\n","protected":false},"excerpt":{"rendered":"<p>Begleiten Sie die Walkers auf einer weltweiten Halloween-Tour! In Reisemosaike 10: Halloween-Horror <\/p>\n","protected":false},"author":14,"featured_media":71574,"comment_status":"open","ping_status":"closed","template":"","meta":{"_acf_changed":false,"inline_featured_image":false},"product_brand":[],"product_cat":[194],"product_tag":[],"class_list":{"0":"post-129798","1":"product","2":"type-product","3":"status-publish","4":"has-post-thumbnail","6":"product_cat-puzzle-de","8":"first","9":"instock","10":"shipping-taxable","11":"purchasable","12":"product-type-simple"},"acf":[],"yoast_head":"<!-- This site is optimized with the Yoast SEO Premium plugin v25.2 (Yoast SEO v25.2) - https:\/\/yoast.com\/wordpress\/plugins\/seo\/ -->\n<title>Travel Mosaics 10: Gruseliges Halloween - Halloween-Tour der Wanderer!<\/title>\n<meta name=\"description\" content=\"Begleiten Sie die Walkers auf einer weltweiten Halloween-Tour! In Reisemosaike 10: Halloween-Horror\" \/>\n<meta name=\"robots\" content=\"index, follow, max-snippet:-1, max-image-preview:large, max-video-preview:-1\" \/>\n<link rel=\"canonical\" href=\"https:\/\/www.iplay.com\/de\/games\/travel-mosaics-10-spooky-halloween\/\" \/>\n<meta property=\"og:locale\" content=\"de_DE\" \/>\n<meta property=\"og:type\" content=\"article\" \/>\n<meta property=\"og:title\" content=\"Travel Mosaics 10: Spooky Halloween\" \/>\n<meta property=\"og:description\" content=\"Begleiten Sie die Walkers auf einer weltweiten Halloween-Tour! In Reisemosaike 10: Halloween-Horror\" \/>\n<meta property=\"og:url\" content=\"https:\/\/www.iplay.com\/de\/games\/travel-mosaics-10-spooky-halloween\/\" \/>\n<meta property=\"og:site_name\" content=\"IPlay\" \/>\n<meta property=\"og:image\" content=\"https:\/\/www.iplay.com\/wp-content\/uploads\/2023\/12\/large_square_tile_image-1963.jpg\" \/>\n\t<meta property=\"og:image:width\" content=\"310\" \/>\n\t<meta property=\"og:image:height\" content=\"310\" \/>\n\t<meta property=\"og:image:type\" content=\"image\/jpeg\" \/>\n<meta name=\"twitter:card\" content=\"summary_large_image\" \/>\n<meta name=\"twitter:label1\" content=\"Gesch\u00e4tzte Lesezeit\" \/>\n\t<meta name=\"twitter:data1\" content=\"1 Minute\" \/>\n<script type=\"application\/ld+json\" class=\"yoast-schema-graph\">{\"@context\":\"https:\/\/schema.org\",\"@graph\":[{\"@type\":\"WebPage\",\"@id\":\"https:\/\/www.iplay.com\/de\/games\/travel-mosaics-10-spooky-halloween\/\",\"url\":\"https:\/\/www.iplay.com\/de\/games\/travel-mosaics-10-spooky-halloween\/\",\"name\":\"Travel Mosaics 10: Gruseliges Halloween - Halloween-Tour der Wanderer!\",\"isPartOf\":{\"@id\":\"https:\/\/www.iplay.com\/en\/#website\"},\"primaryImageOfPage\":{\"@id\":\"https:\/\/www.iplay.com\/de\/games\/travel-mosaics-10-spooky-halloween\/#primaryimage\"},\"image\":{\"@id\":\"https:\/\/www.iplay.com\/de\/games\/travel-mosaics-10-spooky-halloween\/#primaryimage\"},\"thumbnailUrl\":\"https:\/\/www.iplay.com\/wp-content\/uploads\/2023\/12\/large_square_tile_image-1963.jpg\",\"datePublished\":\"2023-10-24T00:00:00+00:00\",\"description\":\"Begleiten Sie die Walkers auf einer weltweiten Halloween-Tour! In Reisemosaike 10: Halloween-Horror\",\"breadcrumb\":{\"@id\":\"https:\/\/www.iplay.com\/de\/games\/travel-mosaics-10-spooky-halloween\/#breadcrumb\"},\"inLanguage\":\"de-DE\",\"potentialAction\":[{\"@type\":\"ReadAction\",\"target\":[\"https:\/\/www.iplay.com\/de\/games\/travel-mosaics-10-spooky-halloween\/\"]}]},{\"@type\":\"ImageObject\",\"inLanguage\":\"de-DE\",\"@id\":\"https:\/\/www.iplay.com\/de\/games\/travel-mosaics-10-spooky-halloween\/#primaryimage\",\"url\":\"https:\/\/www.iplay.com\/wp-content\/uploads\/2023\/12\/large_square_tile_image-1963.jpg\",\"contentUrl\":\"https:\/\/www.iplay.com\/wp-content\/uploads\/2023\/12\/large_square_tile_image-1963.jpg\",\"width\":310,\"height\":310},{\"@type\":\"BreadcrumbList\",\"@id\":\"https:\/\/www.iplay.com\/de\/games\/travel-mosaics-10-spooky-halloween\/#breadcrumb\",\"itemListElement\":[{\"@type\":\"ListItem\",\"position\":1,\"name\":\"Home\",\"item\":\"https:\/\/www.iplay.com\/de\/home-page-2\/\"},{\"@type\":\"ListItem\",\"position\":2,\"name\":\"Shop\",\"item\":\"https:\/\/www.iplay.com\/en\/shop\/\"},{\"@type\":\"ListItem\",\"position\":3,\"name\":\"Travel Mosaics 10: Spooky Halloween\"}]},{\"@type\":\"WebSite\",\"@id\":\"https:\/\/www.iplay.com\/en\/#website\",\"url\":\"https:\/\/www.iplay.com\/en\/\",\"name\":\"IPlay\",\"description\":\"The Best Casual Games!\",\"publisher\":{\"@id\":\"https:\/\/www.iplay.com\/en\/#organization\"},\"potentialAction\":[{\"@type\":\"SearchAction\",\"target\":{\"@type\":\"EntryPoint\",\"urlTemplate\":\"https:\/\/www.iplay.com\/en\/?s={search_term_string}\"},\"query-input\":{\"@type\":\"PropertyValueSpecification\",\"valueRequired\":true,\"valueName\":\"search_term_string\"}}],\"inLanguage\":\"de-DE\"},{\"@type\":\"Organization\",\"@id\":\"https:\/\/www.iplay.com\/en\/#organization\",\"name\":\"IPlay\",\"url\":\"https:\/\/www.iplay.com\/en\/\",\"logo\":{\"@type\":\"ImageObject\",\"inLanguage\":\"de-DE\",\"@id\":\"https:\/\/www.iplay.com\/en\/#\/schema\/logo\/image\/\",\"url\":\"https:\/\/www.iplay.com\/wp-content\/uploads\/2023\/11\/Group-6100.svg\",\"contentUrl\":\"https:\/\/www.iplay.com\/wp-content\/uploads\/2023\/11\/Group-6100.svg\",\"width\":98,\"height\":25,\"caption\":\"IPlay\"},\"image\":{\"@id\":\"https:\/\/www.iplay.com\/en\/#\/schema\/logo\/image\/\"}}]}<\/script>\n<!-- \/ Yoast SEO Premium plugin. -->","yoast_head_json":{"title":"Travel Mosaics 10: Gruseliges Halloween - Halloween-Tour der Wanderer!","description":"Begleiten Sie die Walkers auf einer weltweiten Halloween-Tour! In Reisemosaike 10: Halloween-Horror","robots":{"index":"index","follow":"follow","max-snippet":"max-snippet:-1","max-image-preview":"max-image-preview:large","max-video-preview":"max-video-preview:-1"},"canonical":"https:\/\/www.iplay.com\/de\/games\/travel-mosaics-10-spooky-halloween\/","og_locale":"de_DE","og_type":"article","og_title":"Travel Mosaics 10: Spooky Halloween","og_description":"Begleiten Sie die Walkers auf einer weltweiten Halloween-Tour! In Reisemosaike 10: Halloween-Horror","og_url":"https:\/\/www.iplay.com\/de\/games\/travel-mosaics-10-spooky-halloween\/","og_site_name":"IPlay","og_image":[{"width":310,"height":310,"url":"https:\/\/www.iplay.com\/wp-content\/uploads\/2023\/12\/large_square_tile_image-1963.jpg","type":"image\/jpeg"}],"twitter_card":"summary_large_image","twitter_misc":{"Gesch\u00e4tzte Lesezeit":"1 Minute"},"schema":{"@context":"https:\/\/schema.org","@graph":[{"@type":"WebPage","@id":"https:\/\/www.iplay.com\/de\/games\/travel-mosaics-10-spooky-halloween\/","url":"https:\/\/www.iplay.com\/de\/games\/travel-mosaics-10-spooky-halloween\/","name":"Travel Mosaics 10: Gruseliges Halloween - Halloween-Tour der Wanderer!","isPartOf":{"@id":"https:\/\/www.iplay.com\/en\/#website"},"primaryImageOfPage":{"@id":"https:\/\/www.iplay.com\/de\/games\/travel-mosaics-10-spooky-halloween\/#primaryimage"},"image":{"@id":"https:\/\/www.iplay.com\/de\/games\/travel-mosaics-10-spooky-halloween\/#primaryimage"},"thumbnailUrl":"https:\/\/www.iplay.com\/wp-content\/uploads\/2023\/12\/large_square_tile_image-1963.jpg","datePublished":"2023-10-24T00:00:00+00:00","description":"Begleiten Sie die Walkers auf einer weltweiten Halloween-Tour! In Reisemosaike 10: Halloween-Horror","breadcrumb":{"@id":"https:\/\/www.iplay.com\/de\/games\/travel-mosaics-10-spooky-halloween\/#breadcrumb"},"inLanguage":"de-DE","potentialAction":[{"@type":"ReadAction","target":["https:\/\/www.iplay.com\/de\/games\/travel-mosaics-10-spooky-halloween\/"]}]},{"@type":"ImageObject","inLanguage":"de-DE","@id":"https:\/\/www.iplay.com\/de\/games\/travel-mosaics-10-spooky-halloween\/#primaryimage","url":"https:\/\/www.iplay.com\/wp-content\/uploads\/2023\/12\/large_square_tile_image-1963.jpg","contentUrl":"https:\/\/www.iplay.com\/wp-content\/uploads\/2023\/12\/large_square_tile_image-1963.jpg","width":310,"height":310},{"@type":"BreadcrumbList","@id":"https:\/\/www.iplay.com\/de\/games\/travel-mosaics-10-spooky-halloween\/#breadcrumb","itemListElement":[{"@type":"ListItem","position":1,"name":"Home","item":"https:\/\/www.iplay.com\/de\/home-page-2\/"},{"@type":"ListItem","position":2,"name":"Shop","item":"https:\/\/www.iplay.com\/en\/shop\/"},{"@type":"ListItem","position":3,"name":"Travel Mosaics 10: Spooky Halloween"}]},{"@type":"WebSite","@id":"https:\/\/www.iplay.com\/en\/#website","url":"https:\/\/www.iplay.com\/en\/","name":"IPlay","description":"The Best Casual Games!","publisher":{"@id":"https:\/\/www.iplay.com\/en\/#organization"},"potentialAction":[{"@type":"SearchAction","target":{"@type":"EntryPoint","urlTemplate":"https:\/\/www.iplay.com\/en\/?s={search_term_string}"},"query-input":{"@type":"PropertyValueSpecification","valueRequired":true,"valueName":"search_term_string"}}],"inLanguage":"de-DE"},{"@type":"Organization","@id":"https:\/\/www.iplay.com\/en\/#organization","name":"IPlay","url":"https:\/\/www.iplay.com\/en\/","logo":{"@type":"ImageObject","inLanguage":"de-DE","@id":"https:\/\/www.iplay.com\/en\/#\/schema\/logo\/image\/","url":"https:\/\/www.iplay.com\/wp-content\/uploads\/2023\/11\/Group-6100.svg","contentUrl":"https:\/\/www.iplay.com\/wp-content\/uploads\/2023\/11\/Group-6100.svg","width":98,"height":25,"caption":"IPlay"},"image":{"@id":"https:\/\/www.iplay.com\/en\/#\/schema\/logo\/image\/"}}]}},"_links":{"self":[{"href":"https:\/\/www.iplay.com\/de\/wp-json\/wp\/v2\/product\/129798","targetHints":{"allow":["GET"]}}],"collection":[{"href":"https:\/\/www.iplay.com\/de\/wp-json\/wp\/v2\/product"}],"about":[{"href":"https:\/\/www.iplay.com\/de\/wp-json\/wp\/v2\/types\/product"}],"author":[{"embeddable":true,"href":"https:\/\/www.iplay.com\/de\/wp-json\/wp\/v2\/users\/14"}],"replies":[{"embeddable":true,"href":"https:\/\/www.iplay.com\/de\/wp-json\/wp\/v2\/comments?post=129798"}],"wp:featuredmedia":[{"embeddable":true,"href":"https:\/\/www.iplay.com\/de\/wp-json\/wp\/v2\/media\/71574"}],"wp:attachment":[{"href":"https:\/\/www.iplay.com\/de\/wp-json\/wp\/v2\/media?parent=129798"}],"wp:term":[{"taxonomy":"product_brand","embeddable":true,"href":"https:\/\/www.iplay.com\/de\/wp-json\/wp\/v2\/product_brand?post=129798"},{"taxonomy":"product_cat","embeddable":true,"href":"https:\/\/www.iplay.com\/de\/wp-json\/wp\/v2\/product_cat?post=129798"},{"taxonomy":"product_tag","embeddable":true,"href":"https:\/\/www.iplay.com\/de\/wp-json\/wp\/v2\/product_tag?post=129798"}],"curies":[{"name":"wp","href":"https:\/\/api.w.org\/{rel}","templated":true}]}}