{"id":129777,"date":"2023-10-17T00:00:00","date_gmt":"2023-10-17T00:00:00","guid":{"rendered":"https:\/\/www.iplay.com\/games\/secrets-of-magic-3-happy-halloween\/"},"modified":"2023-10-17T00:00:00","modified_gmt":"2023-10-17T00:00:00","slug":"secrets-of-magic-3-happy-halloween","status":"publish","type":"product","link":"https:\/\/www.iplay.com\/de\/games\/secrets-of-magic-3-happy-halloween\/","title":{"rendered":"Secrets of Magic 3: Happy Halloween"},"content":{"rendered":"<p>Victoria hat eine Lehrstelle an der Mystic Academy of Magic angenommen und braucht Euer k\u00fcnstlerisches Talent, um die Schule f\u00fcr Halloween auszustatten. Im Laufe des Spiels kannst du dich durch ein aufregendes und furchterregendes Abenteuer k\u00e4mpfen, in dem du herausfordernde Hindernisse \u00fcberwinden, Power-Ups verwenden musst, um Gold zu gewinnen, damit du fantastische Halloween-Dekorationsgegenst\u00e4nde kaufen und neue Gegenst\u00e4nde freischalten musst. Bist du bereit f\u00fcr diese unheimliche Aufgabe?  <\/p>\n<p>&nbsp;<\/p>\n<p><strong>Funktionen<\/strong><\/p>\n<p>&#8211; Genie\u00dfe eine Vielzahl von Spielmodi und Schwierigkeitsmodi<br \/>\n&#8211; Plane deine Z\u00fcge, fahre gegen die Zeit oder spiele entspannt<br \/>\n&#8211; Sammle Gold, um Halloween-Dekorationsgegenst\u00e4nde<br \/>\n zu kaufen- Schwierige Hindernisse und coole Power-Ups<\/p>\n","protected":false},"excerpt":{"rendered":"<p>Hilf Victoria dabei, das erstaunlichste Halloween-Display aller Zeiten zu kreieren<\/p>\n","protected":false},"author":22,"featured_media":98801,"comment_status":"open","ping_status":"closed","template":"","meta":{"_acf_changed":false,"inline_featured_image":false},"product_brand":[],"product_cat":[176],"product_tag":[289],"class_list":{"0":"post-129777","1":"product","2":"type-product","3":"status-publish","4":"has-post-thumbnail","6":"product_cat-match-3-de","7":"product_tag-play-on-pc-de","9":"first","10":"instock","11":"shipping-taxable","12":"purchasable","13":"product-type-simple"},"acf":[],"yoast_head":"<!-- This site is optimized with the Yoast SEO Premium plugin v25.2 (Yoast SEO v25.2) - https:\/\/yoast.com\/wordpress\/plugins\/seo\/ -->\n<title>Secrets of Magic 3 - Happy Halloween - Hilf Victoria dabei, das ultimative Halloween-Display zu kreieren<\/title>\n<meta name=\"description\" content=\"Hilf Victoria dabei, das erstaunlichste Halloween-Display aller Zeiten zu kreieren\" \/>\n<meta name=\"robots\" content=\"index, follow, max-snippet:-1, max-image-preview:large, max-video-preview:-1\" \/>\n<link rel=\"canonical\" href=\"https:\/\/www.iplay.com\/de\/games\/secrets-of-magic-3-happy-halloween\/\" \/>\n<meta property=\"og:locale\" content=\"de_DE\" \/>\n<meta property=\"og:type\" content=\"article\" \/>\n<meta property=\"og:title\" content=\"Secrets of Magic 3: Happy Halloween\" \/>\n<meta property=\"og:description\" content=\"Hilf Victoria dabei, das erstaunlichste Halloween-Display aller Zeiten zu kreieren\" \/>\n<meta property=\"og:url\" content=\"https:\/\/www.iplay.com\/de\/games\/secrets-of-magic-3-happy-halloween\/\" \/>\n<meta property=\"og:site_name\" content=\"IPlay\" \/>\n<meta property=\"og:image\" content=\"https:\/\/www.iplay.com\/wp-content\/uploads\/2023\/12\/large_square_tile_image-3681.jpg\" \/>\n\t<meta property=\"og:image:width\" content=\"310\" \/>\n\t<meta property=\"og:image:height\" content=\"310\" \/>\n\t<meta property=\"og:image:type\" content=\"image\/jpeg\" \/>\n<meta name=\"twitter:card\" content=\"summary_large_image\" \/>\n<meta name=\"twitter:label1\" content=\"Gesch\u00e4tzte Lesezeit\" \/>\n\t<meta name=\"twitter:data1\" content=\"1 Minute\" \/>\n<script type=\"application\/ld+json\" class=\"yoast-schema-graph\">{\"@context\":\"https:\/\/schema.org\",\"@graph\":[{\"@type\":\"WebPage\",\"@id\":\"https:\/\/www.iplay.com\/de\/games\/secrets-of-magic-3-happy-halloween\/\",\"url\":\"https:\/\/www.iplay.com\/de\/games\/secrets-of-magic-3-happy-halloween\/\",\"name\":\"Secrets of Magic 3 - Happy Halloween - Hilf Victoria dabei, das ultimative Halloween-Display zu kreieren\",\"isPartOf\":{\"@id\":\"https:\/\/www.iplay.com\/en\/#website\"},\"primaryImageOfPage\":{\"@id\":\"https:\/\/www.iplay.com\/de\/games\/secrets-of-magic-3-happy-halloween\/#primaryimage\"},\"image\":{\"@id\":\"https:\/\/www.iplay.com\/de\/games\/secrets-of-magic-3-happy-halloween\/#primaryimage\"},\"thumbnailUrl\":\"https:\/\/www.iplay.com\/wp-content\/uploads\/2023\/12\/large_square_tile_image-3681.jpg\",\"datePublished\":\"2023-10-17T00:00:00+00:00\",\"description\":\"Hilf Victoria dabei, das erstaunlichste Halloween-Display aller Zeiten zu kreieren\",\"breadcrumb\":{\"@id\":\"https:\/\/www.iplay.com\/de\/games\/secrets-of-magic-3-happy-halloween\/#breadcrumb\"},\"inLanguage\":\"de-DE\",\"potentialAction\":[{\"@type\":\"ReadAction\",\"target\":[\"https:\/\/www.iplay.com\/de\/games\/secrets-of-magic-3-happy-halloween\/\"]}]},{\"@type\":\"ImageObject\",\"inLanguage\":\"de-DE\",\"@id\":\"https:\/\/www.iplay.com\/de\/games\/secrets-of-magic-3-happy-halloween\/#primaryimage\",\"url\":\"https:\/\/www.iplay.com\/wp-content\/uploads\/2023\/12\/large_square_tile_image-3681.jpg\",\"contentUrl\":\"https:\/\/www.iplay.com\/wp-content\/uploads\/2023\/12\/large_square_tile_image-3681.jpg\",\"width\":310,\"height\":310},{\"@type\":\"BreadcrumbList\",\"@id\":\"https:\/\/www.iplay.com\/de\/games\/secrets-of-magic-3-happy-halloween\/#breadcrumb\",\"itemListElement\":[{\"@type\":\"ListItem\",\"position\":1,\"name\":\"Home\",\"item\":\"https:\/\/www.iplay.com\/de\/home-page-2\/\"},{\"@type\":\"ListItem\",\"position\":2,\"name\":\"Shop\",\"item\":\"https:\/\/www.iplay.com\/en\/shop\/\"},{\"@type\":\"ListItem\",\"position\":3,\"name\":\"Secrets of Magic 3: Happy Halloween\"}]},{\"@type\":\"WebSite\",\"@id\":\"https:\/\/www.iplay.com\/en\/#website\",\"url\":\"https:\/\/www.iplay.com\/en\/\",\"name\":\"IPlay\",\"description\":\"The Best Casual Games!\",\"publisher\":{\"@id\":\"https:\/\/www.iplay.com\/en\/#organization\"},\"potentialAction\":[{\"@type\":\"SearchAction\",\"target\":{\"@type\":\"EntryPoint\",\"urlTemplate\":\"https:\/\/www.iplay.com\/en\/?s={search_term_string}\"},\"query-input\":{\"@type\":\"PropertyValueSpecification\",\"valueRequired\":true,\"valueName\":\"search_term_string\"}}],\"inLanguage\":\"de-DE\"},{\"@type\":\"Organization\",\"@id\":\"https:\/\/www.iplay.com\/en\/#organization\",\"name\":\"IPlay\",\"url\":\"https:\/\/www.iplay.com\/en\/\",\"logo\":{\"@type\":\"ImageObject\",\"inLanguage\":\"de-DE\",\"@id\":\"https:\/\/www.iplay.com\/en\/#\/schema\/logo\/image\/\",\"url\":\"https:\/\/www.iplay.com\/wp-content\/uploads\/2023\/11\/Group-6100.svg\",\"contentUrl\":\"https:\/\/www.iplay.com\/wp-content\/uploads\/2023\/11\/Group-6100.svg\",\"width\":98,\"height\":25,\"caption\":\"IPlay\"},\"image\":{\"@id\":\"https:\/\/www.iplay.com\/en\/#\/schema\/logo\/image\/\"}}]}<\/script>\n<!-- \/ Yoast SEO Premium plugin. -->","yoast_head_json":{"title":"Secrets of Magic 3 - Happy Halloween - Hilf Victoria dabei, das ultimative Halloween-Display zu kreieren","description":"Hilf Victoria dabei, das erstaunlichste Halloween-Display aller Zeiten zu kreieren","robots":{"index":"index","follow":"follow","max-snippet":"max-snippet:-1","max-image-preview":"max-image-preview:large","max-video-preview":"max-video-preview:-1"},"canonical":"https:\/\/www.iplay.com\/de\/games\/secrets-of-magic-3-happy-halloween\/","og_locale":"de_DE","og_type":"article","og_title":"Secrets of Magic 3: Happy Halloween","og_description":"Hilf Victoria dabei, das erstaunlichste Halloween-Display aller Zeiten zu kreieren","og_url":"https:\/\/www.iplay.com\/de\/games\/secrets-of-magic-3-happy-halloween\/","og_site_name":"IPlay","og_image":[{"width":310,"height":310,"url":"https:\/\/www.iplay.com\/wp-content\/uploads\/2023\/12\/large_square_tile_image-3681.jpg","type":"image\/jpeg"}],"twitter_card":"summary_large_image","twitter_misc":{"Gesch\u00e4tzte Lesezeit":"1 Minute"},"schema":{"@context":"https:\/\/schema.org","@graph":[{"@type":"WebPage","@id":"https:\/\/www.iplay.com\/de\/games\/secrets-of-magic-3-happy-halloween\/","url":"https:\/\/www.iplay.com\/de\/games\/secrets-of-magic-3-happy-halloween\/","name":"Secrets of Magic 3 - Happy Halloween - Hilf Victoria dabei, das ultimative Halloween-Display zu kreieren","isPartOf":{"@id":"https:\/\/www.iplay.com\/en\/#website"},"primaryImageOfPage":{"@id":"https:\/\/www.iplay.com\/de\/games\/secrets-of-magic-3-happy-halloween\/#primaryimage"},"image":{"@id":"https:\/\/www.iplay.com\/de\/games\/secrets-of-magic-3-happy-halloween\/#primaryimage"},"thumbnailUrl":"https:\/\/www.iplay.com\/wp-content\/uploads\/2023\/12\/large_square_tile_image-3681.jpg","datePublished":"2023-10-17T00:00:00+00:00","description":"Hilf Victoria dabei, das erstaunlichste Halloween-Display aller Zeiten zu kreieren","breadcrumb":{"@id":"https:\/\/www.iplay.com\/de\/games\/secrets-of-magic-3-happy-halloween\/#breadcrumb"},"inLanguage":"de-DE","potentialAction":[{"@type":"ReadAction","target":["https:\/\/www.iplay.com\/de\/games\/secrets-of-magic-3-happy-halloween\/"]}]},{"@type":"ImageObject","inLanguage":"de-DE","@id":"https:\/\/www.iplay.com\/de\/games\/secrets-of-magic-3-happy-halloween\/#primaryimage","url":"https:\/\/www.iplay.com\/wp-content\/uploads\/2023\/12\/large_square_tile_image-3681.jpg","contentUrl":"https:\/\/www.iplay.com\/wp-content\/uploads\/2023\/12\/large_square_tile_image-3681.jpg","width":310,"height":310},{"@type":"BreadcrumbList","@id":"https:\/\/www.iplay.com\/de\/games\/secrets-of-magic-3-happy-halloween\/#breadcrumb","itemListElement":[{"@type":"ListItem","position":1,"name":"Home","item":"https:\/\/www.iplay.com\/de\/home-page-2\/"},{"@type":"ListItem","position":2,"name":"Shop","item":"https:\/\/www.iplay.com\/en\/shop\/"},{"@type":"ListItem","position":3,"name":"Secrets of Magic 3: Happy Halloween"}]},{"@type":"WebSite","@id":"https:\/\/www.iplay.com\/en\/#website","url":"https:\/\/www.iplay.com\/en\/","name":"IPlay","description":"The Best Casual Games!","publisher":{"@id":"https:\/\/www.iplay.com\/en\/#organization"},"potentialAction":[{"@type":"SearchAction","target":{"@type":"EntryPoint","urlTemplate":"https:\/\/www.iplay.com\/en\/?s={search_term_string}"},"query-input":{"@type":"PropertyValueSpecification","valueRequired":true,"valueName":"search_term_string"}}],"inLanguage":"de-DE"},{"@type":"Organization","@id":"https:\/\/www.iplay.com\/en\/#organization","name":"IPlay","url":"https:\/\/www.iplay.com\/en\/","logo":{"@type":"ImageObject","inLanguage":"de-DE","@id":"https:\/\/www.iplay.com\/en\/#\/schema\/logo\/image\/","url":"https:\/\/www.iplay.com\/wp-content\/uploads\/2023\/11\/Group-6100.svg","contentUrl":"https:\/\/www.iplay.com\/wp-content\/uploads\/2023\/11\/Group-6100.svg","width":98,"height":25,"caption":"IPlay"},"image":{"@id":"https:\/\/www.iplay.com\/en\/#\/schema\/logo\/image\/"}}]}},"_links":{"self":[{"href":"https:\/\/www.iplay.com\/de\/wp-json\/wp\/v2\/product\/129777","targetHints":{"allow":["GET"]}}],"collection":[{"href":"https:\/\/www.iplay.com\/de\/wp-json\/wp\/v2\/product"}],"about":[{"href":"https:\/\/www.iplay.com\/de\/wp-json\/wp\/v2\/types\/product"}],"author":[{"embeddable":true,"href":"https:\/\/www.iplay.com\/de\/wp-json\/wp\/v2\/users\/22"}],"replies":[{"embeddable":true,"href":"https:\/\/www.iplay.com\/de\/wp-json\/wp\/v2\/comments?post=129777"}],"wp:featuredmedia":[{"embeddable":true,"href":"https:\/\/www.iplay.com\/de\/wp-json\/wp\/v2\/media\/98801"}],"wp:attachment":[{"href":"https:\/\/www.iplay.com\/de\/wp-json\/wp\/v2\/media?parent=129777"}],"wp:term":[{"taxonomy":"product_brand","embeddable":true,"href":"https:\/\/www.iplay.com\/de\/wp-json\/wp\/v2\/product_brand?post=129777"},{"taxonomy":"product_cat","embeddable":true,"href":"https:\/\/www.iplay.com\/de\/wp-json\/wp\/v2\/product_cat?post=129777"},{"taxonomy":"product_tag","embeddable":true,"href":"https:\/\/www.iplay.com\/de\/wp-json\/wp\/v2\/product_tag?post=129777"}],"curies":[{"name":"wp","href":"https:\/\/api.w.org\/{rel}","templated":true}]}}