{"id":129746,"date":"2023-10-06T00:00:01","date_gmt":"2023-10-06T00:00:01","guid":{"rendered":"https:\/\/www.iplay.com\/games\/lost-found-agency-collectors-edition\/"},"modified":"2023-10-06T00:00:01","modified_gmt":"2023-10-06T00:00:01","slug":"lost-found-agency-collectors-edition","status":"publish","type":"product","link":"https:\/\/www.iplay.com\/de\/games\/lost-found-agency-collectors-edition\/","title":{"rendered":"Lost &#038; Found Agency Collector&#8217;s Edition"},"content":{"rendered":"<p>Der gr\u00f6\u00dfte Detektiv der Lost &amp; Found Agency hat einen neuen Fall! Erkunde gef\u00e4hrliche Regionen auf der Suche nach verlorenen Gegenst\u00e4nden und \u00fcberwinde knifflige R\u00e4tsel, w\u00e4hrend du die Beweise begreifst und schlie\u00dflich das Verbrechen aufkl\u00e4rst! Besitzt ihr die F\u00e4higkeiten, die erforderlich sind, um dieses R\u00e4tsel zu l\u00f6sen? Es kann nur eine Antwort geben!   <\/p>\n<p>&nbsp;<\/p>\n<p><strong>Funktionen:<\/strong><\/p>\n<p>L\u00fcfte das Geheimnis durch 38 unglaubliche Wimmelbildsequenzen!<br \/>\nGenie\u00dfe den wundersch\u00f6nen Original-Soundtrack und das aufwendige Artwork!<br \/>\nL\u00f6se eine Menge herausfordernder Minispiele und R\u00e4tsel!<\/p>\n<p>&nbsp;<\/p>\n<p><strong>Merkmale der Collector&#8217;s Edition:<\/strong><\/p>\n<p>Acht weitere Standorte! Acht brandneue Minispiele!<br \/>\nDesktop-Wallpaper und Soundtrack zum Download verf\u00fcgbar!<br \/>\nSuchen Sie nach vielen weiteren Dingen, die Sie in Ihre Sammlung aufnehmen k\u00f6nnen!<\/p>\n","protected":false},"excerpt":{"rendered":"<p>Der Top-Detektiv der Lost &amp; Found Agency hat einen neuen Fall! Ist das etwas, mit dem Sie umgehen k\u00f6nnen? <\/p>\n","protected":false},"author":130,"featured_media":71750,"comment_status":"open","ping_status":"closed","template":"","meta":{"_acf_changed":false,"inline_featured_image":false},"product_brand":[],"product_cat":[164],"product_tag":[289],"class_list":{"0":"post-129746","1":"product","2":"type-product","3":"status-publish","4":"has-post-thumbnail","6":"product_cat-hidden-object-de","7":"product_tag-play-on-pc-de","9":"first","10":"instock","11":"shipping-taxable","12":"purchasable","13":"product-type-simple"},"acf":[],"yoast_head":"<!-- This site is optimized with the Yoast SEO Premium plugin v25.2 (Yoast SEO v25.2) - https:\/\/yoast.com\/wordpress\/plugins\/seo\/ -->\n<title>Lost &amp; Found Agency Collector&#039;s Edition - Meistere die neue Herausforderung der Lost &amp; Found Agency<\/title>\n<meta name=\"description\" content=\"Der Top-Detektiv der Lost &amp; Found Agency hat einen neuen Fall! Ist das etwas, mit dem Sie umgehen k\u00f6nnen?\" \/>\n<meta name=\"robots\" content=\"index, follow, max-snippet:-1, max-image-preview:large, max-video-preview:-1\" \/>\n<link rel=\"canonical\" href=\"https:\/\/www.iplay.com\/de\/games\/lost-found-agency-collectors-edition\/\" \/>\n<meta property=\"og:locale\" content=\"de_DE\" \/>\n<meta property=\"og:type\" content=\"article\" \/>\n<meta property=\"og:title\" content=\"Lost &amp; Found Agency Collector&#039;s Edition\" \/>\n<meta property=\"og:description\" content=\"Der Top-Detektiv der Lost &amp; Found Agency hat einen neuen Fall! Ist das etwas, mit dem Sie umgehen k\u00f6nnen?\" \/>\n<meta property=\"og:url\" content=\"https:\/\/www.iplay.com\/de\/games\/lost-found-agency-collectors-edition\/\" \/>\n<meta property=\"og:site_name\" content=\"IPlay\" \/>\n<meta property=\"og:image\" content=\"https:\/\/www.iplay.com\/wp-content\/uploads\/2023\/12\/large_square_tile_image-1975.jpg\" \/>\n\t<meta property=\"og:image:width\" content=\"310\" \/>\n\t<meta property=\"og:image:height\" content=\"310\" \/>\n\t<meta property=\"og:image:type\" content=\"image\/jpeg\" \/>\n<meta name=\"twitter:card\" content=\"summary_large_image\" \/>\n<meta name=\"twitter:label1\" content=\"Gesch\u00e4tzte Lesezeit\" \/>\n\t<meta name=\"twitter:data1\" content=\"1 Minute\" \/>\n<script type=\"application\/ld+json\" class=\"yoast-schema-graph\">{\"@context\":\"https:\/\/schema.org\",\"@graph\":[{\"@type\":\"WebPage\",\"@id\":\"https:\/\/www.iplay.com\/de\/games\/lost-found-agency-collectors-edition\/\",\"url\":\"https:\/\/www.iplay.com\/de\/games\/lost-found-agency-collectors-edition\/\",\"name\":\"Lost & Found Agency Collector's Edition - Meistere die neue Herausforderung der Lost & Found Agency\",\"isPartOf\":{\"@id\":\"https:\/\/www.iplay.com\/en\/#website\"},\"primaryImageOfPage\":{\"@id\":\"https:\/\/www.iplay.com\/de\/games\/lost-found-agency-collectors-edition\/#primaryimage\"},\"image\":{\"@id\":\"https:\/\/www.iplay.com\/de\/games\/lost-found-agency-collectors-edition\/#primaryimage\"},\"thumbnailUrl\":\"https:\/\/www.iplay.com\/wp-content\/uploads\/2023\/12\/large_square_tile_image-1975.jpg\",\"datePublished\":\"2023-10-06T00:00:01+00:00\",\"description\":\"Der Top-Detektiv der Lost &amp; Found Agency hat einen neuen Fall! Ist das etwas, mit dem Sie umgehen k\u00f6nnen?\",\"breadcrumb\":{\"@id\":\"https:\/\/www.iplay.com\/de\/games\/lost-found-agency-collectors-edition\/#breadcrumb\"},\"inLanguage\":\"de-DE\",\"potentialAction\":[{\"@type\":\"ReadAction\",\"target\":[\"https:\/\/www.iplay.com\/de\/games\/lost-found-agency-collectors-edition\/\"]}]},{\"@type\":\"ImageObject\",\"inLanguage\":\"de-DE\",\"@id\":\"https:\/\/www.iplay.com\/de\/games\/lost-found-agency-collectors-edition\/#primaryimage\",\"url\":\"https:\/\/www.iplay.com\/wp-content\/uploads\/2023\/12\/large_square_tile_image-1975.jpg\",\"contentUrl\":\"https:\/\/www.iplay.com\/wp-content\/uploads\/2023\/12\/large_square_tile_image-1975.jpg\",\"width\":310,\"height\":310},{\"@type\":\"BreadcrumbList\",\"@id\":\"https:\/\/www.iplay.com\/de\/games\/lost-found-agency-collectors-edition\/#breadcrumb\",\"itemListElement\":[{\"@type\":\"ListItem\",\"position\":1,\"name\":\"Home\",\"item\":\"https:\/\/www.iplay.com\/de\/home-page-2\/\"},{\"@type\":\"ListItem\",\"position\":2,\"name\":\"Shop\",\"item\":\"https:\/\/www.iplay.com\/en\/shop\/\"},{\"@type\":\"ListItem\",\"position\":3,\"name\":\"Lost &#038; Found Agency Collector&#8217;s Edition\"}]},{\"@type\":\"WebSite\",\"@id\":\"https:\/\/www.iplay.com\/en\/#website\",\"url\":\"https:\/\/www.iplay.com\/en\/\",\"name\":\"IPlay\",\"description\":\"The Best Casual Games!\",\"publisher\":{\"@id\":\"https:\/\/www.iplay.com\/en\/#organization\"},\"potentialAction\":[{\"@type\":\"SearchAction\",\"target\":{\"@type\":\"EntryPoint\",\"urlTemplate\":\"https:\/\/www.iplay.com\/en\/?s={search_term_string}\"},\"query-input\":{\"@type\":\"PropertyValueSpecification\",\"valueRequired\":true,\"valueName\":\"search_term_string\"}}],\"inLanguage\":\"de-DE\"},{\"@type\":\"Organization\",\"@id\":\"https:\/\/www.iplay.com\/en\/#organization\",\"name\":\"IPlay\",\"url\":\"https:\/\/www.iplay.com\/en\/\",\"logo\":{\"@type\":\"ImageObject\",\"inLanguage\":\"de-DE\",\"@id\":\"https:\/\/www.iplay.com\/en\/#\/schema\/logo\/image\/\",\"url\":\"https:\/\/www.iplay.com\/wp-content\/uploads\/2023\/11\/Group-6100.svg\",\"contentUrl\":\"https:\/\/www.iplay.com\/wp-content\/uploads\/2023\/11\/Group-6100.svg\",\"width\":98,\"height\":25,\"caption\":\"IPlay\"},\"image\":{\"@id\":\"https:\/\/www.iplay.com\/en\/#\/schema\/logo\/image\/\"}}]}<\/script>\n<!-- \/ Yoast SEO Premium plugin. -->","yoast_head_json":{"title":"Lost & Found Agency Collector's Edition - Meistere die neue Herausforderung der Lost & Found Agency","description":"Der Top-Detektiv der Lost &amp; Found Agency hat einen neuen Fall! Ist das etwas, mit dem Sie umgehen k\u00f6nnen?","robots":{"index":"index","follow":"follow","max-snippet":"max-snippet:-1","max-image-preview":"max-image-preview:large","max-video-preview":"max-video-preview:-1"},"canonical":"https:\/\/www.iplay.com\/de\/games\/lost-found-agency-collectors-edition\/","og_locale":"de_DE","og_type":"article","og_title":"Lost & Found Agency Collector's Edition","og_description":"Der Top-Detektiv der Lost &amp; Found Agency hat einen neuen Fall! Ist das etwas, mit dem Sie umgehen k\u00f6nnen?","og_url":"https:\/\/www.iplay.com\/de\/games\/lost-found-agency-collectors-edition\/","og_site_name":"IPlay","og_image":[{"width":310,"height":310,"url":"https:\/\/www.iplay.com\/wp-content\/uploads\/2023\/12\/large_square_tile_image-1975.jpg","type":"image\/jpeg"}],"twitter_card":"summary_large_image","twitter_misc":{"Gesch\u00e4tzte Lesezeit":"1 Minute"},"schema":{"@context":"https:\/\/schema.org","@graph":[{"@type":"WebPage","@id":"https:\/\/www.iplay.com\/de\/games\/lost-found-agency-collectors-edition\/","url":"https:\/\/www.iplay.com\/de\/games\/lost-found-agency-collectors-edition\/","name":"Lost & Found Agency Collector's Edition - Meistere die neue Herausforderung der Lost & Found Agency","isPartOf":{"@id":"https:\/\/www.iplay.com\/en\/#website"},"primaryImageOfPage":{"@id":"https:\/\/www.iplay.com\/de\/games\/lost-found-agency-collectors-edition\/#primaryimage"},"image":{"@id":"https:\/\/www.iplay.com\/de\/games\/lost-found-agency-collectors-edition\/#primaryimage"},"thumbnailUrl":"https:\/\/www.iplay.com\/wp-content\/uploads\/2023\/12\/large_square_tile_image-1975.jpg","datePublished":"2023-10-06T00:00:01+00:00","description":"Der Top-Detektiv der Lost &amp; Found Agency hat einen neuen Fall! Ist das etwas, mit dem Sie umgehen k\u00f6nnen?","breadcrumb":{"@id":"https:\/\/www.iplay.com\/de\/games\/lost-found-agency-collectors-edition\/#breadcrumb"},"inLanguage":"de-DE","potentialAction":[{"@type":"ReadAction","target":["https:\/\/www.iplay.com\/de\/games\/lost-found-agency-collectors-edition\/"]}]},{"@type":"ImageObject","inLanguage":"de-DE","@id":"https:\/\/www.iplay.com\/de\/games\/lost-found-agency-collectors-edition\/#primaryimage","url":"https:\/\/www.iplay.com\/wp-content\/uploads\/2023\/12\/large_square_tile_image-1975.jpg","contentUrl":"https:\/\/www.iplay.com\/wp-content\/uploads\/2023\/12\/large_square_tile_image-1975.jpg","width":310,"height":310},{"@type":"BreadcrumbList","@id":"https:\/\/www.iplay.com\/de\/games\/lost-found-agency-collectors-edition\/#breadcrumb","itemListElement":[{"@type":"ListItem","position":1,"name":"Home","item":"https:\/\/www.iplay.com\/de\/home-page-2\/"},{"@type":"ListItem","position":2,"name":"Shop","item":"https:\/\/www.iplay.com\/en\/shop\/"},{"@type":"ListItem","position":3,"name":"Lost &#038; Found Agency Collector&#8217;s Edition"}]},{"@type":"WebSite","@id":"https:\/\/www.iplay.com\/en\/#website","url":"https:\/\/www.iplay.com\/en\/","name":"IPlay","description":"The Best Casual Games!","publisher":{"@id":"https:\/\/www.iplay.com\/en\/#organization"},"potentialAction":[{"@type":"SearchAction","target":{"@type":"EntryPoint","urlTemplate":"https:\/\/www.iplay.com\/en\/?s={search_term_string}"},"query-input":{"@type":"PropertyValueSpecification","valueRequired":true,"valueName":"search_term_string"}}],"inLanguage":"de-DE"},{"@type":"Organization","@id":"https:\/\/www.iplay.com\/en\/#organization","name":"IPlay","url":"https:\/\/www.iplay.com\/en\/","logo":{"@type":"ImageObject","inLanguage":"de-DE","@id":"https:\/\/www.iplay.com\/en\/#\/schema\/logo\/image\/","url":"https:\/\/www.iplay.com\/wp-content\/uploads\/2023\/11\/Group-6100.svg","contentUrl":"https:\/\/www.iplay.com\/wp-content\/uploads\/2023\/11\/Group-6100.svg","width":98,"height":25,"caption":"IPlay"},"image":{"@id":"https:\/\/www.iplay.com\/en\/#\/schema\/logo\/image\/"}}]}},"_links":{"self":[{"href":"https:\/\/www.iplay.com\/de\/wp-json\/wp\/v2\/product\/129746","targetHints":{"allow":["GET"]}}],"collection":[{"href":"https:\/\/www.iplay.com\/de\/wp-json\/wp\/v2\/product"}],"about":[{"href":"https:\/\/www.iplay.com\/de\/wp-json\/wp\/v2\/types\/product"}],"author":[{"embeddable":true,"href":"https:\/\/www.iplay.com\/de\/wp-json\/wp\/v2\/users\/130"}],"replies":[{"embeddable":true,"href":"https:\/\/www.iplay.com\/de\/wp-json\/wp\/v2\/comments?post=129746"}],"wp:featuredmedia":[{"embeddable":true,"href":"https:\/\/www.iplay.com\/de\/wp-json\/wp\/v2\/media\/71750"}],"wp:attachment":[{"href":"https:\/\/www.iplay.com\/de\/wp-json\/wp\/v2\/media?parent=129746"}],"wp:term":[{"taxonomy":"product_brand","embeddable":true,"href":"https:\/\/www.iplay.com\/de\/wp-json\/wp\/v2\/product_brand?post=129746"},{"taxonomy":"product_cat","embeddable":true,"href":"https:\/\/www.iplay.com\/de\/wp-json\/wp\/v2\/product_cat?post=129746"},{"taxonomy":"product_tag","embeddable":true,"href":"https:\/\/www.iplay.com\/de\/wp-json\/wp\/v2\/product_tag?post=129746"}],"curies":[{"name":"wp","href":"https:\/\/api.w.org\/{rel}","templated":true}]}}