{"id":129698,"date":"2023-09-22T00:00:02","date_gmt":"2023-09-22T00:00:02","guid":{"rendered":"https:\/\/www.iplay.com\/games\/my-lovely-pets-collectors-edition\/"},"modified":"2023-09-22T00:00:02","modified_gmt":"2023-09-22T00:00:02","slug":"my-lovely-pets-collectors-edition","status":"publish","type":"product","link":"https:\/\/www.iplay.com\/de\/games\/my-lovely-pets-collectors-edition\/","title":{"rendered":"My Lovely Pets Collector&#8217;s Edition"},"content":{"rendered":"<p>Ein lustiges, flauschiges und entz\u00fcckendes Spiel \u00fcber unsere pelzigen und gefiederten Freunde hei\u00dft My Lovely Pets! Jeder Haustierbesitzer kann Ihnen sagen, dass unsere st\u00e4ndigen Begleiter voller Pers\u00f6nlichkeit sind und es genie\u00dfen, \u00c4rger zu machen, indem sie sich an den ungew\u00f6hnlichsten Orten verstecken! Erkunde ruhige Gegenden, um diese unterhaltsamen, lebendigen Kreaturen und lebendigen Wimmelbilder zu finden, und schwelge dann in einer F\u00fclle beliebter Minispiele! Vielleicht findest du in diesen acht zus\u00e4tzlichen Regionen noch mehr niedliche Haustiere!   <\/p>\n<p>&nbsp;<\/p>\n<p>&nbsp;<\/p>\n<p><strong>Funktionen:<\/strong><\/p>\n<p>&nbsp;<\/p>\n<p>&#8211; Acht frische Minispiele!<\/p>\n<p>&#8211; Holen Sie sich wundersch\u00f6ne Desktop-Hintergr\u00fcnde!<\/p>\n<p>&#8211; Dr\u00fccken Sie den Musikplayer, um den beruhigenden Soundtrack zu h\u00f6ren!<\/p>\n","protected":false},"excerpt":{"rendered":"<p>Mit My Lovely Pets Collector&#8217;s Edition erkundest du mehrere Orte, um Kreaturen und versteckte Objekte zu finden.<\/p>\n","protected":false},"author":130,"featured_media":71910,"comment_status":"open","ping_status":"closed","template":"","meta":{"_acf_changed":false,"inline_featured_image":false},"product_brand":[],"product_cat":[164],"product_tag":[289],"class_list":{"0":"post-129698","1":"product","2":"type-product","3":"status-publish","4":"has-post-thumbnail","6":"product_cat-hidden-object-de","7":"product_tag-play-on-pc-de","9":"first","10":"instock","11":"shipping-taxable","12":"purchasable","13":"product-type-simple"},"acf":[],"yoast_head":"<!-- This site is optimized with the Yoast SEO Premium plugin v25.2 (Yoast SEO v25.2) - https:\/\/yoast.com\/wordpress\/plugins\/seo\/ -->\n<title>My Lovely Pets Collector&#039;s Edition - Besuche Orte, um Kreaturen und versteckte Gegenst\u00e4nde zu entdecken<\/title>\n<meta name=\"description\" content=\"Mit My Lovely Pets Collector&#039;s Edition erkundest du mehrere Orte, um Kreaturen und versteckte Objekte zu finden.\" \/>\n<meta name=\"robots\" content=\"index, follow, max-snippet:-1, max-image-preview:large, max-video-preview:-1\" \/>\n<link rel=\"canonical\" href=\"https:\/\/www.iplay.com\/de\/games\/my-lovely-pets-collectors-edition\/\" \/>\n<meta property=\"og:locale\" content=\"de_DE\" \/>\n<meta property=\"og:type\" content=\"article\" \/>\n<meta property=\"og:title\" content=\"My Lovely Pets Collector&#039;s Edition\" \/>\n<meta property=\"og:description\" content=\"Mit My Lovely Pets Collector&#039;s Edition erkundest du mehrere Orte, um Kreaturen und versteckte Objekte zu finden.\" \/>\n<meta property=\"og:url\" content=\"https:\/\/www.iplay.com\/de\/games\/my-lovely-pets-collectors-edition\/\" \/>\n<meta property=\"og:site_name\" content=\"IPlay\" \/>\n<meta property=\"og:image\" content=\"https:\/\/www.iplay.com\/wp-content\/uploads\/2023\/12\/large_square_tile_image-1985.jpg\" \/>\n\t<meta property=\"og:image:width\" content=\"310\" \/>\n\t<meta property=\"og:image:height\" content=\"310\" \/>\n\t<meta property=\"og:image:type\" content=\"image\/jpeg\" \/>\n<meta name=\"twitter:card\" content=\"summary_large_image\" \/>\n<meta name=\"twitter:label1\" content=\"Gesch\u00e4tzte Lesezeit\" \/>\n\t<meta name=\"twitter:data1\" content=\"1 Minute\" \/>\n<script type=\"application\/ld+json\" class=\"yoast-schema-graph\">{\"@context\":\"https:\/\/schema.org\",\"@graph\":[{\"@type\":\"WebPage\",\"@id\":\"https:\/\/www.iplay.com\/de\/games\/my-lovely-pets-collectors-edition\/\",\"url\":\"https:\/\/www.iplay.com\/de\/games\/my-lovely-pets-collectors-edition\/\",\"name\":\"My Lovely Pets Collector's Edition - Besuche Orte, um Kreaturen und versteckte Gegenst\u00e4nde zu entdecken\",\"isPartOf\":{\"@id\":\"https:\/\/www.iplay.com\/en\/#website\"},\"primaryImageOfPage\":{\"@id\":\"https:\/\/www.iplay.com\/de\/games\/my-lovely-pets-collectors-edition\/#primaryimage\"},\"image\":{\"@id\":\"https:\/\/www.iplay.com\/de\/games\/my-lovely-pets-collectors-edition\/#primaryimage\"},\"thumbnailUrl\":\"https:\/\/www.iplay.com\/wp-content\/uploads\/2023\/12\/large_square_tile_image-1985.jpg\",\"datePublished\":\"2023-09-22T00:00:02+00:00\",\"description\":\"Mit My Lovely Pets Collector's Edition erkundest du mehrere Orte, um Kreaturen und versteckte Objekte zu finden.\",\"breadcrumb\":{\"@id\":\"https:\/\/www.iplay.com\/de\/games\/my-lovely-pets-collectors-edition\/#breadcrumb\"},\"inLanguage\":\"de-DE\",\"potentialAction\":[{\"@type\":\"ReadAction\",\"target\":[\"https:\/\/www.iplay.com\/de\/games\/my-lovely-pets-collectors-edition\/\"]}]},{\"@type\":\"ImageObject\",\"inLanguage\":\"de-DE\",\"@id\":\"https:\/\/www.iplay.com\/de\/games\/my-lovely-pets-collectors-edition\/#primaryimage\",\"url\":\"https:\/\/www.iplay.com\/wp-content\/uploads\/2023\/12\/large_square_tile_image-1985.jpg\",\"contentUrl\":\"https:\/\/www.iplay.com\/wp-content\/uploads\/2023\/12\/large_square_tile_image-1985.jpg\",\"width\":310,\"height\":310},{\"@type\":\"BreadcrumbList\",\"@id\":\"https:\/\/www.iplay.com\/de\/games\/my-lovely-pets-collectors-edition\/#breadcrumb\",\"itemListElement\":[{\"@type\":\"ListItem\",\"position\":1,\"name\":\"Home\",\"item\":\"https:\/\/www.iplay.com\/de\/home-page-2\/\"},{\"@type\":\"ListItem\",\"position\":2,\"name\":\"Shop\",\"item\":\"https:\/\/www.iplay.com\/en\/shop\/\"},{\"@type\":\"ListItem\",\"position\":3,\"name\":\"My Lovely Pets Collector&#8217;s Edition\"}]},{\"@type\":\"WebSite\",\"@id\":\"https:\/\/www.iplay.com\/en\/#website\",\"url\":\"https:\/\/www.iplay.com\/en\/\",\"name\":\"IPlay\",\"description\":\"The Best Casual Games!\",\"publisher\":{\"@id\":\"https:\/\/www.iplay.com\/en\/#organization\"},\"potentialAction\":[{\"@type\":\"SearchAction\",\"target\":{\"@type\":\"EntryPoint\",\"urlTemplate\":\"https:\/\/www.iplay.com\/en\/?s={search_term_string}\"},\"query-input\":{\"@type\":\"PropertyValueSpecification\",\"valueRequired\":true,\"valueName\":\"search_term_string\"}}],\"inLanguage\":\"de-DE\"},{\"@type\":\"Organization\",\"@id\":\"https:\/\/www.iplay.com\/en\/#organization\",\"name\":\"IPlay\",\"url\":\"https:\/\/www.iplay.com\/en\/\",\"logo\":{\"@type\":\"ImageObject\",\"inLanguage\":\"de-DE\",\"@id\":\"https:\/\/www.iplay.com\/en\/#\/schema\/logo\/image\/\",\"url\":\"https:\/\/www.iplay.com\/wp-content\/uploads\/2023\/11\/Group-6100.svg\",\"contentUrl\":\"https:\/\/www.iplay.com\/wp-content\/uploads\/2023\/11\/Group-6100.svg\",\"width\":98,\"height\":25,\"caption\":\"IPlay\"},\"image\":{\"@id\":\"https:\/\/www.iplay.com\/en\/#\/schema\/logo\/image\/\"}}]}<\/script>\n<!-- \/ Yoast SEO Premium plugin. -->","yoast_head_json":{"title":"My Lovely Pets Collector's Edition - Besuche Orte, um Kreaturen und versteckte Gegenst\u00e4nde zu entdecken","description":"Mit My Lovely Pets Collector's Edition erkundest du mehrere Orte, um Kreaturen und versteckte Objekte zu finden.","robots":{"index":"index","follow":"follow","max-snippet":"max-snippet:-1","max-image-preview":"max-image-preview:large","max-video-preview":"max-video-preview:-1"},"canonical":"https:\/\/www.iplay.com\/de\/games\/my-lovely-pets-collectors-edition\/","og_locale":"de_DE","og_type":"article","og_title":"My Lovely Pets Collector's Edition","og_description":"Mit My Lovely Pets Collector's Edition erkundest du mehrere Orte, um Kreaturen und versteckte Objekte zu finden.","og_url":"https:\/\/www.iplay.com\/de\/games\/my-lovely-pets-collectors-edition\/","og_site_name":"IPlay","og_image":[{"width":310,"height":310,"url":"https:\/\/www.iplay.com\/wp-content\/uploads\/2023\/12\/large_square_tile_image-1985.jpg","type":"image\/jpeg"}],"twitter_card":"summary_large_image","twitter_misc":{"Gesch\u00e4tzte Lesezeit":"1 Minute"},"schema":{"@context":"https:\/\/schema.org","@graph":[{"@type":"WebPage","@id":"https:\/\/www.iplay.com\/de\/games\/my-lovely-pets-collectors-edition\/","url":"https:\/\/www.iplay.com\/de\/games\/my-lovely-pets-collectors-edition\/","name":"My Lovely Pets Collector's Edition - Besuche Orte, um Kreaturen und versteckte Gegenst\u00e4nde zu entdecken","isPartOf":{"@id":"https:\/\/www.iplay.com\/en\/#website"},"primaryImageOfPage":{"@id":"https:\/\/www.iplay.com\/de\/games\/my-lovely-pets-collectors-edition\/#primaryimage"},"image":{"@id":"https:\/\/www.iplay.com\/de\/games\/my-lovely-pets-collectors-edition\/#primaryimage"},"thumbnailUrl":"https:\/\/www.iplay.com\/wp-content\/uploads\/2023\/12\/large_square_tile_image-1985.jpg","datePublished":"2023-09-22T00:00:02+00:00","description":"Mit My Lovely Pets Collector's Edition erkundest du mehrere Orte, um Kreaturen und versteckte Objekte zu finden.","breadcrumb":{"@id":"https:\/\/www.iplay.com\/de\/games\/my-lovely-pets-collectors-edition\/#breadcrumb"},"inLanguage":"de-DE","potentialAction":[{"@type":"ReadAction","target":["https:\/\/www.iplay.com\/de\/games\/my-lovely-pets-collectors-edition\/"]}]},{"@type":"ImageObject","inLanguage":"de-DE","@id":"https:\/\/www.iplay.com\/de\/games\/my-lovely-pets-collectors-edition\/#primaryimage","url":"https:\/\/www.iplay.com\/wp-content\/uploads\/2023\/12\/large_square_tile_image-1985.jpg","contentUrl":"https:\/\/www.iplay.com\/wp-content\/uploads\/2023\/12\/large_square_tile_image-1985.jpg","width":310,"height":310},{"@type":"BreadcrumbList","@id":"https:\/\/www.iplay.com\/de\/games\/my-lovely-pets-collectors-edition\/#breadcrumb","itemListElement":[{"@type":"ListItem","position":1,"name":"Home","item":"https:\/\/www.iplay.com\/de\/home-page-2\/"},{"@type":"ListItem","position":2,"name":"Shop","item":"https:\/\/www.iplay.com\/en\/shop\/"},{"@type":"ListItem","position":3,"name":"My Lovely Pets Collector&#8217;s Edition"}]},{"@type":"WebSite","@id":"https:\/\/www.iplay.com\/en\/#website","url":"https:\/\/www.iplay.com\/en\/","name":"IPlay","description":"The Best Casual Games!","publisher":{"@id":"https:\/\/www.iplay.com\/en\/#organization"},"potentialAction":[{"@type":"SearchAction","target":{"@type":"EntryPoint","urlTemplate":"https:\/\/www.iplay.com\/en\/?s={search_term_string}"},"query-input":{"@type":"PropertyValueSpecification","valueRequired":true,"valueName":"search_term_string"}}],"inLanguage":"de-DE"},{"@type":"Organization","@id":"https:\/\/www.iplay.com\/en\/#organization","name":"IPlay","url":"https:\/\/www.iplay.com\/en\/","logo":{"@type":"ImageObject","inLanguage":"de-DE","@id":"https:\/\/www.iplay.com\/en\/#\/schema\/logo\/image\/","url":"https:\/\/www.iplay.com\/wp-content\/uploads\/2023\/11\/Group-6100.svg","contentUrl":"https:\/\/www.iplay.com\/wp-content\/uploads\/2023\/11\/Group-6100.svg","width":98,"height":25,"caption":"IPlay"},"image":{"@id":"https:\/\/www.iplay.com\/en\/#\/schema\/logo\/image\/"}}]}},"_links":{"self":[{"href":"https:\/\/www.iplay.com\/de\/wp-json\/wp\/v2\/product\/129698","targetHints":{"allow":["GET"]}}],"collection":[{"href":"https:\/\/www.iplay.com\/de\/wp-json\/wp\/v2\/product"}],"about":[{"href":"https:\/\/www.iplay.com\/de\/wp-json\/wp\/v2\/types\/product"}],"author":[{"embeddable":true,"href":"https:\/\/www.iplay.com\/de\/wp-json\/wp\/v2\/users\/130"}],"replies":[{"embeddable":true,"href":"https:\/\/www.iplay.com\/de\/wp-json\/wp\/v2\/comments?post=129698"}],"wp:featuredmedia":[{"embeddable":true,"href":"https:\/\/www.iplay.com\/de\/wp-json\/wp\/v2\/media\/71910"}],"wp:attachment":[{"href":"https:\/\/www.iplay.com\/de\/wp-json\/wp\/v2\/media?parent=129698"}],"wp:term":[{"taxonomy":"product_brand","embeddable":true,"href":"https:\/\/www.iplay.com\/de\/wp-json\/wp\/v2\/product_brand?post=129698"},{"taxonomy":"product_cat","embeddable":true,"href":"https:\/\/www.iplay.com\/de\/wp-json\/wp\/v2\/product_cat?post=129698"},{"taxonomy":"product_tag","embeddable":true,"href":"https:\/\/www.iplay.com\/de\/wp-json\/wp\/v2\/product_tag?post=129698"}],"curies":[{"name":"wp","href":"https:\/\/api.w.org\/{rel}","templated":true}]}}