{"id":129687,"date":"2023-09-20T00:00:00","date_gmt":"2023-09-20T00:00:00","guid":{"rendered":"https:\/\/www.iplay.com\/games\/so-much-stuff-3-collectors-edition\/"},"modified":"2023-09-20T00:00:00","modified_gmt":"2023-09-20T00:00:00","slug":"so-much-stuff-3-collectors-edition","status":"publish","type":"product","link":"https:\/\/www.iplay.com\/de\/games\/so-much-stuff-3-collectors-edition\/","title":{"rendered":"So Much Stuff 3 Collector&#8217;s Edition"},"content":{"rendered":"<p>Es ist an der Zeit, wieder nach So Much Stuff zu suchen! Navigiere durch faszinierende Verschiedenheiten in dieser brandneuen Sammlung von hervorragend gestalteten Wimmelbildsituationen! Genie\u00dfen Sie die Befriedigung des Entr\u00fcmpelns und Arrangierens! Spiele eine ganz neue Reihe von Minispielen und st\u00f6bere durch lustige und fesselnde neue Themen!   <\/p>\n<p>&nbsp;<\/p>\n<p>&nbsp;<\/p>\n<p><strong>Funktionen:<\/strong><\/p>\n<p>&#8211; Spiele \u00fcber 100 Spiele!<br \/>\n&#8211; Herunterladbare Hintergrundbilder<br \/>\n &#8211; Ein gro\u00dfer Soundtrack- und Musikplayer<br \/>\n &#8211; Nutze die Hilfe- und Hinweisfunktionen, um das Gameplay zu optimieren!<\/p>\n<p>&nbsp;<\/p>\n<p><strong>Funktionen der Collector&#8217;s Edition:<\/strong><\/p>\n<p>&#8211; Acht weitere Themen.<br \/>\n&#8211; Herunterladbare 18 Hintergrundbilder<br \/>\n &#8211; MP3-Player<br \/>\n &#8211; Ein zus\u00e4tzlicher Sammlungsraum<\/p>\n","protected":false},"excerpt":{"rendered":"<p>Es ist an der Zeit, wieder nach So Much Stuff zu suchen! mit der Collector&#8217;s Edition von So Much Stuff 3<\/p>\n","protected":false},"author":18,"featured_media":71974,"comment_status":"open","ping_status":"closed","template":"","meta":{"_acf_changed":false,"inline_featured_image":false},"product_brand":[],"product_cat":[164],"product_tag":[289],"class_list":{"0":"post-129687","1":"product","2":"type-product","3":"status-publish","4":"has-post-thumbnail","6":"product_cat-hidden-object-de","7":"product_tag-play-on-pc-de","9":"first","10":"instock","11":"shipping-taxable","12":"purchasable","13":"product-type-simple"},"acf":[],"yoast_head":"<!-- This site is optimized with the Yoast SEO Premium plugin v25.2 (Yoast SEO v25.2) - https:\/\/yoast.com\/wordpress\/plugins\/seo\/ -->\n<title>So Much Stuff 3 Collector&#039;s Edition - Halte noch einmal Ausschau nach So Much Stuff 3 CE<\/title>\n<meta name=\"description\" content=\"Es ist an der Zeit, wieder nach So Much Stuff zu suchen! mit der Collector&#039;s Edition von So Much Stuff 3\" \/>\n<meta name=\"robots\" content=\"index, follow, max-snippet:-1, max-image-preview:large, max-video-preview:-1\" \/>\n<link rel=\"canonical\" href=\"https:\/\/www.iplay.com\/de\/games\/so-much-stuff-3-collectors-edition\/\" \/>\n<meta property=\"og:locale\" content=\"de_DE\" \/>\n<meta property=\"og:type\" content=\"article\" \/>\n<meta property=\"og:title\" content=\"So Much Stuff 3 Collector&#039;s Edition\" \/>\n<meta property=\"og:description\" content=\"Es ist an der Zeit, wieder nach So Much Stuff zu suchen! mit der Collector&#039;s Edition von So Much Stuff 3\" \/>\n<meta property=\"og:url\" content=\"https:\/\/www.iplay.com\/de\/games\/so-much-stuff-3-collectors-edition\/\" \/>\n<meta property=\"og:site_name\" content=\"IPlay\" \/>\n<meta property=\"og:image\" content=\"https:\/\/www.iplay.com\/wp-content\/uploads\/2023\/12\/large_square_tile_image-1989.jpg\" \/>\n\t<meta property=\"og:image:width\" content=\"310\" \/>\n\t<meta property=\"og:image:height\" content=\"310\" \/>\n\t<meta property=\"og:image:type\" content=\"image\/jpeg\" \/>\n<meta name=\"twitter:card\" content=\"summary_large_image\" \/>\n<script type=\"application\/ld+json\" class=\"yoast-schema-graph\">{\"@context\":\"https:\/\/schema.org\",\"@graph\":[{\"@type\":\"WebPage\",\"@id\":\"https:\/\/www.iplay.com\/de\/games\/so-much-stuff-3-collectors-edition\/\",\"url\":\"https:\/\/www.iplay.com\/de\/games\/so-much-stuff-3-collectors-edition\/\",\"name\":\"So Much Stuff 3 Collector's Edition - Halte noch einmal Ausschau nach So Much Stuff 3 CE\",\"isPartOf\":{\"@id\":\"https:\/\/www.iplay.com\/en\/#website\"},\"primaryImageOfPage\":{\"@id\":\"https:\/\/www.iplay.com\/de\/games\/so-much-stuff-3-collectors-edition\/#primaryimage\"},\"image\":{\"@id\":\"https:\/\/www.iplay.com\/de\/games\/so-much-stuff-3-collectors-edition\/#primaryimage\"},\"thumbnailUrl\":\"https:\/\/www.iplay.com\/wp-content\/uploads\/2023\/12\/large_square_tile_image-1989.jpg\",\"datePublished\":\"2023-09-20T00:00:00+00:00\",\"description\":\"Es ist an der Zeit, wieder nach So Much Stuff zu suchen! mit der Collector's Edition von So Much Stuff 3\",\"breadcrumb\":{\"@id\":\"https:\/\/www.iplay.com\/de\/games\/so-much-stuff-3-collectors-edition\/#breadcrumb\"},\"inLanguage\":\"de-DE\",\"potentialAction\":[{\"@type\":\"ReadAction\",\"target\":[\"https:\/\/www.iplay.com\/de\/games\/so-much-stuff-3-collectors-edition\/\"]}]},{\"@type\":\"ImageObject\",\"inLanguage\":\"de-DE\",\"@id\":\"https:\/\/www.iplay.com\/de\/games\/so-much-stuff-3-collectors-edition\/#primaryimage\",\"url\":\"https:\/\/www.iplay.com\/wp-content\/uploads\/2023\/12\/large_square_tile_image-1989.jpg\",\"contentUrl\":\"https:\/\/www.iplay.com\/wp-content\/uploads\/2023\/12\/large_square_tile_image-1989.jpg\",\"width\":310,\"height\":310},{\"@type\":\"BreadcrumbList\",\"@id\":\"https:\/\/www.iplay.com\/de\/games\/so-much-stuff-3-collectors-edition\/#breadcrumb\",\"itemListElement\":[{\"@type\":\"ListItem\",\"position\":1,\"name\":\"Home\",\"item\":\"https:\/\/www.iplay.com\/de\/home-page-2\/\"},{\"@type\":\"ListItem\",\"position\":2,\"name\":\"Shop\",\"item\":\"https:\/\/www.iplay.com\/en\/shop\/\"},{\"@type\":\"ListItem\",\"position\":3,\"name\":\"So Much Stuff 3 Collector&#8217;s Edition\"}]},{\"@type\":\"WebSite\",\"@id\":\"https:\/\/www.iplay.com\/en\/#website\",\"url\":\"https:\/\/www.iplay.com\/en\/\",\"name\":\"IPlay\",\"description\":\"The Best Casual Games!\",\"publisher\":{\"@id\":\"https:\/\/www.iplay.com\/en\/#organization\"},\"potentialAction\":[{\"@type\":\"SearchAction\",\"target\":{\"@type\":\"EntryPoint\",\"urlTemplate\":\"https:\/\/www.iplay.com\/en\/?s={search_term_string}\"},\"query-input\":{\"@type\":\"PropertyValueSpecification\",\"valueRequired\":true,\"valueName\":\"search_term_string\"}}],\"inLanguage\":\"de-DE\"},{\"@type\":\"Organization\",\"@id\":\"https:\/\/www.iplay.com\/en\/#organization\",\"name\":\"IPlay\",\"url\":\"https:\/\/www.iplay.com\/en\/\",\"logo\":{\"@type\":\"ImageObject\",\"inLanguage\":\"de-DE\",\"@id\":\"https:\/\/www.iplay.com\/en\/#\/schema\/logo\/image\/\",\"url\":\"https:\/\/www.iplay.com\/wp-content\/uploads\/2023\/11\/Group-6100.svg\",\"contentUrl\":\"https:\/\/www.iplay.com\/wp-content\/uploads\/2023\/11\/Group-6100.svg\",\"width\":98,\"height\":25,\"caption\":\"IPlay\"},\"image\":{\"@id\":\"https:\/\/www.iplay.com\/en\/#\/schema\/logo\/image\/\"}}]}<\/script>\n<!-- \/ Yoast SEO Premium plugin. -->","yoast_head_json":{"title":"So Much Stuff 3 Collector's Edition - Halte noch einmal Ausschau nach So Much Stuff 3 CE","description":"Es ist an der Zeit, wieder nach So Much Stuff zu suchen! mit der Collector's Edition von So Much Stuff 3","robots":{"index":"index","follow":"follow","max-snippet":"max-snippet:-1","max-image-preview":"max-image-preview:large","max-video-preview":"max-video-preview:-1"},"canonical":"https:\/\/www.iplay.com\/de\/games\/so-much-stuff-3-collectors-edition\/","og_locale":"de_DE","og_type":"article","og_title":"So Much Stuff 3 Collector's Edition","og_description":"Es ist an der Zeit, wieder nach So Much Stuff zu suchen! mit der Collector's Edition von So Much Stuff 3","og_url":"https:\/\/www.iplay.com\/de\/games\/so-much-stuff-3-collectors-edition\/","og_site_name":"IPlay","og_image":[{"width":310,"height":310,"url":"https:\/\/www.iplay.com\/wp-content\/uploads\/2023\/12\/large_square_tile_image-1989.jpg","type":"image\/jpeg"}],"twitter_card":"summary_large_image","schema":{"@context":"https:\/\/schema.org","@graph":[{"@type":"WebPage","@id":"https:\/\/www.iplay.com\/de\/games\/so-much-stuff-3-collectors-edition\/","url":"https:\/\/www.iplay.com\/de\/games\/so-much-stuff-3-collectors-edition\/","name":"So Much Stuff 3 Collector's Edition - Halte noch einmal Ausschau nach So Much Stuff 3 CE","isPartOf":{"@id":"https:\/\/www.iplay.com\/en\/#website"},"primaryImageOfPage":{"@id":"https:\/\/www.iplay.com\/de\/games\/so-much-stuff-3-collectors-edition\/#primaryimage"},"image":{"@id":"https:\/\/www.iplay.com\/de\/games\/so-much-stuff-3-collectors-edition\/#primaryimage"},"thumbnailUrl":"https:\/\/www.iplay.com\/wp-content\/uploads\/2023\/12\/large_square_tile_image-1989.jpg","datePublished":"2023-09-20T00:00:00+00:00","description":"Es ist an der Zeit, wieder nach So Much Stuff zu suchen! mit der Collector's Edition von So Much Stuff 3","breadcrumb":{"@id":"https:\/\/www.iplay.com\/de\/games\/so-much-stuff-3-collectors-edition\/#breadcrumb"},"inLanguage":"de-DE","potentialAction":[{"@type":"ReadAction","target":["https:\/\/www.iplay.com\/de\/games\/so-much-stuff-3-collectors-edition\/"]}]},{"@type":"ImageObject","inLanguage":"de-DE","@id":"https:\/\/www.iplay.com\/de\/games\/so-much-stuff-3-collectors-edition\/#primaryimage","url":"https:\/\/www.iplay.com\/wp-content\/uploads\/2023\/12\/large_square_tile_image-1989.jpg","contentUrl":"https:\/\/www.iplay.com\/wp-content\/uploads\/2023\/12\/large_square_tile_image-1989.jpg","width":310,"height":310},{"@type":"BreadcrumbList","@id":"https:\/\/www.iplay.com\/de\/games\/so-much-stuff-3-collectors-edition\/#breadcrumb","itemListElement":[{"@type":"ListItem","position":1,"name":"Home","item":"https:\/\/www.iplay.com\/de\/home-page-2\/"},{"@type":"ListItem","position":2,"name":"Shop","item":"https:\/\/www.iplay.com\/en\/shop\/"},{"@type":"ListItem","position":3,"name":"So Much Stuff 3 Collector&#8217;s Edition"}]},{"@type":"WebSite","@id":"https:\/\/www.iplay.com\/en\/#website","url":"https:\/\/www.iplay.com\/en\/","name":"IPlay","description":"The Best Casual Games!","publisher":{"@id":"https:\/\/www.iplay.com\/en\/#organization"},"potentialAction":[{"@type":"SearchAction","target":{"@type":"EntryPoint","urlTemplate":"https:\/\/www.iplay.com\/en\/?s={search_term_string}"},"query-input":{"@type":"PropertyValueSpecification","valueRequired":true,"valueName":"search_term_string"}}],"inLanguage":"de-DE"},{"@type":"Organization","@id":"https:\/\/www.iplay.com\/en\/#organization","name":"IPlay","url":"https:\/\/www.iplay.com\/en\/","logo":{"@type":"ImageObject","inLanguage":"de-DE","@id":"https:\/\/www.iplay.com\/en\/#\/schema\/logo\/image\/","url":"https:\/\/www.iplay.com\/wp-content\/uploads\/2023\/11\/Group-6100.svg","contentUrl":"https:\/\/www.iplay.com\/wp-content\/uploads\/2023\/11\/Group-6100.svg","width":98,"height":25,"caption":"IPlay"},"image":{"@id":"https:\/\/www.iplay.com\/en\/#\/schema\/logo\/image\/"}}]}},"_links":{"self":[{"href":"https:\/\/www.iplay.com\/de\/wp-json\/wp\/v2\/product\/129687","targetHints":{"allow":["GET"]}}],"collection":[{"href":"https:\/\/www.iplay.com\/de\/wp-json\/wp\/v2\/product"}],"about":[{"href":"https:\/\/www.iplay.com\/de\/wp-json\/wp\/v2\/types\/product"}],"author":[{"embeddable":true,"href":"https:\/\/www.iplay.com\/de\/wp-json\/wp\/v2\/users\/18"}],"replies":[{"embeddable":true,"href":"https:\/\/www.iplay.com\/de\/wp-json\/wp\/v2\/comments?post=129687"}],"wp:featuredmedia":[{"embeddable":true,"href":"https:\/\/www.iplay.com\/de\/wp-json\/wp\/v2\/media\/71974"}],"wp:attachment":[{"href":"https:\/\/www.iplay.com\/de\/wp-json\/wp\/v2\/media?parent=129687"}],"wp:term":[{"taxonomy":"product_brand","embeddable":true,"href":"https:\/\/www.iplay.com\/de\/wp-json\/wp\/v2\/product_brand?post=129687"},{"taxonomy":"product_cat","embeddable":true,"href":"https:\/\/www.iplay.com\/de\/wp-json\/wp\/v2\/product_cat?post=129687"},{"taxonomy":"product_tag","embeddable":true,"href":"https:\/\/www.iplay.com\/de\/wp-json\/wp\/v2\/product_tag?post=129687"}],"curies":[{"name":"wp","href":"https:\/\/api.w.org\/{rel}","templated":true}]}}