{"id":129554,"date":"2023-12-20T00:00:25","date_gmt":"2023-12-20T00:00:25","guid":{"rendered":"https:\/\/www.iplay.com\/games\/puzzle-escapes-paws-and-claws\/"},"modified":"2023-12-20T00:00:25","modified_gmt":"2023-12-20T00:00:25","slug":"puzzle-escapes-paws-and-claws","status":"publish","type":"product","link":"https:\/\/www.iplay.com\/de\/games\/puzzle-escapes-paws-and-claws\/","title":{"rendered":"Puzzle Escapes: Paws and Claws"},"content":{"rendered":"<p>Willkommen bei Puzzle Escapes: Paws and Claws! Begeben Sie sich mit Ihren knuddeligen Tierfreunden auf verr\u00fcckte Ausfl\u00fcge. L\u00f6se lustige R\u00e4tsel in atemberaubenden Landschaften, w\u00e4hrend du mit deinen tierischen Begleitern unterwegs bist. Egal, ob Sie Hunde, Katzen oder andere gefiederte Gef\u00e4hrten lieben, diese fesselnde Reise wird Ihre Sinne erfreuen und Ihnen ein gutes Gef\u00fchl geben.   <\/p>\n<p>&nbsp;<\/p>\n<p><strong>Funktionen<\/strong><\/p>\n<p>&nbsp;<\/p>\n<p>&#8211; Entdecke 125 faszinierende Puzzlebilder, die die Sch\u00f6nheit von Pfoten und Klauen hervorheben!<\/p>\n<p>&#8211; W\u00e4hle zwischen 28 Tausch-Puzzles und 27 Puzzles!<\/p>\n<p>&#8211; Spiele ganz einfach Spiele mit hilfreichen Funktionen wie Drehen, Mischen, Timer und Tipp!<\/p>\n<p>&#8211; Hilfe f\u00fcr Spieler, die mit einer Hinweisfunktion nicht weiterkommen! &#8211;<\/p>\n<p>Passen Sie Ihre Hintergrundfarbe an!<\/p>\n<p>&#8211; Kompletter Soundtrack und Hintergrundbilder enthalten!<\/p>\n","protected":false},"excerpt":{"rendered":"<p>L\u00f6se R\u00e4tsel mit niedlichen Tierfreunden!<\/p>\n","protected":false},"author":18,"featured_media":109239,"comment_status":"open","ping_status":"closed","template":"","meta":{"_acf_changed":false,"inline_featured_image":false},"product_brand":[],"product_cat":[194],"product_tag":[],"class_list":{"0":"post-129554","1":"product","2":"type-product","3":"status-publish","4":"has-post-thumbnail","6":"product_cat-puzzle-de","8":"first","9":"instock","10":"shipping-taxable","11":"purchasable","12":"product-type-simple"},"acf":[],"yoast_head":"<!-- This site is optimized with the Yoast SEO Premium plugin v25.2 (Yoast SEO v25.2) - https:\/\/yoast.com\/wordpress\/plugins\/seo\/ -->\n<title>Puzzle Escapes: Paws and Claws - L\u00f6se R\u00e4tsel mit niedlichen Tierfreunden<\/title>\n<meta name=\"description\" content=\"L\u00f6se R\u00e4tsel mit niedlichen Tierfreunden!\" \/>\n<meta name=\"robots\" content=\"index, follow, max-snippet:-1, max-image-preview:large, max-video-preview:-1\" \/>\n<link rel=\"canonical\" href=\"https:\/\/www.iplay.com\/de\/games\/puzzle-escapes-paws-and-claws\/\" \/>\n<meta property=\"og:locale\" content=\"de_DE\" \/>\n<meta property=\"og:type\" content=\"article\" \/>\n<meta property=\"og:title\" content=\"Puzzle Escapes: Paws and Claws\" \/>\n<meta property=\"og:description\" content=\"L\u00f6se R\u00e4tsel mit niedlichen Tierfreunden!\" \/>\n<meta property=\"og:url\" content=\"https:\/\/www.iplay.com\/de\/games\/puzzle-escapes-paws-and-claws\/\" \/>\n<meta property=\"og:site_name\" content=\"IPlay\" \/>\n<meta property=\"og:image\" content=\"https:\/\/www.iplay.com\/wp-content\/uploads\/2024\/02\/large_square_tile_image-13.jpg\" \/>\n\t<meta property=\"og:image:width\" content=\"310\" \/>\n\t<meta property=\"og:image:height\" content=\"310\" \/>\n\t<meta property=\"og:image:type\" content=\"image\/jpeg\" \/>\n<meta name=\"twitter:card\" content=\"summary_large_image\" \/>\n<meta name=\"twitter:label1\" content=\"Gesch\u00e4tzte Lesezeit\" \/>\n\t<meta name=\"twitter:data1\" content=\"1 Minute\" \/>\n<script type=\"application\/ld+json\" class=\"yoast-schema-graph\">{\"@context\":\"https:\/\/schema.org\",\"@graph\":[{\"@type\":\"WebPage\",\"@id\":\"https:\/\/www.iplay.com\/de\/games\/puzzle-escapes-paws-and-claws\/\",\"url\":\"https:\/\/www.iplay.com\/de\/games\/puzzle-escapes-paws-and-claws\/\",\"name\":\"Puzzle Escapes: Paws and Claws - L\u00f6se R\u00e4tsel mit niedlichen Tierfreunden\",\"isPartOf\":{\"@id\":\"https:\/\/www.iplay.com\/en\/#website\"},\"primaryImageOfPage\":{\"@id\":\"https:\/\/www.iplay.com\/de\/games\/puzzle-escapes-paws-and-claws\/#primaryimage\"},\"image\":{\"@id\":\"https:\/\/www.iplay.com\/de\/games\/puzzle-escapes-paws-and-claws\/#primaryimage\"},\"thumbnailUrl\":\"https:\/\/www.iplay.com\/wp-content\/uploads\/2024\/02\/large_square_tile_image-13.jpg\",\"datePublished\":\"2023-12-20T00:00:25+00:00\",\"description\":\"L\u00f6se R\u00e4tsel mit niedlichen Tierfreunden!\",\"breadcrumb\":{\"@id\":\"https:\/\/www.iplay.com\/de\/games\/puzzle-escapes-paws-and-claws\/#breadcrumb\"},\"inLanguage\":\"de-DE\",\"potentialAction\":[{\"@type\":\"ReadAction\",\"target\":[\"https:\/\/www.iplay.com\/de\/games\/puzzle-escapes-paws-and-claws\/\"]}]},{\"@type\":\"ImageObject\",\"inLanguage\":\"de-DE\",\"@id\":\"https:\/\/www.iplay.com\/de\/games\/puzzle-escapes-paws-and-claws\/#primaryimage\",\"url\":\"https:\/\/www.iplay.com\/wp-content\/uploads\/2024\/02\/large_square_tile_image-13.jpg\",\"contentUrl\":\"https:\/\/www.iplay.com\/wp-content\/uploads\/2024\/02\/large_square_tile_image-13.jpg\",\"width\":310,\"height\":310},{\"@type\":\"BreadcrumbList\",\"@id\":\"https:\/\/www.iplay.com\/de\/games\/puzzle-escapes-paws-and-claws\/#breadcrumb\",\"itemListElement\":[{\"@type\":\"ListItem\",\"position\":1,\"name\":\"Home\",\"item\":\"https:\/\/www.iplay.com\/de\/home-page-2\/\"},{\"@type\":\"ListItem\",\"position\":2,\"name\":\"Shop\",\"item\":\"https:\/\/www.iplay.com\/en\/shop\/\"},{\"@type\":\"ListItem\",\"position\":3,\"name\":\"Puzzle Escapes: Paws and Claws\"}]},{\"@type\":\"WebSite\",\"@id\":\"https:\/\/www.iplay.com\/en\/#website\",\"url\":\"https:\/\/www.iplay.com\/en\/\",\"name\":\"IPlay\",\"description\":\"The Best Casual Games!\",\"publisher\":{\"@id\":\"https:\/\/www.iplay.com\/en\/#organization\"},\"potentialAction\":[{\"@type\":\"SearchAction\",\"target\":{\"@type\":\"EntryPoint\",\"urlTemplate\":\"https:\/\/www.iplay.com\/en\/?s={search_term_string}\"},\"query-input\":{\"@type\":\"PropertyValueSpecification\",\"valueRequired\":true,\"valueName\":\"search_term_string\"}}],\"inLanguage\":\"de-DE\"},{\"@type\":\"Organization\",\"@id\":\"https:\/\/www.iplay.com\/en\/#organization\",\"name\":\"IPlay\",\"url\":\"https:\/\/www.iplay.com\/en\/\",\"logo\":{\"@type\":\"ImageObject\",\"inLanguage\":\"de-DE\",\"@id\":\"https:\/\/www.iplay.com\/en\/#\/schema\/logo\/image\/\",\"url\":\"https:\/\/www.iplay.com\/wp-content\/uploads\/2023\/11\/Group-6100.svg\",\"contentUrl\":\"https:\/\/www.iplay.com\/wp-content\/uploads\/2023\/11\/Group-6100.svg\",\"width\":98,\"height\":25,\"caption\":\"IPlay\"},\"image\":{\"@id\":\"https:\/\/www.iplay.com\/en\/#\/schema\/logo\/image\/\"}}]}<\/script>\n<!-- \/ Yoast SEO Premium plugin. -->","yoast_head_json":{"title":"Puzzle Escapes: Paws and Claws - L\u00f6se R\u00e4tsel mit niedlichen Tierfreunden","description":"L\u00f6se R\u00e4tsel mit niedlichen Tierfreunden!","robots":{"index":"index","follow":"follow","max-snippet":"max-snippet:-1","max-image-preview":"max-image-preview:large","max-video-preview":"max-video-preview:-1"},"canonical":"https:\/\/www.iplay.com\/de\/games\/puzzle-escapes-paws-and-claws\/","og_locale":"de_DE","og_type":"article","og_title":"Puzzle Escapes: Paws and Claws","og_description":"L\u00f6se R\u00e4tsel mit niedlichen Tierfreunden!","og_url":"https:\/\/www.iplay.com\/de\/games\/puzzle-escapes-paws-and-claws\/","og_site_name":"IPlay","og_image":[{"width":310,"height":310,"url":"https:\/\/www.iplay.com\/wp-content\/uploads\/2024\/02\/large_square_tile_image-13.jpg","type":"image\/jpeg"}],"twitter_card":"summary_large_image","twitter_misc":{"Gesch\u00e4tzte Lesezeit":"1 Minute"},"schema":{"@context":"https:\/\/schema.org","@graph":[{"@type":"WebPage","@id":"https:\/\/www.iplay.com\/de\/games\/puzzle-escapes-paws-and-claws\/","url":"https:\/\/www.iplay.com\/de\/games\/puzzle-escapes-paws-and-claws\/","name":"Puzzle Escapes: Paws and Claws - L\u00f6se R\u00e4tsel mit niedlichen Tierfreunden","isPartOf":{"@id":"https:\/\/www.iplay.com\/en\/#website"},"primaryImageOfPage":{"@id":"https:\/\/www.iplay.com\/de\/games\/puzzle-escapes-paws-and-claws\/#primaryimage"},"image":{"@id":"https:\/\/www.iplay.com\/de\/games\/puzzle-escapes-paws-and-claws\/#primaryimage"},"thumbnailUrl":"https:\/\/www.iplay.com\/wp-content\/uploads\/2024\/02\/large_square_tile_image-13.jpg","datePublished":"2023-12-20T00:00:25+00:00","description":"L\u00f6se R\u00e4tsel mit niedlichen Tierfreunden!","breadcrumb":{"@id":"https:\/\/www.iplay.com\/de\/games\/puzzle-escapes-paws-and-claws\/#breadcrumb"},"inLanguage":"de-DE","potentialAction":[{"@type":"ReadAction","target":["https:\/\/www.iplay.com\/de\/games\/puzzle-escapes-paws-and-claws\/"]}]},{"@type":"ImageObject","inLanguage":"de-DE","@id":"https:\/\/www.iplay.com\/de\/games\/puzzle-escapes-paws-and-claws\/#primaryimage","url":"https:\/\/www.iplay.com\/wp-content\/uploads\/2024\/02\/large_square_tile_image-13.jpg","contentUrl":"https:\/\/www.iplay.com\/wp-content\/uploads\/2024\/02\/large_square_tile_image-13.jpg","width":310,"height":310},{"@type":"BreadcrumbList","@id":"https:\/\/www.iplay.com\/de\/games\/puzzle-escapes-paws-and-claws\/#breadcrumb","itemListElement":[{"@type":"ListItem","position":1,"name":"Home","item":"https:\/\/www.iplay.com\/de\/home-page-2\/"},{"@type":"ListItem","position":2,"name":"Shop","item":"https:\/\/www.iplay.com\/en\/shop\/"},{"@type":"ListItem","position":3,"name":"Puzzle Escapes: Paws and Claws"}]},{"@type":"WebSite","@id":"https:\/\/www.iplay.com\/en\/#website","url":"https:\/\/www.iplay.com\/en\/","name":"IPlay","description":"The Best Casual Games!","publisher":{"@id":"https:\/\/www.iplay.com\/en\/#organization"},"potentialAction":[{"@type":"SearchAction","target":{"@type":"EntryPoint","urlTemplate":"https:\/\/www.iplay.com\/en\/?s={search_term_string}"},"query-input":{"@type":"PropertyValueSpecification","valueRequired":true,"valueName":"search_term_string"}}],"inLanguage":"de-DE"},{"@type":"Organization","@id":"https:\/\/www.iplay.com\/en\/#organization","name":"IPlay","url":"https:\/\/www.iplay.com\/en\/","logo":{"@type":"ImageObject","inLanguage":"de-DE","@id":"https:\/\/www.iplay.com\/en\/#\/schema\/logo\/image\/","url":"https:\/\/www.iplay.com\/wp-content\/uploads\/2023\/11\/Group-6100.svg","contentUrl":"https:\/\/www.iplay.com\/wp-content\/uploads\/2023\/11\/Group-6100.svg","width":98,"height":25,"caption":"IPlay"},"image":{"@id":"https:\/\/www.iplay.com\/en\/#\/schema\/logo\/image\/"}}]}},"_links":{"self":[{"href":"https:\/\/www.iplay.com\/de\/wp-json\/wp\/v2\/product\/129554","targetHints":{"allow":["GET"]}}],"collection":[{"href":"https:\/\/www.iplay.com\/de\/wp-json\/wp\/v2\/product"}],"about":[{"href":"https:\/\/www.iplay.com\/de\/wp-json\/wp\/v2\/types\/product"}],"author":[{"embeddable":true,"href":"https:\/\/www.iplay.com\/de\/wp-json\/wp\/v2\/users\/18"}],"replies":[{"embeddable":true,"href":"https:\/\/www.iplay.com\/de\/wp-json\/wp\/v2\/comments?post=129554"}],"wp:featuredmedia":[{"embeddable":true,"href":"https:\/\/www.iplay.com\/de\/wp-json\/wp\/v2\/media\/109239"}],"wp:attachment":[{"href":"https:\/\/www.iplay.com\/de\/wp-json\/wp\/v2\/media?parent=129554"}],"wp:term":[{"taxonomy":"product_brand","embeddable":true,"href":"https:\/\/www.iplay.com\/de\/wp-json\/wp\/v2\/product_brand?post=129554"},{"taxonomy":"product_cat","embeddable":true,"href":"https:\/\/www.iplay.com\/de\/wp-json\/wp\/v2\/product_cat?post=129554"},{"taxonomy":"product_tag","embeddable":true,"href":"https:\/\/www.iplay.com\/de\/wp-json\/wp\/v2\/product_tag?post=129554"}],"curies":[{"name":"wp","href":"https:\/\/api.w.org\/{rel}","templated":true}]}}