{"id":129503,"date":"2023-11-27T00:00:26","date_gmt":"2023-11-27T00:00:26","guid":{"rendered":"https:\/\/www.iplay.com\/games\/elven-rivers-3-sky-realm-collectors-edition\/"},"modified":"2023-11-27T00:00:26","modified_gmt":"2023-11-27T00:00:26","slug":"elven-rivers-3-sky-realm-collectors-edition","status":"publish","type":"product","link":"https:\/\/www.iplay.com\/de\/games\/elven-rivers-3-sky-realm-collectors-edition\/","title":{"rendered":"Elven Rivers 3 &#8211; Sky Realm Collector&#8217;s Edition"},"content":{"rendered":"<p>Das Himmelsreich hat sich immer von irdischen Angelegenheiten ferngehalten, sowohl physisch als auch metaphorisch. Umso \u00fcberraschter sind Celene und ihr Team, als bei ihrer Ankunft in diplomatischer Mission zwischen den Wolken etwas auf vertraute und ungewohnte Weise nicht in Ordnung zu sein scheint. <\/p>\n<p>Mehr denn je sind die gefl\u00fcgelten Ratten auf dem Vormarsch. Das Laub bl\u00fcht ab. Ein stolzer und tapferer Greif, geschlagen und verletzt, atmet kaum. Es wird vermutet, dass es sich bei den Feinden, die diese fernen L\u00e4nder heimsuchen, um dieselben handelt, denen die elfischen Spione zuvor begegnet sind.   <\/p>\n<p>Celene, mit ihrer gesteigerten Erfahrung, ist entschlossen, solche St\u00f6rungen nicht zu \u00fcbersehen. Ihr Widersacher erweist sich diesmal jedoch als au\u00dfergew\u00f6hnlich gerissen. Es stellt sich die Frage: Wer wird aus diesem \u00fcberraschenden Duell als Sieger hervorgehen?  <\/p>\n<p>&nbsp;<\/p>\n<p><strong>Funktionen<\/strong><\/p>\n<ul>\n<li>Angeboten wird die Teilnahme an einer spannenden Fantasy-Geschichte, die im Sky Realm spielt.<\/li>\n<li>Eine Vielzahl von Spielmodi, darunter ein rasanter Wettlauf gegen die Zeit und eine entspannte Handlung, stehen zur Verf\u00fcgung. Die Zusammenarbeit mit Teamkollegen, um Gegner zu \u00fcberlisten, ist unerl\u00e4sslich. <\/li>\n<li>Die Zuneigung eines m\u00e4chtigen und arroganten Greifens kann gewonnen werden.<\/li>\n<\/ul>\n<p><strong>Funktionen der Collector&#8217;s Edition<\/strong><\/p>\n<ul>\n<li>Die Haupthandlung erstreckt sich \u00fcber 15 weitere Ebenen.<\/li>\n<li>Zus\u00e4tzliche Ziele und Erfolge sind enthalten.<\/li>\n<li>Versteckte Malvorlagen und Puzzleteile stehen zur Verf\u00fcgung.<\/li>\n<li>Hintergrundbilder zum Herunterladen werden zur Verf\u00fcgung gestellt.<\/li>\n<li>Ein gro\u00dfes Kunstwerk kann vervollst\u00e4ndigt werden, indem man jedes Level meistert.<\/li>\n<\/ul>\n","protected":false},"excerpt":{"rendered":"<p>Ein Zeitmanagement-Spiel, das in den L\u00fcften zwischen Inseln mit <strong>Elven Rivers 3 &#8211; Sky Realm Collector&#8217;s Edition<\/strong> spielt<\/p>\n","protected":false},"author":13,"featured_media":116235,"comment_status":"open","ping_status":"closed","template":"","meta":{"_acf_changed":false,"inline_featured_image":false},"product_brand":[],"product_cat":[217],"product_tag":[289],"class_list":{"0":"post-129503","1":"product","2":"type-product","3":"status-publish","4":"has-post-thumbnail","6":"product_cat-time-management-de","7":"product_tag-play-on-pc-de","9":"first","10":"instock","11":"shipping-taxable","12":"purchasable","13":"product-type-simple"},"acf":[],"yoast_head":"<!-- This site is optimized with the Yoast SEO Premium plugin v25.2 (Yoast SEO v25.2) - https:\/\/yoast.com\/wordpress\/plugins\/seo\/ -->\n<title>Elven Rivers 3 - Himmelsreich Sammleredition<\/title>\n<meta name=\"description\" content=\"Ein Zeitmanagement-Spiel, das in den L\u00fcften zwischen Inseln mit Elven Rivers 3 - Sky Realm Collector&#039;s Edition spielt\" \/>\n<meta name=\"robots\" content=\"index, follow, max-snippet:-1, max-image-preview:large, max-video-preview:-1\" \/>\n<link rel=\"canonical\" href=\"https:\/\/www.iplay.com\/de\/games\/elven-rivers-3-sky-realm-collectors-edition\/\" \/>\n<meta property=\"og:locale\" content=\"de_DE\" \/>\n<meta property=\"og:type\" content=\"article\" \/>\n<meta property=\"og:title\" content=\"Elven Rivers 3 - Sky Realm Collector&#039;s Edition\" \/>\n<meta property=\"og:description\" content=\"Ein Zeitmanagement-Spiel, das in den L\u00fcften zwischen Inseln mit Elven Rivers 3 - Sky Realm Collector&#039;s Edition spielt\" \/>\n<meta property=\"og:url\" content=\"https:\/\/www.iplay.com\/de\/games\/elven-rivers-3-sky-realm-collectors-edition\/\" \/>\n<meta property=\"og:site_name\" content=\"IPlay\" \/>\n<meta property=\"og:image\" content=\"https:\/\/www.iplay.com\/wp-content\/uploads\/2024\/07\/Elven-Rivers-3-Sky-Realm-CE_large_square_tile_image.webp\" \/>\n\t<meta property=\"og:image:width\" content=\"715\" \/>\n\t<meta property=\"og:image:height\" content=\"485\" \/>\n\t<meta property=\"og:image:type\" content=\"image\/webp\" \/>\n<meta name=\"twitter:card\" content=\"summary_large_image\" \/>\n<meta name=\"twitter:label1\" content=\"Gesch\u00e4tzte Lesezeit\" \/>\n\t<meta name=\"twitter:data1\" content=\"1 Minute\" \/>\n<script type=\"application\/ld+json\" class=\"yoast-schema-graph\">{\"@context\":\"https:\/\/schema.org\",\"@graph\":[{\"@type\":\"WebPage\",\"@id\":\"https:\/\/www.iplay.com\/de\/games\/elven-rivers-3-sky-realm-collectors-edition\/\",\"url\":\"https:\/\/www.iplay.com\/de\/games\/elven-rivers-3-sky-realm-collectors-edition\/\",\"name\":\"Elven Rivers 3 - Himmelsreich Sammleredition\",\"isPartOf\":{\"@id\":\"https:\/\/www.iplay.com\/en\/#website\"},\"primaryImageOfPage\":{\"@id\":\"https:\/\/www.iplay.com\/de\/games\/elven-rivers-3-sky-realm-collectors-edition\/#primaryimage\"},\"image\":{\"@id\":\"https:\/\/www.iplay.com\/de\/games\/elven-rivers-3-sky-realm-collectors-edition\/#primaryimage\"},\"thumbnailUrl\":\"https:\/\/www.iplay.com\/wp-content\/uploads\/2024\/07\/Elven-Rivers-3-Sky-Realm-CE_large_square_tile_image.webp\",\"datePublished\":\"2023-11-27T00:00:26+00:00\",\"description\":\"Ein Zeitmanagement-Spiel, das in den L\u00fcften zwischen Inseln mit Elven Rivers 3 - Sky Realm Collector's Edition spielt\",\"breadcrumb\":{\"@id\":\"https:\/\/www.iplay.com\/de\/games\/elven-rivers-3-sky-realm-collectors-edition\/#breadcrumb\"},\"inLanguage\":\"de-DE\",\"potentialAction\":[{\"@type\":\"ReadAction\",\"target\":[\"https:\/\/www.iplay.com\/de\/games\/elven-rivers-3-sky-realm-collectors-edition\/\"]}]},{\"@type\":\"ImageObject\",\"inLanguage\":\"de-DE\",\"@id\":\"https:\/\/www.iplay.com\/de\/games\/elven-rivers-3-sky-realm-collectors-edition\/#primaryimage\",\"url\":\"https:\/\/www.iplay.com\/wp-content\/uploads\/2024\/07\/Elven-Rivers-3-Sky-Realm-CE_large_square_tile_image.webp\",\"contentUrl\":\"https:\/\/www.iplay.com\/wp-content\/uploads\/2024\/07\/Elven-Rivers-3-Sky-Realm-CE_large_square_tile_image.webp\",\"width\":715,\"height\":485},{\"@type\":\"BreadcrumbList\",\"@id\":\"https:\/\/www.iplay.com\/de\/games\/elven-rivers-3-sky-realm-collectors-edition\/#breadcrumb\",\"itemListElement\":[{\"@type\":\"ListItem\",\"position\":1,\"name\":\"Home\",\"item\":\"https:\/\/www.iplay.com\/de\/home-page-2\/\"},{\"@type\":\"ListItem\",\"position\":2,\"name\":\"Shop\",\"item\":\"https:\/\/www.iplay.com\/en\/shop\/\"},{\"@type\":\"ListItem\",\"position\":3,\"name\":\"Elven Rivers 3 &#8211; Sky Realm Collector&#8217;s Edition\"}]},{\"@type\":\"WebSite\",\"@id\":\"https:\/\/www.iplay.com\/en\/#website\",\"url\":\"https:\/\/www.iplay.com\/en\/\",\"name\":\"IPlay\",\"description\":\"The Best Casual Games!\",\"publisher\":{\"@id\":\"https:\/\/www.iplay.com\/en\/#organization\"},\"potentialAction\":[{\"@type\":\"SearchAction\",\"target\":{\"@type\":\"EntryPoint\",\"urlTemplate\":\"https:\/\/www.iplay.com\/en\/?s={search_term_string}\"},\"query-input\":{\"@type\":\"PropertyValueSpecification\",\"valueRequired\":true,\"valueName\":\"search_term_string\"}}],\"inLanguage\":\"de-DE\"},{\"@type\":\"Organization\",\"@id\":\"https:\/\/www.iplay.com\/en\/#organization\",\"name\":\"IPlay\",\"url\":\"https:\/\/www.iplay.com\/en\/\",\"logo\":{\"@type\":\"ImageObject\",\"inLanguage\":\"de-DE\",\"@id\":\"https:\/\/www.iplay.com\/en\/#\/schema\/logo\/image\/\",\"url\":\"https:\/\/www.iplay.com\/wp-content\/uploads\/2023\/11\/Group-6100.svg\",\"contentUrl\":\"https:\/\/www.iplay.com\/wp-content\/uploads\/2023\/11\/Group-6100.svg\",\"width\":98,\"height\":25,\"caption\":\"IPlay\"},\"image\":{\"@id\":\"https:\/\/www.iplay.com\/en\/#\/schema\/logo\/image\/\"}}]}<\/script>\n<!-- \/ Yoast SEO Premium plugin. -->","yoast_head_json":{"title":"Elven Rivers 3 - Himmelsreich Sammleredition","description":"Ein Zeitmanagement-Spiel, das in den L\u00fcften zwischen Inseln mit Elven Rivers 3 - Sky Realm Collector's Edition spielt","robots":{"index":"index","follow":"follow","max-snippet":"max-snippet:-1","max-image-preview":"max-image-preview:large","max-video-preview":"max-video-preview:-1"},"canonical":"https:\/\/www.iplay.com\/de\/games\/elven-rivers-3-sky-realm-collectors-edition\/","og_locale":"de_DE","og_type":"article","og_title":"Elven Rivers 3 - Sky Realm Collector's Edition","og_description":"Ein Zeitmanagement-Spiel, das in den L\u00fcften zwischen Inseln mit Elven Rivers 3 - Sky Realm Collector's Edition spielt","og_url":"https:\/\/www.iplay.com\/de\/games\/elven-rivers-3-sky-realm-collectors-edition\/","og_site_name":"IPlay","og_image":[{"width":715,"height":485,"url":"https:\/\/www.iplay.com\/wp-content\/uploads\/2024\/07\/Elven-Rivers-3-Sky-Realm-CE_large_square_tile_image.webp","type":"image\/webp"}],"twitter_card":"summary_large_image","twitter_misc":{"Gesch\u00e4tzte Lesezeit":"1 Minute"},"schema":{"@context":"https:\/\/schema.org","@graph":[{"@type":"WebPage","@id":"https:\/\/www.iplay.com\/de\/games\/elven-rivers-3-sky-realm-collectors-edition\/","url":"https:\/\/www.iplay.com\/de\/games\/elven-rivers-3-sky-realm-collectors-edition\/","name":"Elven Rivers 3 - Himmelsreich Sammleredition","isPartOf":{"@id":"https:\/\/www.iplay.com\/en\/#website"},"primaryImageOfPage":{"@id":"https:\/\/www.iplay.com\/de\/games\/elven-rivers-3-sky-realm-collectors-edition\/#primaryimage"},"image":{"@id":"https:\/\/www.iplay.com\/de\/games\/elven-rivers-3-sky-realm-collectors-edition\/#primaryimage"},"thumbnailUrl":"https:\/\/www.iplay.com\/wp-content\/uploads\/2024\/07\/Elven-Rivers-3-Sky-Realm-CE_large_square_tile_image.webp","datePublished":"2023-11-27T00:00:26+00:00","description":"Ein Zeitmanagement-Spiel, das in den L\u00fcften zwischen Inseln mit Elven Rivers 3 - Sky Realm Collector's Edition spielt","breadcrumb":{"@id":"https:\/\/www.iplay.com\/de\/games\/elven-rivers-3-sky-realm-collectors-edition\/#breadcrumb"},"inLanguage":"de-DE","potentialAction":[{"@type":"ReadAction","target":["https:\/\/www.iplay.com\/de\/games\/elven-rivers-3-sky-realm-collectors-edition\/"]}]},{"@type":"ImageObject","inLanguage":"de-DE","@id":"https:\/\/www.iplay.com\/de\/games\/elven-rivers-3-sky-realm-collectors-edition\/#primaryimage","url":"https:\/\/www.iplay.com\/wp-content\/uploads\/2024\/07\/Elven-Rivers-3-Sky-Realm-CE_large_square_tile_image.webp","contentUrl":"https:\/\/www.iplay.com\/wp-content\/uploads\/2024\/07\/Elven-Rivers-3-Sky-Realm-CE_large_square_tile_image.webp","width":715,"height":485},{"@type":"BreadcrumbList","@id":"https:\/\/www.iplay.com\/de\/games\/elven-rivers-3-sky-realm-collectors-edition\/#breadcrumb","itemListElement":[{"@type":"ListItem","position":1,"name":"Home","item":"https:\/\/www.iplay.com\/de\/home-page-2\/"},{"@type":"ListItem","position":2,"name":"Shop","item":"https:\/\/www.iplay.com\/en\/shop\/"},{"@type":"ListItem","position":3,"name":"Elven Rivers 3 &#8211; Sky Realm Collector&#8217;s Edition"}]},{"@type":"WebSite","@id":"https:\/\/www.iplay.com\/en\/#website","url":"https:\/\/www.iplay.com\/en\/","name":"IPlay","description":"The Best Casual Games!","publisher":{"@id":"https:\/\/www.iplay.com\/en\/#organization"},"potentialAction":[{"@type":"SearchAction","target":{"@type":"EntryPoint","urlTemplate":"https:\/\/www.iplay.com\/en\/?s={search_term_string}"},"query-input":{"@type":"PropertyValueSpecification","valueRequired":true,"valueName":"search_term_string"}}],"inLanguage":"de-DE"},{"@type":"Organization","@id":"https:\/\/www.iplay.com\/en\/#organization","name":"IPlay","url":"https:\/\/www.iplay.com\/en\/","logo":{"@type":"ImageObject","inLanguage":"de-DE","@id":"https:\/\/www.iplay.com\/en\/#\/schema\/logo\/image\/","url":"https:\/\/www.iplay.com\/wp-content\/uploads\/2023\/11\/Group-6100.svg","contentUrl":"https:\/\/www.iplay.com\/wp-content\/uploads\/2023\/11\/Group-6100.svg","width":98,"height":25,"caption":"IPlay"},"image":{"@id":"https:\/\/www.iplay.com\/en\/#\/schema\/logo\/image\/"}}]}},"_links":{"self":[{"href":"https:\/\/www.iplay.com\/de\/wp-json\/wp\/v2\/product\/129503","targetHints":{"allow":["GET"]}}],"collection":[{"href":"https:\/\/www.iplay.com\/de\/wp-json\/wp\/v2\/product"}],"about":[{"href":"https:\/\/www.iplay.com\/de\/wp-json\/wp\/v2\/types\/product"}],"author":[{"embeddable":true,"href":"https:\/\/www.iplay.com\/de\/wp-json\/wp\/v2\/users\/13"}],"replies":[{"embeddable":true,"href":"https:\/\/www.iplay.com\/de\/wp-json\/wp\/v2\/comments?post=129503"}],"wp:featuredmedia":[{"embeddable":true,"href":"https:\/\/www.iplay.com\/de\/wp-json\/wp\/v2\/media\/116235"}],"wp:attachment":[{"href":"https:\/\/www.iplay.com\/de\/wp-json\/wp\/v2\/media?parent=129503"}],"wp:term":[{"taxonomy":"product_brand","embeddable":true,"href":"https:\/\/www.iplay.com\/de\/wp-json\/wp\/v2\/product_brand?post=129503"},{"taxonomy":"product_cat","embeddable":true,"href":"https:\/\/www.iplay.com\/de\/wp-json\/wp\/v2\/product_cat?post=129503"},{"taxonomy":"product_tag","embeddable":true,"href":"https:\/\/www.iplay.com\/de\/wp-json\/wp\/v2\/product_tag?post=129503"}],"curies":[{"name":"wp","href":"https:\/\/api.w.org\/{rel}","templated":true}]}}