{"id":129433,"date":"2025-03-31T09:30:31","date_gmt":"2025-03-31T09:30:31","guid":{"rendered":"https:\/\/www.iplay.com\/games\/logic-concentration\/"},"modified":"2025-03-31T09:30:31","modified_gmt":"2025-03-31T09:30:31","slug":"logic-concentration","status":"publish","type":"product","link":"https:\/\/www.iplay.com\/de\/games\/logic-concentration\/","title":{"rendered":"Logic Concentration"},"content":{"rendered":"<p>Eine entz\u00fcckende Sammlung von vier Lernspielen, die f\u00fcr Vorschulkinder entwickelt wurden, um kritische F\u00e4higkeiten wie Aufmerksamkeit, Ged\u00e4chtnis und Logik zu verbessern &#8211; alles verpackt in ansprechende und spielerische Aktivit\u00e4ten. Diese Spiele unterhalten nicht nur, sondern f\u00f6rdern auch wesentliche kognitive F\u00e4higkeiten und legen so den Grundstein f\u00fcr lebenslanges Lernen. <\/p>\n<p>&nbsp;<\/p>\n<p><strong>Funktionen<\/strong><\/p>\n<ul>\n<li>Ein K\u00fcnstlerfehler: Ermutigen Sie Kinder, ihre Aufmerksamkeit und Vorstellungskraft zu sch\u00e4rfen, indem Sie skurrile Fehler in einer Reihe am\u00fcsanter Illustrationen entdecken. Diese skurrilen, humorvollen Bilder sind perfekt darauf zugeschnitten, die verspielten K\u00f6pfe von 3-J\u00e4hrigen zu erfreuen und ihre Kreativit\u00e4t zu entfachen. <\/li>\n<li>Bl\u00f6cke: F\u00f6rdern Sie Probleml\u00f6sung und logisches Denken mit diesem interaktiven Spiel. Die Spieler m\u00fcssen Kacheln, die jeweils zu einem anderen Bild geh\u00f6ren, neu anordnen, um ein zusammenh\u00e4ngendes Bild zu schaffen, indem sie entsprechende Teile zusammenbringen. Es ist eine fantastische \u00dcbung in r\u00e4umlicher Wahrnehmung.  <\/li>\n<li>Puzzle: Entwickeln Sie r\u00e4umliches Denken und Wahrnehmung, indem junge Lernende vier Bildkacheln drehen, um ein vollst\u00e4ndiges Bild zu rekonstruieren. Diese fesselnde Aktivit\u00e4t ist ebenso befriedigend wie geistig anregend und fordert die Kinder heraus, strategisch zu denken. <\/li>\n<li>Memory Game: St\u00e4rken Sie das visuelle Ged\u00e4chtnis und die Konzentration durch einen zeitlosen Klassiker. Die Spieler drehen Kartenpaare um, um nach passenden Bildern zu suchen. Falsches Raten setzt die Karten zur\u00fcck, w\u00e4hrend \u00fcbereinstimmende Paare offen bleiben. Das ultimative Ziel? Drehen Sie alle passenden Karten um, um zu gewinnen!    <\/li>\n<\/ul>\n","protected":false},"excerpt":{"rendered":"<p>Entwickeln Sie wichtige kognitive F\u00e4higkeiten durch vier unterhaltsame Gehirntrainingsaktivit\u00e4ten, die das Ged\u00e4chtnis herausfordern, das logische Denken verbessern, die Aufmerksamkeitsspanne sch\u00e4rfen und grenzenlose Vorstellungskraft freisetzen.<\/p>\n","protected":false},"author":320,"featured_media":129287,"comment_status":"open","ping_status":"closed","template":"","meta":{"_acf_changed":false,"inline_featured_image":false},"product_brand":[],"product_cat":[194,201],"product_tag":[289],"class_list":{"0":"post-129433","1":"product","2":"type-product","3":"status-publish","4":"has-post-thumbnail","6":"product_cat-puzzle-de","7":"product_cat-removed-content-de","8":"product_tag-play-on-pc-de","10":"first","11":"instock","12":"shipping-taxable","13":"purchasable","14":"product-type-simple"},"acf":[],"yoast_head":"<!-- This site is optimized with the Yoast SEO Premium plugin v25.2 (Yoast SEO v25.2) - https:\/\/yoast.com\/wordpress\/plugins\/seo\/ -->\n<title>Logische Konzentration: 4 Spiele f\u00fcr Ged\u00e4chtnis und kognitive F\u00e4higkeiten<\/title>\n<meta name=\"description\" content=\"Entwickeln Sie wichtige kognitive F\u00e4higkeiten durch vier unterhaltsame Gehirntrainingsaktivit\u00e4ten, die das Ged\u00e4chtnis herausfordern, das logische Denken verbessern, die Aufmerksamkeitsspanne sch\u00e4rfen und grenzenlose Vorstellungskraft freisetzen.\" \/>\n<meta name=\"robots\" content=\"index, follow, max-snippet:-1, max-image-preview:large, max-video-preview:-1\" \/>\n<link rel=\"canonical\" href=\"https:\/\/www.iplay.com\/de\/games\/logic-concentration\/\" \/>\n<meta property=\"og:locale\" content=\"de_DE\" \/>\n<meta property=\"og:type\" content=\"article\" \/>\n<meta property=\"og:title\" content=\"Logic Concentration\" \/>\n<meta property=\"og:description\" content=\"Entwickeln Sie wichtige kognitive F\u00e4higkeiten durch vier unterhaltsame Gehirntrainingsaktivit\u00e4ten, die das Ged\u00e4chtnis herausfordern, das logische Denken verbessern, die Aufmerksamkeitsspanne sch\u00e4rfen und grenzenlose Vorstellungskraft freisetzen.\" \/>\n<meta property=\"og:url\" content=\"https:\/\/www.iplay.com\/de\/games\/logic-concentration\/\" \/>\n<meta property=\"og:site_name\" content=\"IPlay\" \/>\n<meta property=\"og:image\" content=\"https:\/\/www.iplay.com\/wp-content\/uploads\/2025\/03\/logic_concentration_large_video_screenshot.webp\" \/>\n\t<meta property=\"og:image:width\" content=\"715\" \/>\n\t<meta property=\"og:image:height\" content=\"485\" \/>\n\t<meta property=\"og:image:type\" content=\"image\/webp\" \/>\n<meta name=\"twitter:card\" content=\"summary_large_image\" \/>\n<meta name=\"twitter:label1\" content=\"Gesch\u00e4tzte Lesezeit\" \/>\n\t<meta name=\"twitter:data1\" content=\"1 Minute\" \/>\n<script type=\"application\/ld+json\" class=\"yoast-schema-graph\">{\"@context\":\"https:\/\/schema.org\",\"@graph\":[{\"@type\":\"WebPage\",\"@id\":\"https:\/\/www.iplay.com\/de\/games\/logic-concentration\/\",\"url\":\"https:\/\/www.iplay.com\/de\/games\/logic-concentration\/\",\"name\":\"Logische Konzentration: 4 Spiele f\u00fcr Ged\u00e4chtnis und kognitive F\u00e4higkeiten\",\"isPartOf\":{\"@id\":\"https:\/\/www.iplay.com\/en\/#website\"},\"primaryImageOfPage\":{\"@id\":\"https:\/\/www.iplay.com\/de\/games\/logic-concentration\/#primaryimage\"},\"image\":{\"@id\":\"https:\/\/www.iplay.com\/de\/games\/logic-concentration\/#primaryimage\"},\"thumbnailUrl\":\"https:\/\/www.iplay.com\/wp-content\/uploads\/2025\/03\/logic_concentration_large_square_tile_image.webp\",\"datePublished\":\"2025-03-31T09:30:31+00:00\",\"description\":\"Entwickeln Sie wichtige kognitive F\u00e4higkeiten durch vier unterhaltsame Gehirntrainingsaktivit\u00e4ten, die das Ged\u00e4chtnis herausfordern, das logische Denken verbessern, die Aufmerksamkeitsspanne sch\u00e4rfen und grenzenlose Vorstellungskraft freisetzen.\",\"breadcrumb\":{\"@id\":\"https:\/\/www.iplay.com\/de\/games\/logic-concentration\/#breadcrumb\"},\"inLanguage\":\"de-DE\",\"potentialAction\":[{\"@type\":\"ReadAction\",\"target\":[\"https:\/\/www.iplay.com\/de\/games\/logic-concentration\/\"]}]},{\"@type\":\"ImageObject\",\"inLanguage\":\"de-DE\",\"@id\":\"https:\/\/www.iplay.com\/de\/games\/logic-concentration\/#primaryimage\",\"url\":\"https:\/\/www.iplay.com\/wp-content\/uploads\/2025\/03\/logic_concentration_large_square_tile_image.webp\",\"contentUrl\":\"https:\/\/www.iplay.com\/wp-content\/uploads\/2025\/03\/logic_concentration_large_square_tile_image.webp\",\"width\":310,\"height\":310},{\"@type\":\"BreadcrumbList\",\"@id\":\"https:\/\/www.iplay.com\/de\/games\/logic-concentration\/#breadcrumb\",\"itemListElement\":[{\"@type\":\"ListItem\",\"position\":1,\"name\":\"Home\",\"item\":\"https:\/\/www.iplay.com\/de\/home-page-2\/\"},{\"@type\":\"ListItem\",\"position\":2,\"name\":\"Shop\",\"item\":\"https:\/\/www.iplay.com\/en\/shop\/\"},{\"@type\":\"ListItem\",\"position\":3,\"name\":\"Logic Concentration\"}]},{\"@type\":\"WebSite\",\"@id\":\"https:\/\/www.iplay.com\/en\/#website\",\"url\":\"https:\/\/www.iplay.com\/en\/\",\"name\":\"IPlay\",\"description\":\"The Best Casual Games!\",\"publisher\":{\"@id\":\"https:\/\/www.iplay.com\/en\/#organization\"},\"potentialAction\":[{\"@type\":\"SearchAction\",\"target\":{\"@type\":\"EntryPoint\",\"urlTemplate\":\"https:\/\/www.iplay.com\/en\/?s={search_term_string}\"},\"query-input\":{\"@type\":\"PropertyValueSpecification\",\"valueRequired\":true,\"valueName\":\"search_term_string\"}}],\"inLanguage\":\"de-DE\"},{\"@type\":\"Organization\",\"@id\":\"https:\/\/www.iplay.com\/en\/#organization\",\"name\":\"IPlay\",\"url\":\"https:\/\/www.iplay.com\/en\/\",\"logo\":{\"@type\":\"ImageObject\",\"inLanguage\":\"de-DE\",\"@id\":\"https:\/\/www.iplay.com\/en\/#\/schema\/logo\/image\/\",\"url\":\"https:\/\/www.iplay.com\/wp-content\/uploads\/2023\/11\/Group-6100.svg\",\"contentUrl\":\"https:\/\/www.iplay.com\/wp-content\/uploads\/2023\/11\/Group-6100.svg\",\"width\":98,\"height\":25,\"caption\":\"IPlay\"},\"image\":{\"@id\":\"https:\/\/www.iplay.com\/en\/#\/schema\/logo\/image\/\"}}]}<\/script>\n<!-- \/ Yoast SEO Premium plugin. -->","yoast_head_json":{"title":"Logische Konzentration: 4 Spiele f\u00fcr Ged\u00e4chtnis und kognitive F\u00e4higkeiten","description":"Entwickeln Sie wichtige kognitive F\u00e4higkeiten durch vier unterhaltsame Gehirntrainingsaktivit\u00e4ten, die das Ged\u00e4chtnis herausfordern, das logische Denken verbessern, die Aufmerksamkeitsspanne sch\u00e4rfen und grenzenlose Vorstellungskraft freisetzen.","robots":{"index":"index","follow":"follow","max-snippet":"max-snippet:-1","max-image-preview":"max-image-preview:large","max-video-preview":"max-video-preview:-1"},"canonical":"https:\/\/www.iplay.com\/de\/games\/logic-concentration\/","og_locale":"de_DE","og_type":"article","og_title":"Logic Concentration","og_description":"Entwickeln Sie wichtige kognitive F\u00e4higkeiten durch vier unterhaltsame Gehirntrainingsaktivit\u00e4ten, die das Ged\u00e4chtnis herausfordern, das logische Denken verbessern, die Aufmerksamkeitsspanne sch\u00e4rfen und grenzenlose Vorstellungskraft freisetzen.","og_url":"https:\/\/www.iplay.com\/de\/games\/logic-concentration\/","og_site_name":"IPlay","og_image":[{"width":715,"height":485,"url":"https:\/\/www.iplay.com\/wp-content\/uploads\/2025\/03\/logic_concentration_large_video_screenshot.webp","type":"image\/webp"}],"twitter_card":"summary_large_image","twitter_misc":{"Gesch\u00e4tzte Lesezeit":"1 Minute"},"schema":{"@context":"https:\/\/schema.org","@graph":[{"@type":"WebPage","@id":"https:\/\/www.iplay.com\/de\/games\/logic-concentration\/","url":"https:\/\/www.iplay.com\/de\/games\/logic-concentration\/","name":"Logische Konzentration: 4 Spiele f\u00fcr Ged\u00e4chtnis und kognitive F\u00e4higkeiten","isPartOf":{"@id":"https:\/\/www.iplay.com\/en\/#website"},"primaryImageOfPage":{"@id":"https:\/\/www.iplay.com\/de\/games\/logic-concentration\/#primaryimage"},"image":{"@id":"https:\/\/www.iplay.com\/de\/games\/logic-concentration\/#primaryimage"},"thumbnailUrl":"https:\/\/www.iplay.com\/wp-content\/uploads\/2025\/03\/logic_concentration_large_square_tile_image.webp","datePublished":"2025-03-31T09:30:31+00:00","description":"Entwickeln Sie wichtige kognitive F\u00e4higkeiten durch vier unterhaltsame Gehirntrainingsaktivit\u00e4ten, die das Ged\u00e4chtnis herausfordern, das logische Denken verbessern, die Aufmerksamkeitsspanne sch\u00e4rfen und grenzenlose Vorstellungskraft freisetzen.","breadcrumb":{"@id":"https:\/\/www.iplay.com\/de\/games\/logic-concentration\/#breadcrumb"},"inLanguage":"de-DE","potentialAction":[{"@type":"ReadAction","target":["https:\/\/www.iplay.com\/de\/games\/logic-concentration\/"]}]},{"@type":"ImageObject","inLanguage":"de-DE","@id":"https:\/\/www.iplay.com\/de\/games\/logic-concentration\/#primaryimage","url":"https:\/\/www.iplay.com\/wp-content\/uploads\/2025\/03\/logic_concentration_large_square_tile_image.webp","contentUrl":"https:\/\/www.iplay.com\/wp-content\/uploads\/2025\/03\/logic_concentration_large_square_tile_image.webp","width":310,"height":310},{"@type":"BreadcrumbList","@id":"https:\/\/www.iplay.com\/de\/games\/logic-concentration\/#breadcrumb","itemListElement":[{"@type":"ListItem","position":1,"name":"Home","item":"https:\/\/www.iplay.com\/de\/home-page-2\/"},{"@type":"ListItem","position":2,"name":"Shop","item":"https:\/\/www.iplay.com\/en\/shop\/"},{"@type":"ListItem","position":3,"name":"Logic Concentration"}]},{"@type":"WebSite","@id":"https:\/\/www.iplay.com\/en\/#website","url":"https:\/\/www.iplay.com\/en\/","name":"IPlay","description":"The Best Casual Games!","publisher":{"@id":"https:\/\/www.iplay.com\/en\/#organization"},"potentialAction":[{"@type":"SearchAction","target":{"@type":"EntryPoint","urlTemplate":"https:\/\/www.iplay.com\/en\/?s={search_term_string}"},"query-input":{"@type":"PropertyValueSpecification","valueRequired":true,"valueName":"search_term_string"}}],"inLanguage":"de-DE"},{"@type":"Organization","@id":"https:\/\/www.iplay.com\/en\/#organization","name":"IPlay","url":"https:\/\/www.iplay.com\/en\/","logo":{"@type":"ImageObject","inLanguage":"de-DE","@id":"https:\/\/www.iplay.com\/en\/#\/schema\/logo\/image\/","url":"https:\/\/www.iplay.com\/wp-content\/uploads\/2023\/11\/Group-6100.svg","contentUrl":"https:\/\/www.iplay.com\/wp-content\/uploads\/2023\/11\/Group-6100.svg","width":98,"height":25,"caption":"IPlay"},"image":{"@id":"https:\/\/www.iplay.com\/en\/#\/schema\/logo\/image\/"}}]}},"_links":{"self":[{"href":"https:\/\/www.iplay.com\/de\/wp-json\/wp\/v2\/product\/129433","targetHints":{"allow":["GET"]}}],"collection":[{"href":"https:\/\/www.iplay.com\/de\/wp-json\/wp\/v2\/product"}],"about":[{"href":"https:\/\/www.iplay.com\/de\/wp-json\/wp\/v2\/types\/product"}],"author":[{"embeddable":true,"href":"https:\/\/www.iplay.com\/de\/wp-json\/wp\/v2\/users\/320"}],"replies":[{"embeddable":true,"href":"https:\/\/www.iplay.com\/de\/wp-json\/wp\/v2\/comments?post=129433"}],"wp:featuredmedia":[{"embeddable":true,"href":"https:\/\/www.iplay.com\/de\/wp-json\/wp\/v2\/media\/129287"}],"wp:attachment":[{"href":"https:\/\/www.iplay.com\/de\/wp-json\/wp\/v2\/media?parent=129433"}],"wp:term":[{"taxonomy":"product_brand","embeddable":true,"href":"https:\/\/www.iplay.com\/de\/wp-json\/wp\/v2\/product_brand?post=129433"},{"taxonomy":"product_cat","embeddable":true,"href":"https:\/\/www.iplay.com\/de\/wp-json\/wp\/v2\/product_cat?post=129433"},{"taxonomy":"product_tag","embeddable":true,"href":"https:\/\/www.iplay.com\/de\/wp-json\/wp\/v2\/product_tag?post=129433"}],"curies":[{"name":"wp","href":"https:\/\/api.w.org\/{rel}","templated":true}]}}