{"id":129420,"date":"2024-06-07T14:49:45","date_gmt":"2024-06-07T14:49:45","guid":{"rendered":"https:\/\/www.iplay.com\/games\/gaslamp-cases-9-the-ghost-of-automaton-city\/"},"modified":"2025-07-24T10:47:31","modified_gmt":"2025-07-24T10:47:31","slug":"gaslamp-cases-9-the-ghost-of-automaton-city","status":"publish","type":"product","link":"https:\/\/www.iplay.com\/de\/games\/gaslamp-cases-9-the-ghost-of-automaton-city\/","title":{"rendered":"Gaslamp Cases 9: The Ghost of Automaton City"},"content":{"rendered":"<p>Automaton City liegt im Herzen der Innovation und ist ein Zeugnis des viktorianischen Einfallsreichtums. Dieses Wunderwerk mechanischer Wunder lebt von den unerm\u00fcdlichen Bem\u00fchungen der Automaten, die unerm\u00fcdlich die Zukunft gestalten, w\u00e4hrend sie von \u00fcbernat\u00fcrlichen Ereignissen gefl\u00fcstert werden. Die Stadt, eine delikate Mischung aus Technologie und \u00c4therischem, verwebt anmutig die Bereiche des Mechanischen und des Magischen. Doch ein dunkler Schatten liegt \u00fcber der einst pulsierenden Metropole. Geisterhafte Erscheinungen streifen nun durch die Stra\u00dfen, jagen Angst und Schrecken in die Herzen der Bewohner und st\u00f6ren das fragile Gleichgewicht zwischen Mensch und Maschine.    <\/p>\n<p>Als das unheimliche Fl\u00fcstern von Automaton City lauter wird, finden sich Morgan Johnson und Jack Brown in einem Netz aus Intrigen wieder. Ihre Ermittlungen f\u00fchren sie tief in die mysteri\u00f6se Vergangenheit und ungewisse Gegenwart der Stadt. Sie m\u00fcssen sich durch die labyrinthartigen Stra\u00dfen navigieren und sind sowohl mit gespenstischen Schrecken als auch mit technologischen Wunderwerken konfrontiert, w\u00e4hrend die zunehmenden Spannungen das Gef\u00fcge der Realit\u00e4t zu entwirren drohen.  <\/p>\n<p>&nbsp;<\/p>\n<p><strong>Funktionen:<\/strong><\/p>\n<ul>\n<li>Eine packende Geschichte voller Geheimnisse und Spannung erwartet Sie in Automaton City, wo die Reiche des Aberglaubens und der Wissenschaft aufeinandertreffen.<\/li>\n<li>Fesselnde Match-3-R\u00e4tsel werden gel\u00f6st, um Hinweise aufzudecken und neue Gebiete freizuschalten.<\/li>\n<li>20 exklusive Upgrades, die fortschrittliche Technologien und r\u00e4tselhafte Artefakte umfassen, gilt es zu entdecken.<\/li>\n<li>Begleite Morgan und Jack, w\u00e4hrend sie die r\u00e4tselhaften Stra\u00dfen durchqueren und auf eine Vielzahl faszinierender Charaktere treffen.<\/li>\n<li>Die Weiten von Automaton City laden zu Erkundungen ein, um die Wahrheit hinter seinen geisterhaften Bewohnern zu entr\u00e4tseln.<\/li>\n<\/ul>\n","protected":false},"excerpt":{"rendered":"<p>Viktorianische Brillanz trifft auf das \u00dcbernat\u00fcrliche in einem Labyrinth faszinierender R\u00e4tsel in Gaslamp Cases 9: The Ghost of Automaton City<\/p>\n","protected":false},"author":42,"featured_media":111239,"comment_status":"open","ping_status":"closed","template":"","meta":{"_acf_changed":false,"inline_featured_image":false},"product_brand":[],"product_cat":[176,194],"product_tag":[289],"class_list":{"0":"post-129420","1":"product","2":"type-product","3":"status-publish","4":"has-post-thumbnail","6":"product_cat-match-3-de","7":"product_cat-puzzle-de","8":"product_tag-play-on-pc-de","10":"first","11":"instock","12":"shipping-taxable","13":"purchasable","14":"product-type-simple"},"acf":[],"yoast_head":"<!-- This site is optimized with the Yoast SEO Premium plugin v25.2 (Yoast SEO v25.2) - https:\/\/yoast.com\/wordpress\/plugins\/seo\/ -->\n<title>Gaslamp Cases 9: Der Geist von Automaton City<\/title>\n<meta name=\"description\" content=\"Viktorianische Brillanz trifft auf das \u00dcbernat\u00fcrliche in einem Labyrinth faszinierender R\u00e4tsel in Gaslamp Cases 9: The Ghost of Automaton City\" \/>\n<meta name=\"robots\" content=\"index, follow, max-snippet:-1, max-image-preview:large, max-video-preview:-1\" \/>\n<link rel=\"canonical\" href=\"https:\/\/www.iplay.com\/de\/games\/gaslamp-cases-9-the-ghost-of-automaton-city\/\" \/>\n<meta property=\"og:locale\" content=\"de_DE\" \/>\n<meta property=\"og:type\" content=\"article\" \/>\n<meta property=\"og:title\" content=\"Gaslamp Cases 9: The Ghost of Automaton City\" \/>\n<meta property=\"og:description\" content=\"Viktorianische Brillanz trifft auf das \u00dcbernat\u00fcrliche in einem Labyrinth faszinierender R\u00e4tsel in Gaslamp Cases 9: The Ghost of Automaton City\" \/>\n<meta property=\"og:url\" content=\"https:\/\/www.iplay.com\/de\/games\/gaslamp-cases-9-the-ghost-of-automaton-city\/\" \/>\n<meta property=\"og:site_name\" content=\"IPlay\" \/>\n<meta property=\"article:modified_time\" content=\"2025-07-24T10:47:31+00:00\" \/>\n<meta property=\"og:image\" content=\"https:\/\/www.iplay.com\/wp-content\/uploads\/2024\/06\/Gaslamp-Cases-9-The-Ghost-of-Automaton-City_large_square_tile_image.webp\" \/>\n\t<meta property=\"og:image:width\" content=\"310\" \/>\n\t<meta property=\"og:image:height\" content=\"310\" \/>\n\t<meta property=\"og:image:type\" content=\"image\/webp\" \/>\n<meta name=\"twitter:card\" content=\"summary_large_image\" \/>\n<meta name=\"twitter:label1\" content=\"Gesch\u00e4tzte Lesezeit\" \/>\n\t<meta name=\"twitter:data1\" content=\"1 Minute\" \/>\n<script type=\"application\/ld+json\" class=\"yoast-schema-graph\">{\"@context\":\"https:\/\/schema.org\",\"@graph\":[{\"@type\":\"WebPage\",\"@id\":\"https:\/\/www.iplay.com\/de\/games\/gaslamp-cases-9-the-ghost-of-automaton-city\/\",\"url\":\"https:\/\/www.iplay.com\/de\/games\/gaslamp-cases-9-the-ghost-of-automaton-city\/\",\"name\":\"Gaslamp Cases 9: Der Geist von Automaton City\",\"isPartOf\":{\"@id\":\"https:\/\/www.iplay.com\/en\/#website\"},\"primaryImageOfPage\":{\"@id\":\"https:\/\/www.iplay.com\/de\/games\/gaslamp-cases-9-the-ghost-of-automaton-city\/#primaryimage\"},\"image\":{\"@id\":\"https:\/\/www.iplay.com\/de\/games\/gaslamp-cases-9-the-ghost-of-automaton-city\/#primaryimage\"},\"thumbnailUrl\":\"https:\/\/www.iplay.com\/wp-content\/uploads\/2024\/06\/Gaslamp-Cases-9-The-Ghost-of-Automaton-City_large_square_tile_image.webp\",\"datePublished\":\"2024-06-07T14:49:45+00:00\",\"dateModified\":\"2025-07-24T10:47:31+00:00\",\"description\":\"Viktorianische Brillanz trifft auf das \u00dcbernat\u00fcrliche in einem Labyrinth faszinierender R\u00e4tsel in Gaslamp Cases 9: The Ghost of Automaton City\",\"breadcrumb\":{\"@id\":\"https:\/\/www.iplay.com\/de\/games\/gaslamp-cases-9-the-ghost-of-automaton-city\/#breadcrumb\"},\"inLanguage\":\"de-DE\",\"potentialAction\":[{\"@type\":\"ReadAction\",\"target\":[\"https:\/\/www.iplay.com\/de\/games\/gaslamp-cases-9-the-ghost-of-automaton-city\/\"]}]},{\"@type\":\"ImageObject\",\"inLanguage\":\"de-DE\",\"@id\":\"https:\/\/www.iplay.com\/de\/games\/gaslamp-cases-9-the-ghost-of-automaton-city\/#primaryimage\",\"url\":\"https:\/\/www.iplay.com\/wp-content\/uploads\/2024\/06\/Gaslamp-Cases-9-The-Ghost-of-Automaton-City_large_square_tile_image.webp\",\"contentUrl\":\"https:\/\/www.iplay.com\/wp-content\/uploads\/2024\/06\/Gaslamp-Cases-9-The-Ghost-of-Automaton-City_large_square_tile_image.webp\",\"width\":310,\"height\":310},{\"@type\":\"BreadcrumbList\",\"@id\":\"https:\/\/www.iplay.com\/de\/games\/gaslamp-cases-9-the-ghost-of-automaton-city\/#breadcrumb\",\"itemListElement\":[{\"@type\":\"ListItem\",\"position\":1,\"name\":\"Home\",\"item\":\"https:\/\/www.iplay.com\/de\/home-page-2\/\"},{\"@type\":\"ListItem\",\"position\":2,\"name\":\"Shop\",\"item\":\"https:\/\/www.iplay.com\/en\/shop\/\"},{\"@type\":\"ListItem\",\"position\":3,\"name\":\"Gaslamp Cases 9: The Ghost of Automaton City\"}]},{\"@type\":\"WebSite\",\"@id\":\"https:\/\/www.iplay.com\/en\/#website\",\"url\":\"https:\/\/www.iplay.com\/en\/\",\"name\":\"IPlay\",\"description\":\"The Best Casual Games!\",\"publisher\":{\"@id\":\"https:\/\/www.iplay.com\/en\/#organization\"},\"potentialAction\":[{\"@type\":\"SearchAction\",\"target\":{\"@type\":\"EntryPoint\",\"urlTemplate\":\"https:\/\/www.iplay.com\/en\/?s={search_term_string}\"},\"query-input\":{\"@type\":\"PropertyValueSpecification\",\"valueRequired\":true,\"valueName\":\"search_term_string\"}}],\"inLanguage\":\"de-DE\"},{\"@type\":\"Organization\",\"@id\":\"https:\/\/www.iplay.com\/en\/#organization\",\"name\":\"IPlay\",\"url\":\"https:\/\/www.iplay.com\/en\/\",\"logo\":{\"@type\":\"ImageObject\",\"inLanguage\":\"de-DE\",\"@id\":\"https:\/\/www.iplay.com\/en\/#\/schema\/logo\/image\/\",\"url\":\"https:\/\/www.iplay.com\/wp-content\/uploads\/2023\/11\/Group-6100.svg\",\"contentUrl\":\"https:\/\/www.iplay.com\/wp-content\/uploads\/2023\/11\/Group-6100.svg\",\"width\":98,\"height\":25,\"caption\":\"IPlay\"},\"image\":{\"@id\":\"https:\/\/www.iplay.com\/en\/#\/schema\/logo\/image\/\"}}]}<\/script>\n<!-- \/ Yoast SEO Premium plugin. -->","yoast_head_json":{"title":"Gaslamp Cases 9: Der Geist von Automaton City","description":"Viktorianische Brillanz trifft auf das \u00dcbernat\u00fcrliche in einem Labyrinth faszinierender R\u00e4tsel in Gaslamp Cases 9: The Ghost of Automaton City","robots":{"index":"index","follow":"follow","max-snippet":"max-snippet:-1","max-image-preview":"max-image-preview:large","max-video-preview":"max-video-preview:-1"},"canonical":"https:\/\/www.iplay.com\/de\/games\/gaslamp-cases-9-the-ghost-of-automaton-city\/","og_locale":"de_DE","og_type":"article","og_title":"Gaslamp Cases 9: The Ghost of Automaton City","og_description":"Viktorianische Brillanz trifft auf das \u00dcbernat\u00fcrliche in einem Labyrinth faszinierender R\u00e4tsel in Gaslamp Cases 9: The Ghost of Automaton City","og_url":"https:\/\/www.iplay.com\/de\/games\/gaslamp-cases-9-the-ghost-of-automaton-city\/","og_site_name":"IPlay","article_modified_time":"2025-07-24T10:47:31+00:00","og_image":[{"width":310,"height":310,"url":"https:\/\/www.iplay.com\/wp-content\/uploads\/2024\/06\/Gaslamp-Cases-9-The-Ghost-of-Automaton-City_large_square_tile_image.webp","type":"image\/webp"}],"twitter_card":"summary_large_image","twitter_misc":{"Gesch\u00e4tzte Lesezeit":"1 Minute"},"schema":{"@context":"https:\/\/schema.org","@graph":[{"@type":"WebPage","@id":"https:\/\/www.iplay.com\/de\/games\/gaslamp-cases-9-the-ghost-of-automaton-city\/","url":"https:\/\/www.iplay.com\/de\/games\/gaslamp-cases-9-the-ghost-of-automaton-city\/","name":"Gaslamp Cases 9: Der Geist von Automaton City","isPartOf":{"@id":"https:\/\/www.iplay.com\/en\/#website"},"primaryImageOfPage":{"@id":"https:\/\/www.iplay.com\/de\/games\/gaslamp-cases-9-the-ghost-of-automaton-city\/#primaryimage"},"image":{"@id":"https:\/\/www.iplay.com\/de\/games\/gaslamp-cases-9-the-ghost-of-automaton-city\/#primaryimage"},"thumbnailUrl":"https:\/\/www.iplay.com\/wp-content\/uploads\/2024\/06\/Gaslamp-Cases-9-The-Ghost-of-Automaton-City_large_square_tile_image.webp","datePublished":"2024-06-07T14:49:45+00:00","dateModified":"2025-07-24T10:47:31+00:00","description":"Viktorianische Brillanz trifft auf das \u00dcbernat\u00fcrliche in einem Labyrinth faszinierender R\u00e4tsel in Gaslamp Cases 9: The Ghost of Automaton City","breadcrumb":{"@id":"https:\/\/www.iplay.com\/de\/games\/gaslamp-cases-9-the-ghost-of-automaton-city\/#breadcrumb"},"inLanguage":"de-DE","potentialAction":[{"@type":"ReadAction","target":["https:\/\/www.iplay.com\/de\/games\/gaslamp-cases-9-the-ghost-of-automaton-city\/"]}]},{"@type":"ImageObject","inLanguage":"de-DE","@id":"https:\/\/www.iplay.com\/de\/games\/gaslamp-cases-9-the-ghost-of-automaton-city\/#primaryimage","url":"https:\/\/www.iplay.com\/wp-content\/uploads\/2024\/06\/Gaslamp-Cases-9-The-Ghost-of-Automaton-City_large_square_tile_image.webp","contentUrl":"https:\/\/www.iplay.com\/wp-content\/uploads\/2024\/06\/Gaslamp-Cases-9-The-Ghost-of-Automaton-City_large_square_tile_image.webp","width":310,"height":310},{"@type":"BreadcrumbList","@id":"https:\/\/www.iplay.com\/de\/games\/gaslamp-cases-9-the-ghost-of-automaton-city\/#breadcrumb","itemListElement":[{"@type":"ListItem","position":1,"name":"Home","item":"https:\/\/www.iplay.com\/de\/home-page-2\/"},{"@type":"ListItem","position":2,"name":"Shop","item":"https:\/\/www.iplay.com\/en\/shop\/"},{"@type":"ListItem","position":3,"name":"Gaslamp Cases 9: The Ghost of Automaton City"}]},{"@type":"WebSite","@id":"https:\/\/www.iplay.com\/en\/#website","url":"https:\/\/www.iplay.com\/en\/","name":"IPlay","description":"The Best Casual Games!","publisher":{"@id":"https:\/\/www.iplay.com\/en\/#organization"},"potentialAction":[{"@type":"SearchAction","target":{"@type":"EntryPoint","urlTemplate":"https:\/\/www.iplay.com\/en\/?s={search_term_string}"},"query-input":{"@type":"PropertyValueSpecification","valueRequired":true,"valueName":"search_term_string"}}],"inLanguage":"de-DE"},{"@type":"Organization","@id":"https:\/\/www.iplay.com\/en\/#organization","name":"IPlay","url":"https:\/\/www.iplay.com\/en\/","logo":{"@type":"ImageObject","inLanguage":"de-DE","@id":"https:\/\/www.iplay.com\/en\/#\/schema\/logo\/image\/","url":"https:\/\/www.iplay.com\/wp-content\/uploads\/2023\/11\/Group-6100.svg","contentUrl":"https:\/\/www.iplay.com\/wp-content\/uploads\/2023\/11\/Group-6100.svg","width":98,"height":25,"caption":"IPlay"},"image":{"@id":"https:\/\/www.iplay.com\/en\/#\/schema\/logo\/image\/"}}]}},"_links":{"self":[{"href":"https:\/\/www.iplay.com\/de\/wp-json\/wp\/v2\/product\/129420","targetHints":{"allow":["GET"]}}],"collection":[{"href":"https:\/\/www.iplay.com\/de\/wp-json\/wp\/v2\/product"}],"about":[{"href":"https:\/\/www.iplay.com\/de\/wp-json\/wp\/v2\/types\/product"}],"author":[{"embeddable":true,"href":"https:\/\/www.iplay.com\/de\/wp-json\/wp\/v2\/users\/42"}],"replies":[{"embeddable":true,"href":"https:\/\/www.iplay.com\/de\/wp-json\/wp\/v2\/comments?post=129420"}],"wp:featuredmedia":[{"embeddable":true,"href":"https:\/\/www.iplay.com\/de\/wp-json\/wp\/v2\/media\/111239"}],"wp:attachment":[{"href":"https:\/\/www.iplay.com\/de\/wp-json\/wp\/v2\/media?parent=129420"}],"wp:term":[{"taxonomy":"product_brand","embeddable":true,"href":"https:\/\/www.iplay.com\/de\/wp-json\/wp\/v2\/product_brand?post=129420"},{"taxonomy":"product_cat","embeddable":true,"href":"https:\/\/www.iplay.com\/de\/wp-json\/wp\/v2\/product_cat?post=129420"},{"taxonomy":"product_tag","embeddable":true,"href":"https:\/\/www.iplay.com\/de\/wp-json\/wp\/v2\/product_tag?post=129420"}],"curies":[{"name":"wp","href":"https:\/\/api.w.org\/{rel}","templated":true}]}}