{"id":129399,"date":"2024-05-31T12:00:34","date_gmt":"2024-05-31T12:00:34","guid":{"rendered":"https:\/\/www.iplay.com\/games\/mahjongus-mystery-of-fortescue\/"},"modified":"2024-05-31T12:00:34","modified_gmt":"2024-05-31T12:00:34","slug":"mahjongus-mystery-of-fortescue","status":"publish","type":"product","link":"https:\/\/www.iplay.com\/de\/games\/mahjongus-mystery-of-fortescue\/","title":{"rendered":"Mahjongus: Mystery Of Fortescue"},"content":{"rendered":"<p>Bereiten Sie sich auf eine aufregende Reise vor, die in &#8220;Mahjongus: Das Geheimnis von Fortescue&#8221; ihresgleichen sucht. Victor Graves, ein bekannter Runenzauberer und Absolvent der Eliteakademie f\u00fcr Magie, wird eine Mission unternehmen, um Geheimnisse aufzudecken, die in den alten Hallen der Akademie verborgen sind. <\/p>\n<p>Bei der Ankunft bietet sich ein beunruhigender Anblick: Die einst pulsierenden Hallen der Akademie sind in Dunkelheit geh\u00fcllt und von einem b\u00f6sartigen Kristall blockiert, der mit seltsamer Energie summt. Dieser Kristall verschlingt Magie und bedroht das \u00dcberleben der Schule. Das R\u00e4tsel um den Kristall und die Gefahr, die er darstellt, muss gel\u00f6st werden, indem man Standard-Mahjong- und Wimmelbild-Levels zusammen spielt.  <\/p>\n<p>&nbsp;<\/p>\n<p><strong>Funktionen<\/strong><\/p>\n<ul>\n<li>150 Mahjong-Levels m\u00fcssen abgeschlossen werden!<\/li>\n<li>14 zus\u00e4tzliche HOGs, die es zu bew\u00e4ltigen gilt!<\/li>\n<li>Atemberaubende Grafik und fesselnde Musik!<\/li>\n<li>Eine faszinierende Geschichte mit unerwarteten Wendungen!<\/li>\n<li>Die Akademie muss vor der drohenden Bedrohung gesch\u00fctzt werden!<\/li>\n<\/ul>\n","protected":false},"excerpt":{"rendered":"<p>L\u00f6se Mahjong-R\u00e4tsel, um die Geheimnisse von Fortescue mit Mahjongus: Mystery Of Fortescue aufzudecken<\/p>\n","protected":false},"author":14,"featured_media":111139,"comment_status":"open","ping_status":"closed","template":"","meta":{"_acf_changed":false,"inline_featured_image":false},"product_brand":[],"product_cat":[173,194],"product_tag":[289],"class_list":{"0":"post-129399","1":"product","2":"type-product","3":"status-publish","4":"has-post-thumbnail","6":"product_cat-mahjong-de","7":"product_cat-puzzle-de","8":"product_tag-play-on-pc-de","10":"first","11":"instock","12":"shipping-taxable","13":"purchasable","14":"product-type-simple"},"acf":[],"yoast_head":"<!-- This site is optimized with the Yoast SEO Premium plugin v25.2 (Yoast SEO v25.2) - https:\/\/yoast.com\/wordpress\/plugins\/seo\/ -->\n<title>Mahjongus: Das Geheimnis von Fortescue<\/title>\n<meta name=\"description\" content=\"L\u00f6se Mahjong-R\u00e4tsel, um die Geheimnisse von Fortescue mit Mahjongus: Mystery Of Fortescue aufzudecken\" \/>\n<meta name=\"robots\" content=\"index, follow, max-snippet:-1, max-image-preview:large, max-video-preview:-1\" \/>\n<link rel=\"canonical\" href=\"https:\/\/www.iplay.com\/de\/games\/mahjongus-mystery-of-fortescue\/\" \/>\n<meta property=\"og:locale\" content=\"de_DE\" \/>\n<meta property=\"og:type\" content=\"article\" \/>\n<meta property=\"og:title\" content=\"Mahjongus: Mystery Of Fortescue\" \/>\n<meta property=\"og:description\" content=\"L\u00f6se Mahjong-R\u00e4tsel, um die Geheimnisse von Fortescue mit Mahjongus: Mystery Of Fortescue aufzudecken\" \/>\n<meta property=\"og:url\" content=\"https:\/\/www.iplay.com\/de\/games\/mahjongus-mystery-of-fortescue\/\" \/>\n<meta property=\"og:site_name\" content=\"IPlay\" \/>\n<meta property=\"og:image\" content=\"https:\/\/www.iplay.com\/wp-content\/uploads\/2024\/05\/Mahjongus-Mystery-Of-Fortescue_large_square_tile_image.jpg\" \/>\n\t<meta property=\"og:image:width\" content=\"310\" \/>\n\t<meta property=\"og:image:height\" content=\"310\" \/>\n\t<meta property=\"og:image:type\" content=\"image\/jpeg\" \/>\n<meta name=\"twitter:card\" content=\"summary_large_image\" \/>\n<meta name=\"twitter:label1\" content=\"Gesch\u00e4tzte Lesezeit\" \/>\n\t<meta name=\"twitter:data1\" content=\"1 Minute\" \/>\n<script type=\"application\/ld+json\" class=\"yoast-schema-graph\">{\"@context\":\"https:\/\/schema.org\",\"@graph\":[{\"@type\":\"WebPage\",\"@id\":\"https:\/\/www.iplay.com\/de\/games\/mahjongus-mystery-of-fortescue\/\",\"url\":\"https:\/\/www.iplay.com\/de\/games\/mahjongus-mystery-of-fortescue\/\",\"name\":\"Mahjongus: Das Geheimnis von Fortescue\",\"isPartOf\":{\"@id\":\"https:\/\/www.iplay.com\/en\/#website\"},\"primaryImageOfPage\":{\"@id\":\"https:\/\/www.iplay.com\/de\/games\/mahjongus-mystery-of-fortescue\/#primaryimage\"},\"image\":{\"@id\":\"https:\/\/www.iplay.com\/de\/games\/mahjongus-mystery-of-fortescue\/#primaryimage\"},\"thumbnailUrl\":\"https:\/\/www.iplay.com\/wp-content\/uploads\/2024\/05\/Mahjongus-Mystery-Of-Fortescue_large_square_tile_image.jpg\",\"datePublished\":\"2024-05-31T12:00:34+00:00\",\"description\":\"L\u00f6se Mahjong-R\u00e4tsel, um die Geheimnisse von Fortescue mit Mahjongus: Mystery Of Fortescue aufzudecken\",\"breadcrumb\":{\"@id\":\"https:\/\/www.iplay.com\/de\/games\/mahjongus-mystery-of-fortescue\/#breadcrumb\"},\"inLanguage\":\"de-DE\",\"potentialAction\":[{\"@type\":\"ReadAction\",\"target\":[\"https:\/\/www.iplay.com\/de\/games\/mahjongus-mystery-of-fortescue\/\"]}]},{\"@type\":\"ImageObject\",\"inLanguage\":\"de-DE\",\"@id\":\"https:\/\/www.iplay.com\/de\/games\/mahjongus-mystery-of-fortescue\/#primaryimage\",\"url\":\"https:\/\/www.iplay.com\/wp-content\/uploads\/2024\/05\/Mahjongus-Mystery-Of-Fortescue_large_square_tile_image.jpg\",\"contentUrl\":\"https:\/\/www.iplay.com\/wp-content\/uploads\/2024\/05\/Mahjongus-Mystery-Of-Fortescue_large_square_tile_image.jpg\",\"width\":310,\"height\":310},{\"@type\":\"BreadcrumbList\",\"@id\":\"https:\/\/www.iplay.com\/de\/games\/mahjongus-mystery-of-fortescue\/#breadcrumb\",\"itemListElement\":[{\"@type\":\"ListItem\",\"position\":1,\"name\":\"Home\",\"item\":\"https:\/\/www.iplay.com\/de\/home-page-2\/\"},{\"@type\":\"ListItem\",\"position\":2,\"name\":\"Shop\",\"item\":\"https:\/\/www.iplay.com\/en\/shop\/\"},{\"@type\":\"ListItem\",\"position\":3,\"name\":\"Mahjongus: Mystery Of Fortescue\"}]},{\"@type\":\"WebSite\",\"@id\":\"https:\/\/www.iplay.com\/en\/#website\",\"url\":\"https:\/\/www.iplay.com\/en\/\",\"name\":\"IPlay\",\"description\":\"The Best Casual Games!\",\"publisher\":{\"@id\":\"https:\/\/www.iplay.com\/en\/#organization\"},\"potentialAction\":[{\"@type\":\"SearchAction\",\"target\":{\"@type\":\"EntryPoint\",\"urlTemplate\":\"https:\/\/www.iplay.com\/en\/?s={search_term_string}\"},\"query-input\":{\"@type\":\"PropertyValueSpecification\",\"valueRequired\":true,\"valueName\":\"search_term_string\"}}],\"inLanguage\":\"de-DE\"},{\"@type\":\"Organization\",\"@id\":\"https:\/\/www.iplay.com\/en\/#organization\",\"name\":\"IPlay\",\"url\":\"https:\/\/www.iplay.com\/en\/\",\"logo\":{\"@type\":\"ImageObject\",\"inLanguage\":\"de-DE\",\"@id\":\"https:\/\/www.iplay.com\/en\/#\/schema\/logo\/image\/\",\"url\":\"https:\/\/www.iplay.com\/wp-content\/uploads\/2023\/11\/Group-6100.svg\",\"contentUrl\":\"https:\/\/www.iplay.com\/wp-content\/uploads\/2023\/11\/Group-6100.svg\",\"width\":98,\"height\":25,\"caption\":\"IPlay\"},\"image\":{\"@id\":\"https:\/\/www.iplay.com\/en\/#\/schema\/logo\/image\/\"}}]}<\/script>\n<!-- \/ Yoast SEO Premium plugin. -->","yoast_head_json":{"title":"Mahjongus: Das Geheimnis von Fortescue","description":"L\u00f6se Mahjong-R\u00e4tsel, um die Geheimnisse von Fortescue mit Mahjongus: Mystery Of Fortescue aufzudecken","robots":{"index":"index","follow":"follow","max-snippet":"max-snippet:-1","max-image-preview":"max-image-preview:large","max-video-preview":"max-video-preview:-1"},"canonical":"https:\/\/www.iplay.com\/de\/games\/mahjongus-mystery-of-fortescue\/","og_locale":"de_DE","og_type":"article","og_title":"Mahjongus: Mystery Of Fortescue","og_description":"L\u00f6se Mahjong-R\u00e4tsel, um die Geheimnisse von Fortescue mit Mahjongus: Mystery Of Fortescue aufzudecken","og_url":"https:\/\/www.iplay.com\/de\/games\/mahjongus-mystery-of-fortescue\/","og_site_name":"IPlay","og_image":[{"width":310,"height":310,"url":"https:\/\/www.iplay.com\/wp-content\/uploads\/2024\/05\/Mahjongus-Mystery-Of-Fortescue_large_square_tile_image.jpg","type":"image\/jpeg"}],"twitter_card":"summary_large_image","twitter_misc":{"Gesch\u00e4tzte Lesezeit":"1 Minute"},"schema":{"@context":"https:\/\/schema.org","@graph":[{"@type":"WebPage","@id":"https:\/\/www.iplay.com\/de\/games\/mahjongus-mystery-of-fortescue\/","url":"https:\/\/www.iplay.com\/de\/games\/mahjongus-mystery-of-fortescue\/","name":"Mahjongus: Das Geheimnis von Fortescue","isPartOf":{"@id":"https:\/\/www.iplay.com\/en\/#website"},"primaryImageOfPage":{"@id":"https:\/\/www.iplay.com\/de\/games\/mahjongus-mystery-of-fortescue\/#primaryimage"},"image":{"@id":"https:\/\/www.iplay.com\/de\/games\/mahjongus-mystery-of-fortescue\/#primaryimage"},"thumbnailUrl":"https:\/\/www.iplay.com\/wp-content\/uploads\/2024\/05\/Mahjongus-Mystery-Of-Fortescue_large_square_tile_image.jpg","datePublished":"2024-05-31T12:00:34+00:00","description":"L\u00f6se Mahjong-R\u00e4tsel, um die Geheimnisse von Fortescue mit Mahjongus: Mystery Of Fortescue aufzudecken","breadcrumb":{"@id":"https:\/\/www.iplay.com\/de\/games\/mahjongus-mystery-of-fortescue\/#breadcrumb"},"inLanguage":"de-DE","potentialAction":[{"@type":"ReadAction","target":["https:\/\/www.iplay.com\/de\/games\/mahjongus-mystery-of-fortescue\/"]}]},{"@type":"ImageObject","inLanguage":"de-DE","@id":"https:\/\/www.iplay.com\/de\/games\/mahjongus-mystery-of-fortescue\/#primaryimage","url":"https:\/\/www.iplay.com\/wp-content\/uploads\/2024\/05\/Mahjongus-Mystery-Of-Fortescue_large_square_tile_image.jpg","contentUrl":"https:\/\/www.iplay.com\/wp-content\/uploads\/2024\/05\/Mahjongus-Mystery-Of-Fortescue_large_square_tile_image.jpg","width":310,"height":310},{"@type":"BreadcrumbList","@id":"https:\/\/www.iplay.com\/de\/games\/mahjongus-mystery-of-fortescue\/#breadcrumb","itemListElement":[{"@type":"ListItem","position":1,"name":"Home","item":"https:\/\/www.iplay.com\/de\/home-page-2\/"},{"@type":"ListItem","position":2,"name":"Shop","item":"https:\/\/www.iplay.com\/en\/shop\/"},{"@type":"ListItem","position":3,"name":"Mahjongus: Mystery Of Fortescue"}]},{"@type":"WebSite","@id":"https:\/\/www.iplay.com\/en\/#website","url":"https:\/\/www.iplay.com\/en\/","name":"IPlay","description":"The Best Casual Games!","publisher":{"@id":"https:\/\/www.iplay.com\/en\/#organization"},"potentialAction":[{"@type":"SearchAction","target":{"@type":"EntryPoint","urlTemplate":"https:\/\/www.iplay.com\/en\/?s={search_term_string}"},"query-input":{"@type":"PropertyValueSpecification","valueRequired":true,"valueName":"search_term_string"}}],"inLanguage":"de-DE"},{"@type":"Organization","@id":"https:\/\/www.iplay.com\/en\/#organization","name":"IPlay","url":"https:\/\/www.iplay.com\/en\/","logo":{"@type":"ImageObject","inLanguage":"de-DE","@id":"https:\/\/www.iplay.com\/en\/#\/schema\/logo\/image\/","url":"https:\/\/www.iplay.com\/wp-content\/uploads\/2023\/11\/Group-6100.svg","contentUrl":"https:\/\/www.iplay.com\/wp-content\/uploads\/2023\/11\/Group-6100.svg","width":98,"height":25,"caption":"IPlay"},"image":{"@id":"https:\/\/www.iplay.com\/en\/#\/schema\/logo\/image\/"}}]}},"_links":{"self":[{"href":"https:\/\/www.iplay.com\/de\/wp-json\/wp\/v2\/product\/129399","targetHints":{"allow":["GET"]}}],"collection":[{"href":"https:\/\/www.iplay.com\/de\/wp-json\/wp\/v2\/product"}],"about":[{"href":"https:\/\/www.iplay.com\/de\/wp-json\/wp\/v2\/types\/product"}],"author":[{"embeddable":true,"href":"https:\/\/www.iplay.com\/de\/wp-json\/wp\/v2\/users\/14"}],"replies":[{"embeddable":true,"href":"https:\/\/www.iplay.com\/de\/wp-json\/wp\/v2\/comments?post=129399"}],"wp:featuredmedia":[{"embeddable":true,"href":"https:\/\/www.iplay.com\/de\/wp-json\/wp\/v2\/media\/111139"}],"wp:attachment":[{"href":"https:\/\/www.iplay.com\/de\/wp-json\/wp\/v2\/media?parent=129399"}],"wp:term":[{"taxonomy":"product_brand","embeddable":true,"href":"https:\/\/www.iplay.com\/de\/wp-json\/wp\/v2\/product_brand?post=129399"},{"taxonomy":"product_cat","embeddable":true,"href":"https:\/\/www.iplay.com\/de\/wp-json\/wp\/v2\/product_cat?post=129399"},{"taxonomy":"product_tag","embeddable":true,"href":"https:\/\/www.iplay.com\/de\/wp-json\/wp\/v2\/product_tag?post=129399"}],"curies":[{"name":"wp","href":"https:\/\/api.w.org\/{rel}","templated":true}]}}