{"id":129349,"date":"2024-04-19T14:52:54","date_gmt":"2024-04-19T14:52:54","guid":{"rendered":"https:\/\/www.iplay.com\/games\/cursed-house-13\/"},"modified":"2024-04-19T14:52:54","modified_gmt":"2024-04-19T14:52:54","slug":"cursed-house-13","status":"publish","type":"product","link":"https:\/\/www.iplay.com\/de\/games\/cursed-house-13\/","title":{"rendered":"Cursed House 13"},"content":{"rendered":"<p>Das schwierigste Match3-Puzzlespiel, das es gibt, ist die Cursed House-Serie, und dieses ist da keine Ausnahme. Wie \u00fcblich gibt es einige neue Wendungen in der Spielmechanik, zusammen mit einer neuen Reihe von Levels, von denen einige auf den ersten Blick ziemlich schwierig, wenn nicht gar unm\u00f6glich zu meistern scheinen. Aber keine Angst; Wenn sich Ihnen die L\u00f6sung entzieht, wird eine interaktive HINWEIS-Schaltfl\u00e4che bereitgestellt (die st\u00e4ndig mit jedem Projekt aktualisiert wird, um die Genauigkeit und das Engagement zu verbessern), um sicherzustellen, dass Sie nicht in der Falle sitzen.  <\/p>\n<p>&nbsp;<\/p>\n<p><strong>Funktionen:<\/strong><\/p>\n<ul>\n<li>110 faszinierende Levels stehen zur Verf\u00fcgung, die es zu durchbrechen gilt!<\/li>\n<li>Verschiedene R\u00e4tsel, darunter Match-3, Solit\u00e4r, Wimmelbild und mehr, warten darauf, von dir erkundet zu werden!<\/li>\n<li>Ihre Lieblingslevel und Bonusspiele k\u00f6nnen endlos wiederholt werden, so oft Sie m\u00f6chten!<\/li>\n<\/ul>\n","protected":false},"excerpt":{"rendered":"<p>Gib das Amulett zur\u00fcck und verbanne die Geister f\u00fcr immer aus dem Verfluchten Haus mit dem Verfluchten Haus 13<\/p>\n","protected":false},"author":40,"featured_media":110451,"comment_status":"open","ping_status":"closed","template":"","meta":{"_acf_changed":false,"inline_featured_image":false},"product_brand":[],"product_cat":[176],"product_tag":[289],"class_list":{"0":"post-129349","1":"product","2":"type-product","3":"status-publish","4":"has-post-thumbnail","6":"product_cat-match-3-de","7":"product_tag-play-on-pc-de","9":"first","10":"instock","11":"shipping-taxable","12":"purchasable","13":"product-type-simple"},"acf":[],"yoast_head":"<!-- This site is optimized with the Yoast SEO Premium plugin v25.2 (Yoast SEO v25.2) - https:\/\/yoast.com\/wordpress\/plugins\/seo\/ -->\n<title>Verfluchtes Haus 13 - Verbanne Geister aus dem Haus<\/title>\n<meta name=\"description\" content=\"Gib das Amulett zur\u00fcck und verbanne die Geister f\u00fcr immer aus dem Verfluchten Haus mit dem Verfluchten Haus 13\" \/>\n<meta name=\"robots\" content=\"index, follow, max-snippet:-1, max-image-preview:large, max-video-preview:-1\" \/>\n<link rel=\"canonical\" href=\"https:\/\/www.iplay.com\/de\/games\/cursed-house-13\/\" \/>\n<meta property=\"og:locale\" content=\"de_DE\" \/>\n<meta property=\"og:type\" content=\"article\" \/>\n<meta property=\"og:title\" content=\"Cursed House 13\" \/>\n<meta property=\"og:description\" content=\"Gib das Amulett zur\u00fcck und verbanne die Geister f\u00fcr immer aus dem Verfluchten Haus mit dem Verfluchten Haus 13\" \/>\n<meta property=\"og:url\" content=\"https:\/\/www.iplay.com\/de\/games\/cursed-house-13\/\" \/>\n<meta property=\"og:site_name\" content=\"IPlay\" \/>\n<meta property=\"og:image\" content=\"https:\/\/www.iplay.com\/wp-content\/uploads\/2024\/04\/Cursed-House-13_large_square_tile_image.webp\" \/>\n\t<meta property=\"og:image:width\" content=\"310\" \/>\n\t<meta property=\"og:image:height\" content=\"310\" \/>\n\t<meta property=\"og:image:type\" content=\"image\/webp\" \/>\n<meta name=\"twitter:card\" content=\"summary_large_image\" \/>\n<meta name=\"twitter:label1\" content=\"Gesch\u00e4tzte Lesezeit\" \/>\n\t<meta name=\"twitter:data1\" content=\"1 Minute\" \/>\n<script type=\"application\/ld+json\" class=\"yoast-schema-graph\">{\"@context\":\"https:\/\/schema.org\",\"@graph\":[{\"@type\":\"WebPage\",\"@id\":\"https:\/\/www.iplay.com\/de\/games\/cursed-house-13\/\",\"url\":\"https:\/\/www.iplay.com\/de\/games\/cursed-house-13\/\",\"name\":\"Verfluchtes Haus 13 - Verbanne Geister aus dem Haus\",\"isPartOf\":{\"@id\":\"https:\/\/www.iplay.com\/en\/#website\"},\"primaryImageOfPage\":{\"@id\":\"https:\/\/www.iplay.com\/de\/games\/cursed-house-13\/#primaryimage\"},\"image\":{\"@id\":\"https:\/\/www.iplay.com\/de\/games\/cursed-house-13\/#primaryimage\"},\"thumbnailUrl\":\"https:\/\/www.iplay.com\/wp-content\/uploads\/2024\/04\/Cursed-House-13_large_square_tile_image.webp\",\"datePublished\":\"2024-04-19T14:52:54+00:00\",\"description\":\"Gib das Amulett zur\u00fcck und verbanne die Geister f\u00fcr immer aus dem Verfluchten Haus mit dem Verfluchten Haus 13\",\"breadcrumb\":{\"@id\":\"https:\/\/www.iplay.com\/de\/games\/cursed-house-13\/#breadcrumb\"},\"inLanguage\":\"de-DE\",\"potentialAction\":[{\"@type\":\"ReadAction\",\"target\":[\"https:\/\/www.iplay.com\/de\/games\/cursed-house-13\/\"]}]},{\"@type\":\"ImageObject\",\"inLanguage\":\"de-DE\",\"@id\":\"https:\/\/www.iplay.com\/de\/games\/cursed-house-13\/#primaryimage\",\"url\":\"https:\/\/www.iplay.com\/wp-content\/uploads\/2024\/04\/Cursed-House-13_large_square_tile_image.webp\",\"contentUrl\":\"https:\/\/www.iplay.com\/wp-content\/uploads\/2024\/04\/Cursed-House-13_large_square_tile_image.webp\",\"width\":310,\"height\":310},{\"@type\":\"BreadcrumbList\",\"@id\":\"https:\/\/www.iplay.com\/de\/games\/cursed-house-13\/#breadcrumb\",\"itemListElement\":[{\"@type\":\"ListItem\",\"position\":1,\"name\":\"Home\",\"item\":\"https:\/\/www.iplay.com\/de\/home-page-2\/\"},{\"@type\":\"ListItem\",\"position\":2,\"name\":\"Shop\",\"item\":\"https:\/\/www.iplay.com\/en\/shop\/\"},{\"@type\":\"ListItem\",\"position\":3,\"name\":\"Cursed House 13\"}]},{\"@type\":\"WebSite\",\"@id\":\"https:\/\/www.iplay.com\/en\/#website\",\"url\":\"https:\/\/www.iplay.com\/en\/\",\"name\":\"IPlay\",\"description\":\"The Best Casual Games!\",\"publisher\":{\"@id\":\"https:\/\/www.iplay.com\/en\/#organization\"},\"potentialAction\":[{\"@type\":\"SearchAction\",\"target\":{\"@type\":\"EntryPoint\",\"urlTemplate\":\"https:\/\/www.iplay.com\/en\/?s={search_term_string}\"},\"query-input\":{\"@type\":\"PropertyValueSpecification\",\"valueRequired\":true,\"valueName\":\"search_term_string\"}}],\"inLanguage\":\"de-DE\"},{\"@type\":\"Organization\",\"@id\":\"https:\/\/www.iplay.com\/en\/#organization\",\"name\":\"IPlay\",\"url\":\"https:\/\/www.iplay.com\/en\/\",\"logo\":{\"@type\":\"ImageObject\",\"inLanguage\":\"de-DE\",\"@id\":\"https:\/\/www.iplay.com\/en\/#\/schema\/logo\/image\/\",\"url\":\"https:\/\/www.iplay.com\/wp-content\/uploads\/2023\/11\/Group-6100.svg\",\"contentUrl\":\"https:\/\/www.iplay.com\/wp-content\/uploads\/2023\/11\/Group-6100.svg\",\"width\":98,\"height\":25,\"caption\":\"IPlay\"},\"image\":{\"@id\":\"https:\/\/www.iplay.com\/en\/#\/schema\/logo\/image\/\"}}]}<\/script>\n<!-- \/ Yoast SEO Premium plugin. -->","yoast_head_json":{"title":"Verfluchtes Haus 13 - Verbanne Geister aus dem Haus","description":"Gib das Amulett zur\u00fcck und verbanne die Geister f\u00fcr immer aus dem Verfluchten Haus mit dem Verfluchten Haus 13","robots":{"index":"index","follow":"follow","max-snippet":"max-snippet:-1","max-image-preview":"max-image-preview:large","max-video-preview":"max-video-preview:-1"},"canonical":"https:\/\/www.iplay.com\/de\/games\/cursed-house-13\/","og_locale":"de_DE","og_type":"article","og_title":"Cursed House 13","og_description":"Gib das Amulett zur\u00fcck und verbanne die Geister f\u00fcr immer aus dem Verfluchten Haus mit dem Verfluchten Haus 13","og_url":"https:\/\/www.iplay.com\/de\/games\/cursed-house-13\/","og_site_name":"IPlay","og_image":[{"width":310,"height":310,"url":"https:\/\/www.iplay.com\/wp-content\/uploads\/2024\/04\/Cursed-House-13_large_square_tile_image.webp","type":"image\/webp"}],"twitter_card":"summary_large_image","twitter_misc":{"Gesch\u00e4tzte Lesezeit":"1 Minute"},"schema":{"@context":"https:\/\/schema.org","@graph":[{"@type":"WebPage","@id":"https:\/\/www.iplay.com\/de\/games\/cursed-house-13\/","url":"https:\/\/www.iplay.com\/de\/games\/cursed-house-13\/","name":"Verfluchtes Haus 13 - Verbanne Geister aus dem Haus","isPartOf":{"@id":"https:\/\/www.iplay.com\/en\/#website"},"primaryImageOfPage":{"@id":"https:\/\/www.iplay.com\/de\/games\/cursed-house-13\/#primaryimage"},"image":{"@id":"https:\/\/www.iplay.com\/de\/games\/cursed-house-13\/#primaryimage"},"thumbnailUrl":"https:\/\/www.iplay.com\/wp-content\/uploads\/2024\/04\/Cursed-House-13_large_square_tile_image.webp","datePublished":"2024-04-19T14:52:54+00:00","description":"Gib das Amulett zur\u00fcck und verbanne die Geister f\u00fcr immer aus dem Verfluchten Haus mit dem Verfluchten Haus 13","breadcrumb":{"@id":"https:\/\/www.iplay.com\/de\/games\/cursed-house-13\/#breadcrumb"},"inLanguage":"de-DE","potentialAction":[{"@type":"ReadAction","target":["https:\/\/www.iplay.com\/de\/games\/cursed-house-13\/"]}]},{"@type":"ImageObject","inLanguage":"de-DE","@id":"https:\/\/www.iplay.com\/de\/games\/cursed-house-13\/#primaryimage","url":"https:\/\/www.iplay.com\/wp-content\/uploads\/2024\/04\/Cursed-House-13_large_square_tile_image.webp","contentUrl":"https:\/\/www.iplay.com\/wp-content\/uploads\/2024\/04\/Cursed-House-13_large_square_tile_image.webp","width":310,"height":310},{"@type":"BreadcrumbList","@id":"https:\/\/www.iplay.com\/de\/games\/cursed-house-13\/#breadcrumb","itemListElement":[{"@type":"ListItem","position":1,"name":"Home","item":"https:\/\/www.iplay.com\/de\/home-page-2\/"},{"@type":"ListItem","position":2,"name":"Shop","item":"https:\/\/www.iplay.com\/en\/shop\/"},{"@type":"ListItem","position":3,"name":"Cursed House 13"}]},{"@type":"WebSite","@id":"https:\/\/www.iplay.com\/en\/#website","url":"https:\/\/www.iplay.com\/en\/","name":"IPlay","description":"The Best Casual Games!","publisher":{"@id":"https:\/\/www.iplay.com\/en\/#organization"},"potentialAction":[{"@type":"SearchAction","target":{"@type":"EntryPoint","urlTemplate":"https:\/\/www.iplay.com\/en\/?s={search_term_string}"},"query-input":{"@type":"PropertyValueSpecification","valueRequired":true,"valueName":"search_term_string"}}],"inLanguage":"de-DE"},{"@type":"Organization","@id":"https:\/\/www.iplay.com\/en\/#organization","name":"IPlay","url":"https:\/\/www.iplay.com\/en\/","logo":{"@type":"ImageObject","inLanguage":"de-DE","@id":"https:\/\/www.iplay.com\/en\/#\/schema\/logo\/image\/","url":"https:\/\/www.iplay.com\/wp-content\/uploads\/2023\/11\/Group-6100.svg","contentUrl":"https:\/\/www.iplay.com\/wp-content\/uploads\/2023\/11\/Group-6100.svg","width":98,"height":25,"caption":"IPlay"},"image":{"@id":"https:\/\/www.iplay.com\/en\/#\/schema\/logo\/image\/"}}]}},"_links":{"self":[{"href":"https:\/\/www.iplay.com\/de\/wp-json\/wp\/v2\/product\/129349","targetHints":{"allow":["GET"]}}],"collection":[{"href":"https:\/\/www.iplay.com\/de\/wp-json\/wp\/v2\/product"}],"about":[{"href":"https:\/\/www.iplay.com\/de\/wp-json\/wp\/v2\/types\/product"}],"author":[{"embeddable":true,"href":"https:\/\/www.iplay.com\/de\/wp-json\/wp\/v2\/users\/40"}],"replies":[{"embeddable":true,"href":"https:\/\/www.iplay.com\/de\/wp-json\/wp\/v2\/comments?post=129349"}],"wp:featuredmedia":[{"embeddable":true,"href":"https:\/\/www.iplay.com\/de\/wp-json\/wp\/v2\/media\/110451"}],"wp:attachment":[{"href":"https:\/\/www.iplay.com\/de\/wp-json\/wp\/v2\/media?parent=129349"}],"wp:term":[{"taxonomy":"product_brand","embeddable":true,"href":"https:\/\/www.iplay.com\/de\/wp-json\/wp\/v2\/product_brand?post=129349"},{"taxonomy":"product_cat","embeddable":true,"href":"https:\/\/www.iplay.com\/de\/wp-json\/wp\/v2\/product_cat?post=129349"},{"taxonomy":"product_tag","embeddable":true,"href":"https:\/\/www.iplay.com\/de\/wp-json\/wp\/v2\/product_tag?post=129349"}],"curies":[{"name":"wp","href":"https:\/\/api.w.org\/{rel}","templated":true}]}}