{"id":129341,"date":"2024-04-17T12:05:30","date_gmt":"2024-04-17T12:05:30","guid":{"rendered":"https:\/\/www.iplay.com\/games\/bridge-to-another-world-a-trail-of-breadcrumbs-ce\/"},"modified":"2024-04-17T12:05:30","modified_gmt":"2024-04-17T12:05:30","slug":"bridge-to-another-world-a-trail-of-breadcrumbs-ce","status":"publish","type":"product","link":"https:\/\/www.iplay.com\/de\/games\/bridge-to-another-world-a-trail-of-breadcrumbs-ce\/","title":{"rendered":"Bridge to Another World: A Trail of Breadcrumbs CE"},"content":{"rendered":"<p>Gezwungen, alles, was sie f\u00fcr wahr h\u00e4lt, zu \u00fcberdenken, findet sich die s\u00fc\u00dfe und reife Gretel in einem ungew\u00f6hnlichen Reich wieder, in dem es von gerissenen Hexen, tapferen J\u00e4gern und m\u00e4chtiger Magie nur so wimmelt! Sie ist st\u00e4ndig von Gefahr umgeben, da sie gezwungen ist, den Einheimischen bei der Abwehr von Hexen zu helfen, die entschlossen sind, Chaos und Zerst\u00f6rung zu s\u00e4en. Doch inmitten der Gefahr taucht ein Hoffnungsschimmer auf, als sie eine Gelegenheit sehen, das K\u00f6nigreich wiederherzustellen und es dauerhaft von b\u00f6sartiger Magie zu befreien \u2013 bis Gretels scharfes Auge ein vertrautes Antlitz erblickt!  <\/p>\n<p>Doch ein beunruhigendes Gef\u00fchl durchdringt dieses verwunschene Land. Warum f\u00fchlt es sich so seltsam vertraut an? Von wem wurde sie hierher gebracht? Diese Fragen bleiben bestehen und locken Gretel, die Wahrheit aufzudecken, die unter der Oberfl\u00e4che lauert. Begib dich auf eine fesselnde Reise voller Wimmelbildr\u00e4tsel, um die Geheimnisse zu l\u00fcften, die dieses Reich umgeben!    <\/p>\n<p>&nbsp;<\/p>\n<p><strong>Funktionen der Collector&#8217;s Edition<\/strong><\/p>\n<ul>\n<li>\u00dcbervoll mit einzigartigen Artikeln, darunter Konzeptkunst und Tapeten!<\/li>\n<li>Nimm an einer geheimen Herausforderung teil, um alle Morphing-Objekte und versteckten Karten zu erhalten!<\/li>\n<li>Navigieren Sie m\u00fchelos mit Hilfe des praktischen Strategiehandbuchs \u2013 keine Brotkrumen erforderlich!<\/li>\n<li>Tauche tiefer in die Geschichte ein mit einem atemberaubenden zus\u00e4tzlichen Kapitel, das die Erz\u00e4hlung erweitert!<\/li>\n<\/ul>\n","protected":false},"excerpt":{"rendered":"<p>Hexen gab es doch nur in M\u00e4rchen, nicht wahr &#8211; Finde es heraus in Bridge to Another World: A Trail of Breadcrumbs CE<\/p>\n","protected":false},"author":17,"featured_media":110435,"comment_status":"open","ping_status":"closed","template":"","meta":{"_acf_changed":false,"inline_featured_image":false},"product_brand":[],"product_cat":[164],"product_tag":[289],"class_list":{"0":"post-129341","1":"product","2":"type-product","3":"status-publish","4":"has-post-thumbnail","6":"product_cat-hidden-object-de","7":"product_tag-play-on-pc-de","9":"first","10":"instock","11":"shipping-taxable","12":"purchasable","13":"product-type-simple"},"acf":[],"yoast_head":"<!-- This site is optimized with the Yoast SEO Premium plugin v25.2 (Yoast SEO v25.2) - https:\/\/yoast.com\/wordpress\/plugins\/seo\/ -->\n<title>Br\u00fccke in eine andere Welt: Eine Spur aus Brotkrumen CE<\/title>\n<meta name=\"description\" content=\"Hexen gab es doch nur in M\u00e4rchen, nicht wahr - Finde es heraus in Bridge to Another World: A Trail of Breadcrumbs CE\" \/>\n<meta name=\"robots\" content=\"index, follow, max-snippet:-1, max-image-preview:large, max-video-preview:-1\" \/>\n<link rel=\"canonical\" href=\"https:\/\/www.iplay.com\/de\/games\/bridge-to-another-world-a-trail-of-breadcrumbs-ce\/\" \/>\n<meta property=\"og:locale\" content=\"de_DE\" \/>\n<meta property=\"og:type\" content=\"article\" \/>\n<meta property=\"og:title\" content=\"Bridge to Another World: A Trail of Breadcrumbs CE\" \/>\n<meta property=\"og:description\" content=\"Hexen gab es doch nur in M\u00e4rchen, nicht wahr - Finde es heraus in Bridge to Another World: A Trail of Breadcrumbs CE\" \/>\n<meta property=\"og:url\" content=\"https:\/\/www.iplay.com\/de\/games\/bridge-to-another-world-a-trail-of-breadcrumbs-ce\/\" \/>\n<meta property=\"og:site_name\" content=\"IPlay\" \/>\n<meta property=\"og:image\" content=\"https:\/\/www.iplay.com\/wp-content\/uploads\/2024\/04\/Bridge-to-Another-World-A-Trail-of-Breadcrumbs-CE_slider.webp\" \/>\n\t<meta property=\"og:image:width\" content=\"715\" \/>\n\t<meta property=\"og:image:height\" content=\"485\" \/>\n\t<meta property=\"og:image:type\" content=\"image\/webp\" \/>\n<meta name=\"twitter:card\" content=\"summary_large_image\" \/>\n<meta name=\"twitter:label1\" content=\"Gesch\u00e4tzte Lesezeit\" \/>\n\t<meta name=\"twitter:data1\" content=\"1 Minute\" \/>\n<script type=\"application\/ld+json\" class=\"yoast-schema-graph\">{\"@context\":\"https:\/\/schema.org\",\"@graph\":[{\"@type\":\"WebPage\",\"@id\":\"https:\/\/www.iplay.com\/de\/games\/bridge-to-another-world-a-trail-of-breadcrumbs-ce\/\",\"url\":\"https:\/\/www.iplay.com\/de\/games\/bridge-to-another-world-a-trail-of-breadcrumbs-ce\/\",\"name\":\"Br\u00fccke in eine andere Welt: Eine Spur aus Brotkrumen CE\",\"isPartOf\":{\"@id\":\"https:\/\/www.iplay.com\/en\/#website\"},\"primaryImageOfPage\":{\"@id\":\"https:\/\/www.iplay.com\/de\/games\/bridge-to-another-world-a-trail-of-breadcrumbs-ce\/#primaryimage\"},\"image\":{\"@id\":\"https:\/\/www.iplay.com\/de\/games\/bridge-to-another-world-a-trail-of-breadcrumbs-ce\/#primaryimage\"},\"thumbnailUrl\":\"https:\/\/www.iplay.com\/wp-content\/uploads\/2024\/04\/Bridge-to-Another-World-A-Trail-of-Breadcrumbs-CE_slider.webp\",\"datePublished\":\"2024-04-17T12:05:30+00:00\",\"description\":\"Hexen gab es doch nur in M\u00e4rchen, nicht wahr - Finde es heraus in Bridge to Another World: A Trail of Breadcrumbs CE\",\"breadcrumb\":{\"@id\":\"https:\/\/www.iplay.com\/de\/games\/bridge-to-another-world-a-trail-of-breadcrumbs-ce\/#breadcrumb\"},\"inLanguage\":\"de-DE\",\"potentialAction\":[{\"@type\":\"ReadAction\",\"target\":[\"https:\/\/www.iplay.com\/de\/games\/bridge-to-another-world-a-trail-of-breadcrumbs-ce\/\"]}]},{\"@type\":\"ImageObject\",\"inLanguage\":\"de-DE\",\"@id\":\"https:\/\/www.iplay.com\/de\/games\/bridge-to-another-world-a-trail-of-breadcrumbs-ce\/#primaryimage\",\"url\":\"https:\/\/www.iplay.com\/wp-content\/uploads\/2024\/04\/Bridge-to-Another-World-A-Trail-of-Breadcrumbs-CE_slider.webp\",\"contentUrl\":\"https:\/\/www.iplay.com\/wp-content\/uploads\/2024\/04\/Bridge-to-Another-World-A-Trail-of-Breadcrumbs-CE_slider.webp\",\"width\":715,\"height\":485},{\"@type\":\"BreadcrumbList\",\"@id\":\"https:\/\/www.iplay.com\/de\/games\/bridge-to-another-world-a-trail-of-breadcrumbs-ce\/#breadcrumb\",\"itemListElement\":[{\"@type\":\"ListItem\",\"position\":1,\"name\":\"Home\",\"item\":\"https:\/\/www.iplay.com\/de\/home-page-2\/\"},{\"@type\":\"ListItem\",\"position\":2,\"name\":\"Shop\",\"item\":\"https:\/\/www.iplay.com\/en\/shop\/\"},{\"@type\":\"ListItem\",\"position\":3,\"name\":\"Bridge to Another World: A Trail of Breadcrumbs CE\"}]},{\"@type\":\"WebSite\",\"@id\":\"https:\/\/www.iplay.com\/en\/#website\",\"url\":\"https:\/\/www.iplay.com\/en\/\",\"name\":\"IPlay\",\"description\":\"The Best Casual Games!\",\"publisher\":{\"@id\":\"https:\/\/www.iplay.com\/en\/#organization\"},\"potentialAction\":[{\"@type\":\"SearchAction\",\"target\":{\"@type\":\"EntryPoint\",\"urlTemplate\":\"https:\/\/www.iplay.com\/en\/?s={search_term_string}\"},\"query-input\":{\"@type\":\"PropertyValueSpecification\",\"valueRequired\":true,\"valueName\":\"search_term_string\"}}],\"inLanguage\":\"de-DE\"},{\"@type\":\"Organization\",\"@id\":\"https:\/\/www.iplay.com\/en\/#organization\",\"name\":\"IPlay\",\"url\":\"https:\/\/www.iplay.com\/en\/\",\"logo\":{\"@type\":\"ImageObject\",\"inLanguage\":\"de-DE\",\"@id\":\"https:\/\/www.iplay.com\/en\/#\/schema\/logo\/image\/\",\"url\":\"https:\/\/www.iplay.com\/wp-content\/uploads\/2023\/11\/Group-6100.svg\",\"contentUrl\":\"https:\/\/www.iplay.com\/wp-content\/uploads\/2023\/11\/Group-6100.svg\",\"width\":98,\"height\":25,\"caption\":\"IPlay\"},\"image\":{\"@id\":\"https:\/\/www.iplay.com\/en\/#\/schema\/logo\/image\/\"}}]}<\/script>\n<!-- \/ Yoast SEO Premium plugin. -->","yoast_head_json":{"title":"Br\u00fccke in eine andere Welt: Eine Spur aus Brotkrumen CE","description":"Hexen gab es doch nur in M\u00e4rchen, nicht wahr - Finde es heraus in Bridge to Another World: A Trail of Breadcrumbs CE","robots":{"index":"index","follow":"follow","max-snippet":"max-snippet:-1","max-image-preview":"max-image-preview:large","max-video-preview":"max-video-preview:-1"},"canonical":"https:\/\/www.iplay.com\/de\/games\/bridge-to-another-world-a-trail-of-breadcrumbs-ce\/","og_locale":"de_DE","og_type":"article","og_title":"Bridge to Another World: A Trail of Breadcrumbs CE","og_description":"Hexen gab es doch nur in M\u00e4rchen, nicht wahr - Finde es heraus in Bridge to Another World: A Trail of Breadcrumbs CE","og_url":"https:\/\/www.iplay.com\/de\/games\/bridge-to-another-world-a-trail-of-breadcrumbs-ce\/","og_site_name":"IPlay","og_image":[{"width":715,"height":485,"url":"https:\/\/www.iplay.com\/wp-content\/uploads\/2024\/04\/Bridge-to-Another-World-A-Trail-of-Breadcrumbs-CE_slider.webp","type":"image\/webp"}],"twitter_card":"summary_large_image","twitter_misc":{"Gesch\u00e4tzte Lesezeit":"1 Minute"},"schema":{"@context":"https:\/\/schema.org","@graph":[{"@type":"WebPage","@id":"https:\/\/www.iplay.com\/de\/games\/bridge-to-another-world-a-trail-of-breadcrumbs-ce\/","url":"https:\/\/www.iplay.com\/de\/games\/bridge-to-another-world-a-trail-of-breadcrumbs-ce\/","name":"Br\u00fccke in eine andere Welt: Eine Spur aus Brotkrumen CE","isPartOf":{"@id":"https:\/\/www.iplay.com\/en\/#website"},"primaryImageOfPage":{"@id":"https:\/\/www.iplay.com\/de\/games\/bridge-to-another-world-a-trail-of-breadcrumbs-ce\/#primaryimage"},"image":{"@id":"https:\/\/www.iplay.com\/de\/games\/bridge-to-another-world-a-trail-of-breadcrumbs-ce\/#primaryimage"},"thumbnailUrl":"https:\/\/www.iplay.com\/wp-content\/uploads\/2024\/04\/Bridge-to-Another-World-A-Trail-of-Breadcrumbs-CE_slider.webp","datePublished":"2024-04-17T12:05:30+00:00","description":"Hexen gab es doch nur in M\u00e4rchen, nicht wahr - Finde es heraus in Bridge to Another World: A Trail of Breadcrumbs CE","breadcrumb":{"@id":"https:\/\/www.iplay.com\/de\/games\/bridge-to-another-world-a-trail-of-breadcrumbs-ce\/#breadcrumb"},"inLanguage":"de-DE","potentialAction":[{"@type":"ReadAction","target":["https:\/\/www.iplay.com\/de\/games\/bridge-to-another-world-a-trail-of-breadcrumbs-ce\/"]}]},{"@type":"ImageObject","inLanguage":"de-DE","@id":"https:\/\/www.iplay.com\/de\/games\/bridge-to-another-world-a-trail-of-breadcrumbs-ce\/#primaryimage","url":"https:\/\/www.iplay.com\/wp-content\/uploads\/2024\/04\/Bridge-to-Another-World-A-Trail-of-Breadcrumbs-CE_slider.webp","contentUrl":"https:\/\/www.iplay.com\/wp-content\/uploads\/2024\/04\/Bridge-to-Another-World-A-Trail-of-Breadcrumbs-CE_slider.webp","width":715,"height":485},{"@type":"BreadcrumbList","@id":"https:\/\/www.iplay.com\/de\/games\/bridge-to-another-world-a-trail-of-breadcrumbs-ce\/#breadcrumb","itemListElement":[{"@type":"ListItem","position":1,"name":"Home","item":"https:\/\/www.iplay.com\/de\/home-page-2\/"},{"@type":"ListItem","position":2,"name":"Shop","item":"https:\/\/www.iplay.com\/en\/shop\/"},{"@type":"ListItem","position":3,"name":"Bridge to Another World: A Trail of Breadcrumbs CE"}]},{"@type":"WebSite","@id":"https:\/\/www.iplay.com\/en\/#website","url":"https:\/\/www.iplay.com\/en\/","name":"IPlay","description":"The Best Casual Games!","publisher":{"@id":"https:\/\/www.iplay.com\/en\/#organization"},"potentialAction":[{"@type":"SearchAction","target":{"@type":"EntryPoint","urlTemplate":"https:\/\/www.iplay.com\/en\/?s={search_term_string}"},"query-input":{"@type":"PropertyValueSpecification","valueRequired":true,"valueName":"search_term_string"}}],"inLanguage":"de-DE"},{"@type":"Organization","@id":"https:\/\/www.iplay.com\/en\/#organization","name":"IPlay","url":"https:\/\/www.iplay.com\/en\/","logo":{"@type":"ImageObject","inLanguage":"de-DE","@id":"https:\/\/www.iplay.com\/en\/#\/schema\/logo\/image\/","url":"https:\/\/www.iplay.com\/wp-content\/uploads\/2023\/11\/Group-6100.svg","contentUrl":"https:\/\/www.iplay.com\/wp-content\/uploads\/2023\/11\/Group-6100.svg","width":98,"height":25,"caption":"IPlay"},"image":{"@id":"https:\/\/www.iplay.com\/en\/#\/schema\/logo\/image\/"}}]}},"_links":{"self":[{"href":"https:\/\/www.iplay.com\/de\/wp-json\/wp\/v2\/product\/129341","targetHints":{"allow":["GET"]}}],"collection":[{"href":"https:\/\/www.iplay.com\/de\/wp-json\/wp\/v2\/product"}],"about":[{"href":"https:\/\/www.iplay.com\/de\/wp-json\/wp\/v2\/types\/product"}],"author":[{"embeddable":true,"href":"https:\/\/www.iplay.com\/de\/wp-json\/wp\/v2\/users\/17"}],"replies":[{"embeddable":true,"href":"https:\/\/www.iplay.com\/de\/wp-json\/wp\/v2\/comments?post=129341"}],"wp:featuredmedia":[{"embeddable":true,"href":"https:\/\/www.iplay.com\/de\/wp-json\/wp\/v2\/media\/110435"}],"wp:attachment":[{"href":"https:\/\/www.iplay.com\/de\/wp-json\/wp\/v2\/media?parent=129341"}],"wp:term":[{"taxonomy":"product_brand","embeddable":true,"href":"https:\/\/www.iplay.com\/de\/wp-json\/wp\/v2\/product_brand?post=129341"},{"taxonomy":"product_cat","embeddable":true,"href":"https:\/\/www.iplay.com\/de\/wp-json\/wp\/v2\/product_cat?post=129341"},{"taxonomy":"product_tag","embeddable":true,"href":"https:\/\/www.iplay.com\/de\/wp-json\/wp\/v2\/product_tag?post=129341"}],"curies":[{"name":"wp","href":"https:\/\/api.w.org\/{rel}","templated":true}]}}