{"id":129329,"date":"2024-04-12T11:00:32","date_gmt":"2024-04-12T11:00:32","guid":{"rendered":"https:\/\/www.iplay.com\/games\/hidden-object-secrets-the-whitefield-murder-ce\/"},"modified":"2024-04-12T11:00:32","modified_gmt":"2024-04-12T11:00:32","slug":"hidden-object-secrets-the-whitefield-murder-ce","status":"publish","type":"product","link":"https:\/\/www.iplay.com\/de\/games\/hidden-object-secrets-the-whitefield-murder-ce\/","title":{"rendered":"Hidden Object Secrets: The Whitefield Murder CE"},"content":{"rendered":"<p>Du musst einen r\u00e4tselhaften Mord in einem friedlichen Teil einer normalen Stadt untersuchen. Dem M\u00f6rder ist es gelungen, vom Tatort zu fliehen, aber es gibt keine ungekl\u00e4rten Verbrechen, genauso wie es keine ungefassten Verbrecher gibt! Um die Wahrheit herauszufinden, wirst du Beweise sammeln und Zeugen befragen. Ist die Eye Society in diesen Mord verwickelt? Wer genau war der Ermordete und was tat er? Welche Geheimnisse der Korruption und der Unwahrheiten k\u00f6nnen Sie mit vier Verd\u00e4chtigen aufdecken? All dies wird in der kommenden Episode von Hidden Object Secrets enth\u00fcllt.<\/p>\n<p>&nbsp;<\/p>\n<p>Funktionen<\/p>\n<ul>\n<li>Genie\u00dfen Sie die thematische Kunst und Musik!<\/li>\n<li>L\u00f6se den Fall und bringe Licht in die mysteri\u00f6sen Ereignisse dieser schicksalhaften Nacht!<\/li>\n<li>L\u00f6se R\u00e4tsel, um voranzukommen!<\/li>\n<li>Es liegt an dir, f\u00fcr Gerechtigkeit zu sorgen!<\/li>\n<\/ul>\n","protected":false},"excerpt":{"rendered":"<p>Hat die Eye Society etwas im Schilde oder ist es komplizierter &#8211; Finde es heraus in Hidden Object Secrets: The Whitefield Murder Collector&#8217;s Edition.<\/p>\n","protected":false},"author":52,"featured_media":110375,"comment_status":"open","ping_status":"closed","template":"","meta":{"_acf_changed":false,"inline_featured_image":false},"product_brand":[],"product_cat":[164],"product_tag":[289],"class_list":{"0":"post-129329","1":"product","2":"type-product","3":"status-publish","4":"has-post-thumbnail","6":"product_cat-hidden-object-de","7":"product_tag-play-on-pc-de","9":"first","10":"instock","11":"shipping-taxable","12":"purchasable","13":"product-type-simple"},"acf":[],"yoast_head":"<!-- This site is optimized with the Yoast SEO Premium plugin v25.2 (Yoast SEO v25.2) - https:\/\/yoast.com\/wordpress\/plugins\/seo\/ -->\n<title>Wimmelbild-Geheimnisse: Der Whitefield-Mord<\/title>\n<meta name=\"description\" content=\"Hat die Eye Society etwas im Schilde oder ist es komplizierter - Finde es heraus in Hidden Object Secrets: The Whitefield Murder Collector&#039;s Edition.\" \/>\n<meta name=\"robots\" content=\"index, follow, max-snippet:-1, max-image-preview:large, max-video-preview:-1\" \/>\n<link rel=\"canonical\" href=\"https:\/\/www.iplay.com\/de\/games\/hidden-object-secrets-the-whitefield-murder-ce\/\" \/>\n<meta property=\"og:locale\" content=\"de_DE\" \/>\n<meta property=\"og:type\" content=\"article\" \/>\n<meta property=\"og:title\" content=\"Hidden Object Secrets: The Whitefield Murder CE\" \/>\n<meta property=\"og:description\" content=\"Hat die Eye Society etwas im Schilde oder ist es komplizierter - Finde es heraus in Hidden Object Secrets: The Whitefield Murder Collector&#039;s Edition.\" \/>\n<meta property=\"og:url\" content=\"https:\/\/www.iplay.com\/de\/games\/hidden-object-secrets-the-whitefield-murder-ce\/\" \/>\n<meta property=\"og:site_name\" content=\"IPlay\" \/>\n<meta property=\"og:image\" content=\"https:\/\/www.iplay.com\/wp-content\/uploads\/2024\/04\/Hidden-Object-Secrets-The-Whitefield-Murder-CE_large_square_tile_image.webp\" \/>\n\t<meta property=\"og:image:width\" content=\"310\" \/>\n\t<meta property=\"og:image:height\" content=\"310\" \/>\n\t<meta property=\"og:image:type\" content=\"image\/webp\" \/>\n<meta name=\"twitter:card\" content=\"summary_large_image\" \/>\n<meta name=\"twitter:label1\" content=\"Gesch\u00e4tzte Lesezeit\" \/>\n\t<meta name=\"twitter:data1\" content=\"1 Minute\" \/>\n<script type=\"application\/ld+json\" class=\"yoast-schema-graph\">{\"@context\":\"https:\/\/schema.org\",\"@graph\":[{\"@type\":\"WebPage\",\"@id\":\"https:\/\/www.iplay.com\/de\/games\/hidden-object-secrets-the-whitefield-murder-ce\/\",\"url\":\"https:\/\/www.iplay.com\/de\/games\/hidden-object-secrets-the-whitefield-murder-ce\/\",\"name\":\"Wimmelbild-Geheimnisse: Der Whitefield-Mord\",\"isPartOf\":{\"@id\":\"https:\/\/www.iplay.com\/en\/#website\"},\"primaryImageOfPage\":{\"@id\":\"https:\/\/www.iplay.com\/de\/games\/hidden-object-secrets-the-whitefield-murder-ce\/#primaryimage\"},\"image\":{\"@id\":\"https:\/\/www.iplay.com\/de\/games\/hidden-object-secrets-the-whitefield-murder-ce\/#primaryimage\"},\"thumbnailUrl\":\"https:\/\/www.iplay.com\/wp-content\/uploads\/2024\/04\/Hidden-Object-Secrets-The-Whitefield-Murder-CE_large_square_tile_image.webp\",\"datePublished\":\"2024-04-12T11:00:32+00:00\",\"description\":\"Hat die Eye Society etwas im Schilde oder ist es komplizierter - Finde es heraus in Hidden Object Secrets: The Whitefield Murder Collector's Edition.\",\"breadcrumb\":{\"@id\":\"https:\/\/www.iplay.com\/de\/games\/hidden-object-secrets-the-whitefield-murder-ce\/#breadcrumb\"},\"inLanguage\":\"de-DE\",\"potentialAction\":[{\"@type\":\"ReadAction\",\"target\":[\"https:\/\/www.iplay.com\/de\/games\/hidden-object-secrets-the-whitefield-murder-ce\/\"]}]},{\"@type\":\"ImageObject\",\"inLanguage\":\"de-DE\",\"@id\":\"https:\/\/www.iplay.com\/de\/games\/hidden-object-secrets-the-whitefield-murder-ce\/#primaryimage\",\"url\":\"https:\/\/www.iplay.com\/wp-content\/uploads\/2024\/04\/Hidden-Object-Secrets-The-Whitefield-Murder-CE_large_square_tile_image.webp\",\"contentUrl\":\"https:\/\/www.iplay.com\/wp-content\/uploads\/2024\/04\/Hidden-Object-Secrets-The-Whitefield-Murder-CE_large_square_tile_image.webp\",\"width\":310,\"height\":310},{\"@type\":\"BreadcrumbList\",\"@id\":\"https:\/\/www.iplay.com\/de\/games\/hidden-object-secrets-the-whitefield-murder-ce\/#breadcrumb\",\"itemListElement\":[{\"@type\":\"ListItem\",\"position\":1,\"name\":\"Home\",\"item\":\"https:\/\/www.iplay.com\/de\/home-page-2\/\"},{\"@type\":\"ListItem\",\"position\":2,\"name\":\"Shop\",\"item\":\"https:\/\/www.iplay.com\/en\/shop\/\"},{\"@type\":\"ListItem\",\"position\":3,\"name\":\"Hidden Object Secrets: The Whitefield Murder CE\"}]},{\"@type\":\"WebSite\",\"@id\":\"https:\/\/www.iplay.com\/en\/#website\",\"url\":\"https:\/\/www.iplay.com\/en\/\",\"name\":\"IPlay\",\"description\":\"The Best Casual Games!\",\"publisher\":{\"@id\":\"https:\/\/www.iplay.com\/en\/#organization\"},\"potentialAction\":[{\"@type\":\"SearchAction\",\"target\":{\"@type\":\"EntryPoint\",\"urlTemplate\":\"https:\/\/www.iplay.com\/en\/?s={search_term_string}\"},\"query-input\":{\"@type\":\"PropertyValueSpecification\",\"valueRequired\":true,\"valueName\":\"search_term_string\"}}],\"inLanguage\":\"de-DE\"},{\"@type\":\"Organization\",\"@id\":\"https:\/\/www.iplay.com\/en\/#organization\",\"name\":\"IPlay\",\"url\":\"https:\/\/www.iplay.com\/en\/\",\"logo\":{\"@type\":\"ImageObject\",\"inLanguage\":\"de-DE\",\"@id\":\"https:\/\/www.iplay.com\/en\/#\/schema\/logo\/image\/\",\"url\":\"https:\/\/www.iplay.com\/wp-content\/uploads\/2023\/11\/Group-6100.svg\",\"contentUrl\":\"https:\/\/www.iplay.com\/wp-content\/uploads\/2023\/11\/Group-6100.svg\",\"width\":98,\"height\":25,\"caption\":\"IPlay\"},\"image\":{\"@id\":\"https:\/\/www.iplay.com\/en\/#\/schema\/logo\/image\/\"}}]}<\/script>\n<!-- \/ Yoast SEO Premium plugin. -->","yoast_head_json":{"title":"Wimmelbild-Geheimnisse: Der Whitefield-Mord","description":"Hat die Eye Society etwas im Schilde oder ist es komplizierter - Finde es heraus in Hidden Object Secrets: The Whitefield Murder Collector's Edition.","robots":{"index":"index","follow":"follow","max-snippet":"max-snippet:-1","max-image-preview":"max-image-preview:large","max-video-preview":"max-video-preview:-1"},"canonical":"https:\/\/www.iplay.com\/de\/games\/hidden-object-secrets-the-whitefield-murder-ce\/","og_locale":"de_DE","og_type":"article","og_title":"Hidden Object Secrets: The Whitefield Murder CE","og_description":"Hat die Eye Society etwas im Schilde oder ist es komplizierter - Finde es heraus in Hidden Object Secrets: The Whitefield Murder Collector's Edition.","og_url":"https:\/\/www.iplay.com\/de\/games\/hidden-object-secrets-the-whitefield-murder-ce\/","og_site_name":"IPlay","og_image":[{"width":310,"height":310,"url":"https:\/\/www.iplay.com\/wp-content\/uploads\/2024\/04\/Hidden-Object-Secrets-The-Whitefield-Murder-CE_large_square_tile_image.webp","type":"image\/webp"}],"twitter_card":"summary_large_image","twitter_misc":{"Gesch\u00e4tzte Lesezeit":"1 Minute"},"schema":{"@context":"https:\/\/schema.org","@graph":[{"@type":"WebPage","@id":"https:\/\/www.iplay.com\/de\/games\/hidden-object-secrets-the-whitefield-murder-ce\/","url":"https:\/\/www.iplay.com\/de\/games\/hidden-object-secrets-the-whitefield-murder-ce\/","name":"Wimmelbild-Geheimnisse: Der Whitefield-Mord","isPartOf":{"@id":"https:\/\/www.iplay.com\/en\/#website"},"primaryImageOfPage":{"@id":"https:\/\/www.iplay.com\/de\/games\/hidden-object-secrets-the-whitefield-murder-ce\/#primaryimage"},"image":{"@id":"https:\/\/www.iplay.com\/de\/games\/hidden-object-secrets-the-whitefield-murder-ce\/#primaryimage"},"thumbnailUrl":"https:\/\/www.iplay.com\/wp-content\/uploads\/2024\/04\/Hidden-Object-Secrets-The-Whitefield-Murder-CE_large_square_tile_image.webp","datePublished":"2024-04-12T11:00:32+00:00","description":"Hat die Eye Society etwas im Schilde oder ist es komplizierter - Finde es heraus in Hidden Object Secrets: The Whitefield Murder Collector's Edition.","breadcrumb":{"@id":"https:\/\/www.iplay.com\/de\/games\/hidden-object-secrets-the-whitefield-murder-ce\/#breadcrumb"},"inLanguage":"de-DE","potentialAction":[{"@type":"ReadAction","target":["https:\/\/www.iplay.com\/de\/games\/hidden-object-secrets-the-whitefield-murder-ce\/"]}]},{"@type":"ImageObject","inLanguage":"de-DE","@id":"https:\/\/www.iplay.com\/de\/games\/hidden-object-secrets-the-whitefield-murder-ce\/#primaryimage","url":"https:\/\/www.iplay.com\/wp-content\/uploads\/2024\/04\/Hidden-Object-Secrets-The-Whitefield-Murder-CE_large_square_tile_image.webp","contentUrl":"https:\/\/www.iplay.com\/wp-content\/uploads\/2024\/04\/Hidden-Object-Secrets-The-Whitefield-Murder-CE_large_square_tile_image.webp","width":310,"height":310},{"@type":"BreadcrumbList","@id":"https:\/\/www.iplay.com\/de\/games\/hidden-object-secrets-the-whitefield-murder-ce\/#breadcrumb","itemListElement":[{"@type":"ListItem","position":1,"name":"Home","item":"https:\/\/www.iplay.com\/de\/home-page-2\/"},{"@type":"ListItem","position":2,"name":"Shop","item":"https:\/\/www.iplay.com\/en\/shop\/"},{"@type":"ListItem","position":3,"name":"Hidden Object Secrets: The Whitefield Murder CE"}]},{"@type":"WebSite","@id":"https:\/\/www.iplay.com\/en\/#website","url":"https:\/\/www.iplay.com\/en\/","name":"IPlay","description":"The Best Casual Games!","publisher":{"@id":"https:\/\/www.iplay.com\/en\/#organization"},"potentialAction":[{"@type":"SearchAction","target":{"@type":"EntryPoint","urlTemplate":"https:\/\/www.iplay.com\/en\/?s={search_term_string}"},"query-input":{"@type":"PropertyValueSpecification","valueRequired":true,"valueName":"search_term_string"}}],"inLanguage":"de-DE"},{"@type":"Organization","@id":"https:\/\/www.iplay.com\/en\/#organization","name":"IPlay","url":"https:\/\/www.iplay.com\/en\/","logo":{"@type":"ImageObject","inLanguage":"de-DE","@id":"https:\/\/www.iplay.com\/en\/#\/schema\/logo\/image\/","url":"https:\/\/www.iplay.com\/wp-content\/uploads\/2023\/11\/Group-6100.svg","contentUrl":"https:\/\/www.iplay.com\/wp-content\/uploads\/2023\/11\/Group-6100.svg","width":98,"height":25,"caption":"IPlay"},"image":{"@id":"https:\/\/www.iplay.com\/en\/#\/schema\/logo\/image\/"}}]}},"_links":{"self":[{"href":"https:\/\/www.iplay.com\/de\/wp-json\/wp\/v2\/product\/129329","targetHints":{"allow":["GET"]}}],"collection":[{"href":"https:\/\/www.iplay.com\/de\/wp-json\/wp\/v2\/product"}],"about":[{"href":"https:\/\/www.iplay.com\/de\/wp-json\/wp\/v2\/types\/product"}],"author":[{"embeddable":true,"href":"https:\/\/www.iplay.com\/de\/wp-json\/wp\/v2\/users\/52"}],"replies":[{"embeddable":true,"href":"https:\/\/www.iplay.com\/de\/wp-json\/wp\/v2\/comments?post=129329"}],"wp:featuredmedia":[{"embeddable":true,"href":"https:\/\/www.iplay.com\/de\/wp-json\/wp\/v2\/media\/110375"}],"wp:attachment":[{"href":"https:\/\/www.iplay.com\/de\/wp-json\/wp\/v2\/media?parent=129329"}],"wp:term":[{"taxonomy":"product_brand","embeddable":true,"href":"https:\/\/www.iplay.com\/de\/wp-json\/wp\/v2\/product_brand?post=129329"},{"taxonomy":"product_cat","embeddable":true,"href":"https:\/\/www.iplay.com\/de\/wp-json\/wp\/v2\/product_cat?post=129329"},{"taxonomy":"product_tag","embeddable":true,"href":"https:\/\/www.iplay.com\/de\/wp-json\/wp\/v2\/product_tag?post=129329"}],"curies":[{"name":"wp","href":"https:\/\/api.w.org\/{rel}","templated":true}]}}