{"id":128990,"date":"2024-01-19T00:00:10","date_gmt":"2024-01-19T00:00:10","guid":{"rendered":"https:\/\/www.iplay.com\/games\/chimp-quest-spirit-isle\/"},"modified":"2025-03-27T10:20:15","modified_gmt":"2025-03-27T10:20:15","slug":"chimp-quest-spirit-isle","status":"publish","type":"product","link":"https:\/\/www.iplay.com\/de\/games\/chimp-quest-spirit-isle\/","title":{"rendered":"Chimp Quest &#8211; Spirit Isle"},"content":{"rendered":"<p>Mit Chimp Quest: Spirit Isle begibt sich eine herrliche Reise. Eine Gruppe widerstandsf\u00e4higer Affen wird auf der Suche nach einem neuen Zuhause begleitet. Ressourcen werden verwaltet, Freunde gerettet und die vielf\u00e4ltigen Biome der Insel durchquert.  <\/p>\n<p>Es werden verschiedene Affen mit faszinierenden Geschichten angetroffen, die Tiefen der Insel erkundet und uralte Ruinen entdeckt. Mojos werden gesammelt und den Geistern pr\u00e4sentiert, um ihr Vertrauen zu gewinnen. Durch die Befriedung der Geister werden die Affen dabei unterst\u00fctzt, die Insel in ein neues Zuhause f\u00fcr sie zu verwandeln.  <\/p>\n<p>Chimp Quest: Spirit Isle kombiniert charmante Erz\u00e4hlung, fesselnde Grafik und intelligentes Ressourcenmanagement.<\/p>\n<p>&nbsp;<\/p>\n<p><strong>Funktionen<\/strong><\/p>\n<ul>\n<li>F\u00fcnf atemberaubende und abwechslungsreiche Biome werden entdeckt.<\/li>\n<li>Ziele werden erreicht, Amulette gesammelt und w\u00fctende Geister bes\u00e4nftigt.<\/li>\n<li>Geheimnisse werden gel\u00fcftet und eine ber\u00fchrende Geschichte erlebt.<\/li>\n<li>Es werden Zeitmanagement-Spiele gespielt, die Leichtigkeit und Schwierigkeit ausbalancieren.<\/li>\n<li>Jedes Level wird erkundet, um geheime Kreaturen zu finden, die das Gameplay verbessern.<\/li>\n<\/ul>\n","protected":false},"excerpt":{"rendered":"<p>Erkunde die Insel und hilf Affen, ein neues Zuhause zu finden mit <strong>Chimp Quest &#8211; Spirit Isle<\/strong><\/p>\n","protected":false},"author":18,"featured_media":124529,"comment_status":"open","ping_status":"closed","template":"","meta":{"_acf_changed":false,"inline_featured_image":false},"product_brand":[],"product_cat":[217],"product_tag":[289],"class_list":{"0":"post-128990","1":"product","2":"type-product","3":"status-publish","4":"has-post-thumbnail","6":"product_cat-time-management-de","7":"product_tag-play-on-pc-de","9":"first","10":"instock","11":"shipping-taxable","12":"purchasable","13":"product-type-simple"},"acf":[],"yoast_head":"<!-- This site is optimized with the Yoast SEO Premium plugin v25.2 (Yoast SEO v25.2) - https:\/\/yoast.com\/wordpress\/plugins\/seo\/ -->\n<title>Chimp Quest - Spirit Isle - Hilf Affen, ein Zuhause zu finden<\/title>\n<meta name=\"description\" content=\"Erkunde die Insel und hilf Affen, ein neues Zuhause zu finden mit Chimp Quest - Spirit Isle\" \/>\n<meta name=\"robots\" content=\"index, follow, max-snippet:-1, max-image-preview:large, max-video-preview:-1\" \/>\n<link rel=\"canonical\" href=\"https:\/\/www.iplay.com\/de\/games\/chimp-quest-spirit-isle\/\" \/>\n<meta property=\"og:locale\" content=\"de_DE\" \/>\n<meta property=\"og:type\" content=\"article\" \/>\n<meta property=\"og:title\" content=\"Chimp Quest - Spirit Isle\" \/>\n<meta property=\"og:description\" content=\"Erkunde die Insel und hilf Affen, ein neues Zuhause zu finden mit Chimp Quest - Spirit Isle\" \/>\n<meta property=\"og:url\" content=\"https:\/\/www.iplay.com\/de\/games\/chimp-quest-spirit-isle\/\" \/>\n<meta property=\"og:site_name\" content=\"IPlay\" \/>\n<meta property=\"article:modified_time\" content=\"2025-03-27T10:20:15+00:00\" \/>\n<meta property=\"og:image\" content=\"https:\/\/www.iplay.com\/wp-content\/uploads\/2024\/01\/400x400-chimp_quest_-_spirit_isle_large_square_tile_image.webp\" \/>\n\t<meta property=\"og:image:width\" content=\"400\" \/>\n\t<meta property=\"og:image:height\" content=\"400\" \/>\n\t<meta property=\"og:image:type\" content=\"image\/webp\" \/>\n<meta name=\"twitter:card\" content=\"summary_large_image\" \/>\n<meta name=\"twitter:label1\" content=\"Gesch\u00e4tzte Lesezeit\" \/>\n\t<meta name=\"twitter:data1\" content=\"1 Minute\" \/>\n<script type=\"application\/ld+json\" class=\"yoast-schema-graph\">{\"@context\":\"https:\/\/schema.org\",\"@graph\":[{\"@type\":\"WebPage\",\"@id\":\"https:\/\/www.iplay.com\/de\/games\/chimp-quest-spirit-isle\/\",\"url\":\"https:\/\/www.iplay.com\/de\/games\/chimp-quest-spirit-isle\/\",\"name\":\"Chimp Quest - Spirit Isle - Hilf Affen, ein Zuhause zu finden\",\"isPartOf\":{\"@id\":\"https:\/\/www.iplay.com\/en\/#website\"},\"primaryImageOfPage\":{\"@id\":\"https:\/\/www.iplay.com\/de\/games\/chimp-quest-spirit-isle\/#primaryimage\"},\"image\":{\"@id\":\"https:\/\/www.iplay.com\/de\/games\/chimp-quest-spirit-isle\/#primaryimage\"},\"thumbnailUrl\":\"https:\/\/www.iplay.com\/wp-content\/uploads\/2024\/01\/400x400-chimp_quest_-_spirit_isle_large_square_tile_image.webp\",\"datePublished\":\"2024-01-19T00:00:10+00:00\",\"dateModified\":\"2025-03-27T10:20:15+00:00\",\"description\":\"Erkunde die Insel und hilf Affen, ein neues Zuhause zu finden mit Chimp Quest - Spirit Isle\",\"breadcrumb\":{\"@id\":\"https:\/\/www.iplay.com\/de\/games\/chimp-quest-spirit-isle\/#breadcrumb\"},\"inLanguage\":\"de-DE\",\"potentialAction\":[{\"@type\":\"ReadAction\",\"target\":[\"https:\/\/www.iplay.com\/de\/games\/chimp-quest-spirit-isle\/\"]}]},{\"@type\":\"ImageObject\",\"inLanguage\":\"de-DE\",\"@id\":\"https:\/\/www.iplay.com\/de\/games\/chimp-quest-spirit-isle\/#primaryimage\",\"url\":\"https:\/\/www.iplay.com\/wp-content\/uploads\/2024\/01\/400x400-chimp_quest_-_spirit_isle_large_square_tile_image.webp\",\"contentUrl\":\"https:\/\/www.iplay.com\/wp-content\/uploads\/2024\/01\/400x400-chimp_quest_-_spirit_isle_large_square_tile_image.webp\",\"width\":400,\"height\":400},{\"@type\":\"BreadcrumbList\",\"@id\":\"https:\/\/www.iplay.com\/de\/games\/chimp-quest-spirit-isle\/#breadcrumb\",\"itemListElement\":[{\"@type\":\"ListItem\",\"position\":1,\"name\":\"Home\",\"item\":\"https:\/\/www.iplay.com\/de\/home-page-2\/\"},{\"@type\":\"ListItem\",\"position\":2,\"name\":\"Shop\",\"item\":\"https:\/\/www.iplay.com\/en\/shop\/\"},{\"@type\":\"ListItem\",\"position\":3,\"name\":\"Chimp Quest &#8211; Spirit Isle\"}]},{\"@type\":\"WebSite\",\"@id\":\"https:\/\/www.iplay.com\/en\/#website\",\"url\":\"https:\/\/www.iplay.com\/en\/\",\"name\":\"IPlay\",\"description\":\"The Best Casual Games!\",\"publisher\":{\"@id\":\"https:\/\/www.iplay.com\/en\/#organization\"},\"potentialAction\":[{\"@type\":\"SearchAction\",\"target\":{\"@type\":\"EntryPoint\",\"urlTemplate\":\"https:\/\/www.iplay.com\/en\/?s={search_term_string}\"},\"query-input\":{\"@type\":\"PropertyValueSpecification\",\"valueRequired\":true,\"valueName\":\"search_term_string\"}}],\"inLanguage\":\"de-DE\"},{\"@type\":\"Organization\",\"@id\":\"https:\/\/www.iplay.com\/en\/#organization\",\"name\":\"IPlay\",\"url\":\"https:\/\/www.iplay.com\/en\/\",\"logo\":{\"@type\":\"ImageObject\",\"inLanguage\":\"de-DE\",\"@id\":\"https:\/\/www.iplay.com\/en\/#\/schema\/logo\/image\/\",\"url\":\"https:\/\/www.iplay.com\/wp-content\/uploads\/2023\/11\/Group-6100.svg\",\"contentUrl\":\"https:\/\/www.iplay.com\/wp-content\/uploads\/2023\/11\/Group-6100.svg\",\"width\":98,\"height\":25,\"caption\":\"IPlay\"},\"image\":{\"@id\":\"https:\/\/www.iplay.com\/en\/#\/schema\/logo\/image\/\"}}]}<\/script>\n<!-- \/ Yoast SEO Premium plugin. -->","yoast_head_json":{"title":"Chimp Quest - Spirit Isle - Hilf Affen, ein Zuhause zu finden","description":"Erkunde die Insel und hilf Affen, ein neues Zuhause zu finden mit Chimp Quest - Spirit Isle","robots":{"index":"index","follow":"follow","max-snippet":"max-snippet:-1","max-image-preview":"max-image-preview:large","max-video-preview":"max-video-preview:-1"},"canonical":"https:\/\/www.iplay.com\/de\/games\/chimp-quest-spirit-isle\/","og_locale":"de_DE","og_type":"article","og_title":"Chimp Quest - Spirit Isle","og_description":"Erkunde die Insel und hilf Affen, ein neues Zuhause zu finden mit Chimp Quest - Spirit Isle","og_url":"https:\/\/www.iplay.com\/de\/games\/chimp-quest-spirit-isle\/","og_site_name":"IPlay","article_modified_time":"2025-03-27T10:20:15+00:00","og_image":[{"width":400,"height":400,"url":"https:\/\/www.iplay.com\/wp-content\/uploads\/2024\/01\/400x400-chimp_quest_-_spirit_isle_large_square_tile_image.webp","type":"image\/webp"}],"twitter_card":"summary_large_image","twitter_misc":{"Gesch\u00e4tzte Lesezeit":"1 Minute"},"schema":{"@context":"https:\/\/schema.org","@graph":[{"@type":"WebPage","@id":"https:\/\/www.iplay.com\/de\/games\/chimp-quest-spirit-isle\/","url":"https:\/\/www.iplay.com\/de\/games\/chimp-quest-spirit-isle\/","name":"Chimp Quest - Spirit Isle - Hilf Affen, ein Zuhause zu finden","isPartOf":{"@id":"https:\/\/www.iplay.com\/en\/#website"},"primaryImageOfPage":{"@id":"https:\/\/www.iplay.com\/de\/games\/chimp-quest-spirit-isle\/#primaryimage"},"image":{"@id":"https:\/\/www.iplay.com\/de\/games\/chimp-quest-spirit-isle\/#primaryimage"},"thumbnailUrl":"https:\/\/www.iplay.com\/wp-content\/uploads\/2024\/01\/400x400-chimp_quest_-_spirit_isle_large_square_tile_image.webp","datePublished":"2024-01-19T00:00:10+00:00","dateModified":"2025-03-27T10:20:15+00:00","description":"Erkunde die Insel und hilf Affen, ein neues Zuhause zu finden mit Chimp Quest - Spirit Isle","breadcrumb":{"@id":"https:\/\/www.iplay.com\/de\/games\/chimp-quest-spirit-isle\/#breadcrumb"},"inLanguage":"de-DE","potentialAction":[{"@type":"ReadAction","target":["https:\/\/www.iplay.com\/de\/games\/chimp-quest-spirit-isle\/"]}]},{"@type":"ImageObject","inLanguage":"de-DE","@id":"https:\/\/www.iplay.com\/de\/games\/chimp-quest-spirit-isle\/#primaryimage","url":"https:\/\/www.iplay.com\/wp-content\/uploads\/2024\/01\/400x400-chimp_quest_-_spirit_isle_large_square_tile_image.webp","contentUrl":"https:\/\/www.iplay.com\/wp-content\/uploads\/2024\/01\/400x400-chimp_quest_-_spirit_isle_large_square_tile_image.webp","width":400,"height":400},{"@type":"BreadcrumbList","@id":"https:\/\/www.iplay.com\/de\/games\/chimp-quest-spirit-isle\/#breadcrumb","itemListElement":[{"@type":"ListItem","position":1,"name":"Home","item":"https:\/\/www.iplay.com\/de\/home-page-2\/"},{"@type":"ListItem","position":2,"name":"Shop","item":"https:\/\/www.iplay.com\/en\/shop\/"},{"@type":"ListItem","position":3,"name":"Chimp Quest &#8211; Spirit Isle"}]},{"@type":"WebSite","@id":"https:\/\/www.iplay.com\/en\/#website","url":"https:\/\/www.iplay.com\/en\/","name":"IPlay","description":"The Best Casual Games!","publisher":{"@id":"https:\/\/www.iplay.com\/en\/#organization"},"potentialAction":[{"@type":"SearchAction","target":{"@type":"EntryPoint","urlTemplate":"https:\/\/www.iplay.com\/en\/?s={search_term_string}"},"query-input":{"@type":"PropertyValueSpecification","valueRequired":true,"valueName":"search_term_string"}}],"inLanguage":"de-DE"},{"@type":"Organization","@id":"https:\/\/www.iplay.com\/en\/#organization","name":"IPlay","url":"https:\/\/www.iplay.com\/en\/","logo":{"@type":"ImageObject","inLanguage":"de-DE","@id":"https:\/\/www.iplay.com\/en\/#\/schema\/logo\/image\/","url":"https:\/\/www.iplay.com\/wp-content\/uploads\/2023\/11\/Group-6100.svg","contentUrl":"https:\/\/www.iplay.com\/wp-content\/uploads\/2023\/11\/Group-6100.svg","width":98,"height":25,"caption":"IPlay"},"image":{"@id":"https:\/\/www.iplay.com\/en\/#\/schema\/logo\/image\/"}}]}},"_links":{"self":[{"href":"https:\/\/www.iplay.com\/de\/wp-json\/wp\/v2\/product\/128990","targetHints":{"allow":["GET"]}}],"collection":[{"href":"https:\/\/www.iplay.com\/de\/wp-json\/wp\/v2\/product"}],"about":[{"href":"https:\/\/www.iplay.com\/de\/wp-json\/wp\/v2\/types\/product"}],"author":[{"embeddable":true,"href":"https:\/\/www.iplay.com\/de\/wp-json\/wp\/v2\/users\/18"}],"replies":[{"embeddable":true,"href":"https:\/\/www.iplay.com\/de\/wp-json\/wp\/v2\/comments?post=128990"}],"wp:featuredmedia":[{"embeddable":true,"href":"https:\/\/www.iplay.com\/de\/wp-json\/wp\/v2\/media\/124529"}],"wp:attachment":[{"href":"https:\/\/www.iplay.com\/de\/wp-json\/wp\/v2\/media?parent=128990"}],"wp:term":[{"taxonomy":"product_brand","embeddable":true,"href":"https:\/\/www.iplay.com\/de\/wp-json\/wp\/v2\/product_brand?post=128990"},{"taxonomy":"product_cat","embeddable":true,"href":"https:\/\/www.iplay.com\/de\/wp-json\/wp\/v2\/product_cat?post=128990"},{"taxonomy":"product_tag","embeddable":true,"href":"https:\/\/www.iplay.com\/de\/wp-json\/wp\/v2\/product_tag?post=128990"}],"curies":[{"name":"wp","href":"https:\/\/api.w.org\/{rel}","templated":true}]}}