{"id":128737,"date":"2024-02-12T00:00:17","date_gmt":"2024-02-12T00:00:17","guid":{"rendered":"https:\/\/www.iplay.com\/games\/pixel-art-perfection-volume-2\/"},"modified":"2025-03-24T16:24:05","modified_gmt":"2025-03-24T16:24:05","slug":"pixel-art-perfection-volume-2","status":"publish","type":"product","link":"https:\/\/www.iplay.com\/de\/games\/pixel-art-perfection-volume-2\/","title":{"rendered":"Pixel Art Perfection Volume 2"},"content":{"rendered":"<p>Es ist an der Zeit, Ihr Malen-nach-Zahlen-Verlangen mit Pixel Art Perfection Volume 2 zu stillen. Malen war noch nie so einfach! Es gibt keinen Druck, Farben zu w\u00e4hlen. Einfach mal entspannen und genie\u00dfen! W\u00e4hlen Sie aus einer Vielzahl von wirklich unterhaltsamen Bildern und verwenden Sie dann die Zahlen, um sie zum Leben zu erwecken.    <\/p>\n<p>&nbsp;<\/p>\n<p><strong>Funktionen<\/strong><\/p>\n<p>&nbsp;<\/p>\n<p>&#8211; F\u00fcnf tolle Pixel-Art-Spiele in einem tollen Bundle!<\/p>\n<p>&#8211; Pixel Art 6 &#8211; Pixel Art 7 &#8211; Pixel Art 8 &#8211; Pixel Art 9 &#8211; Pixel Art 10<\/p>\n<p>&#8211; Hunderte von Bildern zum Vervollst\u00e4ndigen<\/p>\n<p>&#8211; Stunden um Stunden der Entspannung und des Spa\u00dfes!<\/p>\n","protected":false},"excerpt":{"rendered":"<p>Meistern Sie alle F\u00e4higkeiten, die Sie ben\u00f6tigen, um ein Meister bei Malen nach Zahlen zu werden, mit Pixel Art Perfection Vol. 2! <\/p>\n","protected":false},"author":21,"featured_media":124605,"comment_status":"open","ping_status":"closed","template":"","meta":{"_acf_changed":false,"inline_featured_image":false},"product_brand":[],"product_cat":[185],"product_tag":[282,289],"class_list":{"0":"post-128737","1":"product","2":"type-product","3":"status-publish","4":"has-post-thumbnail","6":"product_cat-paint-by-numbers-series-de","7":"product_tag-pixel-art-series-de","8":"product_tag-play-on-pc-de","10":"first","11":"instock","12":"shipping-taxable","13":"purchasable","14":"product-type-simple"},"acf":[],"yoast_head":"<!-- This site is optimized with the Yoast SEO Premium plugin v25.2 (Yoast SEO v25.2) - https:\/\/yoast.com\/wordpress\/plugins\/seo\/ -->\n<title>Pixel Art Perfection Volume 2 - Malen nach Zahlen mit Pixel Art Perfection Vol. 2<\/title>\n<meta name=\"description\" content=\"Meistern Sie alle F\u00e4higkeiten, die Sie ben\u00f6tigen, um ein Meister bei Malen nach Zahlen zu werden, mit Pixel Art Perfection Vol. 2!\" \/>\n<meta name=\"robots\" content=\"index, follow, max-snippet:-1, max-image-preview:large, max-video-preview:-1\" \/>\n<link rel=\"canonical\" href=\"https:\/\/www.iplay.com\/de\/games\/pixel-art-perfection-volume-2\/\" \/>\n<meta property=\"og:locale\" content=\"de_DE\" \/>\n<meta property=\"og:type\" content=\"article\" \/>\n<meta property=\"og:title\" content=\"Pixel Art Perfection Volume 2\" \/>\n<meta property=\"og:description\" content=\"Meistern Sie alle F\u00e4higkeiten, die Sie ben\u00f6tigen, um ein Meister bei Malen nach Zahlen zu werden, mit Pixel Art Perfection Vol. 2!\" \/>\n<meta property=\"og:url\" content=\"https:\/\/www.iplay.com\/de\/games\/pixel-art-perfection-volume-2\/\" \/>\n<meta property=\"og:site_name\" content=\"IPlay\" \/>\n<meta property=\"article:modified_time\" content=\"2025-03-24T16:24:05+00:00\" \/>\n<meta property=\"og:image\" content=\"https:\/\/www.iplay.com\/wp-content\/uploads\/2024\/02\/400x400-pixel_art_perfection_volume_2_large_square_tile_image.webp\" \/>\n\t<meta property=\"og:image:width\" content=\"400\" \/>\n\t<meta property=\"og:image:height\" content=\"400\" \/>\n\t<meta property=\"og:image:type\" content=\"image\/webp\" \/>\n<meta name=\"twitter:card\" content=\"summary_large_image\" \/>\n<meta name=\"twitter:label1\" content=\"Gesch\u00e4tzte Lesezeit\" \/>\n\t<meta name=\"twitter:data1\" content=\"1 Minute\" \/>\n<script type=\"application\/ld+json\" class=\"yoast-schema-graph\">{\"@context\":\"https:\/\/schema.org\",\"@graph\":[{\"@type\":\"WebPage\",\"@id\":\"https:\/\/www.iplay.com\/de\/games\/pixel-art-perfection-volume-2\/\",\"url\":\"https:\/\/www.iplay.com\/de\/games\/pixel-art-perfection-volume-2\/\",\"name\":\"Pixel Art Perfection Volume 2 - Malen nach Zahlen mit Pixel Art Perfection Vol. 2\",\"isPartOf\":{\"@id\":\"https:\/\/www.iplay.com\/en\/#website\"},\"primaryImageOfPage\":{\"@id\":\"https:\/\/www.iplay.com\/de\/games\/pixel-art-perfection-volume-2\/#primaryimage\"},\"image\":{\"@id\":\"https:\/\/www.iplay.com\/de\/games\/pixel-art-perfection-volume-2\/#primaryimage\"},\"thumbnailUrl\":\"https:\/\/www.iplay.com\/wp-content\/uploads\/2024\/02\/400x400-pixel_art_perfection_volume_2_large_square_tile_image.webp\",\"datePublished\":\"2024-02-12T00:00:17+00:00\",\"dateModified\":\"2025-03-24T16:24:05+00:00\",\"description\":\"Meistern Sie alle F\u00e4higkeiten, die Sie ben\u00f6tigen, um ein Meister bei Malen nach Zahlen zu werden, mit Pixel Art Perfection Vol. 2!\",\"breadcrumb\":{\"@id\":\"https:\/\/www.iplay.com\/de\/games\/pixel-art-perfection-volume-2\/#breadcrumb\"},\"inLanguage\":\"de-DE\",\"potentialAction\":[{\"@type\":\"ReadAction\",\"target\":[\"https:\/\/www.iplay.com\/de\/games\/pixel-art-perfection-volume-2\/\"]}]},{\"@type\":\"ImageObject\",\"inLanguage\":\"de-DE\",\"@id\":\"https:\/\/www.iplay.com\/de\/games\/pixel-art-perfection-volume-2\/#primaryimage\",\"url\":\"https:\/\/www.iplay.com\/wp-content\/uploads\/2024\/02\/400x400-pixel_art_perfection_volume_2_large_square_tile_image.webp\",\"contentUrl\":\"https:\/\/www.iplay.com\/wp-content\/uploads\/2024\/02\/400x400-pixel_art_perfection_volume_2_large_square_tile_image.webp\",\"width\":400,\"height\":400},{\"@type\":\"BreadcrumbList\",\"@id\":\"https:\/\/www.iplay.com\/de\/games\/pixel-art-perfection-volume-2\/#breadcrumb\",\"itemListElement\":[{\"@type\":\"ListItem\",\"position\":1,\"name\":\"Home\",\"item\":\"https:\/\/www.iplay.com\/de\/home-page-2\/\"},{\"@type\":\"ListItem\",\"position\":2,\"name\":\"Shop\",\"item\":\"https:\/\/www.iplay.com\/en\/shop\/\"},{\"@type\":\"ListItem\",\"position\":3,\"name\":\"Pixel Art Perfection Volume 2\"}]},{\"@type\":\"WebSite\",\"@id\":\"https:\/\/www.iplay.com\/en\/#website\",\"url\":\"https:\/\/www.iplay.com\/en\/\",\"name\":\"IPlay\",\"description\":\"The Best Casual Games!\",\"publisher\":{\"@id\":\"https:\/\/www.iplay.com\/en\/#organization\"},\"potentialAction\":[{\"@type\":\"SearchAction\",\"target\":{\"@type\":\"EntryPoint\",\"urlTemplate\":\"https:\/\/www.iplay.com\/en\/?s={search_term_string}\"},\"query-input\":{\"@type\":\"PropertyValueSpecification\",\"valueRequired\":true,\"valueName\":\"search_term_string\"}}],\"inLanguage\":\"de-DE\"},{\"@type\":\"Organization\",\"@id\":\"https:\/\/www.iplay.com\/en\/#organization\",\"name\":\"IPlay\",\"url\":\"https:\/\/www.iplay.com\/en\/\",\"logo\":{\"@type\":\"ImageObject\",\"inLanguage\":\"de-DE\",\"@id\":\"https:\/\/www.iplay.com\/en\/#\/schema\/logo\/image\/\",\"url\":\"https:\/\/www.iplay.com\/wp-content\/uploads\/2023\/11\/Group-6100.svg\",\"contentUrl\":\"https:\/\/www.iplay.com\/wp-content\/uploads\/2023\/11\/Group-6100.svg\",\"width\":98,\"height\":25,\"caption\":\"IPlay\"},\"image\":{\"@id\":\"https:\/\/www.iplay.com\/en\/#\/schema\/logo\/image\/\"}}]}<\/script>\n<!-- \/ Yoast SEO Premium plugin. -->","yoast_head_json":{"title":"Pixel Art Perfection Volume 2 - Malen nach Zahlen mit Pixel Art Perfection Vol. 2","description":"Meistern Sie alle F\u00e4higkeiten, die Sie ben\u00f6tigen, um ein Meister bei Malen nach Zahlen zu werden, mit Pixel Art Perfection Vol. 2!","robots":{"index":"index","follow":"follow","max-snippet":"max-snippet:-1","max-image-preview":"max-image-preview:large","max-video-preview":"max-video-preview:-1"},"canonical":"https:\/\/www.iplay.com\/de\/games\/pixel-art-perfection-volume-2\/","og_locale":"de_DE","og_type":"article","og_title":"Pixel Art Perfection Volume 2","og_description":"Meistern Sie alle F\u00e4higkeiten, die Sie ben\u00f6tigen, um ein Meister bei Malen nach Zahlen zu werden, mit Pixel Art Perfection Vol. 2!","og_url":"https:\/\/www.iplay.com\/de\/games\/pixel-art-perfection-volume-2\/","og_site_name":"IPlay","article_modified_time":"2025-03-24T16:24:05+00:00","og_image":[{"width":400,"height":400,"url":"https:\/\/www.iplay.com\/wp-content\/uploads\/2024\/02\/400x400-pixel_art_perfection_volume_2_large_square_tile_image.webp","type":"image\/webp"}],"twitter_card":"summary_large_image","twitter_misc":{"Gesch\u00e4tzte Lesezeit":"1 Minute"},"schema":{"@context":"https:\/\/schema.org","@graph":[{"@type":"WebPage","@id":"https:\/\/www.iplay.com\/de\/games\/pixel-art-perfection-volume-2\/","url":"https:\/\/www.iplay.com\/de\/games\/pixel-art-perfection-volume-2\/","name":"Pixel Art Perfection Volume 2 - Malen nach Zahlen mit Pixel Art Perfection Vol. 2","isPartOf":{"@id":"https:\/\/www.iplay.com\/en\/#website"},"primaryImageOfPage":{"@id":"https:\/\/www.iplay.com\/de\/games\/pixel-art-perfection-volume-2\/#primaryimage"},"image":{"@id":"https:\/\/www.iplay.com\/de\/games\/pixel-art-perfection-volume-2\/#primaryimage"},"thumbnailUrl":"https:\/\/www.iplay.com\/wp-content\/uploads\/2024\/02\/400x400-pixel_art_perfection_volume_2_large_square_tile_image.webp","datePublished":"2024-02-12T00:00:17+00:00","dateModified":"2025-03-24T16:24:05+00:00","description":"Meistern Sie alle F\u00e4higkeiten, die Sie ben\u00f6tigen, um ein Meister bei Malen nach Zahlen zu werden, mit Pixel Art Perfection Vol. 2!","breadcrumb":{"@id":"https:\/\/www.iplay.com\/de\/games\/pixel-art-perfection-volume-2\/#breadcrumb"},"inLanguage":"de-DE","potentialAction":[{"@type":"ReadAction","target":["https:\/\/www.iplay.com\/de\/games\/pixel-art-perfection-volume-2\/"]}]},{"@type":"ImageObject","inLanguage":"de-DE","@id":"https:\/\/www.iplay.com\/de\/games\/pixel-art-perfection-volume-2\/#primaryimage","url":"https:\/\/www.iplay.com\/wp-content\/uploads\/2024\/02\/400x400-pixel_art_perfection_volume_2_large_square_tile_image.webp","contentUrl":"https:\/\/www.iplay.com\/wp-content\/uploads\/2024\/02\/400x400-pixel_art_perfection_volume_2_large_square_tile_image.webp","width":400,"height":400},{"@type":"BreadcrumbList","@id":"https:\/\/www.iplay.com\/de\/games\/pixel-art-perfection-volume-2\/#breadcrumb","itemListElement":[{"@type":"ListItem","position":1,"name":"Home","item":"https:\/\/www.iplay.com\/de\/home-page-2\/"},{"@type":"ListItem","position":2,"name":"Shop","item":"https:\/\/www.iplay.com\/en\/shop\/"},{"@type":"ListItem","position":3,"name":"Pixel Art Perfection Volume 2"}]},{"@type":"WebSite","@id":"https:\/\/www.iplay.com\/en\/#website","url":"https:\/\/www.iplay.com\/en\/","name":"IPlay","description":"The Best Casual Games!","publisher":{"@id":"https:\/\/www.iplay.com\/en\/#organization"},"potentialAction":[{"@type":"SearchAction","target":{"@type":"EntryPoint","urlTemplate":"https:\/\/www.iplay.com\/en\/?s={search_term_string}"},"query-input":{"@type":"PropertyValueSpecification","valueRequired":true,"valueName":"search_term_string"}}],"inLanguage":"de-DE"},{"@type":"Organization","@id":"https:\/\/www.iplay.com\/en\/#organization","name":"IPlay","url":"https:\/\/www.iplay.com\/en\/","logo":{"@type":"ImageObject","inLanguage":"de-DE","@id":"https:\/\/www.iplay.com\/en\/#\/schema\/logo\/image\/","url":"https:\/\/www.iplay.com\/wp-content\/uploads\/2023\/11\/Group-6100.svg","contentUrl":"https:\/\/www.iplay.com\/wp-content\/uploads\/2023\/11\/Group-6100.svg","width":98,"height":25,"caption":"IPlay"},"image":{"@id":"https:\/\/www.iplay.com\/en\/#\/schema\/logo\/image\/"}}]}},"_links":{"self":[{"href":"https:\/\/www.iplay.com\/de\/wp-json\/wp\/v2\/product\/128737","targetHints":{"allow":["GET"]}}],"collection":[{"href":"https:\/\/www.iplay.com\/de\/wp-json\/wp\/v2\/product"}],"about":[{"href":"https:\/\/www.iplay.com\/de\/wp-json\/wp\/v2\/types\/product"}],"author":[{"embeddable":true,"href":"https:\/\/www.iplay.com\/de\/wp-json\/wp\/v2\/users\/21"}],"replies":[{"embeddable":true,"href":"https:\/\/www.iplay.com\/de\/wp-json\/wp\/v2\/comments?post=128737"}],"wp:featuredmedia":[{"embeddable":true,"href":"https:\/\/www.iplay.com\/de\/wp-json\/wp\/v2\/media\/124605"}],"wp:attachment":[{"href":"https:\/\/www.iplay.com\/de\/wp-json\/wp\/v2\/media?parent=128737"}],"wp:term":[{"taxonomy":"product_brand","embeddable":true,"href":"https:\/\/www.iplay.com\/de\/wp-json\/wp\/v2\/product_brand?post=128737"},{"taxonomy":"product_cat","embeddable":true,"href":"https:\/\/www.iplay.com\/de\/wp-json\/wp\/v2\/product_cat?post=128737"},{"taxonomy":"product_tag","embeddable":true,"href":"https:\/\/www.iplay.com\/de\/wp-json\/wp\/v2\/product_tag?post=128737"}],"curies":[{"name":"wp","href":"https:\/\/api.w.org\/{rel}","templated":true}]}}