{"id":128727,"date":"2024-02-23T00:00:18","date_gmt":"2024-02-23T00:00:18","guid":{"rendered":"https:\/\/www.iplay.com\/games\/alchemy-odyssey-rise-of-shadows\/"},"modified":"2024-02-23T00:00:18","modified_gmt":"2024-02-23T00:00:18","slug":"alchemy-odyssey-rise-of-shadows","status":"publish","type":"product","link":"https:\/\/www.iplay.com\/de\/games\/alchemy-odyssey-rise-of-shadows\/","title":{"rendered":"Alchemy Odyssey: Rise of Shadows"},"content":{"rendered":"<p>Begib dich auf ein unglaubliches Abenteuer in einem magischen Reich, das von den b\u00f6sen M\u00e4chten des Totenbeschw\u00f6rers belagert wird. Elara, Neria, Brogar und ihre Verb\u00fcndeten werden begleitet, w\u00e4hrend sie sich ihrer Geschichte stellen und danach streben, die Elementarreiche zu vereinen. Verschiedene Umgebungen werden durchquert, Ahnengeister werden bek\u00e4mpft und die Geheimnisse verzauberter Schmieden gel\u00fcftet. Es werden Koalitionen mit Hobbits, Orks, Zwergen und Elfen gebildet, um der wachsenden Bedrohung durch den Totenbeschw\u00f6rer entgegenzuwirken. Die komplizierte Handlung wird absorbiert, w\u00e4hrend Match-3-R\u00e4tsel gel\u00f6st werden, um die Tiefe der Handlung und die Ursache der Dunkelheit aufzudecken.    <\/p>\n<p>&nbsp;<\/p>\n<p><strong>Funktionen<\/strong><\/p>\n<p>&nbsp;<\/p>\n<p>&#8211; Elaras Reise wird in einer fesselnden Geschichte verfolgt.<\/p>\n<p>&#8211; Es gibt eine Vielzahl von Charakteren, von denen jeder \u00fcber besondere Talente verf\u00fcgt.<\/p>\n<p>&#8211; Es werden Probleme gel\u00f6st, um Materialien zu erhalten und verf\u00fcgbare Verbesserungen freizuschalten.<\/p>\n<p>&#8211; Exquisit gestaltete Levels<\/p>\n<p>&#8211; Legend\u00e4re Verbesserungen werden in mehreren Kapiteln entdeckt und genutzt.<\/p>\n","protected":false},"excerpt":{"rendered":"<p>Begib dich mit Alchemy Odyssey: Rise of Shadows auf eine magische Reise in ein fantastisches Land<\/p>\n","protected":false},"author":42,"featured_media":124493,"comment_status":"open","ping_status":"closed","template":"","meta":{"_acf_changed":false,"inline_featured_image":false},"product_brand":[],"product_cat":[176],"product_tag":[289],"class_list":{"0":"post-128727","1":"product","2":"type-product","3":"status-publish","4":"has-post-thumbnail","6":"product_cat-match-3-de","7":"product_tag-play-on-pc-de","9":"first","10":"instock","11":"shipping-taxable","12":"purchasable","13":"product-type-simple"},"acf":[],"yoast_head":"<!-- This site is optimized with the Yoast SEO Premium plugin v25.2 (Yoast SEO v25.2) - https:\/\/yoast.com\/wordpress\/plugins\/seo\/ -->\n<title>Alchemy Odyssey: Rise of Shadows - Begib dich auf eine magische Reise in ein fantastisches Land<\/title>\n<meta name=\"description\" content=\"Begib dich mit Alchemy Odyssey: Rise of Shadows auf eine magische Reise in ein fantastisches Land\" \/>\n<meta name=\"robots\" content=\"index, follow, max-snippet:-1, max-image-preview:large, max-video-preview:-1\" \/>\n<link rel=\"canonical\" href=\"https:\/\/www.iplay.com\/de\/games\/alchemy-odyssey-rise-of-shadows\/\" \/>\n<meta property=\"og:locale\" content=\"de_DE\" \/>\n<meta property=\"og:type\" content=\"article\" \/>\n<meta property=\"og:title\" content=\"Alchemy Odyssey: Rise of Shadows\" \/>\n<meta property=\"og:description\" content=\"Begib dich mit Alchemy Odyssey: Rise of Shadows auf eine magische Reise in ein fantastisches Land\" \/>\n<meta property=\"og:url\" content=\"https:\/\/www.iplay.com\/de\/games\/alchemy-odyssey-rise-of-shadows\/\" \/>\n<meta property=\"og:site_name\" content=\"IPlay\" \/>\n<meta property=\"og:image\" content=\"https:\/\/www.iplay.com\/wp-content\/uploads\/2024\/02\/400x400-alchemy_odyssey_-_rise_of_shadows_large_square_tile_image.webp\" \/>\n\t<meta property=\"og:image:width\" content=\"400\" \/>\n\t<meta property=\"og:image:height\" content=\"400\" \/>\n\t<meta property=\"og:image:type\" content=\"image\/webp\" \/>\n<meta name=\"twitter:card\" content=\"summary_large_image\" \/>\n<meta name=\"twitter:label1\" content=\"Gesch\u00e4tzte Lesezeit\" \/>\n\t<meta name=\"twitter:data1\" content=\"1 Minute\" \/>\n<script type=\"application\/ld+json\" class=\"yoast-schema-graph\">{\"@context\":\"https:\/\/schema.org\",\"@graph\":[{\"@type\":\"WebPage\",\"@id\":\"https:\/\/www.iplay.com\/de\/games\/alchemy-odyssey-rise-of-shadows\/\",\"url\":\"https:\/\/www.iplay.com\/de\/games\/alchemy-odyssey-rise-of-shadows\/\",\"name\":\"Alchemy Odyssey: Rise of Shadows - Begib dich auf eine magische Reise in ein fantastisches Land\",\"isPartOf\":{\"@id\":\"https:\/\/www.iplay.com\/en\/#website\"},\"primaryImageOfPage\":{\"@id\":\"https:\/\/www.iplay.com\/de\/games\/alchemy-odyssey-rise-of-shadows\/#primaryimage\"},\"image\":{\"@id\":\"https:\/\/www.iplay.com\/de\/games\/alchemy-odyssey-rise-of-shadows\/#primaryimage\"},\"thumbnailUrl\":\"https:\/\/www.iplay.com\/wp-content\/uploads\/2024\/02\/400x400-alchemy_odyssey_-_rise_of_shadows_large_square_tile_image.webp\",\"datePublished\":\"2024-02-23T00:00:18+00:00\",\"description\":\"Begib dich mit Alchemy Odyssey: Rise of Shadows auf eine magische Reise in ein fantastisches Land\",\"breadcrumb\":{\"@id\":\"https:\/\/www.iplay.com\/de\/games\/alchemy-odyssey-rise-of-shadows\/#breadcrumb\"},\"inLanguage\":\"de-DE\",\"potentialAction\":[{\"@type\":\"ReadAction\",\"target\":[\"https:\/\/www.iplay.com\/de\/games\/alchemy-odyssey-rise-of-shadows\/\"]}]},{\"@type\":\"ImageObject\",\"inLanguage\":\"de-DE\",\"@id\":\"https:\/\/www.iplay.com\/de\/games\/alchemy-odyssey-rise-of-shadows\/#primaryimage\",\"url\":\"https:\/\/www.iplay.com\/wp-content\/uploads\/2024\/02\/400x400-alchemy_odyssey_-_rise_of_shadows_large_square_tile_image.webp\",\"contentUrl\":\"https:\/\/www.iplay.com\/wp-content\/uploads\/2024\/02\/400x400-alchemy_odyssey_-_rise_of_shadows_large_square_tile_image.webp\",\"width\":400,\"height\":400},{\"@type\":\"BreadcrumbList\",\"@id\":\"https:\/\/www.iplay.com\/de\/games\/alchemy-odyssey-rise-of-shadows\/#breadcrumb\",\"itemListElement\":[{\"@type\":\"ListItem\",\"position\":1,\"name\":\"Home\",\"item\":\"https:\/\/www.iplay.com\/de\/home-page-2\/\"},{\"@type\":\"ListItem\",\"position\":2,\"name\":\"Shop\",\"item\":\"https:\/\/www.iplay.com\/en\/shop\/\"},{\"@type\":\"ListItem\",\"position\":3,\"name\":\"Alchemy Odyssey: Rise of Shadows\"}]},{\"@type\":\"WebSite\",\"@id\":\"https:\/\/www.iplay.com\/en\/#website\",\"url\":\"https:\/\/www.iplay.com\/en\/\",\"name\":\"IPlay\",\"description\":\"The Best Casual Games!\",\"publisher\":{\"@id\":\"https:\/\/www.iplay.com\/en\/#organization\"},\"potentialAction\":[{\"@type\":\"SearchAction\",\"target\":{\"@type\":\"EntryPoint\",\"urlTemplate\":\"https:\/\/www.iplay.com\/en\/?s={search_term_string}\"},\"query-input\":{\"@type\":\"PropertyValueSpecification\",\"valueRequired\":true,\"valueName\":\"search_term_string\"}}],\"inLanguage\":\"de-DE\"},{\"@type\":\"Organization\",\"@id\":\"https:\/\/www.iplay.com\/en\/#organization\",\"name\":\"IPlay\",\"url\":\"https:\/\/www.iplay.com\/en\/\",\"logo\":{\"@type\":\"ImageObject\",\"inLanguage\":\"de-DE\",\"@id\":\"https:\/\/www.iplay.com\/en\/#\/schema\/logo\/image\/\",\"url\":\"https:\/\/www.iplay.com\/wp-content\/uploads\/2023\/11\/Group-6100.svg\",\"contentUrl\":\"https:\/\/www.iplay.com\/wp-content\/uploads\/2023\/11\/Group-6100.svg\",\"width\":98,\"height\":25,\"caption\":\"IPlay\"},\"image\":{\"@id\":\"https:\/\/www.iplay.com\/en\/#\/schema\/logo\/image\/\"}}]}<\/script>\n<!-- \/ Yoast SEO Premium plugin. -->","yoast_head_json":{"title":"Alchemy Odyssey: Rise of Shadows - Begib dich auf eine magische Reise in ein fantastisches Land","description":"Begib dich mit Alchemy Odyssey: Rise of Shadows auf eine magische Reise in ein fantastisches Land","robots":{"index":"index","follow":"follow","max-snippet":"max-snippet:-1","max-image-preview":"max-image-preview:large","max-video-preview":"max-video-preview:-1"},"canonical":"https:\/\/www.iplay.com\/de\/games\/alchemy-odyssey-rise-of-shadows\/","og_locale":"de_DE","og_type":"article","og_title":"Alchemy Odyssey: Rise of Shadows","og_description":"Begib dich mit Alchemy Odyssey: Rise of Shadows auf eine magische Reise in ein fantastisches Land","og_url":"https:\/\/www.iplay.com\/de\/games\/alchemy-odyssey-rise-of-shadows\/","og_site_name":"IPlay","og_image":[{"width":400,"height":400,"url":"https:\/\/www.iplay.com\/wp-content\/uploads\/2024\/02\/400x400-alchemy_odyssey_-_rise_of_shadows_large_square_tile_image.webp","type":"image\/webp"}],"twitter_card":"summary_large_image","twitter_misc":{"Gesch\u00e4tzte Lesezeit":"1 Minute"},"schema":{"@context":"https:\/\/schema.org","@graph":[{"@type":"WebPage","@id":"https:\/\/www.iplay.com\/de\/games\/alchemy-odyssey-rise-of-shadows\/","url":"https:\/\/www.iplay.com\/de\/games\/alchemy-odyssey-rise-of-shadows\/","name":"Alchemy Odyssey: Rise of Shadows - Begib dich auf eine magische Reise in ein fantastisches Land","isPartOf":{"@id":"https:\/\/www.iplay.com\/en\/#website"},"primaryImageOfPage":{"@id":"https:\/\/www.iplay.com\/de\/games\/alchemy-odyssey-rise-of-shadows\/#primaryimage"},"image":{"@id":"https:\/\/www.iplay.com\/de\/games\/alchemy-odyssey-rise-of-shadows\/#primaryimage"},"thumbnailUrl":"https:\/\/www.iplay.com\/wp-content\/uploads\/2024\/02\/400x400-alchemy_odyssey_-_rise_of_shadows_large_square_tile_image.webp","datePublished":"2024-02-23T00:00:18+00:00","description":"Begib dich mit Alchemy Odyssey: Rise of Shadows auf eine magische Reise in ein fantastisches Land","breadcrumb":{"@id":"https:\/\/www.iplay.com\/de\/games\/alchemy-odyssey-rise-of-shadows\/#breadcrumb"},"inLanguage":"de-DE","potentialAction":[{"@type":"ReadAction","target":["https:\/\/www.iplay.com\/de\/games\/alchemy-odyssey-rise-of-shadows\/"]}]},{"@type":"ImageObject","inLanguage":"de-DE","@id":"https:\/\/www.iplay.com\/de\/games\/alchemy-odyssey-rise-of-shadows\/#primaryimage","url":"https:\/\/www.iplay.com\/wp-content\/uploads\/2024\/02\/400x400-alchemy_odyssey_-_rise_of_shadows_large_square_tile_image.webp","contentUrl":"https:\/\/www.iplay.com\/wp-content\/uploads\/2024\/02\/400x400-alchemy_odyssey_-_rise_of_shadows_large_square_tile_image.webp","width":400,"height":400},{"@type":"BreadcrumbList","@id":"https:\/\/www.iplay.com\/de\/games\/alchemy-odyssey-rise-of-shadows\/#breadcrumb","itemListElement":[{"@type":"ListItem","position":1,"name":"Home","item":"https:\/\/www.iplay.com\/de\/home-page-2\/"},{"@type":"ListItem","position":2,"name":"Shop","item":"https:\/\/www.iplay.com\/en\/shop\/"},{"@type":"ListItem","position":3,"name":"Alchemy Odyssey: Rise of Shadows"}]},{"@type":"WebSite","@id":"https:\/\/www.iplay.com\/en\/#website","url":"https:\/\/www.iplay.com\/en\/","name":"IPlay","description":"The Best Casual Games!","publisher":{"@id":"https:\/\/www.iplay.com\/en\/#organization"},"potentialAction":[{"@type":"SearchAction","target":{"@type":"EntryPoint","urlTemplate":"https:\/\/www.iplay.com\/en\/?s={search_term_string}"},"query-input":{"@type":"PropertyValueSpecification","valueRequired":true,"valueName":"search_term_string"}}],"inLanguage":"de-DE"},{"@type":"Organization","@id":"https:\/\/www.iplay.com\/en\/#organization","name":"IPlay","url":"https:\/\/www.iplay.com\/en\/","logo":{"@type":"ImageObject","inLanguage":"de-DE","@id":"https:\/\/www.iplay.com\/en\/#\/schema\/logo\/image\/","url":"https:\/\/www.iplay.com\/wp-content\/uploads\/2023\/11\/Group-6100.svg","contentUrl":"https:\/\/www.iplay.com\/wp-content\/uploads\/2023\/11\/Group-6100.svg","width":98,"height":25,"caption":"IPlay"},"image":{"@id":"https:\/\/www.iplay.com\/en\/#\/schema\/logo\/image\/"}}]}},"_links":{"self":[{"href":"https:\/\/www.iplay.com\/de\/wp-json\/wp\/v2\/product\/128727","targetHints":{"allow":["GET"]}}],"collection":[{"href":"https:\/\/www.iplay.com\/de\/wp-json\/wp\/v2\/product"}],"about":[{"href":"https:\/\/www.iplay.com\/de\/wp-json\/wp\/v2\/types\/product"}],"author":[{"embeddable":true,"href":"https:\/\/www.iplay.com\/de\/wp-json\/wp\/v2\/users\/42"}],"replies":[{"embeddable":true,"href":"https:\/\/www.iplay.com\/de\/wp-json\/wp\/v2\/comments?post=128727"}],"wp:featuredmedia":[{"embeddable":true,"href":"https:\/\/www.iplay.com\/de\/wp-json\/wp\/v2\/media\/124493"}],"wp:attachment":[{"href":"https:\/\/www.iplay.com\/de\/wp-json\/wp\/v2\/media?parent=128727"}],"wp:term":[{"taxonomy":"product_brand","embeddable":true,"href":"https:\/\/www.iplay.com\/de\/wp-json\/wp\/v2\/product_brand?post=128727"},{"taxonomy":"product_cat","embeddable":true,"href":"https:\/\/www.iplay.com\/de\/wp-json\/wp\/v2\/product_cat?post=128727"},{"taxonomy":"product_tag","embeddable":true,"href":"https:\/\/www.iplay.com\/de\/wp-json\/wp\/v2\/product_tag?post=128727"}],"curies":[{"name":"wp","href":"https:\/\/api.w.org\/{rel}","templated":true}]}}