{"id":128704,"date":"2025-03-24T09:30:41","date_gmt":"2025-03-24T09:30:41","guid":{"rendered":"https:\/\/www.iplay.com\/games\/hedgehogs-adventure-3\/"},"modified":"2025-03-24T09:30:41","modified_gmt":"2025-03-24T09:30:41","slug":"hedgehogs-adventure-3","status":"publish","type":"product","link":"https:\/\/www.iplay.com\/de\/games\/hedgehogs-adventure-3\/","title":{"rendered":"Hedgehogs Adventure 3"},"content":{"rendered":"<p>Eine frostige Jahreszeit voller bezaubernder Abenteuer erwartet Hedgehog und seine Waldgef\u00e4hrten! Wenn der Wald mit Winterschnee bedeckt ist, werden von den Tierfreunden neue Aktivit\u00e4ten unternommen. Der \u00fcberwinternde B\u00e4r muss geweckt werden, pr\u00e4chtige Schneefestungen werden gebaut und der perfekte Schneemann wird mit Sorgfalt hergestellt.<br \/>\nInspiration f\u00fcr entz\u00fcckende \u00dcberraschungen bringt ein herzerw\u00e4rmender Besuch von Igels Gro\u00dfmutter. Anschlie\u00dfend wird von der gesamten Gruppe eine aufregende Expedition zum Nordpol unternommen, bei der faszinierende arktische Tiere angetroffen und die faszinierenden Polarlichter bestaunt werden. Wenn Weihnachten n\u00e4her r\u00fcckt, werden gemeinsam die Vorbereitungen f\u00fcr die Feierlichkeiten getroffen, ein funkelnder Baum geschm\u00fcckt und magische Geschenke vom Weihnachtsmann pers\u00f6nlich ausgepackt!<br \/>\nIhre F\u00e4higkeiten werden durch diese charmante Reise durch eine Reihe von R\u00e4tseln und Minispielen gesch\u00e4rft, die von Spielern jeden Alters genossen werden.<\/p>\n<p>&nbsp;<\/p>\n<p><strong>Funktionen<\/strong><\/p>\n<ul>\n<li>Logik, Aufmerksamkeit und Ged\u00e4chtnis werden durch Gehirntrainingsaktivit\u00e4ten trainiert<\/li>\n<li>Stundenlange Unterhaltung wird durch verschiedene Herausforderungen entdeckt, darunter:\n<ul>\n<li>Identische Schneeflocken werden gefunden<\/li>\n<li>Labyrinthe werden navigiert<\/li>\n<li>Der Freund, der die meisten Br\u00f6tchen gegessen hat, wird erraten<\/li>\n<\/ul>\n<\/li>\n<li>Der Weihnachtsmann wird bei der Suche nach dem richtigen Haus unterst\u00fctzt<\/li>\n<li>Musikinstrumente werden zur\u00fcckgerufen<\/li>\n<li>Der beste Skater der Gruppe steht fest<\/li>\n<li>Sudoku-R\u00e4tsel sind gel\u00f6st<\/li>\n<li>Die Schalmuster sind fertig<\/li>\n<li>Speicherkarten sind aufeinander abgestimmt<\/li>\n<li>\n<\/li>\n<\/ul>\n<p>Die Wintersaison wird mit festlicher Stimmung und skurrilen Handlungsstr\u00e4ngen gefeiert, die von Spielern jeden Alters gesch\u00e4tzt werden!<\/p>\n","protected":false},"excerpt":{"rendered":"<p>Erlebe den Winterzauber, w\u00e4hrend du dich Hedgehog und seinen Gef\u00e4hrten anschlie\u00dft, um charmante R\u00e4tsel in diesem herzerw\u00e4rmenden Abenteuer zu l\u00f6sen, das verschneite Eskapaden zelebriert.<\/p>\n","protected":false},"author":320,"featured_media":128630,"comment_status":"open","ping_status":"closed","template":"","meta":{"_acf_changed":false,"inline_featured_image":false},"product_brand":[],"product_cat":[194,201],"product_tag":[289],"class_list":{"0":"post-128704","1":"product","2":"type-product","3":"status-publish","4":"has-post-thumbnail","6":"product_cat-puzzle-de","7":"product_cat-removed-content-de","8":"product_tag-play-on-pc-de","10":"first","11":"instock","12":"shipping-taxable","13":"purchasable","14":"product-type-simple"},"acf":[],"yoast_head":"<!-- This site is optimized with the Yoast SEO Premium plugin v25.2 (Yoast SEO v25.2) - https:\/\/yoast.com\/wordpress\/plugins\/seo\/ -->\n<title>Hedgehogs Adventure 3: Gem\u00fctliches Winter-Puzzlespiel mit Freunden<\/title>\n<meta name=\"description\" content=\"Erlebe den Winterzauber, w\u00e4hrend du dich Hedgehog und seinen Gef\u00e4hrten anschlie\u00dft, um charmante R\u00e4tsel in diesem herzerw\u00e4rmenden Abenteuer zu l\u00f6sen, das verschneite Eskapaden zelebriert.\" \/>\n<meta name=\"robots\" content=\"index, follow, max-snippet:-1, max-image-preview:large, max-video-preview:-1\" \/>\n<link rel=\"canonical\" href=\"https:\/\/www.iplay.com\/de\/games\/hedgehogs-adventure-3\/\" \/>\n<meta property=\"og:locale\" content=\"de_DE\" \/>\n<meta property=\"og:type\" content=\"article\" \/>\n<meta property=\"og:title\" content=\"Hedgehogs Adventure 3\" \/>\n<meta property=\"og:description\" content=\"Erlebe den Winterzauber, w\u00e4hrend du dich Hedgehog und seinen Gef\u00e4hrten anschlie\u00dft, um charmante R\u00e4tsel in diesem herzerw\u00e4rmenden Abenteuer zu l\u00f6sen, das verschneite Eskapaden zelebriert.\" \/>\n<meta property=\"og:url\" content=\"https:\/\/www.iplay.com\/de\/games\/hedgehogs-adventure-3\/\" \/>\n<meta property=\"og:site_name\" content=\"IPlay\" \/>\n<meta property=\"og:image\" content=\"https:\/\/www.iplay.com\/wp-content\/uploads\/2025\/03\/hedgehogs_adventure_3_large_video_screenshot.webp\" \/>\n\t<meta property=\"og:image:width\" content=\"715\" \/>\n\t<meta property=\"og:image:height\" content=\"485\" \/>\n\t<meta property=\"og:image:type\" content=\"image\/webp\" \/>\n<meta name=\"twitter:card\" content=\"summary_large_image\" \/>\n<meta name=\"twitter:label1\" content=\"Gesch\u00e4tzte Lesezeit\" \/>\n\t<meta name=\"twitter:data1\" content=\"1 Minute\" \/>\n<script type=\"application\/ld+json\" class=\"yoast-schema-graph\">{\"@context\":\"https:\/\/schema.org\",\"@graph\":[{\"@type\":\"WebPage\",\"@id\":\"https:\/\/www.iplay.com\/de\/games\/hedgehogs-adventure-3\/\",\"url\":\"https:\/\/www.iplay.com\/de\/games\/hedgehogs-adventure-3\/\",\"name\":\"Hedgehogs Adventure 3: Gem\u00fctliches Winter-Puzzlespiel mit Freunden\",\"isPartOf\":{\"@id\":\"https:\/\/www.iplay.com\/en\/#website\"},\"primaryImageOfPage\":{\"@id\":\"https:\/\/www.iplay.com\/de\/games\/hedgehogs-adventure-3\/#primaryimage\"},\"image\":{\"@id\":\"https:\/\/www.iplay.com\/de\/games\/hedgehogs-adventure-3\/#primaryimage\"},\"thumbnailUrl\":\"https:\/\/www.iplay.com\/wp-content\/uploads\/2025\/03\/hedgehogs_adventure_3_large_video_screenshot.webp\",\"datePublished\":\"2025-03-24T09:30:41+00:00\",\"description\":\"Erlebe den Winterzauber, w\u00e4hrend du dich Hedgehog und seinen Gef\u00e4hrten anschlie\u00dft, um charmante R\u00e4tsel in diesem herzerw\u00e4rmenden Abenteuer zu l\u00f6sen, das verschneite Eskapaden zelebriert.\",\"breadcrumb\":{\"@id\":\"https:\/\/www.iplay.com\/de\/games\/hedgehogs-adventure-3\/#breadcrumb\"},\"inLanguage\":\"de-DE\",\"potentialAction\":[{\"@type\":\"ReadAction\",\"target\":[\"https:\/\/www.iplay.com\/de\/games\/hedgehogs-adventure-3\/\"]}]},{\"@type\":\"ImageObject\",\"inLanguage\":\"de-DE\",\"@id\":\"https:\/\/www.iplay.com\/de\/games\/hedgehogs-adventure-3\/#primaryimage\",\"url\":\"https:\/\/www.iplay.com\/wp-content\/uploads\/2025\/03\/hedgehogs_adventure_3_large_video_screenshot.webp\",\"contentUrl\":\"https:\/\/www.iplay.com\/wp-content\/uploads\/2025\/03\/hedgehogs_adventure_3_large_video_screenshot.webp\",\"width\":715,\"height\":485},{\"@type\":\"BreadcrumbList\",\"@id\":\"https:\/\/www.iplay.com\/de\/games\/hedgehogs-adventure-3\/#breadcrumb\",\"itemListElement\":[{\"@type\":\"ListItem\",\"position\":1,\"name\":\"Home\",\"item\":\"https:\/\/www.iplay.com\/de\/home-page-2\/\"},{\"@type\":\"ListItem\",\"position\":2,\"name\":\"Shop\",\"item\":\"https:\/\/www.iplay.com\/en\/shop\/\"},{\"@type\":\"ListItem\",\"position\":3,\"name\":\"Hedgehogs Adventure 3\"}]},{\"@type\":\"WebSite\",\"@id\":\"https:\/\/www.iplay.com\/en\/#website\",\"url\":\"https:\/\/www.iplay.com\/en\/\",\"name\":\"IPlay\",\"description\":\"The Best Casual Games!\",\"publisher\":{\"@id\":\"https:\/\/www.iplay.com\/en\/#organization\"},\"potentialAction\":[{\"@type\":\"SearchAction\",\"target\":{\"@type\":\"EntryPoint\",\"urlTemplate\":\"https:\/\/www.iplay.com\/en\/?s={search_term_string}\"},\"query-input\":{\"@type\":\"PropertyValueSpecification\",\"valueRequired\":true,\"valueName\":\"search_term_string\"}}],\"inLanguage\":\"de-DE\"},{\"@type\":\"Organization\",\"@id\":\"https:\/\/www.iplay.com\/en\/#organization\",\"name\":\"IPlay\",\"url\":\"https:\/\/www.iplay.com\/en\/\",\"logo\":{\"@type\":\"ImageObject\",\"inLanguage\":\"de-DE\",\"@id\":\"https:\/\/www.iplay.com\/en\/#\/schema\/logo\/image\/\",\"url\":\"https:\/\/www.iplay.com\/wp-content\/uploads\/2023\/11\/Group-6100.svg\",\"contentUrl\":\"https:\/\/www.iplay.com\/wp-content\/uploads\/2023\/11\/Group-6100.svg\",\"width\":98,\"height\":25,\"caption\":\"IPlay\"},\"image\":{\"@id\":\"https:\/\/www.iplay.com\/en\/#\/schema\/logo\/image\/\"}}]}<\/script>\n<!-- \/ Yoast SEO Premium plugin. -->","yoast_head_json":{"title":"Hedgehogs Adventure 3: Gem\u00fctliches Winter-Puzzlespiel mit Freunden","description":"Erlebe den Winterzauber, w\u00e4hrend du dich Hedgehog und seinen Gef\u00e4hrten anschlie\u00dft, um charmante R\u00e4tsel in diesem herzerw\u00e4rmenden Abenteuer zu l\u00f6sen, das verschneite Eskapaden zelebriert.","robots":{"index":"index","follow":"follow","max-snippet":"max-snippet:-1","max-image-preview":"max-image-preview:large","max-video-preview":"max-video-preview:-1"},"canonical":"https:\/\/www.iplay.com\/de\/games\/hedgehogs-adventure-3\/","og_locale":"de_DE","og_type":"article","og_title":"Hedgehogs Adventure 3","og_description":"Erlebe den Winterzauber, w\u00e4hrend du dich Hedgehog und seinen Gef\u00e4hrten anschlie\u00dft, um charmante R\u00e4tsel in diesem herzerw\u00e4rmenden Abenteuer zu l\u00f6sen, das verschneite Eskapaden zelebriert.","og_url":"https:\/\/www.iplay.com\/de\/games\/hedgehogs-adventure-3\/","og_site_name":"IPlay","og_image":[{"width":715,"height":485,"url":"https:\/\/www.iplay.com\/wp-content\/uploads\/2025\/03\/hedgehogs_adventure_3_large_video_screenshot.webp","type":"image\/webp"}],"twitter_card":"summary_large_image","twitter_misc":{"Gesch\u00e4tzte Lesezeit":"1 Minute"},"schema":{"@context":"https:\/\/schema.org","@graph":[{"@type":"WebPage","@id":"https:\/\/www.iplay.com\/de\/games\/hedgehogs-adventure-3\/","url":"https:\/\/www.iplay.com\/de\/games\/hedgehogs-adventure-3\/","name":"Hedgehogs Adventure 3: Gem\u00fctliches Winter-Puzzlespiel mit Freunden","isPartOf":{"@id":"https:\/\/www.iplay.com\/en\/#website"},"primaryImageOfPage":{"@id":"https:\/\/www.iplay.com\/de\/games\/hedgehogs-adventure-3\/#primaryimage"},"image":{"@id":"https:\/\/www.iplay.com\/de\/games\/hedgehogs-adventure-3\/#primaryimage"},"thumbnailUrl":"https:\/\/www.iplay.com\/wp-content\/uploads\/2025\/03\/hedgehogs_adventure_3_large_video_screenshot.webp","datePublished":"2025-03-24T09:30:41+00:00","description":"Erlebe den Winterzauber, w\u00e4hrend du dich Hedgehog und seinen Gef\u00e4hrten anschlie\u00dft, um charmante R\u00e4tsel in diesem herzerw\u00e4rmenden Abenteuer zu l\u00f6sen, das verschneite Eskapaden zelebriert.","breadcrumb":{"@id":"https:\/\/www.iplay.com\/de\/games\/hedgehogs-adventure-3\/#breadcrumb"},"inLanguage":"de-DE","potentialAction":[{"@type":"ReadAction","target":["https:\/\/www.iplay.com\/de\/games\/hedgehogs-adventure-3\/"]}]},{"@type":"ImageObject","inLanguage":"de-DE","@id":"https:\/\/www.iplay.com\/de\/games\/hedgehogs-adventure-3\/#primaryimage","url":"https:\/\/www.iplay.com\/wp-content\/uploads\/2025\/03\/hedgehogs_adventure_3_large_video_screenshot.webp","contentUrl":"https:\/\/www.iplay.com\/wp-content\/uploads\/2025\/03\/hedgehogs_adventure_3_large_video_screenshot.webp","width":715,"height":485},{"@type":"BreadcrumbList","@id":"https:\/\/www.iplay.com\/de\/games\/hedgehogs-adventure-3\/#breadcrumb","itemListElement":[{"@type":"ListItem","position":1,"name":"Home","item":"https:\/\/www.iplay.com\/de\/home-page-2\/"},{"@type":"ListItem","position":2,"name":"Shop","item":"https:\/\/www.iplay.com\/en\/shop\/"},{"@type":"ListItem","position":3,"name":"Hedgehogs Adventure 3"}]},{"@type":"WebSite","@id":"https:\/\/www.iplay.com\/en\/#website","url":"https:\/\/www.iplay.com\/en\/","name":"IPlay","description":"The Best Casual Games!","publisher":{"@id":"https:\/\/www.iplay.com\/en\/#organization"},"potentialAction":[{"@type":"SearchAction","target":{"@type":"EntryPoint","urlTemplate":"https:\/\/www.iplay.com\/en\/?s={search_term_string}"},"query-input":{"@type":"PropertyValueSpecification","valueRequired":true,"valueName":"search_term_string"}}],"inLanguage":"de-DE"},{"@type":"Organization","@id":"https:\/\/www.iplay.com\/en\/#organization","name":"IPlay","url":"https:\/\/www.iplay.com\/en\/","logo":{"@type":"ImageObject","inLanguage":"de-DE","@id":"https:\/\/www.iplay.com\/en\/#\/schema\/logo\/image\/","url":"https:\/\/www.iplay.com\/wp-content\/uploads\/2023\/11\/Group-6100.svg","contentUrl":"https:\/\/www.iplay.com\/wp-content\/uploads\/2023\/11\/Group-6100.svg","width":98,"height":25,"caption":"IPlay"},"image":{"@id":"https:\/\/www.iplay.com\/en\/#\/schema\/logo\/image\/"}}]}},"_links":{"self":[{"href":"https:\/\/www.iplay.com\/de\/wp-json\/wp\/v2\/product\/128704","targetHints":{"allow":["GET"]}}],"collection":[{"href":"https:\/\/www.iplay.com\/de\/wp-json\/wp\/v2\/product"}],"about":[{"href":"https:\/\/www.iplay.com\/de\/wp-json\/wp\/v2\/types\/product"}],"author":[{"embeddable":true,"href":"https:\/\/www.iplay.com\/de\/wp-json\/wp\/v2\/users\/320"}],"replies":[{"embeddable":true,"href":"https:\/\/www.iplay.com\/de\/wp-json\/wp\/v2\/comments?post=128704"}],"wp:featuredmedia":[{"embeddable":true,"href":"https:\/\/www.iplay.com\/de\/wp-json\/wp\/v2\/media\/128630"}],"wp:attachment":[{"href":"https:\/\/www.iplay.com\/de\/wp-json\/wp\/v2\/media?parent=128704"}],"wp:term":[{"taxonomy":"product_brand","embeddable":true,"href":"https:\/\/www.iplay.com\/de\/wp-json\/wp\/v2\/product_brand?post=128704"},{"taxonomy":"product_cat","embeddable":true,"href":"https:\/\/www.iplay.com\/de\/wp-json\/wp\/v2\/product_cat?post=128704"},{"taxonomy":"product_tag","embeddable":true,"href":"https:\/\/www.iplay.com\/de\/wp-json\/wp\/v2\/product_tag?post=128704"}],"curies":[{"name":"wp","href":"https:\/\/api.w.org\/{rel}","templated":true}]}}