{"id":128594,"date":"2024-04-05T08:00:05","date_gmt":"2024-04-05T08:00:05","guid":{"rendered":"https:\/\/www.iplay.com\/games\/criminal-archives-murder-in-the-pages-ce\/"},"modified":"2024-04-05T08:00:05","modified_gmt":"2024-04-05T08:00:05","slug":"criminal-archives-murder-in-the-pages-ce","status":"publish","type":"product","link":"https:\/\/www.iplay.com\/de\/games\/criminal-archives-murder-in-the-pages-ce\/","title":{"rendered":"Criminal Archives: Murder in the Pages CE"},"content":{"rendered":"<p>Gesucht wird ein Kriminalreporter, der die eigenartigsten Begegnungen dokumentieren soll. Morde werden untersucht, Kriminelle werden verfolgt, alles in dem Bestreben, den Lebensstandard der Stadt durch die Polizei von San Francisco zu verbessern. Zweifel an der Existenz von D\u00e4monen werden mit einem blo\u00dfen Blick auf die von Ihnen verfassten Artikel zerstreut, die ihre heimliche Anwesenheit unter uns offenbaren. In der Zwischenzeit gehen die Machenschaften der Geheimgesellschaften weiter, und der schwer fassbare T\u00e4ter mit der Eulenmaske \u00fcberlistet weiterhin die Strafverfolgungsbeh\u00f6rden.   <\/p>\n<p>Damian Crow, der renommierte Autor, bittet Sie um Hilfe, als das Chaos, das in seinen Krimis dargestellt wird, auf die Stra\u00dfen der Stadt \u00fcbergreift. K\u00f6nnen alle Morde aufgekl\u00e4rt und die \u00dcbelt\u00e4ter gefasst werden? <\/p>\n<p>&nbsp;<\/p>\n<p><strong>Funktionen<\/strong><\/p>\n<ul>\n<li>Bizarre Beweise werden zusammengetragen, um die grausamen Verbrechen zu entschl\u00fcsseln.<\/li>\n<li>Entdecken Sie die Bedeutung hinter dem Eulensymbol und enth\u00fcllen Sie die Wahrheit.<\/li>\n<li>Zerschlage die Operationen verdeckter Fraktionen und entlarve sie.<\/li>\n<li>St\u00e4rken Sie die Bev\u00f6lkerung, indem Sie Ihre eigene Geschichte schreiben!<\/li>\n<\/ul>\n","protected":false},"excerpt":{"rendered":"<p>Entdecke Hinweise, stoppe den M\u00f6rder &#8211; Keiner kann sich deiner \u00dcberpr\u00fcfung entziehen in Criminal Archives: Murder in the Pages Collector&#8217;s Edition.<\/p>\n","protected":false},"author":52,"featured_media":122527,"comment_status":"open","ping_status":"closed","template":"","meta":{"_acf_changed":false,"inline_featured_image":false},"product_brand":[],"product_cat":[164],"product_tag":[289],"class_list":{"0":"post-128594","1":"product","2":"type-product","3":"status-publish","4":"has-post-thumbnail","6":"product_cat-hidden-object-de","7":"product_tag-play-on-pc-de","9":"first","10":"instock","11":"shipping-taxable","12":"purchasable","13":"product-type-simple"},"acf":[],"yoast_head":"<!-- This site is optimized with the Yoast SEO Premium plugin v25.2 (Yoast SEO v25.2) - https:\/\/yoast.com\/wordpress\/plugins\/seo\/ -->\n<title>Criminal Archives: Murder in the Pages CE - Finde Spuren, stoppe den M\u00f6rder! Keiner kann sich deiner Pr\u00fcfung entziehen<\/title>\n<meta name=\"description\" content=\"Entdecke Hinweise, stoppe den M\u00f6rder - Keiner kann sich deiner \u00dcberpr\u00fcfung entziehen in Criminal Archives: Murder in the Pages Collector&#039;s Edition.\" \/>\n<meta name=\"robots\" content=\"index, follow, max-snippet:-1, max-image-preview:large, max-video-preview:-1\" \/>\n<link rel=\"canonical\" href=\"https:\/\/www.iplay.com\/de\/games\/criminal-archives-murder-in-the-pages-ce\/\" \/>\n<meta property=\"og:locale\" content=\"de_DE\" \/>\n<meta property=\"og:type\" content=\"article\" \/>\n<meta property=\"og:title\" content=\"Criminal Archives: Murder in the Pages CE\" \/>\n<meta property=\"og:description\" content=\"Entdecke Hinweise, stoppe den M\u00f6rder - Keiner kann sich deiner \u00dcberpr\u00fcfung entziehen in Criminal Archives: Murder in the Pages Collector&#039;s Edition.\" \/>\n<meta property=\"og:url\" content=\"https:\/\/www.iplay.com\/de\/games\/criminal-archives-murder-in-the-pages-ce\/\" \/>\n<meta property=\"og:site_name\" content=\"IPlay\" \/>\n<meta property=\"og:image\" content=\"https:\/\/www.iplay.com\/wp-content\/uploads\/2024\/08\/criminal_archives_murder_in_the_pages_ce_large_square_tile_image.jpg\" \/>\n\t<meta property=\"og:image:width\" content=\"715\" \/>\n\t<meta property=\"og:image:height\" content=\"485\" \/>\n\t<meta property=\"og:image:type\" content=\"image\/jpeg\" \/>\n<meta name=\"twitter:card\" content=\"summary_large_image\" \/>\n<meta name=\"twitter:label1\" content=\"Gesch\u00e4tzte Lesezeit\" \/>\n\t<meta name=\"twitter:data1\" content=\"1 Minute\" \/>\n<script type=\"application\/ld+json\" class=\"yoast-schema-graph\">{\"@context\":\"https:\/\/schema.org\",\"@graph\":[{\"@type\":\"WebPage\",\"@id\":\"https:\/\/www.iplay.com\/de\/games\/criminal-archives-murder-in-the-pages-ce\/\",\"url\":\"https:\/\/www.iplay.com\/de\/games\/criminal-archives-murder-in-the-pages-ce\/\",\"name\":\"Criminal Archives: Murder in the Pages CE - Finde Spuren, stoppe den M\u00f6rder! Keiner kann sich deiner Pr\u00fcfung entziehen\",\"isPartOf\":{\"@id\":\"https:\/\/www.iplay.com\/en\/#website\"},\"primaryImageOfPage\":{\"@id\":\"https:\/\/www.iplay.com\/de\/games\/criminal-archives-murder-in-the-pages-ce\/#primaryimage\"},\"image\":{\"@id\":\"https:\/\/www.iplay.com\/de\/games\/criminal-archives-murder-in-the-pages-ce\/#primaryimage\"},\"thumbnailUrl\":\"https:\/\/www.iplay.com\/wp-content\/uploads\/2024\/08\/criminal_archives_murder_in_the_pages_ce_large_square_tile_image.jpg\",\"datePublished\":\"2024-04-05T08:00:05+00:00\",\"description\":\"Entdecke Hinweise, stoppe den M\u00f6rder - Keiner kann sich deiner \u00dcberpr\u00fcfung entziehen in Criminal Archives: Murder in the Pages Collector's Edition.\",\"breadcrumb\":{\"@id\":\"https:\/\/www.iplay.com\/de\/games\/criminal-archives-murder-in-the-pages-ce\/#breadcrumb\"},\"inLanguage\":\"de-DE\",\"potentialAction\":[{\"@type\":\"ReadAction\",\"target\":[\"https:\/\/www.iplay.com\/de\/games\/criminal-archives-murder-in-the-pages-ce\/\"]}]},{\"@type\":\"ImageObject\",\"inLanguage\":\"de-DE\",\"@id\":\"https:\/\/www.iplay.com\/de\/games\/criminal-archives-murder-in-the-pages-ce\/#primaryimage\",\"url\":\"https:\/\/www.iplay.com\/wp-content\/uploads\/2024\/08\/criminal_archives_murder_in_the_pages_ce_large_square_tile_image.jpg\",\"contentUrl\":\"https:\/\/www.iplay.com\/wp-content\/uploads\/2024\/08\/criminal_archives_murder_in_the_pages_ce_large_square_tile_image.jpg\",\"width\":715,\"height\":485},{\"@type\":\"BreadcrumbList\",\"@id\":\"https:\/\/www.iplay.com\/de\/games\/criminal-archives-murder-in-the-pages-ce\/#breadcrumb\",\"itemListElement\":[{\"@type\":\"ListItem\",\"position\":1,\"name\":\"Home\",\"item\":\"https:\/\/www.iplay.com\/de\/home-page-2\/\"},{\"@type\":\"ListItem\",\"position\":2,\"name\":\"Shop\",\"item\":\"https:\/\/www.iplay.com\/en\/shop\/\"},{\"@type\":\"ListItem\",\"position\":3,\"name\":\"Criminal Archives: Murder in the Pages CE\"}]},{\"@type\":\"WebSite\",\"@id\":\"https:\/\/www.iplay.com\/en\/#website\",\"url\":\"https:\/\/www.iplay.com\/en\/\",\"name\":\"IPlay\",\"description\":\"The Best Casual Games!\",\"publisher\":{\"@id\":\"https:\/\/www.iplay.com\/en\/#organization\"},\"potentialAction\":[{\"@type\":\"SearchAction\",\"target\":{\"@type\":\"EntryPoint\",\"urlTemplate\":\"https:\/\/www.iplay.com\/en\/?s={search_term_string}\"},\"query-input\":{\"@type\":\"PropertyValueSpecification\",\"valueRequired\":true,\"valueName\":\"search_term_string\"}}],\"inLanguage\":\"de-DE\"},{\"@type\":\"Organization\",\"@id\":\"https:\/\/www.iplay.com\/en\/#organization\",\"name\":\"IPlay\",\"url\":\"https:\/\/www.iplay.com\/en\/\",\"logo\":{\"@type\":\"ImageObject\",\"inLanguage\":\"de-DE\",\"@id\":\"https:\/\/www.iplay.com\/en\/#\/schema\/logo\/image\/\",\"url\":\"https:\/\/www.iplay.com\/wp-content\/uploads\/2023\/11\/Group-6100.svg\",\"contentUrl\":\"https:\/\/www.iplay.com\/wp-content\/uploads\/2023\/11\/Group-6100.svg\",\"width\":98,\"height\":25,\"caption\":\"IPlay\"},\"image\":{\"@id\":\"https:\/\/www.iplay.com\/en\/#\/schema\/logo\/image\/\"}}]}<\/script>\n<!-- \/ Yoast SEO Premium plugin. -->","yoast_head_json":{"title":"Criminal Archives: Murder in the Pages CE - Finde Spuren, stoppe den M\u00f6rder! Keiner kann sich deiner Pr\u00fcfung entziehen","description":"Entdecke Hinweise, stoppe den M\u00f6rder - Keiner kann sich deiner \u00dcberpr\u00fcfung entziehen in Criminal Archives: Murder in the Pages Collector's Edition.","robots":{"index":"index","follow":"follow","max-snippet":"max-snippet:-1","max-image-preview":"max-image-preview:large","max-video-preview":"max-video-preview:-1"},"canonical":"https:\/\/www.iplay.com\/de\/games\/criminal-archives-murder-in-the-pages-ce\/","og_locale":"de_DE","og_type":"article","og_title":"Criminal Archives: Murder in the Pages CE","og_description":"Entdecke Hinweise, stoppe den M\u00f6rder - Keiner kann sich deiner \u00dcberpr\u00fcfung entziehen in Criminal Archives: Murder in the Pages Collector's Edition.","og_url":"https:\/\/www.iplay.com\/de\/games\/criminal-archives-murder-in-the-pages-ce\/","og_site_name":"IPlay","og_image":[{"width":715,"height":485,"url":"https:\/\/www.iplay.com\/wp-content\/uploads\/2024\/08\/criminal_archives_murder_in_the_pages_ce_large_square_tile_image.jpg","type":"image\/jpeg"}],"twitter_card":"summary_large_image","twitter_misc":{"Gesch\u00e4tzte Lesezeit":"1 Minute"},"schema":{"@context":"https:\/\/schema.org","@graph":[{"@type":"WebPage","@id":"https:\/\/www.iplay.com\/de\/games\/criminal-archives-murder-in-the-pages-ce\/","url":"https:\/\/www.iplay.com\/de\/games\/criminal-archives-murder-in-the-pages-ce\/","name":"Criminal Archives: Murder in the Pages CE - Finde Spuren, stoppe den M\u00f6rder! Keiner kann sich deiner Pr\u00fcfung entziehen","isPartOf":{"@id":"https:\/\/www.iplay.com\/en\/#website"},"primaryImageOfPage":{"@id":"https:\/\/www.iplay.com\/de\/games\/criminal-archives-murder-in-the-pages-ce\/#primaryimage"},"image":{"@id":"https:\/\/www.iplay.com\/de\/games\/criminal-archives-murder-in-the-pages-ce\/#primaryimage"},"thumbnailUrl":"https:\/\/www.iplay.com\/wp-content\/uploads\/2024\/08\/criminal_archives_murder_in_the_pages_ce_large_square_tile_image.jpg","datePublished":"2024-04-05T08:00:05+00:00","description":"Entdecke Hinweise, stoppe den M\u00f6rder - Keiner kann sich deiner \u00dcberpr\u00fcfung entziehen in Criminal Archives: Murder in the Pages Collector's Edition.","breadcrumb":{"@id":"https:\/\/www.iplay.com\/de\/games\/criminal-archives-murder-in-the-pages-ce\/#breadcrumb"},"inLanguage":"de-DE","potentialAction":[{"@type":"ReadAction","target":["https:\/\/www.iplay.com\/de\/games\/criminal-archives-murder-in-the-pages-ce\/"]}]},{"@type":"ImageObject","inLanguage":"de-DE","@id":"https:\/\/www.iplay.com\/de\/games\/criminal-archives-murder-in-the-pages-ce\/#primaryimage","url":"https:\/\/www.iplay.com\/wp-content\/uploads\/2024\/08\/criminal_archives_murder_in_the_pages_ce_large_square_tile_image.jpg","contentUrl":"https:\/\/www.iplay.com\/wp-content\/uploads\/2024\/08\/criminal_archives_murder_in_the_pages_ce_large_square_tile_image.jpg","width":715,"height":485},{"@type":"BreadcrumbList","@id":"https:\/\/www.iplay.com\/de\/games\/criminal-archives-murder-in-the-pages-ce\/#breadcrumb","itemListElement":[{"@type":"ListItem","position":1,"name":"Home","item":"https:\/\/www.iplay.com\/de\/home-page-2\/"},{"@type":"ListItem","position":2,"name":"Shop","item":"https:\/\/www.iplay.com\/en\/shop\/"},{"@type":"ListItem","position":3,"name":"Criminal Archives: Murder in the Pages CE"}]},{"@type":"WebSite","@id":"https:\/\/www.iplay.com\/en\/#website","url":"https:\/\/www.iplay.com\/en\/","name":"IPlay","description":"The Best Casual Games!","publisher":{"@id":"https:\/\/www.iplay.com\/en\/#organization"},"potentialAction":[{"@type":"SearchAction","target":{"@type":"EntryPoint","urlTemplate":"https:\/\/www.iplay.com\/en\/?s={search_term_string}"},"query-input":{"@type":"PropertyValueSpecification","valueRequired":true,"valueName":"search_term_string"}}],"inLanguage":"de-DE"},{"@type":"Organization","@id":"https:\/\/www.iplay.com\/en\/#organization","name":"IPlay","url":"https:\/\/www.iplay.com\/en\/","logo":{"@type":"ImageObject","inLanguage":"de-DE","@id":"https:\/\/www.iplay.com\/en\/#\/schema\/logo\/image\/","url":"https:\/\/www.iplay.com\/wp-content\/uploads\/2023\/11\/Group-6100.svg","contentUrl":"https:\/\/www.iplay.com\/wp-content\/uploads\/2023\/11\/Group-6100.svg","width":98,"height":25,"caption":"IPlay"},"image":{"@id":"https:\/\/www.iplay.com\/en\/#\/schema\/logo\/image\/"}}]}},"_links":{"self":[{"href":"https:\/\/www.iplay.com\/de\/wp-json\/wp\/v2\/product\/128594","targetHints":{"allow":["GET"]}}],"collection":[{"href":"https:\/\/www.iplay.com\/de\/wp-json\/wp\/v2\/product"}],"about":[{"href":"https:\/\/www.iplay.com\/de\/wp-json\/wp\/v2\/types\/product"}],"author":[{"embeddable":true,"href":"https:\/\/www.iplay.com\/de\/wp-json\/wp\/v2\/users\/52"}],"replies":[{"embeddable":true,"href":"https:\/\/www.iplay.com\/de\/wp-json\/wp\/v2\/comments?post=128594"}],"wp:featuredmedia":[{"embeddable":true,"href":"https:\/\/www.iplay.com\/de\/wp-json\/wp\/v2\/media\/122527"}],"wp:attachment":[{"href":"https:\/\/www.iplay.com\/de\/wp-json\/wp\/v2\/media?parent=128594"}],"wp:term":[{"taxonomy":"product_brand","embeddable":true,"href":"https:\/\/www.iplay.com\/de\/wp-json\/wp\/v2\/product_brand?post=128594"},{"taxonomy":"product_cat","embeddable":true,"href":"https:\/\/www.iplay.com\/de\/wp-json\/wp\/v2\/product_cat?post=128594"},{"taxonomy":"product_tag","embeddable":true,"href":"https:\/\/www.iplay.com\/de\/wp-json\/wp\/v2\/product_tag?post=128594"}],"curies":[{"name":"wp","href":"https:\/\/api.w.org\/{rel}","templated":true}]}}