{"id":128588,"date":"2024-04-03T09:00:28","date_gmt":"2024-04-03T09:00:28","guid":{"rendered":"https:\/\/www.iplay.com\/games\/pixel-art-perfection-volume-3\/"},"modified":"2024-04-03T09:00:28","modified_gmt":"2024-04-03T09:00:28","slug":"pixel-art-perfection-volume-3","status":"publish","type":"product","link":"https:\/\/www.iplay.com\/de\/games\/pixel-art-perfection-volume-3\/","title":{"rendered":"Pixel Art Perfection Volume 3"},"content":{"rendered":"<p>Holen Sie sich Ihren Malen-nach-Zahlen-Fix mit Pixel Art Perfection Volume 3. Malen war noch nie so einfach! Sie m\u00fcssen sich nicht unter Druck gesetzt f\u00fchlen, Farben auszuw\u00e4hlen. Einfach mal die Seele baumeln lassen und den Prozess genie\u00dfen! W\u00e4hlen Sie aus einer vielf\u00e4ltigen Auswahl an fesselnden Bildern und verwenden Sie die bereitgestellten Zahlen, um sie zum Leben zu erwecken.    <\/p>\n<p>&nbsp;<\/p>\n<p><strong>Funktionen:<\/strong><\/p>\n<p>&nbsp;<\/p>\n<ul>\n<li>G\u00f6nne dir 5 au\u00dfergew\u00f6hnliche Pixel-Art-Spiele, die in einer fantastischen Sammlung geb\u00fcndelt sind!<\/li>\n<li>Entdecken Sie Pixel Art 11, Pixel Art 12, Pixel Art 13, Pixel Art 14 und Pixel Art 15.<\/li>\n<li>Begeben Sie sich auf eine Reise durch Hunderte von faszinierenden Bildern, die darauf warten, fertiggestellt zu werden.<\/li>\n<li>Tauchen Sie ein in stundenlange Entspannung und Genuss!<\/li>\n<\/ul>\n","protected":false},"excerpt":{"rendered":"<p>Es ist an der Zeit, sich von Pixel Art Perfection Volume 3 verw\u00f6hnen zu lassen!<\/p>\n","protected":false},"author":21,"featured_media":122575,"comment_status":"open","ping_status":"closed","template":"","meta":{"_acf_changed":false,"inline_featured_image":false},"product_brand":[],"product_cat":[185],"product_tag":[282,289],"class_list":{"0":"post-128588","1":"product","2":"type-product","3":"status-publish","4":"has-post-thumbnail","6":"product_cat-paint-by-numbers-series-de","7":"product_tag-pixel-art-series-de","8":"product_tag-play-on-pc-de","10":"first","11":"instock","12":"shipping-taxable","13":"purchasable","14":"product-type-simple"},"acf":[],"yoast_head":"<!-- This site is optimized with the Yoast SEO Premium plugin v25.2 (Yoast SEO v25.2) - https:\/\/yoast.com\/wordpress\/plugins\/seo\/ -->\n<title>Pixel Art Perfection Volume 3 - Lassen Sie sich von Pixel Art Perfection Volume 3 Ihre Malerei sichern<\/title>\n<meta name=\"description\" content=\"Es ist an der Zeit, sich von Pixel Art Perfection Volume 3 verw\u00f6hnen zu lassen!\" \/>\n<meta name=\"robots\" content=\"index, follow, max-snippet:-1, max-image-preview:large, max-video-preview:-1\" \/>\n<link rel=\"canonical\" href=\"https:\/\/www.iplay.com\/de\/games\/pixel-art-perfection-volume-3\/\" \/>\n<meta property=\"og:locale\" content=\"de_DE\" \/>\n<meta property=\"og:type\" content=\"article\" \/>\n<meta property=\"og:title\" content=\"Pixel Art Perfection Volume 3\" \/>\n<meta property=\"og:description\" content=\"Es ist an der Zeit, sich von Pixel Art Perfection Volume 3 verw\u00f6hnen zu lassen!\" \/>\n<meta property=\"og:url\" content=\"https:\/\/www.iplay.com\/de\/games\/pixel-art-perfection-volume-3\/\" \/>\n<meta property=\"og:site_name\" content=\"IPlay\" \/>\n<meta property=\"og:image\" content=\"https:\/\/www.iplay.com\/wp-content\/uploads\/2024\/08\/pixel_art_perfection_volume_3_large_square_tile_image.jpg\" \/>\n\t<meta property=\"og:image:width\" content=\"715\" \/>\n\t<meta property=\"og:image:height\" content=\"485\" \/>\n\t<meta property=\"og:image:type\" content=\"image\/jpeg\" \/>\n<meta name=\"twitter:card\" content=\"summary_large_image\" \/>\n<meta name=\"twitter:label1\" content=\"Gesch\u00e4tzte Lesezeit\" \/>\n\t<meta name=\"twitter:data1\" content=\"1 Minute\" \/>\n<script type=\"application\/ld+json\" class=\"yoast-schema-graph\">{\"@context\":\"https:\/\/schema.org\",\"@graph\":[{\"@type\":\"WebPage\",\"@id\":\"https:\/\/www.iplay.com\/de\/games\/pixel-art-perfection-volume-3\/\",\"url\":\"https:\/\/www.iplay.com\/de\/games\/pixel-art-perfection-volume-3\/\",\"name\":\"Pixel Art Perfection Volume 3 - Lassen Sie sich von Pixel Art Perfection Volume 3 Ihre Malerei sichern\",\"isPartOf\":{\"@id\":\"https:\/\/www.iplay.com\/en\/#website\"},\"primaryImageOfPage\":{\"@id\":\"https:\/\/www.iplay.com\/de\/games\/pixel-art-perfection-volume-3\/#primaryimage\"},\"image\":{\"@id\":\"https:\/\/www.iplay.com\/de\/games\/pixel-art-perfection-volume-3\/#primaryimage\"},\"thumbnailUrl\":\"https:\/\/www.iplay.com\/wp-content\/uploads\/2024\/08\/pixel_art_perfection_volume_3_large_square_tile_image.jpg\",\"datePublished\":\"2024-04-03T09:00:28+00:00\",\"description\":\"Es ist an der Zeit, sich von Pixel Art Perfection Volume 3 verw\u00f6hnen zu lassen!\",\"breadcrumb\":{\"@id\":\"https:\/\/www.iplay.com\/de\/games\/pixel-art-perfection-volume-3\/#breadcrumb\"},\"inLanguage\":\"de-DE\",\"potentialAction\":[{\"@type\":\"ReadAction\",\"target\":[\"https:\/\/www.iplay.com\/de\/games\/pixel-art-perfection-volume-3\/\"]}]},{\"@type\":\"ImageObject\",\"inLanguage\":\"de-DE\",\"@id\":\"https:\/\/www.iplay.com\/de\/games\/pixel-art-perfection-volume-3\/#primaryimage\",\"url\":\"https:\/\/www.iplay.com\/wp-content\/uploads\/2024\/08\/pixel_art_perfection_volume_3_large_square_tile_image.jpg\",\"contentUrl\":\"https:\/\/www.iplay.com\/wp-content\/uploads\/2024\/08\/pixel_art_perfection_volume_3_large_square_tile_image.jpg\",\"width\":715,\"height\":485},{\"@type\":\"BreadcrumbList\",\"@id\":\"https:\/\/www.iplay.com\/de\/games\/pixel-art-perfection-volume-3\/#breadcrumb\",\"itemListElement\":[{\"@type\":\"ListItem\",\"position\":1,\"name\":\"Home\",\"item\":\"https:\/\/www.iplay.com\/de\/home-page-2\/\"},{\"@type\":\"ListItem\",\"position\":2,\"name\":\"Shop\",\"item\":\"https:\/\/www.iplay.com\/en\/shop\/\"},{\"@type\":\"ListItem\",\"position\":3,\"name\":\"Pixel Art Perfection Volume 3\"}]},{\"@type\":\"WebSite\",\"@id\":\"https:\/\/www.iplay.com\/en\/#website\",\"url\":\"https:\/\/www.iplay.com\/en\/\",\"name\":\"IPlay\",\"description\":\"The Best Casual Games!\",\"publisher\":{\"@id\":\"https:\/\/www.iplay.com\/en\/#organization\"},\"potentialAction\":[{\"@type\":\"SearchAction\",\"target\":{\"@type\":\"EntryPoint\",\"urlTemplate\":\"https:\/\/www.iplay.com\/en\/?s={search_term_string}\"},\"query-input\":{\"@type\":\"PropertyValueSpecification\",\"valueRequired\":true,\"valueName\":\"search_term_string\"}}],\"inLanguage\":\"de-DE\"},{\"@type\":\"Organization\",\"@id\":\"https:\/\/www.iplay.com\/en\/#organization\",\"name\":\"IPlay\",\"url\":\"https:\/\/www.iplay.com\/en\/\",\"logo\":{\"@type\":\"ImageObject\",\"inLanguage\":\"de-DE\",\"@id\":\"https:\/\/www.iplay.com\/en\/#\/schema\/logo\/image\/\",\"url\":\"https:\/\/www.iplay.com\/wp-content\/uploads\/2023\/11\/Group-6100.svg\",\"contentUrl\":\"https:\/\/www.iplay.com\/wp-content\/uploads\/2023\/11\/Group-6100.svg\",\"width\":98,\"height\":25,\"caption\":\"IPlay\"},\"image\":{\"@id\":\"https:\/\/www.iplay.com\/en\/#\/schema\/logo\/image\/\"}}]}<\/script>\n<!-- \/ Yoast SEO Premium plugin. -->","yoast_head_json":{"title":"Pixel Art Perfection Volume 3 - Lassen Sie sich von Pixel Art Perfection Volume 3 Ihre Malerei sichern","description":"Es ist an der Zeit, sich von Pixel Art Perfection Volume 3 verw\u00f6hnen zu lassen!","robots":{"index":"index","follow":"follow","max-snippet":"max-snippet:-1","max-image-preview":"max-image-preview:large","max-video-preview":"max-video-preview:-1"},"canonical":"https:\/\/www.iplay.com\/de\/games\/pixel-art-perfection-volume-3\/","og_locale":"de_DE","og_type":"article","og_title":"Pixel Art Perfection Volume 3","og_description":"Es ist an der Zeit, sich von Pixel Art Perfection Volume 3 verw\u00f6hnen zu lassen!","og_url":"https:\/\/www.iplay.com\/de\/games\/pixel-art-perfection-volume-3\/","og_site_name":"IPlay","og_image":[{"width":715,"height":485,"url":"https:\/\/www.iplay.com\/wp-content\/uploads\/2024\/08\/pixel_art_perfection_volume_3_large_square_tile_image.jpg","type":"image\/jpeg"}],"twitter_card":"summary_large_image","twitter_misc":{"Gesch\u00e4tzte Lesezeit":"1 Minute"},"schema":{"@context":"https:\/\/schema.org","@graph":[{"@type":"WebPage","@id":"https:\/\/www.iplay.com\/de\/games\/pixel-art-perfection-volume-3\/","url":"https:\/\/www.iplay.com\/de\/games\/pixel-art-perfection-volume-3\/","name":"Pixel Art Perfection Volume 3 - Lassen Sie sich von Pixel Art Perfection Volume 3 Ihre Malerei sichern","isPartOf":{"@id":"https:\/\/www.iplay.com\/en\/#website"},"primaryImageOfPage":{"@id":"https:\/\/www.iplay.com\/de\/games\/pixel-art-perfection-volume-3\/#primaryimage"},"image":{"@id":"https:\/\/www.iplay.com\/de\/games\/pixel-art-perfection-volume-3\/#primaryimage"},"thumbnailUrl":"https:\/\/www.iplay.com\/wp-content\/uploads\/2024\/08\/pixel_art_perfection_volume_3_large_square_tile_image.jpg","datePublished":"2024-04-03T09:00:28+00:00","description":"Es ist an der Zeit, sich von Pixel Art Perfection Volume 3 verw\u00f6hnen zu lassen!","breadcrumb":{"@id":"https:\/\/www.iplay.com\/de\/games\/pixel-art-perfection-volume-3\/#breadcrumb"},"inLanguage":"de-DE","potentialAction":[{"@type":"ReadAction","target":["https:\/\/www.iplay.com\/de\/games\/pixel-art-perfection-volume-3\/"]}]},{"@type":"ImageObject","inLanguage":"de-DE","@id":"https:\/\/www.iplay.com\/de\/games\/pixel-art-perfection-volume-3\/#primaryimage","url":"https:\/\/www.iplay.com\/wp-content\/uploads\/2024\/08\/pixel_art_perfection_volume_3_large_square_tile_image.jpg","contentUrl":"https:\/\/www.iplay.com\/wp-content\/uploads\/2024\/08\/pixel_art_perfection_volume_3_large_square_tile_image.jpg","width":715,"height":485},{"@type":"BreadcrumbList","@id":"https:\/\/www.iplay.com\/de\/games\/pixel-art-perfection-volume-3\/#breadcrumb","itemListElement":[{"@type":"ListItem","position":1,"name":"Home","item":"https:\/\/www.iplay.com\/de\/home-page-2\/"},{"@type":"ListItem","position":2,"name":"Shop","item":"https:\/\/www.iplay.com\/en\/shop\/"},{"@type":"ListItem","position":3,"name":"Pixel Art Perfection Volume 3"}]},{"@type":"WebSite","@id":"https:\/\/www.iplay.com\/en\/#website","url":"https:\/\/www.iplay.com\/en\/","name":"IPlay","description":"The Best Casual Games!","publisher":{"@id":"https:\/\/www.iplay.com\/en\/#organization"},"potentialAction":[{"@type":"SearchAction","target":{"@type":"EntryPoint","urlTemplate":"https:\/\/www.iplay.com\/en\/?s={search_term_string}"},"query-input":{"@type":"PropertyValueSpecification","valueRequired":true,"valueName":"search_term_string"}}],"inLanguage":"de-DE"},{"@type":"Organization","@id":"https:\/\/www.iplay.com\/en\/#organization","name":"IPlay","url":"https:\/\/www.iplay.com\/en\/","logo":{"@type":"ImageObject","inLanguage":"de-DE","@id":"https:\/\/www.iplay.com\/en\/#\/schema\/logo\/image\/","url":"https:\/\/www.iplay.com\/wp-content\/uploads\/2023\/11\/Group-6100.svg","contentUrl":"https:\/\/www.iplay.com\/wp-content\/uploads\/2023\/11\/Group-6100.svg","width":98,"height":25,"caption":"IPlay"},"image":{"@id":"https:\/\/www.iplay.com\/en\/#\/schema\/logo\/image\/"}}]}},"_links":{"self":[{"href":"https:\/\/www.iplay.com\/de\/wp-json\/wp\/v2\/product\/128588","targetHints":{"allow":["GET"]}}],"collection":[{"href":"https:\/\/www.iplay.com\/de\/wp-json\/wp\/v2\/product"}],"about":[{"href":"https:\/\/www.iplay.com\/de\/wp-json\/wp\/v2\/types\/product"}],"author":[{"embeddable":true,"href":"https:\/\/www.iplay.com\/de\/wp-json\/wp\/v2\/users\/21"}],"replies":[{"embeddable":true,"href":"https:\/\/www.iplay.com\/de\/wp-json\/wp\/v2\/comments?post=128588"}],"wp:featuredmedia":[{"embeddable":true,"href":"https:\/\/www.iplay.com\/de\/wp-json\/wp\/v2\/media\/122575"}],"wp:attachment":[{"href":"https:\/\/www.iplay.com\/de\/wp-json\/wp\/v2\/media?parent=128588"}],"wp:term":[{"taxonomy":"product_brand","embeddable":true,"href":"https:\/\/www.iplay.com\/de\/wp-json\/wp\/v2\/product_brand?post=128588"},{"taxonomy":"product_cat","embeddable":true,"href":"https:\/\/www.iplay.com\/de\/wp-json\/wp\/v2\/product_cat?post=128588"},{"taxonomy":"product_tag","embeddable":true,"href":"https:\/\/www.iplay.com\/de\/wp-json\/wp\/v2\/product_tag?post=128588"}],"curies":[{"name":"wp","href":"https:\/\/api.w.org\/{rel}","templated":true}]}}