{"id":128540,"date":"2024-03-15T00:00:47","date_gmt":"2024-03-15T00:00:47","guid":{"rendered":"https:\/\/www.iplay.com\/games\/starl4\/"},"modified":"2024-03-15T00:00:47","modified_gmt":"2024-03-15T00:00:47","slug":"starl4","status":"publish","type":"product","link":"https:\/\/www.iplay.com\/de\/games\/starl4\/","title":{"rendered":"StarL4"},"content":{"rendered":"<p>Alle Levels des Spiels m\u00fcssen abgeschlossen werden. Reihen oder Linien mit drei Edelsteinen werden erstellt, indem benachbarte Edelsteine vertauscht werden. Pr\u00e4sentiert wird ein gro\u00dfes, buntes Spiel mit mehreren Levels unterschiedlicher Schwierigkeitsgrade. Pl\u00e4ttchen m\u00fcssen zerst\u00f6rt werden. Linien oder Dreierreihen k\u00f6nnen durch Vertauschen benachbarter Edelsteine erstellt werden. Zus\u00e4tzliche Dinge erh\u00e4ltst du, indem du mehr als drei Edelsteine sammelst.     <\/p>\n<p>&nbsp;<\/p>\n<p><strong>Funktionen:<\/strong><\/p>\n<p>&nbsp;<\/p>\n<p>130 Levels warten darauf, abgeschlossen zu werden.<br \/>\nF\u00fcr helles Gameplay und auff\u00e4llige Animationen sorgen alles.<br \/>\nZehn bis zw\u00f6lf Stunden Gaming k\u00f6nnen genossen werden.<\/p>\n","protected":false},"excerpt":{"rendered":"<p>StarL4 bietet eine neue Variante von Match-3-Puzzles!<\/p>\n","protected":false},"author":36,"featured_media":109907,"comment_status":"open","ping_status":"closed","template":"","meta":{"_acf_changed":false,"inline_featured_image":false},"product_brand":[],"product_cat":[176,194],"product_tag":[289],"class_list":{"0":"post-128540","1":"product","2":"type-product","3":"status-publish","4":"has-post-thumbnail","6":"product_cat-match-3-de","7":"product_cat-puzzle-de","8":"product_tag-play-on-pc-de","10":"first","11":"instock","12":"shipping-taxable","13":"purchasable","14":"product-type-simple"},"acf":[],"yoast_head":"<!-- This site is optimized with the Yoast SEO Premium plugin v25.2 (Yoast SEO v25.2) - https:\/\/yoast.com\/wordpress\/plugins\/seo\/ -->\n<title>StarL4 - StarL4 bietet eine neue Wendung bei Match-3-R\u00e4tseln<\/title>\n<meta name=\"description\" content=\"StarL4 bietet eine neue Variante von Match-3-Puzzles!\" \/>\n<meta name=\"robots\" content=\"index, follow, max-snippet:-1, max-image-preview:large, max-video-preview:-1\" \/>\n<link rel=\"canonical\" href=\"https:\/\/www.iplay.com\/de\/games\/starl4\/\" \/>\n<meta property=\"og:locale\" content=\"de_DE\" \/>\n<meta property=\"og:type\" content=\"article\" \/>\n<meta property=\"og:title\" content=\"StarL4\" \/>\n<meta property=\"og:description\" content=\"StarL4 bietet eine neue Variante von Match-3-Puzzles!\" \/>\n<meta property=\"og:url\" content=\"https:\/\/www.iplay.com\/de\/games\/starl4\/\" \/>\n<meta property=\"og:site_name\" content=\"IPlay\" \/>\n<meta property=\"og:image\" content=\"https:\/\/www.iplay.com\/wp-content\/uploads\/2024\/03\/starl4_slider.webp\" \/>\n\t<meta property=\"og:image:width\" content=\"715\" \/>\n\t<meta property=\"og:image:height\" content=\"485\" \/>\n\t<meta property=\"og:image:type\" content=\"image\/webp\" \/>\n<meta name=\"twitter:card\" content=\"summary_large_image\" \/>\n<script type=\"application\/ld+json\" class=\"yoast-schema-graph\">{\"@context\":\"https:\/\/schema.org\",\"@graph\":[{\"@type\":\"WebPage\",\"@id\":\"https:\/\/www.iplay.com\/de\/games\/starl4\/\",\"url\":\"https:\/\/www.iplay.com\/de\/games\/starl4\/\",\"name\":\"StarL4 - StarL4 bietet eine neue Wendung bei Match-3-R\u00e4tseln\",\"isPartOf\":{\"@id\":\"https:\/\/www.iplay.com\/en\/#website\"},\"primaryImageOfPage\":{\"@id\":\"https:\/\/www.iplay.com\/de\/games\/starl4\/#primaryimage\"},\"image\":{\"@id\":\"https:\/\/www.iplay.com\/de\/games\/starl4\/#primaryimage\"},\"thumbnailUrl\":\"https:\/\/www.iplay.com\/wp-content\/uploads\/2024\/03\/starl4_slider.webp\",\"datePublished\":\"2024-03-15T00:00:47+00:00\",\"description\":\"StarL4 bietet eine neue Variante von Match-3-Puzzles!\",\"breadcrumb\":{\"@id\":\"https:\/\/www.iplay.com\/de\/games\/starl4\/#breadcrumb\"},\"inLanguage\":\"de-DE\",\"potentialAction\":[{\"@type\":\"ReadAction\",\"target\":[\"https:\/\/www.iplay.com\/de\/games\/starl4\/\"]}]},{\"@type\":\"ImageObject\",\"inLanguage\":\"de-DE\",\"@id\":\"https:\/\/www.iplay.com\/de\/games\/starl4\/#primaryimage\",\"url\":\"https:\/\/www.iplay.com\/wp-content\/uploads\/2024\/03\/starl4_slider.webp\",\"contentUrl\":\"https:\/\/www.iplay.com\/wp-content\/uploads\/2024\/03\/starl4_slider.webp\",\"width\":715,\"height\":485},{\"@type\":\"BreadcrumbList\",\"@id\":\"https:\/\/www.iplay.com\/de\/games\/starl4\/#breadcrumb\",\"itemListElement\":[{\"@type\":\"ListItem\",\"position\":1,\"name\":\"Home\",\"item\":\"https:\/\/www.iplay.com\/de\/home-page-2\/\"},{\"@type\":\"ListItem\",\"position\":2,\"name\":\"Shop\",\"item\":\"https:\/\/www.iplay.com\/en\/shop\/\"},{\"@type\":\"ListItem\",\"position\":3,\"name\":\"StarL4\"}]},{\"@type\":\"WebSite\",\"@id\":\"https:\/\/www.iplay.com\/en\/#website\",\"url\":\"https:\/\/www.iplay.com\/en\/\",\"name\":\"IPlay\",\"description\":\"The Best Casual Games!\",\"publisher\":{\"@id\":\"https:\/\/www.iplay.com\/en\/#organization\"},\"potentialAction\":[{\"@type\":\"SearchAction\",\"target\":{\"@type\":\"EntryPoint\",\"urlTemplate\":\"https:\/\/www.iplay.com\/en\/?s={search_term_string}\"},\"query-input\":{\"@type\":\"PropertyValueSpecification\",\"valueRequired\":true,\"valueName\":\"search_term_string\"}}],\"inLanguage\":\"de-DE\"},{\"@type\":\"Organization\",\"@id\":\"https:\/\/www.iplay.com\/en\/#organization\",\"name\":\"IPlay\",\"url\":\"https:\/\/www.iplay.com\/en\/\",\"logo\":{\"@type\":\"ImageObject\",\"inLanguage\":\"de-DE\",\"@id\":\"https:\/\/www.iplay.com\/en\/#\/schema\/logo\/image\/\",\"url\":\"https:\/\/www.iplay.com\/wp-content\/uploads\/2023\/11\/Group-6100.svg\",\"contentUrl\":\"https:\/\/www.iplay.com\/wp-content\/uploads\/2023\/11\/Group-6100.svg\",\"width\":98,\"height\":25,\"caption\":\"IPlay\"},\"image\":{\"@id\":\"https:\/\/www.iplay.com\/en\/#\/schema\/logo\/image\/\"}}]}<\/script>\n<!-- \/ Yoast SEO Premium plugin. -->","yoast_head_json":{"title":"StarL4 - StarL4 bietet eine neue Wendung bei Match-3-R\u00e4tseln","description":"StarL4 bietet eine neue Variante von Match-3-Puzzles!","robots":{"index":"index","follow":"follow","max-snippet":"max-snippet:-1","max-image-preview":"max-image-preview:large","max-video-preview":"max-video-preview:-1"},"canonical":"https:\/\/www.iplay.com\/de\/games\/starl4\/","og_locale":"de_DE","og_type":"article","og_title":"StarL4","og_description":"StarL4 bietet eine neue Variante von Match-3-Puzzles!","og_url":"https:\/\/www.iplay.com\/de\/games\/starl4\/","og_site_name":"IPlay","og_image":[{"width":715,"height":485,"url":"https:\/\/www.iplay.com\/wp-content\/uploads\/2024\/03\/starl4_slider.webp","type":"image\/webp"}],"twitter_card":"summary_large_image","schema":{"@context":"https:\/\/schema.org","@graph":[{"@type":"WebPage","@id":"https:\/\/www.iplay.com\/de\/games\/starl4\/","url":"https:\/\/www.iplay.com\/de\/games\/starl4\/","name":"StarL4 - StarL4 bietet eine neue Wendung bei Match-3-R\u00e4tseln","isPartOf":{"@id":"https:\/\/www.iplay.com\/en\/#website"},"primaryImageOfPage":{"@id":"https:\/\/www.iplay.com\/de\/games\/starl4\/#primaryimage"},"image":{"@id":"https:\/\/www.iplay.com\/de\/games\/starl4\/#primaryimage"},"thumbnailUrl":"https:\/\/www.iplay.com\/wp-content\/uploads\/2024\/03\/starl4_slider.webp","datePublished":"2024-03-15T00:00:47+00:00","description":"StarL4 bietet eine neue Variante von Match-3-Puzzles!","breadcrumb":{"@id":"https:\/\/www.iplay.com\/de\/games\/starl4\/#breadcrumb"},"inLanguage":"de-DE","potentialAction":[{"@type":"ReadAction","target":["https:\/\/www.iplay.com\/de\/games\/starl4\/"]}]},{"@type":"ImageObject","inLanguage":"de-DE","@id":"https:\/\/www.iplay.com\/de\/games\/starl4\/#primaryimage","url":"https:\/\/www.iplay.com\/wp-content\/uploads\/2024\/03\/starl4_slider.webp","contentUrl":"https:\/\/www.iplay.com\/wp-content\/uploads\/2024\/03\/starl4_slider.webp","width":715,"height":485},{"@type":"BreadcrumbList","@id":"https:\/\/www.iplay.com\/de\/games\/starl4\/#breadcrumb","itemListElement":[{"@type":"ListItem","position":1,"name":"Home","item":"https:\/\/www.iplay.com\/de\/home-page-2\/"},{"@type":"ListItem","position":2,"name":"Shop","item":"https:\/\/www.iplay.com\/en\/shop\/"},{"@type":"ListItem","position":3,"name":"StarL4"}]},{"@type":"WebSite","@id":"https:\/\/www.iplay.com\/en\/#website","url":"https:\/\/www.iplay.com\/en\/","name":"IPlay","description":"The Best Casual Games!","publisher":{"@id":"https:\/\/www.iplay.com\/en\/#organization"},"potentialAction":[{"@type":"SearchAction","target":{"@type":"EntryPoint","urlTemplate":"https:\/\/www.iplay.com\/en\/?s={search_term_string}"},"query-input":{"@type":"PropertyValueSpecification","valueRequired":true,"valueName":"search_term_string"}}],"inLanguage":"de-DE"},{"@type":"Organization","@id":"https:\/\/www.iplay.com\/en\/#organization","name":"IPlay","url":"https:\/\/www.iplay.com\/en\/","logo":{"@type":"ImageObject","inLanguage":"de-DE","@id":"https:\/\/www.iplay.com\/en\/#\/schema\/logo\/image\/","url":"https:\/\/www.iplay.com\/wp-content\/uploads\/2023\/11\/Group-6100.svg","contentUrl":"https:\/\/www.iplay.com\/wp-content\/uploads\/2023\/11\/Group-6100.svg","width":98,"height":25,"caption":"IPlay"},"image":{"@id":"https:\/\/www.iplay.com\/en\/#\/schema\/logo\/image\/"}}]}},"_links":{"self":[{"href":"https:\/\/www.iplay.com\/de\/wp-json\/wp\/v2\/product\/128540","targetHints":{"allow":["GET"]}}],"collection":[{"href":"https:\/\/www.iplay.com\/de\/wp-json\/wp\/v2\/product"}],"about":[{"href":"https:\/\/www.iplay.com\/de\/wp-json\/wp\/v2\/types\/product"}],"author":[{"embeddable":true,"href":"https:\/\/www.iplay.com\/de\/wp-json\/wp\/v2\/users\/36"}],"replies":[{"embeddable":true,"href":"https:\/\/www.iplay.com\/de\/wp-json\/wp\/v2\/comments?post=128540"}],"wp:featuredmedia":[{"embeddable":true,"href":"https:\/\/www.iplay.com\/de\/wp-json\/wp\/v2\/media\/109907"}],"wp:attachment":[{"href":"https:\/\/www.iplay.com\/de\/wp-json\/wp\/v2\/media?parent=128540"}],"wp:term":[{"taxonomy":"product_brand","embeddable":true,"href":"https:\/\/www.iplay.com\/de\/wp-json\/wp\/v2\/product_brand?post=128540"},{"taxonomy":"product_cat","embeddable":true,"href":"https:\/\/www.iplay.com\/de\/wp-json\/wp\/v2\/product_cat?post=128540"},{"taxonomy":"product_tag","embeddable":true,"href":"https:\/\/www.iplay.com\/de\/wp-json\/wp\/v2\/product_tag?post=128540"}],"curies":[{"name":"wp","href":"https:\/\/api.w.org\/{rel}","templated":true}]}}