{"id":128531,"date":"2024-03-13T00:00:09","date_gmt":"2024-03-13T00:00:09","guid":{"rendered":"https:\/\/www.iplay.com\/games\/grim-tales-dual-disposition-ce\/"},"modified":"2024-03-13T00:00:09","modified_gmt":"2024-03-13T00:00:09","slug":"grim-tales-dual-disposition-ce","status":"publish","type":"product","link":"https:\/\/www.iplay.com\/de\/games\/grim-tales-dual-disposition-ce\/","title":{"rendered":"Grim Tales: Dual Disposition CE"},"content":{"rendered":"<p>Anna Gray wird hinzugezogen, um den Einbruch und die Pl\u00fcnderung eines ungew\u00f6hnlichen Souvenirgesch\u00e4fts zu untersuchen, und findet sich in einem Netz aus Geheimnissen wieder. Bei ihrer Ankunft entfaltet sich jedoch eine verbl\u00fcffende Enth\u00fcllung \u2013 sie ist die Hauptverd\u00e4chtige! Es stellt sich heraus, dass ihr Duplikat mit sch\u00e4ndlichen Absichten darauf abzielt, den Fluss der Magie zu stoppen und ihre Kr\u00e4fte an sich zu rei\u00dfen.  <\/p>\n<p>Lady A&#8217;s b\u00f6se Pl\u00e4ne und die Aussicht, neue Universen zu durchqueren, erfordern das volle Ausma\u00df von Annas F\u00e4higkeiten und Wissen. Die Zusammenarbeit mit langj\u00e4hrigen Verb\u00fcndeten wird unerl\u00e4sslich, um die magischen Quellen zu bewahren und ihren befleckten Namen umgehend reinzuwaschen. <\/p>\n<p>In diesem spannenden Wimmelbild-Abenteuer wartet die Entr\u00e4tselung des Geheimnisses. Wirst du dich auf diese Reise der Intrigen und Erl\u00f6sung begeben? <\/p>\n<p>&nbsp;<\/p>\n<p><strong>Funktionen der Collector&#8217;s Edition:<\/strong><\/p>\n<p>&nbsp;<\/p>\n<ul>\n<li>Nimm am Bonusspiel teil und setze deine Abenteuer an der Seite des H\u00fcters fort!<\/li>\n<li>Nutzen Sie die Archive, um HOPs und Minispiele in aller Ruhe erneut zu besuchen!<\/li>\n<li>Erkunde Spalten und Ecken, um Kryptiden und Puzzleteile zu sammeln!<\/li>\n<li>Tauchen Sie ein in einzigartige Hintergr\u00fcnde, fesselnde Musik und vieles mehr!<\/li>\n<li>Lassen Sie den Strategieleitfaden Ihr Leuchtturm sein, um sicherzustellen, dass Sie nie vom Weg abkommen!<\/li>\n<\/ul>\n","protected":false},"excerpt":{"rendered":"<p>Wirst du in der Lage sein, die Magie vor deinem Doppelg\u00e4nger in Grim Tales: Dual Disposition CE zu sch\u00fctzen?<\/p>\n","protected":false},"author":17,"featured_media":109883,"comment_status":"open","ping_status":"closed","template":"","meta":{"_acf_changed":false,"inline_featured_image":false},"product_brand":[],"product_cat":[164],"product_tag":[289],"class_list":{"0":"post-128531","1":"product","2":"type-product","3":"status-publish","4":"has-post-thumbnail","6":"product_cat-hidden-object-de","7":"product_tag-play-on-pc-de","9":"first","10":"instock","11":"shipping-taxable","12":"purchasable","13":"product-type-simple"},"acf":[],"yoast_head":"<!-- This site is optimized with the Yoast SEO Premium plugin v25.2 (Yoast SEO v25.2) - https:\/\/yoast.com\/wordpress\/plugins\/seo\/ -->\n<title>Grim Tales: Dual Disposition CE - Wirst du in der Lage sein, Magie vor deinem Doppelg\u00e4nger zu sch\u00fctzen?<\/title>\n<meta name=\"description\" content=\"Wirst du in der Lage sein, die Magie vor deinem Doppelg\u00e4nger in Grim Tales: Dual Disposition CE zu sch\u00fctzen?\" \/>\n<meta name=\"robots\" content=\"index, follow, max-snippet:-1, max-image-preview:large, max-video-preview:-1\" \/>\n<link rel=\"canonical\" href=\"https:\/\/www.iplay.com\/de\/games\/grim-tales-dual-disposition-ce\/\" \/>\n<meta property=\"og:locale\" content=\"de_DE\" \/>\n<meta property=\"og:type\" content=\"article\" \/>\n<meta property=\"og:title\" content=\"Grim Tales: Dual Disposition CE\" \/>\n<meta property=\"og:description\" content=\"Wirst du in der Lage sein, die Magie vor deinem Doppelg\u00e4nger in Grim Tales: Dual Disposition CE zu sch\u00fctzen?\" \/>\n<meta property=\"og:url\" content=\"https:\/\/www.iplay.com\/de\/games\/grim-tales-dual-disposition-ce\/\" \/>\n<meta property=\"og:site_name\" content=\"IPlay\" \/>\n<meta property=\"og:image\" content=\"https:\/\/www.iplay.com\/wp-content\/uploads\/2024\/03\/grim-tales-dual-disposition-ce_slider.webp\" \/>\n\t<meta property=\"og:image:width\" content=\"715\" \/>\n\t<meta property=\"og:image:height\" content=\"485\" \/>\n\t<meta property=\"og:image:type\" content=\"image\/webp\" \/>\n<meta name=\"twitter:card\" content=\"summary_large_image\" \/>\n<meta name=\"twitter:label1\" content=\"Gesch\u00e4tzte Lesezeit\" \/>\n\t<meta name=\"twitter:data1\" content=\"1 Minute\" \/>\n<script type=\"application\/ld+json\" class=\"yoast-schema-graph\">{\"@context\":\"https:\/\/schema.org\",\"@graph\":[{\"@type\":\"WebPage\",\"@id\":\"https:\/\/www.iplay.com\/de\/games\/grim-tales-dual-disposition-ce\/\",\"url\":\"https:\/\/www.iplay.com\/de\/games\/grim-tales-dual-disposition-ce\/\",\"name\":\"Grim Tales: Dual Disposition CE - Wirst du in der Lage sein, Magie vor deinem Doppelg\u00e4nger zu sch\u00fctzen?\",\"isPartOf\":{\"@id\":\"https:\/\/www.iplay.com\/en\/#website\"},\"primaryImageOfPage\":{\"@id\":\"https:\/\/www.iplay.com\/de\/games\/grim-tales-dual-disposition-ce\/#primaryimage\"},\"image\":{\"@id\":\"https:\/\/www.iplay.com\/de\/games\/grim-tales-dual-disposition-ce\/#primaryimage\"},\"thumbnailUrl\":\"https:\/\/www.iplay.com\/wp-content\/uploads\/2024\/03\/grim-tales-dual-disposition-ce_slider.webp\",\"datePublished\":\"2024-03-13T00:00:09+00:00\",\"description\":\"Wirst du in der Lage sein, die Magie vor deinem Doppelg\u00e4nger in Grim Tales: Dual Disposition CE zu sch\u00fctzen?\",\"breadcrumb\":{\"@id\":\"https:\/\/www.iplay.com\/de\/games\/grim-tales-dual-disposition-ce\/#breadcrumb\"},\"inLanguage\":\"de-DE\",\"potentialAction\":[{\"@type\":\"ReadAction\",\"target\":[\"https:\/\/www.iplay.com\/de\/games\/grim-tales-dual-disposition-ce\/\"]}]},{\"@type\":\"ImageObject\",\"inLanguage\":\"de-DE\",\"@id\":\"https:\/\/www.iplay.com\/de\/games\/grim-tales-dual-disposition-ce\/#primaryimage\",\"url\":\"https:\/\/www.iplay.com\/wp-content\/uploads\/2024\/03\/grim-tales-dual-disposition-ce_slider.webp\",\"contentUrl\":\"https:\/\/www.iplay.com\/wp-content\/uploads\/2024\/03\/grim-tales-dual-disposition-ce_slider.webp\",\"width\":715,\"height\":485},{\"@type\":\"BreadcrumbList\",\"@id\":\"https:\/\/www.iplay.com\/de\/games\/grim-tales-dual-disposition-ce\/#breadcrumb\",\"itemListElement\":[{\"@type\":\"ListItem\",\"position\":1,\"name\":\"Home\",\"item\":\"https:\/\/www.iplay.com\/de\/home-page-2\/\"},{\"@type\":\"ListItem\",\"position\":2,\"name\":\"Shop\",\"item\":\"https:\/\/www.iplay.com\/en\/shop\/\"},{\"@type\":\"ListItem\",\"position\":3,\"name\":\"Grim Tales: Dual Disposition CE\"}]},{\"@type\":\"WebSite\",\"@id\":\"https:\/\/www.iplay.com\/en\/#website\",\"url\":\"https:\/\/www.iplay.com\/en\/\",\"name\":\"IPlay\",\"description\":\"The Best Casual Games!\",\"publisher\":{\"@id\":\"https:\/\/www.iplay.com\/en\/#organization\"},\"potentialAction\":[{\"@type\":\"SearchAction\",\"target\":{\"@type\":\"EntryPoint\",\"urlTemplate\":\"https:\/\/www.iplay.com\/en\/?s={search_term_string}\"},\"query-input\":{\"@type\":\"PropertyValueSpecification\",\"valueRequired\":true,\"valueName\":\"search_term_string\"}}],\"inLanguage\":\"de-DE\"},{\"@type\":\"Organization\",\"@id\":\"https:\/\/www.iplay.com\/en\/#organization\",\"name\":\"IPlay\",\"url\":\"https:\/\/www.iplay.com\/en\/\",\"logo\":{\"@type\":\"ImageObject\",\"inLanguage\":\"de-DE\",\"@id\":\"https:\/\/www.iplay.com\/en\/#\/schema\/logo\/image\/\",\"url\":\"https:\/\/www.iplay.com\/wp-content\/uploads\/2023\/11\/Group-6100.svg\",\"contentUrl\":\"https:\/\/www.iplay.com\/wp-content\/uploads\/2023\/11\/Group-6100.svg\",\"width\":98,\"height\":25,\"caption\":\"IPlay\"},\"image\":{\"@id\":\"https:\/\/www.iplay.com\/en\/#\/schema\/logo\/image\/\"}}]}<\/script>\n<!-- \/ Yoast SEO Premium plugin. -->","yoast_head_json":{"title":"Grim Tales: Dual Disposition CE - Wirst du in der Lage sein, Magie vor deinem Doppelg\u00e4nger zu sch\u00fctzen?","description":"Wirst du in der Lage sein, die Magie vor deinem Doppelg\u00e4nger in Grim Tales: Dual Disposition CE zu sch\u00fctzen?","robots":{"index":"index","follow":"follow","max-snippet":"max-snippet:-1","max-image-preview":"max-image-preview:large","max-video-preview":"max-video-preview:-1"},"canonical":"https:\/\/www.iplay.com\/de\/games\/grim-tales-dual-disposition-ce\/","og_locale":"de_DE","og_type":"article","og_title":"Grim Tales: Dual Disposition CE","og_description":"Wirst du in der Lage sein, die Magie vor deinem Doppelg\u00e4nger in Grim Tales: Dual Disposition CE zu sch\u00fctzen?","og_url":"https:\/\/www.iplay.com\/de\/games\/grim-tales-dual-disposition-ce\/","og_site_name":"IPlay","og_image":[{"width":715,"height":485,"url":"https:\/\/www.iplay.com\/wp-content\/uploads\/2024\/03\/grim-tales-dual-disposition-ce_slider.webp","type":"image\/webp"}],"twitter_card":"summary_large_image","twitter_misc":{"Gesch\u00e4tzte Lesezeit":"1 Minute"},"schema":{"@context":"https:\/\/schema.org","@graph":[{"@type":"WebPage","@id":"https:\/\/www.iplay.com\/de\/games\/grim-tales-dual-disposition-ce\/","url":"https:\/\/www.iplay.com\/de\/games\/grim-tales-dual-disposition-ce\/","name":"Grim Tales: Dual Disposition CE - Wirst du in der Lage sein, Magie vor deinem Doppelg\u00e4nger zu sch\u00fctzen?","isPartOf":{"@id":"https:\/\/www.iplay.com\/en\/#website"},"primaryImageOfPage":{"@id":"https:\/\/www.iplay.com\/de\/games\/grim-tales-dual-disposition-ce\/#primaryimage"},"image":{"@id":"https:\/\/www.iplay.com\/de\/games\/grim-tales-dual-disposition-ce\/#primaryimage"},"thumbnailUrl":"https:\/\/www.iplay.com\/wp-content\/uploads\/2024\/03\/grim-tales-dual-disposition-ce_slider.webp","datePublished":"2024-03-13T00:00:09+00:00","description":"Wirst du in der Lage sein, die Magie vor deinem Doppelg\u00e4nger in Grim Tales: Dual Disposition CE zu sch\u00fctzen?","breadcrumb":{"@id":"https:\/\/www.iplay.com\/de\/games\/grim-tales-dual-disposition-ce\/#breadcrumb"},"inLanguage":"de-DE","potentialAction":[{"@type":"ReadAction","target":["https:\/\/www.iplay.com\/de\/games\/grim-tales-dual-disposition-ce\/"]}]},{"@type":"ImageObject","inLanguage":"de-DE","@id":"https:\/\/www.iplay.com\/de\/games\/grim-tales-dual-disposition-ce\/#primaryimage","url":"https:\/\/www.iplay.com\/wp-content\/uploads\/2024\/03\/grim-tales-dual-disposition-ce_slider.webp","contentUrl":"https:\/\/www.iplay.com\/wp-content\/uploads\/2024\/03\/grim-tales-dual-disposition-ce_slider.webp","width":715,"height":485},{"@type":"BreadcrumbList","@id":"https:\/\/www.iplay.com\/de\/games\/grim-tales-dual-disposition-ce\/#breadcrumb","itemListElement":[{"@type":"ListItem","position":1,"name":"Home","item":"https:\/\/www.iplay.com\/de\/home-page-2\/"},{"@type":"ListItem","position":2,"name":"Shop","item":"https:\/\/www.iplay.com\/en\/shop\/"},{"@type":"ListItem","position":3,"name":"Grim Tales: Dual Disposition CE"}]},{"@type":"WebSite","@id":"https:\/\/www.iplay.com\/en\/#website","url":"https:\/\/www.iplay.com\/en\/","name":"IPlay","description":"The Best Casual Games!","publisher":{"@id":"https:\/\/www.iplay.com\/en\/#organization"},"potentialAction":[{"@type":"SearchAction","target":{"@type":"EntryPoint","urlTemplate":"https:\/\/www.iplay.com\/en\/?s={search_term_string}"},"query-input":{"@type":"PropertyValueSpecification","valueRequired":true,"valueName":"search_term_string"}}],"inLanguage":"de-DE"},{"@type":"Organization","@id":"https:\/\/www.iplay.com\/en\/#organization","name":"IPlay","url":"https:\/\/www.iplay.com\/en\/","logo":{"@type":"ImageObject","inLanguage":"de-DE","@id":"https:\/\/www.iplay.com\/en\/#\/schema\/logo\/image\/","url":"https:\/\/www.iplay.com\/wp-content\/uploads\/2023\/11\/Group-6100.svg","contentUrl":"https:\/\/www.iplay.com\/wp-content\/uploads\/2023\/11\/Group-6100.svg","width":98,"height":25,"caption":"IPlay"},"image":{"@id":"https:\/\/www.iplay.com\/en\/#\/schema\/logo\/image\/"}}]}},"_links":{"self":[{"href":"https:\/\/www.iplay.com\/de\/wp-json\/wp\/v2\/product\/128531","targetHints":{"allow":["GET"]}}],"collection":[{"href":"https:\/\/www.iplay.com\/de\/wp-json\/wp\/v2\/product"}],"about":[{"href":"https:\/\/www.iplay.com\/de\/wp-json\/wp\/v2\/types\/product"}],"author":[{"embeddable":true,"href":"https:\/\/www.iplay.com\/de\/wp-json\/wp\/v2\/users\/17"}],"replies":[{"embeddable":true,"href":"https:\/\/www.iplay.com\/de\/wp-json\/wp\/v2\/comments?post=128531"}],"wp:featuredmedia":[{"embeddable":true,"href":"https:\/\/www.iplay.com\/de\/wp-json\/wp\/v2\/media\/109883"}],"wp:attachment":[{"href":"https:\/\/www.iplay.com\/de\/wp-json\/wp\/v2\/media?parent=128531"}],"wp:term":[{"taxonomy":"product_brand","embeddable":true,"href":"https:\/\/www.iplay.com\/de\/wp-json\/wp\/v2\/product_brand?post=128531"},{"taxonomy":"product_cat","embeddable":true,"href":"https:\/\/www.iplay.com\/de\/wp-json\/wp\/v2\/product_cat?post=128531"},{"taxonomy":"product_tag","embeddable":true,"href":"https:\/\/www.iplay.com\/de\/wp-json\/wp\/v2\/product_tag?post=128531"}],"curies":[{"name":"wp","href":"https:\/\/api.w.org\/{rel}","templated":true}]}}