{"id":128528,"date":"2024-03-08T00:00:51","date_gmt":"2024-03-08T00:00:51","guid":{"rendered":"https:\/\/www.iplay.com\/games\/crown-of-the-empire-timeloop-ce\/"},"modified":"2024-03-08T00:00:51","modified_gmt":"2024-03-08T00:00:51","slug":"crown-of-the-empire-timeloop-ce","status":"publish","type":"product","link":"https:\/\/www.iplay.com\/de\/games\/crown-of-the-empire-timeloop-ce\/","title":{"rendered":"Crown Of The Empire: Timeloop CE"},"content":{"rendered":"<p>Einen Prinzen zu heiraten und im Luxus zu leben, h\u00e4tte sich Elena nie vorstellen k\u00f6nnen. W\u00e4hrend ihre Schwester von neuen Outfits tr\u00e4umte, erkundete Elena die dunkelsten Tunnel auf der Suche nach schrecklichen Geheimnissen und Mysterien. Nicht einmal der Titel der obersten Trauzeugin konnte ihre Begeisterung d\u00e4mpfen. Als der Corgi der K\u00f6nigin verschwunden war, machten sich Elena und der Kronprinz auf die Suche nach ihm. Als der Hund jedoch in den H\u00e4nden der Trauzeugin entdeckt wurde, verschwand der Prinz auf mysteri\u00f6se Weise. Es gibt Grund zu der Annahme, dass es sich um eine vors\u00e4tzliche Entf\u00fchrung handelte!     <\/p>\n<p>&nbsp;<\/p>\n<p><strong>Funktionen:<\/strong><\/p>\n<p>&nbsp;<\/p>\n<p>&#8211; Ein fantastischer Parallelplanet mit erstaunlichen Systemen und mysteri\u00f6sen Kreaturen!<br \/>\n&#8211; Eine packende Handlung voller mysteri\u00f6ser Ereignisse und Geheimnisse zwischen Mantel und Dolch.<br \/>\n&#8211; Farbenfrohe Grafik und angenehme Bewegungen.<br \/>\n&#8211; F\u00fcnfzig faszinierende Levels in vier Zonen.<br \/>\n&#8211; Drei Spielschwierigkeitsmodi f\u00fcr abwechslungsreiche Herausforderungen.<br \/>\n&#8211; N\u00fctzliche Boni, um Arbeit, Produktion und Bewegung zu beschleunigen.<br \/>\n&#8211; Einfache Steuerung und hilfreiche Erkl\u00e4rungen.<br \/>\n&#8211; \u00dcber zwanzig Stunden unterhaltsames Gameplay, das f\u00fcr alle Altersgruppen geeignet ist.<br \/>\n&#8211; Musik mit einem lustigen Thema: Krone des Imperiums.<br \/>\n&#8211; Hilf den Helden dabei, den Aufenthaltsort des vermissten Prinzen aufzudecken!<\/p>\n","protected":false},"excerpt":{"rendered":"<p>Begleite die K\u00f6nigin auf endlosen Abenteuern mit Crown Of The Empire: Timeloop CE<\/p>\n","protected":false},"author":13,"featured_media":124537,"comment_status":"open","ping_status":"closed","template":"","meta":{"_acf_changed":false,"inline_featured_image":false},"product_brand":[],"product_cat":[217],"product_tag":[249,289],"class_list":{"0":"post-128528","1":"product","2":"type-product","3":"status-publish","4":"has-post-thumbnail","6":"product_cat-time-management-de","7":"product_tag-crown-of-the-empire-series-de","8":"product_tag-play-on-pc-de","10":"first","11":"instock","12":"shipping-taxable","13":"purchasable","14":"product-type-simple"},"acf":[],"yoast_head":"<!-- This site is optimized with the Yoast SEO Premium plugin v25.2 (Yoast SEO v25.2) - https:\/\/yoast.com\/wordpress\/plugins\/seo\/ -->\n<title>Crown Of The Empire: Timeloop CE - Begleite die K\u00f6nigin auf endlosen Abenteuern in Crown Of The Empire: Timeloop<\/title>\n<meta name=\"description\" content=\"Begleite die K\u00f6nigin auf endlosen Abenteuern mit Crown Of The Empire: Timeloop CE\" \/>\n<meta name=\"robots\" content=\"index, follow, max-snippet:-1, max-image-preview:large, max-video-preview:-1\" \/>\n<link rel=\"canonical\" href=\"https:\/\/www.iplay.com\/de\/games\/crown-of-the-empire-timeloop-ce\/\" \/>\n<meta property=\"og:locale\" content=\"de_DE\" \/>\n<meta property=\"og:type\" content=\"article\" \/>\n<meta property=\"og:title\" content=\"Crown Of The Empire: Timeloop CE\" \/>\n<meta property=\"og:description\" content=\"Begleite die K\u00f6nigin auf endlosen Abenteuern mit Crown Of The Empire: Timeloop CE\" \/>\n<meta property=\"og:url\" content=\"https:\/\/www.iplay.com\/de\/games\/crown-of-the-empire-timeloop-ce\/\" \/>\n<meta property=\"og:site_name\" content=\"IPlay\" \/>\n<meta property=\"og:image\" content=\"https:\/\/www.iplay.com\/wp-content\/uploads\/2024\/03\/400x400-crown_of_the_empire_-_timeloop_ce_large_square_tile_image.webp\" \/>\n\t<meta property=\"og:image:width\" content=\"400\" \/>\n\t<meta property=\"og:image:height\" content=\"400\" \/>\n\t<meta property=\"og:image:type\" content=\"image\/webp\" \/>\n<meta name=\"twitter:card\" content=\"summary_large_image\" \/>\n<meta name=\"twitter:label1\" content=\"Gesch\u00e4tzte Lesezeit\" \/>\n\t<meta name=\"twitter:data1\" content=\"1 Minute\" \/>\n<script type=\"application\/ld+json\" class=\"yoast-schema-graph\">{\"@context\":\"https:\/\/schema.org\",\"@graph\":[{\"@type\":\"WebPage\",\"@id\":\"https:\/\/www.iplay.com\/de\/games\/crown-of-the-empire-timeloop-ce\/\",\"url\":\"https:\/\/www.iplay.com\/de\/games\/crown-of-the-empire-timeloop-ce\/\",\"name\":\"Crown Of The Empire: Timeloop CE - Begleite die K\u00f6nigin auf endlosen Abenteuern in Crown Of The Empire: Timeloop\",\"isPartOf\":{\"@id\":\"https:\/\/www.iplay.com\/en\/#website\"},\"primaryImageOfPage\":{\"@id\":\"https:\/\/www.iplay.com\/de\/games\/crown-of-the-empire-timeloop-ce\/#primaryimage\"},\"image\":{\"@id\":\"https:\/\/www.iplay.com\/de\/games\/crown-of-the-empire-timeloop-ce\/#primaryimage\"},\"thumbnailUrl\":\"https:\/\/www.iplay.com\/wp-content\/uploads\/2024\/03\/400x400-crown_of_the_empire_-_timeloop_ce_large_square_tile_image.webp\",\"datePublished\":\"2024-03-08T00:00:51+00:00\",\"description\":\"Begleite die K\u00f6nigin auf endlosen Abenteuern mit Crown Of The Empire: Timeloop CE\",\"breadcrumb\":{\"@id\":\"https:\/\/www.iplay.com\/de\/games\/crown-of-the-empire-timeloop-ce\/#breadcrumb\"},\"inLanguage\":\"de-DE\",\"potentialAction\":[{\"@type\":\"ReadAction\",\"target\":[\"https:\/\/www.iplay.com\/de\/games\/crown-of-the-empire-timeloop-ce\/\"]}]},{\"@type\":\"ImageObject\",\"inLanguage\":\"de-DE\",\"@id\":\"https:\/\/www.iplay.com\/de\/games\/crown-of-the-empire-timeloop-ce\/#primaryimage\",\"url\":\"https:\/\/www.iplay.com\/wp-content\/uploads\/2024\/03\/400x400-crown_of_the_empire_-_timeloop_ce_large_square_tile_image.webp\",\"contentUrl\":\"https:\/\/www.iplay.com\/wp-content\/uploads\/2024\/03\/400x400-crown_of_the_empire_-_timeloop_ce_large_square_tile_image.webp\",\"width\":400,\"height\":400},{\"@type\":\"BreadcrumbList\",\"@id\":\"https:\/\/www.iplay.com\/de\/games\/crown-of-the-empire-timeloop-ce\/#breadcrumb\",\"itemListElement\":[{\"@type\":\"ListItem\",\"position\":1,\"name\":\"Home\",\"item\":\"https:\/\/www.iplay.com\/de\/home-page-2\/\"},{\"@type\":\"ListItem\",\"position\":2,\"name\":\"Shop\",\"item\":\"https:\/\/www.iplay.com\/en\/shop\/\"},{\"@type\":\"ListItem\",\"position\":3,\"name\":\"Crown Of The Empire: Timeloop CE\"}]},{\"@type\":\"WebSite\",\"@id\":\"https:\/\/www.iplay.com\/en\/#website\",\"url\":\"https:\/\/www.iplay.com\/en\/\",\"name\":\"IPlay\",\"description\":\"The Best Casual Games!\",\"publisher\":{\"@id\":\"https:\/\/www.iplay.com\/en\/#organization\"},\"potentialAction\":[{\"@type\":\"SearchAction\",\"target\":{\"@type\":\"EntryPoint\",\"urlTemplate\":\"https:\/\/www.iplay.com\/en\/?s={search_term_string}\"},\"query-input\":{\"@type\":\"PropertyValueSpecification\",\"valueRequired\":true,\"valueName\":\"search_term_string\"}}],\"inLanguage\":\"de-DE\"},{\"@type\":\"Organization\",\"@id\":\"https:\/\/www.iplay.com\/en\/#organization\",\"name\":\"IPlay\",\"url\":\"https:\/\/www.iplay.com\/en\/\",\"logo\":{\"@type\":\"ImageObject\",\"inLanguage\":\"de-DE\",\"@id\":\"https:\/\/www.iplay.com\/en\/#\/schema\/logo\/image\/\",\"url\":\"https:\/\/www.iplay.com\/wp-content\/uploads\/2023\/11\/Group-6100.svg\",\"contentUrl\":\"https:\/\/www.iplay.com\/wp-content\/uploads\/2023\/11\/Group-6100.svg\",\"width\":98,\"height\":25,\"caption\":\"IPlay\"},\"image\":{\"@id\":\"https:\/\/www.iplay.com\/en\/#\/schema\/logo\/image\/\"}}]}<\/script>\n<!-- \/ Yoast SEO Premium plugin. -->","yoast_head_json":{"title":"Crown Of The Empire: Timeloop CE - Begleite die K\u00f6nigin auf endlosen Abenteuern in Crown Of The Empire: Timeloop","description":"Begleite die K\u00f6nigin auf endlosen Abenteuern mit Crown Of The Empire: Timeloop CE","robots":{"index":"index","follow":"follow","max-snippet":"max-snippet:-1","max-image-preview":"max-image-preview:large","max-video-preview":"max-video-preview:-1"},"canonical":"https:\/\/www.iplay.com\/de\/games\/crown-of-the-empire-timeloop-ce\/","og_locale":"de_DE","og_type":"article","og_title":"Crown Of The Empire: Timeloop CE","og_description":"Begleite die K\u00f6nigin auf endlosen Abenteuern mit Crown Of The Empire: Timeloop CE","og_url":"https:\/\/www.iplay.com\/de\/games\/crown-of-the-empire-timeloop-ce\/","og_site_name":"IPlay","og_image":[{"width":400,"height":400,"url":"https:\/\/www.iplay.com\/wp-content\/uploads\/2024\/03\/400x400-crown_of_the_empire_-_timeloop_ce_large_square_tile_image.webp","type":"image\/webp"}],"twitter_card":"summary_large_image","twitter_misc":{"Gesch\u00e4tzte Lesezeit":"1 Minute"},"schema":{"@context":"https:\/\/schema.org","@graph":[{"@type":"WebPage","@id":"https:\/\/www.iplay.com\/de\/games\/crown-of-the-empire-timeloop-ce\/","url":"https:\/\/www.iplay.com\/de\/games\/crown-of-the-empire-timeloop-ce\/","name":"Crown Of The Empire: Timeloop CE - Begleite die K\u00f6nigin auf endlosen Abenteuern in Crown Of The Empire: Timeloop","isPartOf":{"@id":"https:\/\/www.iplay.com\/en\/#website"},"primaryImageOfPage":{"@id":"https:\/\/www.iplay.com\/de\/games\/crown-of-the-empire-timeloop-ce\/#primaryimage"},"image":{"@id":"https:\/\/www.iplay.com\/de\/games\/crown-of-the-empire-timeloop-ce\/#primaryimage"},"thumbnailUrl":"https:\/\/www.iplay.com\/wp-content\/uploads\/2024\/03\/400x400-crown_of_the_empire_-_timeloop_ce_large_square_tile_image.webp","datePublished":"2024-03-08T00:00:51+00:00","description":"Begleite die K\u00f6nigin auf endlosen Abenteuern mit Crown Of The Empire: Timeloop CE","breadcrumb":{"@id":"https:\/\/www.iplay.com\/de\/games\/crown-of-the-empire-timeloop-ce\/#breadcrumb"},"inLanguage":"de-DE","potentialAction":[{"@type":"ReadAction","target":["https:\/\/www.iplay.com\/de\/games\/crown-of-the-empire-timeloop-ce\/"]}]},{"@type":"ImageObject","inLanguage":"de-DE","@id":"https:\/\/www.iplay.com\/de\/games\/crown-of-the-empire-timeloop-ce\/#primaryimage","url":"https:\/\/www.iplay.com\/wp-content\/uploads\/2024\/03\/400x400-crown_of_the_empire_-_timeloop_ce_large_square_tile_image.webp","contentUrl":"https:\/\/www.iplay.com\/wp-content\/uploads\/2024\/03\/400x400-crown_of_the_empire_-_timeloop_ce_large_square_tile_image.webp","width":400,"height":400},{"@type":"BreadcrumbList","@id":"https:\/\/www.iplay.com\/de\/games\/crown-of-the-empire-timeloop-ce\/#breadcrumb","itemListElement":[{"@type":"ListItem","position":1,"name":"Home","item":"https:\/\/www.iplay.com\/de\/home-page-2\/"},{"@type":"ListItem","position":2,"name":"Shop","item":"https:\/\/www.iplay.com\/en\/shop\/"},{"@type":"ListItem","position":3,"name":"Crown Of The Empire: Timeloop CE"}]},{"@type":"WebSite","@id":"https:\/\/www.iplay.com\/en\/#website","url":"https:\/\/www.iplay.com\/en\/","name":"IPlay","description":"The Best Casual Games!","publisher":{"@id":"https:\/\/www.iplay.com\/en\/#organization"},"potentialAction":[{"@type":"SearchAction","target":{"@type":"EntryPoint","urlTemplate":"https:\/\/www.iplay.com\/en\/?s={search_term_string}"},"query-input":{"@type":"PropertyValueSpecification","valueRequired":true,"valueName":"search_term_string"}}],"inLanguage":"de-DE"},{"@type":"Organization","@id":"https:\/\/www.iplay.com\/en\/#organization","name":"IPlay","url":"https:\/\/www.iplay.com\/en\/","logo":{"@type":"ImageObject","inLanguage":"de-DE","@id":"https:\/\/www.iplay.com\/en\/#\/schema\/logo\/image\/","url":"https:\/\/www.iplay.com\/wp-content\/uploads\/2023\/11\/Group-6100.svg","contentUrl":"https:\/\/www.iplay.com\/wp-content\/uploads\/2023\/11\/Group-6100.svg","width":98,"height":25,"caption":"IPlay"},"image":{"@id":"https:\/\/www.iplay.com\/en\/#\/schema\/logo\/image\/"}}]}},"_links":{"self":[{"href":"https:\/\/www.iplay.com\/de\/wp-json\/wp\/v2\/product\/128528","targetHints":{"allow":["GET"]}}],"collection":[{"href":"https:\/\/www.iplay.com\/de\/wp-json\/wp\/v2\/product"}],"about":[{"href":"https:\/\/www.iplay.com\/de\/wp-json\/wp\/v2\/types\/product"}],"author":[{"embeddable":true,"href":"https:\/\/www.iplay.com\/de\/wp-json\/wp\/v2\/users\/13"}],"replies":[{"embeddable":true,"href":"https:\/\/www.iplay.com\/de\/wp-json\/wp\/v2\/comments?post=128528"}],"wp:featuredmedia":[{"embeddable":true,"href":"https:\/\/www.iplay.com\/de\/wp-json\/wp\/v2\/media\/124537"}],"wp:attachment":[{"href":"https:\/\/www.iplay.com\/de\/wp-json\/wp\/v2\/media?parent=128528"}],"wp:term":[{"taxonomy":"product_brand","embeddable":true,"href":"https:\/\/www.iplay.com\/de\/wp-json\/wp\/v2\/product_brand?post=128528"},{"taxonomy":"product_cat","embeddable":true,"href":"https:\/\/www.iplay.com\/de\/wp-json\/wp\/v2\/product_cat?post=128528"},{"taxonomy":"product_tag","embeddable":true,"href":"https:\/\/www.iplay.com\/de\/wp-json\/wp\/v2\/product_tag?post=128528"}],"curies":[{"name":"wp","href":"https:\/\/api.w.org\/{rel}","templated":true}]}}