{"id":128351,"date":"2024-07-12T14:06:42","date_gmt":"2024-07-12T14:06:42","guid":{"rendered":"https:\/\/www.iplay.com\/games\/stickman-maverick-bad-boys-killer\/"},"modified":"2024-07-12T14:06:42","modified_gmt":"2024-07-12T14:06:42","slug":"stickman-maverick-bad-boys-killer","status":"publish","type":"product","link":"https:\/\/www.iplay.com\/de\/games\/stickman-maverick-bad-boys-killer\/","title":{"rendered":"Stickman maverick : bad boys killer"},"content":{"rendered":"<p>Die Mission des ultimativen Strichm\u00e4nnchen-Soldaten ist es, alle b\u00f6sen Jungs zu eliminieren.<\/p>\n<p>Um dieses Ziel zu erreichen, erhalten Sie Zugang zu einem Arsenal an Waffen, neuen Strichm\u00e4nnchen-Charakteren, riesigen Mecha und anderen Massenvernichtungswaffen.<\/p>\n<p>Die Vernichtung aller b\u00f6sen Buben in diesem Strichm\u00e4nnchen-Massaker-Spiel ist notwendig.<\/p>\n<p>Eine Niederlage ist keine Option, denn das Spiel ist ein massives Zerst\u00f6rungserlebnis.<\/p>\n<p>Tausende von Strichm\u00e4nnchen m\u00fcssen get\u00f6tet werden, und das reine Vergn\u00fcgen des unerbittlichen Schie\u00dfens muss genossen werden.<\/p>\n<p>Allt\u00e4gliche Missionen wie das Erobern der Flagge, der Widerstand f\u00fcr eine bestimmte Dauer, das T\u00f6ten einer bestimmten Anzahl von b\u00f6sen Buben und die Teilnahme an endlosen Spielmodi (Massaker, Gemetzel, Ausrottung) m\u00fcssen abgeschlossen werden.<\/p>\n<p>Bist du bereit, den Tod zu s\u00e4en?<\/p>\n","protected":false},"excerpt":{"rendered":"<p>Du bist der ultimative Strichm\u00e4nnchen-Soldat. T\u00f6te die B\u00f6sewichte oder stirb ! <\/p>\n","protected":false},"author":333,"featured_media":120247,"comment_status":"open","ping_status":"closed","template":"","meta":{"_acf_changed":false,"inline_featured_image":false},"product_brand":[],"product_cat":[153,180],"product_tag":[284,299,289],"class_list":{"0":"post-128351","1":"product","2":"type-product","3":"status-publish","4":"has-post-thumbnail","6":"product_cat-arcade-de","7":"product_cat-mobile-games-de","8":"product_tag-play-on-mac-de","9":"product_tag-play-on-mobile-de","10":"product_tag-play-on-pc-de","12":"first","13":"instock","14":"shipping-taxable","15":"purchasable","16":"product-type-html5_game"},"acf":[],"yoast_head":"<!-- This site is optimized with the Yoast SEO Premium plugin v25.2 (Yoast SEO v25.2) - https:\/\/yoast.com\/wordpress\/plugins\/seo\/ -->\n<title>Stickman maverick : bad boys killer - Auf IPlay abspielen<\/title>\n<meta name=\"description\" content=\"Du bist der ultimative Strichm\u00e4nnchen-Soldat. T\u00f6te die B\u00f6sewichte oder stirb !\" \/>\n<meta name=\"robots\" content=\"index, follow, max-snippet:-1, max-image-preview:large, max-video-preview:-1\" \/>\n<link rel=\"canonical\" href=\"https:\/\/www.iplay.com\/de\/games\/stickman-maverick-bad-boys-killer\/\" \/>\n<meta property=\"og:locale\" content=\"de_DE\" \/>\n<meta property=\"og:type\" content=\"article\" \/>\n<meta property=\"og:title\" content=\"Stickman maverick : bad boys killer\" \/>\n<meta property=\"og:description\" content=\"Du bist der ultimative Strichm\u00e4nnchen-Soldat. T\u00f6te die B\u00f6sewichte oder stirb !\" \/>\n<meta property=\"og:url\" content=\"https:\/\/www.iplay.com\/de\/games\/stickman-maverick-bad-boys-killer\/\" \/>\n<meta property=\"og:site_name\" content=\"IPlay\" \/>\n<meta property=\"og:image\" content=\"https:\/\/www.iplay.com\/wp-content\/uploads\/2024\/07\/ban-stickmanMaverickBBK-310x310-1.webp\" \/>\n\t<meta property=\"og:image:width\" content=\"715\" \/>\n\t<meta property=\"og:image:height\" content=\"485\" \/>\n\t<meta property=\"og:image:type\" content=\"image\/webp\" \/>\n<meta name=\"twitter:card\" content=\"summary_large_image\" \/>\n<meta name=\"twitter:label1\" content=\"Gesch\u00e4tzte Lesezeit\" \/>\n\t<meta name=\"twitter:data1\" content=\"1 Minute\" \/>\n<script type=\"application\/ld+json\" class=\"yoast-schema-graph\">{\"@context\":\"https:\/\/schema.org\",\"@graph\":[{\"@type\":\"WebPage\",\"@id\":\"https:\/\/www.iplay.com\/de\/games\/stickman-maverick-bad-boys-killer\/\",\"url\":\"https:\/\/www.iplay.com\/de\/games\/stickman-maverick-bad-boys-killer\/\",\"name\":\"Stickman maverick : bad boys killer - Auf IPlay abspielen\",\"isPartOf\":{\"@id\":\"https:\/\/www.iplay.com\/en\/#website\"},\"primaryImageOfPage\":{\"@id\":\"https:\/\/www.iplay.com\/de\/games\/stickman-maverick-bad-boys-killer\/#primaryimage\"},\"image\":{\"@id\":\"https:\/\/www.iplay.com\/de\/games\/stickman-maverick-bad-boys-killer\/#primaryimage\"},\"thumbnailUrl\":\"https:\/\/www.iplay.com\/wp-content\/uploads\/2024\/07\/ban-stickmanMaverickBBK-310x310-1.webp\",\"datePublished\":\"2024-07-12T14:06:42+00:00\",\"description\":\"Du bist der ultimative Strichm\u00e4nnchen-Soldat. T\u00f6te die B\u00f6sewichte oder stirb !\",\"breadcrumb\":{\"@id\":\"https:\/\/www.iplay.com\/de\/games\/stickman-maverick-bad-boys-killer\/#breadcrumb\"},\"inLanguage\":\"de-DE\",\"potentialAction\":[{\"@type\":\"ReadAction\",\"target\":[\"https:\/\/www.iplay.com\/de\/games\/stickman-maverick-bad-boys-killer\/\"]}]},{\"@type\":\"ImageObject\",\"inLanguage\":\"de-DE\",\"@id\":\"https:\/\/www.iplay.com\/de\/games\/stickman-maverick-bad-boys-killer\/#primaryimage\",\"url\":\"https:\/\/www.iplay.com\/wp-content\/uploads\/2024\/07\/ban-stickmanMaverickBBK-310x310-1.webp\",\"contentUrl\":\"https:\/\/www.iplay.com\/wp-content\/uploads\/2024\/07\/ban-stickmanMaverickBBK-310x310-1.webp\",\"width\":715,\"height\":485},{\"@type\":\"BreadcrumbList\",\"@id\":\"https:\/\/www.iplay.com\/de\/games\/stickman-maverick-bad-boys-killer\/#breadcrumb\",\"itemListElement\":[{\"@type\":\"ListItem\",\"position\":1,\"name\":\"Home\",\"item\":\"https:\/\/www.iplay.com\/de\/home-page-2\/\"},{\"@type\":\"ListItem\",\"position\":2,\"name\":\"Shop\",\"item\":\"https:\/\/www.iplay.com\/en\/shop\/\"},{\"@type\":\"ListItem\",\"position\":3,\"name\":\"Stickman maverick : bad boys killer\"}]},{\"@type\":\"WebSite\",\"@id\":\"https:\/\/www.iplay.com\/en\/#website\",\"url\":\"https:\/\/www.iplay.com\/en\/\",\"name\":\"IPlay\",\"description\":\"The Best Casual Games!\",\"publisher\":{\"@id\":\"https:\/\/www.iplay.com\/en\/#organization\"},\"potentialAction\":[{\"@type\":\"SearchAction\",\"target\":{\"@type\":\"EntryPoint\",\"urlTemplate\":\"https:\/\/www.iplay.com\/en\/?s={search_term_string}\"},\"query-input\":{\"@type\":\"PropertyValueSpecification\",\"valueRequired\":true,\"valueName\":\"search_term_string\"}}],\"inLanguage\":\"de-DE\"},{\"@type\":\"Organization\",\"@id\":\"https:\/\/www.iplay.com\/en\/#organization\",\"name\":\"IPlay\",\"url\":\"https:\/\/www.iplay.com\/en\/\",\"logo\":{\"@type\":\"ImageObject\",\"inLanguage\":\"de-DE\",\"@id\":\"https:\/\/www.iplay.com\/en\/#\/schema\/logo\/image\/\",\"url\":\"https:\/\/www.iplay.com\/wp-content\/uploads\/2023\/11\/Group-6100.svg\",\"contentUrl\":\"https:\/\/www.iplay.com\/wp-content\/uploads\/2023\/11\/Group-6100.svg\",\"width\":98,\"height\":25,\"caption\":\"IPlay\"},\"image\":{\"@id\":\"https:\/\/www.iplay.com\/en\/#\/schema\/logo\/image\/\"}}]}<\/script>\n<!-- \/ Yoast SEO Premium plugin. -->","yoast_head_json":{"title":"Stickman maverick : bad boys killer - Auf IPlay abspielen","description":"Du bist der ultimative Strichm\u00e4nnchen-Soldat. T\u00f6te die B\u00f6sewichte oder stirb !","robots":{"index":"index","follow":"follow","max-snippet":"max-snippet:-1","max-image-preview":"max-image-preview:large","max-video-preview":"max-video-preview:-1"},"canonical":"https:\/\/www.iplay.com\/de\/games\/stickman-maverick-bad-boys-killer\/","og_locale":"de_DE","og_type":"article","og_title":"Stickman maverick : bad boys killer","og_description":"Du bist der ultimative Strichm\u00e4nnchen-Soldat. T\u00f6te die B\u00f6sewichte oder stirb !","og_url":"https:\/\/www.iplay.com\/de\/games\/stickman-maverick-bad-boys-killer\/","og_site_name":"IPlay","og_image":[{"width":715,"height":485,"url":"https:\/\/www.iplay.com\/wp-content\/uploads\/2024\/07\/ban-stickmanMaverickBBK-310x310-1.webp","type":"image\/webp"}],"twitter_card":"summary_large_image","twitter_misc":{"Gesch\u00e4tzte Lesezeit":"1 Minute"},"schema":{"@context":"https:\/\/schema.org","@graph":[{"@type":"WebPage","@id":"https:\/\/www.iplay.com\/de\/games\/stickman-maverick-bad-boys-killer\/","url":"https:\/\/www.iplay.com\/de\/games\/stickman-maverick-bad-boys-killer\/","name":"Stickman maverick : bad boys killer - Auf IPlay abspielen","isPartOf":{"@id":"https:\/\/www.iplay.com\/en\/#website"},"primaryImageOfPage":{"@id":"https:\/\/www.iplay.com\/de\/games\/stickman-maverick-bad-boys-killer\/#primaryimage"},"image":{"@id":"https:\/\/www.iplay.com\/de\/games\/stickman-maverick-bad-boys-killer\/#primaryimage"},"thumbnailUrl":"https:\/\/www.iplay.com\/wp-content\/uploads\/2024\/07\/ban-stickmanMaverickBBK-310x310-1.webp","datePublished":"2024-07-12T14:06:42+00:00","description":"Du bist der ultimative Strichm\u00e4nnchen-Soldat. T\u00f6te die B\u00f6sewichte oder stirb !","breadcrumb":{"@id":"https:\/\/www.iplay.com\/de\/games\/stickman-maverick-bad-boys-killer\/#breadcrumb"},"inLanguage":"de-DE","potentialAction":[{"@type":"ReadAction","target":["https:\/\/www.iplay.com\/de\/games\/stickman-maverick-bad-boys-killer\/"]}]},{"@type":"ImageObject","inLanguage":"de-DE","@id":"https:\/\/www.iplay.com\/de\/games\/stickman-maverick-bad-boys-killer\/#primaryimage","url":"https:\/\/www.iplay.com\/wp-content\/uploads\/2024\/07\/ban-stickmanMaverickBBK-310x310-1.webp","contentUrl":"https:\/\/www.iplay.com\/wp-content\/uploads\/2024\/07\/ban-stickmanMaverickBBK-310x310-1.webp","width":715,"height":485},{"@type":"BreadcrumbList","@id":"https:\/\/www.iplay.com\/de\/games\/stickman-maverick-bad-boys-killer\/#breadcrumb","itemListElement":[{"@type":"ListItem","position":1,"name":"Home","item":"https:\/\/www.iplay.com\/de\/home-page-2\/"},{"@type":"ListItem","position":2,"name":"Shop","item":"https:\/\/www.iplay.com\/en\/shop\/"},{"@type":"ListItem","position":3,"name":"Stickman maverick : bad boys killer"}]},{"@type":"WebSite","@id":"https:\/\/www.iplay.com\/en\/#website","url":"https:\/\/www.iplay.com\/en\/","name":"IPlay","description":"The Best Casual Games!","publisher":{"@id":"https:\/\/www.iplay.com\/en\/#organization"},"potentialAction":[{"@type":"SearchAction","target":{"@type":"EntryPoint","urlTemplate":"https:\/\/www.iplay.com\/en\/?s={search_term_string}"},"query-input":{"@type":"PropertyValueSpecification","valueRequired":true,"valueName":"search_term_string"}}],"inLanguage":"de-DE"},{"@type":"Organization","@id":"https:\/\/www.iplay.com\/en\/#organization","name":"IPlay","url":"https:\/\/www.iplay.com\/en\/","logo":{"@type":"ImageObject","inLanguage":"de-DE","@id":"https:\/\/www.iplay.com\/en\/#\/schema\/logo\/image\/","url":"https:\/\/www.iplay.com\/wp-content\/uploads\/2023\/11\/Group-6100.svg","contentUrl":"https:\/\/www.iplay.com\/wp-content\/uploads\/2023\/11\/Group-6100.svg","width":98,"height":25,"caption":"IPlay"},"image":{"@id":"https:\/\/www.iplay.com\/en\/#\/schema\/logo\/image\/"}}]}},"_links":{"self":[{"href":"https:\/\/www.iplay.com\/de\/wp-json\/wp\/v2\/product\/128351","targetHints":{"allow":["GET"]}}],"collection":[{"href":"https:\/\/www.iplay.com\/de\/wp-json\/wp\/v2\/product"}],"about":[{"href":"https:\/\/www.iplay.com\/de\/wp-json\/wp\/v2\/types\/product"}],"author":[{"embeddable":true,"href":"https:\/\/www.iplay.com\/de\/wp-json\/wp\/v2\/users\/333"}],"replies":[{"embeddable":true,"href":"https:\/\/www.iplay.com\/de\/wp-json\/wp\/v2\/comments?post=128351"}],"wp:featuredmedia":[{"embeddable":true,"href":"https:\/\/www.iplay.com\/de\/wp-json\/wp\/v2\/media\/120247"}],"wp:attachment":[{"href":"https:\/\/www.iplay.com\/de\/wp-json\/wp\/v2\/media?parent=128351"}],"wp:term":[{"taxonomy":"product_brand","embeddable":true,"href":"https:\/\/www.iplay.com\/de\/wp-json\/wp\/v2\/product_brand?post=128351"},{"taxonomy":"product_cat","embeddable":true,"href":"https:\/\/www.iplay.com\/de\/wp-json\/wp\/v2\/product_cat?post=128351"},{"taxonomy":"product_tag","embeddable":true,"href":"https:\/\/www.iplay.com\/de\/wp-json\/wp\/v2\/product_tag?post=128351"}],"curies":[{"name":"wp","href":"https:\/\/api.w.org\/{rel}","templated":true}]}}