{"id":128218,"date":"2024-05-03T12:27:32","date_gmt":"2024-05-03T12:27:32","guid":{"rendered":"https:\/\/www.iplay.com\/games\/immortal-love-polar-lights-ce\/"},"modified":"2024-05-03T12:27:32","modified_gmt":"2024-05-03T12:27:32","slug":"immortal-love-polar-lights-ce","status":"publish","type":"product","link":"https:\/\/www.iplay.com\/de\/games\/immortal-love-polar-lights-ce\/","title":{"rendered":"Immortal Love: Polar Lights CE"},"content":{"rendered":"<p>Der Jahrmarkt von Midgard ist der Ort, an dem Sie hinwollen! Es erwartet Sie eine au\u00dfergew\u00f6hnliche Gelegenheit, Geld von Ihnen durch den Verkauf von Artikeln f\u00fcr Ihre bevorstehende Hochzeit zu generieren. Deine Vorbereitungen werden jedoch schnell unterbrochen, als Loki, der Gott des Unfugs, deinen Verlobten versehentlich in einen Wolf verwandelt! Doch nicht nur Ihre Zukunft ist gef\u00e4hrdet. Die Leuchtende Welt, sowohl G\u00f6tter als auch Menschen, sieht sich einer entschlossenen Bedrohung gegen\u00fcber, die auf Vernichtung aus ist. Kann die Prophezeiung von Ragnar\u00f6k rechtzeitig vereitelt werden? Tauche ein in dieses fesselnde Wimmelbild-Abenteuer, um es herauszufinden!      <\/p>\n<p>&nbsp;<\/p>\n<p><strong>Funktionen<\/strong><\/p>\n<ul>\n<li>Begib dich auf die Suche nach der Quelle der Weisheit!<\/li>\n<li>Hilf dabei, Lokis Fluch zu brechen und Astrids Ged\u00e4chtnis wiederherzustellen!<\/li>\n<li>Entdecke verschiedene Tiere zum Sammeln und \u00c4nderungen, die du in jedem Szenario vornehmen kannst! Zus\u00e4tzliche R\u00e4tsel warten in den Extras! <\/li>\n<li>Tauche ein in spielbezogene Kunst, Bildschirmschoner, Filme und Musik! Stellen Sie sicher, dass Sie jeweils eines f\u00fcr sp\u00e4ter reservieren! <\/li>\n<li>Verirren Sie sich nie wieder mit Hilfe des Strategieleitfadens!<\/li>\n<\/ul>\n","protected":false},"excerpt":{"rendered":"<p>Rette die Shining World vor der Vernichtung mit Immortal Love: Polar Lights Collector&#8217;s Edition.<\/p>\n","protected":false},"author":17,"featured_media":110683,"comment_status":"open","ping_status":"closed","template":"","meta":{"_acf_changed":false,"inline_featured_image":false},"product_brand":[],"product_cat":[164],"product_tag":[289],"class_list":{"0":"post-128218","1":"product","2":"type-product","3":"status-publish","4":"has-post-thumbnail","6":"product_cat-hidden-object-de","7":"product_tag-play-on-pc-de","9":"first","10":"instock","11":"shipping-taxable","12":"purchasable","13":"product-type-simple"},"acf":[],"yoast_head":"<!-- This site is optimized with the Yoast SEO Premium plugin v25.2 (Yoast SEO v25.2) - https:\/\/yoast.com\/wordpress\/plugins\/seo\/ -->\n<title>Immortal Love: Polar Lights - Spiele auf IPlay<\/title>\n<meta name=\"description\" content=\"Rette die Shining World vor der Vernichtung mit Immortal Love: Polar Lights Collector&#039;s Edition.\" \/>\n<meta name=\"robots\" content=\"index, follow, max-snippet:-1, max-image-preview:large, max-video-preview:-1\" \/>\n<link rel=\"canonical\" href=\"https:\/\/www.iplay.com\/de\/games\/immortal-love-polar-lights-ce\/\" \/>\n<meta property=\"og:locale\" content=\"de_DE\" \/>\n<meta property=\"og:type\" content=\"article\" \/>\n<meta property=\"og:title\" content=\"Immortal Love: Polar Lights CE\" \/>\n<meta property=\"og:description\" content=\"Rette die Shining World vor der Vernichtung mit Immortal Love: Polar Lights Collector&#039;s Edition.\" \/>\n<meta property=\"og:url\" content=\"https:\/\/www.iplay.com\/de\/games\/immortal-love-polar-lights-ce\/\" \/>\n<meta property=\"og:site_name\" content=\"IPlay\" \/>\n<meta property=\"og:image\" content=\"https:\/\/www.iplay.com\/wp-content\/uploads\/2024\/05\/Immortal-Love-Polar-Lights-CE_large_square_tile_image.webp\" \/>\n\t<meta property=\"og:image:width\" content=\"310\" \/>\n\t<meta property=\"og:image:height\" content=\"310\" \/>\n\t<meta property=\"og:image:type\" content=\"image\/webp\" \/>\n<meta name=\"twitter:card\" content=\"summary_large_image\" \/>\n<meta name=\"twitter:label1\" content=\"Gesch\u00e4tzte Lesezeit\" \/>\n\t<meta name=\"twitter:data1\" content=\"1 Minute\" \/>\n<script type=\"application\/ld+json\" class=\"yoast-schema-graph\">{\"@context\":\"https:\/\/schema.org\",\"@graph\":[{\"@type\":\"WebPage\",\"@id\":\"https:\/\/www.iplay.com\/de\/games\/immortal-love-polar-lights-ce\/\",\"url\":\"https:\/\/www.iplay.com\/de\/games\/immortal-love-polar-lights-ce\/\",\"name\":\"Immortal Love: Polar Lights - Spiele auf IPlay\",\"isPartOf\":{\"@id\":\"https:\/\/www.iplay.com\/en\/#website\"},\"primaryImageOfPage\":{\"@id\":\"https:\/\/www.iplay.com\/de\/games\/immortal-love-polar-lights-ce\/#primaryimage\"},\"image\":{\"@id\":\"https:\/\/www.iplay.com\/de\/games\/immortal-love-polar-lights-ce\/#primaryimage\"},\"thumbnailUrl\":\"https:\/\/www.iplay.com\/wp-content\/uploads\/2024\/05\/Immortal-Love-Polar-Lights-CE_large_square_tile_image.webp\",\"datePublished\":\"2024-05-03T12:27:32+00:00\",\"description\":\"Rette die Shining World vor der Vernichtung mit Immortal Love: Polar Lights Collector's Edition.\",\"breadcrumb\":{\"@id\":\"https:\/\/www.iplay.com\/de\/games\/immortal-love-polar-lights-ce\/#breadcrumb\"},\"inLanguage\":\"de-DE\",\"potentialAction\":[{\"@type\":\"ReadAction\",\"target\":[\"https:\/\/www.iplay.com\/de\/games\/immortal-love-polar-lights-ce\/\"]}]},{\"@type\":\"ImageObject\",\"inLanguage\":\"de-DE\",\"@id\":\"https:\/\/www.iplay.com\/de\/games\/immortal-love-polar-lights-ce\/#primaryimage\",\"url\":\"https:\/\/www.iplay.com\/wp-content\/uploads\/2024\/05\/Immortal-Love-Polar-Lights-CE_large_square_tile_image.webp\",\"contentUrl\":\"https:\/\/www.iplay.com\/wp-content\/uploads\/2024\/05\/Immortal-Love-Polar-Lights-CE_large_square_tile_image.webp\",\"width\":310,\"height\":310},{\"@type\":\"BreadcrumbList\",\"@id\":\"https:\/\/www.iplay.com\/de\/games\/immortal-love-polar-lights-ce\/#breadcrumb\",\"itemListElement\":[{\"@type\":\"ListItem\",\"position\":1,\"name\":\"Home\",\"item\":\"https:\/\/www.iplay.com\/de\/home-page-2\/\"},{\"@type\":\"ListItem\",\"position\":2,\"name\":\"Shop\",\"item\":\"https:\/\/www.iplay.com\/en\/shop\/\"},{\"@type\":\"ListItem\",\"position\":3,\"name\":\"Immortal Love: Polar Lights CE\"}]},{\"@type\":\"WebSite\",\"@id\":\"https:\/\/www.iplay.com\/en\/#website\",\"url\":\"https:\/\/www.iplay.com\/en\/\",\"name\":\"IPlay\",\"description\":\"The Best Casual Games!\",\"publisher\":{\"@id\":\"https:\/\/www.iplay.com\/en\/#organization\"},\"potentialAction\":[{\"@type\":\"SearchAction\",\"target\":{\"@type\":\"EntryPoint\",\"urlTemplate\":\"https:\/\/www.iplay.com\/en\/?s={search_term_string}\"},\"query-input\":{\"@type\":\"PropertyValueSpecification\",\"valueRequired\":true,\"valueName\":\"search_term_string\"}}],\"inLanguage\":\"de-DE\"},{\"@type\":\"Organization\",\"@id\":\"https:\/\/www.iplay.com\/en\/#organization\",\"name\":\"IPlay\",\"url\":\"https:\/\/www.iplay.com\/en\/\",\"logo\":{\"@type\":\"ImageObject\",\"inLanguage\":\"de-DE\",\"@id\":\"https:\/\/www.iplay.com\/en\/#\/schema\/logo\/image\/\",\"url\":\"https:\/\/www.iplay.com\/wp-content\/uploads\/2023\/11\/Group-6100.svg\",\"contentUrl\":\"https:\/\/www.iplay.com\/wp-content\/uploads\/2023\/11\/Group-6100.svg\",\"width\":98,\"height\":25,\"caption\":\"IPlay\"},\"image\":{\"@id\":\"https:\/\/www.iplay.com\/en\/#\/schema\/logo\/image\/\"}}]}<\/script>\n<!-- \/ Yoast SEO Premium plugin. -->","yoast_head_json":{"title":"Immortal Love: Polar Lights - Spiele auf IPlay","description":"Rette die Shining World vor der Vernichtung mit Immortal Love: Polar Lights Collector's Edition.","robots":{"index":"index","follow":"follow","max-snippet":"max-snippet:-1","max-image-preview":"max-image-preview:large","max-video-preview":"max-video-preview:-1"},"canonical":"https:\/\/www.iplay.com\/de\/games\/immortal-love-polar-lights-ce\/","og_locale":"de_DE","og_type":"article","og_title":"Immortal Love: Polar Lights CE","og_description":"Rette die Shining World vor der Vernichtung mit Immortal Love: Polar Lights Collector's Edition.","og_url":"https:\/\/www.iplay.com\/de\/games\/immortal-love-polar-lights-ce\/","og_site_name":"IPlay","og_image":[{"width":310,"height":310,"url":"https:\/\/www.iplay.com\/wp-content\/uploads\/2024\/05\/Immortal-Love-Polar-Lights-CE_large_square_tile_image.webp","type":"image\/webp"}],"twitter_card":"summary_large_image","twitter_misc":{"Gesch\u00e4tzte Lesezeit":"1 Minute"},"schema":{"@context":"https:\/\/schema.org","@graph":[{"@type":"WebPage","@id":"https:\/\/www.iplay.com\/de\/games\/immortal-love-polar-lights-ce\/","url":"https:\/\/www.iplay.com\/de\/games\/immortal-love-polar-lights-ce\/","name":"Immortal Love: Polar Lights - Spiele auf IPlay","isPartOf":{"@id":"https:\/\/www.iplay.com\/en\/#website"},"primaryImageOfPage":{"@id":"https:\/\/www.iplay.com\/de\/games\/immortal-love-polar-lights-ce\/#primaryimage"},"image":{"@id":"https:\/\/www.iplay.com\/de\/games\/immortal-love-polar-lights-ce\/#primaryimage"},"thumbnailUrl":"https:\/\/www.iplay.com\/wp-content\/uploads\/2024\/05\/Immortal-Love-Polar-Lights-CE_large_square_tile_image.webp","datePublished":"2024-05-03T12:27:32+00:00","description":"Rette die Shining World vor der Vernichtung mit Immortal Love: Polar Lights Collector's Edition.","breadcrumb":{"@id":"https:\/\/www.iplay.com\/de\/games\/immortal-love-polar-lights-ce\/#breadcrumb"},"inLanguage":"de-DE","potentialAction":[{"@type":"ReadAction","target":["https:\/\/www.iplay.com\/de\/games\/immortal-love-polar-lights-ce\/"]}]},{"@type":"ImageObject","inLanguage":"de-DE","@id":"https:\/\/www.iplay.com\/de\/games\/immortal-love-polar-lights-ce\/#primaryimage","url":"https:\/\/www.iplay.com\/wp-content\/uploads\/2024\/05\/Immortal-Love-Polar-Lights-CE_large_square_tile_image.webp","contentUrl":"https:\/\/www.iplay.com\/wp-content\/uploads\/2024\/05\/Immortal-Love-Polar-Lights-CE_large_square_tile_image.webp","width":310,"height":310},{"@type":"BreadcrumbList","@id":"https:\/\/www.iplay.com\/de\/games\/immortal-love-polar-lights-ce\/#breadcrumb","itemListElement":[{"@type":"ListItem","position":1,"name":"Home","item":"https:\/\/www.iplay.com\/de\/home-page-2\/"},{"@type":"ListItem","position":2,"name":"Shop","item":"https:\/\/www.iplay.com\/en\/shop\/"},{"@type":"ListItem","position":3,"name":"Immortal Love: Polar Lights CE"}]},{"@type":"WebSite","@id":"https:\/\/www.iplay.com\/en\/#website","url":"https:\/\/www.iplay.com\/en\/","name":"IPlay","description":"The Best Casual Games!","publisher":{"@id":"https:\/\/www.iplay.com\/en\/#organization"},"potentialAction":[{"@type":"SearchAction","target":{"@type":"EntryPoint","urlTemplate":"https:\/\/www.iplay.com\/en\/?s={search_term_string}"},"query-input":{"@type":"PropertyValueSpecification","valueRequired":true,"valueName":"search_term_string"}}],"inLanguage":"de-DE"},{"@type":"Organization","@id":"https:\/\/www.iplay.com\/en\/#organization","name":"IPlay","url":"https:\/\/www.iplay.com\/en\/","logo":{"@type":"ImageObject","inLanguage":"de-DE","@id":"https:\/\/www.iplay.com\/en\/#\/schema\/logo\/image\/","url":"https:\/\/www.iplay.com\/wp-content\/uploads\/2023\/11\/Group-6100.svg","contentUrl":"https:\/\/www.iplay.com\/wp-content\/uploads\/2023\/11\/Group-6100.svg","width":98,"height":25,"caption":"IPlay"},"image":{"@id":"https:\/\/www.iplay.com\/en\/#\/schema\/logo\/image\/"}}]}},"_links":{"self":[{"href":"https:\/\/www.iplay.com\/de\/wp-json\/wp\/v2\/product\/128218","targetHints":{"allow":["GET"]}}],"collection":[{"href":"https:\/\/www.iplay.com\/de\/wp-json\/wp\/v2\/product"}],"about":[{"href":"https:\/\/www.iplay.com\/de\/wp-json\/wp\/v2\/types\/product"}],"author":[{"embeddable":true,"href":"https:\/\/www.iplay.com\/de\/wp-json\/wp\/v2\/users\/17"}],"replies":[{"embeddable":true,"href":"https:\/\/www.iplay.com\/de\/wp-json\/wp\/v2\/comments?post=128218"}],"wp:featuredmedia":[{"embeddable":true,"href":"https:\/\/www.iplay.com\/de\/wp-json\/wp\/v2\/media\/110683"}],"wp:attachment":[{"href":"https:\/\/www.iplay.com\/de\/wp-json\/wp\/v2\/media?parent=128218"}],"wp:term":[{"taxonomy":"product_brand","embeddable":true,"href":"https:\/\/www.iplay.com\/de\/wp-json\/wp\/v2\/product_brand?post=128218"},{"taxonomy":"product_cat","embeddable":true,"href":"https:\/\/www.iplay.com\/de\/wp-json\/wp\/v2\/product_cat?post=128218"},{"taxonomy":"product_tag","embeddable":true,"href":"https:\/\/www.iplay.com\/de\/wp-json\/wp\/v2\/product_tag?post=128218"}],"curies":[{"name":"wp","href":"https:\/\/api.w.org\/{rel}","templated":true}]}}