{"id":128212,"date":"2024-05-02T09:00:24","date_gmt":"2024-05-02T09:00:24","guid":{"rendered":"https:\/\/www.iplay.com\/games\/mysteries-mix-echoes-between-worlds\/"},"modified":"2024-05-02T09:00:24","modified_gmt":"2024-05-02T09:00:24","slug":"mysteries-mix-echoes-between-worlds","status":"publish","type":"product","link":"https:\/\/www.iplay.com\/de\/games\/mysteries-mix-echoes-between-worlds\/","title":{"rendered":"Mysteries Mix &#8211; Echoes Between Worlds"},"content":{"rendered":"<p>Begib dich auf ein wildes Abenteuer an der Seite von Jake, Emily, Dave und Eva als Mysteries Mix, einer Gruppe, die es sich zur Aufgabe gemacht hat, die Geheimnisse der Stadt aufzudecken. Als ein uraltes Brettspiel von Evas verstorbener Gro\u00dfmutter in ihre Mitte gebracht wird, wird unbeabsichtigt ein Portal zu einem anderen Universum errichtet, das eine Reihe bizarrer Ereignisse ausl\u00f6st, die ihren Mut und ihre Freundschaft auf die Probe stellen. Um das Gleichgewicht in ihrer Welt wiederherzustellen, m\u00fcssen R\u00e4tsel gel\u00f6st, Hinweise aufgedeckt und seltsame Monster bek\u00e4mpft werden, w\u00e4hrend sie sich im Unbekannten zurechtfinden.  <\/p>\n<p>&nbsp;<\/p>\n<p><strong>Funktionen<\/strong><\/p>\n<ul>\n<li>Schlie\u00dfe dich der furchtlosen Mysteries Mix-Gruppe an, die von Jake, Emily und Dave zusammen mit dem neuen Mitglied Eva geleitet wird.<\/li>\n<li>Tauchen Sie ein in die Tiefen eines alten Brettspiels, in dem Geheimnisse und Mysterien darauf warten, entdeckt zu werden.<\/li>\n<li>R\u00e4tsel m\u00fcssen gel\u00f6st und Hinweise gesammelt werden, um durch die r\u00e4umlichen Risse zu gelangen.<\/li>\n<li>Begegne fesselnden Individuen wie Ikarus, dessen Ankunft eine Ver\u00e4nderung in der Dynamik ihrer Stadt einl\u00e4utet.<\/li>\n<li>Durchquere unheimliche Landschaften und finde die Wahrheit \u00fcber die Existenz des Portals ans Licht.<\/li>\n<\/ul>\n","protected":false},"excerpt":{"rendered":"<p>Schlie\u00dfe dich der Crew an und f\u00fchre Mysteries Mix in ein fantastisches Abenteuer mit Mysteries Mix &#8211; Echoes Between Worlds<\/p>\n","protected":false},"author":42,"featured_media":110707,"comment_status":"open","ping_status":"closed","template":"","meta":{"_acf_changed":false,"inline_featured_image":false},"product_brand":[],"product_cat":[176],"product_tag":[289],"class_list":{"0":"post-128212","1":"product","2":"type-product","3":"status-publish","4":"has-post-thumbnail","6":"product_cat-match-3-de","7":"product_tag-play-on-pc-de","9":"first","10":"instock","11":"shipping-taxable","12":"purchasable","13":"product-type-simple"},"acf":[],"yoast_head":"<!-- This site is optimized with the Yoast SEO Premium plugin v25.2 (Yoast SEO v25.2) - https:\/\/yoast.com\/wordpress\/plugins\/seo\/ -->\n<title>Mysteries Mix - Echos zwischen den Welten<\/title>\n<meta name=\"description\" content=\"Schlie\u00dfe dich der Crew an und f\u00fchre Mysteries Mix in ein fantastisches Abenteuer mit Mysteries Mix - Echoes Between Worlds\" \/>\n<meta name=\"robots\" content=\"index, follow, max-snippet:-1, max-image-preview:large, max-video-preview:-1\" \/>\n<link rel=\"canonical\" href=\"https:\/\/www.iplay.com\/de\/games\/mysteries-mix-echoes-between-worlds\/\" \/>\n<meta property=\"og:locale\" content=\"de_DE\" \/>\n<meta property=\"og:type\" content=\"article\" \/>\n<meta property=\"og:title\" content=\"Mysteries Mix - Echoes Between Worlds\" \/>\n<meta property=\"og:description\" content=\"Schlie\u00dfe dich der Crew an und f\u00fchre Mysteries Mix in ein fantastisches Abenteuer mit Mysteries Mix - Echoes Between Worlds\" \/>\n<meta property=\"og:url\" content=\"https:\/\/www.iplay.com\/de\/games\/mysteries-mix-echoes-between-worlds\/\" \/>\n<meta property=\"og:site_name\" content=\"IPlay\" \/>\n<meta property=\"og:image\" content=\"https:\/\/www.iplay.com\/wp-content\/uploads\/2024\/05\/Mysteries-Mix-Echoes-Between-Worlds_slider.webp\" \/>\n\t<meta property=\"og:image:width\" content=\"715\" \/>\n\t<meta property=\"og:image:height\" content=\"485\" \/>\n\t<meta property=\"og:image:type\" content=\"image\/webp\" \/>\n<meta name=\"twitter:card\" content=\"summary_large_image\" \/>\n<meta name=\"twitter:label1\" content=\"Gesch\u00e4tzte Lesezeit\" \/>\n\t<meta name=\"twitter:data1\" content=\"1 Minute\" \/>\n<script type=\"application\/ld+json\" class=\"yoast-schema-graph\">{\"@context\":\"https:\/\/schema.org\",\"@graph\":[{\"@type\":\"WebPage\",\"@id\":\"https:\/\/www.iplay.com\/de\/games\/mysteries-mix-echoes-between-worlds\/\",\"url\":\"https:\/\/www.iplay.com\/de\/games\/mysteries-mix-echoes-between-worlds\/\",\"name\":\"Mysteries Mix - Echos zwischen den Welten\",\"isPartOf\":{\"@id\":\"https:\/\/www.iplay.com\/en\/#website\"},\"primaryImageOfPage\":{\"@id\":\"https:\/\/www.iplay.com\/de\/games\/mysteries-mix-echoes-between-worlds\/#primaryimage\"},\"image\":{\"@id\":\"https:\/\/www.iplay.com\/de\/games\/mysteries-mix-echoes-between-worlds\/#primaryimage\"},\"thumbnailUrl\":\"https:\/\/www.iplay.com\/wp-content\/uploads\/2024\/05\/Mysteries-Mix-Echoes-Between-Worlds_slider.webp\",\"datePublished\":\"2024-05-02T09:00:24+00:00\",\"description\":\"Schlie\u00dfe dich der Crew an und f\u00fchre Mysteries Mix in ein fantastisches Abenteuer mit Mysteries Mix - Echoes Between Worlds\",\"breadcrumb\":{\"@id\":\"https:\/\/www.iplay.com\/de\/games\/mysteries-mix-echoes-between-worlds\/#breadcrumb\"},\"inLanguage\":\"de-DE\",\"potentialAction\":[{\"@type\":\"ReadAction\",\"target\":[\"https:\/\/www.iplay.com\/de\/games\/mysteries-mix-echoes-between-worlds\/\"]}]},{\"@type\":\"ImageObject\",\"inLanguage\":\"de-DE\",\"@id\":\"https:\/\/www.iplay.com\/de\/games\/mysteries-mix-echoes-between-worlds\/#primaryimage\",\"url\":\"https:\/\/www.iplay.com\/wp-content\/uploads\/2024\/05\/Mysteries-Mix-Echoes-Between-Worlds_slider.webp\",\"contentUrl\":\"https:\/\/www.iplay.com\/wp-content\/uploads\/2024\/05\/Mysteries-Mix-Echoes-Between-Worlds_slider.webp\",\"width\":715,\"height\":485},{\"@type\":\"BreadcrumbList\",\"@id\":\"https:\/\/www.iplay.com\/de\/games\/mysteries-mix-echoes-between-worlds\/#breadcrumb\",\"itemListElement\":[{\"@type\":\"ListItem\",\"position\":1,\"name\":\"Home\",\"item\":\"https:\/\/www.iplay.com\/de\/home-page-2\/\"},{\"@type\":\"ListItem\",\"position\":2,\"name\":\"Shop\",\"item\":\"https:\/\/www.iplay.com\/en\/shop\/\"},{\"@type\":\"ListItem\",\"position\":3,\"name\":\"Mysteries Mix &#8211; Echoes Between Worlds\"}]},{\"@type\":\"WebSite\",\"@id\":\"https:\/\/www.iplay.com\/en\/#website\",\"url\":\"https:\/\/www.iplay.com\/en\/\",\"name\":\"IPlay\",\"description\":\"The Best Casual Games!\",\"publisher\":{\"@id\":\"https:\/\/www.iplay.com\/en\/#organization\"},\"potentialAction\":[{\"@type\":\"SearchAction\",\"target\":{\"@type\":\"EntryPoint\",\"urlTemplate\":\"https:\/\/www.iplay.com\/en\/?s={search_term_string}\"},\"query-input\":{\"@type\":\"PropertyValueSpecification\",\"valueRequired\":true,\"valueName\":\"search_term_string\"}}],\"inLanguage\":\"de-DE\"},{\"@type\":\"Organization\",\"@id\":\"https:\/\/www.iplay.com\/en\/#organization\",\"name\":\"IPlay\",\"url\":\"https:\/\/www.iplay.com\/en\/\",\"logo\":{\"@type\":\"ImageObject\",\"inLanguage\":\"de-DE\",\"@id\":\"https:\/\/www.iplay.com\/en\/#\/schema\/logo\/image\/\",\"url\":\"https:\/\/www.iplay.com\/wp-content\/uploads\/2023\/11\/Group-6100.svg\",\"contentUrl\":\"https:\/\/www.iplay.com\/wp-content\/uploads\/2023\/11\/Group-6100.svg\",\"width\":98,\"height\":25,\"caption\":\"IPlay\"},\"image\":{\"@id\":\"https:\/\/www.iplay.com\/en\/#\/schema\/logo\/image\/\"}}]}<\/script>\n<!-- \/ Yoast SEO Premium plugin. -->","yoast_head_json":{"title":"Mysteries Mix - Echos zwischen den Welten","description":"Schlie\u00dfe dich der Crew an und f\u00fchre Mysteries Mix in ein fantastisches Abenteuer mit Mysteries Mix - Echoes Between Worlds","robots":{"index":"index","follow":"follow","max-snippet":"max-snippet:-1","max-image-preview":"max-image-preview:large","max-video-preview":"max-video-preview:-1"},"canonical":"https:\/\/www.iplay.com\/de\/games\/mysteries-mix-echoes-between-worlds\/","og_locale":"de_DE","og_type":"article","og_title":"Mysteries Mix - Echoes Between Worlds","og_description":"Schlie\u00dfe dich der Crew an und f\u00fchre Mysteries Mix in ein fantastisches Abenteuer mit Mysteries Mix - Echoes Between Worlds","og_url":"https:\/\/www.iplay.com\/de\/games\/mysteries-mix-echoes-between-worlds\/","og_site_name":"IPlay","og_image":[{"width":715,"height":485,"url":"https:\/\/www.iplay.com\/wp-content\/uploads\/2024\/05\/Mysteries-Mix-Echoes-Between-Worlds_slider.webp","type":"image\/webp"}],"twitter_card":"summary_large_image","twitter_misc":{"Gesch\u00e4tzte Lesezeit":"1 Minute"},"schema":{"@context":"https:\/\/schema.org","@graph":[{"@type":"WebPage","@id":"https:\/\/www.iplay.com\/de\/games\/mysteries-mix-echoes-between-worlds\/","url":"https:\/\/www.iplay.com\/de\/games\/mysteries-mix-echoes-between-worlds\/","name":"Mysteries Mix - Echos zwischen den Welten","isPartOf":{"@id":"https:\/\/www.iplay.com\/en\/#website"},"primaryImageOfPage":{"@id":"https:\/\/www.iplay.com\/de\/games\/mysteries-mix-echoes-between-worlds\/#primaryimage"},"image":{"@id":"https:\/\/www.iplay.com\/de\/games\/mysteries-mix-echoes-between-worlds\/#primaryimage"},"thumbnailUrl":"https:\/\/www.iplay.com\/wp-content\/uploads\/2024\/05\/Mysteries-Mix-Echoes-Between-Worlds_slider.webp","datePublished":"2024-05-02T09:00:24+00:00","description":"Schlie\u00dfe dich der Crew an und f\u00fchre Mysteries Mix in ein fantastisches Abenteuer mit Mysteries Mix - Echoes Between Worlds","breadcrumb":{"@id":"https:\/\/www.iplay.com\/de\/games\/mysteries-mix-echoes-between-worlds\/#breadcrumb"},"inLanguage":"de-DE","potentialAction":[{"@type":"ReadAction","target":["https:\/\/www.iplay.com\/de\/games\/mysteries-mix-echoes-between-worlds\/"]}]},{"@type":"ImageObject","inLanguage":"de-DE","@id":"https:\/\/www.iplay.com\/de\/games\/mysteries-mix-echoes-between-worlds\/#primaryimage","url":"https:\/\/www.iplay.com\/wp-content\/uploads\/2024\/05\/Mysteries-Mix-Echoes-Between-Worlds_slider.webp","contentUrl":"https:\/\/www.iplay.com\/wp-content\/uploads\/2024\/05\/Mysteries-Mix-Echoes-Between-Worlds_slider.webp","width":715,"height":485},{"@type":"BreadcrumbList","@id":"https:\/\/www.iplay.com\/de\/games\/mysteries-mix-echoes-between-worlds\/#breadcrumb","itemListElement":[{"@type":"ListItem","position":1,"name":"Home","item":"https:\/\/www.iplay.com\/de\/home-page-2\/"},{"@type":"ListItem","position":2,"name":"Shop","item":"https:\/\/www.iplay.com\/en\/shop\/"},{"@type":"ListItem","position":3,"name":"Mysteries Mix &#8211; Echoes Between Worlds"}]},{"@type":"WebSite","@id":"https:\/\/www.iplay.com\/en\/#website","url":"https:\/\/www.iplay.com\/en\/","name":"IPlay","description":"The Best Casual Games!","publisher":{"@id":"https:\/\/www.iplay.com\/en\/#organization"},"potentialAction":[{"@type":"SearchAction","target":{"@type":"EntryPoint","urlTemplate":"https:\/\/www.iplay.com\/en\/?s={search_term_string}"},"query-input":{"@type":"PropertyValueSpecification","valueRequired":true,"valueName":"search_term_string"}}],"inLanguage":"de-DE"},{"@type":"Organization","@id":"https:\/\/www.iplay.com\/en\/#organization","name":"IPlay","url":"https:\/\/www.iplay.com\/en\/","logo":{"@type":"ImageObject","inLanguage":"de-DE","@id":"https:\/\/www.iplay.com\/en\/#\/schema\/logo\/image\/","url":"https:\/\/www.iplay.com\/wp-content\/uploads\/2023\/11\/Group-6100.svg","contentUrl":"https:\/\/www.iplay.com\/wp-content\/uploads\/2023\/11\/Group-6100.svg","width":98,"height":25,"caption":"IPlay"},"image":{"@id":"https:\/\/www.iplay.com\/en\/#\/schema\/logo\/image\/"}}]}},"_links":{"self":[{"href":"https:\/\/www.iplay.com\/de\/wp-json\/wp\/v2\/product\/128212","targetHints":{"allow":["GET"]}}],"collection":[{"href":"https:\/\/www.iplay.com\/de\/wp-json\/wp\/v2\/product"}],"about":[{"href":"https:\/\/www.iplay.com\/de\/wp-json\/wp\/v2\/types\/product"}],"author":[{"embeddable":true,"href":"https:\/\/www.iplay.com\/de\/wp-json\/wp\/v2\/users\/42"}],"replies":[{"embeddable":true,"href":"https:\/\/www.iplay.com\/de\/wp-json\/wp\/v2\/comments?post=128212"}],"wp:featuredmedia":[{"embeddable":true,"href":"https:\/\/www.iplay.com\/de\/wp-json\/wp\/v2\/media\/110707"}],"wp:attachment":[{"href":"https:\/\/www.iplay.com\/de\/wp-json\/wp\/v2\/media?parent=128212"}],"wp:term":[{"taxonomy":"product_brand","embeddable":true,"href":"https:\/\/www.iplay.com\/de\/wp-json\/wp\/v2\/product_brand?post=128212"},{"taxonomy":"product_cat","embeddable":true,"href":"https:\/\/www.iplay.com\/de\/wp-json\/wp\/v2\/product_cat?post=128212"},{"taxonomy":"product_tag","embeddable":true,"href":"https:\/\/www.iplay.com\/de\/wp-json\/wp\/v2\/product_tag?post=128212"}],"curies":[{"name":"wp","href":"https:\/\/api.w.org\/{rel}","templated":true}]}}