{"id":127760,"date":"2024-08-09T13:00:16","date_gmt":"2024-08-09T13:00:16","guid":{"rendered":"https:\/\/www.iplay.com\/games\/mystical-riddles-haunted-portraits-collectors-edition\/"},"modified":"2024-08-09T13:00:16","modified_gmt":"2024-08-09T13:00:16","slug":"mystical-riddles-haunted-portraits-collectors-edition","status":"publish","type":"product","link":"https:\/\/www.iplay.com\/de\/games\/mystical-riddles-haunted-portraits-collectors-edition\/","title":{"rendered":"Mystical Riddles: Haunted Portraits Collector&#8217;s Edition"},"content":{"rendered":"<p>Eine v\u00f6llig neue Untersuchung des mysteri\u00f6sen Verschwindens einer jungen Frau aus der Kunstgalerie eines renommierten Fotografen wurde eingeleitet und enth\u00fcllt ein verworrenes Netz aus Geheimnissen, T\u00e4uschung und Gefahren. Was zun\u00e4chst wie ein florierendes, aber gew\u00f6hnliches Gesch\u00e4ft aussieht, enth\u00fcllt bald eine dunklere, b\u00f6sartige Kraft, die unter der Oberfl\u00e4che lauert. In diesem akribisch gestalteten Wimmelbildspiel muss man Mut aufbringen, um sich den lauernden Schatten zu stellen und das komplexe Netz der Intrigen zu entwirren, um die Wahrheit ans Licht zu bringen, bei der niemand \u00fcber jeden Verdacht erhaben ist.  <\/p>\n<p>&nbsp;<\/p>\n<p><strong>Funktionen der Collector&#8217;s Edition<\/strong><\/p>\n<ul>\n<li>Eine Spukfotografieschule, die eng mit den prim\u00e4ren Ermittlungen verbunden ist, wird erkundet.<\/li>\n<li>Exklusive neue R\u00e4tsel und Wimmelbildszenen werden pr\u00e4sentiert.<\/li>\n<li>Zus\u00e4tzliche Erinnerungsst\u00fccke werden f\u00fcr diejenigen angeboten, die jedes Detail vervollst\u00e4ndigen m\u00f6chten.<\/li>\n<li>Die Musik des Spiels und die herunterladbaren Hintergrundbilder k\u00f6nnen in aller Ruhe genossen werden.<\/li>\n<\/ul>\n","protected":false},"excerpt":{"rendered":"<p><strong>Mystical Riddles: Haunted Portraits CE<\/strong> &#8211; Entdecke eine Spukschule<\/p>\n","protected":false},"author":52,"featured_media":38731,"comment_status":"open","ping_status":"closed","template":"","meta":{"_acf_changed":false,"inline_featured_image":false},"product_brand":[],"product_cat":[164],"product_tag":[289],"class_list":{"0":"post-127760","1":"product","2":"type-product","3":"status-publish","4":"has-post-thumbnail","6":"product_cat-hidden-object-de","7":"product_tag-play-on-pc-de","9":"first","10":"instock","11":"shipping-taxable","12":"purchasable","13":"product-type-simple"},"acf":[],"yoast_head":"<!-- This site is optimized with the Yoast SEO Premium plugin v25.2 (Yoast SEO v25.2) - https:\/\/yoast.com\/wordpress\/plugins\/seo\/ -->\n<title>Mystical Riddles: Haunted Portraits Collector&#039;s Edition - IPlay<\/title>\n<meta name=\"description\" content=\"Mystical Riddles: Haunted Portraits CE - Entdecke eine Spukschule\" \/>\n<meta name=\"robots\" content=\"index, follow, max-snippet:-1, max-image-preview:large, max-video-preview:-1\" \/>\n<link rel=\"canonical\" href=\"https:\/\/www.iplay.com\/de\/games\/mystical-riddles-haunted-portraits-collectors-edition\/\" \/>\n<meta property=\"og:locale\" content=\"de_DE\" \/>\n<meta property=\"og:type\" content=\"article\" \/>\n<meta property=\"og:title\" content=\"Mystical Riddles: Haunted Portraits Collector&#039;s Edition\" \/>\n<meta property=\"og:description\" content=\"Mystical Riddles: Haunted Portraits CE - Entdecke eine Spukschule\" \/>\n<meta property=\"og:url\" content=\"https:\/\/www.iplay.com\/de\/games\/mystical-riddles-haunted-portraits-collectors-edition\/\" \/>\n<meta property=\"og:site_name\" content=\"IPlay\" \/>\n<meta property=\"og:image\" content=\"https:\/\/www.iplay.com\/wp-content\/uploads\/2024\/09\/400x400-mystical_riddles_-_haunted_portraits_ce_large_square_tile_image.webp\" \/>\n\t<meta property=\"og:image:width\" content=\"400\" \/>\n\t<meta property=\"og:image:height\" content=\"400\" \/>\n\t<meta property=\"og:image:type\" content=\"image\/webp\" \/>\n<meta name=\"twitter:card\" content=\"summary_large_image\" \/>\n<meta name=\"twitter:label1\" content=\"Gesch\u00e4tzte Lesezeit\" \/>\n\t<meta name=\"twitter:data1\" content=\"1 Minute\" \/>\n<script type=\"application\/ld+json\" class=\"yoast-schema-graph\">{\"@context\":\"https:\/\/schema.org\",\"@graph\":[{\"@type\":\"WebPage\",\"@id\":\"https:\/\/www.iplay.com\/de\/games\/mystical-riddles-haunted-portraits-collectors-edition\/\",\"url\":\"https:\/\/www.iplay.com\/de\/games\/mystical-riddles-haunted-portraits-collectors-edition\/\",\"name\":\"Mystical Riddles: Haunted Portraits Collector's Edition - IPlay\",\"isPartOf\":{\"@id\":\"https:\/\/www.iplay.com\/en\/#website\"},\"primaryImageOfPage\":{\"@id\":\"https:\/\/www.iplay.com\/de\/games\/mystical-riddles-haunted-portraits-collectors-edition\/#primaryimage\"},\"image\":{\"@id\":\"https:\/\/www.iplay.com\/de\/games\/mystical-riddles-haunted-portraits-collectors-edition\/#primaryimage\"},\"thumbnailUrl\":\"https:\/\/www.iplay.com\/wp-content\/uploads\/2024\/09\/400x400-mystical_riddles_-_haunted_portraits_ce_large_square_tile_image.webp\",\"datePublished\":\"2024-08-09T13:00:16+00:00\",\"description\":\"Mystical Riddles: Haunted Portraits CE - Entdecke eine Spukschule\",\"breadcrumb\":{\"@id\":\"https:\/\/www.iplay.com\/de\/games\/mystical-riddles-haunted-portraits-collectors-edition\/#breadcrumb\"},\"inLanguage\":\"de-DE\",\"potentialAction\":[{\"@type\":\"ReadAction\",\"target\":[\"https:\/\/www.iplay.com\/de\/games\/mystical-riddles-haunted-portraits-collectors-edition\/\"]}]},{\"@type\":\"ImageObject\",\"inLanguage\":\"de-DE\",\"@id\":\"https:\/\/www.iplay.com\/de\/games\/mystical-riddles-haunted-portraits-collectors-edition\/#primaryimage\",\"url\":\"https:\/\/www.iplay.com\/wp-content\/uploads\/2024\/09\/400x400-mystical_riddles_-_haunted_portraits_ce_large_square_tile_image.webp\",\"contentUrl\":\"https:\/\/www.iplay.com\/wp-content\/uploads\/2024\/09\/400x400-mystical_riddles_-_haunted_portraits_ce_large_square_tile_image.webp\",\"width\":400,\"height\":400},{\"@type\":\"BreadcrumbList\",\"@id\":\"https:\/\/www.iplay.com\/de\/games\/mystical-riddles-haunted-portraits-collectors-edition\/#breadcrumb\",\"itemListElement\":[{\"@type\":\"ListItem\",\"position\":1,\"name\":\"Home\",\"item\":\"https:\/\/www.iplay.com\/de\/home-page-2\/\"},{\"@type\":\"ListItem\",\"position\":2,\"name\":\"Shop\",\"item\":\"https:\/\/www.iplay.com\/en\/shop\/\"},{\"@type\":\"ListItem\",\"position\":3,\"name\":\"Mystical Riddles: Haunted Portraits Collector&#8217;s Edition\"}]},{\"@type\":\"WebSite\",\"@id\":\"https:\/\/www.iplay.com\/en\/#website\",\"url\":\"https:\/\/www.iplay.com\/en\/\",\"name\":\"IPlay\",\"description\":\"The Best Casual Games!\",\"publisher\":{\"@id\":\"https:\/\/www.iplay.com\/en\/#organization\"},\"potentialAction\":[{\"@type\":\"SearchAction\",\"target\":{\"@type\":\"EntryPoint\",\"urlTemplate\":\"https:\/\/www.iplay.com\/en\/?s={search_term_string}\"},\"query-input\":{\"@type\":\"PropertyValueSpecification\",\"valueRequired\":true,\"valueName\":\"search_term_string\"}}],\"inLanguage\":\"de-DE\"},{\"@type\":\"Organization\",\"@id\":\"https:\/\/www.iplay.com\/en\/#organization\",\"name\":\"IPlay\",\"url\":\"https:\/\/www.iplay.com\/en\/\",\"logo\":{\"@type\":\"ImageObject\",\"inLanguage\":\"de-DE\",\"@id\":\"https:\/\/www.iplay.com\/en\/#\/schema\/logo\/image\/\",\"url\":\"https:\/\/www.iplay.com\/wp-content\/uploads\/2023\/11\/Group-6100.svg\",\"contentUrl\":\"https:\/\/www.iplay.com\/wp-content\/uploads\/2023\/11\/Group-6100.svg\",\"width\":98,\"height\":25,\"caption\":\"IPlay\"},\"image\":{\"@id\":\"https:\/\/www.iplay.com\/en\/#\/schema\/logo\/image\/\"}}]}<\/script>\n<!-- \/ Yoast SEO Premium plugin. -->","yoast_head_json":{"title":"Mystical Riddles: Haunted Portraits Collector's Edition - IPlay","description":"Mystical Riddles: Haunted Portraits CE - Entdecke eine Spukschule","robots":{"index":"index","follow":"follow","max-snippet":"max-snippet:-1","max-image-preview":"max-image-preview:large","max-video-preview":"max-video-preview:-1"},"canonical":"https:\/\/www.iplay.com\/de\/games\/mystical-riddles-haunted-portraits-collectors-edition\/","og_locale":"de_DE","og_type":"article","og_title":"Mystical Riddles: Haunted Portraits Collector's Edition","og_description":"Mystical Riddles: Haunted Portraits CE - Entdecke eine Spukschule","og_url":"https:\/\/www.iplay.com\/de\/games\/mystical-riddles-haunted-portraits-collectors-edition\/","og_site_name":"IPlay","og_image":[{"width":400,"height":400,"url":"https:\/\/www.iplay.com\/wp-content\/uploads\/2024\/09\/400x400-mystical_riddles_-_haunted_portraits_ce_large_square_tile_image.webp","type":"image\/webp"}],"twitter_card":"summary_large_image","twitter_misc":{"Gesch\u00e4tzte Lesezeit":"1 Minute"},"schema":{"@context":"https:\/\/schema.org","@graph":[{"@type":"WebPage","@id":"https:\/\/www.iplay.com\/de\/games\/mystical-riddles-haunted-portraits-collectors-edition\/","url":"https:\/\/www.iplay.com\/de\/games\/mystical-riddles-haunted-portraits-collectors-edition\/","name":"Mystical Riddles: Haunted Portraits Collector's Edition - IPlay","isPartOf":{"@id":"https:\/\/www.iplay.com\/en\/#website"},"primaryImageOfPage":{"@id":"https:\/\/www.iplay.com\/de\/games\/mystical-riddles-haunted-portraits-collectors-edition\/#primaryimage"},"image":{"@id":"https:\/\/www.iplay.com\/de\/games\/mystical-riddles-haunted-portraits-collectors-edition\/#primaryimage"},"thumbnailUrl":"https:\/\/www.iplay.com\/wp-content\/uploads\/2024\/09\/400x400-mystical_riddles_-_haunted_portraits_ce_large_square_tile_image.webp","datePublished":"2024-08-09T13:00:16+00:00","description":"Mystical Riddles: Haunted Portraits CE - Entdecke eine Spukschule","breadcrumb":{"@id":"https:\/\/www.iplay.com\/de\/games\/mystical-riddles-haunted-portraits-collectors-edition\/#breadcrumb"},"inLanguage":"de-DE","potentialAction":[{"@type":"ReadAction","target":["https:\/\/www.iplay.com\/de\/games\/mystical-riddles-haunted-portraits-collectors-edition\/"]}]},{"@type":"ImageObject","inLanguage":"de-DE","@id":"https:\/\/www.iplay.com\/de\/games\/mystical-riddles-haunted-portraits-collectors-edition\/#primaryimage","url":"https:\/\/www.iplay.com\/wp-content\/uploads\/2024\/09\/400x400-mystical_riddles_-_haunted_portraits_ce_large_square_tile_image.webp","contentUrl":"https:\/\/www.iplay.com\/wp-content\/uploads\/2024\/09\/400x400-mystical_riddles_-_haunted_portraits_ce_large_square_tile_image.webp","width":400,"height":400},{"@type":"BreadcrumbList","@id":"https:\/\/www.iplay.com\/de\/games\/mystical-riddles-haunted-portraits-collectors-edition\/#breadcrumb","itemListElement":[{"@type":"ListItem","position":1,"name":"Home","item":"https:\/\/www.iplay.com\/de\/home-page-2\/"},{"@type":"ListItem","position":2,"name":"Shop","item":"https:\/\/www.iplay.com\/en\/shop\/"},{"@type":"ListItem","position":3,"name":"Mystical Riddles: Haunted Portraits Collector&#8217;s Edition"}]},{"@type":"WebSite","@id":"https:\/\/www.iplay.com\/en\/#website","url":"https:\/\/www.iplay.com\/en\/","name":"IPlay","description":"The Best Casual Games!","publisher":{"@id":"https:\/\/www.iplay.com\/en\/#organization"},"potentialAction":[{"@type":"SearchAction","target":{"@type":"EntryPoint","urlTemplate":"https:\/\/www.iplay.com\/en\/?s={search_term_string}"},"query-input":{"@type":"PropertyValueSpecification","valueRequired":true,"valueName":"search_term_string"}}],"inLanguage":"de-DE"},{"@type":"Organization","@id":"https:\/\/www.iplay.com\/en\/#organization","name":"IPlay","url":"https:\/\/www.iplay.com\/en\/","logo":{"@type":"ImageObject","inLanguage":"de-DE","@id":"https:\/\/www.iplay.com\/en\/#\/schema\/logo\/image\/","url":"https:\/\/www.iplay.com\/wp-content\/uploads\/2023\/11\/Group-6100.svg","contentUrl":"https:\/\/www.iplay.com\/wp-content\/uploads\/2023\/11\/Group-6100.svg","width":98,"height":25,"caption":"IPlay"},"image":{"@id":"https:\/\/www.iplay.com\/en\/#\/schema\/logo\/image\/"}}]}},"_links":{"self":[{"href":"https:\/\/www.iplay.com\/de\/wp-json\/wp\/v2\/product\/127760","targetHints":{"allow":["GET"]}}],"collection":[{"href":"https:\/\/www.iplay.com\/de\/wp-json\/wp\/v2\/product"}],"about":[{"href":"https:\/\/www.iplay.com\/de\/wp-json\/wp\/v2\/types\/product"}],"author":[{"embeddable":true,"href":"https:\/\/www.iplay.com\/de\/wp-json\/wp\/v2\/users\/52"}],"replies":[{"embeddable":true,"href":"https:\/\/www.iplay.com\/de\/wp-json\/wp\/v2\/comments?post=127760"}],"wp:featuredmedia":[{"embeddable":true,"href":"https:\/\/www.iplay.com\/de\/wp-json\/wp\/v2\/media\/38731"}],"wp:attachment":[{"href":"https:\/\/www.iplay.com\/de\/wp-json\/wp\/v2\/media?parent=127760"}],"wp:term":[{"taxonomy":"product_brand","embeddable":true,"href":"https:\/\/www.iplay.com\/de\/wp-json\/wp\/v2\/product_brand?post=127760"},{"taxonomy":"product_cat","embeddable":true,"href":"https:\/\/www.iplay.com\/de\/wp-json\/wp\/v2\/product_cat?post=127760"},{"taxonomy":"product_tag","embeddable":true,"href":"https:\/\/www.iplay.com\/de\/wp-json\/wp\/v2\/product_tag?post=127760"}],"curies":[{"name":"wp","href":"https:\/\/api.w.org\/{rel}","templated":true}]}}