{"id":127507,"date":"2024-10-23T08:00:15","date_gmt":"2024-10-23T08:00:15","guid":{"rendered":"https:\/\/www.iplay.com\/games\/halloween-trick-or-treat-3\/"},"modified":"2024-10-23T08:00:15","modified_gmt":"2024-10-23T08:00:15","slug":"halloween-trick-or-treat-3","status":"publish","type":"product","link":"https:\/\/www.iplay.com\/de\/games\/halloween-trick-or-treat-3\/","title":{"rendered":"Halloween: Trick or Treat 3"},"content":{"rendered":"<p>Das sch\u00f6nste Halloween-Erlebnis erwartet Sie in Springfield, wo das Gruselige und das Spektakul\u00e4re f\u00fcr eine Nacht voller Spa\u00df, Abenteuer und Nervenkitzel zusammenkommen. Die Szene spielt nach einem unterhaltsamen Tag, an dem sie den Rangern im Pinecreek Hills National Park bei den Vorbereitungen f\u00fcr Halloween geholfen haben. Sobald die Vorbereitungen abgeschlossen sind, ist es an der Zeit, zu Omas Haus zu gehen, um K\u00fcrbisse zu schnitzen, eine der beliebtesten Halloween-Traditionen.  <\/p>\n<p>W\u00e4hrend die Feierlichkeiten weitergehen, gibt es keinen Mangel an G\u00e4nsehautspa\u00df. Abenteurer k\u00f6nnen sich auf eine gruselige Flusskreuzfahrt begeben, entlang des unheimlichen K\u00fcrbispfads wandern oder sogar in eine Geisterbahn steigen, die unterwegs viele gruselige \u00dcberraschungen verspricht. Gerade als die Nacht ihren H\u00f6hepunkt erreicht, ist es Zeit f\u00fcr S\u00fc\u00dfes oder Saures, und die Kinder in Springfield sind bereit, sowohl leckere Leckereien als auch ein paar unerwartete, be\u00e4ngstigende Tricks zu sammeln.  <\/p>\n<p>Zu Hause wird die S\u00fc\u00dfigkeitenbeute geteilt, Geschichten werden erz\u00e4hlt und die unheimliche Magie von Halloween bleibt auch im Laufe der Nacht bestehen. Mit seiner reichhaltigen Mischung aus Geistern, Gespenstern und lustigen Aktivit\u00e4ten sorgt <strong>&#8220;Halloween: Trick or Treat 3&#8221;<\/strong> f\u00fcr stundenlange familienfreundliche Unterhaltung, die Spieler jeden Alters begeistern wird. <\/p>\n<p>Funktionen<\/p>\n<ul>\n<li><em>S\u00fc\u00dfes oder Saures in Springfield:<\/em> Die charmante Stadt Springfield wird in lebendigen Details zum Leben erweckt, wo die Spieler die Magie von S\u00fc\u00dfem oder Saurem genie\u00dfen k\u00f6nnen. Die Stra\u00dfen sind festlich geschm\u00fcckt und an jeder Ecke lauern gruselige \u00dcberraschungen. Egal, ob es darum geht, S\u00fc\u00dfigkeiten zu sammeln oder sich ein paar gruseligen Tricks zu stellen, der Nervenkitzel der Halloween-Nacht wird perfekt eingefangen.  <\/li>\n<li><em>Atemberaubende Grafik und fesselndes Gameplay <\/em>:Jeder Ort ist mit au\u00dfergew\u00f6hnlicher Liebe zum Detail gestaltet und bietet visuell beeindruckende Szenen voller Halloween-Stimmung. Von leuchtenden K\u00fcrbislaternen bis hin zu nebelverhangenen Friedh\u00f6fen taucht jedes Level die Spieler in die unheimliche Atmosph\u00e4re der Saison ein. In Verbindung mit dem fl\u00fcssigen Gameplay werden Spieler jeden Alters von der Welt, die sie erkunden, gefesselt sein.  <\/li>\n<li><em>Unglaubliche Kost\u00fcme : <\/em>Die Charaktere im Spiel sind in fantastische Halloween-Kost\u00fcme gekleidet, einer kreativer als der andere. Von klassischen Hexen und Vampiren bis hin zu aufwendigeren und skurrileren Outfits tr\u00e4gt die Vielfalt der Kost\u00fcme zur festlichen Atmosph\u00e4re des Spiels bei und erweckt die Charaktere zum Leben. <\/li>\n<li><em>Gro\u00dfartige Wimmelbildspiele (HOGs) und Mini-Puzzles : <\/em>F\u00fcr diejenigen, die Wimmelbildspiele lieben, bietet Halloween: Trick or Treat 3 gro\u00dfartige HOGs, die die Spieler herausfordern, in den Levels clever versteckte Gegenst\u00e4nde zu finden. Zus\u00e4tzlich zu den Wimmelbildszenen bietet eine Reihe von Mini-Puzzles eine unterhaltsame und interaktive M\u00f6glichkeit, das Gameplay abwechslungsreich und fesselnd zu gestalten. Die Spieler k\u00f6nnen sich auf R\u00e4tsel freuen, die von logischen Herausforderungen bis hin zu kreativen Probleml\u00f6sungsaufgaben reichen.  <\/li>\n<li><em>Eine einzigartige Handlung mit pers\u00f6nlicher Note : <\/em>Neben der fesselnden Grafik und den R\u00e4tseln bietet Halloween: Trick or Treat 3 eine einzigartige Handlung, die das gesamte Abenteuer miteinander verbindet. Die Reise durch Springfield und Pinecreek Hills wird durch eine Reihe von herzerw\u00e4rmenden und gruseligen Ereignissen erz\u00e4hlt, die ein unvergessliches Erlebnis f\u00fcr alle schaffen. Die Aufnahme eines Fotoalbums erm\u00f6glicht es den Spielern, die Magie ihres Abenteuers noch lange nach dem Ende des Spiels noch einmal zu erleben.  <\/li>\n<\/ul>\n<p>Warum <strong>Halloween: Trick or Treat 3<\/strong> das perfekte Spiel f\u00fcr die Weihnachtszeit ist<\/p>\n<ul>\n<li><em>Familienfreundlicher Spa\u00df:<\/em> Das Spiel ist f\u00fcr Spieler jeden Alters konzipiert und damit eine ausgezeichnete Option f\u00fcr Familien, um es gemeinsam zu genie\u00dfen. Die Balance zwischen kniffligen R\u00e4tseln, aufregendem Gameplay und charmanter Grafik sorgt daf\u00fcr, dass f\u00fcr jeden etwas dabei ist. <\/li>\n<li><em>Stunden der Unterhaltung:<\/em> Mit so vielen verschiedenen Aktivit\u00e4ten, die es zu erkunden gilt, von S\u00fc\u00dfem oder Saurem bis hin zum Erfinden gruseliger Geschichten mit Oma, sind den Spielern stundenlanger Spielspa\u00df garantiert. Jede Szene und jedes R\u00e4tsel ist sorgf\u00e4ltig gestaltet, um das ganze Spiel \u00fcber frisch und spannend zu halten. <\/li>\n<li><em>Saisonale Vibes:<\/em> Von den leuchtenden K\u00fcrbissen bis hin zum unheimlichen Nebel, der \u00fcber die Stra\u00dfen von Springfield zieht, f\u00e4ngt Halloween: Trick or Treat 3 die Essenz von Halloween perfekt ein. Es ist eine Feier der gruseligen Jahreszeit, verpackt in ein unterhaltsames, fesselndes Spiel. <\/li>\n<li><em>Wiederspielbarkeit:<\/em> Mit seiner Kombination aus Wimmelbildn, R\u00e4tseln und einer liebenswerten Geschichte bietet das Spiel viele Gr\u00fcnde, zur\u00fcckzukommen und wieder zu spielen. Jeder Spieldurchgang bringt neue \u00dcberraschungen mit sich, und der Spa\u00df am L\u00f6sen von R\u00e4tseln wird nie langweilig. <\/li>\n<\/ul>\n<p>Egal, ob du auf der Suche nach einem Spiel bist, das den gruseligen Geist von Halloween einf\u00e4ngt, oder einfach nur ein lustiges Abenteuer genie\u00dfen m\u00f6chtest, an dem die ganze Familie teilnehmen kann, <strong>Halloween: Trick or Treat 3<\/strong> bietet an allen Fronten. Von S\u00fc\u00dfem oder Saurem in den bunten Stra\u00dfen von Springfield \u00fcber die Erkundung unheimlicher Orte bis hin zum L\u00f6sen kreativer R\u00e4tsel gibt es keinen besseren Weg, um in Halloween-Stimmung zu kommen. Trommeln Sie also Ihre Familie zusammen, schnitzen Sie den einen oder anderen K\u00fcrbis und tauchen Sie ein in das beste Halloween-Abenteuer des Jahres!<\/p>\n","protected":false},"excerpt":{"rendered":"<p>Das sch\u00f6nste Halloween-Erlebnis erwartet Sie in Springfield, wo das Gruselige und das Spektakul\u00e4re f\u00fcr eine Nacht voller Spa\u00df, Abenteuer und Nervenkitzel zusammenkommen<\/p>\n","protected":false},"author":37,"featured_media":38720,"comment_status":"open","ping_status":"closed","template":"","meta":{"_acf_changed":false,"inline_featured_image":false},"product_brand":[],"product_cat":[164,188,194],"product_tag":[302,289],"class_list":{"0":"post-127507","1":"product","2":"type-product","3":"status-publish","4":"has-post-thumbnail","6":"product_cat-hidden-object-de","7":"product_cat-play-for-free-de","8":"product_cat-puzzle-de","9":"product_tag-play-for-free-de","10":"product_tag-play-on-pc-de","12":"first","13":"instock","14":"shipping-taxable","15":"purchasable","16":"product-type-simple"},"acf":[],"yoast_head":"<!-- This site is optimized with the Yoast SEO Premium plugin v25.2 (Yoast SEO v25.2) - https:\/\/yoast.com\/wordpress\/plugins\/seo\/ -->\n<title>Halloween: Trick or Treat 3 - Genie\u00dfe einen fantastischen Halloween-Leckerbissen!<\/title>\n<meta name=\"description\" content=\"Das sch\u00f6nste Halloween-Erlebnis erwartet Sie in Springfield, wo das Gruselige und das Spektakul\u00e4re f\u00fcr eine Nacht voller Spa\u00df, Abenteuer und Nervenkitzel zusammenkommen\" \/>\n<meta name=\"robots\" content=\"index, follow, max-snippet:-1, max-image-preview:large, max-video-preview:-1\" \/>\n<link rel=\"canonical\" href=\"https:\/\/www.iplay.com\/de\/games\/halloween-trick-or-treat-3\/\" \/>\n<meta property=\"og:locale\" content=\"de_DE\" \/>\n<meta property=\"og:type\" content=\"article\" \/>\n<meta property=\"og:title\" content=\"Halloween: Trick or Treat 3\" \/>\n<meta property=\"og:description\" content=\"Das sch\u00f6nste Halloween-Erlebnis erwartet Sie in Springfield, wo das Gruselige und das Spektakul\u00e4re f\u00fcr eine Nacht voller Spa\u00df, Abenteuer und Nervenkitzel zusammenkommen\" \/>\n<meta property=\"og:url\" content=\"https:\/\/www.iplay.com\/de\/games\/halloween-trick-or-treat-3\/\" \/>\n<meta property=\"og:site_name\" content=\"IPlay\" \/>\n<meta property=\"og:image\" content=\"https:\/\/www.iplay.com\/wp-content\/uploads\/2024\/09\/400x400-halloween_-_trick_or_treat_3_large_square_tile_image.webp\" \/>\n\t<meta property=\"og:image:width\" content=\"400\" \/>\n\t<meta property=\"og:image:height\" content=\"400\" \/>\n\t<meta property=\"og:image:type\" content=\"image\/webp\" \/>\n<meta name=\"twitter:card\" content=\"summary_large_image\" \/>\n<meta name=\"twitter:label1\" content=\"Gesch\u00e4tzte Lesezeit\" \/>\n\t<meta name=\"twitter:data1\" content=\"4 Minuten\" \/>\n<script type=\"application\/ld+json\" class=\"yoast-schema-graph\">{\"@context\":\"https:\/\/schema.org\",\"@graph\":[{\"@type\":\"WebPage\",\"@id\":\"https:\/\/www.iplay.com\/de\/games\/halloween-trick-or-treat-3\/\",\"url\":\"https:\/\/www.iplay.com\/de\/games\/halloween-trick-or-treat-3\/\",\"name\":\"Halloween: Trick or Treat 3 - Genie\u00dfe einen fantastischen Halloween-Leckerbissen!\",\"isPartOf\":{\"@id\":\"https:\/\/www.iplay.com\/en\/#website\"},\"primaryImageOfPage\":{\"@id\":\"https:\/\/www.iplay.com\/de\/games\/halloween-trick-or-treat-3\/#primaryimage\"},\"image\":{\"@id\":\"https:\/\/www.iplay.com\/de\/games\/halloween-trick-or-treat-3\/#primaryimage\"},\"thumbnailUrl\":\"https:\/\/www.iplay.com\/wp-content\/uploads\/2024\/09\/400x400-halloween_-_trick_or_treat_3_large_square_tile_image.webp\",\"datePublished\":\"2024-10-23T08:00:15+00:00\",\"description\":\"Das sch\u00f6nste Halloween-Erlebnis erwartet Sie in Springfield, wo das Gruselige und das Spektakul\u00e4re f\u00fcr eine Nacht voller Spa\u00df, Abenteuer und Nervenkitzel zusammenkommen\",\"breadcrumb\":{\"@id\":\"https:\/\/www.iplay.com\/de\/games\/halloween-trick-or-treat-3\/#breadcrumb\"},\"inLanguage\":\"de-DE\",\"potentialAction\":[{\"@type\":\"ReadAction\",\"target\":[\"https:\/\/www.iplay.com\/de\/games\/halloween-trick-or-treat-3\/\"]}]},{\"@type\":\"ImageObject\",\"inLanguage\":\"de-DE\",\"@id\":\"https:\/\/www.iplay.com\/de\/games\/halloween-trick-or-treat-3\/#primaryimage\",\"url\":\"https:\/\/www.iplay.com\/wp-content\/uploads\/2024\/09\/400x400-halloween_-_trick_or_treat_3_large_square_tile_image.webp\",\"contentUrl\":\"https:\/\/www.iplay.com\/wp-content\/uploads\/2024\/09\/400x400-halloween_-_trick_or_treat_3_large_square_tile_image.webp\",\"width\":400,\"height\":400},{\"@type\":\"BreadcrumbList\",\"@id\":\"https:\/\/www.iplay.com\/de\/games\/halloween-trick-or-treat-3\/#breadcrumb\",\"itemListElement\":[{\"@type\":\"ListItem\",\"position\":1,\"name\":\"Home\",\"item\":\"https:\/\/www.iplay.com\/de\/home-page-2\/\"},{\"@type\":\"ListItem\",\"position\":2,\"name\":\"Shop\",\"item\":\"https:\/\/www.iplay.com\/en\/shop\/\"},{\"@type\":\"ListItem\",\"position\":3,\"name\":\"Halloween: Trick or Treat 3\"}]},{\"@type\":\"WebSite\",\"@id\":\"https:\/\/www.iplay.com\/en\/#website\",\"url\":\"https:\/\/www.iplay.com\/en\/\",\"name\":\"IPlay\",\"description\":\"The Best Casual Games!\",\"publisher\":{\"@id\":\"https:\/\/www.iplay.com\/en\/#organization\"},\"potentialAction\":[{\"@type\":\"SearchAction\",\"target\":{\"@type\":\"EntryPoint\",\"urlTemplate\":\"https:\/\/www.iplay.com\/en\/?s={search_term_string}\"},\"query-input\":{\"@type\":\"PropertyValueSpecification\",\"valueRequired\":true,\"valueName\":\"search_term_string\"}}],\"inLanguage\":\"de-DE\"},{\"@type\":\"Organization\",\"@id\":\"https:\/\/www.iplay.com\/en\/#organization\",\"name\":\"IPlay\",\"url\":\"https:\/\/www.iplay.com\/en\/\",\"logo\":{\"@type\":\"ImageObject\",\"inLanguage\":\"de-DE\",\"@id\":\"https:\/\/www.iplay.com\/en\/#\/schema\/logo\/image\/\",\"url\":\"https:\/\/www.iplay.com\/wp-content\/uploads\/2023\/11\/Group-6100.svg\",\"contentUrl\":\"https:\/\/www.iplay.com\/wp-content\/uploads\/2023\/11\/Group-6100.svg\",\"width\":98,\"height\":25,\"caption\":\"IPlay\"},\"image\":{\"@id\":\"https:\/\/www.iplay.com\/en\/#\/schema\/logo\/image\/\"}}]}<\/script>\n<!-- \/ Yoast SEO Premium plugin. -->","yoast_head_json":{"title":"Halloween: Trick or Treat 3 - Genie\u00dfe einen fantastischen Halloween-Leckerbissen!","description":"Das sch\u00f6nste Halloween-Erlebnis erwartet Sie in Springfield, wo das Gruselige und das Spektakul\u00e4re f\u00fcr eine Nacht voller Spa\u00df, Abenteuer und Nervenkitzel zusammenkommen","robots":{"index":"index","follow":"follow","max-snippet":"max-snippet:-1","max-image-preview":"max-image-preview:large","max-video-preview":"max-video-preview:-1"},"canonical":"https:\/\/www.iplay.com\/de\/games\/halloween-trick-or-treat-3\/","og_locale":"de_DE","og_type":"article","og_title":"Halloween: Trick or Treat 3","og_description":"Das sch\u00f6nste Halloween-Erlebnis erwartet Sie in Springfield, wo das Gruselige und das Spektakul\u00e4re f\u00fcr eine Nacht voller Spa\u00df, Abenteuer und Nervenkitzel zusammenkommen","og_url":"https:\/\/www.iplay.com\/de\/games\/halloween-trick-or-treat-3\/","og_site_name":"IPlay","og_image":[{"width":400,"height":400,"url":"https:\/\/www.iplay.com\/wp-content\/uploads\/2024\/09\/400x400-halloween_-_trick_or_treat_3_large_square_tile_image.webp","type":"image\/webp"}],"twitter_card":"summary_large_image","twitter_misc":{"Gesch\u00e4tzte Lesezeit":"4 Minuten"},"schema":{"@context":"https:\/\/schema.org","@graph":[{"@type":"WebPage","@id":"https:\/\/www.iplay.com\/de\/games\/halloween-trick-or-treat-3\/","url":"https:\/\/www.iplay.com\/de\/games\/halloween-trick-or-treat-3\/","name":"Halloween: Trick or Treat 3 - Genie\u00dfe einen fantastischen Halloween-Leckerbissen!","isPartOf":{"@id":"https:\/\/www.iplay.com\/en\/#website"},"primaryImageOfPage":{"@id":"https:\/\/www.iplay.com\/de\/games\/halloween-trick-or-treat-3\/#primaryimage"},"image":{"@id":"https:\/\/www.iplay.com\/de\/games\/halloween-trick-or-treat-3\/#primaryimage"},"thumbnailUrl":"https:\/\/www.iplay.com\/wp-content\/uploads\/2024\/09\/400x400-halloween_-_trick_or_treat_3_large_square_tile_image.webp","datePublished":"2024-10-23T08:00:15+00:00","description":"Das sch\u00f6nste Halloween-Erlebnis erwartet Sie in Springfield, wo das Gruselige und das Spektakul\u00e4re f\u00fcr eine Nacht voller Spa\u00df, Abenteuer und Nervenkitzel zusammenkommen","breadcrumb":{"@id":"https:\/\/www.iplay.com\/de\/games\/halloween-trick-or-treat-3\/#breadcrumb"},"inLanguage":"de-DE","potentialAction":[{"@type":"ReadAction","target":["https:\/\/www.iplay.com\/de\/games\/halloween-trick-or-treat-3\/"]}]},{"@type":"ImageObject","inLanguage":"de-DE","@id":"https:\/\/www.iplay.com\/de\/games\/halloween-trick-or-treat-3\/#primaryimage","url":"https:\/\/www.iplay.com\/wp-content\/uploads\/2024\/09\/400x400-halloween_-_trick_or_treat_3_large_square_tile_image.webp","contentUrl":"https:\/\/www.iplay.com\/wp-content\/uploads\/2024\/09\/400x400-halloween_-_trick_or_treat_3_large_square_tile_image.webp","width":400,"height":400},{"@type":"BreadcrumbList","@id":"https:\/\/www.iplay.com\/de\/games\/halloween-trick-or-treat-3\/#breadcrumb","itemListElement":[{"@type":"ListItem","position":1,"name":"Home","item":"https:\/\/www.iplay.com\/de\/home-page-2\/"},{"@type":"ListItem","position":2,"name":"Shop","item":"https:\/\/www.iplay.com\/en\/shop\/"},{"@type":"ListItem","position":3,"name":"Halloween: Trick or Treat 3"}]},{"@type":"WebSite","@id":"https:\/\/www.iplay.com\/en\/#website","url":"https:\/\/www.iplay.com\/en\/","name":"IPlay","description":"The Best Casual Games!","publisher":{"@id":"https:\/\/www.iplay.com\/en\/#organization"},"potentialAction":[{"@type":"SearchAction","target":{"@type":"EntryPoint","urlTemplate":"https:\/\/www.iplay.com\/en\/?s={search_term_string}"},"query-input":{"@type":"PropertyValueSpecification","valueRequired":true,"valueName":"search_term_string"}}],"inLanguage":"de-DE"},{"@type":"Organization","@id":"https:\/\/www.iplay.com\/en\/#organization","name":"IPlay","url":"https:\/\/www.iplay.com\/en\/","logo":{"@type":"ImageObject","inLanguage":"de-DE","@id":"https:\/\/www.iplay.com\/en\/#\/schema\/logo\/image\/","url":"https:\/\/www.iplay.com\/wp-content\/uploads\/2023\/11\/Group-6100.svg","contentUrl":"https:\/\/www.iplay.com\/wp-content\/uploads\/2023\/11\/Group-6100.svg","width":98,"height":25,"caption":"IPlay"},"image":{"@id":"https:\/\/www.iplay.com\/en\/#\/schema\/logo\/image\/"}}]}},"_links":{"self":[{"href":"https:\/\/www.iplay.com\/de\/wp-json\/wp\/v2\/product\/127507","targetHints":{"allow":["GET"]}}],"collection":[{"href":"https:\/\/www.iplay.com\/de\/wp-json\/wp\/v2\/product"}],"about":[{"href":"https:\/\/www.iplay.com\/de\/wp-json\/wp\/v2\/types\/product"}],"author":[{"embeddable":true,"href":"https:\/\/www.iplay.com\/de\/wp-json\/wp\/v2\/users\/37"}],"replies":[{"embeddable":true,"href":"https:\/\/www.iplay.com\/de\/wp-json\/wp\/v2\/comments?post=127507"}],"wp:featuredmedia":[{"embeddable":true,"href":"https:\/\/www.iplay.com\/de\/wp-json\/wp\/v2\/media\/38720"}],"wp:attachment":[{"href":"https:\/\/www.iplay.com\/de\/wp-json\/wp\/v2\/media?parent=127507"}],"wp:term":[{"taxonomy":"product_brand","embeddable":true,"href":"https:\/\/www.iplay.com\/de\/wp-json\/wp\/v2\/product_brand?post=127507"},{"taxonomy":"product_cat","embeddable":true,"href":"https:\/\/www.iplay.com\/de\/wp-json\/wp\/v2\/product_cat?post=127507"},{"taxonomy":"product_tag","embeddable":true,"href":"https:\/\/www.iplay.com\/de\/wp-json\/wp\/v2\/product_tag?post=127507"}],"curies":[{"name":"wp","href":"https:\/\/api.w.org\/{rel}","templated":true}]}}