{"id":127474,"date":"2024-10-07T12:05:54","date_gmt":"2024-10-07T12:05:54","guid":{"rendered":"https:\/\/www.iplay.com\/games\/fantasy-mosaics-super-pack-volume-4\/"},"modified":"2024-10-07T12:05:54","modified_gmt":"2024-10-07T12:05:54","slug":"fantasy-mosaics-super-pack-volume-4","status":"publish","type":"product","link":"https:\/\/www.iplay.com\/de\/games\/fantasy-mosaics-super-pack-volume-4\/","title":{"rendered":"Fantasy Mosaics Super Pack &#8211; Volume 4"},"content":{"rendered":"<p>Begleite die Pinguinfamilie auf einer aufregenden Reise durch ferne Galaxien, atemberaubende Planeten und fantastische Landschaften in diesem au\u00dfergew\u00f6hnlichen Fantasy Mosaics Super Pack. Mit sechs fesselnden Abenteuern, von denen jedes eine Reihe neuer Herausforderungen und entz\u00fcckender R\u00e4tsel bietet, die dich unterhalten werden, w\u00e4hrend du deine F\u00e4higkeiten zum L\u00f6sen von R\u00e4tseln erweiterst. Auf deinem Weg triffst du auf eine Vielzahl von farbenfrohen Umgebungen, freundlichen Charakteren und verbl\u00fcffenden Mosaiken, die deinen Verstand und deine Kreativit\u00e4t auf die Probe stellen werden.  <\/p>\n<p>Das <strong>Fantasy Mosaics Super Pack &#8211; Volume 4<\/strong> bietet stundenlangen Spielspa\u00df f\u00fcr Puzzle-Liebhaber jeden Alters. Egal, ob du auf der Suche nach einer entspannenden Flucht oder einer aufregenden mentalen Herausforderung bist, diese Spiele sind so konzipiert, dass sie deinen Geist besch\u00e4ftigen und endlose Unterhaltung bieten. <\/p>\n<p>&nbsp;<\/p>\n<p><strong>Fantasy Mosaics 19: Am Rande der Welt<\/strong><\/p>\n<p>In diesem spannenden Kapitel begibt sich die Pinguinfamilie auf eine waghalsige Expedition bis an den Rand der Welt. Ihre Mission? So entdecken Sie eine neue Position, w\u00e4hrend Sie die Mosaik-Farbpalette erweitern. Auf ihrem Weg begegnen sie einem mysteri\u00f6sen au\u00dferirdischen Pinguin, der sie durch eine Reihe von herausfordernden R\u00e4tseln f\u00fchrt. Das Abenteuer f\u00fchrt dich in atemberaubende neue Umgebungen und f\u00fchrt eine Vielzahl farbenfroher Mosaike ein, die sorgf\u00e4ltiges Nachdenken und Strategie erfordern, um sie zu l\u00f6sen. Wirst du in der Lage sein, den Pinguinen zu helfen, ihre Mission zu erf\u00fcllen?     <\/p>\n<p>&nbsp;<\/p>\n<p><strong>Fantasy Mosaics 20: Schloss der R\u00e4tsel<\/strong><\/p>\n<p>Onkel Aaron und Mr. Pinguin haben eine \u00dcberraschung auf Lager \u2013 einen Besuch in einem alten Schloss voller verwirrender R\u00e4tsel! W\u00e4hrend die Pinguine diese gro\u00dfartige alte Festung erkunden, entdecken sie eine Sammlung leuchtender Farbt\u00f6ne, die sie ihrer st\u00e4ndig wachsenden Mosaiksammlung hinzuf\u00fcgen k\u00f6nnen. Neben diesen neuen Farben triffst du die schrulligen Bewohner des Schlosses, die dich vor neue Pixel-Art-Herausforderungen stellen. Mit jedem gel\u00f6sten R\u00e4tsel l\u00fcftest du weitere Geheimnisse dieses faszinierenden Schlosses und seiner farbenfrohen Vergangenheit.   <\/p>\n<p>&nbsp;<\/p>\n<p><strong>Fantasy Mosaics 21: Am Filmset<\/strong><\/p>\n<p>Licht, Kamera, Action! Mrs. Penguin wurde in ein ber\u00fchmtes Filmstudio eingeladen, und die gesamte Pinguinfamilie ist gespannt darauf, die aufregende Welt des Filmemachens zu erkunden. Werden sie eine Hauptrolle im neuesten Blockbuster bekommen? Ob sie es tun oder nicht, eines ist sicher \u2013 die neuesten Herausforderungen f\u00fcr mehrfarbige Mosaike warten auf Sie! W\u00e4hrend du die Pinguine durch das Studio f\u00fchrst, st\u00f6\u00dft du auf R\u00e4tsel, die vom Glanz und Glamour Hollywoods inspiriert sind und eine reizvolle Mischung aus Kino und Spa\u00df beim L\u00f6sen von Mosaiken bieten.    <\/p>\n<p>&nbsp;<\/p>\n<p><strong>Fantasy Mosaics 22: Sommerferien<\/strong><\/p>\n<p>Es ist Zeit f\u00fcr die wohlverdiente Sommerpause und die Pinguinfamilie macht sich auf den Weg zum S\u00fcdpol, um alte Freunde wiederzusehen. Aber auch im Urlaub k\u00f6nnen die Pinguine der Verlockung neuer Mosaik-Puzzles nicht widerstehen. Erkunden Sie mit ihnen die eisigen Landschaften des S\u00fcdpols, wo hinter jeder Ecke frische Pixel-Art-Herausforderungen und farbenfrohe Mosaike warten. Kannst du den Pinguinen helfen, neue Farben zu entdecken und ihr Sommerabenteuer zu vollenden?   <\/p>\n<p>&nbsp;<\/p>\n<p><strong>Fantasy Mosaics 23: Magischer Wald<\/strong><\/p>\n<p>Ein magischer Wald ruft, und die Pinguinfamilie ist bereit, seine bezaubernden Geheimnisse zu erkunden. In dieser entz\u00fcckenden Folge reist du durch einen Wald, der von interaktiven Kreaturen bewohnt wird, die dir bei deinem Abenteuer beim L\u00f6sen von R\u00e4tseln helfen. Jeder Schritt durch den verwunschenen Wald bringt neue Herausforderungen, skurrile Charaktere und lebendige Mosaike mit sich. Tauchen Sie ein in diese fesselnde Welt und versuchen Sie, die zwischen den B\u00e4umen versteckten R\u00e4tsel zu l\u00f6sen.   <\/p>\n<p>&nbsp;<\/p>\n<p><strong>Fantasy Mosaics 24: Verlassene Insel<\/strong><\/p>\n<p>Eine einsame tropische Insel bietet die perfekte Kulisse f\u00fcr das n\u00e4chste Abenteuer der Pinguinfamilie. Doch diese Insel ist alles andere als einsam \u2013 interaktive Bewohner warten darauf, dich zu treffen und dich vor neue Mosaik-Herausforderungen zu stellen. W\u00e4hrend du die \u00fcppigen Landschaften der Insel erkundest, entdeckst du Geheimnisse, l\u00f6st R\u00e4tsel und hilfst den Pinguinen bei ihrer Entdeckungsreise. Machen Sie sich bereit f\u00fcr eine aufregende Reise durch diese lebendige und mysteri\u00f6se Insel!   <\/p>\n<p>&nbsp;<\/p>\n<p><strong>Super Pack-Funktionen<\/strong><\/p>\n<ul>\n<li><em>Hunderte von Mosaiken:<\/em> Mit sechs Spielen in einem Paket hast du Zugriff auf Hunderte von lebendigen, herausfordernden Mosaik-R\u00e4tseln.<\/li>\n<li><em>Bunte Pixelkunst:<\/em> Jedes Spiel f\u00fchrt eine gro\u00dfe Auswahl an neuen Farben und Bildern ein, die das visuelle Erlebnis beim L\u00f6sen jedes R\u00e4tsels verbessern.<\/li>\n<li><em>Vielzahl von Standorten:<\/em> Reisen Sie vom Rand der Welt zu Filmsets, magischen W\u00e4ldern und verlassenen Inseln, jede mit einzigartigen R\u00e4tseln und \u00dcberraschungen.<\/li>\n<li><em>Interaktive Charaktere:<\/em> Triff charmante Charaktere, die dir auf deinem Weg zur Seite stehen und deinem Abenteuer eine zus\u00e4tzliche Ebene von Spa\u00df und Engagement verleihen.<\/li>\n<li><em>Entspannendes Gameplay:<\/em> Genie\u00dfe die beruhigende Musik und das beruhigende Tempo des Spiels, w\u00e4hrend du Mosaike in deinem eigenen Tempo l\u00f6st \u2013 perfekt, um dich nach einem langen Tag zu entspannen.<\/li>\n<li><em>Herausfordernde R\u00e4tsel:<\/em> W\u00e4hrend die Spiele eine entspannte Atmosph\u00e4re bieten, sind die R\u00e4tsel so konzipiert, dass sie Ihre Logik- und Probleml\u00f6sungsf\u00e4higkeiten herausfordern, was jedes abgeschlossene Mosaik zu einer lohnenden Leistung macht.<\/li>\n<\/ul>\n<p>&nbsp;<\/p>\n<p>Egal, wohin die Abenteuer der Pinguinfamilie sie f\u00fchren, Sie werden garantiert ein entz\u00fcckendes Erlebnis voller lebendiger Kunst, faszinierender R\u00e4tsel und vieler \u00dcberraschungen haben. Egal, ob du ein erfahrener Puzzle-Enthusiast bist oder einfach nur nach einem unterhaltsamen und entspannenden Zeitvertreib suchst, das Fantasy Mosaics Super Pack bietet f\u00fcr jeden etwas. Erkunde ferne Welten, l\u00fcfte Geheimnisse und genie\u00dfe stundenlange Unterhaltung in diesem r\u00e4tselhaften Abenteuer!<\/p>\n","protected":false},"excerpt":{"rendered":"<p>Begleite die Pinguinfamilie auf einer aufregenden Reise durch ferne Galaxien, atemberaubende Planeten und fantastische Landschaften in diesem au\u00dfergew\u00f6hnlichen <strong>Fantasy Mosaics Super Pack. <\/strong> <\/p>\n","protected":false},"author":275,"featured_media":38718,"comment_status":"open","ping_status":"closed","template":"","meta":{"_acf_changed":false,"inline_featured_image":false},"product_brand":[],"product_cat":[194],"product_tag":[],"class_list":{"0":"post-127474","1":"product","2":"type-product","3":"status-publish","4":"has-post-thumbnail","6":"product_cat-puzzle-de","8":"first","9":"instock","10":"shipping-taxable","11":"purchasable","12":"product-type-simple"},"acf":[],"yoast_head":"<!-- This site is optimized with the Yoast SEO Premium plugin v25.2 (Yoast SEO v25.2) - https:\/\/yoast.com\/wordpress\/plugins\/seo\/ -->\n<title>Fantasy Mosaics Super Pack - Vol. 4 - Ein Traum f\u00fcr Mosaik-Fans!<\/title>\n<meta name=\"description\" content=\"Begleite die Pinguinfamilie auf einer aufregenden Reise durch ferne Galaxien, atemberaubende Planeten und fantastische Landschaften in diesem au\u00dfergew\u00f6hnlichen Fantasy Mosaics Super Pack.\" \/>\n<meta name=\"robots\" content=\"index, follow, max-snippet:-1, max-image-preview:large, max-video-preview:-1\" \/>\n<link rel=\"canonical\" href=\"https:\/\/www.iplay.com\/de\/games\/fantasy-mosaics-super-pack-volume-4\/\" \/>\n<meta property=\"og:locale\" content=\"de_DE\" \/>\n<meta property=\"og:type\" content=\"article\" \/>\n<meta property=\"og:title\" content=\"Fantasy Mosaics Super Pack - Volume 4\" \/>\n<meta property=\"og:description\" content=\"Begleite die Pinguinfamilie auf einer aufregenden Reise durch ferne Galaxien, atemberaubende Planeten und fantastische Landschaften in diesem au\u00dfergew\u00f6hnlichen Fantasy Mosaics Super Pack.\" \/>\n<meta property=\"og:url\" content=\"https:\/\/www.iplay.com\/de\/games\/fantasy-mosaics-super-pack-volume-4\/\" \/>\n<meta property=\"og:site_name\" content=\"IPlay\" \/>\n<meta property=\"og:image\" content=\"https:\/\/www.iplay.com\/wp-content\/uploads\/2024\/09\/400x400-fantasy_mosaics_super_pack_volume_4_large_square_tile_image.webp\" \/>\n\t<meta property=\"og:image:width\" content=\"400\" \/>\n\t<meta property=\"og:image:height\" content=\"400\" \/>\n\t<meta property=\"og:image:type\" content=\"image\/webp\" \/>\n<meta name=\"twitter:card\" content=\"summary_large_image\" \/>\n<meta name=\"twitter:label1\" content=\"Gesch\u00e4tzte Lesezeit\" \/>\n\t<meta name=\"twitter:data1\" content=\"5 Minuten\" \/>\n<script type=\"application\/ld+json\" class=\"yoast-schema-graph\">{\"@context\":\"https:\/\/schema.org\",\"@graph\":[{\"@type\":\"WebPage\",\"@id\":\"https:\/\/www.iplay.com\/de\/games\/fantasy-mosaics-super-pack-volume-4\/\",\"url\":\"https:\/\/www.iplay.com\/de\/games\/fantasy-mosaics-super-pack-volume-4\/\",\"name\":\"Fantasy Mosaics Super Pack - Vol. 4 - Ein Traum f\u00fcr Mosaik-Fans!\",\"isPartOf\":{\"@id\":\"https:\/\/www.iplay.com\/en\/#website\"},\"primaryImageOfPage\":{\"@id\":\"https:\/\/www.iplay.com\/de\/games\/fantasy-mosaics-super-pack-volume-4\/#primaryimage\"},\"image\":{\"@id\":\"https:\/\/www.iplay.com\/de\/games\/fantasy-mosaics-super-pack-volume-4\/#primaryimage\"},\"thumbnailUrl\":\"https:\/\/www.iplay.com\/wp-content\/uploads\/2024\/09\/400x400-fantasy_mosaics_super_pack_volume_4_large_square_tile_image.webp\",\"datePublished\":\"2024-10-07T12:05:54+00:00\",\"description\":\"Begleite die Pinguinfamilie auf einer aufregenden Reise durch ferne Galaxien, atemberaubende Planeten und fantastische Landschaften in diesem au\u00dfergew\u00f6hnlichen Fantasy Mosaics Super Pack.\",\"breadcrumb\":{\"@id\":\"https:\/\/www.iplay.com\/de\/games\/fantasy-mosaics-super-pack-volume-4\/#breadcrumb\"},\"inLanguage\":\"de-DE\",\"potentialAction\":[{\"@type\":\"ReadAction\",\"target\":[\"https:\/\/www.iplay.com\/de\/games\/fantasy-mosaics-super-pack-volume-4\/\"]}]},{\"@type\":\"ImageObject\",\"inLanguage\":\"de-DE\",\"@id\":\"https:\/\/www.iplay.com\/de\/games\/fantasy-mosaics-super-pack-volume-4\/#primaryimage\",\"url\":\"https:\/\/www.iplay.com\/wp-content\/uploads\/2024\/09\/400x400-fantasy_mosaics_super_pack_volume_4_large_square_tile_image.webp\",\"contentUrl\":\"https:\/\/www.iplay.com\/wp-content\/uploads\/2024\/09\/400x400-fantasy_mosaics_super_pack_volume_4_large_square_tile_image.webp\",\"width\":400,\"height\":400},{\"@type\":\"BreadcrumbList\",\"@id\":\"https:\/\/www.iplay.com\/de\/games\/fantasy-mosaics-super-pack-volume-4\/#breadcrumb\",\"itemListElement\":[{\"@type\":\"ListItem\",\"position\":1,\"name\":\"Home\",\"item\":\"https:\/\/www.iplay.com\/de\/home-page-2\/\"},{\"@type\":\"ListItem\",\"position\":2,\"name\":\"Shop\",\"item\":\"https:\/\/www.iplay.com\/en\/shop\/\"},{\"@type\":\"ListItem\",\"position\":3,\"name\":\"Fantasy Mosaics Super Pack &#8211; Volume 4\"}]},{\"@type\":\"WebSite\",\"@id\":\"https:\/\/www.iplay.com\/en\/#website\",\"url\":\"https:\/\/www.iplay.com\/en\/\",\"name\":\"IPlay\",\"description\":\"The Best Casual Games!\",\"publisher\":{\"@id\":\"https:\/\/www.iplay.com\/en\/#organization\"},\"potentialAction\":[{\"@type\":\"SearchAction\",\"target\":{\"@type\":\"EntryPoint\",\"urlTemplate\":\"https:\/\/www.iplay.com\/en\/?s={search_term_string}\"},\"query-input\":{\"@type\":\"PropertyValueSpecification\",\"valueRequired\":true,\"valueName\":\"search_term_string\"}}],\"inLanguage\":\"de-DE\"},{\"@type\":\"Organization\",\"@id\":\"https:\/\/www.iplay.com\/en\/#organization\",\"name\":\"IPlay\",\"url\":\"https:\/\/www.iplay.com\/en\/\",\"logo\":{\"@type\":\"ImageObject\",\"inLanguage\":\"de-DE\",\"@id\":\"https:\/\/www.iplay.com\/en\/#\/schema\/logo\/image\/\",\"url\":\"https:\/\/www.iplay.com\/wp-content\/uploads\/2023\/11\/Group-6100.svg\",\"contentUrl\":\"https:\/\/www.iplay.com\/wp-content\/uploads\/2023\/11\/Group-6100.svg\",\"width\":98,\"height\":25,\"caption\":\"IPlay\"},\"image\":{\"@id\":\"https:\/\/www.iplay.com\/en\/#\/schema\/logo\/image\/\"}}]}<\/script>\n<!-- \/ Yoast SEO Premium plugin. -->","yoast_head_json":{"title":"Fantasy Mosaics Super Pack - Vol. 4 - Ein Traum f\u00fcr Mosaik-Fans!","description":"Begleite die Pinguinfamilie auf einer aufregenden Reise durch ferne Galaxien, atemberaubende Planeten und fantastische Landschaften in diesem au\u00dfergew\u00f6hnlichen Fantasy Mosaics Super Pack.","robots":{"index":"index","follow":"follow","max-snippet":"max-snippet:-1","max-image-preview":"max-image-preview:large","max-video-preview":"max-video-preview:-1"},"canonical":"https:\/\/www.iplay.com\/de\/games\/fantasy-mosaics-super-pack-volume-4\/","og_locale":"de_DE","og_type":"article","og_title":"Fantasy Mosaics Super Pack - Volume 4","og_description":"Begleite die Pinguinfamilie auf einer aufregenden Reise durch ferne Galaxien, atemberaubende Planeten und fantastische Landschaften in diesem au\u00dfergew\u00f6hnlichen Fantasy Mosaics Super Pack.","og_url":"https:\/\/www.iplay.com\/de\/games\/fantasy-mosaics-super-pack-volume-4\/","og_site_name":"IPlay","og_image":[{"width":400,"height":400,"url":"https:\/\/www.iplay.com\/wp-content\/uploads\/2024\/09\/400x400-fantasy_mosaics_super_pack_volume_4_large_square_tile_image.webp","type":"image\/webp"}],"twitter_card":"summary_large_image","twitter_misc":{"Gesch\u00e4tzte Lesezeit":"5 Minuten"},"schema":{"@context":"https:\/\/schema.org","@graph":[{"@type":"WebPage","@id":"https:\/\/www.iplay.com\/de\/games\/fantasy-mosaics-super-pack-volume-4\/","url":"https:\/\/www.iplay.com\/de\/games\/fantasy-mosaics-super-pack-volume-4\/","name":"Fantasy Mosaics Super Pack - Vol. 4 - Ein Traum f\u00fcr Mosaik-Fans!","isPartOf":{"@id":"https:\/\/www.iplay.com\/en\/#website"},"primaryImageOfPage":{"@id":"https:\/\/www.iplay.com\/de\/games\/fantasy-mosaics-super-pack-volume-4\/#primaryimage"},"image":{"@id":"https:\/\/www.iplay.com\/de\/games\/fantasy-mosaics-super-pack-volume-4\/#primaryimage"},"thumbnailUrl":"https:\/\/www.iplay.com\/wp-content\/uploads\/2024\/09\/400x400-fantasy_mosaics_super_pack_volume_4_large_square_tile_image.webp","datePublished":"2024-10-07T12:05:54+00:00","description":"Begleite die Pinguinfamilie auf einer aufregenden Reise durch ferne Galaxien, atemberaubende Planeten und fantastische Landschaften in diesem au\u00dfergew\u00f6hnlichen Fantasy Mosaics Super Pack.","breadcrumb":{"@id":"https:\/\/www.iplay.com\/de\/games\/fantasy-mosaics-super-pack-volume-4\/#breadcrumb"},"inLanguage":"de-DE","potentialAction":[{"@type":"ReadAction","target":["https:\/\/www.iplay.com\/de\/games\/fantasy-mosaics-super-pack-volume-4\/"]}]},{"@type":"ImageObject","inLanguage":"de-DE","@id":"https:\/\/www.iplay.com\/de\/games\/fantasy-mosaics-super-pack-volume-4\/#primaryimage","url":"https:\/\/www.iplay.com\/wp-content\/uploads\/2024\/09\/400x400-fantasy_mosaics_super_pack_volume_4_large_square_tile_image.webp","contentUrl":"https:\/\/www.iplay.com\/wp-content\/uploads\/2024\/09\/400x400-fantasy_mosaics_super_pack_volume_4_large_square_tile_image.webp","width":400,"height":400},{"@type":"BreadcrumbList","@id":"https:\/\/www.iplay.com\/de\/games\/fantasy-mosaics-super-pack-volume-4\/#breadcrumb","itemListElement":[{"@type":"ListItem","position":1,"name":"Home","item":"https:\/\/www.iplay.com\/de\/home-page-2\/"},{"@type":"ListItem","position":2,"name":"Shop","item":"https:\/\/www.iplay.com\/en\/shop\/"},{"@type":"ListItem","position":3,"name":"Fantasy Mosaics Super Pack &#8211; Volume 4"}]},{"@type":"WebSite","@id":"https:\/\/www.iplay.com\/en\/#website","url":"https:\/\/www.iplay.com\/en\/","name":"IPlay","description":"The Best Casual Games!","publisher":{"@id":"https:\/\/www.iplay.com\/en\/#organization"},"potentialAction":[{"@type":"SearchAction","target":{"@type":"EntryPoint","urlTemplate":"https:\/\/www.iplay.com\/en\/?s={search_term_string}"},"query-input":{"@type":"PropertyValueSpecification","valueRequired":true,"valueName":"search_term_string"}}],"inLanguage":"de-DE"},{"@type":"Organization","@id":"https:\/\/www.iplay.com\/en\/#organization","name":"IPlay","url":"https:\/\/www.iplay.com\/en\/","logo":{"@type":"ImageObject","inLanguage":"de-DE","@id":"https:\/\/www.iplay.com\/en\/#\/schema\/logo\/image\/","url":"https:\/\/www.iplay.com\/wp-content\/uploads\/2023\/11\/Group-6100.svg","contentUrl":"https:\/\/www.iplay.com\/wp-content\/uploads\/2023\/11\/Group-6100.svg","width":98,"height":25,"caption":"IPlay"},"image":{"@id":"https:\/\/www.iplay.com\/en\/#\/schema\/logo\/image\/"}}]}},"_links":{"self":[{"href":"https:\/\/www.iplay.com\/de\/wp-json\/wp\/v2\/product\/127474","targetHints":{"allow":["GET"]}}],"collection":[{"href":"https:\/\/www.iplay.com\/de\/wp-json\/wp\/v2\/product"}],"about":[{"href":"https:\/\/www.iplay.com\/de\/wp-json\/wp\/v2\/types\/product"}],"author":[{"embeddable":true,"href":"https:\/\/www.iplay.com\/de\/wp-json\/wp\/v2\/users\/275"}],"replies":[{"embeddable":true,"href":"https:\/\/www.iplay.com\/de\/wp-json\/wp\/v2\/comments?post=127474"}],"wp:featuredmedia":[{"embeddable":true,"href":"https:\/\/www.iplay.com\/de\/wp-json\/wp\/v2\/media\/38718"}],"wp:attachment":[{"href":"https:\/\/www.iplay.com\/de\/wp-json\/wp\/v2\/media?parent=127474"}],"wp:term":[{"taxonomy":"product_brand","embeddable":true,"href":"https:\/\/www.iplay.com\/de\/wp-json\/wp\/v2\/product_brand?post=127474"},{"taxonomy":"product_cat","embeddable":true,"href":"https:\/\/www.iplay.com\/de\/wp-json\/wp\/v2\/product_cat?post=127474"},{"taxonomy":"product_tag","embeddable":true,"href":"https:\/\/www.iplay.com\/de\/wp-json\/wp\/v2\/product_tag?post=127474"}],"curies":[{"name":"wp","href":"https:\/\/api.w.org\/{rel}","templated":true}]}}