{"id":127212,"date":"2020-09-28T00:00:00","date_gmt":"2020-09-28T00:00:00","guid":{"rendered":"https:\/\/www.iplay.com\/games\/daydream-mosaics\/"},"modified":"2020-09-28T00:00:00","modified_gmt":"2020-09-28T00:00:00","slug":"daydream-mosaics","status":"publish","type":"product","link":"https:\/\/www.iplay.com\/de\/games\/daydream-mosaics\/","title":{"rendered":"DayDream Mosaics"},"content":{"rendered":"<p>Treten Sie ein in ein faszinierendes Mosaik-Wunderland! Reisen Sie durch ein altes Land, um friedliche Oasen aus der Vergangenheit zu rekonstruieren. \u00dcber 100 Levels voller zwanglosem Spa\u00df erwarten dich, wenn du Logik und Intuition einsetzt, um wundersch\u00f6ne Bilder zu entdecken, die in numerischen Mustern verborgen sind. Du kannst friedliche Oasen in realistischen Szenen schaffen, indem du die Edelsteine verwendest, die du zwischen den Levels gesammelt hast. Sobald Sie diese fantastischen Landschaften erstellt haben, k\u00f6nnen Sie sie als Hintergrundbild f\u00fcr Ihren Desktop festlegen. Der bereits umfangreiche Funktionsumfang von Daydream Mosaics wird durch fesselnde Grafiken und beruhigende Musik erg\u00e4nzt. Hervorragende Mosaike mit maximal sechs Farben sind eines der Merkmale. \u00dcber 100 Nonogramm-Levels k\u00f6nnen gel\u00f6st werden. Bau von Oasen der Ruhe. W\u00e4hlen Sie einen der drei verf\u00fcgbaren Wiedergabemodi. Jedes Nonogramm folgt einem logischen Pfad. W\u00e4hlen Sie aus einem Sortiment an Fliesenbel\u00e4gen. Sch\u00f6ne Hintergr\u00fcnde. Ein Soundtrack, der \u00e4therisch ist.<\/p>\n","protected":false},"excerpt":{"rendered":"<p>Treten Sie ein in ein faszinierendes Reich der Mosaike! Imagin\u00e4re Mosaike <\/p>\n","protected":false},"author":20,"featured_media":82067,"comment_status":"open","ping_status":"closed","template":"","meta":{"_acf_changed":false,"inline_featured_image":false},"product_brand":[],"product_cat":[194],"product_tag":[],"class_list":{"0":"post-127212","1":"product","2":"type-product","3":"status-publish","4":"has-post-thumbnail","6":"product_cat-puzzle-de","8":"first","9":"instock","10":"shipping-taxable","11":"purchasable","12":"product-type-simple"},"acf":[],"yoast_head":"<!-- This site is optimized with the Yoast SEO Premium plugin v25.2 (Yoast SEO v25.2) - https:\/\/yoast.com\/wordpress\/plugins\/seo\/ -->\n<title>DayDream Mosaics - Faszinierendes Mosaik-Wunderland! (Tagtraum-Mosaike)<\/title>\n<meta name=\"description\" content=\"Treten Sie ein in ein faszinierendes Reich der Mosaike! Imagin\u00e4re Mosaike\" \/>\n<meta name=\"robots\" content=\"index, follow, max-snippet:-1, max-image-preview:large, max-video-preview:-1\" \/>\n<link rel=\"canonical\" href=\"https:\/\/www.iplay.com\/de\/games\/daydream-mosaics\/\" \/>\n<meta property=\"og:locale\" content=\"de_DE\" \/>\n<meta property=\"og:type\" content=\"article\" \/>\n<meta property=\"og:title\" content=\"DayDream Mosaics\" \/>\n<meta property=\"og:description\" content=\"Treten Sie ein in ein faszinierendes Reich der Mosaike! Imagin\u00e4re Mosaike\" \/>\n<meta property=\"og:url\" content=\"https:\/\/www.iplay.com\/de\/games\/daydream-mosaics\/\" \/>\n<meta property=\"og:site_name\" content=\"IPlay\" \/>\n<meta property=\"og:image\" content=\"https:\/\/www.iplay.com\/wp-content\/uploads\/2023\/12\/large_square_tile_image-2635.jpg\" \/>\n\t<meta property=\"og:image:width\" content=\"310\" \/>\n\t<meta property=\"og:image:height\" content=\"310\" \/>\n\t<meta property=\"og:image:type\" content=\"image\/jpeg\" \/>\n<meta name=\"twitter:card\" content=\"summary_large_image\" \/>\n<meta name=\"twitter:label1\" content=\"Gesch\u00e4tzte Lesezeit\" \/>\n\t<meta name=\"twitter:data1\" content=\"1 Minute\" \/>\n<script type=\"application\/ld+json\" class=\"yoast-schema-graph\">{\"@context\":\"https:\/\/schema.org\",\"@graph\":[{\"@type\":\"WebPage\",\"@id\":\"https:\/\/www.iplay.com\/de\/games\/daydream-mosaics\/\",\"url\":\"https:\/\/www.iplay.com\/de\/games\/daydream-mosaics\/\",\"name\":\"DayDream Mosaics - Faszinierendes Mosaik-Wunderland! (Tagtraum-Mosaike)\",\"isPartOf\":{\"@id\":\"https:\/\/www.iplay.com\/en\/#website\"},\"primaryImageOfPage\":{\"@id\":\"https:\/\/www.iplay.com\/de\/games\/daydream-mosaics\/#primaryimage\"},\"image\":{\"@id\":\"https:\/\/www.iplay.com\/de\/games\/daydream-mosaics\/#primaryimage\"},\"thumbnailUrl\":\"https:\/\/www.iplay.com\/wp-content\/uploads\/2023\/12\/large_square_tile_image-2635.jpg\",\"datePublished\":\"2020-09-28T00:00:00+00:00\",\"description\":\"Treten Sie ein in ein faszinierendes Reich der Mosaike! Imagin\u00e4re Mosaike\",\"breadcrumb\":{\"@id\":\"https:\/\/www.iplay.com\/de\/games\/daydream-mosaics\/#breadcrumb\"},\"inLanguage\":\"de-DE\",\"potentialAction\":[{\"@type\":\"ReadAction\",\"target\":[\"https:\/\/www.iplay.com\/de\/games\/daydream-mosaics\/\"]}]},{\"@type\":\"ImageObject\",\"inLanguage\":\"de-DE\",\"@id\":\"https:\/\/www.iplay.com\/de\/games\/daydream-mosaics\/#primaryimage\",\"url\":\"https:\/\/www.iplay.com\/wp-content\/uploads\/2023\/12\/large_square_tile_image-2635.jpg\",\"contentUrl\":\"https:\/\/www.iplay.com\/wp-content\/uploads\/2023\/12\/large_square_tile_image-2635.jpg\",\"width\":310,\"height\":310},{\"@type\":\"BreadcrumbList\",\"@id\":\"https:\/\/www.iplay.com\/de\/games\/daydream-mosaics\/#breadcrumb\",\"itemListElement\":[{\"@type\":\"ListItem\",\"position\":1,\"name\":\"Home\",\"item\":\"https:\/\/www.iplay.com\/de\/home-page-2\/\"},{\"@type\":\"ListItem\",\"position\":2,\"name\":\"Shop\",\"item\":\"https:\/\/www.iplay.com\/en\/shop\/\"},{\"@type\":\"ListItem\",\"position\":3,\"name\":\"DayDream Mosaics\"}]},{\"@type\":\"WebSite\",\"@id\":\"https:\/\/www.iplay.com\/en\/#website\",\"url\":\"https:\/\/www.iplay.com\/en\/\",\"name\":\"IPlay\",\"description\":\"The Best Casual Games!\",\"publisher\":{\"@id\":\"https:\/\/www.iplay.com\/en\/#organization\"},\"potentialAction\":[{\"@type\":\"SearchAction\",\"target\":{\"@type\":\"EntryPoint\",\"urlTemplate\":\"https:\/\/www.iplay.com\/en\/?s={search_term_string}\"},\"query-input\":{\"@type\":\"PropertyValueSpecification\",\"valueRequired\":true,\"valueName\":\"search_term_string\"}}],\"inLanguage\":\"de-DE\"},{\"@type\":\"Organization\",\"@id\":\"https:\/\/www.iplay.com\/en\/#organization\",\"name\":\"IPlay\",\"url\":\"https:\/\/www.iplay.com\/en\/\",\"logo\":{\"@type\":\"ImageObject\",\"inLanguage\":\"de-DE\",\"@id\":\"https:\/\/www.iplay.com\/en\/#\/schema\/logo\/image\/\",\"url\":\"https:\/\/www.iplay.com\/wp-content\/uploads\/2023\/11\/Group-6100.svg\",\"contentUrl\":\"https:\/\/www.iplay.com\/wp-content\/uploads\/2023\/11\/Group-6100.svg\",\"width\":98,\"height\":25,\"caption\":\"IPlay\"},\"image\":{\"@id\":\"https:\/\/www.iplay.com\/en\/#\/schema\/logo\/image\/\"}}]}<\/script>\n<!-- \/ Yoast SEO Premium plugin. -->","yoast_head_json":{"title":"DayDream Mosaics - Faszinierendes Mosaik-Wunderland! (Tagtraum-Mosaike)","description":"Treten Sie ein in ein faszinierendes Reich der Mosaike! Imagin\u00e4re Mosaike","robots":{"index":"index","follow":"follow","max-snippet":"max-snippet:-1","max-image-preview":"max-image-preview:large","max-video-preview":"max-video-preview:-1"},"canonical":"https:\/\/www.iplay.com\/de\/games\/daydream-mosaics\/","og_locale":"de_DE","og_type":"article","og_title":"DayDream Mosaics","og_description":"Treten Sie ein in ein faszinierendes Reich der Mosaike! Imagin\u00e4re Mosaike","og_url":"https:\/\/www.iplay.com\/de\/games\/daydream-mosaics\/","og_site_name":"IPlay","og_image":[{"width":310,"height":310,"url":"https:\/\/www.iplay.com\/wp-content\/uploads\/2023\/12\/large_square_tile_image-2635.jpg","type":"image\/jpeg"}],"twitter_card":"summary_large_image","twitter_misc":{"Gesch\u00e4tzte Lesezeit":"1 Minute"},"schema":{"@context":"https:\/\/schema.org","@graph":[{"@type":"WebPage","@id":"https:\/\/www.iplay.com\/de\/games\/daydream-mosaics\/","url":"https:\/\/www.iplay.com\/de\/games\/daydream-mosaics\/","name":"DayDream Mosaics - Faszinierendes Mosaik-Wunderland! (Tagtraum-Mosaike)","isPartOf":{"@id":"https:\/\/www.iplay.com\/en\/#website"},"primaryImageOfPage":{"@id":"https:\/\/www.iplay.com\/de\/games\/daydream-mosaics\/#primaryimage"},"image":{"@id":"https:\/\/www.iplay.com\/de\/games\/daydream-mosaics\/#primaryimage"},"thumbnailUrl":"https:\/\/www.iplay.com\/wp-content\/uploads\/2023\/12\/large_square_tile_image-2635.jpg","datePublished":"2020-09-28T00:00:00+00:00","description":"Treten Sie ein in ein faszinierendes Reich der Mosaike! Imagin\u00e4re Mosaike","breadcrumb":{"@id":"https:\/\/www.iplay.com\/de\/games\/daydream-mosaics\/#breadcrumb"},"inLanguage":"de-DE","potentialAction":[{"@type":"ReadAction","target":["https:\/\/www.iplay.com\/de\/games\/daydream-mosaics\/"]}]},{"@type":"ImageObject","inLanguage":"de-DE","@id":"https:\/\/www.iplay.com\/de\/games\/daydream-mosaics\/#primaryimage","url":"https:\/\/www.iplay.com\/wp-content\/uploads\/2023\/12\/large_square_tile_image-2635.jpg","contentUrl":"https:\/\/www.iplay.com\/wp-content\/uploads\/2023\/12\/large_square_tile_image-2635.jpg","width":310,"height":310},{"@type":"BreadcrumbList","@id":"https:\/\/www.iplay.com\/de\/games\/daydream-mosaics\/#breadcrumb","itemListElement":[{"@type":"ListItem","position":1,"name":"Home","item":"https:\/\/www.iplay.com\/de\/home-page-2\/"},{"@type":"ListItem","position":2,"name":"Shop","item":"https:\/\/www.iplay.com\/en\/shop\/"},{"@type":"ListItem","position":3,"name":"DayDream Mosaics"}]},{"@type":"WebSite","@id":"https:\/\/www.iplay.com\/en\/#website","url":"https:\/\/www.iplay.com\/en\/","name":"IPlay","description":"The Best Casual Games!","publisher":{"@id":"https:\/\/www.iplay.com\/en\/#organization"},"potentialAction":[{"@type":"SearchAction","target":{"@type":"EntryPoint","urlTemplate":"https:\/\/www.iplay.com\/en\/?s={search_term_string}"},"query-input":{"@type":"PropertyValueSpecification","valueRequired":true,"valueName":"search_term_string"}}],"inLanguage":"de-DE"},{"@type":"Organization","@id":"https:\/\/www.iplay.com\/en\/#organization","name":"IPlay","url":"https:\/\/www.iplay.com\/en\/","logo":{"@type":"ImageObject","inLanguage":"de-DE","@id":"https:\/\/www.iplay.com\/en\/#\/schema\/logo\/image\/","url":"https:\/\/www.iplay.com\/wp-content\/uploads\/2023\/11\/Group-6100.svg","contentUrl":"https:\/\/www.iplay.com\/wp-content\/uploads\/2023\/11\/Group-6100.svg","width":98,"height":25,"caption":"IPlay"},"image":{"@id":"https:\/\/www.iplay.com\/en\/#\/schema\/logo\/image\/"}}]}},"_links":{"self":[{"href":"https:\/\/www.iplay.com\/de\/wp-json\/wp\/v2\/product\/127212","targetHints":{"allow":["GET"]}}],"collection":[{"href":"https:\/\/www.iplay.com\/de\/wp-json\/wp\/v2\/product"}],"about":[{"href":"https:\/\/www.iplay.com\/de\/wp-json\/wp\/v2\/types\/product"}],"author":[{"embeddable":true,"href":"https:\/\/www.iplay.com\/de\/wp-json\/wp\/v2\/users\/20"}],"replies":[{"embeddable":true,"href":"https:\/\/www.iplay.com\/de\/wp-json\/wp\/v2\/comments?post=127212"}],"wp:featuredmedia":[{"embeddable":true,"href":"https:\/\/www.iplay.com\/de\/wp-json\/wp\/v2\/media\/82067"}],"wp:attachment":[{"href":"https:\/\/www.iplay.com\/de\/wp-json\/wp\/v2\/media?parent=127212"}],"wp:term":[{"taxonomy":"product_brand","embeddable":true,"href":"https:\/\/www.iplay.com\/de\/wp-json\/wp\/v2\/product_brand?post=127212"},{"taxonomy":"product_cat","embeddable":true,"href":"https:\/\/www.iplay.com\/de\/wp-json\/wp\/v2\/product_cat?post=127212"},{"taxonomy":"product_tag","embeddable":true,"href":"https:\/\/www.iplay.com\/de\/wp-json\/wp\/v2\/product_tag?post=127212"}],"curies":[{"name":"wp","href":"https:\/\/api.w.org\/{rel}","templated":true}]}}