{"id":127208,"date":"2023-04-07T00:00:01","date_gmt":"2023-04-07T00:00:01","guid":{"rendered":"https:\/\/www.iplay.com\/games\/daydream-mosaics-3-shards-of-hope\/"},"modified":"2023-04-07T00:00:01","modified_gmt":"2023-04-07T00:00:01","slug":"daydream-mosaics-3-shards-of-hope","status":"publish","type":"product","link":"https:\/\/www.iplay.com\/de\/games\/daydream-mosaics-3-shards-of-hope\/","title":{"rendered":"Daydream Mosaics 3 &#8211; Shards of Hope"},"content":{"rendered":"<p>Kehren wir zu unserem aufregenden Mosaik-Abenteuer zur\u00fcck! Juliettes Reise f\u00fchrt sie im Laufe ihrer Reise nach Zerenyis, wo sie die Fragmente der Hoffnung sammeln muss, um den wei\u00dfen Kristall zu reparieren. Es ist ein starkes Symbol, das die Harmonie auf dem Planeten Crimsonian wiederherstellen kann. In mehr als 100 Levels des Lichtgenusses kannst du mit Logik wundersch\u00f6ne Bilder entdecken, die in numerischen Mustern verborgen sind. Akkumuliere glitzernden Reichtum, um exquisite Oasen wieder in altem Glanz erstrahlen zu lassen. Holen Sie sich mehr Ressourcen, indem Sie sich an Bonus-Minispielen beteiligen, die Puzzles und Wimmelbildszenen enthalten. Das Feature-Set wird mit einer sch\u00f6nen Grafik und einem beruhigenden Soundtrack abgerundet. Finde heraus, was als n\u00e4chstes auf Juliettes fesselnder Reise zur Rettung der Zwillingswelten passiert. Hervorragende Mosaike mit maximal sechs Farben sind eines der Merkmale.        <\/p>\n<p>&nbsp;<\/p>\n<p><strong>Funktionen<\/strong><\/p>\n<p>&nbsp;<\/p>\n<p>120 Nonogramm-Ebenen, die entschl\u00fcsselt werden m\u00fcssen.<\/p>\n<p>Restaurierung historischer Kultst\u00e4tten.<\/p>\n<p>W\u00e4hlen Sie einen der vier verf\u00fcgbaren Wiedergabemodi.<\/p>\n<p>Minispiele, die wiederholt werden k\u00f6nnen, wie z. B. Wimmelbildszenen und Puzzles.<\/p>\n<p>Eine fesselnde Erz\u00e4hlung. Jedes Nonogramm folgt einem logischen Pfad. <\/p>\n<p>W\u00e4hlen Sie aus einem Sortiment an Fliesenbel\u00e4gen.<\/p>\n<p>Sch\u00f6ne Hintergr\u00fcnde.<\/p>\n<p>Ein Soundtrack, perfekt zum Tr\u00e4umen, \u00e4therisch.<\/p>\n","protected":false},"excerpt":{"rendered":"<p>Begeben Sie sich auf ein spannendes Mosaik-Abenteuer, um die Hoffnungsschimmer zu finden, die den wei\u00dfen Kristall wiederherstellen werden.<\/p>\n","protected":false},"author":20,"featured_media":73782,"comment_status":"open","ping_status":"closed","template":"","meta":{"_acf_changed":false,"inline_featured_image":false},"product_brand":[],"product_cat":[194],"product_tag":[],"class_list":{"0":"post-127208","1":"product","2":"type-product","3":"status-publish","4":"has-post-thumbnail","6":"product_cat-puzzle-de","8":"first","9":"instock","10":"shipping-taxable","11":"purchasable","12":"product-type-simple"},"acf":[],"yoast_head":"<!-- This site is optimized with the Yoast SEO Premium plugin v25.2 (Yoast SEO v25.2) - https:\/\/yoast.com\/wordpress\/plugins\/seo\/ -->\n<title>Daydream Mosaics 3 - Shards of Hope - Begeben Sie sich auf eine Mosaikreise, um Splitter der Hoffnung zu finden<\/title>\n<meta name=\"description\" content=\"Begeben Sie sich auf ein spannendes Mosaik-Abenteuer, um die Hoffnungsschimmer zu finden, die den wei\u00dfen Kristall wiederherstellen werden.\" \/>\n<meta name=\"robots\" content=\"index, follow, max-snippet:-1, max-image-preview:large, max-video-preview:-1\" \/>\n<link rel=\"canonical\" href=\"https:\/\/www.iplay.com\/de\/games\/daydream-mosaics-3-shards-of-hope\/\" \/>\n<meta property=\"og:locale\" content=\"de_DE\" \/>\n<meta property=\"og:type\" content=\"article\" \/>\n<meta property=\"og:title\" content=\"Daydream Mosaics 3 - Shards of Hope\" \/>\n<meta property=\"og:description\" content=\"Begeben Sie sich auf ein spannendes Mosaik-Abenteuer, um die Hoffnungsschimmer zu finden, die den wei\u00dfen Kristall wiederherstellen werden.\" \/>\n<meta property=\"og:url\" content=\"https:\/\/www.iplay.com\/de\/games\/daydream-mosaics-3-shards-of-hope\/\" \/>\n<meta property=\"og:site_name\" content=\"IPlay\" \/>\n<meta property=\"og:image\" content=\"https:\/\/www.iplay.com\/wp-content\/uploads\/2023\/12\/large_square_tile_image-2104.jpg\" \/>\n\t<meta property=\"og:image:width\" content=\"310\" \/>\n\t<meta property=\"og:image:height\" content=\"310\" \/>\n\t<meta property=\"og:image:type\" content=\"image\/jpeg\" \/>\n<meta name=\"twitter:card\" content=\"summary_large_image\" \/>\n<meta name=\"twitter:label1\" content=\"Gesch\u00e4tzte Lesezeit\" \/>\n\t<meta name=\"twitter:data1\" content=\"1 Minute\" \/>\n<script type=\"application\/ld+json\" class=\"yoast-schema-graph\">{\"@context\":\"https:\/\/schema.org\",\"@graph\":[{\"@type\":\"WebPage\",\"@id\":\"https:\/\/www.iplay.com\/de\/games\/daydream-mosaics-3-shards-of-hope\/\",\"url\":\"https:\/\/www.iplay.com\/de\/games\/daydream-mosaics-3-shards-of-hope\/\",\"name\":\"Daydream Mosaics 3 - Shards of Hope - Begeben Sie sich auf eine Mosaikreise, um Splitter der Hoffnung zu finden\",\"isPartOf\":{\"@id\":\"https:\/\/www.iplay.com\/en\/#website\"},\"primaryImageOfPage\":{\"@id\":\"https:\/\/www.iplay.com\/de\/games\/daydream-mosaics-3-shards-of-hope\/#primaryimage\"},\"image\":{\"@id\":\"https:\/\/www.iplay.com\/de\/games\/daydream-mosaics-3-shards-of-hope\/#primaryimage\"},\"thumbnailUrl\":\"https:\/\/www.iplay.com\/wp-content\/uploads\/2023\/12\/large_square_tile_image-2104.jpg\",\"datePublished\":\"2023-04-07T00:00:01+00:00\",\"description\":\"Begeben Sie sich auf ein spannendes Mosaik-Abenteuer, um die Hoffnungsschimmer zu finden, die den wei\u00dfen Kristall wiederherstellen werden.\",\"breadcrumb\":{\"@id\":\"https:\/\/www.iplay.com\/de\/games\/daydream-mosaics-3-shards-of-hope\/#breadcrumb\"},\"inLanguage\":\"de-DE\",\"potentialAction\":[{\"@type\":\"ReadAction\",\"target\":[\"https:\/\/www.iplay.com\/de\/games\/daydream-mosaics-3-shards-of-hope\/\"]}]},{\"@type\":\"ImageObject\",\"inLanguage\":\"de-DE\",\"@id\":\"https:\/\/www.iplay.com\/de\/games\/daydream-mosaics-3-shards-of-hope\/#primaryimage\",\"url\":\"https:\/\/www.iplay.com\/wp-content\/uploads\/2023\/12\/large_square_tile_image-2104.jpg\",\"contentUrl\":\"https:\/\/www.iplay.com\/wp-content\/uploads\/2023\/12\/large_square_tile_image-2104.jpg\",\"width\":310,\"height\":310},{\"@type\":\"BreadcrumbList\",\"@id\":\"https:\/\/www.iplay.com\/de\/games\/daydream-mosaics-3-shards-of-hope\/#breadcrumb\",\"itemListElement\":[{\"@type\":\"ListItem\",\"position\":1,\"name\":\"Home\",\"item\":\"https:\/\/www.iplay.com\/de\/home-page-2\/\"},{\"@type\":\"ListItem\",\"position\":2,\"name\":\"Shop\",\"item\":\"https:\/\/www.iplay.com\/en\/shop\/\"},{\"@type\":\"ListItem\",\"position\":3,\"name\":\"Daydream Mosaics 3 &#8211; Shards of Hope\"}]},{\"@type\":\"WebSite\",\"@id\":\"https:\/\/www.iplay.com\/en\/#website\",\"url\":\"https:\/\/www.iplay.com\/en\/\",\"name\":\"IPlay\",\"description\":\"The Best Casual Games!\",\"publisher\":{\"@id\":\"https:\/\/www.iplay.com\/en\/#organization\"},\"potentialAction\":[{\"@type\":\"SearchAction\",\"target\":{\"@type\":\"EntryPoint\",\"urlTemplate\":\"https:\/\/www.iplay.com\/en\/?s={search_term_string}\"},\"query-input\":{\"@type\":\"PropertyValueSpecification\",\"valueRequired\":true,\"valueName\":\"search_term_string\"}}],\"inLanguage\":\"de-DE\"},{\"@type\":\"Organization\",\"@id\":\"https:\/\/www.iplay.com\/en\/#organization\",\"name\":\"IPlay\",\"url\":\"https:\/\/www.iplay.com\/en\/\",\"logo\":{\"@type\":\"ImageObject\",\"inLanguage\":\"de-DE\",\"@id\":\"https:\/\/www.iplay.com\/en\/#\/schema\/logo\/image\/\",\"url\":\"https:\/\/www.iplay.com\/wp-content\/uploads\/2023\/11\/Group-6100.svg\",\"contentUrl\":\"https:\/\/www.iplay.com\/wp-content\/uploads\/2023\/11\/Group-6100.svg\",\"width\":98,\"height\":25,\"caption\":\"IPlay\"},\"image\":{\"@id\":\"https:\/\/www.iplay.com\/en\/#\/schema\/logo\/image\/\"}}]}<\/script>\n<!-- \/ Yoast SEO Premium plugin. -->","yoast_head_json":{"title":"Daydream Mosaics 3 - Shards of Hope - Begeben Sie sich auf eine Mosaikreise, um Splitter der Hoffnung zu finden","description":"Begeben Sie sich auf ein spannendes Mosaik-Abenteuer, um die Hoffnungsschimmer zu finden, die den wei\u00dfen Kristall wiederherstellen werden.","robots":{"index":"index","follow":"follow","max-snippet":"max-snippet:-1","max-image-preview":"max-image-preview:large","max-video-preview":"max-video-preview:-1"},"canonical":"https:\/\/www.iplay.com\/de\/games\/daydream-mosaics-3-shards-of-hope\/","og_locale":"de_DE","og_type":"article","og_title":"Daydream Mosaics 3 - Shards of Hope","og_description":"Begeben Sie sich auf ein spannendes Mosaik-Abenteuer, um die Hoffnungsschimmer zu finden, die den wei\u00dfen Kristall wiederherstellen werden.","og_url":"https:\/\/www.iplay.com\/de\/games\/daydream-mosaics-3-shards-of-hope\/","og_site_name":"IPlay","og_image":[{"width":310,"height":310,"url":"https:\/\/www.iplay.com\/wp-content\/uploads\/2023\/12\/large_square_tile_image-2104.jpg","type":"image\/jpeg"}],"twitter_card":"summary_large_image","twitter_misc":{"Gesch\u00e4tzte Lesezeit":"1 Minute"},"schema":{"@context":"https:\/\/schema.org","@graph":[{"@type":"WebPage","@id":"https:\/\/www.iplay.com\/de\/games\/daydream-mosaics-3-shards-of-hope\/","url":"https:\/\/www.iplay.com\/de\/games\/daydream-mosaics-3-shards-of-hope\/","name":"Daydream Mosaics 3 - Shards of Hope - Begeben Sie sich auf eine Mosaikreise, um Splitter der Hoffnung zu finden","isPartOf":{"@id":"https:\/\/www.iplay.com\/en\/#website"},"primaryImageOfPage":{"@id":"https:\/\/www.iplay.com\/de\/games\/daydream-mosaics-3-shards-of-hope\/#primaryimage"},"image":{"@id":"https:\/\/www.iplay.com\/de\/games\/daydream-mosaics-3-shards-of-hope\/#primaryimage"},"thumbnailUrl":"https:\/\/www.iplay.com\/wp-content\/uploads\/2023\/12\/large_square_tile_image-2104.jpg","datePublished":"2023-04-07T00:00:01+00:00","description":"Begeben Sie sich auf ein spannendes Mosaik-Abenteuer, um die Hoffnungsschimmer zu finden, die den wei\u00dfen Kristall wiederherstellen werden.","breadcrumb":{"@id":"https:\/\/www.iplay.com\/de\/games\/daydream-mosaics-3-shards-of-hope\/#breadcrumb"},"inLanguage":"de-DE","potentialAction":[{"@type":"ReadAction","target":["https:\/\/www.iplay.com\/de\/games\/daydream-mosaics-3-shards-of-hope\/"]}]},{"@type":"ImageObject","inLanguage":"de-DE","@id":"https:\/\/www.iplay.com\/de\/games\/daydream-mosaics-3-shards-of-hope\/#primaryimage","url":"https:\/\/www.iplay.com\/wp-content\/uploads\/2023\/12\/large_square_tile_image-2104.jpg","contentUrl":"https:\/\/www.iplay.com\/wp-content\/uploads\/2023\/12\/large_square_tile_image-2104.jpg","width":310,"height":310},{"@type":"BreadcrumbList","@id":"https:\/\/www.iplay.com\/de\/games\/daydream-mosaics-3-shards-of-hope\/#breadcrumb","itemListElement":[{"@type":"ListItem","position":1,"name":"Home","item":"https:\/\/www.iplay.com\/de\/home-page-2\/"},{"@type":"ListItem","position":2,"name":"Shop","item":"https:\/\/www.iplay.com\/en\/shop\/"},{"@type":"ListItem","position":3,"name":"Daydream Mosaics 3 &#8211; Shards of Hope"}]},{"@type":"WebSite","@id":"https:\/\/www.iplay.com\/en\/#website","url":"https:\/\/www.iplay.com\/en\/","name":"IPlay","description":"The Best Casual Games!","publisher":{"@id":"https:\/\/www.iplay.com\/en\/#organization"},"potentialAction":[{"@type":"SearchAction","target":{"@type":"EntryPoint","urlTemplate":"https:\/\/www.iplay.com\/en\/?s={search_term_string}"},"query-input":{"@type":"PropertyValueSpecification","valueRequired":true,"valueName":"search_term_string"}}],"inLanguage":"de-DE"},{"@type":"Organization","@id":"https:\/\/www.iplay.com\/en\/#organization","name":"IPlay","url":"https:\/\/www.iplay.com\/en\/","logo":{"@type":"ImageObject","inLanguage":"de-DE","@id":"https:\/\/www.iplay.com\/en\/#\/schema\/logo\/image\/","url":"https:\/\/www.iplay.com\/wp-content\/uploads\/2023\/11\/Group-6100.svg","contentUrl":"https:\/\/www.iplay.com\/wp-content\/uploads\/2023\/11\/Group-6100.svg","width":98,"height":25,"caption":"IPlay"},"image":{"@id":"https:\/\/www.iplay.com\/en\/#\/schema\/logo\/image\/"}}]}},"_links":{"self":[{"href":"https:\/\/www.iplay.com\/de\/wp-json\/wp\/v2\/product\/127208","targetHints":{"allow":["GET"]}}],"collection":[{"href":"https:\/\/www.iplay.com\/de\/wp-json\/wp\/v2\/product"}],"about":[{"href":"https:\/\/www.iplay.com\/de\/wp-json\/wp\/v2\/types\/product"}],"author":[{"embeddable":true,"href":"https:\/\/www.iplay.com\/de\/wp-json\/wp\/v2\/users\/20"}],"replies":[{"embeddable":true,"href":"https:\/\/www.iplay.com\/de\/wp-json\/wp\/v2\/comments?post=127208"}],"wp:featuredmedia":[{"embeddable":true,"href":"https:\/\/www.iplay.com\/de\/wp-json\/wp\/v2\/media\/73782"}],"wp:attachment":[{"href":"https:\/\/www.iplay.com\/de\/wp-json\/wp\/v2\/media?parent=127208"}],"wp:term":[{"taxonomy":"product_brand","embeddable":true,"href":"https:\/\/www.iplay.com\/de\/wp-json\/wp\/v2\/product_brand?post=127208"},{"taxonomy":"product_cat","embeddable":true,"href":"https:\/\/www.iplay.com\/de\/wp-json\/wp\/v2\/product_cat?post=127208"},{"taxonomy":"product_tag","embeddable":true,"href":"https:\/\/www.iplay.com\/de\/wp-json\/wp\/v2\/product_tag?post=127208"}],"curies":[{"name":"wp","href":"https:\/\/api.w.org\/{rel}","templated":true}]}}