{"id":127201,"date":"2024-08-02T07:30:25","date_gmt":"2024-08-02T07:30:25","guid":{"rendered":"https:\/\/www.iplay.com\/games\/daydream-mosaics-5-crimson-veil\/"},"modified":"2024-08-02T07:30:25","modified_gmt":"2024-08-02T07:30:25","slug":"daydream-mosaics-5-crimson-veil","status":"publish","type":"product","link":"https:\/\/www.iplay.com\/de\/games\/daydream-mosaics-5-crimson-veil\/","title":{"rendered":"Daydream Mosaics 5 &#8211; Crimson Veil"},"content":{"rendered":"<p>Eine Welt aus Mosaiken, verflucht und b\u00f6se, gilt es zu entdecken. Die t\u00f6dliche Reise durch die karge Landschaft wird von Juliette, Lucas und Maris unternommen, die von kryptischen Anweisungen einer geisterhaften Pr\u00e4senz geleitet werden, um den Fluch zu brechen. Die Arkane Universit\u00e4t wird erreicht, wo man uralte Geheimnisse und Methoden zur Wiederherstellung der Heiligt\u00fcmer des Landes erlernt. In 120 Unterhaltungsebenen m\u00fcssen Bilder, die in Zahlenmustern verborgen sind, mit Hilfe deines Gehirns aufgedeckt werden. Atemberaubende Bilder und eine beruhigende Akustik erg\u00e4nzen das umfangreiche Feature-Set. Der zweite Teil von Juliettes fesselnder Reise wird erg\u00e4nzt, w\u00e4hrend sie versucht, das Gleichgewicht in ihrer zerst\u00f6rten Welt wiederherzustellen.     <\/p>\n<p>&nbsp;<\/p>\n<p><strong>Funktionen<\/strong><\/p>\n<ul>\n<li>Die F\u00e4higkeit, Mosaike mit bis zu sechs Farben zu l\u00f6sen, wird vorgestellt.<\/li>\n<li>120 Nonogramm-Levels werden absolviert und stellen die Entschl\u00fcsselungsf\u00e4higkeiten auf die Probe.<\/li>\n<li>Uralte Schreine erstrahlen wieder in ihrem urspr\u00fcnglichen Glanz.<\/li>\n<li>Vier verschiedene Spielmodi werden nach Ihrem Geschmack ausgew\u00e4hlt.<\/li>\n<li>Wiederholbare Minispiele wie Puzzles und Wimmelbildsequenzen werden genossen.<\/li>\n<li>Eine fesselnde Handlung, die einen s\u00fcchtig macht, wird in den Mittelpunkt ger\u00fcckt.<\/li>\n<li>Jedes Nonogramm wurde unter Ber\u00fccksichtigung logischer Herausforderungen entwickelt.<\/li>\n<li>Der Bildschirm ist mit atemberaubenden Hintergrundbildern verziert, um seine visuelle Attraktivit\u00e4t zu verbessern.<\/li>\n<li>Der sch\u00f6ne Soundtrack, der w\u00e4hrend der Fahrt abgespielt wird, l\u00e4sst Sie sich treiben.<\/li>\n<\/ul>\n","protected":false},"excerpt":{"rendered":"<p><strong>Daydream Mosaics 5 &#8211; Crimson Veil<\/strong> &#8211; Erkunde eine verfluchte Mosaikwelt!<\/p>\n","protected":false},"author":20,"featured_media":38712,"comment_status":"open","ping_status":"closed","template":"","meta":{"_acf_changed":false,"inline_featured_image":false},"product_brand":[],"product_cat":[194],"product_tag":[289],"class_list":{"0":"post-127201","1":"product","2":"type-product","3":"status-publish","4":"has-post-thumbnail","6":"product_cat-puzzle-de","7":"product_tag-play-on-pc-de","9":"first","10":"instock","11":"shipping-taxable","12":"purchasable","13":"product-type-simple"},"acf":[],"yoast_head":"<!-- This site is optimized with the Yoast SEO Premium plugin v25.2 (Yoast SEO v25.2) - https:\/\/yoast.com\/wordpress\/plugins\/seo\/ -->\n<title>Daydream Mosaics 5 - Crimson Veil - Erkunde eine verfluchte Mosaikwelt!<\/title>\n<meta name=\"description\" content=\"Daydream Mosaics 5 - Crimson Veil - Erkunde eine verfluchte Mosaikwelt!\" \/>\n<meta name=\"robots\" content=\"index, follow, max-snippet:-1, max-image-preview:large, max-video-preview:-1\" \/>\n<link rel=\"canonical\" href=\"https:\/\/www.iplay.com\/de\/games\/daydream-mosaics-5-crimson-veil\/\" \/>\n<meta property=\"og:locale\" content=\"de_DE\" \/>\n<meta property=\"og:type\" content=\"article\" \/>\n<meta property=\"og:title\" content=\"Daydream Mosaics 5 - Crimson Veil\" \/>\n<meta property=\"og:description\" content=\"Daydream Mosaics 5 - Crimson Veil - Erkunde eine verfluchte Mosaikwelt!\" \/>\n<meta property=\"og:url\" content=\"https:\/\/www.iplay.com\/de\/games\/daydream-mosaics-5-crimson-veil\/\" \/>\n<meta property=\"og:site_name\" content=\"IPlay\" \/>\n<meta property=\"og:image\" content=\"https:\/\/www.iplay.com\/wp-content\/uploads\/2024\/09\/400x400-daydream_mosaics_5_-_crimson_veil_large_square_tile_image.webp\" \/>\n\t<meta property=\"og:image:width\" content=\"400\" \/>\n\t<meta property=\"og:image:height\" content=\"400\" \/>\n\t<meta property=\"og:image:type\" content=\"image\/webp\" \/>\n<meta name=\"twitter:card\" content=\"summary_large_image\" \/>\n<meta name=\"twitter:label1\" content=\"Gesch\u00e4tzte Lesezeit\" \/>\n\t<meta name=\"twitter:data1\" content=\"1 Minute\" \/>\n<script type=\"application\/ld+json\" class=\"yoast-schema-graph\">{\"@context\":\"https:\/\/schema.org\",\"@graph\":[{\"@type\":\"WebPage\",\"@id\":\"https:\/\/www.iplay.com\/de\/games\/daydream-mosaics-5-crimson-veil\/\",\"url\":\"https:\/\/www.iplay.com\/de\/games\/daydream-mosaics-5-crimson-veil\/\",\"name\":\"Daydream Mosaics 5 - Crimson Veil - Erkunde eine verfluchte Mosaikwelt!\",\"isPartOf\":{\"@id\":\"https:\/\/www.iplay.com\/en\/#website\"},\"primaryImageOfPage\":{\"@id\":\"https:\/\/www.iplay.com\/de\/games\/daydream-mosaics-5-crimson-veil\/#primaryimage\"},\"image\":{\"@id\":\"https:\/\/www.iplay.com\/de\/games\/daydream-mosaics-5-crimson-veil\/#primaryimage\"},\"thumbnailUrl\":\"https:\/\/www.iplay.com\/wp-content\/uploads\/2024\/09\/400x400-daydream_mosaics_5_-_crimson_veil_large_square_tile_image.webp\",\"datePublished\":\"2024-08-02T07:30:25+00:00\",\"description\":\"Daydream Mosaics 5 - Crimson Veil - Erkunde eine verfluchte Mosaikwelt!\",\"breadcrumb\":{\"@id\":\"https:\/\/www.iplay.com\/de\/games\/daydream-mosaics-5-crimson-veil\/#breadcrumb\"},\"inLanguage\":\"de-DE\",\"potentialAction\":[{\"@type\":\"ReadAction\",\"target\":[\"https:\/\/www.iplay.com\/de\/games\/daydream-mosaics-5-crimson-veil\/\"]}]},{\"@type\":\"ImageObject\",\"inLanguage\":\"de-DE\",\"@id\":\"https:\/\/www.iplay.com\/de\/games\/daydream-mosaics-5-crimson-veil\/#primaryimage\",\"url\":\"https:\/\/www.iplay.com\/wp-content\/uploads\/2024\/09\/400x400-daydream_mosaics_5_-_crimson_veil_large_square_tile_image.webp\",\"contentUrl\":\"https:\/\/www.iplay.com\/wp-content\/uploads\/2024\/09\/400x400-daydream_mosaics_5_-_crimson_veil_large_square_tile_image.webp\",\"width\":400,\"height\":400},{\"@type\":\"BreadcrumbList\",\"@id\":\"https:\/\/www.iplay.com\/de\/games\/daydream-mosaics-5-crimson-veil\/#breadcrumb\",\"itemListElement\":[{\"@type\":\"ListItem\",\"position\":1,\"name\":\"Home\",\"item\":\"https:\/\/www.iplay.com\/de\/home-page-2\/\"},{\"@type\":\"ListItem\",\"position\":2,\"name\":\"Shop\",\"item\":\"https:\/\/www.iplay.com\/en\/shop\/\"},{\"@type\":\"ListItem\",\"position\":3,\"name\":\"Daydream Mosaics 5 &#8211; Crimson Veil\"}]},{\"@type\":\"WebSite\",\"@id\":\"https:\/\/www.iplay.com\/en\/#website\",\"url\":\"https:\/\/www.iplay.com\/en\/\",\"name\":\"IPlay\",\"description\":\"The Best Casual Games!\",\"publisher\":{\"@id\":\"https:\/\/www.iplay.com\/en\/#organization\"},\"potentialAction\":[{\"@type\":\"SearchAction\",\"target\":{\"@type\":\"EntryPoint\",\"urlTemplate\":\"https:\/\/www.iplay.com\/en\/?s={search_term_string}\"},\"query-input\":{\"@type\":\"PropertyValueSpecification\",\"valueRequired\":true,\"valueName\":\"search_term_string\"}}],\"inLanguage\":\"de-DE\"},{\"@type\":\"Organization\",\"@id\":\"https:\/\/www.iplay.com\/en\/#organization\",\"name\":\"IPlay\",\"url\":\"https:\/\/www.iplay.com\/en\/\",\"logo\":{\"@type\":\"ImageObject\",\"inLanguage\":\"de-DE\",\"@id\":\"https:\/\/www.iplay.com\/en\/#\/schema\/logo\/image\/\",\"url\":\"https:\/\/www.iplay.com\/wp-content\/uploads\/2023\/11\/Group-6100.svg\",\"contentUrl\":\"https:\/\/www.iplay.com\/wp-content\/uploads\/2023\/11\/Group-6100.svg\",\"width\":98,\"height\":25,\"caption\":\"IPlay\"},\"image\":{\"@id\":\"https:\/\/www.iplay.com\/en\/#\/schema\/logo\/image\/\"}}]}<\/script>\n<!-- \/ Yoast SEO Premium plugin. -->","yoast_head_json":{"title":"Daydream Mosaics 5 - Crimson Veil - Erkunde eine verfluchte Mosaikwelt!","description":"Daydream Mosaics 5 - Crimson Veil - Erkunde eine verfluchte Mosaikwelt!","robots":{"index":"index","follow":"follow","max-snippet":"max-snippet:-1","max-image-preview":"max-image-preview:large","max-video-preview":"max-video-preview:-1"},"canonical":"https:\/\/www.iplay.com\/de\/games\/daydream-mosaics-5-crimson-veil\/","og_locale":"de_DE","og_type":"article","og_title":"Daydream Mosaics 5 - Crimson Veil","og_description":"Daydream Mosaics 5 - Crimson Veil - Erkunde eine verfluchte Mosaikwelt!","og_url":"https:\/\/www.iplay.com\/de\/games\/daydream-mosaics-5-crimson-veil\/","og_site_name":"IPlay","og_image":[{"width":400,"height":400,"url":"https:\/\/www.iplay.com\/wp-content\/uploads\/2024\/09\/400x400-daydream_mosaics_5_-_crimson_veil_large_square_tile_image.webp","type":"image\/webp"}],"twitter_card":"summary_large_image","twitter_misc":{"Gesch\u00e4tzte Lesezeit":"1 Minute"},"schema":{"@context":"https:\/\/schema.org","@graph":[{"@type":"WebPage","@id":"https:\/\/www.iplay.com\/de\/games\/daydream-mosaics-5-crimson-veil\/","url":"https:\/\/www.iplay.com\/de\/games\/daydream-mosaics-5-crimson-veil\/","name":"Daydream Mosaics 5 - Crimson Veil - Erkunde eine verfluchte Mosaikwelt!","isPartOf":{"@id":"https:\/\/www.iplay.com\/en\/#website"},"primaryImageOfPage":{"@id":"https:\/\/www.iplay.com\/de\/games\/daydream-mosaics-5-crimson-veil\/#primaryimage"},"image":{"@id":"https:\/\/www.iplay.com\/de\/games\/daydream-mosaics-5-crimson-veil\/#primaryimage"},"thumbnailUrl":"https:\/\/www.iplay.com\/wp-content\/uploads\/2024\/09\/400x400-daydream_mosaics_5_-_crimson_veil_large_square_tile_image.webp","datePublished":"2024-08-02T07:30:25+00:00","description":"Daydream Mosaics 5 - Crimson Veil - Erkunde eine verfluchte Mosaikwelt!","breadcrumb":{"@id":"https:\/\/www.iplay.com\/de\/games\/daydream-mosaics-5-crimson-veil\/#breadcrumb"},"inLanguage":"de-DE","potentialAction":[{"@type":"ReadAction","target":["https:\/\/www.iplay.com\/de\/games\/daydream-mosaics-5-crimson-veil\/"]}]},{"@type":"ImageObject","inLanguage":"de-DE","@id":"https:\/\/www.iplay.com\/de\/games\/daydream-mosaics-5-crimson-veil\/#primaryimage","url":"https:\/\/www.iplay.com\/wp-content\/uploads\/2024\/09\/400x400-daydream_mosaics_5_-_crimson_veil_large_square_tile_image.webp","contentUrl":"https:\/\/www.iplay.com\/wp-content\/uploads\/2024\/09\/400x400-daydream_mosaics_5_-_crimson_veil_large_square_tile_image.webp","width":400,"height":400},{"@type":"BreadcrumbList","@id":"https:\/\/www.iplay.com\/de\/games\/daydream-mosaics-5-crimson-veil\/#breadcrumb","itemListElement":[{"@type":"ListItem","position":1,"name":"Home","item":"https:\/\/www.iplay.com\/de\/home-page-2\/"},{"@type":"ListItem","position":2,"name":"Shop","item":"https:\/\/www.iplay.com\/en\/shop\/"},{"@type":"ListItem","position":3,"name":"Daydream Mosaics 5 &#8211; Crimson Veil"}]},{"@type":"WebSite","@id":"https:\/\/www.iplay.com\/en\/#website","url":"https:\/\/www.iplay.com\/en\/","name":"IPlay","description":"The Best Casual Games!","publisher":{"@id":"https:\/\/www.iplay.com\/en\/#organization"},"potentialAction":[{"@type":"SearchAction","target":{"@type":"EntryPoint","urlTemplate":"https:\/\/www.iplay.com\/en\/?s={search_term_string}"},"query-input":{"@type":"PropertyValueSpecification","valueRequired":true,"valueName":"search_term_string"}}],"inLanguage":"de-DE"},{"@type":"Organization","@id":"https:\/\/www.iplay.com\/en\/#organization","name":"IPlay","url":"https:\/\/www.iplay.com\/en\/","logo":{"@type":"ImageObject","inLanguage":"de-DE","@id":"https:\/\/www.iplay.com\/en\/#\/schema\/logo\/image\/","url":"https:\/\/www.iplay.com\/wp-content\/uploads\/2023\/11\/Group-6100.svg","contentUrl":"https:\/\/www.iplay.com\/wp-content\/uploads\/2023\/11\/Group-6100.svg","width":98,"height":25,"caption":"IPlay"},"image":{"@id":"https:\/\/www.iplay.com\/en\/#\/schema\/logo\/image\/"}}]}},"_links":{"self":[{"href":"https:\/\/www.iplay.com\/de\/wp-json\/wp\/v2\/product\/127201","targetHints":{"allow":["GET"]}}],"collection":[{"href":"https:\/\/www.iplay.com\/de\/wp-json\/wp\/v2\/product"}],"about":[{"href":"https:\/\/www.iplay.com\/de\/wp-json\/wp\/v2\/types\/product"}],"author":[{"embeddable":true,"href":"https:\/\/www.iplay.com\/de\/wp-json\/wp\/v2\/users\/20"}],"replies":[{"embeddable":true,"href":"https:\/\/www.iplay.com\/de\/wp-json\/wp\/v2\/comments?post=127201"}],"wp:featuredmedia":[{"embeddable":true,"href":"https:\/\/www.iplay.com\/de\/wp-json\/wp\/v2\/media\/38712"}],"wp:attachment":[{"href":"https:\/\/www.iplay.com\/de\/wp-json\/wp\/v2\/media?parent=127201"}],"wp:term":[{"taxonomy":"product_brand","embeddable":true,"href":"https:\/\/www.iplay.com\/de\/wp-json\/wp\/v2\/product_brand?post=127201"},{"taxonomy":"product_cat","embeddable":true,"href":"https:\/\/www.iplay.com\/de\/wp-json\/wp\/v2\/product_cat?post=127201"},{"taxonomy":"product_tag","embeddable":true,"href":"https:\/\/www.iplay.com\/de\/wp-json\/wp\/v2\/product_tag?post=127201"}],"curies":[{"name":"wp","href":"https:\/\/api.w.org\/{rel}","templated":true}]}}