{"id":127185,"date":"2022-11-10T00:00:00","date_gmt":"2022-11-10T00:00:00","guid":{"rendered":"https:\/\/www.iplay.com\/games\/adventure-trip-wonders-of-the-world\/"},"modified":"2022-11-10T00:00:00","modified_gmt":"2022-11-10T00:00:00","slug":"adventure-trip-wonders-of-the-world","status":"publish","type":"product","link":"https:\/\/www.iplay.com\/de\/games\/adventure-trip-wonders-of-the-world\/","title":{"rendered":"Adventure Trip &#8211; Wonders of the World"},"content":{"rendered":"<p>Es ist Zeit, sich auf ein neues Abenteuer einzulassen! Erkunde die Wunder der Welt auf einer fesselnden Reise durch 20 der unglaublichsten Orte der Welt! Vom Taj Mahal \u00fcber Angkor Wat bis hin zum Great Barrier Reef wird diese Reise mit Sicherheit lehrreich sein! Finde versteckte Artefakte, die an jedem Ort versteckt sind, und erfahre unterwegs interessante Fakten. Erkunden Sie die Wunder der Welt und stillen Sie Ihr Fernweh!    <\/p>\n<p>&nbsp;<\/p>\n<p>&nbsp;<\/p>\n<p><strong>Funktionen:<\/strong><\/p>\n<p>&nbsp;<\/p>\n<p>&#8211; Besuche 20 unglaubliche Reiseziele auf der ganzen Welt.<\/p>\n<p>&#8211; W\u00e4hle aus f\u00fcnf verschiedenen Spieltypen, einschlie\u00dflich Silhouetten.<\/p>\n<p>&#8211; Sammle auf deiner Quest 15 unvergessliche Sch\u00e4tze.<\/p>\n<p>&#8211; Entdecken Sie 100 erstaunliche Fakten \u00fcber diese einzigartigen Wunder.<\/p>\n","protected":false},"excerpt":{"rendered":"<p>Eine frische Abenteuerreise ist angesagt! Reisen Sie durch die Wunder der Welt und erleben Sie Magie. <\/p>\n","protected":false},"author":125,"featured_media":75499,"comment_status":"open","ping_status":"closed","template":"","meta":{"_acf_changed":false,"inline_featured_image":false},"product_brand":[],"product_cat":[164],"product_tag":[289],"class_list":{"0":"post-127185","1":"product","2":"type-product","3":"status-publish","4":"has-post-thumbnail","6":"product_cat-hidden-object-de","7":"product_tag-play-on-pc-de","9":"first","10":"instock","11":"shipping-taxable","12":"purchasable","13":"product-type-simple"},"acf":[],"yoast_head":"<!-- This site is optimized with the Yoast SEO Premium plugin v25.2 (Yoast SEO v25.2) - https:\/\/yoast.com\/wordpress\/plugins\/seo\/ -->\n<title>Abenteuerreise - Weltwunder - Neue Abenteuerreise! Entdecken Sie die Wunder der Welt<\/title>\n<meta name=\"description\" content=\"Eine frische Abenteuerreise ist angesagt! Reisen Sie durch die Wunder der Welt und erleben Sie Magie.\" \/>\n<meta name=\"robots\" content=\"index, follow, max-snippet:-1, max-image-preview:large, max-video-preview:-1\" \/>\n<link rel=\"canonical\" href=\"https:\/\/www.iplay.com\/de\/games\/adventure-trip-wonders-of-the-world\/\" \/>\n<meta property=\"og:locale\" content=\"de_DE\" \/>\n<meta property=\"og:type\" content=\"article\" \/>\n<meta property=\"og:title\" content=\"Adventure Trip - Wonders of the World\" \/>\n<meta property=\"og:description\" content=\"Eine frische Abenteuerreise ist angesagt! Reisen Sie durch die Wunder der Welt und erleben Sie Magie.\" \/>\n<meta property=\"og:url\" content=\"https:\/\/www.iplay.com\/de\/games\/adventure-trip-wonders-of-the-world\/\" \/>\n<meta property=\"og:site_name\" content=\"IPlay\" \/>\n<meta property=\"og:image\" content=\"https:\/\/www.iplay.com\/wp-content\/uploads\/2023\/12\/large_square_tile_image-2213.jpg\" \/>\n\t<meta property=\"og:image:width\" content=\"310\" \/>\n\t<meta property=\"og:image:height\" content=\"310\" \/>\n\t<meta property=\"og:image:type\" content=\"image\/jpeg\" \/>\n<meta name=\"twitter:card\" content=\"summary_large_image\" \/>\n<meta name=\"twitter:label1\" content=\"Gesch\u00e4tzte Lesezeit\" \/>\n\t<meta name=\"twitter:data1\" content=\"1 Minute\" \/>\n<script type=\"application\/ld+json\" class=\"yoast-schema-graph\">{\"@context\":\"https:\/\/schema.org\",\"@graph\":[{\"@type\":\"WebPage\",\"@id\":\"https:\/\/www.iplay.com\/de\/games\/adventure-trip-wonders-of-the-world\/\",\"url\":\"https:\/\/www.iplay.com\/de\/games\/adventure-trip-wonders-of-the-world\/\",\"name\":\"Abenteuerreise - Weltwunder - Neue Abenteuerreise! Entdecken Sie die Wunder der Welt\",\"isPartOf\":{\"@id\":\"https:\/\/www.iplay.com\/en\/#website\"},\"primaryImageOfPage\":{\"@id\":\"https:\/\/www.iplay.com\/de\/games\/adventure-trip-wonders-of-the-world\/#primaryimage\"},\"image\":{\"@id\":\"https:\/\/www.iplay.com\/de\/games\/adventure-trip-wonders-of-the-world\/#primaryimage\"},\"thumbnailUrl\":\"https:\/\/www.iplay.com\/wp-content\/uploads\/2023\/12\/large_square_tile_image-2213.jpg\",\"datePublished\":\"2022-11-10T00:00:00+00:00\",\"description\":\"Eine frische Abenteuerreise ist angesagt! Reisen Sie durch die Wunder der Welt und erleben Sie Magie.\",\"breadcrumb\":{\"@id\":\"https:\/\/www.iplay.com\/de\/games\/adventure-trip-wonders-of-the-world\/#breadcrumb\"},\"inLanguage\":\"de-DE\",\"potentialAction\":[{\"@type\":\"ReadAction\",\"target\":[\"https:\/\/www.iplay.com\/de\/games\/adventure-trip-wonders-of-the-world\/\"]}]},{\"@type\":\"ImageObject\",\"inLanguage\":\"de-DE\",\"@id\":\"https:\/\/www.iplay.com\/de\/games\/adventure-trip-wonders-of-the-world\/#primaryimage\",\"url\":\"https:\/\/www.iplay.com\/wp-content\/uploads\/2023\/12\/large_square_tile_image-2213.jpg\",\"contentUrl\":\"https:\/\/www.iplay.com\/wp-content\/uploads\/2023\/12\/large_square_tile_image-2213.jpg\",\"width\":310,\"height\":310},{\"@type\":\"BreadcrumbList\",\"@id\":\"https:\/\/www.iplay.com\/de\/games\/adventure-trip-wonders-of-the-world\/#breadcrumb\",\"itemListElement\":[{\"@type\":\"ListItem\",\"position\":1,\"name\":\"Home\",\"item\":\"https:\/\/www.iplay.com\/de\/home-page-2\/\"},{\"@type\":\"ListItem\",\"position\":2,\"name\":\"Shop\",\"item\":\"https:\/\/www.iplay.com\/en\/shop\/\"},{\"@type\":\"ListItem\",\"position\":3,\"name\":\"Adventure Trip &#8211; Wonders of the World\"}]},{\"@type\":\"WebSite\",\"@id\":\"https:\/\/www.iplay.com\/en\/#website\",\"url\":\"https:\/\/www.iplay.com\/en\/\",\"name\":\"IPlay\",\"description\":\"The Best Casual Games!\",\"publisher\":{\"@id\":\"https:\/\/www.iplay.com\/en\/#organization\"},\"potentialAction\":[{\"@type\":\"SearchAction\",\"target\":{\"@type\":\"EntryPoint\",\"urlTemplate\":\"https:\/\/www.iplay.com\/en\/?s={search_term_string}\"},\"query-input\":{\"@type\":\"PropertyValueSpecification\",\"valueRequired\":true,\"valueName\":\"search_term_string\"}}],\"inLanguage\":\"de-DE\"},{\"@type\":\"Organization\",\"@id\":\"https:\/\/www.iplay.com\/en\/#organization\",\"name\":\"IPlay\",\"url\":\"https:\/\/www.iplay.com\/en\/\",\"logo\":{\"@type\":\"ImageObject\",\"inLanguage\":\"de-DE\",\"@id\":\"https:\/\/www.iplay.com\/en\/#\/schema\/logo\/image\/\",\"url\":\"https:\/\/www.iplay.com\/wp-content\/uploads\/2023\/11\/Group-6100.svg\",\"contentUrl\":\"https:\/\/www.iplay.com\/wp-content\/uploads\/2023\/11\/Group-6100.svg\",\"width\":98,\"height\":25,\"caption\":\"IPlay\"},\"image\":{\"@id\":\"https:\/\/www.iplay.com\/en\/#\/schema\/logo\/image\/\"}}]}<\/script>\n<!-- \/ Yoast SEO Premium plugin. -->","yoast_head_json":{"title":"Abenteuerreise - Weltwunder - Neue Abenteuerreise! Entdecken Sie die Wunder der Welt","description":"Eine frische Abenteuerreise ist angesagt! Reisen Sie durch die Wunder der Welt und erleben Sie Magie.","robots":{"index":"index","follow":"follow","max-snippet":"max-snippet:-1","max-image-preview":"max-image-preview:large","max-video-preview":"max-video-preview:-1"},"canonical":"https:\/\/www.iplay.com\/de\/games\/adventure-trip-wonders-of-the-world\/","og_locale":"de_DE","og_type":"article","og_title":"Adventure Trip - Wonders of the World","og_description":"Eine frische Abenteuerreise ist angesagt! Reisen Sie durch die Wunder der Welt und erleben Sie Magie.","og_url":"https:\/\/www.iplay.com\/de\/games\/adventure-trip-wonders-of-the-world\/","og_site_name":"IPlay","og_image":[{"width":310,"height":310,"url":"https:\/\/www.iplay.com\/wp-content\/uploads\/2023\/12\/large_square_tile_image-2213.jpg","type":"image\/jpeg"}],"twitter_card":"summary_large_image","twitter_misc":{"Gesch\u00e4tzte Lesezeit":"1 Minute"},"schema":{"@context":"https:\/\/schema.org","@graph":[{"@type":"WebPage","@id":"https:\/\/www.iplay.com\/de\/games\/adventure-trip-wonders-of-the-world\/","url":"https:\/\/www.iplay.com\/de\/games\/adventure-trip-wonders-of-the-world\/","name":"Abenteuerreise - Weltwunder - Neue Abenteuerreise! Entdecken Sie die Wunder der Welt","isPartOf":{"@id":"https:\/\/www.iplay.com\/en\/#website"},"primaryImageOfPage":{"@id":"https:\/\/www.iplay.com\/de\/games\/adventure-trip-wonders-of-the-world\/#primaryimage"},"image":{"@id":"https:\/\/www.iplay.com\/de\/games\/adventure-trip-wonders-of-the-world\/#primaryimage"},"thumbnailUrl":"https:\/\/www.iplay.com\/wp-content\/uploads\/2023\/12\/large_square_tile_image-2213.jpg","datePublished":"2022-11-10T00:00:00+00:00","description":"Eine frische Abenteuerreise ist angesagt! Reisen Sie durch die Wunder der Welt und erleben Sie Magie.","breadcrumb":{"@id":"https:\/\/www.iplay.com\/de\/games\/adventure-trip-wonders-of-the-world\/#breadcrumb"},"inLanguage":"de-DE","potentialAction":[{"@type":"ReadAction","target":["https:\/\/www.iplay.com\/de\/games\/adventure-trip-wonders-of-the-world\/"]}]},{"@type":"ImageObject","inLanguage":"de-DE","@id":"https:\/\/www.iplay.com\/de\/games\/adventure-trip-wonders-of-the-world\/#primaryimage","url":"https:\/\/www.iplay.com\/wp-content\/uploads\/2023\/12\/large_square_tile_image-2213.jpg","contentUrl":"https:\/\/www.iplay.com\/wp-content\/uploads\/2023\/12\/large_square_tile_image-2213.jpg","width":310,"height":310},{"@type":"BreadcrumbList","@id":"https:\/\/www.iplay.com\/de\/games\/adventure-trip-wonders-of-the-world\/#breadcrumb","itemListElement":[{"@type":"ListItem","position":1,"name":"Home","item":"https:\/\/www.iplay.com\/de\/home-page-2\/"},{"@type":"ListItem","position":2,"name":"Shop","item":"https:\/\/www.iplay.com\/en\/shop\/"},{"@type":"ListItem","position":3,"name":"Adventure Trip &#8211; Wonders of the World"}]},{"@type":"WebSite","@id":"https:\/\/www.iplay.com\/en\/#website","url":"https:\/\/www.iplay.com\/en\/","name":"IPlay","description":"The Best Casual Games!","publisher":{"@id":"https:\/\/www.iplay.com\/en\/#organization"},"potentialAction":[{"@type":"SearchAction","target":{"@type":"EntryPoint","urlTemplate":"https:\/\/www.iplay.com\/en\/?s={search_term_string}"},"query-input":{"@type":"PropertyValueSpecification","valueRequired":true,"valueName":"search_term_string"}}],"inLanguage":"de-DE"},{"@type":"Organization","@id":"https:\/\/www.iplay.com\/en\/#organization","name":"IPlay","url":"https:\/\/www.iplay.com\/en\/","logo":{"@type":"ImageObject","inLanguage":"de-DE","@id":"https:\/\/www.iplay.com\/en\/#\/schema\/logo\/image\/","url":"https:\/\/www.iplay.com\/wp-content\/uploads\/2023\/11\/Group-6100.svg","contentUrl":"https:\/\/www.iplay.com\/wp-content\/uploads\/2023\/11\/Group-6100.svg","width":98,"height":25,"caption":"IPlay"},"image":{"@id":"https:\/\/www.iplay.com\/en\/#\/schema\/logo\/image\/"}}]}},"_links":{"self":[{"href":"https:\/\/www.iplay.com\/de\/wp-json\/wp\/v2\/product\/127185","targetHints":{"allow":["GET"]}}],"collection":[{"href":"https:\/\/www.iplay.com\/de\/wp-json\/wp\/v2\/product"}],"about":[{"href":"https:\/\/www.iplay.com\/de\/wp-json\/wp\/v2\/types\/product"}],"author":[{"embeddable":true,"href":"https:\/\/www.iplay.com\/de\/wp-json\/wp\/v2\/users\/125"}],"replies":[{"embeddable":true,"href":"https:\/\/www.iplay.com\/de\/wp-json\/wp\/v2\/comments?post=127185"}],"wp:featuredmedia":[{"embeddable":true,"href":"https:\/\/www.iplay.com\/de\/wp-json\/wp\/v2\/media\/75499"}],"wp:attachment":[{"href":"https:\/\/www.iplay.com\/de\/wp-json\/wp\/v2\/media?parent=127185"}],"wp:term":[{"taxonomy":"product_brand","embeddable":true,"href":"https:\/\/www.iplay.com\/de\/wp-json\/wp\/v2\/product_brand?post=127185"},{"taxonomy":"product_cat","embeddable":true,"href":"https:\/\/www.iplay.com\/de\/wp-json\/wp\/v2\/product_cat?post=127185"},{"taxonomy":"product_tag","embeddable":true,"href":"https:\/\/www.iplay.com\/de\/wp-json\/wp\/v2\/product_tag?post=127185"}],"curies":[{"name":"wp","href":"https:\/\/api.w.org\/{rel}","templated":true}]}}