{"id":127178,"date":"2023-04-06T00:00:00","date_gmt":"2023-04-06T00:00:00","guid":{"rendered":"https:\/\/www.iplay.com\/games\/adventure-trip-amazing-world-2\/"},"modified":"2023-04-06T00:00:00","modified_gmt":"2023-04-06T00:00:00","slug":"adventure-trip-amazing-world-2","status":"publish","type":"product","link":"https:\/\/www.iplay.com\/de\/games\/adventure-trip-amazing-world-2\/","title":{"rendered":"Adventure Trip &#8211; Amazing World 2"},"content":{"rendered":"<p>Lassen Sie uns weiterhin von den nat\u00fcrlichen und vom Menschen geschaffenen Wundern der Welt faszinieren&#8230; Von den Gletschern Alaskas bis zur riesigen und spektakul\u00e4ren Sahara-W\u00fcste, von Sydneys klassischem Opernhaus bis zu den kunstvollen Granitschnitzereien des Mount Rushmore. Wir haben alle Sch\u00e4tze der Natur an 20 Orten versammelt, um Sie zu beeindrucken und zu faszinieren. Lassen Sie sich von den Fakten jedes Ortes erhellen und auf Ihrer Reise leiten. Im Laufe des Spiels werden Sie mit 7 Mini-R\u00e4tseln unterschiedlichen Ausma\u00dfes konfrontiert, die den Spa\u00df erh\u00f6hen und eine Pause von der Faktenfindung bieten.    <\/p>\n<p>&nbsp;<\/p>\n<p>&nbsp;<\/p>\n<p><strong>Funktionen:<\/strong><\/p>\n<p>&nbsp;<\/p>\n<p>&#8211; 60 erstaunliche Fakten, die es zu entdecken gilt<\/p>\n<p>&#8211; 20 Reiseziele auf der ganzen Welt zu besuchen<\/p>\n<p>&#8211; 15 einzigartige Gegenst\u00e4nde, die du f\u00fcr deinen Schatz sammeln kannst<\/p>\n<p>&#8211; 5 Modi: Wort, Silhouette, Verschl\u00fcsseltes Wort, Fehlende Vokale, Paarsuche<\/p>\n","protected":false},"excerpt":{"rendered":"<p>Adventure Trip &#8211; Amazing World 2 wird dich in Ehrfurcht vor den Wundern der Welt halten.<\/p>\n","protected":false},"author":125,"featured_media":73814,"comment_status":"open","ping_status":"closed","template":"","meta":{"_acf_changed":false,"inline_featured_image":false},"product_brand":[],"product_cat":[164],"product_tag":[289],"class_list":{"0":"post-127178","1":"product","2":"type-product","3":"status-publish","4":"has-post-thumbnail","6":"product_cat-hidden-object-de","7":"product_tag-play-on-pc-de","9":"first","10":"instock","11":"shipping-taxable","12":"purchasable","13":"product-type-simple"},"acf":[],"yoast_head":"<!-- This site is optimized with the Yoast SEO Premium plugin v25.2 (Yoast SEO v25.2) - https:\/\/yoast.com\/wordpress\/plugins\/seo\/ -->\n<title>Adventure Trip - Amazing World 2 - Weltwunder in Adventure Trip - Amazing World 2<\/title>\n<meta name=\"description\" content=\"Adventure Trip - Amazing World 2 wird dich in Ehrfurcht vor den Wundern der Welt halten.\" \/>\n<meta name=\"robots\" content=\"index, follow, max-snippet:-1, max-image-preview:large, max-video-preview:-1\" \/>\n<link rel=\"canonical\" href=\"https:\/\/www.iplay.com\/de\/games\/adventure-trip-amazing-world-2\/\" \/>\n<meta property=\"og:locale\" content=\"de_DE\" \/>\n<meta property=\"og:type\" content=\"article\" \/>\n<meta property=\"og:title\" content=\"Adventure Trip - Amazing World 2\" \/>\n<meta property=\"og:description\" content=\"Adventure Trip - Amazing World 2 wird dich in Ehrfurcht vor den Wundern der Welt halten.\" \/>\n<meta property=\"og:url\" content=\"https:\/\/www.iplay.com\/de\/games\/adventure-trip-amazing-world-2\/\" \/>\n<meta property=\"og:site_name\" content=\"IPlay\" \/>\n<meta property=\"og:image\" content=\"https:\/\/www.iplay.com\/wp-content\/uploads\/2023\/12\/large_square_tile_image-2106.jpg\" \/>\n\t<meta property=\"og:image:width\" content=\"310\" \/>\n\t<meta property=\"og:image:height\" content=\"310\" \/>\n\t<meta property=\"og:image:type\" content=\"image\/jpeg\" \/>\n<meta name=\"twitter:card\" content=\"summary_large_image\" \/>\n<meta name=\"twitter:label1\" content=\"Gesch\u00e4tzte Lesezeit\" \/>\n\t<meta name=\"twitter:data1\" content=\"1 Minute\" \/>\n<script type=\"application\/ld+json\" class=\"yoast-schema-graph\">{\"@context\":\"https:\/\/schema.org\",\"@graph\":[{\"@type\":\"WebPage\",\"@id\":\"https:\/\/www.iplay.com\/de\/games\/adventure-trip-amazing-world-2\/\",\"url\":\"https:\/\/www.iplay.com\/de\/games\/adventure-trip-amazing-world-2\/\",\"name\":\"Adventure Trip - Amazing World 2 - Weltwunder in Adventure Trip - Amazing World 2\",\"isPartOf\":{\"@id\":\"https:\/\/www.iplay.com\/en\/#website\"},\"primaryImageOfPage\":{\"@id\":\"https:\/\/www.iplay.com\/de\/games\/adventure-trip-amazing-world-2\/#primaryimage\"},\"image\":{\"@id\":\"https:\/\/www.iplay.com\/de\/games\/adventure-trip-amazing-world-2\/#primaryimage\"},\"thumbnailUrl\":\"https:\/\/www.iplay.com\/wp-content\/uploads\/2023\/12\/large_square_tile_image-2106.jpg\",\"datePublished\":\"2023-04-06T00:00:00+00:00\",\"description\":\"Adventure Trip - Amazing World 2 wird dich in Ehrfurcht vor den Wundern der Welt halten.\",\"breadcrumb\":{\"@id\":\"https:\/\/www.iplay.com\/de\/games\/adventure-trip-amazing-world-2\/#breadcrumb\"},\"inLanguage\":\"de-DE\",\"potentialAction\":[{\"@type\":\"ReadAction\",\"target\":[\"https:\/\/www.iplay.com\/de\/games\/adventure-trip-amazing-world-2\/\"]}]},{\"@type\":\"ImageObject\",\"inLanguage\":\"de-DE\",\"@id\":\"https:\/\/www.iplay.com\/de\/games\/adventure-trip-amazing-world-2\/#primaryimage\",\"url\":\"https:\/\/www.iplay.com\/wp-content\/uploads\/2023\/12\/large_square_tile_image-2106.jpg\",\"contentUrl\":\"https:\/\/www.iplay.com\/wp-content\/uploads\/2023\/12\/large_square_tile_image-2106.jpg\",\"width\":310,\"height\":310},{\"@type\":\"BreadcrumbList\",\"@id\":\"https:\/\/www.iplay.com\/de\/games\/adventure-trip-amazing-world-2\/#breadcrumb\",\"itemListElement\":[{\"@type\":\"ListItem\",\"position\":1,\"name\":\"Home\",\"item\":\"https:\/\/www.iplay.com\/de\/home-page-2\/\"},{\"@type\":\"ListItem\",\"position\":2,\"name\":\"Shop\",\"item\":\"https:\/\/www.iplay.com\/en\/shop\/\"},{\"@type\":\"ListItem\",\"position\":3,\"name\":\"Adventure Trip &#8211; Amazing World 2\"}]},{\"@type\":\"WebSite\",\"@id\":\"https:\/\/www.iplay.com\/en\/#website\",\"url\":\"https:\/\/www.iplay.com\/en\/\",\"name\":\"IPlay\",\"description\":\"The Best Casual Games!\",\"publisher\":{\"@id\":\"https:\/\/www.iplay.com\/en\/#organization\"},\"potentialAction\":[{\"@type\":\"SearchAction\",\"target\":{\"@type\":\"EntryPoint\",\"urlTemplate\":\"https:\/\/www.iplay.com\/en\/?s={search_term_string}\"},\"query-input\":{\"@type\":\"PropertyValueSpecification\",\"valueRequired\":true,\"valueName\":\"search_term_string\"}}],\"inLanguage\":\"de-DE\"},{\"@type\":\"Organization\",\"@id\":\"https:\/\/www.iplay.com\/en\/#organization\",\"name\":\"IPlay\",\"url\":\"https:\/\/www.iplay.com\/en\/\",\"logo\":{\"@type\":\"ImageObject\",\"inLanguage\":\"de-DE\",\"@id\":\"https:\/\/www.iplay.com\/en\/#\/schema\/logo\/image\/\",\"url\":\"https:\/\/www.iplay.com\/wp-content\/uploads\/2023\/11\/Group-6100.svg\",\"contentUrl\":\"https:\/\/www.iplay.com\/wp-content\/uploads\/2023\/11\/Group-6100.svg\",\"width\":98,\"height\":25,\"caption\":\"IPlay\"},\"image\":{\"@id\":\"https:\/\/www.iplay.com\/en\/#\/schema\/logo\/image\/\"}}]}<\/script>\n<!-- \/ Yoast SEO Premium plugin. -->","yoast_head_json":{"title":"Adventure Trip - Amazing World 2 - Weltwunder in Adventure Trip - Amazing World 2","description":"Adventure Trip - Amazing World 2 wird dich in Ehrfurcht vor den Wundern der Welt halten.","robots":{"index":"index","follow":"follow","max-snippet":"max-snippet:-1","max-image-preview":"max-image-preview:large","max-video-preview":"max-video-preview:-1"},"canonical":"https:\/\/www.iplay.com\/de\/games\/adventure-trip-amazing-world-2\/","og_locale":"de_DE","og_type":"article","og_title":"Adventure Trip - Amazing World 2","og_description":"Adventure Trip - Amazing World 2 wird dich in Ehrfurcht vor den Wundern der Welt halten.","og_url":"https:\/\/www.iplay.com\/de\/games\/adventure-trip-amazing-world-2\/","og_site_name":"IPlay","og_image":[{"width":310,"height":310,"url":"https:\/\/www.iplay.com\/wp-content\/uploads\/2023\/12\/large_square_tile_image-2106.jpg","type":"image\/jpeg"}],"twitter_card":"summary_large_image","twitter_misc":{"Gesch\u00e4tzte Lesezeit":"1 Minute"},"schema":{"@context":"https:\/\/schema.org","@graph":[{"@type":"WebPage","@id":"https:\/\/www.iplay.com\/de\/games\/adventure-trip-amazing-world-2\/","url":"https:\/\/www.iplay.com\/de\/games\/adventure-trip-amazing-world-2\/","name":"Adventure Trip - Amazing World 2 - Weltwunder in Adventure Trip - Amazing World 2","isPartOf":{"@id":"https:\/\/www.iplay.com\/en\/#website"},"primaryImageOfPage":{"@id":"https:\/\/www.iplay.com\/de\/games\/adventure-trip-amazing-world-2\/#primaryimage"},"image":{"@id":"https:\/\/www.iplay.com\/de\/games\/adventure-trip-amazing-world-2\/#primaryimage"},"thumbnailUrl":"https:\/\/www.iplay.com\/wp-content\/uploads\/2023\/12\/large_square_tile_image-2106.jpg","datePublished":"2023-04-06T00:00:00+00:00","description":"Adventure Trip - Amazing World 2 wird dich in Ehrfurcht vor den Wundern der Welt halten.","breadcrumb":{"@id":"https:\/\/www.iplay.com\/de\/games\/adventure-trip-amazing-world-2\/#breadcrumb"},"inLanguage":"de-DE","potentialAction":[{"@type":"ReadAction","target":["https:\/\/www.iplay.com\/de\/games\/adventure-trip-amazing-world-2\/"]}]},{"@type":"ImageObject","inLanguage":"de-DE","@id":"https:\/\/www.iplay.com\/de\/games\/adventure-trip-amazing-world-2\/#primaryimage","url":"https:\/\/www.iplay.com\/wp-content\/uploads\/2023\/12\/large_square_tile_image-2106.jpg","contentUrl":"https:\/\/www.iplay.com\/wp-content\/uploads\/2023\/12\/large_square_tile_image-2106.jpg","width":310,"height":310},{"@type":"BreadcrumbList","@id":"https:\/\/www.iplay.com\/de\/games\/adventure-trip-amazing-world-2\/#breadcrumb","itemListElement":[{"@type":"ListItem","position":1,"name":"Home","item":"https:\/\/www.iplay.com\/de\/home-page-2\/"},{"@type":"ListItem","position":2,"name":"Shop","item":"https:\/\/www.iplay.com\/en\/shop\/"},{"@type":"ListItem","position":3,"name":"Adventure Trip &#8211; Amazing World 2"}]},{"@type":"WebSite","@id":"https:\/\/www.iplay.com\/en\/#website","url":"https:\/\/www.iplay.com\/en\/","name":"IPlay","description":"The Best Casual Games!","publisher":{"@id":"https:\/\/www.iplay.com\/en\/#organization"},"potentialAction":[{"@type":"SearchAction","target":{"@type":"EntryPoint","urlTemplate":"https:\/\/www.iplay.com\/en\/?s={search_term_string}"},"query-input":{"@type":"PropertyValueSpecification","valueRequired":true,"valueName":"search_term_string"}}],"inLanguage":"de-DE"},{"@type":"Organization","@id":"https:\/\/www.iplay.com\/en\/#organization","name":"IPlay","url":"https:\/\/www.iplay.com\/en\/","logo":{"@type":"ImageObject","inLanguage":"de-DE","@id":"https:\/\/www.iplay.com\/en\/#\/schema\/logo\/image\/","url":"https:\/\/www.iplay.com\/wp-content\/uploads\/2023\/11\/Group-6100.svg","contentUrl":"https:\/\/www.iplay.com\/wp-content\/uploads\/2023\/11\/Group-6100.svg","width":98,"height":25,"caption":"IPlay"},"image":{"@id":"https:\/\/www.iplay.com\/en\/#\/schema\/logo\/image\/"}}]}},"_links":{"self":[{"href":"https:\/\/www.iplay.com\/de\/wp-json\/wp\/v2\/product\/127178","targetHints":{"allow":["GET"]}}],"collection":[{"href":"https:\/\/www.iplay.com\/de\/wp-json\/wp\/v2\/product"}],"about":[{"href":"https:\/\/www.iplay.com\/de\/wp-json\/wp\/v2\/types\/product"}],"author":[{"embeddable":true,"href":"https:\/\/www.iplay.com\/de\/wp-json\/wp\/v2\/users\/125"}],"replies":[{"embeddable":true,"href":"https:\/\/www.iplay.com\/de\/wp-json\/wp\/v2\/comments?post=127178"}],"wp:featuredmedia":[{"embeddable":true,"href":"https:\/\/www.iplay.com\/de\/wp-json\/wp\/v2\/media\/73814"}],"wp:attachment":[{"href":"https:\/\/www.iplay.com\/de\/wp-json\/wp\/v2\/media?parent=127178"}],"wp:term":[{"taxonomy":"product_brand","embeddable":true,"href":"https:\/\/www.iplay.com\/de\/wp-json\/wp\/v2\/product_brand?post=127178"},{"taxonomy":"product_cat","embeddable":true,"href":"https:\/\/www.iplay.com\/de\/wp-json\/wp\/v2\/product_cat?post=127178"},{"taxonomy":"product_tag","embeddable":true,"href":"https:\/\/www.iplay.com\/de\/wp-json\/wp\/v2\/product_tag?post=127178"}],"curies":[{"name":"wp","href":"https:\/\/api.w.org\/{rel}","templated":true}]}}