{"id":127133,"date":"2017-01-11T00:00:00","date_gmt":"2017-01-11T00:00:00","guid":{"rendered":"https:\/\/www.iplay.com\/games\/incredible-dracula-iii-family-secret-collectors-edition\/"},"modified":"2017-01-11T00:00:00","modified_gmt":"2017-01-11T00:00:00","slug":"incredible-dracula-iii-family-secret-collectors-edition","status":"publish","type":"product","link":"https:\/\/www.iplay.com\/de\/games\/incredible-dracula-iii-family-secret-collectors-edition\/","title":{"rendered":"Incredible Dracula III: Family Secret Collector&#8217;s Edition"},"content":{"rendered":"<p>In diesem faszinierenden neuen Abenteuer rettest du Dracula vor den schrecklichen Schrecken l\u00e4stiger Verwandter! Als ein Schwarm von Draculas entfernten Verwandten in seinem Schloss eintrifft und einen herzlichen Empfang von ihrem kaltbl\u00fctigen Herrn erwartet, nimmt er sie widerwillig an. Doch als sie sich weigern zu gehen, ist seine Toleranz d\u00fcnn. Um sie auf den Weg zu schicken und seinen fr\u00fcheren Status als Schlossherr zur\u00fcckzugewinnen, muss er die Kreatur gefangen nehmen, die die Besitzt\u00fcmer seiner Familie zerst\u00f6rt hat, und sie wieder in ihrem fr\u00fcheren Glanz erstrahlen lassen. Begleite Dracula und seinen zombifizierten Diener Rufus auf ihrer Reise, um die Bestie zu finden und die Verw\u00fcstung zu heilen, die sie angerichtet hat. Du musst deine Zeit und Ressourcen gut einteilen, um jede Quest abzuschlie\u00dfen und die besten Belohnungen zu erhalten. Die Collector&#8217;s Edition von Incredible Dracula III: Family Secret wird dich stundenlang gl\u00fccklich zum Klicken bringen, w\u00e4hrend du die Hauptquest und das Bonuskapitel abschlie\u00dft und die Extras durchst\u00f6berst, darunter eine Schritt-f\u00fcr-Schritt-Strategieanleitung, herunterladbare Medien und mehr! Incredible Dracula III: Family Secret geht an die Halsschlagader und trifft mit farbenfrohen Grafiken, schwierigen Aufgaben und einer Handlung voller Lachen den lustigen Knochen! Zu den Features geh\u00f6ren: eine spannende Hauptmission plus ein Bonuskapitel; farbenfrohe Grafiken und Animationen; zeitgesteuertes oder entspanntes Gameplay; einfache Point-and-Click-Steuerung; und ein umfassendes Tutorial und eine Anleitung.<\/p>\n","protected":false},"excerpt":{"rendered":"<p>Rette Dracula vor seinen nervigen Verwandten!<\/p>\n","protected":false},"author":8,"featured_media":64662,"comment_status":"open","ping_status":"closed","template":"","meta":{"_acf_changed":false,"inline_featured_image":false},"product_brand":[],"product_cat":[217],"product_tag":[259,289],"class_list":{"0":"post-127133","1":"product","2":"type-product","3":"status-publish","4":"has-post-thumbnail","6":"product_cat-time-management-de","7":"product_tag-incredible-dracula-series-de","8":"product_tag-play-on-pc-de","10":"first","11":"instock","12":"shipping-taxable","13":"purchasable","14":"product-type-simple"},"acf":[],"yoast_head":"<!-- This site is optimized with the Yoast SEO Premium plugin v25.2 (Yoast SEO v25.2) - https:\/\/yoast.com\/wordpress\/plugins\/seo\/ -->\n<title>Incredible Dracula III: Family Secret Collector&#039;s Edition - Dracula kann nicht mehr mit seinen Verwandten umgehen! K\u00f6nnen Sie ihm helfen?<\/title>\n<meta name=\"description\" content=\"Rette Dracula vor seinen nervigen Verwandten!\" \/>\n<meta name=\"robots\" content=\"index, follow, max-snippet:-1, max-image-preview:large, max-video-preview:-1\" \/>\n<link rel=\"canonical\" href=\"https:\/\/www.iplay.com\/de\/games\/incredible-dracula-iii-family-secret-collectors-edition\/\" \/>\n<meta property=\"og:locale\" content=\"de_DE\" \/>\n<meta property=\"og:type\" content=\"article\" \/>\n<meta property=\"og:title\" content=\"Incredible Dracula III: Family Secret Collector&#039;s Edition\" \/>\n<meta property=\"og:description\" content=\"Rette Dracula vor seinen nervigen Verwandten!\" \/>\n<meta property=\"og:url\" content=\"https:\/\/www.iplay.com\/de\/games\/incredible-dracula-iii-family-secret-collectors-edition\/\" \/>\n<meta property=\"og:site_name\" content=\"IPlay\" \/>\n<meta property=\"og:image\" content=\"https:\/\/www.iplay.com\/wp-content\/uploads\/2023\/12\/large_square_tile_image-1527.jpg\" \/>\n\t<meta property=\"og:image:width\" content=\"310\" \/>\n\t<meta property=\"og:image:height\" content=\"310\" \/>\n\t<meta property=\"og:image:type\" content=\"image\/jpeg\" \/>\n<meta name=\"twitter:card\" content=\"summary_large_image\" \/>\n<meta name=\"twitter:label1\" content=\"Gesch\u00e4tzte Lesezeit\" \/>\n\t<meta name=\"twitter:data1\" content=\"1 Minute\" \/>\n<script type=\"application\/ld+json\" class=\"yoast-schema-graph\">{\"@context\":\"https:\/\/schema.org\",\"@graph\":[{\"@type\":\"WebPage\",\"@id\":\"https:\/\/www.iplay.com\/de\/games\/incredible-dracula-iii-family-secret-collectors-edition\/\",\"url\":\"https:\/\/www.iplay.com\/de\/games\/incredible-dracula-iii-family-secret-collectors-edition\/\",\"name\":\"Incredible Dracula III: Family Secret Collector's Edition - Dracula kann nicht mehr mit seinen Verwandten umgehen! K\u00f6nnen Sie ihm helfen?\",\"isPartOf\":{\"@id\":\"https:\/\/www.iplay.com\/en\/#website\"},\"primaryImageOfPage\":{\"@id\":\"https:\/\/www.iplay.com\/de\/games\/incredible-dracula-iii-family-secret-collectors-edition\/#primaryimage\"},\"image\":{\"@id\":\"https:\/\/www.iplay.com\/de\/games\/incredible-dracula-iii-family-secret-collectors-edition\/#primaryimage\"},\"thumbnailUrl\":\"https:\/\/www.iplay.com\/wp-content\/uploads\/2023\/12\/large_square_tile_image-1527.jpg\",\"datePublished\":\"2017-01-11T00:00:00+00:00\",\"description\":\"Rette Dracula vor seinen nervigen Verwandten!\",\"breadcrumb\":{\"@id\":\"https:\/\/www.iplay.com\/de\/games\/incredible-dracula-iii-family-secret-collectors-edition\/#breadcrumb\"},\"inLanguage\":\"de-DE\",\"potentialAction\":[{\"@type\":\"ReadAction\",\"target\":[\"https:\/\/www.iplay.com\/de\/games\/incredible-dracula-iii-family-secret-collectors-edition\/\"]}]},{\"@type\":\"ImageObject\",\"inLanguage\":\"de-DE\",\"@id\":\"https:\/\/www.iplay.com\/de\/games\/incredible-dracula-iii-family-secret-collectors-edition\/#primaryimage\",\"url\":\"https:\/\/www.iplay.com\/wp-content\/uploads\/2023\/12\/large_square_tile_image-1527.jpg\",\"contentUrl\":\"https:\/\/www.iplay.com\/wp-content\/uploads\/2023\/12\/large_square_tile_image-1527.jpg\",\"width\":310,\"height\":310},{\"@type\":\"BreadcrumbList\",\"@id\":\"https:\/\/www.iplay.com\/de\/games\/incredible-dracula-iii-family-secret-collectors-edition\/#breadcrumb\",\"itemListElement\":[{\"@type\":\"ListItem\",\"position\":1,\"name\":\"Home\",\"item\":\"https:\/\/www.iplay.com\/de\/home-page-2\/\"},{\"@type\":\"ListItem\",\"position\":2,\"name\":\"Shop\",\"item\":\"https:\/\/www.iplay.com\/en\/shop\/\"},{\"@type\":\"ListItem\",\"position\":3,\"name\":\"Incredible Dracula III: Family Secret Collector&#8217;s Edition\"}]},{\"@type\":\"WebSite\",\"@id\":\"https:\/\/www.iplay.com\/en\/#website\",\"url\":\"https:\/\/www.iplay.com\/en\/\",\"name\":\"IPlay\",\"description\":\"The Best Casual Games!\",\"publisher\":{\"@id\":\"https:\/\/www.iplay.com\/en\/#organization\"},\"potentialAction\":[{\"@type\":\"SearchAction\",\"target\":{\"@type\":\"EntryPoint\",\"urlTemplate\":\"https:\/\/www.iplay.com\/en\/?s={search_term_string}\"},\"query-input\":{\"@type\":\"PropertyValueSpecification\",\"valueRequired\":true,\"valueName\":\"search_term_string\"}}],\"inLanguage\":\"de-DE\"},{\"@type\":\"Organization\",\"@id\":\"https:\/\/www.iplay.com\/en\/#organization\",\"name\":\"IPlay\",\"url\":\"https:\/\/www.iplay.com\/en\/\",\"logo\":{\"@type\":\"ImageObject\",\"inLanguage\":\"de-DE\",\"@id\":\"https:\/\/www.iplay.com\/en\/#\/schema\/logo\/image\/\",\"url\":\"https:\/\/www.iplay.com\/wp-content\/uploads\/2023\/11\/Group-6100.svg\",\"contentUrl\":\"https:\/\/www.iplay.com\/wp-content\/uploads\/2023\/11\/Group-6100.svg\",\"width\":98,\"height\":25,\"caption\":\"IPlay\"},\"image\":{\"@id\":\"https:\/\/www.iplay.com\/en\/#\/schema\/logo\/image\/\"}}]}<\/script>\n<!-- \/ Yoast SEO Premium plugin. -->","yoast_head_json":{"title":"Incredible Dracula III: Family Secret Collector's Edition - Dracula kann nicht mehr mit seinen Verwandten umgehen! K\u00f6nnen Sie ihm helfen?","description":"Rette Dracula vor seinen nervigen Verwandten!","robots":{"index":"index","follow":"follow","max-snippet":"max-snippet:-1","max-image-preview":"max-image-preview:large","max-video-preview":"max-video-preview:-1"},"canonical":"https:\/\/www.iplay.com\/de\/games\/incredible-dracula-iii-family-secret-collectors-edition\/","og_locale":"de_DE","og_type":"article","og_title":"Incredible Dracula III: Family Secret Collector's Edition","og_description":"Rette Dracula vor seinen nervigen Verwandten!","og_url":"https:\/\/www.iplay.com\/de\/games\/incredible-dracula-iii-family-secret-collectors-edition\/","og_site_name":"IPlay","og_image":[{"width":310,"height":310,"url":"https:\/\/www.iplay.com\/wp-content\/uploads\/2023\/12\/large_square_tile_image-1527.jpg","type":"image\/jpeg"}],"twitter_card":"summary_large_image","twitter_misc":{"Gesch\u00e4tzte Lesezeit":"1 Minute"},"schema":{"@context":"https:\/\/schema.org","@graph":[{"@type":"WebPage","@id":"https:\/\/www.iplay.com\/de\/games\/incredible-dracula-iii-family-secret-collectors-edition\/","url":"https:\/\/www.iplay.com\/de\/games\/incredible-dracula-iii-family-secret-collectors-edition\/","name":"Incredible Dracula III: Family Secret Collector's Edition - Dracula kann nicht mehr mit seinen Verwandten umgehen! K\u00f6nnen Sie ihm helfen?","isPartOf":{"@id":"https:\/\/www.iplay.com\/en\/#website"},"primaryImageOfPage":{"@id":"https:\/\/www.iplay.com\/de\/games\/incredible-dracula-iii-family-secret-collectors-edition\/#primaryimage"},"image":{"@id":"https:\/\/www.iplay.com\/de\/games\/incredible-dracula-iii-family-secret-collectors-edition\/#primaryimage"},"thumbnailUrl":"https:\/\/www.iplay.com\/wp-content\/uploads\/2023\/12\/large_square_tile_image-1527.jpg","datePublished":"2017-01-11T00:00:00+00:00","description":"Rette Dracula vor seinen nervigen Verwandten!","breadcrumb":{"@id":"https:\/\/www.iplay.com\/de\/games\/incredible-dracula-iii-family-secret-collectors-edition\/#breadcrumb"},"inLanguage":"de-DE","potentialAction":[{"@type":"ReadAction","target":["https:\/\/www.iplay.com\/de\/games\/incredible-dracula-iii-family-secret-collectors-edition\/"]}]},{"@type":"ImageObject","inLanguage":"de-DE","@id":"https:\/\/www.iplay.com\/de\/games\/incredible-dracula-iii-family-secret-collectors-edition\/#primaryimage","url":"https:\/\/www.iplay.com\/wp-content\/uploads\/2023\/12\/large_square_tile_image-1527.jpg","contentUrl":"https:\/\/www.iplay.com\/wp-content\/uploads\/2023\/12\/large_square_tile_image-1527.jpg","width":310,"height":310},{"@type":"BreadcrumbList","@id":"https:\/\/www.iplay.com\/de\/games\/incredible-dracula-iii-family-secret-collectors-edition\/#breadcrumb","itemListElement":[{"@type":"ListItem","position":1,"name":"Home","item":"https:\/\/www.iplay.com\/de\/home-page-2\/"},{"@type":"ListItem","position":2,"name":"Shop","item":"https:\/\/www.iplay.com\/en\/shop\/"},{"@type":"ListItem","position":3,"name":"Incredible Dracula III: Family Secret Collector&#8217;s Edition"}]},{"@type":"WebSite","@id":"https:\/\/www.iplay.com\/en\/#website","url":"https:\/\/www.iplay.com\/en\/","name":"IPlay","description":"The Best Casual Games!","publisher":{"@id":"https:\/\/www.iplay.com\/en\/#organization"},"potentialAction":[{"@type":"SearchAction","target":{"@type":"EntryPoint","urlTemplate":"https:\/\/www.iplay.com\/en\/?s={search_term_string}"},"query-input":{"@type":"PropertyValueSpecification","valueRequired":true,"valueName":"search_term_string"}}],"inLanguage":"de-DE"},{"@type":"Organization","@id":"https:\/\/www.iplay.com\/en\/#organization","name":"IPlay","url":"https:\/\/www.iplay.com\/en\/","logo":{"@type":"ImageObject","inLanguage":"de-DE","@id":"https:\/\/www.iplay.com\/en\/#\/schema\/logo\/image\/","url":"https:\/\/www.iplay.com\/wp-content\/uploads\/2023\/11\/Group-6100.svg","contentUrl":"https:\/\/www.iplay.com\/wp-content\/uploads\/2023\/11\/Group-6100.svg","width":98,"height":25,"caption":"IPlay"},"image":{"@id":"https:\/\/www.iplay.com\/en\/#\/schema\/logo\/image\/"}}]}},"_links":{"self":[{"href":"https:\/\/www.iplay.com\/de\/wp-json\/wp\/v2\/product\/127133","targetHints":{"allow":["GET"]}}],"collection":[{"href":"https:\/\/www.iplay.com\/de\/wp-json\/wp\/v2\/product"}],"about":[{"href":"https:\/\/www.iplay.com\/de\/wp-json\/wp\/v2\/types\/product"}],"author":[{"embeddable":true,"href":"https:\/\/www.iplay.com\/de\/wp-json\/wp\/v2\/users\/8"}],"replies":[{"embeddable":true,"href":"https:\/\/www.iplay.com\/de\/wp-json\/wp\/v2\/comments?post=127133"}],"wp:featuredmedia":[{"embeddable":true,"href":"https:\/\/www.iplay.com\/de\/wp-json\/wp\/v2\/media\/64662"}],"wp:attachment":[{"href":"https:\/\/www.iplay.com\/de\/wp-json\/wp\/v2\/media?parent=127133"}],"wp:term":[{"taxonomy":"product_brand","embeddable":true,"href":"https:\/\/www.iplay.com\/de\/wp-json\/wp\/v2\/product_brand?post=127133"},{"taxonomy":"product_cat","embeddable":true,"href":"https:\/\/www.iplay.com\/de\/wp-json\/wp\/v2\/product_cat?post=127133"},{"taxonomy":"product_tag","embeddable":true,"href":"https:\/\/www.iplay.com\/de\/wp-json\/wp\/v2\/product_tag?post=127133"}],"curies":[{"name":"wp","href":"https:\/\/api.w.org\/{rel}","templated":true}]}}