{"id":127098,"date":"2021-07-03T00:00:00","date_gmt":"2021-07-03T00:00:00","guid":{"rendered":"https:\/\/www.iplay.com\/games\/around-the-world-with-the-johnson-family\/"},"modified":"2021-07-03T00:00:00","modified_gmt":"2021-07-03T00:00:00","slug":"around-the-world-with-the-johnson-family","status":"publish","type":"product","link":"https:\/\/www.iplay.com\/de\/games\/around-the-world-with-the-johnson-family\/","title":{"rendered":"Around the world with the Johnson Family"},"content":{"rendered":"<p>Erkunde die Welt! Sie werden den Geist und die Kultur vieler Reiseziele auf der ganzen Welt genie\u00dfen und dabei eine tolle Zeit haben. Sammle Fotoalben f\u00fcr deine Erinnerungen, und es gibt zwei Orte, die du auf jedem Level besuchen kannst. Es stehen zehn Minispiele zur Auswahl. Die beiden zug\u00e4nglichen Kartenspiele sind Speicher und Solit\u00e4r. Du solltest das Brett im Mahjong-Spiel r\u00e4umen, 15 Unterscheidungen im Szenario finden und das Unordnungsspiel spielen. Du musst aus dem Labyrinth entkommen, Puzzles l\u00f6sen, um neue Bereiche zu entdecken, Holzpl\u00e4ttchen in einem unglaublichen Match-2-Spiel l\u00f6sen, um neue Orte zu sehen, Sammlungen verschiedener Tiergruppen anh\u00e4ufen und das Brett abwischen, indem du zwei passende Dinge findest. Die drei Spielmodi (Zeitlimit, Strafen f\u00fcr Fehlklicks) sind EINFACH (keine Zeitbeschr\u00e4nkung, keine Strafen f\u00fcr Fehlklicks), NORMAL (Zeitlimit, keine Strafen f\u00fcr Fehlklicks) und SCHWER (Zeitlimit, keine Strafen f\u00fcr Fehlklicks). Im Einstellungsmen\u00fc k\u00f6nnen Sie festlegen, ob Sie durcheinander gew\u00fcrfelte W\u00f6rter und\/oder fehlende Buchstaben haben m\u00f6chten. Um zus\u00e4tzliches Geld zu verdienen, finde das Morphing-Objekt in jedem Level!         <\/p>\n<p>&nbsp;<\/p>\n<p>&nbsp;<\/p>\n<p><strong>Funktionen:<\/strong><\/p>\n<p>&nbsp;<\/p>\n<p>&#8211; Erkunde die Welt<\/p>\n<p>&#8211; Sammle erstaunliche Sammlungen<\/p>\n<p>&#8211; Genie\u00dfe wundersch\u00f6ne Grafiken und aufregende Minispiele<\/p>\n<p>&#8211; Finde die Unterschiede in der Szene<\/p>\n<p>&#8211; Spiele herausfordernde Mahjong-Puzzles<\/p>\n<p>&#8211; R\u00e4umen Sie das Durcheinander auf<\/p>\n<p>&#8211; L\u00f6se ein fantastisches 2-Gewinnt-Spiel<\/p>\n<p>&#8211; Wiederhole Lieblingslevel und Minispiele<\/p>\n","protected":false},"excerpt":{"rendered":"<p>Machen Sie eine Reise um die Welt und schaffen Sie Erinnerungen mit der Familie Johnson.<\/p>\n","protected":false},"author":48,"featured_media":79673,"comment_status":"open","ping_status":"closed","template":"","meta":{"_acf_changed":false,"inline_featured_image":false},"product_brand":[],"product_cat":[164],"product_tag":[289],"class_list":{"0":"post-127098","1":"product","2":"type-product","3":"status-publish","4":"has-post-thumbnail","6":"product_cat-hidden-object-de","7":"product_tag-play-on-pc-de","9":"first","10":"instock","11":"shipping-taxable","12":"purchasable","13":"product-type-simple"},"acf":[],"yoast_head":"<!-- This site is optimized with the Yoast SEO Premium plugin v25.2 (Yoast SEO v25.2) - https:\/\/yoast.com\/wordpress\/plugins\/seo\/ -->\n<title>Mit der Familie Johnson um die Welt - Schaffen Sie Erinnerungen in Rund um die Welt mit der Familie Johnson<\/title>\n<meta name=\"description\" content=\"Machen Sie eine Reise um die Welt und schaffen Sie Erinnerungen mit der Familie Johnson.\" \/>\n<meta name=\"robots\" content=\"index, follow, max-snippet:-1, max-image-preview:large, max-video-preview:-1\" \/>\n<link rel=\"canonical\" href=\"https:\/\/www.iplay.com\/de\/games\/around-the-world-with-the-johnson-family\/\" \/>\n<meta property=\"og:locale\" content=\"de_DE\" \/>\n<meta property=\"og:type\" content=\"article\" \/>\n<meta property=\"og:title\" content=\"Around the world with the Johnson Family\" \/>\n<meta property=\"og:description\" content=\"Machen Sie eine Reise um die Welt und schaffen Sie Erinnerungen mit der Familie Johnson.\" \/>\n<meta property=\"og:url\" content=\"https:\/\/www.iplay.com\/de\/games\/around-the-world-with-the-johnson-family\/\" \/>\n<meta property=\"og:site_name\" content=\"IPlay\" \/>\n<meta property=\"og:image\" content=\"https:\/\/www.iplay.com\/wp-content\/uploads\/2023\/12\/large_square_tile_image-2481.jpg\" \/>\n\t<meta property=\"og:image:width\" content=\"310\" \/>\n\t<meta property=\"og:image:height\" content=\"310\" \/>\n\t<meta property=\"og:image:type\" content=\"image\/jpeg\" \/>\n<meta name=\"twitter:card\" content=\"summary_large_image\" \/>\n<meta name=\"twitter:label1\" content=\"Gesch\u00e4tzte Lesezeit\" \/>\n\t<meta name=\"twitter:data1\" content=\"1 Minute\" \/>\n<script type=\"application\/ld+json\" class=\"yoast-schema-graph\">{\"@context\":\"https:\/\/schema.org\",\"@graph\":[{\"@type\":\"WebPage\",\"@id\":\"https:\/\/www.iplay.com\/de\/games\/around-the-world-with-the-johnson-family\/\",\"url\":\"https:\/\/www.iplay.com\/de\/games\/around-the-world-with-the-johnson-family\/\",\"name\":\"Mit der Familie Johnson um die Welt - Schaffen Sie Erinnerungen in Rund um die Welt mit der Familie Johnson\",\"isPartOf\":{\"@id\":\"https:\/\/www.iplay.com\/en\/#website\"},\"primaryImageOfPage\":{\"@id\":\"https:\/\/www.iplay.com\/de\/games\/around-the-world-with-the-johnson-family\/#primaryimage\"},\"image\":{\"@id\":\"https:\/\/www.iplay.com\/de\/games\/around-the-world-with-the-johnson-family\/#primaryimage\"},\"thumbnailUrl\":\"https:\/\/www.iplay.com\/wp-content\/uploads\/2023\/12\/large_square_tile_image-2481.jpg\",\"datePublished\":\"2021-07-03T00:00:00+00:00\",\"description\":\"Machen Sie eine Reise um die Welt und schaffen Sie Erinnerungen mit der Familie Johnson.\",\"breadcrumb\":{\"@id\":\"https:\/\/www.iplay.com\/de\/games\/around-the-world-with-the-johnson-family\/#breadcrumb\"},\"inLanguage\":\"de-DE\",\"potentialAction\":[{\"@type\":\"ReadAction\",\"target\":[\"https:\/\/www.iplay.com\/de\/games\/around-the-world-with-the-johnson-family\/\"]}]},{\"@type\":\"ImageObject\",\"inLanguage\":\"de-DE\",\"@id\":\"https:\/\/www.iplay.com\/de\/games\/around-the-world-with-the-johnson-family\/#primaryimage\",\"url\":\"https:\/\/www.iplay.com\/wp-content\/uploads\/2023\/12\/large_square_tile_image-2481.jpg\",\"contentUrl\":\"https:\/\/www.iplay.com\/wp-content\/uploads\/2023\/12\/large_square_tile_image-2481.jpg\",\"width\":310,\"height\":310},{\"@type\":\"BreadcrumbList\",\"@id\":\"https:\/\/www.iplay.com\/de\/games\/around-the-world-with-the-johnson-family\/#breadcrumb\",\"itemListElement\":[{\"@type\":\"ListItem\",\"position\":1,\"name\":\"Home\",\"item\":\"https:\/\/www.iplay.com\/de\/home-page-2\/\"},{\"@type\":\"ListItem\",\"position\":2,\"name\":\"Shop\",\"item\":\"https:\/\/www.iplay.com\/en\/shop\/\"},{\"@type\":\"ListItem\",\"position\":3,\"name\":\"Around the world with the Johnson Family\"}]},{\"@type\":\"WebSite\",\"@id\":\"https:\/\/www.iplay.com\/en\/#website\",\"url\":\"https:\/\/www.iplay.com\/en\/\",\"name\":\"IPlay\",\"description\":\"The Best Casual Games!\",\"publisher\":{\"@id\":\"https:\/\/www.iplay.com\/en\/#organization\"},\"potentialAction\":[{\"@type\":\"SearchAction\",\"target\":{\"@type\":\"EntryPoint\",\"urlTemplate\":\"https:\/\/www.iplay.com\/en\/?s={search_term_string}\"},\"query-input\":{\"@type\":\"PropertyValueSpecification\",\"valueRequired\":true,\"valueName\":\"search_term_string\"}}],\"inLanguage\":\"de-DE\"},{\"@type\":\"Organization\",\"@id\":\"https:\/\/www.iplay.com\/en\/#organization\",\"name\":\"IPlay\",\"url\":\"https:\/\/www.iplay.com\/en\/\",\"logo\":{\"@type\":\"ImageObject\",\"inLanguage\":\"de-DE\",\"@id\":\"https:\/\/www.iplay.com\/en\/#\/schema\/logo\/image\/\",\"url\":\"https:\/\/www.iplay.com\/wp-content\/uploads\/2023\/11\/Group-6100.svg\",\"contentUrl\":\"https:\/\/www.iplay.com\/wp-content\/uploads\/2023\/11\/Group-6100.svg\",\"width\":98,\"height\":25,\"caption\":\"IPlay\"},\"image\":{\"@id\":\"https:\/\/www.iplay.com\/en\/#\/schema\/logo\/image\/\"}}]}<\/script>\n<!-- \/ Yoast SEO Premium plugin. -->","yoast_head_json":{"title":"Mit der Familie Johnson um die Welt - Schaffen Sie Erinnerungen in Rund um die Welt mit der Familie Johnson","description":"Machen Sie eine Reise um die Welt und schaffen Sie Erinnerungen mit der Familie Johnson.","robots":{"index":"index","follow":"follow","max-snippet":"max-snippet:-1","max-image-preview":"max-image-preview:large","max-video-preview":"max-video-preview:-1"},"canonical":"https:\/\/www.iplay.com\/de\/games\/around-the-world-with-the-johnson-family\/","og_locale":"de_DE","og_type":"article","og_title":"Around the world with the Johnson Family","og_description":"Machen Sie eine Reise um die Welt und schaffen Sie Erinnerungen mit der Familie Johnson.","og_url":"https:\/\/www.iplay.com\/de\/games\/around-the-world-with-the-johnson-family\/","og_site_name":"IPlay","og_image":[{"width":310,"height":310,"url":"https:\/\/www.iplay.com\/wp-content\/uploads\/2023\/12\/large_square_tile_image-2481.jpg","type":"image\/jpeg"}],"twitter_card":"summary_large_image","twitter_misc":{"Gesch\u00e4tzte Lesezeit":"1 Minute"},"schema":{"@context":"https:\/\/schema.org","@graph":[{"@type":"WebPage","@id":"https:\/\/www.iplay.com\/de\/games\/around-the-world-with-the-johnson-family\/","url":"https:\/\/www.iplay.com\/de\/games\/around-the-world-with-the-johnson-family\/","name":"Mit der Familie Johnson um die Welt - Schaffen Sie Erinnerungen in Rund um die Welt mit der Familie Johnson","isPartOf":{"@id":"https:\/\/www.iplay.com\/en\/#website"},"primaryImageOfPage":{"@id":"https:\/\/www.iplay.com\/de\/games\/around-the-world-with-the-johnson-family\/#primaryimage"},"image":{"@id":"https:\/\/www.iplay.com\/de\/games\/around-the-world-with-the-johnson-family\/#primaryimage"},"thumbnailUrl":"https:\/\/www.iplay.com\/wp-content\/uploads\/2023\/12\/large_square_tile_image-2481.jpg","datePublished":"2021-07-03T00:00:00+00:00","description":"Machen Sie eine Reise um die Welt und schaffen Sie Erinnerungen mit der Familie Johnson.","breadcrumb":{"@id":"https:\/\/www.iplay.com\/de\/games\/around-the-world-with-the-johnson-family\/#breadcrumb"},"inLanguage":"de-DE","potentialAction":[{"@type":"ReadAction","target":["https:\/\/www.iplay.com\/de\/games\/around-the-world-with-the-johnson-family\/"]}]},{"@type":"ImageObject","inLanguage":"de-DE","@id":"https:\/\/www.iplay.com\/de\/games\/around-the-world-with-the-johnson-family\/#primaryimage","url":"https:\/\/www.iplay.com\/wp-content\/uploads\/2023\/12\/large_square_tile_image-2481.jpg","contentUrl":"https:\/\/www.iplay.com\/wp-content\/uploads\/2023\/12\/large_square_tile_image-2481.jpg","width":310,"height":310},{"@type":"BreadcrumbList","@id":"https:\/\/www.iplay.com\/de\/games\/around-the-world-with-the-johnson-family\/#breadcrumb","itemListElement":[{"@type":"ListItem","position":1,"name":"Home","item":"https:\/\/www.iplay.com\/de\/home-page-2\/"},{"@type":"ListItem","position":2,"name":"Shop","item":"https:\/\/www.iplay.com\/en\/shop\/"},{"@type":"ListItem","position":3,"name":"Around the world with the Johnson Family"}]},{"@type":"WebSite","@id":"https:\/\/www.iplay.com\/en\/#website","url":"https:\/\/www.iplay.com\/en\/","name":"IPlay","description":"The Best Casual Games!","publisher":{"@id":"https:\/\/www.iplay.com\/en\/#organization"},"potentialAction":[{"@type":"SearchAction","target":{"@type":"EntryPoint","urlTemplate":"https:\/\/www.iplay.com\/en\/?s={search_term_string}"},"query-input":{"@type":"PropertyValueSpecification","valueRequired":true,"valueName":"search_term_string"}}],"inLanguage":"de-DE"},{"@type":"Organization","@id":"https:\/\/www.iplay.com\/en\/#organization","name":"IPlay","url":"https:\/\/www.iplay.com\/en\/","logo":{"@type":"ImageObject","inLanguage":"de-DE","@id":"https:\/\/www.iplay.com\/en\/#\/schema\/logo\/image\/","url":"https:\/\/www.iplay.com\/wp-content\/uploads\/2023\/11\/Group-6100.svg","contentUrl":"https:\/\/www.iplay.com\/wp-content\/uploads\/2023\/11\/Group-6100.svg","width":98,"height":25,"caption":"IPlay"},"image":{"@id":"https:\/\/www.iplay.com\/en\/#\/schema\/logo\/image\/"}}]}},"_links":{"self":[{"href":"https:\/\/www.iplay.com\/de\/wp-json\/wp\/v2\/product\/127098","targetHints":{"allow":["GET"]}}],"collection":[{"href":"https:\/\/www.iplay.com\/de\/wp-json\/wp\/v2\/product"}],"about":[{"href":"https:\/\/www.iplay.com\/de\/wp-json\/wp\/v2\/types\/product"}],"author":[{"embeddable":true,"href":"https:\/\/www.iplay.com\/de\/wp-json\/wp\/v2\/users\/48"}],"replies":[{"embeddable":true,"href":"https:\/\/www.iplay.com\/de\/wp-json\/wp\/v2\/comments?post=127098"}],"wp:featuredmedia":[{"embeddable":true,"href":"https:\/\/www.iplay.com\/de\/wp-json\/wp\/v2\/media\/79673"}],"wp:attachment":[{"href":"https:\/\/www.iplay.com\/de\/wp-json\/wp\/v2\/media?parent=127098"}],"wp:term":[{"taxonomy":"product_brand","embeddable":true,"href":"https:\/\/www.iplay.com\/de\/wp-json\/wp\/v2\/product_brand?post=127098"},{"taxonomy":"product_cat","embeddable":true,"href":"https:\/\/www.iplay.com\/de\/wp-json\/wp\/v2\/product_cat?post=127098"},{"taxonomy":"product_tag","embeddable":true,"href":"https:\/\/www.iplay.com\/de\/wp-json\/wp\/v2\/product_tag?post=127098"}],"curies":[{"name":"wp","href":"https:\/\/api.w.org\/{rel}","templated":true}]}}