{"id":127093,"date":"2024-02-23T00:00:45","date_gmt":"2024-02-23T00:00:45","guid":{"rendered":"https:\/\/www.iplay.com\/games\/around-the-world-travel-to-brazil-collectors-edition\/"},"modified":"2025-03-06T10:12:12","modified_gmt":"2025-03-06T10:12:12","slug":"around-the-world-travel-to-brazil-collectors-edition","status":"publish","type":"product","link":"https:\/\/www.iplay.com\/de\/games\/around-the-world-travel-to-brazil-collectors-edition\/","title":{"rendered":"Around the World: Travel to Brazil Collector&#8217;s Edition"},"content":{"rendered":"<p>Begeben Sie sich auf eine virtuelle Reise, um die faszinierenden Attraktionen Brasiliens mit unserer neuesten Gaming-Kreation &#8220;Around the World: Amazing Brazil&#8221; zu erkunden. Inmitten der sonnigen Landschaften Brasiliens warten vielf\u00e4ltige Objekte darauf, entdeckt zu werden, und bieten den Spielern die M\u00f6glichkeit, sich an faszinierenden Minispielen zu beteiligen und eine Reihe von Souvenirs zu sammeln, um sich an ihr Abenteuer zu erinnern. <\/p>\n<p>&nbsp;<\/p>\n<p>W\u00e4hrend dieser fesselnden Expedition enth\u00fcllen die Spieler 30 atemberaubende Sehensw\u00fcrdigkeiten, die \u00fcber das weitl\u00e4ufige Gel\u00e4nde Brasiliens verstreut sind. Von den majest\u00e4tischen Gipfeln des Zuckerhuts bis zu den \u00fcppigen Tiefen des Amazonas-Dschungels, von den bezaubernden H\u00f6hlen bis zu den belebten Stra\u00dfen von Rio de Janeiro und von den ruhigen Ufern brasilianischer Str\u00e4nde mit schneewei\u00dfem Sand kennt die Erkundung keine Grenzen. Tauchen Sie ein in die Pracht spektakul\u00e4rer Nationalparks, tauchen Sie ein in die reiche Geschichte, die in Museen aufbewahrt wird, und bestaunen Sie die alten Burgen, die von Legenden und \u00dcberlieferungen durchdrungen sind.  <\/p>\n<p>&nbsp;<\/p>\n<p><strong>Funktionen der Collector&#8217;s Edition<\/strong><\/p>\n<p>&nbsp;<\/p>\n<p>&#8211; Entdecke 10 neue Orte, die jeweils einzigartige Sch\u00e4tze und Geheimnisse bieten, die darauf warten, entdeckt zu werden.<\/p>\n<p>&nbsp;<\/p>\n<p>&#8211; Nimm an 10 neuen Minispielen teil, darunter 12, die speziell auf Puzzle-Enthusiasten zugeschnitten sind und stundenlange fesselnde Unterhaltung bieten.<\/p>\n<p>&nbsp;<\/p>\n<p>&#8211; Schm\u00fccken Sie Ihren Schreibtisch mit atemberaubenden Hintergrundbildern, die die Essenz der atemberaubenden Landschaften Brasiliens einfangen und es Ihnen erm\u00f6glichen, einen Hauch von seiner Sch\u00f6nheit in Ihre digitale Welt zu bringen.<\/p>\n<p>&nbsp;<\/p>\n<p>&#8211; Tauchen Sie \u00fcber den integrierten Musikplayer in eine kuratierte Auswahl an Musik ein und bereichern Sie Ihr Spielerlebnis mit melodi\u00f6sen Melodien, die von der lebendigen Kultur Brasiliens inspiriert sind.<\/p>\n<p>&nbsp;<\/p>\n<p>&#8211; St\u00f6bere im virtuellen Shop nach einer Reihe von brasilianischen Geschenken, die den Spielern die M\u00f6glichkeit bieten, virtuelle Erinnerungsst\u00fccke und Erinnerungsst\u00fccke als Zeichen ihrer virtuellen Reise durch dieses bezaubernde Land zu erwerben.<\/p>\n","protected":false},"excerpt":{"rendered":"<p>Erleben Sie einen unvergesslichen Familienurlaub in Brasilien.<\/p>\n","protected":false},"author":130,"featured_media":124501,"comment_status":"open","ping_status":"closed","template":"","meta":{"_acf_changed":false,"inline_featured_image":false},"product_brand":[],"product_cat":[164],"product_tag":[289],"class_list":{"0":"post-127093","1":"product","2":"type-product","3":"status-publish","4":"has-post-thumbnail","6":"product_cat-hidden-object-de","7":"product_tag-play-on-pc-de","9":"first","10":"instock","11":"shipping-taxable","12":"purchasable","13":"product-type-simple"},"acf":[],"yoast_head":"<!-- This site is optimized with the Yoast SEO Premium plugin v25.2 (Yoast SEO v25.2) - https:\/\/yoast.com\/wordpress\/plugins\/seo\/ -->\n<title>Rund um die Welt: Reisen nach Brasilien Sammleredition - Erleben Sie einen unvergesslichen Familienurlaub in Brasilien<\/title>\n<meta name=\"description\" content=\"Erleben Sie einen unvergesslichen Familienurlaub in Brasilien.\" \/>\n<meta name=\"robots\" content=\"index, follow, max-snippet:-1, max-image-preview:large, max-video-preview:-1\" \/>\n<link rel=\"canonical\" href=\"https:\/\/www.iplay.com\/de\/games\/around-the-world-travel-to-brazil-collectors-edition\/\" \/>\n<meta property=\"og:locale\" content=\"de_DE\" \/>\n<meta property=\"og:type\" content=\"article\" \/>\n<meta property=\"og:title\" content=\"Around the World: Travel to Brazil Collector&#039;s Edition\" \/>\n<meta property=\"og:description\" content=\"Erleben Sie einen unvergesslichen Familienurlaub in Brasilien.\" \/>\n<meta property=\"og:url\" content=\"https:\/\/www.iplay.com\/de\/games\/around-the-world-travel-to-brazil-collectors-edition\/\" \/>\n<meta property=\"og:site_name\" content=\"IPlay\" \/>\n<meta property=\"article:modified_time\" content=\"2025-03-06T10:12:12+00:00\" \/>\n<meta property=\"og:image\" content=\"https:\/\/www.iplay.com\/wp-content\/uploads\/2024\/02\/400x400-around_the_world_-_travel_to_brazil_ce_large_square_tile_image.webp\" \/>\n\t<meta property=\"og:image:width\" content=\"400\" \/>\n\t<meta property=\"og:image:height\" content=\"400\" \/>\n\t<meta property=\"og:image:type\" content=\"image\/webp\" \/>\n<meta name=\"twitter:card\" content=\"summary_large_image\" \/>\n<meta name=\"twitter:label1\" content=\"Gesch\u00e4tzte Lesezeit\" \/>\n\t<meta name=\"twitter:data1\" content=\"2 Minuten\" \/>\n<script type=\"application\/ld+json\" class=\"yoast-schema-graph\">{\"@context\":\"https:\/\/schema.org\",\"@graph\":[{\"@type\":\"WebPage\",\"@id\":\"https:\/\/www.iplay.com\/de\/games\/around-the-world-travel-to-brazil-collectors-edition\/\",\"url\":\"https:\/\/www.iplay.com\/de\/games\/around-the-world-travel-to-brazil-collectors-edition\/\",\"name\":\"Rund um die Welt: Reisen nach Brasilien Sammleredition - Erleben Sie einen unvergesslichen Familienurlaub in Brasilien\",\"isPartOf\":{\"@id\":\"https:\/\/www.iplay.com\/en\/#website\"},\"primaryImageOfPage\":{\"@id\":\"https:\/\/www.iplay.com\/de\/games\/around-the-world-travel-to-brazil-collectors-edition\/#primaryimage\"},\"image\":{\"@id\":\"https:\/\/www.iplay.com\/de\/games\/around-the-world-travel-to-brazil-collectors-edition\/#primaryimage\"},\"thumbnailUrl\":\"https:\/\/www.iplay.com\/wp-content\/uploads\/2024\/02\/400x400-around_the_world_-_travel_to_brazil_ce_large_square_tile_image.webp\",\"datePublished\":\"2024-02-23T00:00:45+00:00\",\"dateModified\":\"2025-03-06T10:12:12+00:00\",\"description\":\"Erleben Sie einen unvergesslichen Familienurlaub in Brasilien.\",\"breadcrumb\":{\"@id\":\"https:\/\/www.iplay.com\/de\/games\/around-the-world-travel-to-brazil-collectors-edition\/#breadcrumb\"},\"inLanguage\":\"de-DE\",\"potentialAction\":[{\"@type\":\"ReadAction\",\"target\":[\"https:\/\/www.iplay.com\/de\/games\/around-the-world-travel-to-brazil-collectors-edition\/\"]}]},{\"@type\":\"ImageObject\",\"inLanguage\":\"de-DE\",\"@id\":\"https:\/\/www.iplay.com\/de\/games\/around-the-world-travel-to-brazil-collectors-edition\/#primaryimage\",\"url\":\"https:\/\/www.iplay.com\/wp-content\/uploads\/2024\/02\/400x400-around_the_world_-_travel_to_brazil_ce_large_square_tile_image.webp\",\"contentUrl\":\"https:\/\/www.iplay.com\/wp-content\/uploads\/2024\/02\/400x400-around_the_world_-_travel_to_brazil_ce_large_square_tile_image.webp\",\"width\":400,\"height\":400},{\"@type\":\"BreadcrumbList\",\"@id\":\"https:\/\/www.iplay.com\/de\/games\/around-the-world-travel-to-brazil-collectors-edition\/#breadcrumb\",\"itemListElement\":[{\"@type\":\"ListItem\",\"position\":1,\"name\":\"Home\",\"item\":\"https:\/\/www.iplay.com\/de\/home-page-2\/\"},{\"@type\":\"ListItem\",\"position\":2,\"name\":\"Shop\",\"item\":\"https:\/\/www.iplay.com\/en\/shop\/\"},{\"@type\":\"ListItem\",\"position\":3,\"name\":\"Around the World: Travel to Brazil Collector&#8217;s Edition\"}]},{\"@type\":\"WebSite\",\"@id\":\"https:\/\/www.iplay.com\/en\/#website\",\"url\":\"https:\/\/www.iplay.com\/en\/\",\"name\":\"IPlay\",\"description\":\"The Best Casual Games!\",\"publisher\":{\"@id\":\"https:\/\/www.iplay.com\/en\/#organization\"},\"potentialAction\":[{\"@type\":\"SearchAction\",\"target\":{\"@type\":\"EntryPoint\",\"urlTemplate\":\"https:\/\/www.iplay.com\/en\/?s={search_term_string}\"},\"query-input\":{\"@type\":\"PropertyValueSpecification\",\"valueRequired\":true,\"valueName\":\"search_term_string\"}}],\"inLanguage\":\"de-DE\"},{\"@type\":\"Organization\",\"@id\":\"https:\/\/www.iplay.com\/en\/#organization\",\"name\":\"IPlay\",\"url\":\"https:\/\/www.iplay.com\/en\/\",\"logo\":{\"@type\":\"ImageObject\",\"inLanguage\":\"de-DE\",\"@id\":\"https:\/\/www.iplay.com\/en\/#\/schema\/logo\/image\/\",\"url\":\"https:\/\/www.iplay.com\/wp-content\/uploads\/2023\/11\/Group-6100.svg\",\"contentUrl\":\"https:\/\/www.iplay.com\/wp-content\/uploads\/2023\/11\/Group-6100.svg\",\"width\":98,\"height\":25,\"caption\":\"IPlay\"},\"image\":{\"@id\":\"https:\/\/www.iplay.com\/en\/#\/schema\/logo\/image\/\"}}]}<\/script>\n<!-- \/ Yoast SEO Premium plugin. -->","yoast_head_json":{"title":"Rund um die Welt: Reisen nach Brasilien Sammleredition - Erleben Sie einen unvergesslichen Familienurlaub in Brasilien","description":"Erleben Sie einen unvergesslichen Familienurlaub in Brasilien.","robots":{"index":"index","follow":"follow","max-snippet":"max-snippet:-1","max-image-preview":"max-image-preview:large","max-video-preview":"max-video-preview:-1"},"canonical":"https:\/\/www.iplay.com\/de\/games\/around-the-world-travel-to-brazil-collectors-edition\/","og_locale":"de_DE","og_type":"article","og_title":"Around the World: Travel to Brazil Collector's Edition","og_description":"Erleben Sie einen unvergesslichen Familienurlaub in Brasilien.","og_url":"https:\/\/www.iplay.com\/de\/games\/around-the-world-travel-to-brazil-collectors-edition\/","og_site_name":"IPlay","article_modified_time":"2025-03-06T10:12:12+00:00","og_image":[{"width":400,"height":400,"url":"https:\/\/www.iplay.com\/wp-content\/uploads\/2024\/02\/400x400-around_the_world_-_travel_to_brazil_ce_large_square_tile_image.webp","type":"image\/webp"}],"twitter_card":"summary_large_image","twitter_misc":{"Gesch\u00e4tzte Lesezeit":"2 Minuten"},"schema":{"@context":"https:\/\/schema.org","@graph":[{"@type":"WebPage","@id":"https:\/\/www.iplay.com\/de\/games\/around-the-world-travel-to-brazil-collectors-edition\/","url":"https:\/\/www.iplay.com\/de\/games\/around-the-world-travel-to-brazil-collectors-edition\/","name":"Rund um die Welt: Reisen nach Brasilien Sammleredition - Erleben Sie einen unvergesslichen Familienurlaub in Brasilien","isPartOf":{"@id":"https:\/\/www.iplay.com\/en\/#website"},"primaryImageOfPage":{"@id":"https:\/\/www.iplay.com\/de\/games\/around-the-world-travel-to-brazil-collectors-edition\/#primaryimage"},"image":{"@id":"https:\/\/www.iplay.com\/de\/games\/around-the-world-travel-to-brazil-collectors-edition\/#primaryimage"},"thumbnailUrl":"https:\/\/www.iplay.com\/wp-content\/uploads\/2024\/02\/400x400-around_the_world_-_travel_to_brazil_ce_large_square_tile_image.webp","datePublished":"2024-02-23T00:00:45+00:00","dateModified":"2025-03-06T10:12:12+00:00","description":"Erleben Sie einen unvergesslichen Familienurlaub in Brasilien.","breadcrumb":{"@id":"https:\/\/www.iplay.com\/de\/games\/around-the-world-travel-to-brazil-collectors-edition\/#breadcrumb"},"inLanguage":"de-DE","potentialAction":[{"@type":"ReadAction","target":["https:\/\/www.iplay.com\/de\/games\/around-the-world-travel-to-brazil-collectors-edition\/"]}]},{"@type":"ImageObject","inLanguage":"de-DE","@id":"https:\/\/www.iplay.com\/de\/games\/around-the-world-travel-to-brazil-collectors-edition\/#primaryimage","url":"https:\/\/www.iplay.com\/wp-content\/uploads\/2024\/02\/400x400-around_the_world_-_travel_to_brazil_ce_large_square_tile_image.webp","contentUrl":"https:\/\/www.iplay.com\/wp-content\/uploads\/2024\/02\/400x400-around_the_world_-_travel_to_brazil_ce_large_square_tile_image.webp","width":400,"height":400},{"@type":"BreadcrumbList","@id":"https:\/\/www.iplay.com\/de\/games\/around-the-world-travel-to-brazil-collectors-edition\/#breadcrumb","itemListElement":[{"@type":"ListItem","position":1,"name":"Home","item":"https:\/\/www.iplay.com\/de\/home-page-2\/"},{"@type":"ListItem","position":2,"name":"Shop","item":"https:\/\/www.iplay.com\/en\/shop\/"},{"@type":"ListItem","position":3,"name":"Around the World: Travel to Brazil Collector&#8217;s Edition"}]},{"@type":"WebSite","@id":"https:\/\/www.iplay.com\/en\/#website","url":"https:\/\/www.iplay.com\/en\/","name":"IPlay","description":"The Best Casual Games!","publisher":{"@id":"https:\/\/www.iplay.com\/en\/#organization"},"potentialAction":[{"@type":"SearchAction","target":{"@type":"EntryPoint","urlTemplate":"https:\/\/www.iplay.com\/en\/?s={search_term_string}"},"query-input":{"@type":"PropertyValueSpecification","valueRequired":true,"valueName":"search_term_string"}}],"inLanguage":"de-DE"},{"@type":"Organization","@id":"https:\/\/www.iplay.com\/en\/#organization","name":"IPlay","url":"https:\/\/www.iplay.com\/en\/","logo":{"@type":"ImageObject","inLanguage":"de-DE","@id":"https:\/\/www.iplay.com\/en\/#\/schema\/logo\/image\/","url":"https:\/\/www.iplay.com\/wp-content\/uploads\/2023\/11\/Group-6100.svg","contentUrl":"https:\/\/www.iplay.com\/wp-content\/uploads\/2023\/11\/Group-6100.svg","width":98,"height":25,"caption":"IPlay"},"image":{"@id":"https:\/\/www.iplay.com\/en\/#\/schema\/logo\/image\/"}}]}},"_links":{"self":[{"href":"https:\/\/www.iplay.com\/de\/wp-json\/wp\/v2\/product\/127093","targetHints":{"allow":["GET"]}}],"collection":[{"href":"https:\/\/www.iplay.com\/de\/wp-json\/wp\/v2\/product"}],"about":[{"href":"https:\/\/www.iplay.com\/de\/wp-json\/wp\/v2\/types\/product"}],"author":[{"embeddable":true,"href":"https:\/\/www.iplay.com\/de\/wp-json\/wp\/v2\/users\/130"}],"replies":[{"embeddable":true,"href":"https:\/\/www.iplay.com\/de\/wp-json\/wp\/v2\/comments?post=127093"}],"wp:featuredmedia":[{"embeddable":true,"href":"https:\/\/www.iplay.com\/de\/wp-json\/wp\/v2\/media\/124501"}],"wp:attachment":[{"href":"https:\/\/www.iplay.com\/de\/wp-json\/wp\/v2\/media?parent=127093"}],"wp:term":[{"taxonomy":"product_brand","embeddable":true,"href":"https:\/\/www.iplay.com\/de\/wp-json\/wp\/v2\/product_brand?post=127093"},{"taxonomy":"product_cat","embeddable":true,"href":"https:\/\/www.iplay.com\/de\/wp-json\/wp\/v2\/product_cat?post=127093"},{"taxonomy":"product_tag","embeddable":true,"href":"https:\/\/www.iplay.com\/de\/wp-json\/wp\/v2\/product_tag?post=127093"}],"curies":[{"name":"wp","href":"https:\/\/api.w.org\/{rel}","templated":true}]}}