{"id":127084,"date":"2024-06-21T12:03:48","date_gmt":"2024-06-21T12:03:48","guid":{"rendered":"https:\/\/www.iplay.com\/games\/around-the-world-3-amazing-countries-collectors-edition\/"},"modified":"2025-07-04T09:15:43","modified_gmt":"2025-07-04T09:15:43","slug":"around-the-world-3-amazing-countries-collectors-edition","status":"publish","type":"product","link":"https:\/\/www.iplay.com\/de\/games\/around-the-world-3-amazing-countries-collectors-edition\/","title":{"rendered":"Around the World 3: Amazing Countries Collector&#8217;s Edition"},"content":{"rendered":"<p>Ein frisches Spiel aus der Serie Around the World: Amazing Countries ist zu genie\u00dfen. In diesem spannenden Abenteuer gibt es zahlreiche Methoden zum Auffinden von versteckten Objekten, und fesselnde Minispiele sorgen f\u00fcr zus\u00e4tzlichen Spa\u00df. <\/p>\n<p>Geboten wird eine au\u00dfergew\u00f6hnliche Reise durch 30 atemberaubende und bemerkenswerte Orte. W\u00fcsten k\u00f6nnen erkundet, die Pracht der W\u00e4lder bewundert, atemberaubende Berge besucht und die Natur der Nationalparks genossen werden. Deine F\u00e4higkeiten und dein Fachwissen werden genutzt, um Minispiele abzuschlie\u00dfen und alle versteckten Objekte im Spiel zu finden.  <\/p>\n<p>&nbsp;<\/p>\n<p><strong>Funktionen der Collector&#8217;s Edition<\/strong><\/p>\n<ul>\n<li>Echte Fans werden von 12 zus\u00e4tzlichen R\u00e4tseln herausgefordert, zusammen mit 10 zus\u00e4tzlichen Orten und 10 Bonus-Minispielen.<\/li>\n<li>Desktop-Bildschirmschoner mit atemberaubenden Panoramen verschiedener nationaler Sehensw\u00fcrdigkeiten sind enthalten.<\/li>\n<li>Ein Musikplayer mit Titeln zum Thema Reisen ist ebenfalls vorhanden.<\/li>\n<li>Ein Souvenirladen l\u00e4dt zum Sammeln von Erinnerungsst\u00fccken ein.<\/li>\n<\/ul>\n","protected":false},"excerpt":{"rendered":"<p>Erlebe ein Reiseabenteuer wie kein anderes mit <strong>Around the World 3 &#8211; Amazing Countries Collectors Edition<\/strong><\/p>\n","protected":false},"author":130,"featured_media":112167,"comment_status":"open","ping_status":"closed","template":"","meta":{"_acf_changed":false,"inline_featured_image":false},"product_brand":[],"product_cat":[164],"product_tag":[289],"class_list":{"0":"post-127084","1":"product","2":"type-product","3":"status-publish","4":"has-post-thumbnail","6":"product_cat-hidden-object-de","7":"product_tag-play-on-pc-de","9":"first","10":"instock","11":"shipping-taxable","12":"purchasable","13":"product-type-simple"},"acf":[],"yoast_head":"<!-- This site is optimized with the Yoast SEO Premium plugin v25.2 (Yoast SEO v25.2) - https:\/\/yoast.com\/wordpress\/plugins\/seo\/ -->\n<title>Rund um die Welt 3: Erstaunliche L\u00e4nder Sammleredition<\/title>\n<meta name=\"description\" content=\"Erlebe ein Reiseabenteuer wie kein anderes mit Around the World 3 - Amazing Countries Collectors Edition\" \/>\n<meta name=\"robots\" content=\"index, follow, max-snippet:-1, max-image-preview:large, max-video-preview:-1\" \/>\n<link rel=\"canonical\" href=\"https:\/\/www.iplay.com\/de\/games\/around-the-world-3-amazing-countries-collectors-edition\/\" \/>\n<meta property=\"og:locale\" content=\"de_DE\" \/>\n<meta property=\"og:type\" content=\"article\" \/>\n<meta property=\"og:title\" content=\"Around the World 3: Amazing Countries Collector&#039;s Edition\" \/>\n<meta property=\"og:description\" content=\"Erlebe ein Reiseabenteuer wie kein anderes mit Around the World 3 - Amazing Countries Collectors Edition\" \/>\n<meta property=\"og:url\" content=\"https:\/\/www.iplay.com\/de\/games\/around-the-world-3-amazing-countries-collectors-edition\/\" \/>\n<meta property=\"og:site_name\" content=\"IPlay\" \/>\n<meta property=\"article:modified_time\" content=\"2025-07-04T09:15:43+00:00\" \/>\n<meta property=\"og:image\" content=\"https:\/\/www.iplay.com\/wp-content\/uploads\/2024\/06\/Around-the-World-3-Amazing-Countries-CE_large_square_tile_image.webp\" \/>\n\t<meta property=\"og:image:width\" content=\"310\" \/>\n\t<meta property=\"og:image:height\" content=\"310\" \/>\n\t<meta property=\"og:image:type\" content=\"image\/webp\" \/>\n<meta name=\"twitter:card\" content=\"summary_large_image\" \/>\n<meta name=\"twitter:label1\" content=\"Gesch\u00e4tzte Lesezeit\" \/>\n\t<meta name=\"twitter:data1\" content=\"1 Minute\" \/>\n<script type=\"application\/ld+json\" class=\"yoast-schema-graph\">{\"@context\":\"https:\/\/schema.org\",\"@graph\":[{\"@type\":\"WebPage\",\"@id\":\"https:\/\/www.iplay.com\/de\/games\/around-the-world-3-amazing-countries-collectors-edition\/\",\"url\":\"https:\/\/www.iplay.com\/de\/games\/around-the-world-3-amazing-countries-collectors-edition\/\",\"name\":\"Rund um die Welt 3: Erstaunliche L\u00e4nder Sammleredition\",\"isPartOf\":{\"@id\":\"https:\/\/www.iplay.com\/en\/#website\"},\"primaryImageOfPage\":{\"@id\":\"https:\/\/www.iplay.com\/de\/games\/around-the-world-3-amazing-countries-collectors-edition\/#primaryimage\"},\"image\":{\"@id\":\"https:\/\/www.iplay.com\/de\/games\/around-the-world-3-amazing-countries-collectors-edition\/#primaryimage\"},\"thumbnailUrl\":\"https:\/\/www.iplay.com\/wp-content\/uploads\/2024\/06\/Around-the-World-3-Amazing-Countries-CE_large_square_tile_image.webp\",\"datePublished\":\"2024-06-21T12:03:48+00:00\",\"dateModified\":\"2025-07-04T09:15:43+00:00\",\"description\":\"Erlebe ein Reiseabenteuer wie kein anderes mit Around the World 3 - Amazing Countries Collectors Edition\",\"breadcrumb\":{\"@id\":\"https:\/\/www.iplay.com\/de\/games\/around-the-world-3-amazing-countries-collectors-edition\/#breadcrumb\"},\"inLanguage\":\"de-DE\",\"potentialAction\":[{\"@type\":\"ReadAction\",\"target\":[\"https:\/\/www.iplay.com\/de\/games\/around-the-world-3-amazing-countries-collectors-edition\/\"]}]},{\"@type\":\"ImageObject\",\"inLanguage\":\"de-DE\",\"@id\":\"https:\/\/www.iplay.com\/de\/games\/around-the-world-3-amazing-countries-collectors-edition\/#primaryimage\",\"url\":\"https:\/\/www.iplay.com\/wp-content\/uploads\/2024\/06\/Around-the-World-3-Amazing-Countries-CE_large_square_tile_image.webp\",\"contentUrl\":\"https:\/\/www.iplay.com\/wp-content\/uploads\/2024\/06\/Around-the-World-3-Amazing-Countries-CE_large_square_tile_image.webp\",\"width\":310,\"height\":310},{\"@type\":\"BreadcrumbList\",\"@id\":\"https:\/\/www.iplay.com\/de\/games\/around-the-world-3-amazing-countries-collectors-edition\/#breadcrumb\",\"itemListElement\":[{\"@type\":\"ListItem\",\"position\":1,\"name\":\"Home\",\"item\":\"https:\/\/www.iplay.com\/de\/home-page-2\/\"},{\"@type\":\"ListItem\",\"position\":2,\"name\":\"Shop\",\"item\":\"https:\/\/www.iplay.com\/en\/shop\/\"},{\"@type\":\"ListItem\",\"position\":3,\"name\":\"Around the World 3: Amazing Countries Collector&#8217;s Edition\"}]},{\"@type\":\"WebSite\",\"@id\":\"https:\/\/www.iplay.com\/en\/#website\",\"url\":\"https:\/\/www.iplay.com\/en\/\",\"name\":\"IPlay\",\"description\":\"The Best Casual Games!\",\"publisher\":{\"@id\":\"https:\/\/www.iplay.com\/en\/#organization\"},\"potentialAction\":[{\"@type\":\"SearchAction\",\"target\":{\"@type\":\"EntryPoint\",\"urlTemplate\":\"https:\/\/www.iplay.com\/en\/?s={search_term_string}\"},\"query-input\":{\"@type\":\"PropertyValueSpecification\",\"valueRequired\":true,\"valueName\":\"search_term_string\"}}],\"inLanguage\":\"de-DE\"},{\"@type\":\"Organization\",\"@id\":\"https:\/\/www.iplay.com\/en\/#organization\",\"name\":\"IPlay\",\"url\":\"https:\/\/www.iplay.com\/en\/\",\"logo\":{\"@type\":\"ImageObject\",\"inLanguage\":\"de-DE\",\"@id\":\"https:\/\/www.iplay.com\/en\/#\/schema\/logo\/image\/\",\"url\":\"https:\/\/www.iplay.com\/wp-content\/uploads\/2023\/11\/Group-6100.svg\",\"contentUrl\":\"https:\/\/www.iplay.com\/wp-content\/uploads\/2023\/11\/Group-6100.svg\",\"width\":98,\"height\":25,\"caption\":\"IPlay\"},\"image\":{\"@id\":\"https:\/\/www.iplay.com\/en\/#\/schema\/logo\/image\/\"}}]}<\/script>\n<!-- \/ Yoast SEO Premium plugin. -->","yoast_head_json":{"title":"Rund um die Welt 3: Erstaunliche L\u00e4nder Sammleredition","description":"Erlebe ein Reiseabenteuer wie kein anderes mit Around the World 3 - Amazing Countries Collectors Edition","robots":{"index":"index","follow":"follow","max-snippet":"max-snippet:-1","max-image-preview":"max-image-preview:large","max-video-preview":"max-video-preview:-1"},"canonical":"https:\/\/www.iplay.com\/de\/games\/around-the-world-3-amazing-countries-collectors-edition\/","og_locale":"de_DE","og_type":"article","og_title":"Around the World 3: Amazing Countries Collector's Edition","og_description":"Erlebe ein Reiseabenteuer wie kein anderes mit Around the World 3 - Amazing Countries Collectors Edition","og_url":"https:\/\/www.iplay.com\/de\/games\/around-the-world-3-amazing-countries-collectors-edition\/","og_site_name":"IPlay","article_modified_time":"2025-07-04T09:15:43+00:00","og_image":[{"width":310,"height":310,"url":"https:\/\/www.iplay.com\/wp-content\/uploads\/2024\/06\/Around-the-World-3-Amazing-Countries-CE_large_square_tile_image.webp","type":"image\/webp"}],"twitter_card":"summary_large_image","twitter_misc":{"Gesch\u00e4tzte Lesezeit":"1 Minute"},"schema":{"@context":"https:\/\/schema.org","@graph":[{"@type":"WebPage","@id":"https:\/\/www.iplay.com\/de\/games\/around-the-world-3-amazing-countries-collectors-edition\/","url":"https:\/\/www.iplay.com\/de\/games\/around-the-world-3-amazing-countries-collectors-edition\/","name":"Rund um die Welt 3: Erstaunliche L\u00e4nder Sammleredition","isPartOf":{"@id":"https:\/\/www.iplay.com\/en\/#website"},"primaryImageOfPage":{"@id":"https:\/\/www.iplay.com\/de\/games\/around-the-world-3-amazing-countries-collectors-edition\/#primaryimage"},"image":{"@id":"https:\/\/www.iplay.com\/de\/games\/around-the-world-3-amazing-countries-collectors-edition\/#primaryimage"},"thumbnailUrl":"https:\/\/www.iplay.com\/wp-content\/uploads\/2024\/06\/Around-the-World-3-Amazing-Countries-CE_large_square_tile_image.webp","datePublished":"2024-06-21T12:03:48+00:00","dateModified":"2025-07-04T09:15:43+00:00","description":"Erlebe ein Reiseabenteuer wie kein anderes mit Around the World 3 - Amazing Countries Collectors Edition","breadcrumb":{"@id":"https:\/\/www.iplay.com\/de\/games\/around-the-world-3-amazing-countries-collectors-edition\/#breadcrumb"},"inLanguage":"de-DE","potentialAction":[{"@type":"ReadAction","target":["https:\/\/www.iplay.com\/de\/games\/around-the-world-3-amazing-countries-collectors-edition\/"]}]},{"@type":"ImageObject","inLanguage":"de-DE","@id":"https:\/\/www.iplay.com\/de\/games\/around-the-world-3-amazing-countries-collectors-edition\/#primaryimage","url":"https:\/\/www.iplay.com\/wp-content\/uploads\/2024\/06\/Around-the-World-3-Amazing-Countries-CE_large_square_tile_image.webp","contentUrl":"https:\/\/www.iplay.com\/wp-content\/uploads\/2024\/06\/Around-the-World-3-Amazing-Countries-CE_large_square_tile_image.webp","width":310,"height":310},{"@type":"BreadcrumbList","@id":"https:\/\/www.iplay.com\/de\/games\/around-the-world-3-amazing-countries-collectors-edition\/#breadcrumb","itemListElement":[{"@type":"ListItem","position":1,"name":"Home","item":"https:\/\/www.iplay.com\/de\/home-page-2\/"},{"@type":"ListItem","position":2,"name":"Shop","item":"https:\/\/www.iplay.com\/en\/shop\/"},{"@type":"ListItem","position":3,"name":"Around the World 3: Amazing Countries Collector&#8217;s Edition"}]},{"@type":"WebSite","@id":"https:\/\/www.iplay.com\/en\/#website","url":"https:\/\/www.iplay.com\/en\/","name":"IPlay","description":"The Best Casual Games!","publisher":{"@id":"https:\/\/www.iplay.com\/en\/#organization"},"potentialAction":[{"@type":"SearchAction","target":{"@type":"EntryPoint","urlTemplate":"https:\/\/www.iplay.com\/en\/?s={search_term_string}"},"query-input":{"@type":"PropertyValueSpecification","valueRequired":true,"valueName":"search_term_string"}}],"inLanguage":"de-DE"},{"@type":"Organization","@id":"https:\/\/www.iplay.com\/en\/#organization","name":"IPlay","url":"https:\/\/www.iplay.com\/en\/","logo":{"@type":"ImageObject","inLanguage":"de-DE","@id":"https:\/\/www.iplay.com\/en\/#\/schema\/logo\/image\/","url":"https:\/\/www.iplay.com\/wp-content\/uploads\/2023\/11\/Group-6100.svg","contentUrl":"https:\/\/www.iplay.com\/wp-content\/uploads\/2023\/11\/Group-6100.svg","width":98,"height":25,"caption":"IPlay"},"image":{"@id":"https:\/\/www.iplay.com\/en\/#\/schema\/logo\/image\/"}}]}},"_links":{"self":[{"href":"https:\/\/www.iplay.com\/de\/wp-json\/wp\/v2\/product\/127084","targetHints":{"allow":["GET"]}}],"collection":[{"href":"https:\/\/www.iplay.com\/de\/wp-json\/wp\/v2\/product"}],"about":[{"href":"https:\/\/www.iplay.com\/de\/wp-json\/wp\/v2\/types\/product"}],"author":[{"embeddable":true,"href":"https:\/\/www.iplay.com\/de\/wp-json\/wp\/v2\/users\/130"}],"replies":[{"embeddable":true,"href":"https:\/\/www.iplay.com\/de\/wp-json\/wp\/v2\/comments?post=127084"}],"wp:featuredmedia":[{"embeddable":true,"href":"https:\/\/www.iplay.com\/de\/wp-json\/wp\/v2\/media\/112167"}],"wp:attachment":[{"href":"https:\/\/www.iplay.com\/de\/wp-json\/wp\/v2\/media?parent=127084"}],"wp:term":[{"taxonomy":"product_brand","embeddable":true,"href":"https:\/\/www.iplay.com\/de\/wp-json\/wp\/v2\/product_brand?post=127084"},{"taxonomy":"product_cat","embeddable":true,"href":"https:\/\/www.iplay.com\/de\/wp-json\/wp\/v2\/product_cat?post=127084"},{"taxonomy":"product_tag","embeddable":true,"href":"https:\/\/www.iplay.com\/de\/wp-json\/wp\/v2\/product_tag?post=127084"}],"curies":[{"name":"wp","href":"https:\/\/api.w.org\/{rel}","templated":true}]}}