{"id":127061,"date":"2021-12-01T00:00:00","date_gmt":"2021-12-01T00:00:00","guid":{"rendered":"https:\/\/www.iplay.com\/games\/christmas-wonderland-10-collectors-edition\/"},"modified":"2021-12-01T00:00:00","modified_gmt":"2021-12-01T00:00:00","slug":"christmas-wonderland-10-collectors-edition","status":"publish","type":"product","link":"https:\/\/www.iplay.com\/de\/games\/christmas-wonderland-10-collectors-edition\/","title":{"rendered":"Christmas Wonderland 10 &#8211; Collector&#8217;s Edition"},"content":{"rendered":"<p>Gewinnen Sie eine wunderbare Reise, um den Weihnachtsmann in seinem Nordpol-Wunderland an Bord der exquisiten SS Wonderland Princess zu sehen. Die Grotte, die Rentierscheune, die Werkst\u00e4tten und das Lager des Weihnachtsmanns sind allesamt lohnenswerte Stopps. In der Kirche von Springfield ist eine Krippe ausgestellt. Helfen Sie philanthropischen Organisationen, Obdachlose zu ern\u00e4hren, indem sie Mahlzeiten bereitstellen. Es ist Zeit, die Weihnachtsb\u00e4ume und den Schmuck aufzustellen. Sammle erstaunliche Errungenschaften und Belohnungen. Album: Stellen Sie Ihre Fotos zusammen. Die Kinder schlafen tief und fest, als es pl\u00f6tzlich Heiligabend ist und der Weihnachtsmann um die Welt fliegt, oder doch?.. Ehe wir uns versehen, wird der Weihnachtsmorgen noch sch\u00f6ner.<\/p>\n<p>&nbsp;<\/p>\n<p>&nbsp;<\/p>\n<p><strong>Funktionen:<\/strong><\/p>\n<p>&nbsp;<\/p>\n<p>&#8211; Hilf dem Weihnachtsmann bei der Suche nach Hunderten von goldenen Engeln, Rentieren, Fundsachen und versteckten Objekten.<\/p>\n<p>&#8211; Genie\u00dfe fantastische Minispiele sowie Verdienstabzeichen f\u00fcr deine Erfolge.<\/p>\n<p>&#8211; Christmas Wonderland 10 bietet atemberaubende Grafiken und R\u00e4tsel sowie eine F\u00fclle von Geschenken und versteckten \u00dcberraschungen.<\/p>\n<p>&#8211; W\u00e4hle aus drei verschiedenen Spielmodi (Casual, Challenge und Extreme; sammle sie alle gegen die Uhr).<\/p>\n<p>&#8211; Nimm an der Aufregung teil mit einem wirklich fesselnden Weihnachtsspiel, das f\u00fcr Freunde und Familie jeden Alters und K\u00f6nnens geeignet ist.<\/p>\n<p>&nbsp;<\/p>\n<p>&nbsp;<\/p>\n<p><strong>Funktionen der Collector&#8217;s Edition:<br \/>\n<\/strong><\/p>\n<p>&nbsp;<\/p>\n<p>&#8211; Drei Modi: Leicht, Schwer und Extrem!<\/p>\n<p>&#8211; Zus\u00e4tzliche Orte, Grafik und Spielerlebnis<\/p>\n<p>&#8211; Riesige Sammlung von zus\u00e4tzlichen R\u00e4tseln<\/p>\n<p>&#8211; Unverwechselbare Hintergrundbilder und Musik.<\/p>\n","protected":false},"excerpt":{"rendered":"<p>In Christmas Wonderland 10 &#8211; Collector&#8217;s Edition hilfst du dem Weihnachtsmann erneut.<\/p>\n","protected":false},"author":37,"featured_media":78345,"comment_status":"open","ping_status":"closed","template":"","meta":{"_acf_changed":false,"inline_featured_image":false},"product_brand":[],"product_cat":[164],"product_tag":[289],"class_list":{"0":"post-127061","1":"product","2":"type-product","3":"status-publish","4":"has-post-thumbnail","6":"product_cat-hidden-object-de","7":"product_tag-play-on-pc-de","9":"first","10":"instock","11":"shipping-taxable","12":"purchasable","13":"product-type-simple"},"acf":[],"yoast_head":"<!-- This site is optimized with the Yoast SEO Premium plugin v25.2 (Yoast SEO v25.2) - https:\/\/yoast.com\/wordpress\/plugins\/seo\/ -->\n<title>Christmas Wonderland 10 - Collector&#039;s Edition - Hilf dem Weihnachtsmann wieder in Christmas Wonderland 10<\/title>\n<meta name=\"description\" content=\"In Christmas Wonderland 10 - Collector&#039;s Edition hilfst du dem Weihnachtsmann erneut.\" \/>\n<meta name=\"robots\" content=\"index, follow, max-snippet:-1, max-image-preview:large, max-video-preview:-1\" \/>\n<link rel=\"canonical\" href=\"https:\/\/www.iplay.com\/de\/games\/christmas-wonderland-10-collectors-edition\/\" \/>\n<meta property=\"og:locale\" content=\"de_DE\" \/>\n<meta property=\"og:type\" content=\"article\" \/>\n<meta property=\"og:title\" content=\"Christmas Wonderland 10 - Collector&#039;s Edition\" \/>\n<meta property=\"og:description\" content=\"In Christmas Wonderland 10 - Collector&#039;s Edition hilfst du dem Weihnachtsmann erneut.\" \/>\n<meta property=\"og:url\" content=\"https:\/\/www.iplay.com\/de\/games\/christmas-wonderland-10-collectors-edition\/\" \/>\n<meta property=\"og:site_name\" content=\"IPlay\" \/>\n<meta property=\"og:image\" content=\"https:\/\/www.iplay.com\/wp-content\/uploads\/2023\/12\/large_square_tile_image-2396.jpg\" \/>\n\t<meta property=\"og:image:width\" content=\"310\" \/>\n\t<meta property=\"og:image:height\" content=\"310\" \/>\n\t<meta property=\"og:image:type\" content=\"image\/jpeg\" \/>\n<meta name=\"twitter:card\" content=\"summary_large_image\" \/>\n<meta name=\"twitter:label1\" content=\"Gesch\u00e4tzte Lesezeit\" \/>\n\t<meta name=\"twitter:data1\" content=\"1 Minute\" \/>\n<script type=\"application\/ld+json\" class=\"yoast-schema-graph\">{\"@context\":\"https:\/\/schema.org\",\"@graph\":[{\"@type\":\"WebPage\",\"@id\":\"https:\/\/www.iplay.com\/de\/games\/christmas-wonderland-10-collectors-edition\/\",\"url\":\"https:\/\/www.iplay.com\/de\/games\/christmas-wonderland-10-collectors-edition\/\",\"name\":\"Christmas Wonderland 10 - Collector's Edition - Hilf dem Weihnachtsmann wieder in Christmas Wonderland 10\",\"isPartOf\":{\"@id\":\"https:\/\/www.iplay.com\/en\/#website\"},\"primaryImageOfPage\":{\"@id\":\"https:\/\/www.iplay.com\/de\/games\/christmas-wonderland-10-collectors-edition\/#primaryimage\"},\"image\":{\"@id\":\"https:\/\/www.iplay.com\/de\/games\/christmas-wonderland-10-collectors-edition\/#primaryimage\"},\"thumbnailUrl\":\"https:\/\/www.iplay.com\/wp-content\/uploads\/2023\/12\/large_square_tile_image-2396.jpg\",\"datePublished\":\"2021-12-01T00:00:00+00:00\",\"description\":\"In Christmas Wonderland 10 - Collector's Edition hilfst du dem Weihnachtsmann erneut.\",\"breadcrumb\":{\"@id\":\"https:\/\/www.iplay.com\/de\/games\/christmas-wonderland-10-collectors-edition\/#breadcrumb\"},\"inLanguage\":\"de-DE\",\"potentialAction\":[{\"@type\":\"ReadAction\",\"target\":[\"https:\/\/www.iplay.com\/de\/games\/christmas-wonderland-10-collectors-edition\/\"]}]},{\"@type\":\"ImageObject\",\"inLanguage\":\"de-DE\",\"@id\":\"https:\/\/www.iplay.com\/de\/games\/christmas-wonderland-10-collectors-edition\/#primaryimage\",\"url\":\"https:\/\/www.iplay.com\/wp-content\/uploads\/2023\/12\/large_square_tile_image-2396.jpg\",\"contentUrl\":\"https:\/\/www.iplay.com\/wp-content\/uploads\/2023\/12\/large_square_tile_image-2396.jpg\",\"width\":310,\"height\":310},{\"@type\":\"BreadcrumbList\",\"@id\":\"https:\/\/www.iplay.com\/de\/games\/christmas-wonderland-10-collectors-edition\/#breadcrumb\",\"itemListElement\":[{\"@type\":\"ListItem\",\"position\":1,\"name\":\"Home\",\"item\":\"https:\/\/www.iplay.com\/de\/home-page-2\/\"},{\"@type\":\"ListItem\",\"position\":2,\"name\":\"Shop\",\"item\":\"https:\/\/www.iplay.com\/en\/shop\/\"},{\"@type\":\"ListItem\",\"position\":3,\"name\":\"Christmas Wonderland 10 &#8211; Collector&#8217;s Edition\"}]},{\"@type\":\"WebSite\",\"@id\":\"https:\/\/www.iplay.com\/en\/#website\",\"url\":\"https:\/\/www.iplay.com\/en\/\",\"name\":\"IPlay\",\"description\":\"The Best Casual Games!\",\"publisher\":{\"@id\":\"https:\/\/www.iplay.com\/en\/#organization\"},\"potentialAction\":[{\"@type\":\"SearchAction\",\"target\":{\"@type\":\"EntryPoint\",\"urlTemplate\":\"https:\/\/www.iplay.com\/en\/?s={search_term_string}\"},\"query-input\":{\"@type\":\"PropertyValueSpecification\",\"valueRequired\":true,\"valueName\":\"search_term_string\"}}],\"inLanguage\":\"de-DE\"},{\"@type\":\"Organization\",\"@id\":\"https:\/\/www.iplay.com\/en\/#organization\",\"name\":\"IPlay\",\"url\":\"https:\/\/www.iplay.com\/en\/\",\"logo\":{\"@type\":\"ImageObject\",\"inLanguage\":\"de-DE\",\"@id\":\"https:\/\/www.iplay.com\/en\/#\/schema\/logo\/image\/\",\"url\":\"https:\/\/www.iplay.com\/wp-content\/uploads\/2023\/11\/Group-6100.svg\",\"contentUrl\":\"https:\/\/www.iplay.com\/wp-content\/uploads\/2023\/11\/Group-6100.svg\",\"width\":98,\"height\":25,\"caption\":\"IPlay\"},\"image\":{\"@id\":\"https:\/\/www.iplay.com\/en\/#\/schema\/logo\/image\/\"}}]}<\/script>\n<!-- \/ Yoast SEO Premium plugin. -->","yoast_head_json":{"title":"Christmas Wonderland 10 - Collector's Edition - Hilf dem Weihnachtsmann wieder in Christmas Wonderland 10","description":"In Christmas Wonderland 10 - Collector's Edition hilfst du dem Weihnachtsmann erneut.","robots":{"index":"index","follow":"follow","max-snippet":"max-snippet:-1","max-image-preview":"max-image-preview:large","max-video-preview":"max-video-preview:-1"},"canonical":"https:\/\/www.iplay.com\/de\/games\/christmas-wonderland-10-collectors-edition\/","og_locale":"de_DE","og_type":"article","og_title":"Christmas Wonderland 10 - Collector's Edition","og_description":"In Christmas Wonderland 10 - Collector's Edition hilfst du dem Weihnachtsmann erneut.","og_url":"https:\/\/www.iplay.com\/de\/games\/christmas-wonderland-10-collectors-edition\/","og_site_name":"IPlay","og_image":[{"width":310,"height":310,"url":"https:\/\/www.iplay.com\/wp-content\/uploads\/2023\/12\/large_square_tile_image-2396.jpg","type":"image\/jpeg"}],"twitter_card":"summary_large_image","twitter_misc":{"Gesch\u00e4tzte Lesezeit":"1 Minute"},"schema":{"@context":"https:\/\/schema.org","@graph":[{"@type":"WebPage","@id":"https:\/\/www.iplay.com\/de\/games\/christmas-wonderland-10-collectors-edition\/","url":"https:\/\/www.iplay.com\/de\/games\/christmas-wonderland-10-collectors-edition\/","name":"Christmas Wonderland 10 - Collector's Edition - Hilf dem Weihnachtsmann wieder in Christmas Wonderland 10","isPartOf":{"@id":"https:\/\/www.iplay.com\/en\/#website"},"primaryImageOfPage":{"@id":"https:\/\/www.iplay.com\/de\/games\/christmas-wonderland-10-collectors-edition\/#primaryimage"},"image":{"@id":"https:\/\/www.iplay.com\/de\/games\/christmas-wonderland-10-collectors-edition\/#primaryimage"},"thumbnailUrl":"https:\/\/www.iplay.com\/wp-content\/uploads\/2023\/12\/large_square_tile_image-2396.jpg","datePublished":"2021-12-01T00:00:00+00:00","description":"In Christmas Wonderland 10 - Collector's Edition hilfst du dem Weihnachtsmann erneut.","breadcrumb":{"@id":"https:\/\/www.iplay.com\/de\/games\/christmas-wonderland-10-collectors-edition\/#breadcrumb"},"inLanguage":"de-DE","potentialAction":[{"@type":"ReadAction","target":["https:\/\/www.iplay.com\/de\/games\/christmas-wonderland-10-collectors-edition\/"]}]},{"@type":"ImageObject","inLanguage":"de-DE","@id":"https:\/\/www.iplay.com\/de\/games\/christmas-wonderland-10-collectors-edition\/#primaryimage","url":"https:\/\/www.iplay.com\/wp-content\/uploads\/2023\/12\/large_square_tile_image-2396.jpg","contentUrl":"https:\/\/www.iplay.com\/wp-content\/uploads\/2023\/12\/large_square_tile_image-2396.jpg","width":310,"height":310},{"@type":"BreadcrumbList","@id":"https:\/\/www.iplay.com\/de\/games\/christmas-wonderland-10-collectors-edition\/#breadcrumb","itemListElement":[{"@type":"ListItem","position":1,"name":"Home","item":"https:\/\/www.iplay.com\/de\/home-page-2\/"},{"@type":"ListItem","position":2,"name":"Shop","item":"https:\/\/www.iplay.com\/en\/shop\/"},{"@type":"ListItem","position":3,"name":"Christmas Wonderland 10 &#8211; Collector&#8217;s Edition"}]},{"@type":"WebSite","@id":"https:\/\/www.iplay.com\/en\/#website","url":"https:\/\/www.iplay.com\/en\/","name":"IPlay","description":"The Best Casual Games!","publisher":{"@id":"https:\/\/www.iplay.com\/en\/#organization"},"potentialAction":[{"@type":"SearchAction","target":{"@type":"EntryPoint","urlTemplate":"https:\/\/www.iplay.com\/en\/?s={search_term_string}"},"query-input":{"@type":"PropertyValueSpecification","valueRequired":true,"valueName":"search_term_string"}}],"inLanguage":"de-DE"},{"@type":"Organization","@id":"https:\/\/www.iplay.com\/en\/#organization","name":"IPlay","url":"https:\/\/www.iplay.com\/en\/","logo":{"@type":"ImageObject","inLanguage":"de-DE","@id":"https:\/\/www.iplay.com\/en\/#\/schema\/logo\/image\/","url":"https:\/\/www.iplay.com\/wp-content\/uploads\/2023\/11\/Group-6100.svg","contentUrl":"https:\/\/www.iplay.com\/wp-content\/uploads\/2023\/11\/Group-6100.svg","width":98,"height":25,"caption":"IPlay"},"image":{"@id":"https:\/\/www.iplay.com\/en\/#\/schema\/logo\/image\/"}}]}},"_links":{"self":[{"href":"https:\/\/www.iplay.com\/de\/wp-json\/wp\/v2\/product\/127061","targetHints":{"allow":["GET"]}}],"collection":[{"href":"https:\/\/www.iplay.com\/de\/wp-json\/wp\/v2\/product"}],"about":[{"href":"https:\/\/www.iplay.com\/de\/wp-json\/wp\/v2\/types\/product"}],"author":[{"embeddable":true,"href":"https:\/\/www.iplay.com\/de\/wp-json\/wp\/v2\/users\/37"}],"replies":[{"embeddable":true,"href":"https:\/\/www.iplay.com\/de\/wp-json\/wp\/v2\/comments?post=127061"}],"wp:featuredmedia":[{"embeddable":true,"href":"https:\/\/www.iplay.com\/de\/wp-json\/wp\/v2\/media\/78345"}],"wp:attachment":[{"href":"https:\/\/www.iplay.com\/de\/wp-json\/wp\/v2\/media?parent=127061"}],"wp:term":[{"taxonomy":"product_brand","embeddable":true,"href":"https:\/\/www.iplay.com\/de\/wp-json\/wp\/v2\/product_brand?post=127061"},{"taxonomy":"product_cat","embeddable":true,"href":"https:\/\/www.iplay.com\/de\/wp-json\/wp\/v2\/product_cat?post=127061"},{"taxonomy":"product_tag","embeddable":true,"href":"https:\/\/www.iplay.com\/de\/wp-json\/wp\/v2\/product_tag?post=127061"}],"curies":[{"name":"wp","href":"https:\/\/api.w.org\/{rel}","templated":true}]}}