{"id":126975,"date":"2025-03-07T09:00:28","date_gmt":"2025-03-07T09:00:28","guid":{"rendered":"https:\/\/www.iplay.com\/?post_type=product&p=126975"},"modified":"2025-03-07T09:00:28","modified_gmt":"2025-03-07T09:00:28","slug":"mystery-of-myths-heart-of-athens-collectors-edition","status":"publish","type":"product","link":"https:\/\/www.iplay.com\/de\/games\/mystery-of-myths-heart-of-athens-collectors-edition\/","title":{"rendered":"Mystery of Myths: Heart of Athens Collector&#8217;s Edition"},"content":{"rendered":"<p>In die kompliziertesten Ermittlungen seiner Karriere wird Elijah Reed, ein erfahrener Agent des Ministeriums f\u00fcr Mysterien, hineingeworfen. Die historische Stadt Athen in Griechenland ist der Ort, an dem seine Aufmerksamkeit gelenkt wird, da l\u00e4ngst vergessene Mythen auf gef\u00e4hrliche Weise zum Leben erweckt werden. Es entsteht eine Partnerschaft mit keinem Geringeren als dem antiken griechischen Gott Pan, durch die verborgene Hinweise entschl\u00fcsselt, mythologische R\u00e4tsel gel\u00f6st und ein t\u00f6dlicher neuer Kult vereitelt werden m\u00fcssen. Mit der tieferen Erkundung der r\u00e4tselhaften Welt der antiken Mythen verschwimmen die Grenzen zwischen Legende und Realit\u00e4t, wodurch mehr Fragen als Antworten entstehen.   <\/p>\n<p>Die Welten der modernen Forschung und der antiken Mythologie sind in diesem fesselnden Abenteuer nahtlos miteinander verwoben. Es wird eine perfekte Balance zwischen herausfordernden R\u00e4tseln und fesselndem Storytelling erreicht, wodurch Spieler aller F\u00e4higkeitsstufen eingebunden werden k\u00f6nnen. Durch atemberaubende Grafik und atmosph\u00e4risches Sounddesign wird das antike Athen zum Leben erweckt, wobei jeder Ort mit historischen Details und mythologischer Bedeutung durchdrungen ist.  <\/p>\n<p>&nbsp;<\/p>\n<p>&nbsp;<\/p>\n<p><strong>Funktionen<\/strong><\/p>\n<ul>\n<li><strong>Erweiterte Handlung<\/strong> &#8211; Es wird ein exklusives Bonuskapitel bereitgestellt, durch das die Haupterz\u00e4hlung vertieft und erweitert wird.<\/li>\n<li><strong>Souvenirsammlung<\/strong> &#8211; Eine pers\u00f6nliche Galerie wird gef\u00fcllt, in der w\u00e4hrend des Abenteuers eine Reihe einzigartiger Souvenirs gesammelt werden.<\/li>\n<li><strong>Premium-Kunstwerke<\/strong> &#8211; Das Spielerlebnis wird \u00fcber das Gameplay hinaus erweitert, wenn aufwendig gestaltete, hochaufl\u00f6sende Hintergrundbilder heruntergeladen und genossen werden.<\/li>\n<li><strong>Wiederholung von Inhalten<\/strong> &#8211; Lieblingsmomente k\u00f6nnen erneut aufgerufen werden, indem Minispiele und Videos aus dem gesamten Abenteuer nach Belieben abgespielt werden.<\/li>\n<\/ul>\n<p>&nbsp;<\/p>\n<p>&nbsp;<\/p>\n<p>Diese Collector&#8217;s Edition ist f\u00fcr diejenigen gedacht, die das reichhaltigste Spielerlebnis suchen. Jeder Aspekt des Spiels wurde verbessert, von der erweiterten Handlung bis hin zu den exklusiven Sammlerst\u00fccken, wobei ein Wert geboten wird, der weit \u00fcber die Standard-Edition hinausgeht. Die Geheimnisse des antiken Griechenlands warten darauf, in dieser endg\u00fcltigen Version von Elijah Reeds schwierigstem Fall entr\u00e4tselt zu werden.<\/p>\n","protected":false},"excerpt":{"rendered":"<p>Schlie\u00dfe dich mit den Agenten Elijah und Pan zusammen, um die dunkelsten Geheimnisse Athens zu erforschen &#8211; decke versteckte Hinweise auf, l\u00f6se uralte R\u00e4tsel und stoppe einen gef\u00e4hrlichen Kult, bevor es zu sp\u00e4t ist.<\/p>\n","protected":false},"author":52,"featured_media":126946,"comment_status":"open","ping_status":"closed","template":"","meta":{"_acf_changed":false,"inline_featured_image":false},"product_brand":[],"product_cat":[149,164],"product_tag":[289],"class_list":{"0":"post-126975","1":"product","2":"type-product","3":"status-publish","4":"has-post-thumbnail","6":"product_cat-adventure-de","7":"product_cat-hidden-object-de","8":"product_tag-play-on-pc-de","10":"first","11":"instock","12":"shipping-taxable","13":"purchasable","14":"product-type-simple"},"acf":[],"yoast_head":"<!-- This site is optimized with the Yoast SEO Premium plugin v25.2 (Yoast SEO v25.2) - https:\/\/yoast.com\/wordpress\/plugins\/seo\/ -->\n<title>Mystery of Myths: Heart of Athens CE: Agenten Elijah &amp; Pan stoppen einen aufstrebenden Kult<\/title>\n<meta name=\"description\" content=\"Schlie\u00dfe dich mit den Agenten Elijah und Pan zusammen, um die dunkelsten Geheimnisse Athens zu erforschen - decke versteckte Hinweise auf, l\u00f6se uralte R\u00e4tsel und stoppe einen gef\u00e4hrlichen Kult, bevor es zu sp\u00e4t ist.\" \/>\n<meta name=\"robots\" content=\"index, follow, max-snippet:-1, max-image-preview:large, max-video-preview:-1\" \/>\n<link rel=\"canonical\" href=\"https:\/\/www.iplay.com\/en\/games\/mystery-of-myths-heart-of-athens-collectors-edition\/\" \/>\n<meta property=\"og:locale\" content=\"de_DE\" \/>\n<meta property=\"og:type\" content=\"article\" \/>\n<meta property=\"og:title\" content=\"Mystery of Myths: Heart of Athens Collector&#039;s Edition\" \/>\n<meta property=\"og:description\" content=\"Schlie\u00dfe dich mit den Agenten Elijah und Pan zusammen, um die dunkelsten Geheimnisse Athens zu erforschen - decke versteckte Hinweise auf, l\u00f6se uralte R\u00e4tsel und stoppe einen gef\u00e4hrlichen Kult, bevor es zu sp\u00e4t ist.\" \/>\n<meta property=\"og:url\" content=\"https:\/\/www.iplay.com\/en\/games\/mystery-of-myths-heart-of-athens-collectors-edition\/\" \/>\n<meta property=\"og:site_name\" content=\"IPlay\" \/>\n<meta property=\"og:image\" content=\"https:\/\/www.iplay.com\/wp-content\/uploads\/2025\/03\/mystery_of_myths_heart_of_athens_ce_large_video_screenshot.webp\" \/>\n\t<meta property=\"og:image:width\" content=\"715\" \/>\n\t<meta property=\"og:image:height\" content=\"485\" \/>\n\t<meta property=\"og:image:type\" content=\"image\/webp\" \/>\n<meta name=\"twitter:card\" content=\"summary_large_image\" \/>\n<meta name=\"twitter:label1\" content=\"Gesch\u00e4tzte Lesezeit\" \/>\n\t<meta name=\"twitter:data1\" content=\"2 Minuten\" \/>\n<script type=\"application\/ld+json\" class=\"yoast-schema-graph\">{\"@context\":\"https:\/\/schema.org\",\"@graph\":[{\"@type\":\"WebPage\",\"@id\":\"https:\/\/www.iplay.com\/en\/games\/mystery-of-myths-heart-of-athens-collectors-edition\/\",\"url\":\"https:\/\/www.iplay.com\/en\/games\/mystery-of-myths-heart-of-athens-collectors-edition\/\",\"name\":\"Mystery of Myths: Heart of Athens CE: Agenten Elijah & Pan stoppen einen aufstrebenden Kult\",\"isPartOf\":{\"@id\":\"https:\/\/www.iplay.com\/en\/#website\"},\"primaryImageOfPage\":{\"@id\":\"https:\/\/www.iplay.com\/en\/games\/mystery-of-myths-heart-of-athens-collectors-edition\/#primaryimage\"},\"image\":{\"@id\":\"https:\/\/www.iplay.com\/en\/games\/mystery-of-myths-heart-of-athens-collectors-edition\/#primaryimage\"},\"thumbnailUrl\":\"https:\/\/www.iplay.com\/wp-content\/uploads\/2025\/03\/mystery_of_myths_heart_of_athens_ce_large_video_screenshot.webp\",\"datePublished\":\"2025-03-07T09:00:28+00:00\",\"description\":\"Schlie\u00dfe dich mit den Agenten Elijah und Pan zusammen, um die dunkelsten Geheimnisse Athens zu erforschen - decke versteckte Hinweise auf, l\u00f6se uralte R\u00e4tsel und stoppe einen gef\u00e4hrlichen Kult, bevor es zu sp\u00e4t ist.\",\"breadcrumb\":{\"@id\":\"https:\/\/www.iplay.com\/en\/games\/mystery-of-myths-heart-of-athens-collectors-edition\/#breadcrumb\"},\"inLanguage\":\"de-DE\",\"potentialAction\":[{\"@type\":\"ReadAction\",\"target\":[\"https:\/\/www.iplay.com\/en\/games\/mystery-of-myths-heart-of-athens-collectors-edition\/\"]}]},{\"@type\":\"ImageObject\",\"inLanguage\":\"de-DE\",\"@id\":\"https:\/\/www.iplay.com\/en\/games\/mystery-of-myths-heart-of-athens-collectors-edition\/#primaryimage\",\"url\":\"https:\/\/www.iplay.com\/wp-content\/uploads\/2025\/03\/mystery_of_myths_heart_of_athens_ce_large_video_screenshot.webp\",\"contentUrl\":\"https:\/\/www.iplay.com\/wp-content\/uploads\/2025\/03\/mystery_of_myths_heart_of_athens_ce_large_video_screenshot.webp\",\"width\":715,\"height\":485},{\"@type\":\"BreadcrumbList\",\"@id\":\"https:\/\/www.iplay.com\/en\/games\/mystery-of-myths-heart-of-athens-collectors-edition\/#breadcrumb\",\"itemListElement\":[{\"@type\":\"ListItem\",\"position\":1,\"name\":\"Home\",\"item\":\"https:\/\/www.iplay.com\/de\/home-page-2\/\"},{\"@type\":\"ListItem\",\"position\":2,\"name\":\"Shop\",\"item\":\"https:\/\/www.iplay.com\/en\/shop\/\"},{\"@type\":\"ListItem\",\"position\":3,\"name\":\"Mystery of Myths: Heart of Athens Collector&#8217;s Edition\"}]},{\"@type\":\"WebSite\",\"@id\":\"https:\/\/www.iplay.com\/en\/#website\",\"url\":\"https:\/\/www.iplay.com\/en\/\",\"name\":\"IPlay\",\"description\":\"The Best Casual Games!\",\"publisher\":{\"@id\":\"https:\/\/www.iplay.com\/en\/#organization\"},\"potentialAction\":[{\"@type\":\"SearchAction\",\"target\":{\"@type\":\"EntryPoint\",\"urlTemplate\":\"https:\/\/www.iplay.com\/en\/?s={search_term_string}\"},\"query-input\":{\"@type\":\"PropertyValueSpecification\",\"valueRequired\":true,\"valueName\":\"search_term_string\"}}],\"inLanguage\":\"de-DE\"},{\"@type\":\"Organization\",\"@id\":\"https:\/\/www.iplay.com\/en\/#organization\",\"name\":\"IPlay\",\"url\":\"https:\/\/www.iplay.com\/en\/\",\"logo\":{\"@type\":\"ImageObject\",\"inLanguage\":\"de-DE\",\"@id\":\"https:\/\/www.iplay.com\/en\/#\/schema\/logo\/image\/\",\"url\":\"https:\/\/www.iplay.com\/wp-content\/uploads\/2023\/11\/Group-6100.svg\",\"contentUrl\":\"https:\/\/www.iplay.com\/wp-content\/uploads\/2023\/11\/Group-6100.svg\",\"width\":98,\"height\":25,\"caption\":\"IPlay\"},\"image\":{\"@id\":\"https:\/\/www.iplay.com\/en\/#\/schema\/logo\/image\/\"}}]}<\/script>\n<!-- \/ Yoast SEO Premium plugin. -->","yoast_head_json":{"title":"Mystery of Myths: Heart of Athens CE: Agenten Elijah & Pan stoppen einen aufstrebenden Kult","description":"Schlie\u00dfe dich mit den Agenten Elijah und Pan zusammen, um die dunkelsten Geheimnisse Athens zu erforschen - decke versteckte Hinweise auf, l\u00f6se uralte R\u00e4tsel und stoppe einen gef\u00e4hrlichen Kult, bevor es zu sp\u00e4t ist.","robots":{"index":"index","follow":"follow","max-snippet":"max-snippet:-1","max-image-preview":"max-image-preview:large","max-video-preview":"max-video-preview:-1"},"canonical":"https:\/\/www.iplay.com\/en\/games\/mystery-of-myths-heart-of-athens-collectors-edition\/","og_locale":"de_DE","og_type":"article","og_title":"Mystery of Myths: Heart of Athens Collector's Edition","og_description":"Schlie\u00dfe dich mit den Agenten Elijah und Pan zusammen, um die dunkelsten Geheimnisse Athens zu erforschen - decke versteckte Hinweise auf, l\u00f6se uralte R\u00e4tsel und stoppe einen gef\u00e4hrlichen Kult, bevor es zu sp\u00e4t ist.","og_url":"https:\/\/www.iplay.com\/en\/games\/mystery-of-myths-heart-of-athens-collectors-edition\/","og_site_name":"IPlay","og_image":[{"width":715,"height":485,"url":"https:\/\/www.iplay.com\/wp-content\/uploads\/2025\/03\/mystery_of_myths_heart_of_athens_ce_large_video_screenshot.webp","type":"image\/webp"}],"twitter_card":"summary_large_image","twitter_misc":{"Gesch\u00e4tzte Lesezeit":"2 Minuten"},"schema":{"@context":"https:\/\/schema.org","@graph":[{"@type":"WebPage","@id":"https:\/\/www.iplay.com\/en\/games\/mystery-of-myths-heart-of-athens-collectors-edition\/","url":"https:\/\/www.iplay.com\/en\/games\/mystery-of-myths-heart-of-athens-collectors-edition\/","name":"Mystery of Myths: Heart of Athens CE: Agenten Elijah & Pan stoppen einen aufstrebenden Kult","isPartOf":{"@id":"https:\/\/www.iplay.com\/en\/#website"},"primaryImageOfPage":{"@id":"https:\/\/www.iplay.com\/en\/games\/mystery-of-myths-heart-of-athens-collectors-edition\/#primaryimage"},"image":{"@id":"https:\/\/www.iplay.com\/en\/games\/mystery-of-myths-heart-of-athens-collectors-edition\/#primaryimage"},"thumbnailUrl":"https:\/\/www.iplay.com\/wp-content\/uploads\/2025\/03\/mystery_of_myths_heart_of_athens_ce_large_video_screenshot.webp","datePublished":"2025-03-07T09:00:28+00:00","description":"Schlie\u00dfe dich mit den Agenten Elijah und Pan zusammen, um die dunkelsten Geheimnisse Athens zu erforschen - decke versteckte Hinweise auf, l\u00f6se uralte R\u00e4tsel und stoppe einen gef\u00e4hrlichen Kult, bevor es zu sp\u00e4t ist.","breadcrumb":{"@id":"https:\/\/www.iplay.com\/en\/games\/mystery-of-myths-heart-of-athens-collectors-edition\/#breadcrumb"},"inLanguage":"de-DE","potentialAction":[{"@type":"ReadAction","target":["https:\/\/www.iplay.com\/en\/games\/mystery-of-myths-heart-of-athens-collectors-edition\/"]}]},{"@type":"ImageObject","inLanguage":"de-DE","@id":"https:\/\/www.iplay.com\/en\/games\/mystery-of-myths-heart-of-athens-collectors-edition\/#primaryimage","url":"https:\/\/www.iplay.com\/wp-content\/uploads\/2025\/03\/mystery_of_myths_heart_of_athens_ce_large_video_screenshot.webp","contentUrl":"https:\/\/www.iplay.com\/wp-content\/uploads\/2025\/03\/mystery_of_myths_heart_of_athens_ce_large_video_screenshot.webp","width":715,"height":485},{"@type":"BreadcrumbList","@id":"https:\/\/www.iplay.com\/en\/games\/mystery-of-myths-heart-of-athens-collectors-edition\/#breadcrumb","itemListElement":[{"@type":"ListItem","position":1,"name":"Home","item":"https:\/\/www.iplay.com\/de\/home-page-2\/"},{"@type":"ListItem","position":2,"name":"Shop","item":"https:\/\/www.iplay.com\/en\/shop\/"},{"@type":"ListItem","position":3,"name":"Mystery of Myths: Heart of Athens Collector&#8217;s Edition"}]},{"@type":"WebSite","@id":"https:\/\/www.iplay.com\/en\/#website","url":"https:\/\/www.iplay.com\/en\/","name":"IPlay","description":"The Best Casual Games!","publisher":{"@id":"https:\/\/www.iplay.com\/en\/#organization"},"potentialAction":[{"@type":"SearchAction","target":{"@type":"EntryPoint","urlTemplate":"https:\/\/www.iplay.com\/en\/?s={search_term_string}"},"query-input":{"@type":"PropertyValueSpecification","valueRequired":true,"valueName":"search_term_string"}}],"inLanguage":"de-DE"},{"@type":"Organization","@id":"https:\/\/www.iplay.com\/en\/#organization","name":"IPlay","url":"https:\/\/www.iplay.com\/en\/","logo":{"@type":"ImageObject","inLanguage":"de-DE","@id":"https:\/\/www.iplay.com\/en\/#\/schema\/logo\/image\/","url":"https:\/\/www.iplay.com\/wp-content\/uploads\/2023\/11\/Group-6100.svg","contentUrl":"https:\/\/www.iplay.com\/wp-content\/uploads\/2023\/11\/Group-6100.svg","width":98,"height":25,"caption":"IPlay"},"image":{"@id":"https:\/\/www.iplay.com\/en\/#\/schema\/logo\/image\/"}}]}},"_links":{"self":[{"href":"https:\/\/www.iplay.com\/de\/wp-json\/wp\/v2\/product\/126975","targetHints":{"allow":["GET"]}}],"collection":[{"href":"https:\/\/www.iplay.com\/de\/wp-json\/wp\/v2\/product"}],"about":[{"href":"https:\/\/www.iplay.com\/de\/wp-json\/wp\/v2\/types\/product"}],"author":[{"embeddable":true,"href":"https:\/\/www.iplay.com\/de\/wp-json\/wp\/v2\/users\/52"}],"replies":[{"embeddable":true,"href":"https:\/\/www.iplay.com\/de\/wp-json\/wp\/v2\/comments?post=126975"}],"wp:featuredmedia":[{"embeddable":true,"href":"https:\/\/www.iplay.com\/de\/wp-json\/wp\/v2\/media\/126946"}],"wp:attachment":[{"href":"https:\/\/www.iplay.com\/de\/wp-json\/wp\/v2\/media?parent=126975"}],"wp:term":[{"taxonomy":"product_brand","embeddable":true,"href":"https:\/\/www.iplay.com\/de\/wp-json\/wp\/v2\/product_brand?post=126975"},{"taxonomy":"product_cat","embeddable":true,"href":"https:\/\/www.iplay.com\/de\/wp-json\/wp\/v2\/product_cat?post=126975"},{"taxonomy":"product_tag","embeddable":true,"href":"https:\/\/www.iplay.com\/de\/wp-json\/wp\/v2\/product_tag?post=126975"}],"curies":[{"name":"wp","href":"https:\/\/api.w.org\/{rel}","templated":true}]}}