{"id":126893,"date":"2025-03-03T09:30:11","date_gmt":"2025-03-03T09:30:11","guid":{"rendered":"https:\/\/www.iplay.com\/games\/coloring-book\/"},"modified":"2025-03-03T09:30:11","modified_gmt":"2025-03-03T09:30:11","slug":"coloring-book","status":"publish","type":"product","link":"https:\/\/www.iplay.com\/de\/games\/coloring-book\/","title":{"rendered":"Coloring Book"},"content":{"rendered":"<p>Ein lebendiges Reich voller fesselnder Farben, charmanter Charaktere und verspielter Formen wartet darauf, erkundet zu werden. Dieses entz\u00fcckende Spiel wurde mit erstklassigen Inhalten entwickelt, durch die ein angenehmes Erlebnis f\u00fcr alle gew\u00e4hrleistet ist. Spa\u00df, Engagement und hohe Qualit\u00e4t stehen bei diesem Malabenteuer als zentrale Designprinzipien im Vordergrund. Kein Zweifel \u2013 es wurde ein Hit f\u00fcr alle Altersgruppen geschaffen!   <\/p>\n<p>&nbsp;<\/p>\n<p><strong>Funktionen<\/strong><\/p>\n<ul>\n<li><em>Premium-Malerlebnis<\/em> &#8211; Makellose Seiten und lebendige Hintergr\u00fcnde werden in diesem entz\u00fcckenden digitalen Malbuch bereitgestellt.<\/li>\n<li><em>Professionelle Kunst<\/em> &#8211; Die Illustrationen werden professionell von unseren talentierten hauseigenen K\u00fcnstlern erstellt, um eine au\u00dfergew\u00f6hnliche Qualit\u00e4t zu gew\u00e4hrleisten.<\/li>\n<li><em>Vielf\u00e4ltige Themensammlungen<\/em> &#8211; F\u00fcnf einzigartige Alben sind enthalten: Tiere, Lebensmittel, Au\u00dfenbereiche, Fahrzeuge und Prinzessinnen, mit denen unterschiedliche Malinteressen befriedigt werden.<\/li>\n<li><em>Benutzerfreundliches Design<\/em> &#8211; Es wurde eine einfache, aber ansprechende Benutzeroberfl\u00e4che implementiert, die sofortigen Genuss ohne Lernkurve erm\u00f6glicht.<\/li>\n<li><em>Nahtlose Navigation<\/em> &#8211; Ein intuitives Navigationssystem ist integriert, mit dem das Wechseln zwischen Illustrationen und Sammlungen m\u00fchelos erm\u00f6glicht wird.<\/li>\n<\/ul>\n<p>&nbsp;<\/p>\n<p>K\u00fcnstlerischer Ausdruck kann von Koloristen aller F\u00e4higkeitsstufen genossen werden, vom Anf\u00e4nger bis zum erfahrenen K\u00fcnstler. Stunden kreativer Entspannung werden durch dieses durchdacht gestaltete Malabenteuer geboten, bei dem der Fantasie freien Lauf gelassen und k\u00fcnstlerische F\u00e4higkeiten im eigenen Tempo entwickelt werden.<\/p>\n","protected":false},"excerpt":{"rendered":"<p>Tauchen Sie ein in eine Welt voller leuchtender Farben und entz\u00fcckender Themen mit unserem Malbuch &#8211; Perfekt f\u00fcr alle Altersgruppen, es bietet endlose kreative M\u00f6glichkeiten, sich auszudr\u00fccken und zu entspannen.<\/p>\n","protected":false},"author":320,"featured_media":126855,"comment_status":"open","ping_status":"closed","template":"","meta":{"_acf_changed":false,"inline_featured_image":false},"product_brand":[],"product_cat":[185,201],"product_tag":[289],"class_list":{"0":"post-126893","1":"product","2":"type-product","3":"status-publish","4":"has-post-thumbnail","6":"product_cat-paint-by-numbers-series-de","7":"product_cat-removed-content-de","8":"product_tag-play-on-pc-de","10":"first","11":"instock","12":"shipping-taxable","13":"purchasable","14":"product-type-simple"},"acf":[],"yoast_head":"<!-- This site is optimized with the Yoast SEO Premium plugin v25.2 (Yoast SEO v25.2) - https:\/\/yoast.com\/wordpress\/plugins\/seo\/ -->\n<title>Malbuch: Lebendiger Spa\u00df mit entz\u00fcckenden Themen und Kreativit\u00e4t<\/title>\n<meta name=\"description\" content=\"Tauchen Sie ein in eine Welt voller leuchtender Farben und entz\u00fcckender Themen mit unserem Malbuch - Perfekt f\u00fcr alle Altersgruppen, es bietet endlose kreative M\u00f6glichkeiten, sich auszudr\u00fccken und zu entspannen.\" \/>\n<meta name=\"robots\" content=\"index, follow, max-snippet:-1, max-image-preview:large, max-video-preview:-1\" \/>\n<link rel=\"canonical\" href=\"https:\/\/www.iplay.com\/de\/games\/coloring-book\/\" \/>\n<meta property=\"og:locale\" content=\"de_DE\" \/>\n<meta property=\"og:type\" content=\"article\" \/>\n<meta property=\"og:title\" content=\"Coloring Book\" \/>\n<meta property=\"og:description\" content=\"Tauchen Sie ein in eine Welt voller leuchtender Farben und entz\u00fcckender Themen mit unserem Malbuch - Perfekt f\u00fcr alle Altersgruppen, es bietet endlose kreative M\u00f6glichkeiten, sich auszudr\u00fccken und zu entspannen.\" \/>\n<meta property=\"og:url\" content=\"https:\/\/www.iplay.com\/de\/games\/coloring-book\/\" \/>\n<meta property=\"og:site_name\" content=\"IPlay\" \/>\n<meta property=\"og:image\" content=\"https:\/\/www.iplay.com\/wp-content\/uploads\/2025\/03\/coloring_book_large_video_screenshot.webp\" \/>\n\t<meta property=\"og:image:width\" content=\"715\" \/>\n\t<meta property=\"og:image:height\" content=\"485\" \/>\n\t<meta property=\"og:image:type\" content=\"image\/webp\" \/>\n<meta name=\"twitter:card\" content=\"summary_large_image\" \/>\n<meta name=\"twitter:label1\" content=\"Gesch\u00e4tzte Lesezeit\" \/>\n\t<meta name=\"twitter:data1\" content=\"1 Minute\" \/>\n<script type=\"application\/ld+json\" class=\"yoast-schema-graph\">{\"@context\":\"https:\/\/schema.org\",\"@graph\":[{\"@type\":\"WebPage\",\"@id\":\"https:\/\/www.iplay.com\/de\/games\/coloring-book\/\",\"url\":\"https:\/\/www.iplay.com\/de\/games\/coloring-book\/\",\"name\":\"Malbuch: Lebendiger Spa\u00df mit entz\u00fcckenden Themen und Kreativit\u00e4t\",\"isPartOf\":{\"@id\":\"https:\/\/www.iplay.com\/en\/#website\"},\"primaryImageOfPage\":{\"@id\":\"https:\/\/www.iplay.com\/de\/games\/coloring-book\/#primaryimage\"},\"image\":{\"@id\":\"https:\/\/www.iplay.com\/de\/games\/coloring-book\/#primaryimage\"},\"thumbnailUrl\":\"https:\/\/www.iplay.com\/wp-content\/uploads\/2025\/03\/coloring_book_large_square_tile_image.webp\",\"datePublished\":\"2025-03-03T09:30:11+00:00\",\"description\":\"Tauchen Sie ein in eine Welt voller leuchtender Farben und entz\u00fcckender Themen mit unserem Malbuch - Perfekt f\u00fcr alle Altersgruppen, es bietet endlose kreative M\u00f6glichkeiten, sich auszudr\u00fccken und zu entspannen.\",\"breadcrumb\":{\"@id\":\"https:\/\/www.iplay.com\/de\/games\/coloring-book\/#breadcrumb\"},\"inLanguage\":\"de-DE\",\"potentialAction\":[{\"@type\":\"ReadAction\",\"target\":[\"https:\/\/www.iplay.com\/de\/games\/coloring-book\/\"]}]},{\"@type\":\"ImageObject\",\"inLanguage\":\"de-DE\",\"@id\":\"https:\/\/www.iplay.com\/de\/games\/coloring-book\/#primaryimage\",\"url\":\"https:\/\/www.iplay.com\/wp-content\/uploads\/2025\/03\/coloring_book_large_square_tile_image.webp\",\"contentUrl\":\"https:\/\/www.iplay.com\/wp-content\/uploads\/2025\/03\/coloring_book_large_square_tile_image.webp\",\"width\":400,\"height\":400},{\"@type\":\"BreadcrumbList\",\"@id\":\"https:\/\/www.iplay.com\/de\/games\/coloring-book\/#breadcrumb\",\"itemListElement\":[{\"@type\":\"ListItem\",\"position\":1,\"name\":\"Home\",\"item\":\"https:\/\/www.iplay.com\/de\/home-page-2\/\"},{\"@type\":\"ListItem\",\"position\":2,\"name\":\"Shop\",\"item\":\"https:\/\/www.iplay.com\/en\/shop\/\"},{\"@type\":\"ListItem\",\"position\":3,\"name\":\"Coloring Book\"}]},{\"@type\":\"WebSite\",\"@id\":\"https:\/\/www.iplay.com\/en\/#website\",\"url\":\"https:\/\/www.iplay.com\/en\/\",\"name\":\"IPlay\",\"description\":\"The Best Casual Games!\",\"publisher\":{\"@id\":\"https:\/\/www.iplay.com\/en\/#organization\"},\"potentialAction\":[{\"@type\":\"SearchAction\",\"target\":{\"@type\":\"EntryPoint\",\"urlTemplate\":\"https:\/\/www.iplay.com\/en\/?s={search_term_string}\"},\"query-input\":{\"@type\":\"PropertyValueSpecification\",\"valueRequired\":true,\"valueName\":\"search_term_string\"}}],\"inLanguage\":\"de-DE\"},{\"@type\":\"Organization\",\"@id\":\"https:\/\/www.iplay.com\/en\/#organization\",\"name\":\"IPlay\",\"url\":\"https:\/\/www.iplay.com\/en\/\",\"logo\":{\"@type\":\"ImageObject\",\"inLanguage\":\"de-DE\",\"@id\":\"https:\/\/www.iplay.com\/en\/#\/schema\/logo\/image\/\",\"url\":\"https:\/\/www.iplay.com\/wp-content\/uploads\/2023\/11\/Group-6100.svg\",\"contentUrl\":\"https:\/\/www.iplay.com\/wp-content\/uploads\/2023\/11\/Group-6100.svg\",\"width\":98,\"height\":25,\"caption\":\"IPlay\"},\"image\":{\"@id\":\"https:\/\/www.iplay.com\/en\/#\/schema\/logo\/image\/\"}}]}<\/script>\n<!-- \/ Yoast SEO Premium plugin. -->","yoast_head_json":{"title":"Malbuch: Lebendiger Spa\u00df mit entz\u00fcckenden Themen und Kreativit\u00e4t","description":"Tauchen Sie ein in eine Welt voller leuchtender Farben und entz\u00fcckender Themen mit unserem Malbuch - Perfekt f\u00fcr alle Altersgruppen, es bietet endlose kreative M\u00f6glichkeiten, sich auszudr\u00fccken und zu entspannen.","robots":{"index":"index","follow":"follow","max-snippet":"max-snippet:-1","max-image-preview":"max-image-preview:large","max-video-preview":"max-video-preview:-1"},"canonical":"https:\/\/www.iplay.com\/de\/games\/coloring-book\/","og_locale":"de_DE","og_type":"article","og_title":"Coloring Book","og_description":"Tauchen Sie ein in eine Welt voller leuchtender Farben und entz\u00fcckender Themen mit unserem Malbuch - Perfekt f\u00fcr alle Altersgruppen, es bietet endlose kreative M\u00f6glichkeiten, sich auszudr\u00fccken und zu entspannen.","og_url":"https:\/\/www.iplay.com\/de\/games\/coloring-book\/","og_site_name":"IPlay","og_image":[{"width":715,"height":485,"url":"https:\/\/www.iplay.com\/wp-content\/uploads\/2025\/03\/coloring_book_large_video_screenshot.webp","type":"image\/webp"}],"twitter_card":"summary_large_image","twitter_misc":{"Gesch\u00e4tzte Lesezeit":"1 Minute"},"schema":{"@context":"https:\/\/schema.org","@graph":[{"@type":"WebPage","@id":"https:\/\/www.iplay.com\/de\/games\/coloring-book\/","url":"https:\/\/www.iplay.com\/de\/games\/coloring-book\/","name":"Malbuch: Lebendiger Spa\u00df mit entz\u00fcckenden Themen und Kreativit\u00e4t","isPartOf":{"@id":"https:\/\/www.iplay.com\/en\/#website"},"primaryImageOfPage":{"@id":"https:\/\/www.iplay.com\/de\/games\/coloring-book\/#primaryimage"},"image":{"@id":"https:\/\/www.iplay.com\/de\/games\/coloring-book\/#primaryimage"},"thumbnailUrl":"https:\/\/www.iplay.com\/wp-content\/uploads\/2025\/03\/coloring_book_large_square_tile_image.webp","datePublished":"2025-03-03T09:30:11+00:00","description":"Tauchen Sie ein in eine Welt voller leuchtender Farben und entz\u00fcckender Themen mit unserem Malbuch - Perfekt f\u00fcr alle Altersgruppen, es bietet endlose kreative M\u00f6glichkeiten, sich auszudr\u00fccken und zu entspannen.","breadcrumb":{"@id":"https:\/\/www.iplay.com\/de\/games\/coloring-book\/#breadcrumb"},"inLanguage":"de-DE","potentialAction":[{"@type":"ReadAction","target":["https:\/\/www.iplay.com\/de\/games\/coloring-book\/"]}]},{"@type":"ImageObject","inLanguage":"de-DE","@id":"https:\/\/www.iplay.com\/de\/games\/coloring-book\/#primaryimage","url":"https:\/\/www.iplay.com\/wp-content\/uploads\/2025\/03\/coloring_book_large_square_tile_image.webp","contentUrl":"https:\/\/www.iplay.com\/wp-content\/uploads\/2025\/03\/coloring_book_large_square_tile_image.webp","width":400,"height":400},{"@type":"BreadcrumbList","@id":"https:\/\/www.iplay.com\/de\/games\/coloring-book\/#breadcrumb","itemListElement":[{"@type":"ListItem","position":1,"name":"Home","item":"https:\/\/www.iplay.com\/de\/home-page-2\/"},{"@type":"ListItem","position":2,"name":"Shop","item":"https:\/\/www.iplay.com\/en\/shop\/"},{"@type":"ListItem","position":3,"name":"Coloring Book"}]},{"@type":"WebSite","@id":"https:\/\/www.iplay.com\/en\/#website","url":"https:\/\/www.iplay.com\/en\/","name":"IPlay","description":"The Best Casual Games!","publisher":{"@id":"https:\/\/www.iplay.com\/en\/#organization"},"potentialAction":[{"@type":"SearchAction","target":{"@type":"EntryPoint","urlTemplate":"https:\/\/www.iplay.com\/en\/?s={search_term_string}"},"query-input":{"@type":"PropertyValueSpecification","valueRequired":true,"valueName":"search_term_string"}}],"inLanguage":"de-DE"},{"@type":"Organization","@id":"https:\/\/www.iplay.com\/en\/#organization","name":"IPlay","url":"https:\/\/www.iplay.com\/en\/","logo":{"@type":"ImageObject","inLanguage":"de-DE","@id":"https:\/\/www.iplay.com\/en\/#\/schema\/logo\/image\/","url":"https:\/\/www.iplay.com\/wp-content\/uploads\/2023\/11\/Group-6100.svg","contentUrl":"https:\/\/www.iplay.com\/wp-content\/uploads\/2023\/11\/Group-6100.svg","width":98,"height":25,"caption":"IPlay"},"image":{"@id":"https:\/\/www.iplay.com\/en\/#\/schema\/logo\/image\/"}}]}},"_links":{"self":[{"href":"https:\/\/www.iplay.com\/de\/wp-json\/wp\/v2\/product\/126893","targetHints":{"allow":["GET"]}}],"collection":[{"href":"https:\/\/www.iplay.com\/de\/wp-json\/wp\/v2\/product"}],"about":[{"href":"https:\/\/www.iplay.com\/de\/wp-json\/wp\/v2\/types\/product"}],"author":[{"embeddable":true,"href":"https:\/\/www.iplay.com\/de\/wp-json\/wp\/v2\/users\/320"}],"replies":[{"embeddable":true,"href":"https:\/\/www.iplay.com\/de\/wp-json\/wp\/v2\/comments?post=126893"}],"wp:featuredmedia":[{"embeddable":true,"href":"https:\/\/www.iplay.com\/de\/wp-json\/wp\/v2\/media\/126855"}],"wp:attachment":[{"href":"https:\/\/www.iplay.com\/de\/wp-json\/wp\/v2\/media?parent=126893"}],"wp:term":[{"taxonomy":"product_brand","embeddable":true,"href":"https:\/\/www.iplay.com\/de\/wp-json\/wp\/v2\/product_brand?post=126893"},{"taxonomy":"product_cat","embeddable":true,"href":"https:\/\/www.iplay.com\/de\/wp-json\/wp\/v2\/product_cat?post=126893"},{"taxonomy":"product_tag","embeddable":true,"href":"https:\/\/www.iplay.com\/de\/wp-json\/wp\/v2\/product_tag?post=126893"}],"curies":[{"name":"wp","href":"https:\/\/api.w.org\/{rel}","templated":true}]}}